{"id":16815,"date":"2025-06-10T16:48:29","date_gmt":"2025-06-10T16:48:29","guid":{"rendered":"https:\/\/vitablanca.ma\/product\/denti-smile-poudre-blancheur-au-charbon-coco-15g\/"},"modified":"2025-06-10T16:48:29","modified_gmt":"2025-06-10T16:48:29","slug":"denti-smile-poudre-blancheur-au-charbon-coco-15g","status":"publish","type":"product","link":"https:\/\/vitablanca.ma\/en\/product\/denti-smile-poudre-blancheur-au-charbon-coco-15g\/","title":{"rendered":"Denti-smile whitening powder with coconut charcoal 15g"},"content":{"rendered":"<h2 data-mce-fragment=\"1\"><strong data-mce-fragment=\"1\">Denti-smile whitening powder with coconut charcoal\u00a0<span data-mce-fragment=\"1\">contributes to the<\/span><span data-mce-fragment=\"1\">\u00a0<\/span><span data-mce-fragment=\"1\">strengthening teeth.\u00a0<\/span><\/strong><\/h2>\n<p data-mce-fragment=\"1\"><strong data-mce-fragment=\"1\">powder toothpaste<\/strong><span data-mce-fragment=\"1\">\u00a0<\/span><strong data-mce-fragment=\"1\">activated charcoal and coconut oil<\/strong><span data-mce-fragment=\"1\">\u00a0<\/span>whitens teeth and removes stains<span data-mce-fragment=\"1\">\u00a0<\/span>coffee and others. Our toothpaste contains hydroxyapatite, an anti-cavity agent that contributes to<span data-mce-fragment=\"1\">\u00a0<\/span>strengthening teeth.\u00a0<\/p>\n<p data-mce-fragment=\"1\">Thanks to its natural ingredients of vegetable charcoal and coconut oil, this powdered toothpaste contributes to healthy dental hygiene. Its use helps to bring out the brightness of your smile and also smooth your teeth by removing stubborn stains.<\/p>\n<p><strong>THREE FLAVORS TO CHOOSE FROM: LEMON \/ RED FRUIT \/ MINT<\/strong><br data-mce-fragment=\"1\"><br data-mce-fragment=\"1\"><em data-mce-fragment=\"1\">Directions for use <\/em><\/p>\n<p data-mce-fragment=\"1\"><em data-mce-fragment=\"1\">Our pouring cap makes it easy to use and apply to your toothbrush. It&#039;s recommended to use it 2 to 3 times a week before your regular brushing routine. Getting used to doing this also helps protect yourself from cavities.<\/em><\/p>\n<h3 data-mce-fragment=\"1\">Ingredients<\/h3>\n<p data-mce-fragment=\"1\">Illite, CI 77268:1, kaolin, sodium bicarbonate, montmorillonite, mentha viridis, leaf oil, hydroxyapatite, citric acid, menthol, xanthan gum, hydrogenated coconut oil, limonene.<\/p>","protected":false},"excerpt":{"rendered":"<p>Denti-smile poudre blancheur au charbon coco\u00a0contribue au\u00a0renforcement des dents.\u00a0 dentifrice en poudre au\u00a0charbon v\u00e9g\u00e9tal actif et huile de coco\u00a0blanchit les dents et gomme les t\u00e2ches\u00a0de caf\u00e9 et autres. Notre dentifrice contient l&rsquo;hydroxyapatite, un agent anti-carie qui contribue au\u00a0renforcement des dents.\u00a0 Gr\u00e2ce \u00e0 ses composants naturels de charbon v\u00e9g\u00e9tal et d&rsquo;huile de coco, ce dentifrice en [&hellip;]<\/p>\n","protected":false},"featured_media":16810,"template":"","meta":{"om_disable_all_campaigns":false},"product_brand":[],"product_cat":[15],"product_tag":[],"class_list":{"0":"post-16815","1":"product","2":"type-product","3":"status-publish","4":"has-post-thumbnail","6":"product_cat-beaute-sante-complements-alimentaires-soins-et-bien-etre-au-meilleur-prix","8":"first","9":"instock","10":"sale","11":"taxable","12":"shipping-taxable","13":"purchasable","14":"product-type-variable"},"yoast_head":"<!-- This site is optimized with the Yoast SEO plugin v27.3 - https:\/\/yoast.com\/product\/yoast-seo-wordpress\/ -->\n<title>Denti-smile poudre blancheur au charbon coco 15g - Maroc Prix<\/title>\n<meta name=\"description\" content=\"Denti-smile poudre blancheur au charbon coco 15g\" \/>\n<meta name=\"robots\" content=\"index, follow, max-snippet:-1, max-image-preview:large, max-video-preview:-1\" \/>\n<link rel=\"canonical\" href=\"https:\/\/vitablanca.ma\/en\/product\/denti-smile-poudre-blancheur-au-charbon-coco-15g\/\" \/>\n<meta property=\"og:locale\" content=\"en_US\" \/>\n<meta property=\"og:type\" content=\"article\" \/>\n<meta property=\"og:title\" content=\"Denti-smile poudre blancheur au charbon coco 15g - Maroc Prix\" \/>\n<meta property=\"og:description\" content=\"Denti-smile poudre blancheur au charbon coco 15g\" \/>\n<meta property=\"og:url\" content=\"https:\/\/vitablanca.ma\/en\/product\/denti-smile-poudre-blancheur-au-charbon-coco-15g\/\" \/>\n<meta property=\"og:site_name\" content=\"Vitablanca.ma &ndash; Sant&eacute;, vitalit&eacute; et bien-&ecirc;tre pour tous les Marocains\" \/>\n<meta property=\"article:publisher\" content=\"https:\/\/www.facebook.com\/profile.php?id=61576678196717\" \/>\n<meta property=\"og:image\" content=\"https:\/\/vitablanca.ma\/wp-content\/uploads\/2025\/06\/Denti-smile-poudre-blancheur-au-charbon-coco-15g-nova-prapharmacie-maroc.jpg\" \/>\n\t<meta property=\"og:image:width\" content=\"1000\" \/>\n\t<meta property=\"og:image:height\" content=\"1000\" \/>\n\t<meta property=\"og:image:type\" content=\"image\/jpeg\" \/>\n<meta name=\"twitter:card\" content=\"summary_large_image\" \/>\n<meta name=\"twitter:label1\" content=\"Est. reading time\" \/>\n\t<meta name=\"twitter:data1\" content=\"1 minute\" \/>\n<script type=\"application\/ld+json\" class=\"yoast-schema-graph\">{\"@context\":\"https:\\\/\\\/schema.org\",\"@graph\":[{\"@type\":[\"WebPage\",\"ItemPage\"],\"@id\":\"https:\\\/\\\/vitablanca.ma\\\/produit\\\/denti-smile-poudre-blancheur-au-charbon-coco-15g\\\/\",\"url\":\"https:\\\/\\\/vitablanca.ma\\\/produit\\\/denti-smile-poudre-blancheur-au-charbon-coco-15g\\\/\",\"name\":\"Denti-smile poudre blancheur au charbon coco 15g - Maroc Prix\",\"isPartOf\":{\"@id\":\"https:\\\/\\\/vitablanca.ma\\\/#website\"},\"primaryImageOfPage\":{\"@id\":\"https:\\\/\\\/vitablanca.ma\\\/produit\\\/denti-smile-poudre-blancheur-au-charbon-coco-15g\\\/#primaryimage\"},\"image\":{\"@id\":\"https:\\\/\\\/vitablanca.ma\\\/produit\\\/denti-smile-poudre-blancheur-au-charbon-coco-15g\\\/#primaryimage\"},\"thumbnailUrl\":\"https:\\\/\\\/vitablanca.ma\\\/wp-content\\\/uploads\\\/2025\\\/06\\\/Denti-smile-poudre-blancheur-au-charbon-coco-15g-nova-prapharmacie-maroc.jpg\",\"datePublished\":\"2025-06-10T16:48:29+00:00\",\"description\":\"Denti-smile poudre blancheur au charbon coco 15g\",\"breadcrumb\":{\"@id\":\"https:\\\/\\\/vitablanca.ma\\\/produit\\\/denti-smile-poudre-blancheur-au-charbon-coco-15g\\\/#breadcrumb\"},\"inLanguage\":\"en-US\",\"potentialAction\":[{\"@type\":\"ReadAction\",\"target\":[\"https:\\\/\\\/vitablanca.ma\\\/produit\\\/denti-smile-poudre-blancheur-au-charbon-coco-15g\\\/\"]}]},{\"@type\":\"ImageObject\",\"inLanguage\":\"en-US\",\"@id\":\"https:\\\/\\\/vitablanca.ma\\\/produit\\\/denti-smile-poudre-blancheur-au-charbon-coco-15g\\\/#primaryimage\",\"url\":\"https:\\\/\\\/vitablanca.ma\\\/wp-content\\\/uploads\\\/2025\\\/06\\\/Denti-smile-poudre-blancheur-au-charbon-coco-15g-nova-prapharmacie-maroc.jpg\",\"contentUrl\":\"https:\\\/\\\/vitablanca.ma\\\/wp-content\\\/uploads\\\/2025\\\/06\\\/Denti-smile-poudre-blancheur-au-charbon-coco-15g-nova-prapharmacie-maroc.jpg\",\"width\":1000,\"height\":1000},{\"@type\":\"BreadcrumbList\",\"@id\":\"https:\\\/\\\/vitablanca.ma\\\/produit\\\/denti-smile-poudre-blancheur-au-charbon-coco-15g\\\/#breadcrumb\",\"itemListElement\":[{\"@type\":\"ListItem\",\"position\":1,\"name\":\"Home\",\"item\":\"https:\\\/\\\/vitablanca.ma\\\/\"},{\"@type\":\"ListItem\",\"position\":2,\"name\":\"Tous Les Produits\",\"item\":\"https:\\\/\\\/vitablanca.ma\\\/tous-les-produits\\\/\"},{\"@type\":\"ListItem\",\"position\":3,\"name\":\"Denti-smile poudre blancheur au charbon coco 15g\"}]},{\"@type\":\"WebSite\",\"@id\":\"https:\\\/\\\/vitablanca.ma\\\/#website\",\"url\":\"https:\\\/\\\/vitablanca.ma\\\/\",\"name\":\"VitaBlanca.ma | Compl\u00e9ments alimentaires, sant\u00e9 & beaut\u00e9 au Maroc\",\"description\":\"vendre vitamines et compl\u00e9ments premium des USA &amp; Canada, Nouvelle Z\u00e9lande,Maroc (NOW Foods, Solgar, Manuka). Livraison rapide partout au Maroc.\",\"publisher\":{\"@id\":\"https:\\\/\\\/vitablanca.ma\\\/#organization\"},\"alternateName\":\"VitaBlanca.ma\",\"potentialAction\":[{\"@type\":\"SearchAction\",\"target\":{\"@type\":\"EntryPoint\",\"urlTemplate\":\"https:\\\/\\\/vitablanca.ma\\\/?s={search_term_string}\"},\"query-input\":{\"@type\":\"PropertyValueSpecification\",\"valueRequired\":true,\"valueName\":\"search_term_string\"}}],\"inLanguage\":\"en-US\"},{\"@type\":\"Organization\",\"@id\":\"https:\\\/\\\/vitablanca.ma\\\/#organization\",\"name\":\"VitaBlanca\",\"url\":\"https:\\\/\\\/vitablanca.ma\\\/\",\"logo\":{\"@type\":\"ImageObject\",\"inLanguage\":\"en-US\",\"@id\":\"https:\\\/\\\/vitablanca.ma\\\/#\\\/schema\\\/logo\\\/image\\\/\",\"url\":\"https:\\\/\\\/vitablanca.ma\\\/wp-content\\\/uploads\\\/2025\\\/05\\\/cropped-vitablanca.png\",\"contentUrl\":\"https:\\\/\\\/vitablanca.ma\\\/wp-content\\\/uploads\\\/2025\\\/05\\\/cropped-vitablanca.png\",\"width\":360,\"height\":67,\"caption\":\"VitaBlanca\"},\"image\":{\"@id\":\"https:\\\/\\\/vitablanca.ma\\\/#\\\/schema\\\/logo\\\/image\\\/\"},\"sameAs\":[\"https:\\\/\\\/www.facebook.com\\\/profile.php?id=61576678196717\",\"https:\\\/\\\/www.tiktok.com\\\/@vitablanca.ma\",\"https:\\\/\\\/www.instagram.com\\\/vitablanca.ma\\\/\"]}]}<\/script>\n<!-- \/ Yoast SEO plugin. -->","yoast_head_json":{"title":"Denti-smile whitening powder with coconut charcoal 15g - Morocco Price","description":"Denti-smile whitening powder with coconut charcoal 15g","robots":{"index":"index","follow":"follow","max-snippet":"max-snippet:-1","max-image-preview":"max-image-preview:large","max-video-preview":"max-video-preview:-1"},"canonical":"https:\/\/vitablanca.ma\/en\/product\/denti-smile-poudre-blancheur-au-charbon-coco-15g\/","og_locale":"en_US","og_type":"article","og_title":"Denti-smile poudre blancheur au charbon coco 15g - Maroc Prix","og_description":"Denti-smile poudre blancheur au charbon coco 15g","og_url":"https:\/\/vitablanca.ma\/en\/product\/denti-smile-poudre-blancheur-au-charbon-coco-15g\/","og_site_name":"Vitablanca.ma &ndash; Sant&eacute;, vitalit&eacute; et bien-&ecirc;tre pour tous les Marocains","article_publisher":"https:\/\/www.facebook.com\/profile.php?id=61576678196717","og_image":[{"width":1000,"height":1000,"url":"https:\/\/vitablanca.ma\/wp-content\/uploads\/2025\/06\/Denti-smile-poudre-blancheur-au-charbon-coco-15g-nova-prapharmacie-maroc.jpg","type":"image\/jpeg"}],"twitter_card":"summary_large_image","twitter_misc":{"Est. reading time":"1 minute"},"schema":{"@context":"https:\/\/schema.org","@graph":[{"@type":["WebPage","ItemPage"],"@id":"https:\/\/vitablanca.ma\/produit\/denti-smile-poudre-blancheur-au-charbon-coco-15g\/","url":"https:\/\/vitablanca.ma\/produit\/denti-smile-poudre-blancheur-au-charbon-coco-15g\/","name":"Denti-smile whitening powder with coconut charcoal 15g - Morocco Price","isPartOf":{"@id":"https:\/\/vitablanca.ma\/#website"},"primaryImageOfPage":{"@id":"https:\/\/vitablanca.ma\/produit\/denti-smile-poudre-blancheur-au-charbon-coco-15g\/#primaryimage"},"image":{"@id":"https:\/\/vitablanca.ma\/produit\/denti-smile-poudre-blancheur-au-charbon-coco-15g\/#primaryimage"},"thumbnailUrl":"https:\/\/vitablanca.ma\/wp-content\/uploads\/2025\/06\/Denti-smile-poudre-blancheur-au-charbon-coco-15g-nova-prapharmacie-maroc.jpg","datePublished":"2025-06-10T16:48:29+00:00","description":"Denti-smile whitening powder with coconut charcoal 15g","breadcrumb":{"@id":"https:\/\/vitablanca.ma\/produit\/denti-smile-poudre-blancheur-au-charbon-coco-15g\/#breadcrumb"},"inLanguage":"en-US","potentialAction":[{"@type":"ReadAction","target":["https:\/\/vitablanca.ma\/produit\/denti-smile-poudre-blancheur-au-charbon-coco-15g\/"]}]},{"@type":"ImageObject","inLanguage":"en-US","@id":"https:\/\/vitablanca.ma\/produit\/denti-smile-poudre-blancheur-au-charbon-coco-15g\/#primaryimage","url":"https:\/\/vitablanca.ma\/wp-content\/uploads\/2025\/06\/Denti-smile-poudre-blancheur-au-charbon-coco-15g-nova-prapharmacie-maroc.jpg","contentUrl":"https:\/\/vitablanca.ma\/wp-content\/uploads\/2025\/06\/Denti-smile-poudre-blancheur-au-charbon-coco-15g-nova-prapharmacie-maroc.jpg","width":1000,"height":1000},{"@type":"BreadcrumbList","@id":"https:\/\/vitablanca.ma\/produit\/denti-smile-poudre-blancheur-au-charbon-coco-15g\/#breadcrumb","itemListElement":[{"@type":"ListItem","position":1,"name":"Home","item":"https:\/\/vitablanca.ma\/"},{"@type":"ListItem","position":2,"name":"Tous Les Produits","item":"https:\/\/vitablanca.ma\/tous-les-produits\/"},{"@type":"ListItem","position":3,"name":"Denti-smile poudre blancheur au charbon coco 15g"}]},{"@type":"WebSite","@id":"https:\/\/vitablanca.ma\/#website","url":"https:\/\/vitablanca.ma\/","name":"VitaBlanca.ma | Food supplements, health &amp; beauty in Morocco","description":"sell premium vitamins and supplements from USA &amp; Canada, New Zealand, Morocco (NOW Foods, Solgar, Manuka). Fast delivery anywhere in Morocco.","publisher":{"@id":"https:\/\/vitablanca.ma\/#organization"},"alternateName":"VitaBlanca.ma","potentialAction":[{"@type":"SearchAction","target":{"@type":"EntryPoint","urlTemplate":"https:\/\/vitablanca.ma\/?s={search_term_string}"},"query-input":{"@type":"PropertyValueSpecification","valueRequired":true,"valueName":"search_term_string"}}],"inLanguage":"en-US"},{"@type":"Organization","@id":"https:\/\/vitablanca.ma\/#organization","name":"VitaBlanca","url":"https:\/\/vitablanca.ma\/","logo":{"@type":"ImageObject","inLanguage":"en-US","@id":"https:\/\/vitablanca.ma\/#\/schema\/logo\/image\/","url":"https:\/\/vitablanca.ma\/wp-content\/uploads\/2025\/05\/cropped-vitablanca.png","contentUrl":"https:\/\/vitablanca.ma\/wp-content\/uploads\/2025\/05\/cropped-vitablanca.png","width":360,"height":67,"caption":"VitaBlanca"},"image":{"@id":"https:\/\/vitablanca.ma\/#\/schema\/logo\/image\/"},"sameAs":["https:\/\/www.facebook.com\/profile.php?id=61576678196717","https:\/\/www.tiktok.com\/@vitablanca.ma","https:\/\/www.instagram.com\/vitablanca.ma\/"]}]}},"jetpack_sharing_enabled":true,"_links":{"self":[{"href":"https:\/\/vitablanca.ma\/en\/wp-json\/wp\/v2\/product\/16815","targetHints":{"allow":["GET"]}}],"collection":[{"href":"https:\/\/vitablanca.ma\/en\/wp-json\/wp\/v2\/product"}],"about":[{"href":"https:\/\/vitablanca.ma\/en\/wp-json\/wp\/v2\/types\/product"}],"wp:featuredmedia":[{"embeddable":true,"href":"https:\/\/vitablanca.ma\/en\/wp-json\/wp\/v2\/media\/16810"}],"wp:attachment":[{"href":"https:\/\/vitablanca.ma\/en\/wp-json\/wp\/v2\/media?parent=16815"}],"wp:term":[{"taxonomy":"product_brand","embeddable":true,"href":"https:\/\/vitablanca.ma\/en\/wp-json\/wp\/v2\/product_brand?post=16815"},{"taxonomy":"product_cat","embeddable":true,"href":"https:\/\/vitablanca.ma\/en\/wp-json\/wp\/v2\/product_cat?post=16815"},{"taxonomy":"product_tag","embeddable":true,"href":"https:\/\/vitablanca.ma\/en\/wp-json\/wp\/v2\/product_tag?post=16815"}],"curies":[{"name":"wp","href":"https:\/\/api.w.org\/{rel}","templated":true}]}}