{"id":16812,"date":"2025-06-10T16:48:27","date_gmt":"2025-06-10T16:48:27","guid":{"rendered":"https:\/\/vitablanca.ma\/product\/curasept-proxi-angle-brossettes-interdentaires-p08\/"},"modified":"2025-06-10T16:48:27","modified_gmt":"2025-06-10T16:48:27","slug":"curasept-proxi-angle-brossettes-interdentaires-p08","status":"publish","type":"product","link":"https:\/\/vitablanca.ma\/en\/product\/curasept-proxi-angle-brossettes-interdentaires-p08\/","title":{"rendered":"Curasept Proxi Angle Interdental Brushes P08"},"content":{"rendered":"<h2 data-mce-fragment=\"1\">Curasept Proxi Angle Interdental Brushes\u00a0<span data-mce-fragment=\"1\">for optimal cleaning of large spaces<\/span><br \/>\n<\/h2>\n<h3 data-mce-fragment=\"1\">Angle Prevention Interdental Brush<\/h3>\n<p data-mce-fragment=\"1\">Ideal for primary prevention<\/p>\n<ul data-mce-fragment=\"1\">\n<li data-mce-fragment=\"1\">Soft and effective interdental brushes for standard interdental spaces, even the narrowest ones<\/li>\n<li data-mce-fragment=\"1\">5 brush sizes from P0.6mm to P1.1mm<\/li>\n<\/ul>\n<h3 data-mce-fragment=\"1\">Angle Treatment Interdental Brush<\/h3>\n<p data-mce-fragment=\"1\">Indicated for secondary prevention<\/p>\n<ul data-mce-fragment=\"1\">\n<li data-mce-fragment=\"1\">6 references available from T1mm to T1.7mm<\/li>\n<li data-mce-fragment=\"1\">Effective and safe for optimal cleaning of large interdental spaces linked to dental malpositions, periodontal treatments, implant placements?\u2026<\/li>\n<\/ul>\n<h3 data-mce-fragment=\"1\">The strong points of Curasept Proxi Angle interdental brushes<\/h3>\n<ul data-mce-fragment=\"1\">\n<li data-mce-fragment=\"1\">Angled Version: Facilitates cleaning of the posterior interproximal space.<\/li>\n<li data-mce-fragment=\"1\">Resistance and efficiency: ultra-thin, resistant, flexible and atraumatic metal rod.<\/li>\n<li data-mce-fragment=\"1\">Flexibility: Ultra-flexible and very long nylon bristles fill the entire interdental space for optimal cleaning in a single round trip.<\/li>\n<li data-mce-fragment=\"1\">Safety: Internal rod locking system to ensure absolute safety and stability.<\/li>\n<li data-mce-fragment=\"1\">Easy to identify: The diameter of the brush is indicated on the handle, from 0.6mm to 3.3mm.<\/li>\n<li data-mce-fragment=\"1\">Practical: the cap can be used as an extension of the handle.<\/li>\n<li data-mce-fragment=\"1\">Ergonomic: ergonomic, non-slip handle for a good grip and ease of movement.<\/li>\n<li data-mce-fragment=\"1\">Safe stop system: Unique and innovative protective tip, it also prevents gum irritation, ensures good stability of the rod and improves control of the brush.<\/li>\n<\/ul>","protected":false},"excerpt":{"rendered":"<p>Curasept Proxi Angle Brossettes interdentaires\u00a0pour un nettoyages optimal des grands espaces Brossette interdentaire Angle Pr\u00e9vention Id\u00e9ale pour de la pr\u00e9vention primaire Brossettes interdentaires douces et efficaces pour les espaces interdentaires standards, m\u00eame les plus \u00e9troits 5 tailles de brossettes de P0,6mm \u00e0 P1,1mm Brossette interdentaire Angle Traitement Indiqu\u00e9es pour la pr\u00e9vention secondaire 6 r\u00e9f\u00e9rences disponibles [&hellip;]<\/p>\n","protected":false},"featured_media":16809,"template":"","meta":{"om_disable_all_campaigns":false},"product_brand":[],"product_cat":[15],"product_tag":[],"class_list":{"0":"post-16812","1":"product","2":"type-product","3":"status-publish","4":"has-post-thumbnail","6":"product_cat-beaute-sante-complements-alimentaires-soins-et-bien-etre-au-meilleur-prix","8":"first","9":"instock","10":"sale","11":"taxable","12":"shipping-taxable","13":"purchasable","14":"product-type-simple"},"yoast_head":"<!-- This site is optimized with the Yoast SEO plugin v27.3 - https:\/\/yoast.com\/product\/yoast-seo-wordpress\/ -->\n<title>Curasept Proxi Angle Brossettes interdentaires P08 - Maroc Prix<\/title>\n<meta name=\"description\" content=\"Curasept Proxi Angle Brossettes interdentaires P08\" \/>\n<meta name=\"robots\" content=\"index, follow, max-snippet:-1, max-image-preview:large, max-video-preview:-1\" \/>\n<link rel=\"canonical\" href=\"https:\/\/vitablanca.ma\/en\/product\/curasept-proxi-angle-brossettes-interdentaires-p08\/\" \/>\n<meta property=\"og:locale\" content=\"en_US\" \/>\n<meta property=\"og:type\" content=\"article\" \/>\n<meta property=\"og:title\" content=\"Curasept Proxi Angle Brossettes interdentaires P08 - Maroc Prix\" \/>\n<meta property=\"og:description\" content=\"Curasept Proxi Angle Brossettes interdentaires P08\" \/>\n<meta property=\"og:url\" content=\"https:\/\/vitablanca.ma\/en\/product\/curasept-proxi-angle-brossettes-interdentaires-p08\/\" \/>\n<meta property=\"og:site_name\" content=\"Vitablanca.ma &ndash; Sant&eacute;, vitalit&eacute; et bien-&ecirc;tre pour tous les Marocains\" \/>\n<meta property=\"article:publisher\" content=\"https:\/\/www.facebook.com\/profile.php?id=61576678196717\" \/>\n<meta property=\"og:image\" content=\"https:\/\/vitablanca.ma\/wp-content\/uploads\/2025\/06\/Curasept-Proxi-Angle-Brossettes-interdentaires-P08-nova-parapharmacie-maroc.png\" \/>\n\t<meta property=\"og:image:width\" content=\"1000\" \/>\n\t<meta property=\"og:image:height\" content=\"1000\" \/>\n\t<meta property=\"og:image:type\" content=\"image\/png\" \/>\n<meta name=\"twitter:card\" content=\"summary_large_image\" \/>\n<meta name=\"twitter:label1\" content=\"Est. reading time\" \/>\n\t<meta name=\"twitter:data1\" content=\"1 minute\" \/>\n<script type=\"application\/ld+json\" class=\"yoast-schema-graph\">{\"@context\":\"https:\\\/\\\/schema.org\",\"@graph\":[{\"@type\":[\"WebPage\",\"ItemPage\"],\"@id\":\"https:\\\/\\\/vitablanca.ma\\\/produit\\\/curasept-proxi-angle-brossettes-interdentaires-p08\\\/\",\"url\":\"https:\\\/\\\/vitablanca.ma\\\/produit\\\/curasept-proxi-angle-brossettes-interdentaires-p08\\\/\",\"name\":\"Curasept Proxi Angle Brossettes interdentaires P08 - Maroc Prix\",\"isPartOf\":{\"@id\":\"https:\\\/\\\/vitablanca.ma\\\/#website\"},\"primaryImageOfPage\":{\"@id\":\"https:\\\/\\\/vitablanca.ma\\\/produit\\\/curasept-proxi-angle-brossettes-interdentaires-p08\\\/#primaryimage\"},\"image\":{\"@id\":\"https:\\\/\\\/vitablanca.ma\\\/produit\\\/curasept-proxi-angle-brossettes-interdentaires-p08\\\/#primaryimage\"},\"thumbnailUrl\":\"https:\\\/\\\/vitablanca.ma\\\/wp-content\\\/uploads\\\/2025\\\/06\\\/Curasept-Proxi-Angle-Brossettes-interdentaires-P08-nova-parapharmacie-maroc.png\",\"datePublished\":\"2025-06-10T16:48:27+00:00\",\"description\":\"Curasept Proxi Angle Brossettes interdentaires P08\",\"breadcrumb\":{\"@id\":\"https:\\\/\\\/vitablanca.ma\\\/produit\\\/curasept-proxi-angle-brossettes-interdentaires-p08\\\/#breadcrumb\"},\"inLanguage\":\"en-US\",\"potentialAction\":[{\"@type\":\"ReadAction\",\"target\":[\"https:\\\/\\\/vitablanca.ma\\\/produit\\\/curasept-proxi-angle-brossettes-interdentaires-p08\\\/\"]}]},{\"@type\":\"ImageObject\",\"inLanguage\":\"en-US\",\"@id\":\"https:\\\/\\\/vitablanca.ma\\\/produit\\\/curasept-proxi-angle-brossettes-interdentaires-p08\\\/#primaryimage\",\"url\":\"https:\\\/\\\/vitablanca.ma\\\/wp-content\\\/uploads\\\/2025\\\/06\\\/Curasept-Proxi-Angle-Brossettes-interdentaires-P08-nova-parapharmacie-maroc.png\",\"contentUrl\":\"https:\\\/\\\/vitablanca.ma\\\/wp-content\\\/uploads\\\/2025\\\/06\\\/Curasept-Proxi-Angle-Brossettes-interdentaires-P08-nova-parapharmacie-maroc.png\",\"width\":1000,\"height\":1000},{\"@type\":\"BreadcrumbList\",\"@id\":\"https:\\\/\\\/vitablanca.ma\\\/produit\\\/curasept-proxi-angle-brossettes-interdentaires-p08\\\/#breadcrumb\",\"itemListElement\":[{\"@type\":\"ListItem\",\"position\":1,\"name\":\"Home\",\"item\":\"https:\\\/\\\/vitablanca.ma\\\/\"},{\"@type\":\"ListItem\",\"position\":2,\"name\":\"Tous Les Produits\",\"item\":\"https:\\\/\\\/vitablanca.ma\\\/tous-les-produits\\\/\"},{\"@type\":\"ListItem\",\"position\":3,\"name\":\"Curasept Proxi Angle Brossettes interdentaires P08\"}]},{\"@type\":\"WebSite\",\"@id\":\"https:\\\/\\\/vitablanca.ma\\\/#website\",\"url\":\"https:\\\/\\\/vitablanca.ma\\\/\",\"name\":\"VitaBlanca.ma | Compl\u00e9ments alimentaires, sant\u00e9 & beaut\u00e9 au Maroc\",\"description\":\"vendre vitamines et compl\u00e9ments premium des USA &amp; Canada, Nouvelle Z\u00e9lande,Maroc (NOW Foods, Solgar, Manuka). Livraison rapide partout au Maroc.\",\"publisher\":{\"@id\":\"https:\\\/\\\/vitablanca.ma\\\/#organization\"},\"alternateName\":\"VitaBlanca.ma\",\"potentialAction\":[{\"@type\":\"SearchAction\",\"target\":{\"@type\":\"EntryPoint\",\"urlTemplate\":\"https:\\\/\\\/vitablanca.ma\\\/?s={search_term_string}\"},\"query-input\":{\"@type\":\"PropertyValueSpecification\",\"valueRequired\":true,\"valueName\":\"search_term_string\"}}],\"inLanguage\":\"en-US\"},{\"@type\":\"Organization\",\"@id\":\"https:\\\/\\\/vitablanca.ma\\\/#organization\",\"name\":\"VitaBlanca\",\"url\":\"https:\\\/\\\/vitablanca.ma\\\/\",\"logo\":{\"@type\":\"ImageObject\",\"inLanguage\":\"en-US\",\"@id\":\"https:\\\/\\\/vitablanca.ma\\\/#\\\/schema\\\/logo\\\/image\\\/\",\"url\":\"https:\\\/\\\/vitablanca.ma\\\/wp-content\\\/uploads\\\/2025\\\/05\\\/cropped-vitablanca.png\",\"contentUrl\":\"https:\\\/\\\/vitablanca.ma\\\/wp-content\\\/uploads\\\/2025\\\/05\\\/cropped-vitablanca.png\",\"width\":360,\"height\":67,\"caption\":\"VitaBlanca\"},\"image\":{\"@id\":\"https:\\\/\\\/vitablanca.ma\\\/#\\\/schema\\\/logo\\\/image\\\/\"},\"sameAs\":[\"https:\\\/\\\/www.facebook.com\\\/profile.php?id=61576678196717\",\"https:\\\/\\\/www.tiktok.com\\\/@vitablanca.ma\",\"https:\\\/\\\/www.instagram.com\\\/vitablanca.ma\\\/\"]}]}<\/script>\n<!-- \/ Yoast SEO plugin. -->","yoast_head_json":{"title":"Curasept Proxi Angle Interdental Brushes P08 - Morocco Price","description":"Curasept Proxi Angle Interdental Brushes P08","robots":{"index":"index","follow":"follow","max-snippet":"max-snippet:-1","max-image-preview":"max-image-preview:large","max-video-preview":"max-video-preview:-1"},"canonical":"https:\/\/vitablanca.ma\/en\/product\/curasept-proxi-angle-brossettes-interdentaires-p08\/","og_locale":"en_US","og_type":"article","og_title":"Curasept Proxi Angle Brossettes interdentaires P08 - Maroc Prix","og_description":"Curasept Proxi Angle Brossettes interdentaires P08","og_url":"https:\/\/vitablanca.ma\/en\/product\/curasept-proxi-angle-brossettes-interdentaires-p08\/","og_site_name":"Vitablanca.ma &ndash; Sant&eacute;, vitalit&eacute; et bien-&ecirc;tre pour tous les Marocains","article_publisher":"https:\/\/www.facebook.com\/profile.php?id=61576678196717","og_image":[{"width":1000,"height":1000,"url":"https:\/\/vitablanca.ma\/wp-content\/uploads\/2025\/06\/Curasept-Proxi-Angle-Brossettes-interdentaires-P08-nova-parapharmacie-maroc.png","type":"image\/png"}],"twitter_card":"summary_large_image","twitter_misc":{"Est. reading time":"1 minute"},"schema":{"@context":"https:\/\/schema.org","@graph":[{"@type":["WebPage","ItemPage"],"@id":"https:\/\/vitablanca.ma\/produit\/curasept-proxi-angle-brossettes-interdentaires-p08\/","url":"https:\/\/vitablanca.ma\/produit\/curasept-proxi-angle-brossettes-interdentaires-p08\/","name":"Curasept Proxi Angle Interdental Brushes P08 - Morocco Price","isPartOf":{"@id":"https:\/\/vitablanca.ma\/#website"},"primaryImageOfPage":{"@id":"https:\/\/vitablanca.ma\/produit\/curasept-proxi-angle-brossettes-interdentaires-p08\/#primaryimage"},"image":{"@id":"https:\/\/vitablanca.ma\/produit\/curasept-proxi-angle-brossettes-interdentaires-p08\/#primaryimage"},"thumbnailUrl":"https:\/\/vitablanca.ma\/wp-content\/uploads\/2025\/06\/Curasept-Proxi-Angle-Brossettes-interdentaires-P08-nova-parapharmacie-maroc.png","datePublished":"2025-06-10T16:48:27+00:00","description":"Curasept Proxi Angle Interdental Brushes P08","breadcrumb":{"@id":"https:\/\/vitablanca.ma\/produit\/curasept-proxi-angle-brossettes-interdentaires-p08\/#breadcrumb"},"inLanguage":"en-US","potentialAction":[{"@type":"ReadAction","target":["https:\/\/vitablanca.ma\/produit\/curasept-proxi-angle-brossettes-interdentaires-p08\/"]}]},{"@type":"ImageObject","inLanguage":"en-US","@id":"https:\/\/vitablanca.ma\/produit\/curasept-proxi-angle-brossettes-interdentaires-p08\/#primaryimage","url":"https:\/\/vitablanca.ma\/wp-content\/uploads\/2025\/06\/Curasept-Proxi-Angle-Brossettes-interdentaires-P08-nova-parapharmacie-maroc.png","contentUrl":"https:\/\/vitablanca.ma\/wp-content\/uploads\/2025\/06\/Curasept-Proxi-Angle-Brossettes-interdentaires-P08-nova-parapharmacie-maroc.png","width":1000,"height":1000},{"@type":"BreadcrumbList","@id":"https:\/\/vitablanca.ma\/produit\/curasept-proxi-angle-brossettes-interdentaires-p08\/#breadcrumb","itemListElement":[{"@type":"ListItem","position":1,"name":"Home","item":"https:\/\/vitablanca.ma\/"},{"@type":"ListItem","position":2,"name":"Tous Les Produits","item":"https:\/\/vitablanca.ma\/tous-les-produits\/"},{"@type":"ListItem","position":3,"name":"Curasept Proxi Angle Brossettes interdentaires P08"}]},{"@type":"WebSite","@id":"https:\/\/vitablanca.ma\/#website","url":"https:\/\/vitablanca.ma\/","name":"VitaBlanca.ma | Food supplements, health &amp; beauty in Morocco","description":"sell premium vitamins and supplements from USA &amp; Canada, New Zealand, Morocco (NOW Foods, Solgar, Manuka). Fast delivery anywhere in Morocco.","publisher":{"@id":"https:\/\/vitablanca.ma\/#organization"},"alternateName":"VitaBlanca.ma","potentialAction":[{"@type":"SearchAction","target":{"@type":"EntryPoint","urlTemplate":"https:\/\/vitablanca.ma\/?s={search_term_string}"},"query-input":{"@type":"PropertyValueSpecification","valueRequired":true,"valueName":"search_term_string"}}],"inLanguage":"en-US"},{"@type":"Organization","@id":"https:\/\/vitablanca.ma\/#organization","name":"VitaBlanca","url":"https:\/\/vitablanca.ma\/","logo":{"@type":"ImageObject","inLanguage":"en-US","@id":"https:\/\/vitablanca.ma\/#\/schema\/logo\/image\/","url":"https:\/\/vitablanca.ma\/wp-content\/uploads\/2025\/05\/cropped-vitablanca.png","contentUrl":"https:\/\/vitablanca.ma\/wp-content\/uploads\/2025\/05\/cropped-vitablanca.png","width":360,"height":67,"caption":"VitaBlanca"},"image":{"@id":"https:\/\/vitablanca.ma\/#\/schema\/logo\/image\/"},"sameAs":["https:\/\/www.facebook.com\/profile.php?id=61576678196717","https:\/\/www.tiktok.com\/@vitablanca.ma","https:\/\/www.instagram.com\/vitablanca.ma\/"]}]}},"jetpack_sharing_enabled":true,"_links":{"self":[{"href":"https:\/\/vitablanca.ma\/en\/wp-json\/wp\/v2\/product\/16812","targetHints":{"allow":["GET"]}}],"collection":[{"href":"https:\/\/vitablanca.ma\/en\/wp-json\/wp\/v2\/product"}],"about":[{"href":"https:\/\/vitablanca.ma\/en\/wp-json\/wp\/v2\/types\/product"}],"wp:featuredmedia":[{"embeddable":true,"href":"https:\/\/vitablanca.ma\/en\/wp-json\/wp\/v2\/media\/16809"}],"wp:attachment":[{"href":"https:\/\/vitablanca.ma\/en\/wp-json\/wp\/v2\/media?parent=16812"}],"wp:term":[{"taxonomy":"product_brand","embeddable":true,"href":"https:\/\/vitablanca.ma\/en\/wp-json\/wp\/v2\/product_brand?post=16812"},{"taxonomy":"product_cat","embeddable":true,"href":"https:\/\/vitablanca.ma\/en\/wp-json\/wp\/v2\/product_cat?post=16812"},{"taxonomy":"product_tag","embeddable":true,"href":"https:\/\/vitablanca.ma\/en\/wp-json\/wp\/v2\/product_tag?post=16812"}],"curies":[{"name":"wp","href":"https:\/\/api.w.org\/{rel}","templated":true}]}}