{"id":16783,"date":"2025-06-10T16:47:52","date_gmt":"2025-06-10T16:47:52","guid":{"rendered":"https:\/\/vitablanca.ma\/product\/daylong-50-extreme-fluide-sensitive-50ml\/"},"modified":"2025-06-10T16:47:52","modified_gmt":"2025-06-10T16:47:52","slug":"daylong-50-extreme-fluide-sensitive-50ml","status":"publish","type":"product","link":"https:\/\/vitablanca.ma\/en\/product\/daylong-50-extreme-fluide-sensitive-50ml\/","title":{"rendered":"Daylong 50+ Extreme Sensitive Fluid 50ml"},"content":{"rendered":"<h2>Daylong 50+ Extreme Sensitive Fluid a<span data-mce-fragment=\"1\">helps prevent cell damage and premature skin aging<\/span><br \/>\n<\/h2>\n<p><strong data-mce-fragment=\"1\">Daylong<strong class=\"original\" data-mce-fragment=\"1\">\u2122<\/strong><span data-mce-fragment=\"1\">\u00a0<\/span>sensitive face SPF 50+\u00a0<\/strong>is a light, non-greasy fluid which, with its additional mineral filter and innovative formula (without fatty oils and emulsifiers), offers very high sun protection to very sensitive and sun-intolerant skin.<\/p>\n<div class=\"product-content\" data-mce-fragment=\"1\"><\/div>\n<h3 class=\"product-content\" data-mce-fragment=\"1\"><strong data-mce-fragment=\"1\">Directions:<\/strong><\/h3>\n<div class=\"product-content\" data-mce-fragment=\"1\">\n<ul data-mce-fragment=\"1\">\n<li>Skin allergic to the sun<\/li>\n<li data-mce-fragment=\"1\">Combination, oily, acne-prone skin<\/li>\n<li data-mce-fragment=\"1\">Very sensitive skin<\/li>\n<li data-mce-fragment=\"1\">Face<\/li>\n<\/ul>\n<div data-mce-fragment=\"1\"><br data-mce-fragment=\"1\"><\/div>\n<\/div>\n<h3 class=\"product-content\" data-mce-fragment=\"1\"><strong data-mce-fragment=\"1\">Properties:<\/strong><\/h3>\n<div class=\"product-content\" data-mce-fragment=\"1\">\n<ul data-mce-fragment=\"1\">\n<li>Very high SPF 50+ protection with broad spectrum photostable filters against UVA\/UVB<\/li>\n<li data-mce-fragment=\"1\">Additional mineral filter<\/li>\n<li data-mce-fragment=\"1\">Free from emulsifiers and fatty oils that cause discomfort for oily skin and irritation for skin allergic to the sun<\/li>\n<li data-mce-fragment=\"1\">Helps prevent cell damage and premature skin aging induced by UVA, UVB and infrared (IR) rays<\/li>\n<li data-mce-fragment=\"1\">High tolerance: hypoallergenic, fragrance-free, paraben-free, octocrylene-free, preservative-free. 90% demonstrated good skin tolerance in people prone to benign summer light eruption*. Tested under dermatological control.<\/li>\n<\/ul>\n<\/div>\n<h3 class=\"product-content\" data-mce-fragment=\"1\"><strong data-mce-fragment=\"1\">Pleasure and comfort of use:<\/strong><\/h3>\n<div class=\"product-content\" data-mce-fragment=\"1\">\n<ul data-mce-fragment=\"1\">\n<li>Silica powder for an anti-shine effect<\/li>\n<li data-mce-fragment=\"1\">Light, non-greasy fluid gel<\/li>\n<li data-mce-fragment=\"1\">No white effect<\/li>\n<li data-mce-fragment=\"1\">Highly resistant to water and perspiration<\/li>\n<li data-mce-fragment=\"1\">Does not sting the eyes<\/li>\n<li data-mce-fragment=\"1\">Non-comedogenic, suitable for daily use and makeup base<\/li>\n<\/ul>\n<h3 class=\"bodytext\" data-mce-fragment=\"1\"><b data-mce-fragment=\"1\">Directions for use:<\/b><\/h3>\n<ul data-mce-fragment=\"1\">\n<li data-mce-fragment=\"1\">Apply generously about 20 minutes before sun exposure, allow to absorb well. Avoid contact with eyes.<\/li>\n<li data-mce-fragment=\"1\">Reapply to maintain sun protection, especially after swimming, drying skin, and perspiring.<\/li>\n<li data-mce-fragment=\"1\">Applying small amounts significantly reduces the effectiveness of the protection.<\/li>\n<li data-mce-fragment=\"1\">Avoid midday sun. Excessive sun exposure is dangerous. Even high SPF sunscreen products do not provide complete protection from UV rays.<\/li>\n<\/ul>\n<\/div>\n<h3 class=\"product-content\" data-mce-fragment=\"1\"><strong data-mce-fragment=\"1\">Ingredients:<\/strong><\/h3>\n<div class=\"product-content\" data-mce-fragment=\"1\"><b data-mce-fragment=\"1\"><\/b><\/div>\n<div class=\"product-content\" data-mce-fragment=\"1\">\n<b data-mce-fragment=\"1\">Components<\/b><span data-mce-fragment=\"1\">\u00a0<\/span>: Aqua. Alcohol, C12-15 Alkyl Benzoate, DibutylAdipate, Dimethicone, VP\/Eicosene Copolymer. Cyclodextrin, Tocopherol, Polyglyceryl-2Dipolyhydroxystearate, SiIica, Decyl Glucoside, Triethanolamine, Xanthan Gum, Acrylates\/C10-30 Alkyl Acrylate Crosspolymer, Trisodium Ethylenediamine Disuccinate, lauryl Glucoside. BHT, Propylene Glycol.<\/div>\n<div class=\"product-content\" data-mce-fragment=\"1\"><b data-mce-fragment=\"1\"><\/b><\/div>\n<div class=\"product-content\" data-mce-fragment=\"1\">\n<b data-mce-fragment=\"1\">Sun protection filters<\/b><span data-mce-fragment=\"1\">\u00a0<\/span>: Ethylhexyl Methoxycinnamate, DiethylaminoHydroxybenzoyHexyl Benzoate, Bis-Ethylhexyloxyphenol Methoxyphenyl Triazine, Titanium Dioxide (nano), MethyleneBis-Benzotriazolyl Tetramethylbutylphenol (nano), EthylhexyI Triazone.<\/div>","protected":false},"excerpt":{"rendered":"<p>Daylong 50+ Extr\u00eame Fluide Sensitive aide \u00e0 pr\u00e9venir les\u00a0dommages cellulaires et le vieillissement cutan\u00e9 pr\u00e9matur\u00e9 Daylong\u2122\u00a0sensitive face SPF 50+\u00a0est fluide l\u00e9ger, non gras, qui, avec son filtre min\u00e9ral suppl\u00e9mentaire et sa formule innovante (sans huiles grasses et sans \u00e9mulsifiants), offre une tr\u00e8s haute protection solaire aux peaux tr\u00e8s sensibles et intol\u00e9rantes au soleil. Indications: Peaux [&hellip;]<\/p>\n","protected":false},"featured_media":16782,"template":"","meta":{"om_disable_all_campaigns":false},"product_brand":[],"product_cat":[15],"product_tag":[],"class_list":{"0":"post-16783","1":"product","2":"type-product","3":"status-publish","4":"has-post-thumbnail","6":"product_cat-beaute-sante-complements-alimentaires-soins-et-bien-etre-au-meilleur-prix","8":"first","9":"instock","10":"sale","11":"taxable","12":"shipping-taxable","13":"purchasable","14":"product-type-simple"},"yoast_head":"<!-- This site is optimized with the Yoast SEO plugin v27.3 - https:\/\/yoast.com\/product\/yoast-seo-wordpress\/ -->\n<title>Daylong 50+ Extr\u00eame Fluide Sensitive 50ml - Maroc Prix<\/title>\n<meta name=\"description\" content=\"Daylong 50+ Extr\u00eame Fluide Sensitive 50ml\" \/>\n<meta name=\"robots\" content=\"index, follow, max-snippet:-1, max-image-preview:large, max-video-preview:-1\" \/>\n<link rel=\"canonical\" href=\"https:\/\/vitablanca.ma\/en\/product\/daylong-50-extreme-fluide-sensitive-50ml\/\" \/>\n<meta property=\"og:locale\" content=\"en_US\" \/>\n<meta property=\"og:type\" content=\"article\" \/>\n<meta property=\"og:title\" content=\"Daylong 50+ Extr\u00eame Fluide Sensitive 50ml - Maroc Prix\" \/>\n<meta property=\"og:description\" content=\"Daylong 50+ Extr\u00eame Fluide Sensitive 50ml\" \/>\n<meta property=\"og:url\" content=\"https:\/\/vitablanca.ma\/en\/product\/daylong-50-extreme-fluide-sensitive-50ml\/\" \/>\n<meta property=\"og:site_name\" content=\"Vitablanca.ma &ndash; Sant&eacute;, vitalit&eacute; et bien-&ecirc;tre pour tous les Marocains\" \/>\n<meta property=\"article:publisher\" content=\"https:\/\/www.facebook.com\/profile.php?id=61576678196717\" \/>\n<meta property=\"og:image\" content=\"https:\/\/vitablanca.ma\/wp-content\/uploads\/2025\/06\/Daylong-50_-Extreme-Fluide-Sensitive-50ml-prix-maroc-parapharmacie-casablanca.jpg\" \/>\n\t<meta property=\"og:image:width\" content=\"1000\" \/>\n\t<meta property=\"og:image:height\" content=\"1000\" \/>\n\t<meta property=\"og:image:type\" content=\"image\/jpeg\" \/>\n<meta name=\"twitter:card\" content=\"summary_large_image\" \/>\n<meta name=\"twitter:label1\" content=\"Est. reading time\" \/>\n\t<meta name=\"twitter:data1\" content=\"2 minutes\" \/>\n<script type=\"application\/ld+json\" class=\"yoast-schema-graph\">{\"@context\":\"https:\\\/\\\/schema.org\",\"@graph\":[{\"@type\":[\"WebPage\",\"ItemPage\"],\"@id\":\"https:\\\/\\\/vitablanca.ma\\\/produit\\\/daylong-50-extreme-fluide-sensitive-50ml\\\/\",\"url\":\"https:\\\/\\\/vitablanca.ma\\\/produit\\\/daylong-50-extreme-fluide-sensitive-50ml\\\/\",\"name\":\"Daylong 50+ Extr\u00eame Fluide Sensitive 50ml - Maroc Prix\",\"isPartOf\":{\"@id\":\"https:\\\/\\\/vitablanca.ma\\\/#website\"},\"primaryImageOfPage\":{\"@id\":\"https:\\\/\\\/vitablanca.ma\\\/produit\\\/daylong-50-extreme-fluide-sensitive-50ml\\\/#primaryimage\"},\"image\":{\"@id\":\"https:\\\/\\\/vitablanca.ma\\\/produit\\\/daylong-50-extreme-fluide-sensitive-50ml\\\/#primaryimage\"},\"thumbnailUrl\":\"https:\\\/\\\/vitablanca.ma\\\/wp-content\\\/uploads\\\/2025\\\/06\\\/Daylong-50_-Extreme-Fluide-Sensitive-50ml-prix-maroc-parapharmacie-casablanca.jpg\",\"datePublished\":\"2025-06-10T16:47:52+00:00\",\"description\":\"Daylong 50+ Extr\u00eame Fluide Sensitive 50ml\",\"breadcrumb\":{\"@id\":\"https:\\\/\\\/vitablanca.ma\\\/produit\\\/daylong-50-extreme-fluide-sensitive-50ml\\\/#breadcrumb\"},\"inLanguage\":\"en-US\",\"potentialAction\":[{\"@type\":\"ReadAction\",\"target\":[\"https:\\\/\\\/vitablanca.ma\\\/produit\\\/daylong-50-extreme-fluide-sensitive-50ml\\\/\"]}]},{\"@type\":\"ImageObject\",\"inLanguage\":\"en-US\",\"@id\":\"https:\\\/\\\/vitablanca.ma\\\/produit\\\/daylong-50-extreme-fluide-sensitive-50ml\\\/#primaryimage\",\"url\":\"https:\\\/\\\/vitablanca.ma\\\/wp-content\\\/uploads\\\/2025\\\/06\\\/Daylong-50_-Extreme-Fluide-Sensitive-50ml-prix-maroc-parapharmacie-casablanca.jpg\",\"contentUrl\":\"https:\\\/\\\/vitablanca.ma\\\/wp-content\\\/uploads\\\/2025\\\/06\\\/Daylong-50_-Extreme-Fluide-Sensitive-50ml-prix-maroc-parapharmacie-casablanca.jpg\",\"width\":1000,\"height\":1000},{\"@type\":\"BreadcrumbList\",\"@id\":\"https:\\\/\\\/vitablanca.ma\\\/produit\\\/daylong-50-extreme-fluide-sensitive-50ml\\\/#breadcrumb\",\"itemListElement\":[{\"@type\":\"ListItem\",\"position\":1,\"name\":\"Home\",\"item\":\"https:\\\/\\\/vitablanca.ma\\\/\"},{\"@type\":\"ListItem\",\"position\":2,\"name\":\"Tous Les Produits\",\"item\":\"https:\\\/\\\/vitablanca.ma\\\/tous-les-produits\\\/\"},{\"@type\":\"ListItem\",\"position\":3,\"name\":\"Daylong 50+ Extr\u00eame Fluide Sensitive 50ml\"}]},{\"@type\":\"WebSite\",\"@id\":\"https:\\\/\\\/vitablanca.ma\\\/#website\",\"url\":\"https:\\\/\\\/vitablanca.ma\\\/\",\"name\":\"VitaBlanca.ma | Compl\u00e9ments alimentaires, sant\u00e9 & beaut\u00e9 au Maroc\",\"description\":\"vendre vitamines et compl\u00e9ments premium des USA &amp; Canada, Nouvelle Z\u00e9lande,Maroc (NOW Foods, Solgar, Manuka). Livraison rapide partout au Maroc.\",\"publisher\":{\"@id\":\"https:\\\/\\\/vitablanca.ma\\\/#organization\"},\"alternateName\":\"VitaBlanca.ma\",\"potentialAction\":[{\"@type\":\"SearchAction\",\"target\":{\"@type\":\"EntryPoint\",\"urlTemplate\":\"https:\\\/\\\/vitablanca.ma\\\/?s={search_term_string}\"},\"query-input\":{\"@type\":\"PropertyValueSpecification\",\"valueRequired\":true,\"valueName\":\"search_term_string\"}}],\"inLanguage\":\"en-US\"},{\"@type\":\"Organization\",\"@id\":\"https:\\\/\\\/vitablanca.ma\\\/#organization\",\"name\":\"VitaBlanca\",\"url\":\"https:\\\/\\\/vitablanca.ma\\\/\",\"logo\":{\"@type\":\"ImageObject\",\"inLanguage\":\"en-US\",\"@id\":\"https:\\\/\\\/vitablanca.ma\\\/#\\\/schema\\\/logo\\\/image\\\/\",\"url\":\"https:\\\/\\\/vitablanca.ma\\\/wp-content\\\/uploads\\\/2025\\\/05\\\/cropped-vitablanca.png\",\"contentUrl\":\"https:\\\/\\\/vitablanca.ma\\\/wp-content\\\/uploads\\\/2025\\\/05\\\/cropped-vitablanca.png\",\"width\":360,\"height\":67,\"caption\":\"VitaBlanca\"},\"image\":{\"@id\":\"https:\\\/\\\/vitablanca.ma\\\/#\\\/schema\\\/logo\\\/image\\\/\"},\"sameAs\":[\"https:\\\/\\\/www.facebook.com\\\/profile.php?id=61576678196717\",\"https:\\\/\\\/www.tiktok.com\\\/@vitablanca.ma\",\"https:\\\/\\\/www.instagram.com\\\/vitablanca.ma\\\/\"]}]}<\/script>\n<!-- \/ Yoast SEO plugin. -->","yoast_head_json":{"title":"Daylong 50+ Extreme Sensitive Fluid 50ml - Morocco Price","description":"Daylong 50+ Extreme Sensitive Fluid 50ml","robots":{"index":"index","follow":"follow","max-snippet":"max-snippet:-1","max-image-preview":"max-image-preview:large","max-video-preview":"max-video-preview:-1"},"canonical":"https:\/\/vitablanca.ma\/en\/product\/daylong-50-extreme-fluide-sensitive-50ml\/","og_locale":"en_US","og_type":"article","og_title":"Daylong 50+ Extr\u00eame Fluide Sensitive 50ml - Maroc Prix","og_description":"Daylong 50+ Extr\u00eame Fluide Sensitive 50ml","og_url":"https:\/\/vitablanca.ma\/en\/product\/daylong-50-extreme-fluide-sensitive-50ml\/","og_site_name":"Vitablanca.ma &ndash; Sant&eacute;, vitalit&eacute; et bien-&ecirc;tre pour tous les Marocains","article_publisher":"https:\/\/www.facebook.com\/profile.php?id=61576678196717","og_image":[{"width":1000,"height":1000,"url":"https:\/\/vitablanca.ma\/wp-content\/uploads\/2025\/06\/Daylong-50_-Extreme-Fluide-Sensitive-50ml-prix-maroc-parapharmacie-casablanca.jpg","type":"image\/jpeg"}],"twitter_card":"summary_large_image","twitter_misc":{"Est. reading time":"2 minutes"},"schema":{"@context":"https:\/\/schema.org","@graph":[{"@type":["WebPage","ItemPage"],"@id":"https:\/\/vitablanca.ma\/produit\/daylong-50-extreme-fluide-sensitive-50ml\/","url":"https:\/\/vitablanca.ma\/produit\/daylong-50-extreme-fluide-sensitive-50ml\/","name":"Daylong 50+ Extreme Sensitive Fluid 50ml - Morocco Price","isPartOf":{"@id":"https:\/\/vitablanca.ma\/#website"},"primaryImageOfPage":{"@id":"https:\/\/vitablanca.ma\/produit\/daylong-50-extreme-fluide-sensitive-50ml\/#primaryimage"},"image":{"@id":"https:\/\/vitablanca.ma\/produit\/daylong-50-extreme-fluide-sensitive-50ml\/#primaryimage"},"thumbnailUrl":"https:\/\/vitablanca.ma\/wp-content\/uploads\/2025\/06\/Daylong-50_-Extreme-Fluide-Sensitive-50ml-prix-maroc-parapharmacie-casablanca.jpg","datePublished":"2025-06-10T16:47:52+00:00","description":"Daylong 50+ Extreme Sensitive Fluid 50ml","breadcrumb":{"@id":"https:\/\/vitablanca.ma\/produit\/daylong-50-extreme-fluide-sensitive-50ml\/#breadcrumb"},"inLanguage":"en-US","potentialAction":[{"@type":"ReadAction","target":["https:\/\/vitablanca.ma\/produit\/daylong-50-extreme-fluide-sensitive-50ml\/"]}]},{"@type":"ImageObject","inLanguage":"en-US","@id":"https:\/\/vitablanca.ma\/produit\/daylong-50-extreme-fluide-sensitive-50ml\/#primaryimage","url":"https:\/\/vitablanca.ma\/wp-content\/uploads\/2025\/06\/Daylong-50_-Extreme-Fluide-Sensitive-50ml-prix-maroc-parapharmacie-casablanca.jpg","contentUrl":"https:\/\/vitablanca.ma\/wp-content\/uploads\/2025\/06\/Daylong-50_-Extreme-Fluide-Sensitive-50ml-prix-maroc-parapharmacie-casablanca.jpg","width":1000,"height":1000},{"@type":"BreadcrumbList","@id":"https:\/\/vitablanca.ma\/produit\/daylong-50-extreme-fluide-sensitive-50ml\/#breadcrumb","itemListElement":[{"@type":"ListItem","position":1,"name":"Home","item":"https:\/\/vitablanca.ma\/"},{"@type":"ListItem","position":2,"name":"Tous Les Produits","item":"https:\/\/vitablanca.ma\/tous-les-produits\/"},{"@type":"ListItem","position":3,"name":"Daylong 50+ Extr\u00eame Fluide Sensitive 50ml"}]},{"@type":"WebSite","@id":"https:\/\/vitablanca.ma\/#website","url":"https:\/\/vitablanca.ma\/","name":"VitaBlanca.ma | Food supplements, health &amp; beauty in Morocco","description":"sell premium vitamins and supplements from USA &amp; Canada, New Zealand, Morocco (NOW Foods, Solgar, Manuka). Fast delivery anywhere in Morocco.","publisher":{"@id":"https:\/\/vitablanca.ma\/#organization"},"alternateName":"VitaBlanca.ma","potentialAction":[{"@type":"SearchAction","target":{"@type":"EntryPoint","urlTemplate":"https:\/\/vitablanca.ma\/?s={search_term_string}"},"query-input":{"@type":"PropertyValueSpecification","valueRequired":true,"valueName":"search_term_string"}}],"inLanguage":"en-US"},{"@type":"Organization","@id":"https:\/\/vitablanca.ma\/#organization","name":"VitaBlanca","url":"https:\/\/vitablanca.ma\/","logo":{"@type":"ImageObject","inLanguage":"en-US","@id":"https:\/\/vitablanca.ma\/#\/schema\/logo\/image\/","url":"https:\/\/vitablanca.ma\/wp-content\/uploads\/2025\/05\/cropped-vitablanca.png","contentUrl":"https:\/\/vitablanca.ma\/wp-content\/uploads\/2025\/05\/cropped-vitablanca.png","width":360,"height":67,"caption":"VitaBlanca"},"image":{"@id":"https:\/\/vitablanca.ma\/#\/schema\/logo\/image\/"},"sameAs":["https:\/\/www.facebook.com\/profile.php?id=61576678196717","https:\/\/www.tiktok.com\/@vitablanca.ma","https:\/\/www.instagram.com\/vitablanca.ma\/"]}]}},"jetpack_sharing_enabled":true,"_links":{"self":[{"href":"https:\/\/vitablanca.ma\/en\/wp-json\/wp\/v2\/product\/16783","targetHints":{"allow":["GET"]}}],"collection":[{"href":"https:\/\/vitablanca.ma\/en\/wp-json\/wp\/v2\/product"}],"about":[{"href":"https:\/\/vitablanca.ma\/en\/wp-json\/wp\/v2\/types\/product"}],"wp:featuredmedia":[{"embeddable":true,"href":"https:\/\/vitablanca.ma\/en\/wp-json\/wp\/v2\/media\/16782"}],"wp:attachment":[{"href":"https:\/\/vitablanca.ma\/en\/wp-json\/wp\/v2\/media?parent=16783"}],"wp:term":[{"taxonomy":"product_brand","embeddable":true,"href":"https:\/\/vitablanca.ma\/en\/wp-json\/wp\/v2\/product_brand?post=16783"},{"taxonomy":"product_cat","embeddable":true,"href":"https:\/\/vitablanca.ma\/en\/wp-json\/wp\/v2\/product_cat?post=16783"},{"taxonomy":"product_tag","embeddable":true,"href":"https:\/\/vitablanca.ma\/en\/wp-json\/wp\/v2\/product_tag?post=16783"}],"curies":[{"name":"wp","href":"https:\/\/api.w.org\/{rel}","templated":true}]}}