{"id":16768,"date":"2025-06-10T16:47:36","date_gmt":"2025-06-10T16:47:36","guid":{"rendered":"https:\/\/vitablanca.ma\/product\/daylong-actinica-lotion-80g\/"},"modified":"2025-06-10T16:47:36","modified_gmt":"2025-06-10T16:47:36","slug":"daylong-actinica-lotion-80g","status":"publish","type":"product","link":"https:\/\/vitablanca.ma\/en\/product\/daylong-actinica-lotion-80g\/","title":{"rendered":"Daylong Actinica Lotion 80g"},"content":{"rendered":"<h2 data-mce-fragment=\"1\">Daylong Actinica Very High Protection Lotion which also helps protect your skin<\/h2>\n<p data-mce-fragment=\"1\"><span data-mce-fragment=\"1\">Actinica Lotion\u00a0<\/span>prevents various forms of skin cancer (non-melanoma) in at-risk patients (immunosuppressed). The effectiveness of this lotion has been clinically proven to prevent actinic keratoses and squamous cell carcinomas. It is a very high sun protection and medical device that also helps, in addition to protecting it, to moisturize your skin.<br \/>This sunscreen should be used:<br \/>\u2013 to prevent actinic keratoses and non-melanoma cancers in at-risk individuals<br \/>\u2013 to prevent sun allergies<br \/>It contains highly photostable UVA and UVB sun filters that are water resistant.<br \/>This lotion is formulated without perfume, without PEG and is high tolerance.<br \/><span data-mce-fragment=\"1\">Actinica Lotion<\/span><span data-mce-fragment=\"1\">\u00a0<\/span>is very well tolerated even by the most sun-intolerant skin and protects against UVA and UVB rays.<br \/>Its plus? Its fluid and easy-to-spread texture.<\/p>\n<h3 data-mce-fragment=\"1\">Indications:<\/h3>\n<p data-mce-fragment=\"1\"><span data-mce-fragment=\"1\">Lotion \u00a0<\/span><span data-mce-fragment=\"1\">Face &amp; Body.<\/span><span data-mce-fragment=\"1\">Very<\/span><span data-mce-fragment=\"1\">\u00a0high protection against UVB and UVA\u00a0<\/span><span data-mce-fragment=\"1\">SPF 50+<\/span><span data-mce-fragment=\"1\"><\/span><\/p>\n<h3 data-mce-fragment=\"1\">Directions for use:<\/h3>\n<p data-mce-fragment=\"1\">All year round and every morning, apply this lotion generously to exposed parts of the body.<br \/>Do not expose yourself to direct sunlight. It is very important to wear protective clothing.<br \/><span data-mce-fragment=\"1\">In case of prolonged contact with water or heavy perspiration, reapply.<\/span><\/p>\n<h3 data-mce-fragment=\"1\">Composition :<\/h3>\n<p data-mce-fragment=\"1\">Bis Ethylhexyloxyphenol Methoxyphenyl Triazine, Ethylhexyl Triazone, Isoamyl p-Methoxycinnamate, Ethylhexyl Methoxycinnamate, Methylene Bis-Benzotriazoyl Tetramethylbutylphenol, Butyl Methoxydibenzoylmethane, Propylparaben, Methylparaben, Excipient.<\/p>\n<div data-mce-fragment=\"1\"><\/div>\n<h3 data-mce-fragment=\"1\"><\/h3>","protected":false},"excerpt":{"rendered":"<p>Daylong Actinica Lotion tr\u00e8s Haute Protection qui permet \u00e9galement de prot\u00e9ger votre peau Actinica Lotion\u00a0pr\u00e9vient des diff\u00e9rentes forme de cancer de la peau (non m\u00e9lanome) chez un patient \u00e0 risque (immunosupprim\u00e9). L\u2019efficacit\u00e9 de cette lotion a \u00e9t\u00e9 cliniquement prouv\u00e9 pour pr\u00e9venir des k\u00e9ratoses actiniques et des carcinomes \u00e9pidermo\u00efdes. C\u2019est une tr\u00e8s haute protection solaire et [&hellip;]<\/p>\n","protected":false},"featured_media":0,"template":"","meta":{"om_disable_all_campaigns":false},"product_brand":[],"product_cat":[15],"product_tag":[],"class_list":{"0":"post-16768","1":"product","2":"type-product","3":"status-publish","5":"product_cat-beaute-sante-complements-alimentaires-soins-et-bien-etre-au-meilleur-prix","7":"first","8":"instock","9":"sale","10":"taxable","11":"shipping-taxable","12":"purchasable","13":"product-type-simple"},"yoast_head":"<!-- This site is optimized with the Yoast SEO plugin v27.3 - https:\/\/yoast.com\/product\/yoast-seo-wordpress\/ -->\n<title>Daylong Actinica Lotion 80g - Maroc Prix<\/title>\n<meta name=\"description\" content=\"Daylong Actinica Lotion 80g\" \/>\n<meta name=\"robots\" content=\"index, follow, max-snippet:-1, max-image-preview:large, max-video-preview:-1\" \/>\n<link rel=\"canonical\" href=\"https:\/\/vitablanca.ma\/en\/product\/daylong-actinica-lotion-80g\/\" \/>\n<meta property=\"og:locale\" content=\"en_US\" \/>\n<meta property=\"og:type\" content=\"article\" \/>\n<meta property=\"og:title\" content=\"Daylong Actinica Lotion 80g - Maroc Prix\" \/>\n<meta property=\"og:description\" content=\"Daylong Actinica Lotion 80g\" \/>\n<meta property=\"og:url\" content=\"https:\/\/vitablanca.ma\/en\/product\/daylong-actinica-lotion-80g\/\" \/>\n<meta property=\"og:site_name\" content=\"Vitablanca.ma &ndash; Sant&eacute;, vitalit&eacute; et bien-&ecirc;tre pour tous les Marocains\" \/>\n<meta property=\"article:publisher\" content=\"https:\/\/www.facebook.com\/profile.php?id=61576678196717\" \/>\n<meta property=\"og:image\" content=\"https:\/\/vitablanca.ma\/wp-content\/uploads\/2025\/06\/Magnesium_2024_1400_x787_002.jpg\" \/>\n\t<meta property=\"og:image:width\" content=\"950\" \/>\n\t<meta property=\"og:image:height\" content=\"534\" \/>\n\t<meta property=\"og:image:type\" content=\"image\/jpeg\" \/>\n<meta name=\"twitter:card\" content=\"summary_large_image\" \/>\n<meta name=\"twitter:label1\" content=\"Est. reading time\" \/>\n\t<meta name=\"twitter:data1\" content=\"1 minute\" \/>\n<script type=\"application\/ld+json\" class=\"yoast-schema-graph\">{\"@context\":\"https:\\\/\\\/schema.org\",\"@graph\":[{\"@type\":[\"WebPage\",\"ItemPage\"],\"@id\":\"https:\\\/\\\/vitablanca.ma\\\/produit\\\/daylong-actinica-lotion-80g\\\/\",\"url\":\"https:\\\/\\\/vitablanca.ma\\\/produit\\\/daylong-actinica-lotion-80g\\\/\",\"name\":\"Daylong Actinica Lotion 80g - Maroc Prix\",\"isPartOf\":{\"@id\":\"https:\\\/\\\/vitablanca.ma\\\/#website\"},\"datePublished\":\"2025-06-10T16:47:36+00:00\",\"description\":\"Daylong Actinica Lotion 80g\",\"breadcrumb\":{\"@id\":\"https:\\\/\\\/vitablanca.ma\\\/produit\\\/daylong-actinica-lotion-80g\\\/#breadcrumb\"},\"inLanguage\":\"en-US\",\"potentialAction\":[{\"@type\":\"ReadAction\",\"target\":[\"https:\\\/\\\/vitablanca.ma\\\/produit\\\/daylong-actinica-lotion-80g\\\/\"]}]},{\"@type\":\"BreadcrumbList\",\"@id\":\"https:\\\/\\\/vitablanca.ma\\\/produit\\\/daylong-actinica-lotion-80g\\\/#breadcrumb\",\"itemListElement\":[{\"@type\":\"ListItem\",\"position\":1,\"name\":\"Home\",\"item\":\"https:\\\/\\\/vitablanca.ma\\\/\"},{\"@type\":\"ListItem\",\"position\":2,\"name\":\"Tous Les Produits\",\"item\":\"https:\\\/\\\/vitablanca.ma\\\/tous-les-produits\\\/\"},{\"@type\":\"ListItem\",\"position\":3,\"name\":\"Daylong Actinica Lotion 80g\"}]},{\"@type\":\"WebSite\",\"@id\":\"https:\\\/\\\/vitablanca.ma\\\/#website\",\"url\":\"https:\\\/\\\/vitablanca.ma\\\/\",\"name\":\"VitaBlanca.ma | Compl\u00e9ments alimentaires, sant\u00e9 & beaut\u00e9 au Maroc\",\"description\":\"vendre vitamines et compl\u00e9ments premium des USA &amp; Canada, Nouvelle Z\u00e9lande,Maroc (NOW Foods, Solgar, Manuka). Livraison rapide partout au Maroc.\",\"publisher\":{\"@id\":\"https:\\\/\\\/vitablanca.ma\\\/#organization\"},\"alternateName\":\"VitaBlanca.ma\",\"potentialAction\":[{\"@type\":\"SearchAction\",\"target\":{\"@type\":\"EntryPoint\",\"urlTemplate\":\"https:\\\/\\\/vitablanca.ma\\\/?s={search_term_string}\"},\"query-input\":{\"@type\":\"PropertyValueSpecification\",\"valueRequired\":true,\"valueName\":\"search_term_string\"}}],\"inLanguage\":\"en-US\"},{\"@type\":\"Organization\",\"@id\":\"https:\\\/\\\/vitablanca.ma\\\/#organization\",\"name\":\"VitaBlanca\",\"url\":\"https:\\\/\\\/vitablanca.ma\\\/\",\"logo\":{\"@type\":\"ImageObject\",\"inLanguage\":\"en-US\",\"@id\":\"https:\\\/\\\/vitablanca.ma\\\/#\\\/schema\\\/logo\\\/image\\\/\",\"url\":\"https:\\\/\\\/vitablanca.ma\\\/wp-content\\\/uploads\\\/2025\\\/05\\\/cropped-vitablanca.png\",\"contentUrl\":\"https:\\\/\\\/vitablanca.ma\\\/wp-content\\\/uploads\\\/2025\\\/05\\\/cropped-vitablanca.png\",\"width\":360,\"height\":67,\"caption\":\"VitaBlanca\"},\"image\":{\"@id\":\"https:\\\/\\\/vitablanca.ma\\\/#\\\/schema\\\/logo\\\/image\\\/\"},\"sameAs\":[\"https:\\\/\\\/www.facebook.com\\\/profile.php?id=61576678196717\",\"https:\\\/\\\/www.tiktok.com\\\/@vitablanca.ma\",\"https:\\\/\\\/www.instagram.com\\\/vitablanca.ma\\\/\"]}]}<\/script>\n<!-- \/ Yoast SEO plugin. -->","yoast_head_json":{"title":"Daylong Actinica Lotion 80g - Morocco Price","description":"Daylong Actinica Lotion 80g","robots":{"index":"index","follow":"follow","max-snippet":"max-snippet:-1","max-image-preview":"max-image-preview:large","max-video-preview":"max-video-preview:-1"},"canonical":"https:\/\/vitablanca.ma\/en\/product\/daylong-actinica-lotion-80g\/","og_locale":"en_US","og_type":"article","og_title":"Daylong Actinica Lotion 80g - Maroc Prix","og_description":"Daylong Actinica Lotion 80g","og_url":"https:\/\/vitablanca.ma\/en\/product\/daylong-actinica-lotion-80g\/","og_site_name":"Vitablanca.ma &ndash; Sant&eacute;, vitalit&eacute; et bien-&ecirc;tre pour tous les Marocains","article_publisher":"https:\/\/www.facebook.com\/profile.php?id=61576678196717","og_image":[{"width":950,"height":534,"url":"https:\/\/vitablanca.ma\/wp-content\/uploads\/2025\/06\/Magnesium_2024_1400_x787_002.jpg","type":"image\/jpeg"}],"twitter_card":"summary_large_image","twitter_misc":{"Est. reading time":"1 minute"},"schema":{"@context":"https:\/\/schema.org","@graph":[{"@type":["WebPage","ItemPage"],"@id":"https:\/\/vitablanca.ma\/produit\/daylong-actinica-lotion-80g\/","url":"https:\/\/vitablanca.ma\/produit\/daylong-actinica-lotion-80g\/","name":"Daylong Actinica Lotion 80g - Morocco Price","isPartOf":{"@id":"https:\/\/vitablanca.ma\/#website"},"datePublished":"2025-06-10T16:47:36+00:00","description":"Daylong Actinica Lotion 80g","breadcrumb":{"@id":"https:\/\/vitablanca.ma\/produit\/daylong-actinica-lotion-80g\/#breadcrumb"},"inLanguage":"en-US","potentialAction":[{"@type":"ReadAction","target":["https:\/\/vitablanca.ma\/produit\/daylong-actinica-lotion-80g\/"]}]},{"@type":"BreadcrumbList","@id":"https:\/\/vitablanca.ma\/produit\/daylong-actinica-lotion-80g\/#breadcrumb","itemListElement":[{"@type":"ListItem","position":1,"name":"Home","item":"https:\/\/vitablanca.ma\/"},{"@type":"ListItem","position":2,"name":"Tous Les Produits","item":"https:\/\/vitablanca.ma\/tous-les-produits\/"},{"@type":"ListItem","position":3,"name":"Daylong Actinica Lotion 80g"}]},{"@type":"WebSite","@id":"https:\/\/vitablanca.ma\/#website","url":"https:\/\/vitablanca.ma\/","name":"VitaBlanca.ma | Food supplements, health &amp; beauty in Morocco","description":"sell premium vitamins and supplements from USA &amp; Canada, New Zealand, Morocco (NOW Foods, Solgar, Manuka). Fast delivery anywhere in Morocco.","publisher":{"@id":"https:\/\/vitablanca.ma\/#organization"},"alternateName":"VitaBlanca.ma","potentialAction":[{"@type":"SearchAction","target":{"@type":"EntryPoint","urlTemplate":"https:\/\/vitablanca.ma\/?s={search_term_string}"},"query-input":{"@type":"PropertyValueSpecification","valueRequired":true,"valueName":"search_term_string"}}],"inLanguage":"en-US"},{"@type":"Organization","@id":"https:\/\/vitablanca.ma\/#organization","name":"VitaBlanca","url":"https:\/\/vitablanca.ma\/","logo":{"@type":"ImageObject","inLanguage":"en-US","@id":"https:\/\/vitablanca.ma\/#\/schema\/logo\/image\/","url":"https:\/\/vitablanca.ma\/wp-content\/uploads\/2025\/05\/cropped-vitablanca.png","contentUrl":"https:\/\/vitablanca.ma\/wp-content\/uploads\/2025\/05\/cropped-vitablanca.png","width":360,"height":67,"caption":"VitaBlanca"},"image":{"@id":"https:\/\/vitablanca.ma\/#\/schema\/logo\/image\/"},"sameAs":["https:\/\/www.facebook.com\/profile.php?id=61576678196717","https:\/\/www.tiktok.com\/@vitablanca.ma","https:\/\/www.instagram.com\/vitablanca.ma\/"]}]}},"jetpack_sharing_enabled":true,"_links":{"self":[{"href":"https:\/\/vitablanca.ma\/en\/wp-json\/wp\/v2\/product\/16768","targetHints":{"allow":["GET"]}}],"collection":[{"href":"https:\/\/vitablanca.ma\/en\/wp-json\/wp\/v2\/product"}],"about":[{"href":"https:\/\/vitablanca.ma\/en\/wp-json\/wp\/v2\/types\/product"}],"wp:attachment":[{"href":"https:\/\/vitablanca.ma\/en\/wp-json\/wp\/v2\/media?parent=16768"}],"wp:term":[{"taxonomy":"product_brand","embeddable":true,"href":"https:\/\/vitablanca.ma\/en\/wp-json\/wp\/v2\/product_brand?post=16768"},{"taxonomy":"product_cat","embeddable":true,"href":"https:\/\/vitablanca.ma\/en\/wp-json\/wp\/v2\/product_cat?post=16768"},{"taxonomy":"product_tag","embeddable":true,"href":"https:\/\/vitablanca.ma\/en\/wp-json\/wp\/v2\/product_tag?post=16768"}],"curies":[{"name":"wp","href":"https:\/\/api.w.org\/{rel}","templated":true}]}}