{"id":16764,"date":"2025-06-10T16:47:34","date_gmt":"2025-06-10T16:47:34","guid":{"rendered":"https:\/\/vitablanca.ma\/product\/daylong-extreme-lait-solaire-spf50\/"},"modified":"2025-06-10T16:47:34","modified_gmt":"2025-06-10T16:47:34","slug":"daylong-extreme-lait-solaire-spf50","status":"publish","type":"product","link":"https:\/\/vitablanca.ma\/en\/product\/daylong-extreme-lait-solaire-spf50\/","title":{"rendered":"Daylong Extreme Sun Milk SPF50+"},"content":{"rendered":"<h2 data-mce-fragment=\"1\">Daylong Extreme Sun Milk SPF50+\u00a0<span data-mce-fragment=\"1\">which provides sun protection to the most sun-sensitive skin.<\/span><br \/>\n<\/h2>\n<p data-mce-fragment=\"1\"><span data-mce-fragment=\"1\">Dry, normal to combination skin<br data-mce-fragment=\"1\">Sensitive skin Face and body<\/span><\/p>\n<h3 data-mce-fragment=\"1\">Properties<\/h3>\n<ul data-mce-fragment=\"1\">\n<li data-mce-fragment=\"1\">Long-lasting protection<\/li>\n<li data-mce-fragment=\"1\">Liposomal formula for better resistance of sunscreens against UV rays<\/li>\n<li data-mce-fragment=\"1\">Highly resistant to water, perspiration and friction<\/li>\n<li data-mce-fragment=\"1\">Protection from UV and infrared induced cell and DNA damage<\/li>\n<li data-mce-fragment=\"1\">Moisturizer (Aloe vera, Sorbitol, Vitamin E)<\/li>\n<li data-mce-fragment=\"1\">High tolerance: fragrance-free, paraben-free, octocrylene-free, preservative-free<\/li>\n<li data-mce-fragment=\"1\">Non-comedogenic. Dermatologically tested.<\/li>\n<\/ul>\n<h3 class=\"bodytext\" data-mce-fragment=\"1\"><b data-mce-fragment=\"1\">Directions for use<\/b><\/h3>\n<ul data-mce-fragment=\"1\">\n<li data-mce-fragment=\"1\">Apply generously about 20 minutes before sun exposure, allow to absorb well. Avoid contact with eyes.<\/li>\n<li data-mce-fragment=\"1\">Reapply to maintain sun protection, especially after swimming, drying your skin, and perspiring. Applying small amounts significantly reduces the effectiveness of the protection.<\/li>\n<li data-mce-fragment=\"1\">Avoid midday sun. Excessive sun exposure is dangerous. Even high SPF sunscreen products do not provide complete protection from UV rays.<\/li>\n<\/ul>","protected":false},"excerpt":{"rendered":"<p>Daylong Extr\u00eame Lait Solaire SPF50+\u00a0qui offre une protection solaire aux peaux les plus sensibles au soleil. Peaux s\u00e8ches, normales \u00e0 mixtesPeaux sensibles Visage et corps Propri\u00e9t\u00e9s Protection longue tenue Formule liposomale pour une meilleure r\u00e9sistance des filtres solaires faces aux UV Tr\u00e8s r\u00e9sistant \u00e0 l\u2019eau, \u00e0 la transpiration et aux frottements Protection des dommages des [&hellip;]<\/p>\n","protected":false},"featured_media":16760,"template":"","meta":{"om_disable_all_campaigns":false},"product_brand":[],"product_cat":[15],"product_tag":[],"class_list":{"0":"post-16764","1":"product","2":"type-product","3":"status-publish","4":"has-post-thumbnail","6":"product_cat-beaute-sante-complements-alimentaires-soins-et-bien-etre-au-meilleur-prix","8":"first","9":"instock","10":"sale","11":"taxable","12":"shipping-taxable","13":"purchasable","14":"product-type-variable"},"yoast_head":"<!-- This site is optimized with the Yoast SEO plugin v27.3 - https:\/\/yoast.com\/product\/yoast-seo-wordpress\/ -->\n<title>Daylong Extr\u00eame Lait Solaire SPF50+ - Maroc Prix<\/title>\n<meta name=\"description\" content=\"Daylong Extr\u00eame Lait Solaire SPF50+\" \/>\n<meta name=\"robots\" content=\"index, follow, max-snippet:-1, max-image-preview:large, max-video-preview:-1\" \/>\n<link rel=\"canonical\" href=\"https:\/\/vitablanca.ma\/en\/product\/daylong-extreme-lait-solaire-spf50\/\" \/>\n<meta property=\"og:locale\" content=\"en_US\" \/>\n<meta property=\"og:type\" content=\"article\" \/>\n<meta property=\"og:title\" content=\"Daylong Extr\u00eame Lait Solaire SPF50+ - Maroc Prix\" \/>\n<meta property=\"og:description\" content=\"Daylong Extr\u00eame Lait Solaire SPF50+\" \/>\n<meta property=\"og:url\" content=\"https:\/\/vitablanca.ma\/en\/product\/daylong-extreme-lait-solaire-spf50\/\" \/>\n<meta property=\"og:site_name\" content=\"Vitablanca.ma &ndash; Sant&eacute;, vitalit&eacute; et bien-&ecirc;tre pour tous les Marocains\" \/>\n<meta property=\"article:publisher\" content=\"https:\/\/www.facebook.com\/profile.php?id=61576678196717\" \/>\n<meta property=\"og:image\" content=\"https:\/\/vitablanca.ma\/wp-content\/uploads\/2025\/06\/Daylong-Extreme-SPF50_-50ml-nova-parapharmacie-casablanca_b9564b75-680d-439a-84e4-ea391192f271.jpg\" \/>\n\t<meta property=\"og:image:width\" content=\"1000\" \/>\n\t<meta property=\"og:image:height\" content=\"1000\" \/>\n\t<meta property=\"og:image:type\" content=\"image\/jpeg\" \/>\n<meta name=\"twitter:card\" content=\"summary_large_image\" \/>\n<meta name=\"twitter:label1\" content=\"Est. reading time\" \/>\n\t<meta name=\"twitter:data1\" content=\"1 minute\" \/>\n<script type=\"application\/ld+json\" class=\"yoast-schema-graph\">{\"@context\":\"https:\\\/\\\/schema.org\",\"@graph\":[{\"@type\":[\"WebPage\",\"ItemPage\"],\"@id\":\"https:\\\/\\\/vitablanca.ma\\\/produit\\\/daylong-extreme-lait-solaire-spf50\\\/\",\"url\":\"https:\\\/\\\/vitablanca.ma\\\/produit\\\/daylong-extreme-lait-solaire-spf50\\\/\",\"name\":\"Daylong Extr\u00eame Lait Solaire SPF50+ - Maroc Prix\",\"isPartOf\":{\"@id\":\"https:\\\/\\\/vitablanca.ma\\\/#website\"},\"primaryImageOfPage\":{\"@id\":\"https:\\\/\\\/vitablanca.ma\\\/produit\\\/daylong-extreme-lait-solaire-spf50\\\/#primaryimage\"},\"image\":{\"@id\":\"https:\\\/\\\/vitablanca.ma\\\/produit\\\/daylong-extreme-lait-solaire-spf50\\\/#primaryimage\"},\"thumbnailUrl\":\"https:\\\/\\\/vitablanca.ma\\\/wp-content\\\/uploads\\\/2025\\\/06\\\/Daylong-Extreme-SPF50_-50ml-nova-parapharmacie-casablanca_b9564b75-680d-439a-84e4-ea391192f271.jpg\",\"datePublished\":\"2025-06-10T16:47:34+00:00\",\"description\":\"Daylong Extr\u00eame Lait Solaire SPF50+\",\"breadcrumb\":{\"@id\":\"https:\\\/\\\/vitablanca.ma\\\/produit\\\/daylong-extreme-lait-solaire-spf50\\\/#breadcrumb\"},\"inLanguage\":\"en-US\",\"potentialAction\":[{\"@type\":\"ReadAction\",\"target\":[\"https:\\\/\\\/vitablanca.ma\\\/produit\\\/daylong-extreme-lait-solaire-spf50\\\/\"]}]},{\"@type\":\"ImageObject\",\"inLanguage\":\"en-US\",\"@id\":\"https:\\\/\\\/vitablanca.ma\\\/produit\\\/daylong-extreme-lait-solaire-spf50\\\/#primaryimage\",\"url\":\"https:\\\/\\\/vitablanca.ma\\\/wp-content\\\/uploads\\\/2025\\\/06\\\/Daylong-Extreme-SPF50_-50ml-nova-parapharmacie-casablanca_b9564b75-680d-439a-84e4-ea391192f271.jpg\",\"contentUrl\":\"https:\\\/\\\/vitablanca.ma\\\/wp-content\\\/uploads\\\/2025\\\/06\\\/Daylong-Extreme-SPF50_-50ml-nova-parapharmacie-casablanca_b9564b75-680d-439a-84e4-ea391192f271.jpg\",\"width\":1000,\"height\":1000},{\"@type\":\"BreadcrumbList\",\"@id\":\"https:\\\/\\\/vitablanca.ma\\\/produit\\\/daylong-extreme-lait-solaire-spf50\\\/#breadcrumb\",\"itemListElement\":[{\"@type\":\"ListItem\",\"position\":1,\"name\":\"Home\",\"item\":\"https:\\\/\\\/vitablanca.ma\\\/\"},{\"@type\":\"ListItem\",\"position\":2,\"name\":\"Tous Les Produits\",\"item\":\"https:\\\/\\\/vitablanca.ma\\\/tous-les-produits\\\/\"},{\"@type\":\"ListItem\",\"position\":3,\"name\":\"Daylong Extr\u00eame Lait Solaire SPF50+\"}]},{\"@type\":\"WebSite\",\"@id\":\"https:\\\/\\\/vitablanca.ma\\\/#website\",\"url\":\"https:\\\/\\\/vitablanca.ma\\\/\",\"name\":\"VitaBlanca.ma | Compl\u00e9ments alimentaires, sant\u00e9 & beaut\u00e9 au Maroc\",\"description\":\"vendre vitamines et compl\u00e9ments premium des USA &amp; Canada, Nouvelle Z\u00e9lande,Maroc (NOW Foods, Solgar, Manuka). Livraison rapide partout au Maroc.\",\"publisher\":{\"@id\":\"https:\\\/\\\/vitablanca.ma\\\/#organization\"},\"alternateName\":\"VitaBlanca.ma\",\"potentialAction\":[{\"@type\":\"SearchAction\",\"target\":{\"@type\":\"EntryPoint\",\"urlTemplate\":\"https:\\\/\\\/vitablanca.ma\\\/?s={search_term_string}\"},\"query-input\":{\"@type\":\"PropertyValueSpecification\",\"valueRequired\":true,\"valueName\":\"search_term_string\"}}],\"inLanguage\":\"en-US\"},{\"@type\":\"Organization\",\"@id\":\"https:\\\/\\\/vitablanca.ma\\\/#organization\",\"name\":\"VitaBlanca\",\"url\":\"https:\\\/\\\/vitablanca.ma\\\/\",\"logo\":{\"@type\":\"ImageObject\",\"inLanguage\":\"en-US\",\"@id\":\"https:\\\/\\\/vitablanca.ma\\\/#\\\/schema\\\/logo\\\/image\\\/\",\"url\":\"https:\\\/\\\/vitablanca.ma\\\/wp-content\\\/uploads\\\/2025\\\/05\\\/cropped-vitablanca.png\",\"contentUrl\":\"https:\\\/\\\/vitablanca.ma\\\/wp-content\\\/uploads\\\/2025\\\/05\\\/cropped-vitablanca.png\",\"width\":360,\"height\":67,\"caption\":\"VitaBlanca\"},\"image\":{\"@id\":\"https:\\\/\\\/vitablanca.ma\\\/#\\\/schema\\\/logo\\\/image\\\/\"},\"sameAs\":[\"https:\\\/\\\/www.facebook.com\\\/profile.php?id=61576678196717\",\"https:\\\/\\\/www.tiktok.com\\\/@vitablanca.ma\",\"https:\\\/\\\/www.instagram.com\\\/vitablanca.ma\\\/\"]}]}<\/script>\n<!-- \/ Yoast SEO plugin. -->","yoast_head_json":{"title":"Daylong Extreme Sun Milk SPF50+ - Morocco Price","description":"Daylong Extreme Sun Milk SPF50+","robots":{"index":"index","follow":"follow","max-snippet":"max-snippet:-1","max-image-preview":"max-image-preview:large","max-video-preview":"max-video-preview:-1"},"canonical":"https:\/\/vitablanca.ma\/en\/product\/daylong-extreme-lait-solaire-spf50\/","og_locale":"en_US","og_type":"article","og_title":"Daylong Extr\u00eame Lait Solaire SPF50+ - Maroc Prix","og_description":"Daylong Extr\u00eame Lait Solaire SPF50+","og_url":"https:\/\/vitablanca.ma\/en\/product\/daylong-extreme-lait-solaire-spf50\/","og_site_name":"Vitablanca.ma &ndash; Sant&eacute;, vitalit&eacute; et bien-&ecirc;tre pour tous les Marocains","article_publisher":"https:\/\/www.facebook.com\/profile.php?id=61576678196717","og_image":[{"width":1000,"height":1000,"url":"https:\/\/vitablanca.ma\/wp-content\/uploads\/2025\/06\/Daylong-Extreme-SPF50_-50ml-nova-parapharmacie-casablanca_b9564b75-680d-439a-84e4-ea391192f271.jpg","type":"image\/jpeg"}],"twitter_card":"summary_large_image","twitter_misc":{"Est. reading time":"1 minute"},"schema":{"@context":"https:\/\/schema.org","@graph":[{"@type":["WebPage","ItemPage"],"@id":"https:\/\/vitablanca.ma\/produit\/daylong-extreme-lait-solaire-spf50\/","url":"https:\/\/vitablanca.ma\/produit\/daylong-extreme-lait-solaire-spf50\/","name":"Daylong Extreme Sun Milk SPF50+ - Morocco Price","isPartOf":{"@id":"https:\/\/vitablanca.ma\/#website"},"primaryImageOfPage":{"@id":"https:\/\/vitablanca.ma\/produit\/daylong-extreme-lait-solaire-spf50\/#primaryimage"},"image":{"@id":"https:\/\/vitablanca.ma\/produit\/daylong-extreme-lait-solaire-spf50\/#primaryimage"},"thumbnailUrl":"https:\/\/vitablanca.ma\/wp-content\/uploads\/2025\/06\/Daylong-Extreme-SPF50_-50ml-nova-parapharmacie-casablanca_b9564b75-680d-439a-84e4-ea391192f271.jpg","datePublished":"2025-06-10T16:47:34+00:00","description":"Daylong Extreme Sun Milk SPF50+","breadcrumb":{"@id":"https:\/\/vitablanca.ma\/produit\/daylong-extreme-lait-solaire-spf50\/#breadcrumb"},"inLanguage":"en-US","potentialAction":[{"@type":"ReadAction","target":["https:\/\/vitablanca.ma\/produit\/daylong-extreme-lait-solaire-spf50\/"]}]},{"@type":"ImageObject","inLanguage":"en-US","@id":"https:\/\/vitablanca.ma\/produit\/daylong-extreme-lait-solaire-spf50\/#primaryimage","url":"https:\/\/vitablanca.ma\/wp-content\/uploads\/2025\/06\/Daylong-Extreme-SPF50_-50ml-nova-parapharmacie-casablanca_b9564b75-680d-439a-84e4-ea391192f271.jpg","contentUrl":"https:\/\/vitablanca.ma\/wp-content\/uploads\/2025\/06\/Daylong-Extreme-SPF50_-50ml-nova-parapharmacie-casablanca_b9564b75-680d-439a-84e4-ea391192f271.jpg","width":1000,"height":1000},{"@type":"BreadcrumbList","@id":"https:\/\/vitablanca.ma\/produit\/daylong-extreme-lait-solaire-spf50\/#breadcrumb","itemListElement":[{"@type":"ListItem","position":1,"name":"Home","item":"https:\/\/vitablanca.ma\/"},{"@type":"ListItem","position":2,"name":"Tous Les Produits","item":"https:\/\/vitablanca.ma\/tous-les-produits\/"},{"@type":"ListItem","position":3,"name":"Daylong Extr\u00eame Lait Solaire SPF50+"}]},{"@type":"WebSite","@id":"https:\/\/vitablanca.ma\/#website","url":"https:\/\/vitablanca.ma\/","name":"VitaBlanca.ma | Food supplements, health &amp; beauty in Morocco","description":"sell premium vitamins and supplements from USA &amp; Canada, New Zealand, Morocco (NOW Foods, Solgar, Manuka). Fast delivery anywhere in Morocco.","publisher":{"@id":"https:\/\/vitablanca.ma\/#organization"},"alternateName":"VitaBlanca.ma","potentialAction":[{"@type":"SearchAction","target":{"@type":"EntryPoint","urlTemplate":"https:\/\/vitablanca.ma\/?s={search_term_string}"},"query-input":{"@type":"PropertyValueSpecification","valueRequired":true,"valueName":"search_term_string"}}],"inLanguage":"en-US"},{"@type":"Organization","@id":"https:\/\/vitablanca.ma\/#organization","name":"VitaBlanca","url":"https:\/\/vitablanca.ma\/","logo":{"@type":"ImageObject","inLanguage":"en-US","@id":"https:\/\/vitablanca.ma\/#\/schema\/logo\/image\/","url":"https:\/\/vitablanca.ma\/wp-content\/uploads\/2025\/05\/cropped-vitablanca.png","contentUrl":"https:\/\/vitablanca.ma\/wp-content\/uploads\/2025\/05\/cropped-vitablanca.png","width":360,"height":67,"caption":"VitaBlanca"},"image":{"@id":"https:\/\/vitablanca.ma\/#\/schema\/logo\/image\/"},"sameAs":["https:\/\/www.facebook.com\/profile.php?id=61576678196717","https:\/\/www.tiktok.com\/@vitablanca.ma","https:\/\/www.instagram.com\/vitablanca.ma\/"]}]}},"jetpack_sharing_enabled":true,"_links":{"self":[{"href":"https:\/\/vitablanca.ma\/en\/wp-json\/wp\/v2\/product\/16764","targetHints":{"allow":["GET"]}}],"collection":[{"href":"https:\/\/vitablanca.ma\/en\/wp-json\/wp\/v2\/product"}],"about":[{"href":"https:\/\/vitablanca.ma\/en\/wp-json\/wp\/v2\/types\/product"}],"wp:featuredmedia":[{"embeddable":true,"href":"https:\/\/vitablanca.ma\/en\/wp-json\/wp\/v2\/media\/16760"}],"wp:attachment":[{"href":"https:\/\/vitablanca.ma\/en\/wp-json\/wp\/v2\/media?parent=16764"}],"wp:term":[{"taxonomy":"product_brand","embeddable":true,"href":"https:\/\/vitablanca.ma\/en\/wp-json\/wp\/v2\/product_brand?post=16764"},{"taxonomy":"product_cat","embeddable":true,"href":"https:\/\/vitablanca.ma\/en\/wp-json\/wp\/v2\/product_cat?post=16764"},{"taxonomy":"product_tag","embeddable":true,"href":"https:\/\/vitablanca.ma\/en\/wp-json\/wp\/v2\/product_tag?post=16764"}],"curies":[{"name":"wp","href":"https:\/\/api.w.org\/{rel}","templated":true}]}}