{"id":16761,"date":"2025-06-10T16:47:31","date_gmt":"2025-06-10T16:47:31","guid":{"rendered":"https:\/\/vitablanca.ma\/product\/curasept-ads-205-bain-de-bouche-a-la-chlorhexidine-200ml\/"},"modified":"2025-06-10T16:47:31","modified_gmt":"2025-06-10T16:47:31","slug":"curasept-ads-205-bain-de-bouche-a-la-chlorhexidine-200ml","status":"publish","type":"product","link":"https:\/\/vitablanca.ma\/en\/product\/curasept-ads-205-bain-de-bouche-a-la-chlorhexidine-200ml\/","title":{"rendered":"Curasept ADS 205 Chlorhexidine Mouthwash 200ml"},"content":{"rendered":"<h2 data-mce-fragment=\"1\">Curasept ADS 205 Chlorhexidine Mouthwash<strong data-mce-fragment=\"1\"><span data-mce-fragment=\"1\">\u00a0<\/span>complete with Chlorhexidine with a solution for all mouths<\/strong><span data-mce-fragment=\"1\">.<\/span><br \/>\n<\/h2>\n<h4 data-mce-fragment=\"1\">Chlorhexidine, the benchmark dental antiseptic, allows:<\/h4>\n<ul data-mce-fragment=\"1\">\n<li data-mce-fragment=\"1\">Control of dental plaque formation<\/li>\n<li data-mce-fragment=\"1\">Reduction of gingival bleeding<\/li>\n<\/ul>\n<h4 data-mce-fragment=\"1\">ADS\u00ae, an innovative patented system<\/h4>\n<p data-mce-fragment=\"1\">The ADS anti-staining system is a truly patented innovation, reducing brown tooth staining often associated with chlorhexidine, as well as taste alteration. Different concentrations of chlorhexidine are available in this range for each clinical case: 0.05%, 0.12% or 0.20%<\/p>\n<h3 data-mce-fragment=\"1\">Tips and use cases<\/h3>\n<ul data-mce-fragment=\"1\">\n<li data-mce-fragment=\"1\">Orthodontics, Prosthetics and other specific situations<\/li>\n<li data-mce-fragment=\"1\">Prevention and maintenance<\/li>\n<li data-mce-fragment=\"1\">Daily use \u2013 2 times a day<\/li>\n<li data-mce-fragment=\"1\">Complementary effectiveness with the<span data-mce-fragment=\"1\">\u00a0<\/span>CURASEPT ADS 705 chlorhexidine toothpaste 75mL\u00a0<\/li>\n<\/ul>\n<h3 data-mce-fragment=\"1\">Features<\/h3>\n<ul data-mce-fragment=\"1\">\n<li data-mce-fragment=\"1\">Chlorhexidine concentration: 0.05%<\/li>\n<li data-mce-fragment=\"1\">Reduction of bleeding indices and dental plaque<\/li>\n<li data-mce-fragment=\"1\">No alteration of taste (dysgeusia)<\/li>\n<li data-mce-fragment=\"1\">Alcohol-free \u2013 Sodium lauryl sulfate-free<\/li>\n<li data-mce-fragment=\"1\">Does not sting<\/li>\n<li data-mce-fragment=\"1\">Ready to use and does not dilute<\/li>\n<li data-mce-fragment=\"1\">From 6 years old<\/li>\n<li data-mce-fragment=\"1\">Capacity: 200mL<\/li>\n<\/ul>\n<h3 data-mce-fragment=\"1\">\u00a0Ingredients<\/h3>\n<p data-mce-fragment=\"1\">Aqua, Xylitol, Propylene Glycol, Peg-40 Hydrogenated Castor Oil, Ascorbic Acid, Chlorhexidine Digluconate, Aroma, Sodium Fluoride, Poloxamer 407, Sodium Benzoate, Sodium Metabisulfite, Sodium Hydroxide, CI 42090.<\/p>","protected":false},"excerpt":{"rendered":"<p>Curasept ADS 205 Bain de bouche \u00e0 la chlorhexidine\u00a0compl\u00e8te \u00e0 la Chlorhexidine avec une solution pour toutes les bouches. La chlorhexidine, l\u2019antiseptique de r\u00e9f\u00e9rence dentaire, permet : Le contr\u00f4le de la formation de plaque dentaire La r\u00e9duction du saignement gingival L\u2019ADS\u00ae, un syst\u00e8me innovant brevet\u00e9 Le syst\u00e8me anti-coloration ADS est une r\u00e9elle innovation brevet\u00e9e, permettant [&hellip;]<\/p>\n","protected":false},"featured_media":16759,"template":"","meta":{"om_disable_all_campaigns":false},"product_brand":[],"product_cat":[15],"product_tag":[],"class_list":{"0":"post-16761","1":"product","2":"type-product","3":"status-publish","4":"has-post-thumbnail","6":"product_cat-beaute-sante-complements-alimentaires-soins-et-bien-etre-au-meilleur-prix","8":"first","9":"instock","10":"sale","11":"taxable","12":"shipping-taxable","13":"purchasable","14":"product-type-simple"},"yoast_head":"<!-- This site is optimized with the Yoast SEO plugin v27.3 - https:\/\/yoast.com\/product\/yoast-seo-wordpress\/ -->\n<title>Curasept ADS 205 Bain de bouche \u00e0 la chlorhexidine 200ml - Maroc Prix<\/title>\n<meta name=\"description\" content=\"Curasept ADS 205 Bain de bouche \u00e0 la chlorhexidine 200ml\" \/>\n<meta name=\"robots\" content=\"index, follow, max-snippet:-1, max-image-preview:large, max-video-preview:-1\" \/>\n<link rel=\"canonical\" href=\"https:\/\/vitablanca.ma\/en\/product\/curasept-ads-205-bain-de-bouche-a-la-chlorhexidine-200ml\/\" \/>\n<meta property=\"og:locale\" content=\"en_US\" \/>\n<meta property=\"og:type\" content=\"article\" \/>\n<meta property=\"og:title\" content=\"Curasept ADS 205 Bain de bouche \u00e0 la chlorhexidine 200ml - Maroc Prix\" \/>\n<meta property=\"og:description\" content=\"Curasept ADS 205 Bain de bouche \u00e0 la chlorhexidine 200ml\" \/>\n<meta property=\"og:url\" content=\"https:\/\/vitablanca.ma\/en\/product\/curasept-ads-205-bain-de-bouche-a-la-chlorhexidine-200ml\/\" \/>\n<meta property=\"og:site_name\" content=\"Vitablanca.ma &ndash; Sant&eacute;, vitalit&eacute; et bien-&ecirc;tre pour tous les Marocains\" \/>\n<meta property=\"article:publisher\" content=\"https:\/\/www.facebook.com\/profile.php?id=61576678196717\" \/>\n<meta property=\"og:image\" content=\"https:\/\/vitablanca.ma\/wp-content\/uploads\/2025\/06\/Curasept-ADS-205-Bain-de-bouche-a-la-chlorhexidine-200ml-nova-parapharmacie-maroc.png\" \/>\n\t<meta property=\"og:image:width\" content=\"1000\" \/>\n\t<meta property=\"og:image:height\" content=\"1000\" \/>\n\t<meta property=\"og:image:type\" content=\"image\/png\" \/>\n<meta name=\"twitter:card\" content=\"summary_large_image\" \/>\n<meta name=\"twitter:label1\" content=\"Est. reading time\" \/>\n\t<meta name=\"twitter:data1\" content=\"1 minute\" \/>\n<script type=\"application\/ld+json\" class=\"yoast-schema-graph\">{\"@context\":\"https:\\\/\\\/schema.org\",\"@graph\":[{\"@type\":[\"WebPage\",\"ItemPage\"],\"@id\":\"https:\\\/\\\/vitablanca.ma\\\/produit\\\/curasept-ads-205-bain-de-bouche-a-la-chlorhexidine-200ml\\\/\",\"url\":\"https:\\\/\\\/vitablanca.ma\\\/produit\\\/curasept-ads-205-bain-de-bouche-a-la-chlorhexidine-200ml\\\/\",\"name\":\"Curasept ADS 205 Bain de bouche \u00e0 la chlorhexidine 200ml - Maroc Prix\",\"isPartOf\":{\"@id\":\"https:\\\/\\\/vitablanca.ma\\\/#website\"},\"primaryImageOfPage\":{\"@id\":\"https:\\\/\\\/vitablanca.ma\\\/produit\\\/curasept-ads-205-bain-de-bouche-a-la-chlorhexidine-200ml\\\/#primaryimage\"},\"image\":{\"@id\":\"https:\\\/\\\/vitablanca.ma\\\/produit\\\/curasept-ads-205-bain-de-bouche-a-la-chlorhexidine-200ml\\\/#primaryimage\"},\"thumbnailUrl\":\"https:\\\/\\\/vitablanca.ma\\\/wp-content\\\/uploads\\\/2025\\\/06\\\/Curasept-ADS-205-Bain-de-bouche-a-la-chlorhexidine-200ml-nova-parapharmacie-maroc.png\",\"datePublished\":\"2025-06-10T16:47:31+00:00\",\"description\":\"Curasept ADS 205 Bain de bouche \u00e0 la chlorhexidine 200ml\",\"breadcrumb\":{\"@id\":\"https:\\\/\\\/vitablanca.ma\\\/produit\\\/curasept-ads-205-bain-de-bouche-a-la-chlorhexidine-200ml\\\/#breadcrumb\"},\"inLanguage\":\"en-US\",\"potentialAction\":[{\"@type\":\"ReadAction\",\"target\":[\"https:\\\/\\\/vitablanca.ma\\\/produit\\\/curasept-ads-205-bain-de-bouche-a-la-chlorhexidine-200ml\\\/\"]}]},{\"@type\":\"ImageObject\",\"inLanguage\":\"en-US\",\"@id\":\"https:\\\/\\\/vitablanca.ma\\\/produit\\\/curasept-ads-205-bain-de-bouche-a-la-chlorhexidine-200ml\\\/#primaryimage\",\"url\":\"https:\\\/\\\/vitablanca.ma\\\/wp-content\\\/uploads\\\/2025\\\/06\\\/Curasept-ADS-205-Bain-de-bouche-a-la-chlorhexidine-200ml-nova-parapharmacie-maroc.png\",\"contentUrl\":\"https:\\\/\\\/vitablanca.ma\\\/wp-content\\\/uploads\\\/2025\\\/06\\\/Curasept-ADS-205-Bain-de-bouche-a-la-chlorhexidine-200ml-nova-parapharmacie-maroc.png\",\"width\":1000,\"height\":1000},{\"@type\":\"BreadcrumbList\",\"@id\":\"https:\\\/\\\/vitablanca.ma\\\/produit\\\/curasept-ads-205-bain-de-bouche-a-la-chlorhexidine-200ml\\\/#breadcrumb\",\"itemListElement\":[{\"@type\":\"ListItem\",\"position\":1,\"name\":\"Home\",\"item\":\"https:\\\/\\\/vitablanca.ma\\\/\"},{\"@type\":\"ListItem\",\"position\":2,\"name\":\"Tous Les Produits\",\"item\":\"https:\\\/\\\/vitablanca.ma\\\/tous-les-produits\\\/\"},{\"@type\":\"ListItem\",\"position\":3,\"name\":\"Curasept ADS 205 Bain de bouche \u00e0 la chlorhexidine 200ml\"}]},{\"@type\":\"WebSite\",\"@id\":\"https:\\\/\\\/vitablanca.ma\\\/#website\",\"url\":\"https:\\\/\\\/vitablanca.ma\\\/\",\"name\":\"VitaBlanca.ma | Compl\u00e9ments alimentaires, sant\u00e9 & beaut\u00e9 au Maroc\",\"description\":\"vendre vitamines et compl\u00e9ments premium des USA &amp; Canada, Nouvelle Z\u00e9lande,Maroc (NOW Foods, Solgar, Manuka). Livraison rapide partout au Maroc.\",\"publisher\":{\"@id\":\"https:\\\/\\\/vitablanca.ma\\\/#organization\"},\"alternateName\":\"VitaBlanca.ma\",\"potentialAction\":[{\"@type\":\"SearchAction\",\"target\":{\"@type\":\"EntryPoint\",\"urlTemplate\":\"https:\\\/\\\/vitablanca.ma\\\/?s={search_term_string}\"},\"query-input\":{\"@type\":\"PropertyValueSpecification\",\"valueRequired\":true,\"valueName\":\"search_term_string\"}}],\"inLanguage\":\"en-US\"},{\"@type\":\"Organization\",\"@id\":\"https:\\\/\\\/vitablanca.ma\\\/#organization\",\"name\":\"VitaBlanca\",\"url\":\"https:\\\/\\\/vitablanca.ma\\\/\",\"logo\":{\"@type\":\"ImageObject\",\"inLanguage\":\"en-US\",\"@id\":\"https:\\\/\\\/vitablanca.ma\\\/#\\\/schema\\\/logo\\\/image\\\/\",\"url\":\"https:\\\/\\\/vitablanca.ma\\\/wp-content\\\/uploads\\\/2025\\\/05\\\/cropped-vitablanca.png\",\"contentUrl\":\"https:\\\/\\\/vitablanca.ma\\\/wp-content\\\/uploads\\\/2025\\\/05\\\/cropped-vitablanca.png\",\"width\":360,\"height\":67,\"caption\":\"VitaBlanca\"},\"image\":{\"@id\":\"https:\\\/\\\/vitablanca.ma\\\/#\\\/schema\\\/logo\\\/image\\\/\"},\"sameAs\":[\"https:\\\/\\\/www.facebook.com\\\/profile.php?id=61576678196717\",\"https:\\\/\\\/www.tiktok.com\\\/@vitablanca.ma\",\"https:\\\/\\\/www.instagram.com\\\/vitablanca.ma\\\/\"]}]}<\/script>\n<!-- \/ Yoast SEO plugin. -->","yoast_head_json":{"title":"Curasept ADS 205 Chlorhexidine Mouthwash 200ml - Morocco Price","description":"Curasept ADS 205 Chlorhexidine Mouthwash 200ml","robots":{"index":"index","follow":"follow","max-snippet":"max-snippet:-1","max-image-preview":"max-image-preview:large","max-video-preview":"max-video-preview:-1"},"canonical":"https:\/\/vitablanca.ma\/en\/product\/curasept-ads-205-bain-de-bouche-a-la-chlorhexidine-200ml\/","og_locale":"en_US","og_type":"article","og_title":"Curasept ADS 205 Bain de bouche \u00e0 la chlorhexidine 200ml - Maroc Prix","og_description":"Curasept ADS 205 Bain de bouche \u00e0 la chlorhexidine 200ml","og_url":"https:\/\/vitablanca.ma\/en\/product\/curasept-ads-205-bain-de-bouche-a-la-chlorhexidine-200ml\/","og_site_name":"Vitablanca.ma &ndash; Sant&eacute;, vitalit&eacute; et bien-&ecirc;tre pour tous les Marocains","article_publisher":"https:\/\/www.facebook.com\/profile.php?id=61576678196717","og_image":[{"width":1000,"height":1000,"url":"https:\/\/vitablanca.ma\/wp-content\/uploads\/2025\/06\/Curasept-ADS-205-Bain-de-bouche-a-la-chlorhexidine-200ml-nova-parapharmacie-maroc.png","type":"image\/png"}],"twitter_card":"summary_large_image","twitter_misc":{"Est. reading time":"1 minute"},"schema":{"@context":"https:\/\/schema.org","@graph":[{"@type":["WebPage","ItemPage"],"@id":"https:\/\/vitablanca.ma\/produit\/curasept-ads-205-bain-de-bouche-a-la-chlorhexidine-200ml\/","url":"https:\/\/vitablanca.ma\/produit\/curasept-ads-205-bain-de-bouche-a-la-chlorhexidine-200ml\/","name":"Curasept ADS 205 Chlorhexidine Mouthwash 200ml - Morocco Price","isPartOf":{"@id":"https:\/\/vitablanca.ma\/#website"},"primaryImageOfPage":{"@id":"https:\/\/vitablanca.ma\/produit\/curasept-ads-205-bain-de-bouche-a-la-chlorhexidine-200ml\/#primaryimage"},"image":{"@id":"https:\/\/vitablanca.ma\/produit\/curasept-ads-205-bain-de-bouche-a-la-chlorhexidine-200ml\/#primaryimage"},"thumbnailUrl":"https:\/\/vitablanca.ma\/wp-content\/uploads\/2025\/06\/Curasept-ADS-205-Bain-de-bouche-a-la-chlorhexidine-200ml-nova-parapharmacie-maroc.png","datePublished":"2025-06-10T16:47:31+00:00","description":"Curasept ADS 205 Chlorhexidine Mouthwash 200ml","breadcrumb":{"@id":"https:\/\/vitablanca.ma\/produit\/curasept-ads-205-bain-de-bouche-a-la-chlorhexidine-200ml\/#breadcrumb"},"inLanguage":"en-US","potentialAction":[{"@type":"ReadAction","target":["https:\/\/vitablanca.ma\/produit\/curasept-ads-205-bain-de-bouche-a-la-chlorhexidine-200ml\/"]}]},{"@type":"ImageObject","inLanguage":"en-US","@id":"https:\/\/vitablanca.ma\/produit\/curasept-ads-205-bain-de-bouche-a-la-chlorhexidine-200ml\/#primaryimage","url":"https:\/\/vitablanca.ma\/wp-content\/uploads\/2025\/06\/Curasept-ADS-205-Bain-de-bouche-a-la-chlorhexidine-200ml-nova-parapharmacie-maroc.png","contentUrl":"https:\/\/vitablanca.ma\/wp-content\/uploads\/2025\/06\/Curasept-ADS-205-Bain-de-bouche-a-la-chlorhexidine-200ml-nova-parapharmacie-maroc.png","width":1000,"height":1000},{"@type":"BreadcrumbList","@id":"https:\/\/vitablanca.ma\/produit\/curasept-ads-205-bain-de-bouche-a-la-chlorhexidine-200ml\/#breadcrumb","itemListElement":[{"@type":"ListItem","position":1,"name":"Home","item":"https:\/\/vitablanca.ma\/"},{"@type":"ListItem","position":2,"name":"Tous Les Produits","item":"https:\/\/vitablanca.ma\/tous-les-produits\/"},{"@type":"ListItem","position":3,"name":"Curasept ADS 205 Bain de bouche \u00e0 la chlorhexidine 200ml"}]},{"@type":"WebSite","@id":"https:\/\/vitablanca.ma\/#website","url":"https:\/\/vitablanca.ma\/","name":"VitaBlanca.ma | Food supplements, health &amp; beauty in Morocco","description":"sell premium vitamins and supplements from USA &amp; Canada, New Zealand, Morocco (NOW Foods, Solgar, Manuka). Fast delivery anywhere in Morocco.","publisher":{"@id":"https:\/\/vitablanca.ma\/#organization"},"alternateName":"VitaBlanca.ma","potentialAction":[{"@type":"SearchAction","target":{"@type":"EntryPoint","urlTemplate":"https:\/\/vitablanca.ma\/?s={search_term_string}"},"query-input":{"@type":"PropertyValueSpecification","valueRequired":true,"valueName":"search_term_string"}}],"inLanguage":"en-US"},{"@type":"Organization","@id":"https:\/\/vitablanca.ma\/#organization","name":"VitaBlanca","url":"https:\/\/vitablanca.ma\/","logo":{"@type":"ImageObject","inLanguage":"en-US","@id":"https:\/\/vitablanca.ma\/#\/schema\/logo\/image\/","url":"https:\/\/vitablanca.ma\/wp-content\/uploads\/2025\/05\/cropped-vitablanca.png","contentUrl":"https:\/\/vitablanca.ma\/wp-content\/uploads\/2025\/05\/cropped-vitablanca.png","width":360,"height":67,"caption":"VitaBlanca"},"image":{"@id":"https:\/\/vitablanca.ma\/#\/schema\/logo\/image\/"},"sameAs":["https:\/\/www.facebook.com\/profile.php?id=61576678196717","https:\/\/www.tiktok.com\/@vitablanca.ma","https:\/\/www.instagram.com\/vitablanca.ma\/"]}]}},"jetpack_sharing_enabled":true,"_links":{"self":[{"href":"https:\/\/vitablanca.ma\/en\/wp-json\/wp\/v2\/product\/16761","targetHints":{"allow":["GET"]}}],"collection":[{"href":"https:\/\/vitablanca.ma\/en\/wp-json\/wp\/v2\/product"}],"about":[{"href":"https:\/\/vitablanca.ma\/en\/wp-json\/wp\/v2\/types\/product"}],"wp:featuredmedia":[{"embeddable":true,"href":"https:\/\/vitablanca.ma\/en\/wp-json\/wp\/v2\/media\/16759"}],"wp:attachment":[{"href":"https:\/\/vitablanca.ma\/en\/wp-json\/wp\/v2\/media?parent=16761"}],"wp:term":[{"taxonomy":"product_brand","embeddable":true,"href":"https:\/\/vitablanca.ma\/en\/wp-json\/wp\/v2\/product_brand?post=16761"},{"taxonomy":"product_cat","embeddable":true,"href":"https:\/\/vitablanca.ma\/en\/wp-json\/wp\/v2\/product_cat?post=16761"},{"taxonomy":"product_tag","embeddable":true,"href":"https:\/\/vitablanca.ma\/en\/wp-json\/wp\/v2\/product_tag?post=16761"}],"curies":[{"name":"wp","href":"https:\/\/api.w.org\/{rel}","templated":true}]}}