{"id":16758,"date":"2025-06-10T16:47:27","date_gmt":"2025-06-10T16:47:27","guid":{"rendered":"https:\/\/vitablanca.ma\/product\/covermark-concealer-stick-anti-cerne-n6-spf-30-6g\/"},"modified":"2025-06-10T16:47:27","modified_gmt":"2025-06-10T16:47:27","slug":"covermark-concealer-stick-anti-cerne-n6-spf-30-6g","status":"publish","type":"product","link":"https:\/\/vitablanca.ma\/en\/product\/covermark-concealer-stick-anti-cerne-n6-spf-30-6g\/","title":{"rendered":"Covermark Concealer Stick Concealer No. 6 SPF 30 6g"},"content":{"rendered":"<h2 data-mce-fragment=\"1\">Covermark Concealer Stick Concealer No. 6 SPF 30<\/h2>\n<p data-mce-fragment=\"1\">6g<\/p>\n<p data-mce-fragment=\"1\">Covermark Concealer No. 6 Stick 6g Covermark Concealer Stick is the perfect solution for instantly concealing dark circles and small blood vessels, as well as reducing under-eye puffiness. Its extremely soft texture makes it ideal for the sensitive eye area.<\/p>\n<p data-mce-fragment=\"1\">Thanks to the presence of Vitamins A and E, it fights free radicals responsible for the formation of wrinkles and fine lines. Waterproof, it has been specially designed for a long-lasting effect. For all skin types. Waterproof. Hypoallergenic. SPF 30 sun protection. Available in 6 shades.<\/p>","protected":false},"excerpt":{"rendered":"<p>Covermark Concealer Stick Anti-Cerne N\u00b06 SPF 30 6g Covermark Concealer n\u00b06 Stick 6g\u00a0L\u2019anti-cernes en stick Covermark est la solution id\u00e9ale pour dissimuler imm\u00e9diatement les cernes et petits vaisseaux sanguins mais \u00e9galement pour att\u00e9nuer les poches sous les yeux. Sa texture extr\u00eamement douce le rend id\u00e9al pour la zone sensible du contour de l\u2019\u0153il. Gr\u00e2ce \u00e0 [&hellip;]<\/p>\n","protected":false},"featured_media":16755,"template":"","meta":{"om_disable_all_campaigns":false},"product_brand":[],"product_cat":[15],"product_tag":[],"class_list":{"0":"post-16758","1":"product","2":"type-product","3":"status-publish","4":"has-post-thumbnail","6":"product_cat-beaute-sante-complements-alimentaires-soins-et-bien-etre-au-meilleur-prix","8":"first","9":"instock","10":"sale","11":"taxable","12":"shipping-taxable","13":"purchasable","14":"product-type-simple"},"yoast_head":"<!-- This site is optimized with the Yoast SEO plugin v27.3 - https:\/\/yoast.com\/product\/yoast-seo-wordpress\/ -->\n<title>Covermark Concealer Stick Anti-Cerne N\u00b06 SPF 30 6g - Maroc Prix<\/title>\n<meta name=\"description\" content=\"Covermark Concealer Stick Anti-Cerne N\u00b06 SPF 30 6g\" \/>\n<meta name=\"robots\" content=\"index, follow, max-snippet:-1, max-image-preview:large, max-video-preview:-1\" \/>\n<link rel=\"canonical\" href=\"https:\/\/vitablanca.ma\/en\/product\/covermark-concealer-stick-anti-cerne-n6-spf-30-6g\/\" \/>\n<meta property=\"og:locale\" content=\"en_US\" \/>\n<meta property=\"og:type\" content=\"article\" \/>\n<meta property=\"og:title\" content=\"Covermark Concealer Stick Anti-Cerne N\u00b06 SPF 30 6g - Maroc Prix\" \/>\n<meta property=\"og:description\" content=\"Covermark Concealer Stick Anti-Cerne N\u00b06 SPF 30 6g\" \/>\n<meta property=\"og:url\" content=\"https:\/\/vitablanca.ma\/en\/product\/covermark-concealer-stick-anti-cerne-n6-spf-30-6g\/\" \/>\n<meta property=\"og:site_name\" content=\"Vitablanca.ma &ndash; Sant&eacute;, vitalit&eacute; et bien-&ecirc;tre pour tous les Marocains\" \/>\n<meta property=\"article:publisher\" content=\"https:\/\/www.facebook.com\/profile.php?id=61576678196717\" \/>\n<meta property=\"og:image\" content=\"https:\/\/vitablanca.ma\/wp-content\/uploads\/2025\/06\/Covermark-Concealer-Stick-Anti-Cerne-N_6-SPF-30-6g-prix-maroc-parapharmacie-casablanca.jpg\" \/>\n\t<meta property=\"og:image:width\" content=\"1000\" \/>\n\t<meta property=\"og:image:height\" content=\"1000\" \/>\n\t<meta property=\"og:image:type\" content=\"image\/jpeg\" \/>\n<meta name=\"twitter:card\" content=\"summary_large_image\" \/>\n<meta name=\"twitter:label1\" content=\"Est. reading time\" \/>\n\t<meta name=\"twitter:data1\" content=\"1 minute\" \/>\n<script type=\"application\/ld+json\" class=\"yoast-schema-graph\">{\"@context\":\"https:\\\/\\\/schema.org\",\"@graph\":[{\"@type\":[\"WebPage\",\"ItemPage\"],\"@id\":\"https:\\\/\\\/vitablanca.ma\\\/produit\\\/covermark-concealer-stick-anti-cerne-n6-spf-30-6g\\\/\",\"url\":\"https:\\\/\\\/vitablanca.ma\\\/produit\\\/covermark-concealer-stick-anti-cerne-n6-spf-30-6g\\\/\",\"name\":\"Covermark Concealer Stick Anti-Cerne N\u00b06 SPF 30 6g - Maroc Prix\",\"isPartOf\":{\"@id\":\"https:\\\/\\\/vitablanca.ma\\\/#website\"},\"primaryImageOfPage\":{\"@id\":\"https:\\\/\\\/vitablanca.ma\\\/produit\\\/covermark-concealer-stick-anti-cerne-n6-spf-30-6g\\\/#primaryimage\"},\"image\":{\"@id\":\"https:\\\/\\\/vitablanca.ma\\\/produit\\\/covermark-concealer-stick-anti-cerne-n6-spf-30-6g\\\/#primaryimage\"},\"thumbnailUrl\":\"https:\\\/\\\/vitablanca.ma\\\/wp-content\\\/uploads\\\/2025\\\/06\\\/Covermark-Concealer-Stick-Anti-Cerne-N_6-SPF-30-6g-prix-maroc-parapharmacie-casablanca.jpg\",\"datePublished\":\"2025-06-10T16:47:27+00:00\",\"description\":\"Covermark Concealer Stick Anti-Cerne N\u00b06 SPF 30 6g\",\"breadcrumb\":{\"@id\":\"https:\\\/\\\/vitablanca.ma\\\/produit\\\/covermark-concealer-stick-anti-cerne-n6-spf-30-6g\\\/#breadcrumb\"},\"inLanguage\":\"en-US\",\"potentialAction\":[{\"@type\":\"ReadAction\",\"target\":[\"https:\\\/\\\/vitablanca.ma\\\/produit\\\/covermark-concealer-stick-anti-cerne-n6-spf-30-6g\\\/\"]}]},{\"@type\":\"ImageObject\",\"inLanguage\":\"en-US\",\"@id\":\"https:\\\/\\\/vitablanca.ma\\\/produit\\\/covermark-concealer-stick-anti-cerne-n6-spf-30-6g\\\/#primaryimage\",\"url\":\"https:\\\/\\\/vitablanca.ma\\\/wp-content\\\/uploads\\\/2025\\\/06\\\/Covermark-Concealer-Stick-Anti-Cerne-N_6-SPF-30-6g-prix-maroc-parapharmacie-casablanca.jpg\",\"contentUrl\":\"https:\\\/\\\/vitablanca.ma\\\/wp-content\\\/uploads\\\/2025\\\/06\\\/Covermark-Concealer-Stick-Anti-Cerne-N_6-SPF-30-6g-prix-maroc-parapharmacie-casablanca.jpg\",\"width\":1000,\"height\":1000},{\"@type\":\"BreadcrumbList\",\"@id\":\"https:\\\/\\\/vitablanca.ma\\\/produit\\\/covermark-concealer-stick-anti-cerne-n6-spf-30-6g\\\/#breadcrumb\",\"itemListElement\":[{\"@type\":\"ListItem\",\"position\":1,\"name\":\"Home\",\"item\":\"https:\\\/\\\/vitablanca.ma\\\/\"},{\"@type\":\"ListItem\",\"position\":2,\"name\":\"Tous Les Produits\",\"item\":\"https:\\\/\\\/vitablanca.ma\\\/tous-les-produits\\\/\"},{\"@type\":\"ListItem\",\"position\":3,\"name\":\"Covermark Concealer Stick Anti-Cerne N\u00b06 SPF 30 6g\"}]},{\"@type\":\"WebSite\",\"@id\":\"https:\\\/\\\/vitablanca.ma\\\/#website\",\"url\":\"https:\\\/\\\/vitablanca.ma\\\/\",\"name\":\"VitaBlanca.ma | Compl\u00e9ments alimentaires, sant\u00e9 & beaut\u00e9 au Maroc\",\"description\":\"vendre vitamines et compl\u00e9ments premium des USA &amp; Canada, Nouvelle Z\u00e9lande,Maroc (NOW Foods, Solgar, Manuka). Livraison rapide partout au Maroc.\",\"publisher\":{\"@id\":\"https:\\\/\\\/vitablanca.ma\\\/#organization\"},\"alternateName\":\"VitaBlanca.ma\",\"potentialAction\":[{\"@type\":\"SearchAction\",\"target\":{\"@type\":\"EntryPoint\",\"urlTemplate\":\"https:\\\/\\\/vitablanca.ma\\\/?s={search_term_string}\"},\"query-input\":{\"@type\":\"PropertyValueSpecification\",\"valueRequired\":true,\"valueName\":\"search_term_string\"}}],\"inLanguage\":\"en-US\"},{\"@type\":\"Organization\",\"@id\":\"https:\\\/\\\/vitablanca.ma\\\/#organization\",\"name\":\"VitaBlanca\",\"url\":\"https:\\\/\\\/vitablanca.ma\\\/\",\"logo\":{\"@type\":\"ImageObject\",\"inLanguage\":\"en-US\",\"@id\":\"https:\\\/\\\/vitablanca.ma\\\/#\\\/schema\\\/logo\\\/image\\\/\",\"url\":\"https:\\\/\\\/vitablanca.ma\\\/wp-content\\\/uploads\\\/2025\\\/05\\\/cropped-vitablanca.png\",\"contentUrl\":\"https:\\\/\\\/vitablanca.ma\\\/wp-content\\\/uploads\\\/2025\\\/05\\\/cropped-vitablanca.png\",\"width\":360,\"height\":67,\"caption\":\"VitaBlanca\"},\"image\":{\"@id\":\"https:\\\/\\\/vitablanca.ma\\\/#\\\/schema\\\/logo\\\/image\\\/\"},\"sameAs\":[\"https:\\\/\\\/www.facebook.com\\\/profile.php?id=61576678196717\",\"https:\\\/\\\/www.tiktok.com\\\/@vitablanca.ma\",\"https:\\\/\\\/www.instagram.com\\\/vitablanca.ma\\\/\"]}]}<\/script>\n<!-- \/ Yoast SEO plugin. -->","yoast_head_json":{"title":"Covermark Concealer Stick Concealer N\u00b06 SPF 30 6g - Morocco Price","description":"Covermark Concealer Stick Concealer No. 6 SPF 30 6g","robots":{"index":"index","follow":"follow","max-snippet":"max-snippet:-1","max-image-preview":"max-image-preview:large","max-video-preview":"max-video-preview:-1"},"canonical":"https:\/\/vitablanca.ma\/en\/product\/covermark-concealer-stick-anti-cerne-n6-spf-30-6g\/","og_locale":"en_US","og_type":"article","og_title":"Covermark Concealer Stick Anti-Cerne N\u00b06 SPF 30 6g - Maroc Prix","og_description":"Covermark Concealer Stick Anti-Cerne N\u00b06 SPF 30 6g","og_url":"https:\/\/vitablanca.ma\/en\/product\/covermark-concealer-stick-anti-cerne-n6-spf-30-6g\/","og_site_name":"Vitablanca.ma &ndash; Sant&eacute;, vitalit&eacute; et bien-&ecirc;tre pour tous les Marocains","article_publisher":"https:\/\/www.facebook.com\/profile.php?id=61576678196717","og_image":[{"width":1000,"height":1000,"url":"https:\/\/vitablanca.ma\/wp-content\/uploads\/2025\/06\/Covermark-Concealer-Stick-Anti-Cerne-N_6-SPF-30-6g-prix-maroc-parapharmacie-casablanca.jpg","type":"image\/jpeg"}],"twitter_card":"summary_large_image","twitter_misc":{"Est. reading time":"1 minute"},"schema":{"@context":"https:\/\/schema.org","@graph":[{"@type":["WebPage","ItemPage"],"@id":"https:\/\/vitablanca.ma\/produit\/covermark-concealer-stick-anti-cerne-n6-spf-30-6g\/","url":"https:\/\/vitablanca.ma\/produit\/covermark-concealer-stick-anti-cerne-n6-spf-30-6g\/","name":"Covermark Concealer Stick Concealer N\u00b06 SPF 30 6g - Morocco Price","isPartOf":{"@id":"https:\/\/vitablanca.ma\/#website"},"primaryImageOfPage":{"@id":"https:\/\/vitablanca.ma\/produit\/covermark-concealer-stick-anti-cerne-n6-spf-30-6g\/#primaryimage"},"image":{"@id":"https:\/\/vitablanca.ma\/produit\/covermark-concealer-stick-anti-cerne-n6-spf-30-6g\/#primaryimage"},"thumbnailUrl":"https:\/\/vitablanca.ma\/wp-content\/uploads\/2025\/06\/Covermark-Concealer-Stick-Anti-Cerne-N_6-SPF-30-6g-prix-maroc-parapharmacie-casablanca.jpg","datePublished":"2025-06-10T16:47:27+00:00","description":"Covermark Concealer Stick Concealer No. 6 SPF 30 6g","breadcrumb":{"@id":"https:\/\/vitablanca.ma\/produit\/covermark-concealer-stick-anti-cerne-n6-spf-30-6g\/#breadcrumb"},"inLanguage":"en-US","potentialAction":[{"@type":"ReadAction","target":["https:\/\/vitablanca.ma\/produit\/covermark-concealer-stick-anti-cerne-n6-spf-30-6g\/"]}]},{"@type":"ImageObject","inLanguage":"en-US","@id":"https:\/\/vitablanca.ma\/produit\/covermark-concealer-stick-anti-cerne-n6-spf-30-6g\/#primaryimage","url":"https:\/\/vitablanca.ma\/wp-content\/uploads\/2025\/06\/Covermark-Concealer-Stick-Anti-Cerne-N_6-SPF-30-6g-prix-maroc-parapharmacie-casablanca.jpg","contentUrl":"https:\/\/vitablanca.ma\/wp-content\/uploads\/2025\/06\/Covermark-Concealer-Stick-Anti-Cerne-N_6-SPF-30-6g-prix-maroc-parapharmacie-casablanca.jpg","width":1000,"height":1000},{"@type":"BreadcrumbList","@id":"https:\/\/vitablanca.ma\/produit\/covermark-concealer-stick-anti-cerne-n6-spf-30-6g\/#breadcrumb","itemListElement":[{"@type":"ListItem","position":1,"name":"Home","item":"https:\/\/vitablanca.ma\/"},{"@type":"ListItem","position":2,"name":"Tous Les Produits","item":"https:\/\/vitablanca.ma\/tous-les-produits\/"},{"@type":"ListItem","position":3,"name":"Covermark Concealer Stick Anti-Cerne N\u00b06 SPF 30 6g"}]},{"@type":"WebSite","@id":"https:\/\/vitablanca.ma\/#website","url":"https:\/\/vitablanca.ma\/","name":"VitaBlanca.ma | Food supplements, health &amp; beauty in Morocco","description":"sell premium vitamins and supplements from USA &amp; Canada, New Zealand, Morocco (NOW Foods, Solgar, Manuka). Fast delivery anywhere in Morocco.","publisher":{"@id":"https:\/\/vitablanca.ma\/#organization"},"alternateName":"VitaBlanca.ma","potentialAction":[{"@type":"SearchAction","target":{"@type":"EntryPoint","urlTemplate":"https:\/\/vitablanca.ma\/?s={search_term_string}"},"query-input":{"@type":"PropertyValueSpecification","valueRequired":true,"valueName":"search_term_string"}}],"inLanguage":"en-US"},{"@type":"Organization","@id":"https:\/\/vitablanca.ma\/#organization","name":"VitaBlanca","url":"https:\/\/vitablanca.ma\/","logo":{"@type":"ImageObject","inLanguage":"en-US","@id":"https:\/\/vitablanca.ma\/#\/schema\/logo\/image\/","url":"https:\/\/vitablanca.ma\/wp-content\/uploads\/2025\/05\/cropped-vitablanca.png","contentUrl":"https:\/\/vitablanca.ma\/wp-content\/uploads\/2025\/05\/cropped-vitablanca.png","width":360,"height":67,"caption":"VitaBlanca"},"image":{"@id":"https:\/\/vitablanca.ma\/#\/schema\/logo\/image\/"},"sameAs":["https:\/\/www.facebook.com\/profile.php?id=61576678196717","https:\/\/www.tiktok.com\/@vitablanca.ma","https:\/\/www.instagram.com\/vitablanca.ma\/"]}]}},"jetpack_sharing_enabled":true,"_links":{"self":[{"href":"https:\/\/vitablanca.ma\/en\/wp-json\/wp\/v2\/product\/16758","targetHints":{"allow":["GET"]}}],"collection":[{"href":"https:\/\/vitablanca.ma\/en\/wp-json\/wp\/v2\/product"}],"about":[{"href":"https:\/\/vitablanca.ma\/en\/wp-json\/wp\/v2\/types\/product"}],"wp:featuredmedia":[{"embeddable":true,"href":"https:\/\/vitablanca.ma\/en\/wp-json\/wp\/v2\/media\/16755"}],"wp:attachment":[{"href":"https:\/\/vitablanca.ma\/en\/wp-json\/wp\/v2\/media?parent=16758"}],"wp:term":[{"taxonomy":"product_brand","embeddable":true,"href":"https:\/\/vitablanca.ma\/en\/wp-json\/wp\/v2\/product_brand?post=16758"},{"taxonomy":"product_cat","embeddable":true,"href":"https:\/\/vitablanca.ma\/en\/wp-json\/wp\/v2\/product_cat?post=16758"},{"taxonomy":"product_tag","embeddable":true,"href":"https:\/\/vitablanca.ma\/en\/wp-json\/wp\/v2\/product_tag?post=16758"}],"curies":[{"name":"wp","href":"https:\/\/api.w.org\/{rel}","templated":true}]}}