{"id":16756,"date":"2025-06-10T16:47:25","date_gmt":"2025-06-10T16:47:25","guid":{"rendered":"https:\/\/vitablanca.ma\/product\/curasept-biosmalto-baby-0-3-ans-brosse-a-dents\/"},"modified":"2025-06-10T16:47:25","modified_gmt":"2025-06-10T16:47:25","slug":"curasept-biosmalto-baby-0-3-ans-brosse-a-dents","status":"publish","type":"product","link":"https:\/\/vitablanca.ma\/en\/product\/curasept-biosmalto-baby-0-3-ans-brosse-a-dents\/","title":{"rendered":"Curasept Biosmalto Baby 0-3 years Toothbrush"},"content":{"rendered":"<h2>Curasept Biosmalto Baby\u00a0<span data-mce-fragment=\"1\">to remove plaque without abrading the enamel.<\/span><br \/>\n<\/h2>\n<p>\u00a0<span data-sheets-userformat='{\"2\":961,\"3\":{\"1\":0},\"9\":1,\"10\":1,\"11\":4,\"12\":0}' data-sheets-value=\"{&quot;1&quot;:2,&quot;2&quot;:&quot;Brosse \u00e0 dents kid recommand\u00e9 en combinaison avec les produits BIOSMALTO, il est \u00e9quip\u00e9 de poils souples, fins et flexibles, pr\u00e9sents en grand nombre, qui offrent d\u00e8s la premi\u00e8re \u00e9tape une grande efficacit\u00e9 pour \u00e9liminer la plaque sans abraser l'\u00e9mail.&quot;}\">Kid&#039;s toothbrush recommended in combination with BIOSMALTO products, it is equipped with soft, fine and flexible bristles, present in large numbers, which offer from the first step a great effectiveness in removing plaque without abrading the enamel.<\/span><\/p>\n<h3><strong>DIRECTIONS FOR USE:\u00a0<\/strong><\/h3>\n<p>\u00a0<span data-sheets-userformat='{\"2\":961,\"3\":{\"1\":0},\"9\":1,\"10\":1,\"11\":4,\"12\":0}' data-sheets-value='{\"1\":2,\"2\":\"Se brosser les dents 2 \u00e0 3 fois par jour pendant minimum 2 minutes. De pr\u00e9f\u00e9rence apr\u00e8s le repas et avant d\u2019aller dormir.\"}'>Brush your teeth 2 to 3 times a day for at least 2 minutes. Preferably after meals and before going to sleep.<\/span><\/p>","protected":false},"excerpt":{"rendered":"<p>Curasept Biosmalto Baby\u00a0pour \u00e9liminer la plaque sans abraser l&rsquo;\u00e9mail. \u00a0Brosse \u00e0 dents kid recommand\u00e9 en combinaison avec les produits BIOSMALTO, il est \u00e9quip\u00e9 de poils souples, fins et flexibles, pr\u00e9sents en grand nombre, qui offrent d\u00e8s la premi\u00e8re \u00e9tape une grande efficacit\u00e9 pour \u00e9liminer la plaque sans abraser l&rsquo;\u00e9mail. CONSEILS D&rsquo;UTILISATION :\u00a0 \u00a0Se brosser les [&hellip;]<\/p>\n","protected":false},"featured_media":16752,"template":"","meta":{"om_disable_all_campaigns":false},"product_brand":[],"product_cat":[15],"product_tag":[],"class_list":{"0":"post-16756","1":"product","2":"type-product","3":"status-publish","4":"has-post-thumbnail","6":"product_cat-beaute-sante-complements-alimentaires-soins-et-bien-etre-au-meilleur-prix","8":"first","9":"instock","10":"sale","11":"taxable","12":"shipping-taxable","13":"purchasable","14":"product-type-simple"},"yoast_head":"<!-- This site is optimized with the Yoast SEO plugin v27.3 - https:\/\/yoast.com\/product\/yoast-seo-wordpress\/ -->\n<title>Curasept Biosmalto Baby 0-3 ans Brosse \u00e0 dents - Maroc Prix<\/title>\n<meta name=\"description\" content=\"Curasept Biosmalto Baby 0-3 ans Brosse \u00e0 dents\" \/>\n<meta name=\"robots\" content=\"index, follow, max-snippet:-1, max-image-preview:large, max-video-preview:-1\" \/>\n<link rel=\"canonical\" href=\"https:\/\/vitablanca.ma\/en\/product\/curasept-biosmalto-baby-0-3-ans-brosse-a-dents\/\" \/>\n<meta property=\"og:locale\" content=\"en_US\" \/>\n<meta property=\"og:type\" content=\"article\" \/>\n<meta property=\"og:title\" content=\"Curasept Biosmalto Baby 0-3 ans Brosse \u00e0 dents - Maroc Prix\" \/>\n<meta property=\"og:description\" content=\"Curasept Biosmalto Baby 0-3 ans Brosse \u00e0 dents\" \/>\n<meta property=\"og:url\" content=\"https:\/\/vitablanca.ma\/en\/product\/curasept-biosmalto-baby-0-3-ans-brosse-a-dents\/\" \/>\n<meta property=\"og:site_name\" content=\"Vitablanca.ma &ndash; Sant&eacute;, vitalit&eacute; et bien-&ecirc;tre pour tous les Marocains\" \/>\n<meta property=\"article:publisher\" content=\"https:\/\/www.facebook.com\/profile.php?id=61576678196717\" \/>\n<meta property=\"og:image\" content=\"https:\/\/vitablanca.ma\/wp-content\/uploads\/2025\/06\/Curasept-Biosmalto-Baby-0-3-ans-Brosse-a-dents-nova-parapharmacie-maroc.png\" \/>\n\t<meta property=\"og:image:width\" content=\"1000\" \/>\n\t<meta property=\"og:image:height\" content=\"1000\" \/>\n\t<meta property=\"og:image:type\" content=\"image\/png\" \/>\n<meta name=\"twitter:card\" content=\"summary_large_image\" \/>\n<script type=\"application\/ld+json\" class=\"yoast-schema-graph\">{\"@context\":\"https:\\\/\\\/schema.org\",\"@graph\":[{\"@type\":[\"WebPage\",\"ItemPage\"],\"@id\":\"https:\\\/\\\/vitablanca.ma\\\/produit\\\/curasept-biosmalto-baby-0-3-ans-brosse-a-dents\\\/\",\"url\":\"https:\\\/\\\/vitablanca.ma\\\/produit\\\/curasept-biosmalto-baby-0-3-ans-brosse-a-dents\\\/\",\"name\":\"Curasept Biosmalto Baby 0-3 ans Brosse \u00e0 dents - Maroc Prix\",\"isPartOf\":{\"@id\":\"https:\\\/\\\/vitablanca.ma\\\/#website\"},\"primaryImageOfPage\":{\"@id\":\"https:\\\/\\\/vitablanca.ma\\\/produit\\\/curasept-biosmalto-baby-0-3-ans-brosse-a-dents\\\/#primaryimage\"},\"image\":{\"@id\":\"https:\\\/\\\/vitablanca.ma\\\/produit\\\/curasept-biosmalto-baby-0-3-ans-brosse-a-dents\\\/#primaryimage\"},\"thumbnailUrl\":\"https:\\\/\\\/vitablanca.ma\\\/wp-content\\\/uploads\\\/2025\\\/06\\\/Curasept-Biosmalto-Baby-0-3-ans-Brosse-a-dents-nova-parapharmacie-maroc.png\",\"datePublished\":\"2025-06-10T16:47:25+00:00\",\"description\":\"Curasept Biosmalto Baby 0-3 ans Brosse \u00e0 dents\",\"breadcrumb\":{\"@id\":\"https:\\\/\\\/vitablanca.ma\\\/produit\\\/curasept-biosmalto-baby-0-3-ans-brosse-a-dents\\\/#breadcrumb\"},\"inLanguage\":\"en-US\",\"potentialAction\":[{\"@type\":\"ReadAction\",\"target\":[\"https:\\\/\\\/vitablanca.ma\\\/produit\\\/curasept-biosmalto-baby-0-3-ans-brosse-a-dents\\\/\"]}]},{\"@type\":\"ImageObject\",\"inLanguage\":\"en-US\",\"@id\":\"https:\\\/\\\/vitablanca.ma\\\/produit\\\/curasept-biosmalto-baby-0-3-ans-brosse-a-dents\\\/#primaryimage\",\"url\":\"https:\\\/\\\/vitablanca.ma\\\/wp-content\\\/uploads\\\/2025\\\/06\\\/Curasept-Biosmalto-Baby-0-3-ans-Brosse-a-dents-nova-parapharmacie-maroc.png\",\"contentUrl\":\"https:\\\/\\\/vitablanca.ma\\\/wp-content\\\/uploads\\\/2025\\\/06\\\/Curasept-Biosmalto-Baby-0-3-ans-Brosse-a-dents-nova-parapharmacie-maroc.png\",\"width\":1000,\"height\":1000},{\"@type\":\"BreadcrumbList\",\"@id\":\"https:\\\/\\\/vitablanca.ma\\\/produit\\\/curasept-biosmalto-baby-0-3-ans-brosse-a-dents\\\/#breadcrumb\",\"itemListElement\":[{\"@type\":\"ListItem\",\"position\":1,\"name\":\"Home\",\"item\":\"https:\\\/\\\/vitablanca.ma\\\/\"},{\"@type\":\"ListItem\",\"position\":2,\"name\":\"Tous Les Produits\",\"item\":\"https:\\\/\\\/vitablanca.ma\\\/tous-les-produits\\\/\"},{\"@type\":\"ListItem\",\"position\":3,\"name\":\"Curasept Biosmalto Baby 0-3 ans Brosse \u00e0 dents\"}]},{\"@type\":\"WebSite\",\"@id\":\"https:\\\/\\\/vitablanca.ma\\\/#website\",\"url\":\"https:\\\/\\\/vitablanca.ma\\\/\",\"name\":\"VitaBlanca.ma | Compl\u00e9ments alimentaires, sant\u00e9 & beaut\u00e9 au Maroc\",\"description\":\"vendre vitamines et compl\u00e9ments premium des USA &amp; Canada, Nouvelle Z\u00e9lande,Maroc (NOW Foods, Solgar, Manuka). Livraison rapide partout au Maroc.\",\"publisher\":{\"@id\":\"https:\\\/\\\/vitablanca.ma\\\/#organization\"},\"alternateName\":\"VitaBlanca.ma\",\"potentialAction\":[{\"@type\":\"SearchAction\",\"target\":{\"@type\":\"EntryPoint\",\"urlTemplate\":\"https:\\\/\\\/vitablanca.ma\\\/?s={search_term_string}\"},\"query-input\":{\"@type\":\"PropertyValueSpecification\",\"valueRequired\":true,\"valueName\":\"search_term_string\"}}],\"inLanguage\":\"en-US\"},{\"@type\":\"Organization\",\"@id\":\"https:\\\/\\\/vitablanca.ma\\\/#organization\",\"name\":\"VitaBlanca\",\"url\":\"https:\\\/\\\/vitablanca.ma\\\/\",\"logo\":{\"@type\":\"ImageObject\",\"inLanguage\":\"en-US\",\"@id\":\"https:\\\/\\\/vitablanca.ma\\\/#\\\/schema\\\/logo\\\/image\\\/\",\"url\":\"https:\\\/\\\/vitablanca.ma\\\/wp-content\\\/uploads\\\/2025\\\/05\\\/cropped-vitablanca.png\",\"contentUrl\":\"https:\\\/\\\/vitablanca.ma\\\/wp-content\\\/uploads\\\/2025\\\/05\\\/cropped-vitablanca.png\",\"width\":360,\"height\":67,\"caption\":\"VitaBlanca\"},\"image\":{\"@id\":\"https:\\\/\\\/vitablanca.ma\\\/#\\\/schema\\\/logo\\\/image\\\/\"},\"sameAs\":[\"https:\\\/\\\/www.facebook.com\\\/profile.php?id=61576678196717\",\"https:\\\/\\\/www.tiktok.com\\\/@vitablanca.ma\",\"https:\\\/\\\/www.instagram.com\\\/vitablanca.ma\\\/\"]}]}<\/script>\n<!-- \/ Yoast SEO plugin. -->","yoast_head_json":{"title":"Curasept Biosmalto Baby 0-3 years Toothbrush - Morocco Price","description":"Curasept Biosmalto Baby 0-3 years Toothbrush","robots":{"index":"index","follow":"follow","max-snippet":"max-snippet:-1","max-image-preview":"max-image-preview:large","max-video-preview":"max-video-preview:-1"},"canonical":"https:\/\/vitablanca.ma\/en\/product\/curasept-biosmalto-baby-0-3-ans-brosse-a-dents\/","og_locale":"en_US","og_type":"article","og_title":"Curasept Biosmalto Baby 0-3 ans Brosse \u00e0 dents - Maroc Prix","og_description":"Curasept Biosmalto Baby 0-3 ans Brosse \u00e0 dents","og_url":"https:\/\/vitablanca.ma\/en\/product\/curasept-biosmalto-baby-0-3-ans-brosse-a-dents\/","og_site_name":"Vitablanca.ma &ndash; Sant&eacute;, vitalit&eacute; et bien-&ecirc;tre pour tous les Marocains","article_publisher":"https:\/\/www.facebook.com\/profile.php?id=61576678196717","og_image":[{"width":1000,"height":1000,"url":"https:\/\/vitablanca.ma\/wp-content\/uploads\/2025\/06\/Curasept-Biosmalto-Baby-0-3-ans-Brosse-a-dents-nova-parapharmacie-maroc.png","type":"image\/png"}],"twitter_card":"summary_large_image","schema":{"@context":"https:\/\/schema.org","@graph":[{"@type":["WebPage","ItemPage"],"@id":"https:\/\/vitablanca.ma\/produit\/curasept-biosmalto-baby-0-3-ans-brosse-a-dents\/","url":"https:\/\/vitablanca.ma\/produit\/curasept-biosmalto-baby-0-3-ans-brosse-a-dents\/","name":"Curasept Biosmalto Baby 0-3 years Toothbrush - Morocco Price","isPartOf":{"@id":"https:\/\/vitablanca.ma\/#website"},"primaryImageOfPage":{"@id":"https:\/\/vitablanca.ma\/produit\/curasept-biosmalto-baby-0-3-ans-brosse-a-dents\/#primaryimage"},"image":{"@id":"https:\/\/vitablanca.ma\/produit\/curasept-biosmalto-baby-0-3-ans-brosse-a-dents\/#primaryimage"},"thumbnailUrl":"https:\/\/vitablanca.ma\/wp-content\/uploads\/2025\/06\/Curasept-Biosmalto-Baby-0-3-ans-Brosse-a-dents-nova-parapharmacie-maroc.png","datePublished":"2025-06-10T16:47:25+00:00","description":"Curasept Biosmalto Baby 0-3 years Toothbrush","breadcrumb":{"@id":"https:\/\/vitablanca.ma\/produit\/curasept-biosmalto-baby-0-3-ans-brosse-a-dents\/#breadcrumb"},"inLanguage":"en-US","potentialAction":[{"@type":"ReadAction","target":["https:\/\/vitablanca.ma\/produit\/curasept-biosmalto-baby-0-3-ans-brosse-a-dents\/"]}]},{"@type":"ImageObject","inLanguage":"en-US","@id":"https:\/\/vitablanca.ma\/produit\/curasept-biosmalto-baby-0-3-ans-brosse-a-dents\/#primaryimage","url":"https:\/\/vitablanca.ma\/wp-content\/uploads\/2025\/06\/Curasept-Biosmalto-Baby-0-3-ans-Brosse-a-dents-nova-parapharmacie-maroc.png","contentUrl":"https:\/\/vitablanca.ma\/wp-content\/uploads\/2025\/06\/Curasept-Biosmalto-Baby-0-3-ans-Brosse-a-dents-nova-parapharmacie-maroc.png","width":1000,"height":1000},{"@type":"BreadcrumbList","@id":"https:\/\/vitablanca.ma\/produit\/curasept-biosmalto-baby-0-3-ans-brosse-a-dents\/#breadcrumb","itemListElement":[{"@type":"ListItem","position":1,"name":"Home","item":"https:\/\/vitablanca.ma\/"},{"@type":"ListItem","position":2,"name":"Tous Les Produits","item":"https:\/\/vitablanca.ma\/tous-les-produits\/"},{"@type":"ListItem","position":3,"name":"Curasept Biosmalto Baby 0-3 ans Brosse \u00e0 dents"}]},{"@type":"WebSite","@id":"https:\/\/vitablanca.ma\/#website","url":"https:\/\/vitablanca.ma\/","name":"VitaBlanca.ma | Food supplements, health &amp; beauty in Morocco","description":"sell premium vitamins and supplements from USA &amp; Canada, New Zealand, Morocco (NOW Foods, Solgar, Manuka). Fast delivery anywhere in Morocco.","publisher":{"@id":"https:\/\/vitablanca.ma\/#organization"},"alternateName":"VitaBlanca.ma","potentialAction":[{"@type":"SearchAction","target":{"@type":"EntryPoint","urlTemplate":"https:\/\/vitablanca.ma\/?s={search_term_string}"},"query-input":{"@type":"PropertyValueSpecification","valueRequired":true,"valueName":"search_term_string"}}],"inLanguage":"en-US"},{"@type":"Organization","@id":"https:\/\/vitablanca.ma\/#organization","name":"VitaBlanca","url":"https:\/\/vitablanca.ma\/","logo":{"@type":"ImageObject","inLanguage":"en-US","@id":"https:\/\/vitablanca.ma\/#\/schema\/logo\/image\/","url":"https:\/\/vitablanca.ma\/wp-content\/uploads\/2025\/05\/cropped-vitablanca.png","contentUrl":"https:\/\/vitablanca.ma\/wp-content\/uploads\/2025\/05\/cropped-vitablanca.png","width":360,"height":67,"caption":"VitaBlanca"},"image":{"@id":"https:\/\/vitablanca.ma\/#\/schema\/logo\/image\/"},"sameAs":["https:\/\/www.facebook.com\/profile.php?id=61576678196717","https:\/\/www.tiktok.com\/@vitablanca.ma","https:\/\/www.instagram.com\/vitablanca.ma\/"]}]}},"jetpack_sharing_enabled":true,"_links":{"self":[{"href":"https:\/\/vitablanca.ma\/en\/wp-json\/wp\/v2\/product\/16756","targetHints":{"allow":["GET"]}}],"collection":[{"href":"https:\/\/vitablanca.ma\/en\/wp-json\/wp\/v2\/product"}],"about":[{"href":"https:\/\/vitablanca.ma\/en\/wp-json\/wp\/v2\/types\/product"}],"wp:featuredmedia":[{"embeddable":true,"href":"https:\/\/vitablanca.ma\/en\/wp-json\/wp\/v2\/media\/16752"}],"wp:attachment":[{"href":"https:\/\/vitablanca.ma\/en\/wp-json\/wp\/v2\/media?parent=16756"}],"wp:term":[{"taxonomy":"product_brand","embeddable":true,"href":"https:\/\/vitablanca.ma\/en\/wp-json\/wp\/v2\/product_brand?post=16756"},{"taxonomy":"product_cat","embeddable":true,"href":"https:\/\/vitablanca.ma\/en\/wp-json\/wp\/v2\/product_cat?post=16756"},{"taxonomy":"product_tag","embeddable":true,"href":"https:\/\/vitablanca.ma\/en\/wp-json\/wp\/v2\/product_tag?post=16756"}],"curies":[{"name":"wp","href":"https:\/\/api.w.org\/{rel}","templated":true}]}}