{"id":16751,"date":"2025-06-10T16:47:19","date_gmt":"2025-06-10T16:47:19","guid":{"rendered":"https:\/\/vitablanca.ma\/product\/curaprox-cps-408-perio-plus-5x-violet-2-2-8-mm\/"},"modified":"2025-06-10T16:47:19","modified_gmt":"2025-06-10T16:47:19","slug":"curaprox-cps-408-perio-plus-5x-violet-2-2-8-mm","status":"publish","type":"product","link":"https:\/\/vitablanca.ma\/en\/product\/curaprox-cps-408-perio-plus-5x-violet-2-2-8-mm\/","title":{"rendered":"Curaprox CPS 408 Perio Plus, 5X, Purple 2.2-8 mm"},"content":{"rendered":"<div id=\"product-description-short-160\">\n<h2><strong>Curaprox CPS 408 Perio Plus intense yet gentle cleaning<\/strong><\/h2>\n<\/div>\n<div class=\"product-description\">\n<p>CPS Perio brushes are recommended for people with wide interdental spaces. They effectively combat stubborn plaque without any pain.<\/p>\n<p>CPS perio brushes are both effective and comfortable. Cleaning open interdental spaces and &quot;black holes&quot; can be painful. It is therefore essential that interdental brushes ensure not only effective but also painless cleaning.<\/p>\n<\/div>\n<h4 class=\"mb-4\" data-mce-fragment=\"1\">Technical sheet<\/h4>\n<dl class=\"data-sheet row\" data-mce-fragment=\"1\">\n<dt class=\"name col-sm-3 mb-0 mb-sm-3\" data-mce-fragment=\"1\"><strong>Color<\/strong><\/dt>\n<dd class=\"value col-sm-9 mb-3\" data-mce-fragment=\"1\">Pink<\/dd>\n<dt class=\"name col-sm-3 mb-0 mb-sm-3\" data-mce-fragment=\"1\">\n<strong>Insertion diameter<\/strong> \/ <strong>Effective diameter<\/strong>\n<\/dt>\n<dd class=\"value col-sm-9 mb-3\" data-mce-fragment=\"1\">2.0 mm \/ 8.0 mm<\/dd>\n<dt class=\"name col-sm-3 mb-0 mb-sm-3\" data-mce-fragment=\"1\"><strong>Needs<\/strong><\/dt>\n<dd class=\"value col-sm-9 mb-3\" data-mce-fragment=\"1\">Clean teeth<br data-mce-fragment=\"1\">Sensitive teeth<br data-mce-fragment=\"1\">Gum infections<br data-mce-fragment=\"1\">Bad breath<br data-mce-fragment=\"1\">Orthodontics<br data-mce-fragment=\"1\">Plate<br data-mce-fragment=\"1\">Bleeding gums<br data-mce-fragment=\"1\">Gum care<\/dd>\n<dt class=\"name col-sm-3 mb-0 mb-sm-3\" data-mce-fragment=\"1\"><strong>Variety of products<\/strong><\/dt>\n<dd class=\"value col-sm-9 mb-3\" data-mce-fragment=\"1\">Set<\/dd>\n<dt class=\"name col-sm-3 mb-0 mb-sm-3\" data-mce-fragment=\"1\"><strong>Product lines<\/strong><\/dt>\n<dd class=\"value col-sm-9 mb-3\" data-mce-fragment=\"1\">CPS<br data-mce-fragment=\"1\">Period<\/dd>\n<dt class=\"name col-sm-3 mb-0 mb-sm-3\" data-mce-fragment=\"1\"><strong>Age group<\/strong><\/dt>\n<dd class=\"value col-sm-9 mb-3\" data-mce-fragment=\"1\">Adults<\/dd>\n<\/dl>","protected":false},"excerpt":{"rendered":"<p>Curaprox CPS 408 Perio Plus nettoyage intense, tout en douceur Les brossettes CPS perio sont recommand\u00e9es pour les personnes ayant des espaces interdentaires larges. Elles combattent efficacement la plaque rebelle, sans aucune douleur. Les brosses CPS perio sont efficaces et agr\u00e9ables \u00e0 la fois. Le nettoyage des espaces interdentaires ouverts et des \u00ab trous noirs [&hellip;]<\/p>\n","protected":false},"featured_media":16747,"template":"","meta":{"om_disable_all_campaigns":false},"product_brand":[],"product_cat":[15],"product_tag":[],"class_list":{"0":"post-16751","1":"product","2":"type-product","3":"status-publish","4":"has-post-thumbnail","6":"product_cat-beaute-sante-complements-alimentaires-soins-et-bien-etre-au-meilleur-prix","8":"first","9":"instock","10":"sale","11":"taxable","12":"shipping-taxable","13":"purchasable","14":"product-type-simple"},"yoast_head":"<!-- This site is optimized with the Yoast SEO plugin v27.3 - https:\/\/yoast.com\/product\/yoast-seo-wordpress\/ -->\n<title>Curaprox CPS 408 Perio Plus, 5X, Violet 2.2-8 mm - Maroc Prix<\/title>\n<meta name=\"description\" content=\"Curaprox CPS 408 Perio Plus, 5X, Violet 2.2-8 mm\" \/>\n<meta name=\"robots\" content=\"index, follow, max-snippet:-1, max-image-preview:large, max-video-preview:-1\" \/>\n<link rel=\"canonical\" href=\"https:\/\/vitablanca.ma\/en\/product\/curaprox-cps-408-perio-plus-5x-violet-2-2-8-mm\/\" \/>\n<meta property=\"og:locale\" content=\"en_US\" \/>\n<meta property=\"og:type\" content=\"article\" \/>\n<meta property=\"og:title\" content=\"Curaprox CPS 408 Perio Plus, 5X, Violet 2.2-8 mm - Maroc Prix\" \/>\n<meta property=\"og:description\" content=\"Curaprox CPS 408 Perio Plus, 5X, Violet 2.2-8 mm\" \/>\n<meta property=\"og:url\" content=\"https:\/\/vitablanca.ma\/en\/product\/curaprox-cps-408-perio-plus-5x-violet-2-2-8-mm\/\" \/>\n<meta property=\"og:site_name\" content=\"Vitablanca.ma &ndash; Sant&eacute;, vitalit&eacute; et bien-&ecirc;tre pour tous les Marocains\" \/>\n<meta property=\"article:publisher\" content=\"https:\/\/www.facebook.com\/profile.php?id=61576678196717\" \/>\n<meta property=\"og:image\" content=\"https:\/\/vitablanca.ma\/wp-content\/uploads\/2025\/06\/Curaprox-CPS-408-Perio-Plus_-5X_-Violet-2.2-8-mm-nova-parapharmacie-maroc.png\" \/>\n\t<meta property=\"og:image:width\" content=\"1000\" \/>\n\t<meta property=\"og:image:height\" content=\"1000\" \/>\n\t<meta property=\"og:image:type\" content=\"image\/png\" \/>\n<meta name=\"twitter:card\" content=\"summary_large_image\" \/>\n<meta name=\"twitter:label1\" content=\"Est. reading time\" \/>\n\t<meta name=\"twitter:data1\" content=\"1 minute\" \/>\n<script type=\"application\/ld+json\" class=\"yoast-schema-graph\">{\"@context\":\"https:\\\/\\\/schema.org\",\"@graph\":[{\"@type\":[\"WebPage\",\"ItemPage\"],\"@id\":\"https:\\\/\\\/vitablanca.ma\\\/produit\\\/curaprox-cps-408-perio-plus-5x-violet-2-2-8-mm\\\/\",\"url\":\"https:\\\/\\\/vitablanca.ma\\\/produit\\\/curaprox-cps-408-perio-plus-5x-violet-2-2-8-mm\\\/\",\"name\":\"Curaprox CPS 408 Perio Plus, 5X, Violet 2.2-8 mm - Maroc Prix\",\"isPartOf\":{\"@id\":\"https:\\\/\\\/vitablanca.ma\\\/#website\"},\"primaryImageOfPage\":{\"@id\":\"https:\\\/\\\/vitablanca.ma\\\/produit\\\/curaprox-cps-408-perio-plus-5x-violet-2-2-8-mm\\\/#primaryimage\"},\"image\":{\"@id\":\"https:\\\/\\\/vitablanca.ma\\\/produit\\\/curaprox-cps-408-perio-plus-5x-violet-2-2-8-mm\\\/#primaryimage\"},\"thumbnailUrl\":\"https:\\\/\\\/vitablanca.ma\\\/wp-content\\\/uploads\\\/2025\\\/06\\\/Curaprox-CPS-408-Perio-Plus_-5X_-Violet-2.2-8-mm-nova-parapharmacie-maroc.png\",\"datePublished\":\"2025-06-10T16:47:19+00:00\",\"description\":\"Curaprox CPS 408 Perio Plus, 5X, Violet 2.2-8 mm\",\"breadcrumb\":{\"@id\":\"https:\\\/\\\/vitablanca.ma\\\/produit\\\/curaprox-cps-408-perio-plus-5x-violet-2-2-8-mm\\\/#breadcrumb\"},\"inLanguage\":\"en-US\",\"potentialAction\":[{\"@type\":\"ReadAction\",\"target\":[\"https:\\\/\\\/vitablanca.ma\\\/produit\\\/curaprox-cps-408-perio-plus-5x-violet-2-2-8-mm\\\/\"]}]},{\"@type\":\"ImageObject\",\"inLanguage\":\"en-US\",\"@id\":\"https:\\\/\\\/vitablanca.ma\\\/produit\\\/curaprox-cps-408-perio-plus-5x-violet-2-2-8-mm\\\/#primaryimage\",\"url\":\"https:\\\/\\\/vitablanca.ma\\\/wp-content\\\/uploads\\\/2025\\\/06\\\/Curaprox-CPS-408-Perio-Plus_-5X_-Violet-2.2-8-mm-nova-parapharmacie-maroc.png\",\"contentUrl\":\"https:\\\/\\\/vitablanca.ma\\\/wp-content\\\/uploads\\\/2025\\\/06\\\/Curaprox-CPS-408-Perio-Plus_-5X_-Violet-2.2-8-mm-nova-parapharmacie-maroc.png\",\"width\":1000,\"height\":1000},{\"@type\":\"BreadcrumbList\",\"@id\":\"https:\\\/\\\/vitablanca.ma\\\/produit\\\/curaprox-cps-408-perio-plus-5x-violet-2-2-8-mm\\\/#breadcrumb\",\"itemListElement\":[{\"@type\":\"ListItem\",\"position\":1,\"name\":\"Home\",\"item\":\"https:\\\/\\\/vitablanca.ma\\\/\"},{\"@type\":\"ListItem\",\"position\":2,\"name\":\"Tous Les Produits\",\"item\":\"https:\\\/\\\/vitablanca.ma\\\/tous-les-produits\\\/\"},{\"@type\":\"ListItem\",\"position\":3,\"name\":\"Curaprox CPS 408 Perio Plus, 5X, Violet 2.2-8 mm\"}]},{\"@type\":\"WebSite\",\"@id\":\"https:\\\/\\\/vitablanca.ma\\\/#website\",\"url\":\"https:\\\/\\\/vitablanca.ma\\\/\",\"name\":\"VitaBlanca.ma | Compl\u00e9ments alimentaires, sant\u00e9 & beaut\u00e9 au Maroc\",\"description\":\"vendre vitamines et compl\u00e9ments premium des USA &amp; Canada, Nouvelle Z\u00e9lande,Maroc (NOW Foods, Solgar, Manuka). Livraison rapide partout au Maroc.\",\"publisher\":{\"@id\":\"https:\\\/\\\/vitablanca.ma\\\/#organization\"},\"alternateName\":\"VitaBlanca.ma\",\"potentialAction\":[{\"@type\":\"SearchAction\",\"target\":{\"@type\":\"EntryPoint\",\"urlTemplate\":\"https:\\\/\\\/vitablanca.ma\\\/?s={search_term_string}\"},\"query-input\":{\"@type\":\"PropertyValueSpecification\",\"valueRequired\":true,\"valueName\":\"search_term_string\"}}],\"inLanguage\":\"en-US\"},{\"@type\":\"Organization\",\"@id\":\"https:\\\/\\\/vitablanca.ma\\\/#organization\",\"name\":\"VitaBlanca\",\"url\":\"https:\\\/\\\/vitablanca.ma\\\/\",\"logo\":{\"@type\":\"ImageObject\",\"inLanguage\":\"en-US\",\"@id\":\"https:\\\/\\\/vitablanca.ma\\\/#\\\/schema\\\/logo\\\/image\\\/\",\"url\":\"https:\\\/\\\/vitablanca.ma\\\/wp-content\\\/uploads\\\/2025\\\/05\\\/cropped-vitablanca.png\",\"contentUrl\":\"https:\\\/\\\/vitablanca.ma\\\/wp-content\\\/uploads\\\/2025\\\/05\\\/cropped-vitablanca.png\",\"width\":360,\"height\":67,\"caption\":\"VitaBlanca\"},\"image\":{\"@id\":\"https:\\\/\\\/vitablanca.ma\\\/#\\\/schema\\\/logo\\\/image\\\/\"},\"sameAs\":[\"https:\\\/\\\/www.facebook.com\\\/profile.php?id=61576678196717\",\"https:\\\/\\\/www.tiktok.com\\\/@vitablanca.ma\",\"https:\\\/\\\/www.instagram.com\\\/vitablanca.ma\\\/\"]}]}<\/script>\n<!-- \/ Yoast SEO plugin. -->","yoast_head_json":{"title":"Curaprox CPS 408 Perio Plus, 5X, Violet 2.2-8 mm - Morocco Price","description":"Curaprox CPS 408 Perio Plus, 5X, Purple 2.2-8 mm","robots":{"index":"index","follow":"follow","max-snippet":"max-snippet:-1","max-image-preview":"max-image-preview:large","max-video-preview":"max-video-preview:-1"},"canonical":"https:\/\/vitablanca.ma\/en\/product\/curaprox-cps-408-perio-plus-5x-violet-2-2-8-mm\/","og_locale":"en_US","og_type":"article","og_title":"Curaprox CPS 408 Perio Plus, 5X, Violet 2.2-8 mm - Maroc Prix","og_description":"Curaprox CPS 408 Perio Plus, 5X, Violet 2.2-8 mm","og_url":"https:\/\/vitablanca.ma\/en\/product\/curaprox-cps-408-perio-plus-5x-violet-2-2-8-mm\/","og_site_name":"Vitablanca.ma &ndash; Sant&eacute;, vitalit&eacute; et bien-&ecirc;tre pour tous les Marocains","article_publisher":"https:\/\/www.facebook.com\/profile.php?id=61576678196717","og_image":[{"width":1000,"height":1000,"url":"https:\/\/vitablanca.ma\/wp-content\/uploads\/2025\/06\/Curaprox-CPS-408-Perio-Plus_-5X_-Violet-2.2-8-mm-nova-parapharmacie-maroc.png","type":"image\/png"}],"twitter_card":"summary_large_image","twitter_misc":{"Est. reading time":"1 minute"},"schema":{"@context":"https:\/\/schema.org","@graph":[{"@type":["WebPage","ItemPage"],"@id":"https:\/\/vitablanca.ma\/produit\/curaprox-cps-408-perio-plus-5x-violet-2-2-8-mm\/","url":"https:\/\/vitablanca.ma\/produit\/curaprox-cps-408-perio-plus-5x-violet-2-2-8-mm\/","name":"Curaprox CPS 408 Perio Plus, 5X, Violet 2.2-8 mm - Morocco Price","isPartOf":{"@id":"https:\/\/vitablanca.ma\/#website"},"primaryImageOfPage":{"@id":"https:\/\/vitablanca.ma\/produit\/curaprox-cps-408-perio-plus-5x-violet-2-2-8-mm\/#primaryimage"},"image":{"@id":"https:\/\/vitablanca.ma\/produit\/curaprox-cps-408-perio-plus-5x-violet-2-2-8-mm\/#primaryimage"},"thumbnailUrl":"https:\/\/vitablanca.ma\/wp-content\/uploads\/2025\/06\/Curaprox-CPS-408-Perio-Plus_-5X_-Violet-2.2-8-mm-nova-parapharmacie-maroc.png","datePublished":"2025-06-10T16:47:19+00:00","description":"Curaprox CPS 408 Perio Plus, 5X, Purple 2.2-8 mm","breadcrumb":{"@id":"https:\/\/vitablanca.ma\/produit\/curaprox-cps-408-perio-plus-5x-violet-2-2-8-mm\/#breadcrumb"},"inLanguage":"en-US","potentialAction":[{"@type":"ReadAction","target":["https:\/\/vitablanca.ma\/produit\/curaprox-cps-408-perio-plus-5x-violet-2-2-8-mm\/"]}]},{"@type":"ImageObject","inLanguage":"en-US","@id":"https:\/\/vitablanca.ma\/produit\/curaprox-cps-408-perio-plus-5x-violet-2-2-8-mm\/#primaryimage","url":"https:\/\/vitablanca.ma\/wp-content\/uploads\/2025\/06\/Curaprox-CPS-408-Perio-Plus_-5X_-Violet-2.2-8-mm-nova-parapharmacie-maroc.png","contentUrl":"https:\/\/vitablanca.ma\/wp-content\/uploads\/2025\/06\/Curaprox-CPS-408-Perio-Plus_-5X_-Violet-2.2-8-mm-nova-parapharmacie-maroc.png","width":1000,"height":1000},{"@type":"BreadcrumbList","@id":"https:\/\/vitablanca.ma\/produit\/curaprox-cps-408-perio-plus-5x-violet-2-2-8-mm\/#breadcrumb","itemListElement":[{"@type":"ListItem","position":1,"name":"Home","item":"https:\/\/vitablanca.ma\/"},{"@type":"ListItem","position":2,"name":"Tous Les Produits","item":"https:\/\/vitablanca.ma\/tous-les-produits\/"},{"@type":"ListItem","position":3,"name":"Curaprox CPS 408 Perio Plus, 5X, Violet 2.2-8 mm"}]},{"@type":"WebSite","@id":"https:\/\/vitablanca.ma\/#website","url":"https:\/\/vitablanca.ma\/","name":"VitaBlanca.ma | Food supplements, health &amp; beauty in Morocco","description":"sell premium vitamins and supplements from USA &amp; Canada, New Zealand, Morocco (NOW Foods, Solgar, Manuka). Fast delivery anywhere in Morocco.","publisher":{"@id":"https:\/\/vitablanca.ma\/#organization"},"alternateName":"VitaBlanca.ma","potentialAction":[{"@type":"SearchAction","target":{"@type":"EntryPoint","urlTemplate":"https:\/\/vitablanca.ma\/?s={search_term_string}"},"query-input":{"@type":"PropertyValueSpecification","valueRequired":true,"valueName":"search_term_string"}}],"inLanguage":"en-US"},{"@type":"Organization","@id":"https:\/\/vitablanca.ma\/#organization","name":"VitaBlanca","url":"https:\/\/vitablanca.ma\/","logo":{"@type":"ImageObject","inLanguage":"en-US","@id":"https:\/\/vitablanca.ma\/#\/schema\/logo\/image\/","url":"https:\/\/vitablanca.ma\/wp-content\/uploads\/2025\/05\/cropped-vitablanca.png","contentUrl":"https:\/\/vitablanca.ma\/wp-content\/uploads\/2025\/05\/cropped-vitablanca.png","width":360,"height":67,"caption":"VitaBlanca"},"image":{"@id":"https:\/\/vitablanca.ma\/#\/schema\/logo\/image\/"},"sameAs":["https:\/\/www.facebook.com\/profile.php?id=61576678196717","https:\/\/www.tiktok.com\/@vitablanca.ma","https:\/\/www.instagram.com\/vitablanca.ma\/"]}]}},"jetpack_sharing_enabled":true,"_links":{"self":[{"href":"https:\/\/vitablanca.ma\/en\/wp-json\/wp\/v2\/product\/16751","targetHints":{"allow":["GET"]}}],"collection":[{"href":"https:\/\/vitablanca.ma\/en\/wp-json\/wp\/v2\/product"}],"about":[{"href":"https:\/\/vitablanca.ma\/en\/wp-json\/wp\/v2\/types\/product"}],"wp:featuredmedia":[{"embeddable":true,"href":"https:\/\/vitablanca.ma\/en\/wp-json\/wp\/v2\/media\/16747"}],"wp:attachment":[{"href":"https:\/\/vitablanca.ma\/en\/wp-json\/wp\/v2\/media?parent=16751"}],"wp:term":[{"taxonomy":"product_brand","embeddable":true,"href":"https:\/\/vitablanca.ma\/en\/wp-json\/wp\/v2\/product_brand?post=16751"},{"taxonomy":"product_cat","embeddable":true,"href":"https:\/\/vitablanca.ma\/en\/wp-json\/wp\/v2\/product_cat?post=16751"},{"taxonomy":"product_tag","embeddable":true,"href":"https:\/\/vitablanca.ma\/en\/wp-json\/wp\/v2\/product_tag?post=16751"}],"curies":[{"name":"wp","href":"https:\/\/api.w.org\/{rel}","templated":true}]}}