{"id":16698,"date":"2025-06-10T16:46:36","date_gmt":"2025-06-10T16:46:36","guid":{"rendered":"https:\/\/vitablanca.ma\/product\/covermark-foundation-fond-de-teint-n08a-spf-30-15ml\/"},"modified":"2025-06-10T16:46:36","modified_gmt":"2025-06-10T16:46:36","slug":"covermark-foundation-fond-de-teint-n08a-spf-30-15ml","status":"publish","type":"product","link":"https:\/\/vitablanca.ma\/en\/product\/covermark-foundation-fond-de-teint-n08a-spf-30-15ml\/","title":{"rendered":"Covermark Foundation No. 08A SPF 30 15ml"},"content":{"rendered":"<h2>Covermark Foundation No. 08A SPF 30<\/h2>\n<p>15ml<\/p>\n<h3>Description:<\/h3>\n<p>THE<span>\u00a0<\/span><strong>Covermark Finishing Powder<\/strong><span>\u00a0<\/span>is a translucent powder that sets and dries foundation for a natural finish. Its talc-based formula makes it compatible with Covermark Foundation or Covermark Face Magic.<\/p>\n<p>Foundation, used as a basic element of makeup, helps even out the skin tone and lightly color the skin. It also provides protection against external aggressions and atmospheric pollution. However, being loaded with synthetic products and oils, it can irritate the skin and clog pores if applied in excess, causing redness and patches, especially on the<span>\u00a0<\/span><strong>sensitive skin<\/strong>. This is why it is necessary not to overuse it or to thin its layer slightly.<\/p>\n<p>This is the case with powder<span>\u00a0<\/span><strong>Finishing Powder Covermask<\/strong><span>\u00a0<\/span>The magnesium silicate in the talc it contains gives it its absorbent properties. Added to freshly applied makeup, this fine white powder will capture excess cosmetics that might run or harden on the skin. Simply dust it off afterwards to expel imperfections and restore a smooth, matte appearance to the face.<\/p>\n<p>With a capacity of 25g, this pot fits easily into a toiletry bag or handbag.<\/p>\n<p>Specializing in cosmetic products for over 60 years,<span>\u00a0<\/span><strong>Covermark<\/strong><span>\u00a0<\/span>develops products designed to conceal small skin imperfections such as acne, angiomas or stretch marks.<\/p>","protected":false},"excerpt":{"rendered":"<p>Covermark Foundation Fond De Teint N\u00b008A SPF 30 15ml Description: Le\u00a0Finishing Powder de Covermark\u00a0est une poudre translucide qui permet de fixer et de s\u00e9cher le fond de teint, pour une finition naturelle. Sa formule \u00e0 base de talc la rend compatible avec le fond de teint Covermark Foundation ou Covermark Face Magic. Le fond de [&hellip;]<\/p>\n","protected":false},"featured_media":16693,"template":"","meta":{"om_disable_all_campaigns":false},"product_brand":[],"product_cat":[15],"product_tag":[],"class_list":{"0":"post-16698","1":"product","2":"type-product","3":"status-publish","4":"has-post-thumbnail","6":"product_cat-beaute-sante-complements-alimentaires-soins-et-bien-etre-au-meilleur-prix","8":"first","9":"instock","10":"sale","11":"taxable","12":"shipping-taxable","13":"purchasable","14":"product-type-simple"},"yoast_head":"<!-- This site is optimized with the Yoast SEO plugin v27.6 - https:\/\/yoast.com\/product\/yoast-seo-wordpress\/ -->\n<title>Covermark Foundation Fond De Teint N\u00b008A SPF 30 15ml - Maroc Prix<\/title>\n<meta name=\"description\" content=\"Covermark Foundation Fond De Teint N\u00b008A SPF 30 15ml\" \/>\n<meta name=\"robots\" content=\"index, follow, max-snippet:-1, max-image-preview:large, max-video-preview:-1\" \/>\n<link rel=\"canonical\" href=\"https:\/\/vitablanca.ma\/en\/product\/covermark-foundation-fond-de-teint-n08a-spf-30-15ml\/\" \/>\n<meta property=\"og:locale\" content=\"en_US\" \/>\n<meta property=\"og:type\" content=\"article\" \/>\n<meta property=\"og:title\" content=\"Covermark Foundation Fond De Teint N\u00b008A SPF 30 15ml - Maroc Prix\" \/>\n<meta property=\"og:description\" content=\"Covermark Foundation Fond De Teint N\u00b008A SPF 30 15ml\" \/>\n<meta property=\"og:url\" content=\"https:\/\/vitablanca.ma\/en\/product\/covermark-foundation-fond-de-teint-n08a-spf-30-15ml\/\" \/>\n<meta property=\"og:site_name\" content=\"Vitablanca.ma &ndash; Sant&eacute;, vitalit&eacute; et bien-&ecirc;tre pour tous les Marocains\" \/>\n<meta property=\"article:publisher\" content=\"https:\/\/www.facebook.com\/profile.php?id=61576678196717\" \/>\n<meta property=\"og:image\" content=\"https:\/\/vitablanca.ma\/wp-content\/uploads\/2025\/06\/Covermark-Fondation-Fond-De-Teint-N_08A-SPF-30-15ml-prix-maroc-parapharmacie-casablanca.jpg\" \/>\n\t<meta property=\"og:image:width\" content=\"1000\" \/>\n\t<meta property=\"og:image:height\" content=\"1000\" \/>\n\t<meta property=\"og:image:type\" content=\"image\/jpeg\" \/>\n<meta name=\"twitter:card\" content=\"summary_large_image\" \/>\n<meta name=\"twitter:label1\" content=\"Est. reading time\" \/>\n\t<meta name=\"twitter:data1\" content=\"1 minute\" \/>\n<script type=\"application\/ld+json\" class=\"yoast-schema-graph\">{\"@context\":\"https:\\\/\\\/schema.org\",\"@graph\":[{\"@type\":[\"WebPage\",\"ItemPage\"],\"@id\":\"https:\\\/\\\/vitablanca.ma\\\/produit\\\/covermark-foundation-fond-de-teint-n08a-spf-30-15ml\\\/\",\"url\":\"https:\\\/\\\/vitablanca.ma\\\/produit\\\/covermark-foundation-fond-de-teint-n08a-spf-30-15ml\\\/\",\"name\":\"Covermark Foundation Fond De Teint N\u00b008A SPF 30 15ml - Maroc Prix\",\"isPartOf\":{\"@id\":\"https:\\\/\\\/vitablanca.ma\\\/#website\"},\"primaryImageOfPage\":{\"@id\":\"https:\\\/\\\/vitablanca.ma\\\/produit\\\/covermark-foundation-fond-de-teint-n08a-spf-30-15ml\\\/#primaryimage\"},\"image\":{\"@id\":\"https:\\\/\\\/vitablanca.ma\\\/produit\\\/covermark-foundation-fond-de-teint-n08a-spf-30-15ml\\\/#primaryimage\"},\"thumbnailUrl\":\"https:\\\/\\\/vitablanca.ma\\\/wp-content\\\/uploads\\\/2025\\\/06\\\/Covermark-Fondation-Fond-De-Teint-N_08A-SPF-30-15ml-prix-maroc-parapharmacie-casablanca.jpg\",\"datePublished\":\"2025-06-10T16:46:36+00:00\",\"description\":\"Covermark Foundation Fond De Teint N\u00b008A SPF 30 15ml\",\"breadcrumb\":{\"@id\":\"https:\\\/\\\/vitablanca.ma\\\/produit\\\/covermark-foundation-fond-de-teint-n08a-spf-30-15ml\\\/#breadcrumb\"},\"inLanguage\":\"en-US\",\"potentialAction\":[{\"@type\":\"ReadAction\",\"target\":[\"https:\\\/\\\/vitablanca.ma\\\/produit\\\/covermark-foundation-fond-de-teint-n08a-spf-30-15ml\\\/\"]}]},{\"@type\":\"ImageObject\",\"inLanguage\":\"en-US\",\"@id\":\"https:\\\/\\\/vitablanca.ma\\\/produit\\\/covermark-foundation-fond-de-teint-n08a-spf-30-15ml\\\/#primaryimage\",\"url\":\"https:\\\/\\\/vitablanca.ma\\\/wp-content\\\/uploads\\\/2025\\\/06\\\/Covermark-Fondation-Fond-De-Teint-N_08A-SPF-30-15ml-prix-maroc-parapharmacie-casablanca.jpg\",\"contentUrl\":\"https:\\\/\\\/vitablanca.ma\\\/wp-content\\\/uploads\\\/2025\\\/06\\\/Covermark-Fondation-Fond-De-Teint-N_08A-SPF-30-15ml-prix-maroc-parapharmacie-casablanca.jpg\",\"width\":1000,\"height\":1000},{\"@type\":\"BreadcrumbList\",\"@id\":\"https:\\\/\\\/vitablanca.ma\\\/produit\\\/covermark-foundation-fond-de-teint-n08a-spf-30-15ml\\\/#breadcrumb\",\"itemListElement\":[{\"@type\":\"ListItem\",\"position\":1,\"name\":\"Home\",\"item\":\"https:\\\/\\\/vitablanca.ma\\\/\"},{\"@type\":\"ListItem\",\"position\":2,\"name\":\"Tous Les Produits\",\"item\":\"https:\\\/\\\/vitablanca.ma\\\/tous-les-produits\\\/\"},{\"@type\":\"ListItem\",\"position\":3,\"name\":\"Covermark Foundation Fond De Teint N\u00b008A SPF 30 15ml\"}]},{\"@type\":\"WebSite\",\"@id\":\"https:\\\/\\\/vitablanca.ma\\\/#website\",\"url\":\"https:\\\/\\\/vitablanca.ma\\\/\",\"name\":\"VitaBlanca.ma | Compl\u00e9ments alimentaires, sant\u00e9 & beaut\u00e9 au Maroc\",\"description\":\"vendre vitamines et compl\u00e9ments premium des USA &amp; Canada, Nouvelle Z\u00e9lande,Maroc (NOW Foods, Solgar, Manuka). Livraison rapide partout au Maroc.\",\"publisher\":{\"@id\":\"https:\\\/\\\/vitablanca.ma\\\/#organization\"},\"alternateName\":\"VitaBlanca.ma\",\"potentialAction\":[{\"@type\":\"SearchAction\",\"target\":{\"@type\":\"EntryPoint\",\"urlTemplate\":\"https:\\\/\\\/vitablanca.ma\\\/?s={search_term_string}\"},\"query-input\":{\"@type\":\"PropertyValueSpecification\",\"valueRequired\":true,\"valueName\":\"search_term_string\"}}],\"inLanguage\":\"en-US\"},{\"@type\":\"Organization\",\"@id\":\"https:\\\/\\\/vitablanca.ma\\\/#organization\",\"name\":\"VitaBlanca\",\"url\":\"https:\\\/\\\/vitablanca.ma\\\/\",\"logo\":{\"@type\":\"ImageObject\",\"inLanguage\":\"en-US\",\"@id\":\"https:\\\/\\\/vitablanca.ma\\\/#\\\/schema\\\/logo\\\/image\\\/\",\"url\":\"https:\\\/\\\/vitablanca.ma\\\/wp-content\\\/uploads\\\/2025\\\/05\\\/cropped-vitablanca.png\",\"contentUrl\":\"https:\\\/\\\/vitablanca.ma\\\/wp-content\\\/uploads\\\/2025\\\/05\\\/cropped-vitablanca.png\",\"width\":360,\"height\":67,\"caption\":\"VitaBlanca\"},\"image\":{\"@id\":\"https:\\\/\\\/vitablanca.ma\\\/#\\\/schema\\\/logo\\\/image\\\/\"},\"sameAs\":[\"https:\\\/\\\/www.facebook.com\\\/profile.php?id=61576678196717\",\"https:\\\/\\\/www.tiktok.com\\\/@vitablanca.ma\",\"https:\\\/\\\/www.instagram.com\\\/vitablanca.ma\\\/\"]}]}<\/script>\n<!-- \/ Yoast SEO plugin. -->","yoast_head_json":{"title":"Covermark Foundation No. 08A SPF 30 15ml - Morocco Price","description":"Covermark Foundation No. 08A SPF 30 15ml","robots":{"index":"index","follow":"follow","max-snippet":"max-snippet:-1","max-image-preview":"max-image-preview:large","max-video-preview":"max-video-preview:-1"},"canonical":"https:\/\/vitablanca.ma\/en\/product\/covermark-foundation-fond-de-teint-n08a-spf-30-15ml\/","og_locale":"en_US","og_type":"article","og_title":"Covermark Foundation Fond De Teint N\u00b008A SPF 30 15ml - Maroc Prix","og_description":"Covermark Foundation Fond De Teint N\u00b008A SPF 30 15ml","og_url":"https:\/\/vitablanca.ma\/en\/product\/covermark-foundation-fond-de-teint-n08a-spf-30-15ml\/","og_site_name":"Vitablanca.ma &ndash; Sant&eacute;, vitalit&eacute; et bien-&ecirc;tre pour tous les Marocains","article_publisher":"https:\/\/www.facebook.com\/profile.php?id=61576678196717","og_image":[{"width":1000,"height":1000,"url":"https:\/\/vitablanca.ma\/wp-content\/uploads\/2025\/06\/Covermark-Fondation-Fond-De-Teint-N_08A-SPF-30-15ml-prix-maroc-parapharmacie-casablanca.jpg","type":"image\/jpeg"}],"twitter_card":"summary_large_image","twitter_misc":{"Est. reading time":"1 minute"},"schema":{"@context":"https:\/\/schema.org","@graph":[{"@type":["WebPage","ItemPage"],"@id":"https:\/\/vitablanca.ma\/produit\/covermark-foundation-fond-de-teint-n08a-spf-30-15ml\/","url":"https:\/\/vitablanca.ma\/produit\/covermark-foundation-fond-de-teint-n08a-spf-30-15ml\/","name":"Covermark Foundation No. 08A SPF 30 15ml - Morocco Price","isPartOf":{"@id":"https:\/\/vitablanca.ma\/#website"},"primaryImageOfPage":{"@id":"https:\/\/vitablanca.ma\/produit\/covermark-foundation-fond-de-teint-n08a-spf-30-15ml\/#primaryimage"},"image":{"@id":"https:\/\/vitablanca.ma\/produit\/covermark-foundation-fond-de-teint-n08a-spf-30-15ml\/#primaryimage"},"thumbnailUrl":"https:\/\/vitablanca.ma\/wp-content\/uploads\/2025\/06\/Covermark-Fondation-Fond-De-Teint-N_08A-SPF-30-15ml-prix-maroc-parapharmacie-casablanca.jpg","datePublished":"2025-06-10T16:46:36+00:00","description":"Covermark Foundation No. 08A SPF 30 15ml","breadcrumb":{"@id":"https:\/\/vitablanca.ma\/produit\/covermark-foundation-fond-de-teint-n08a-spf-30-15ml\/#breadcrumb"},"inLanguage":"en-US","potentialAction":[{"@type":"ReadAction","target":["https:\/\/vitablanca.ma\/produit\/covermark-foundation-fond-de-teint-n08a-spf-30-15ml\/"]}]},{"@type":"ImageObject","inLanguage":"en-US","@id":"https:\/\/vitablanca.ma\/produit\/covermark-foundation-fond-de-teint-n08a-spf-30-15ml\/#primaryimage","url":"https:\/\/vitablanca.ma\/wp-content\/uploads\/2025\/06\/Covermark-Fondation-Fond-De-Teint-N_08A-SPF-30-15ml-prix-maroc-parapharmacie-casablanca.jpg","contentUrl":"https:\/\/vitablanca.ma\/wp-content\/uploads\/2025\/06\/Covermark-Fondation-Fond-De-Teint-N_08A-SPF-30-15ml-prix-maroc-parapharmacie-casablanca.jpg","width":1000,"height":1000},{"@type":"BreadcrumbList","@id":"https:\/\/vitablanca.ma\/produit\/covermark-foundation-fond-de-teint-n08a-spf-30-15ml\/#breadcrumb","itemListElement":[{"@type":"ListItem","position":1,"name":"Home","item":"https:\/\/vitablanca.ma\/"},{"@type":"ListItem","position":2,"name":"Tous Les Produits","item":"https:\/\/vitablanca.ma\/tous-les-produits\/"},{"@type":"ListItem","position":3,"name":"Covermark Foundation Fond De Teint N\u00b008A SPF 30 15ml"}]},{"@type":"WebSite","@id":"https:\/\/vitablanca.ma\/#website","url":"https:\/\/vitablanca.ma\/","name":"VitaBlanca.ma | Food supplements, health &amp; beauty in Morocco","description":"sell premium vitamins and supplements from USA &amp; Canada, New Zealand, Morocco (NOW Foods, Solgar, Manuka). Fast delivery anywhere in Morocco.","publisher":{"@id":"https:\/\/vitablanca.ma\/#organization"},"alternateName":"VitaBlanca.ma","potentialAction":[{"@type":"SearchAction","target":{"@type":"EntryPoint","urlTemplate":"https:\/\/vitablanca.ma\/?s={search_term_string}"},"query-input":{"@type":"PropertyValueSpecification","valueRequired":true,"valueName":"search_term_string"}}],"inLanguage":"en-US"},{"@type":"Organization","@id":"https:\/\/vitablanca.ma\/#organization","name":"VitaBlanca","url":"https:\/\/vitablanca.ma\/","logo":{"@type":"ImageObject","inLanguage":"en-US","@id":"https:\/\/vitablanca.ma\/#\/schema\/logo\/image\/","url":"https:\/\/vitablanca.ma\/wp-content\/uploads\/2025\/05\/cropped-vitablanca.png","contentUrl":"https:\/\/vitablanca.ma\/wp-content\/uploads\/2025\/05\/cropped-vitablanca.png","width":360,"height":67,"caption":"VitaBlanca"},"image":{"@id":"https:\/\/vitablanca.ma\/#\/schema\/logo\/image\/"},"sameAs":["https:\/\/www.facebook.com\/profile.php?id=61576678196717","https:\/\/www.tiktok.com\/@vitablanca.ma","https:\/\/www.instagram.com\/vitablanca.ma\/"]}]}},"jetpack_sharing_enabled":true,"_links":{"self":[{"href":"https:\/\/vitablanca.ma\/en\/wp-json\/wp\/v2\/product\/16698","targetHints":{"allow":["GET"]}}],"collection":[{"href":"https:\/\/vitablanca.ma\/en\/wp-json\/wp\/v2\/product"}],"about":[{"href":"https:\/\/vitablanca.ma\/en\/wp-json\/wp\/v2\/types\/product"}],"wp:featuredmedia":[{"embeddable":true,"href":"https:\/\/vitablanca.ma\/en\/wp-json\/wp\/v2\/media\/16693"}],"wp:attachment":[{"href":"https:\/\/vitablanca.ma\/en\/wp-json\/wp\/v2\/media?parent=16698"}],"wp:term":[{"taxonomy":"product_brand","embeddable":true,"href":"https:\/\/vitablanca.ma\/en\/wp-json\/wp\/v2\/product_brand?post=16698"},{"taxonomy":"product_cat","embeddable":true,"href":"https:\/\/vitablanca.ma\/en\/wp-json\/wp\/v2\/product_cat?post=16698"},{"taxonomy":"product_tag","embeddable":true,"href":"https:\/\/vitablanca.ma\/en\/wp-json\/wp\/v2\/product_tag?post=16698"}],"curies":[{"name":"wp","href":"https:\/\/api.w.org\/{rel}","templated":true}]}}