{"id":16658,"date":"2025-06-10T16:46:02","date_gmt":"2025-06-10T16:46:02","guid":{"rendered":"https:\/\/vitablanca.ma\/product\/cerave-eau-micellaire-295ml\/"},"modified":"2026-01-21T17:19:22","modified_gmt":"2026-01-21T17:19:22","slug":"cerave-eau-micellaire-295ml","status":"publish","type":"product","link":"https:\/\/vitablanca.ma\/en\/product\/cerave-eau-micellaire-295ml\/","title":{"rendered":"Cerave Micellar Water 295ml"},"content":{"rendered":"<h2><span data-mce-fragment=\"1\">Cerave Micellar Water Gently cleanses and moisturizes without altering the skin&#039;s protective barrier.<\/span><\/h2>\n<p><span data-mce-fragment=\"1\">Normal to Dry Skin<\/span><\/p>\n<h3>\n<strong>Area<\/strong> application:<\/h3>\n<p><strong>Face and neck<\/strong><\/p>\n<p>Developed with dermatologists, 3-in-1 Micellar Water gently cleanses, removes makeup and moisturizes without altering the skin&#039;s protective barrier.<br \/>Enriched with 3 essential ceramides (1,3,6-II) which help restore the skin barrier and enriched with Niacinamide, for its soothing role.<br \/>Its fragrance-free formula is suitable for sensitive skin and eyes.<br \/>Hypoallergenic formula.<br \/>Tested under ophthalmological control.<\/p>\n<ul>\n<li>Three essential ceramides to help keep skin hydrated and restore the skin barrier.<\/li>\n<li>MVE\u00ae Technology encapsulates active ingredients and delivers them continuously into the skin. This restores the skin barrier and hydrates it throughout the day after just one application.<\/li>\n<\/ul>\n<h3 data-mce-fragment=\"1\"><span data-mce-fragment=\"1\">Use<\/span><\/h3>\n<section class=\"bg-white product-tabs tabs-container\">\n<div class=\"tabs-to-accordion basic-tabs tabs ui-tabs ui-widget ui-widget-content ui-corner-all\">\n<div class=\"ui-tabs-panel ui-widget-content ui-corner-bottom\" aria-hidden=\"false\" role=\"tabpanel\" aria-labelledby=\"ui-id-1\" id=\"tabs-3\">\n<div class=\"row\">\n<p>Apply to face, eyes, and lips with a soaked cotton pad. Repeat until the pad is clean. No rinsing required.<\/p>\n<h3 data-mce-fragment=\"1\">Ingredients<\/h3>\n<p><span>AQUA\/WATER, GLYCERIN, HEXYLENE GLYCOL, POLOXAMER 184, DISODIUM COCOAMPHODIACETATE, DISODIUM EDTA, NIACINAMIDE, POLYAMINOPROPYL, BIGUANIDE, SODIUM LAUROYL LACTYLATE, BHT, CERAMIDE NP, PHENOXYETHANOL, CERAMIDE AP, PHYTOSPHINGOSIN, CHOLESTEROL, XANTHAN GUM, CARBOMER, ETHYLHEXYLGLY-CERIN, CERAMIDE EOP.<\/span><\/p>\n<\/div>\n<\/div>\n<\/div>\n<\/section>","protected":false},"excerpt":{"rendered":"<p>Cerave Eau Micellaire Nettoie et hydrate en douceur sans alt\u00e9rer la barri\u00e8re protectrice de la peau. Peaux Normales \u00e0 S\u00e8ches Zone d&rsquo;application: Visage et cou D\u00e9velopp\u00e9e avec des dermatologues, l\u2019Eau Micellaire 3-en-1 nettoie, d\u00e9maquille et hydrate en douceur sans alt\u00e9rer la barri\u00e8re protectrice de la peau.Enrichie aux 3 c\u00e9ramides essentiels (1,3,6-II) qui aident \u00e0 restaurer [&hellip;]<\/p>\n","protected":false},"featured_media":16650,"template":"","meta":{"om_disable_all_campaigns":false},"product_brand":[5980],"product_cat":[18],"product_tag":[],"class_list":{"0":"post-16658","1":"product","2":"type-product","3":"status-publish","4":"has-post-thumbnail","6":"product_brand-cerave-original-maroc-au-meilleur-prix","7":"product_cat-beaute-sante","9":"first","10":"instock","11":"sale","12":"taxable","13":"shipping-taxable","14":"purchasable","15":"product-type-simple"},"yoast_head":"<!-- This site is optimized with the Yoast SEO plugin v27.3 - https:\/\/yoast.com\/product\/yoast-seo-wordpress\/ -->\n<title>Cerave Eau Micellaire 295ml - Maroc Prix<\/title>\n<meta name=\"description\" content=\"Cerave Eau Micellaire 295ml\" \/>\n<meta name=\"robots\" content=\"index, follow, max-snippet:-1, max-image-preview:large, max-video-preview:-1\" \/>\n<link rel=\"canonical\" href=\"https:\/\/vitablanca.ma\/en\/product\/cerave-eau-micellaire-295ml\/\" \/>\n<meta property=\"og:locale\" content=\"en_US\" \/>\n<meta property=\"og:type\" content=\"article\" \/>\n<meta property=\"og:title\" content=\"Cerave Eau Micellaire 295ml - Maroc Prix\" \/>\n<meta property=\"og:description\" content=\"Cerave Eau Micellaire 295ml\" \/>\n<meta property=\"og:url\" content=\"https:\/\/vitablanca.ma\/en\/product\/cerave-eau-micellaire-295ml\/\" \/>\n<meta property=\"og:site_name\" content=\"Vitablanca.ma &ndash; Sant&eacute;, vitalit&eacute; et bien-&ecirc;tre pour tous les Marocains\" \/>\n<meta property=\"article:publisher\" content=\"https:\/\/www.facebook.com\/profile.php?id=61576678196717\" \/>\n<meta property=\"article:modified_time\" content=\"2026-01-21T17:19:22+00:00\" \/>\n<meta property=\"og:image\" content=\"https:\/\/vitablanca.ma\/wp-content\/uploads\/2025\/06\/cerave-eau-micellaire-demaquillante-hydratante-peau-normale-a-seche-295ml-parapharmacie-prix-maroc.jpg\" \/>\n\t<meta property=\"og:image:width\" content=\"800\" \/>\n\t<meta property=\"og:image:height\" content=\"800\" \/>\n\t<meta property=\"og:image:type\" content=\"image\/jpeg\" \/>\n<meta name=\"twitter:card\" content=\"summary_large_image\" \/>\n<meta name=\"twitter:label1\" content=\"Est. reading time\" \/>\n\t<meta name=\"twitter:data1\" content=\"1 minute\" \/>\n<script type=\"application\/ld+json\" class=\"yoast-schema-graph\">{\"@context\":\"https:\\\/\\\/schema.org\",\"@graph\":[{\"@type\":[\"WebPage\",\"ItemPage\"],\"@id\":\"https:\\\/\\\/vitablanca.ma\\\/produit\\\/cerave-eau-micellaire-295ml\\\/\",\"url\":\"https:\\\/\\\/vitablanca.ma\\\/produit\\\/cerave-eau-micellaire-295ml\\\/\",\"name\":\"Cerave Eau Micellaire 295ml - Maroc Prix\",\"isPartOf\":{\"@id\":\"https:\\\/\\\/vitablanca.ma\\\/#website\"},\"primaryImageOfPage\":{\"@id\":\"https:\\\/\\\/vitablanca.ma\\\/produit\\\/cerave-eau-micellaire-295ml\\\/#primaryimage\"},\"image\":{\"@id\":\"https:\\\/\\\/vitablanca.ma\\\/produit\\\/cerave-eau-micellaire-295ml\\\/#primaryimage\"},\"thumbnailUrl\":\"https:\\\/\\\/vitablanca.ma\\\/wp-content\\\/uploads\\\/2025\\\/06\\\/cerave-eau-micellaire-demaquillante-hydratante-peau-normale-a-seche-295ml-parapharmacie-prix-maroc.jpg\",\"datePublished\":\"2025-06-10T16:46:02+00:00\",\"dateModified\":\"2026-01-21T17:19:22+00:00\",\"description\":\"Cerave Eau Micellaire 295ml\",\"breadcrumb\":{\"@id\":\"https:\\\/\\\/vitablanca.ma\\\/produit\\\/cerave-eau-micellaire-295ml\\\/#breadcrumb\"},\"inLanguage\":\"en-US\",\"potentialAction\":[{\"@type\":\"ReadAction\",\"target\":[\"https:\\\/\\\/vitablanca.ma\\\/produit\\\/cerave-eau-micellaire-295ml\\\/\"]}]},{\"@type\":\"ImageObject\",\"inLanguage\":\"en-US\",\"@id\":\"https:\\\/\\\/vitablanca.ma\\\/produit\\\/cerave-eau-micellaire-295ml\\\/#primaryimage\",\"url\":\"https:\\\/\\\/vitablanca.ma\\\/wp-content\\\/uploads\\\/2025\\\/06\\\/cerave-eau-micellaire-demaquillante-hydratante-peau-normale-a-seche-295ml-parapharmacie-prix-maroc.jpg\",\"contentUrl\":\"https:\\\/\\\/vitablanca.ma\\\/wp-content\\\/uploads\\\/2025\\\/06\\\/cerave-eau-micellaire-demaquillante-hydratante-peau-normale-a-seche-295ml-parapharmacie-prix-maroc.jpg\",\"width\":800,\"height\":800},{\"@type\":\"BreadcrumbList\",\"@id\":\"https:\\\/\\\/vitablanca.ma\\\/produit\\\/cerave-eau-micellaire-295ml\\\/#breadcrumb\",\"itemListElement\":[{\"@type\":\"ListItem\",\"position\":1,\"name\":\"Home\",\"item\":\"https:\\\/\\\/vitablanca.ma\\\/\"},{\"@type\":\"ListItem\",\"position\":2,\"name\":\"Tous Les Produits\",\"item\":\"https:\\\/\\\/vitablanca.ma\\\/tous-les-produits\\\/\"},{\"@type\":\"ListItem\",\"position\":3,\"name\":\"Cerave Eau Micellaire 295ml\"}]},{\"@type\":\"WebSite\",\"@id\":\"https:\\\/\\\/vitablanca.ma\\\/#website\",\"url\":\"https:\\\/\\\/vitablanca.ma\\\/\",\"name\":\"VitaBlanca.ma | Compl\u00e9ments alimentaires, sant\u00e9 & beaut\u00e9 au Maroc\",\"description\":\"vendre vitamines et compl\u00e9ments premium des USA &amp; Canada, Nouvelle Z\u00e9lande,Maroc (NOW Foods, Solgar, Manuka). Livraison rapide partout au Maroc.\",\"publisher\":{\"@id\":\"https:\\\/\\\/vitablanca.ma\\\/#organization\"},\"alternateName\":\"VitaBlanca.ma\",\"potentialAction\":[{\"@type\":\"SearchAction\",\"target\":{\"@type\":\"EntryPoint\",\"urlTemplate\":\"https:\\\/\\\/vitablanca.ma\\\/?s={search_term_string}\"},\"query-input\":{\"@type\":\"PropertyValueSpecification\",\"valueRequired\":true,\"valueName\":\"search_term_string\"}}],\"inLanguage\":\"en-US\"},{\"@type\":\"Organization\",\"@id\":\"https:\\\/\\\/vitablanca.ma\\\/#organization\",\"name\":\"VitaBlanca\",\"url\":\"https:\\\/\\\/vitablanca.ma\\\/\",\"logo\":{\"@type\":\"ImageObject\",\"inLanguage\":\"en-US\",\"@id\":\"https:\\\/\\\/vitablanca.ma\\\/#\\\/schema\\\/logo\\\/image\\\/\",\"url\":\"https:\\\/\\\/vitablanca.ma\\\/wp-content\\\/uploads\\\/2025\\\/05\\\/cropped-vitablanca.png\",\"contentUrl\":\"https:\\\/\\\/vitablanca.ma\\\/wp-content\\\/uploads\\\/2025\\\/05\\\/cropped-vitablanca.png\",\"width\":360,\"height\":67,\"caption\":\"VitaBlanca\"},\"image\":{\"@id\":\"https:\\\/\\\/vitablanca.ma\\\/#\\\/schema\\\/logo\\\/image\\\/\"},\"sameAs\":[\"https:\\\/\\\/www.facebook.com\\\/profile.php?id=61576678196717\",\"https:\\\/\\\/www.tiktok.com\\\/@vitablanca.ma\",\"https:\\\/\\\/www.instagram.com\\\/vitablanca.ma\\\/\"]}]}<\/script>\n<!-- \/ Yoast SEO plugin. -->","yoast_head_json":{"title":"Cerave Micellar Water 295ml - Morocco Price","description":"Cerave Micellar Water 295ml","robots":{"index":"index","follow":"follow","max-snippet":"max-snippet:-1","max-image-preview":"max-image-preview:large","max-video-preview":"max-video-preview:-1"},"canonical":"https:\/\/vitablanca.ma\/en\/product\/cerave-eau-micellaire-295ml\/","og_locale":"en_US","og_type":"article","og_title":"Cerave Eau Micellaire 295ml - Maroc Prix","og_description":"Cerave Eau Micellaire 295ml","og_url":"https:\/\/vitablanca.ma\/en\/product\/cerave-eau-micellaire-295ml\/","og_site_name":"Vitablanca.ma &ndash; Sant&eacute;, vitalit&eacute; et bien-&ecirc;tre pour tous les Marocains","article_publisher":"https:\/\/www.facebook.com\/profile.php?id=61576678196717","article_modified_time":"2026-01-21T17:19:22+00:00","og_image":[{"width":800,"height":800,"url":"https:\/\/vitablanca.ma\/wp-content\/uploads\/2025\/06\/cerave-eau-micellaire-demaquillante-hydratante-peau-normale-a-seche-295ml-parapharmacie-prix-maroc.jpg","type":"image\/jpeg"}],"twitter_card":"summary_large_image","twitter_misc":{"Est. reading time":"1 minute"},"schema":{"@context":"https:\/\/schema.org","@graph":[{"@type":["WebPage","ItemPage"],"@id":"https:\/\/vitablanca.ma\/produit\/cerave-eau-micellaire-295ml\/","url":"https:\/\/vitablanca.ma\/produit\/cerave-eau-micellaire-295ml\/","name":"Cerave Micellar Water 295ml - Morocco Price","isPartOf":{"@id":"https:\/\/vitablanca.ma\/#website"},"primaryImageOfPage":{"@id":"https:\/\/vitablanca.ma\/produit\/cerave-eau-micellaire-295ml\/#primaryimage"},"image":{"@id":"https:\/\/vitablanca.ma\/produit\/cerave-eau-micellaire-295ml\/#primaryimage"},"thumbnailUrl":"https:\/\/vitablanca.ma\/wp-content\/uploads\/2025\/06\/cerave-eau-micellaire-demaquillante-hydratante-peau-normale-a-seche-295ml-parapharmacie-prix-maroc.jpg","datePublished":"2025-06-10T16:46:02+00:00","dateModified":"2026-01-21T17:19:22+00:00","description":"Cerave Micellar Water 295ml","breadcrumb":{"@id":"https:\/\/vitablanca.ma\/produit\/cerave-eau-micellaire-295ml\/#breadcrumb"},"inLanguage":"en-US","potentialAction":[{"@type":"ReadAction","target":["https:\/\/vitablanca.ma\/produit\/cerave-eau-micellaire-295ml\/"]}]},{"@type":"ImageObject","inLanguage":"en-US","@id":"https:\/\/vitablanca.ma\/produit\/cerave-eau-micellaire-295ml\/#primaryimage","url":"https:\/\/vitablanca.ma\/wp-content\/uploads\/2025\/06\/cerave-eau-micellaire-demaquillante-hydratante-peau-normale-a-seche-295ml-parapharmacie-prix-maroc.jpg","contentUrl":"https:\/\/vitablanca.ma\/wp-content\/uploads\/2025\/06\/cerave-eau-micellaire-demaquillante-hydratante-peau-normale-a-seche-295ml-parapharmacie-prix-maroc.jpg","width":800,"height":800},{"@type":"BreadcrumbList","@id":"https:\/\/vitablanca.ma\/produit\/cerave-eau-micellaire-295ml\/#breadcrumb","itemListElement":[{"@type":"ListItem","position":1,"name":"Home","item":"https:\/\/vitablanca.ma\/"},{"@type":"ListItem","position":2,"name":"Tous Les Produits","item":"https:\/\/vitablanca.ma\/tous-les-produits\/"},{"@type":"ListItem","position":3,"name":"Cerave Eau Micellaire 295ml"}]},{"@type":"WebSite","@id":"https:\/\/vitablanca.ma\/#website","url":"https:\/\/vitablanca.ma\/","name":"VitaBlanca.ma | Food supplements, health &amp; beauty in Morocco","description":"sell premium vitamins and supplements from USA &amp; Canada, New Zealand, Morocco (NOW Foods, Solgar, Manuka). Fast delivery anywhere in Morocco.","publisher":{"@id":"https:\/\/vitablanca.ma\/#organization"},"alternateName":"VitaBlanca.ma","potentialAction":[{"@type":"SearchAction","target":{"@type":"EntryPoint","urlTemplate":"https:\/\/vitablanca.ma\/?s={search_term_string}"},"query-input":{"@type":"PropertyValueSpecification","valueRequired":true,"valueName":"search_term_string"}}],"inLanguage":"en-US"},{"@type":"Organization","@id":"https:\/\/vitablanca.ma\/#organization","name":"VitaBlanca","url":"https:\/\/vitablanca.ma\/","logo":{"@type":"ImageObject","inLanguage":"en-US","@id":"https:\/\/vitablanca.ma\/#\/schema\/logo\/image\/","url":"https:\/\/vitablanca.ma\/wp-content\/uploads\/2025\/05\/cropped-vitablanca.png","contentUrl":"https:\/\/vitablanca.ma\/wp-content\/uploads\/2025\/05\/cropped-vitablanca.png","width":360,"height":67,"caption":"VitaBlanca"},"image":{"@id":"https:\/\/vitablanca.ma\/#\/schema\/logo\/image\/"},"sameAs":["https:\/\/www.facebook.com\/profile.php?id=61576678196717","https:\/\/www.tiktok.com\/@vitablanca.ma","https:\/\/www.instagram.com\/vitablanca.ma\/"]}]}},"jetpack_sharing_enabled":true,"_links":{"self":[{"href":"https:\/\/vitablanca.ma\/en\/wp-json\/wp\/v2\/product\/16658","targetHints":{"allow":["GET"]}}],"collection":[{"href":"https:\/\/vitablanca.ma\/en\/wp-json\/wp\/v2\/product"}],"about":[{"href":"https:\/\/vitablanca.ma\/en\/wp-json\/wp\/v2\/types\/product"}],"wp:featuredmedia":[{"embeddable":true,"href":"https:\/\/vitablanca.ma\/en\/wp-json\/wp\/v2\/media\/16650"}],"wp:attachment":[{"href":"https:\/\/vitablanca.ma\/en\/wp-json\/wp\/v2\/media?parent=16658"}],"wp:term":[{"taxonomy":"product_brand","embeddable":true,"href":"https:\/\/vitablanca.ma\/en\/wp-json\/wp\/v2\/product_brand?post=16658"},{"taxonomy":"product_cat","embeddable":true,"href":"https:\/\/vitablanca.ma\/en\/wp-json\/wp\/v2\/product_cat?post=16658"},{"taxonomy":"product_tag","embeddable":true,"href":"https:\/\/vitablanca.ma\/en\/wp-json\/wp\/v2\/product_tag?post=16658"}],"curies":[{"name":"wp","href":"https:\/\/api.w.org\/{rel}","templated":true}]}}