{"id":16606,"date":"2025-06-10T16:45:21","date_gmt":"2025-06-10T16:45:21","guid":{"rendered":"https:\/\/vitablanca.ma\/product\/covermark-face-magic-n2-spf-20-30ml\/"},"modified":"2025-06-10T16:45:21","modified_gmt":"2025-06-10T16:45:21","slug":"covermark-face-magic-n2-spf-20-30ml","status":"publish","type":"product","link":"https:\/\/vitablanca.ma\/en\/product\/covermark-face-magic-n2-spf-20-30ml\/","title":{"rendered":"Covermark Face Magic N\u00b02 SPF 20 30ml"},"content":{"rendered":"<h2>Covermark Face Magic No. 2 SPF 20<\/h2>\n<p>30ml<\/p>\n<h3>Description:<\/h3>\n<p>With its creamy and light texture, the<strong><span>\u00a0<\/span>Face Magic index 20 foundation from Covermark<\/strong><span>\u00a0<\/span>allows to<span>\u00a0<\/span><strong>hide imperfections<span>\u00a0<\/span><\/strong>of the face, whether light or more severe. Whether applied locally or all over the face, it perfectly conceals unwanted marks, evens out the complexion and thus highlights the beauty of the face.<\/p>\n<p>Covermark Face Magic SPF 20 foundation has been dermatologically tested to certify that it is safe<span>\u00a0<\/span><strong>hypoallergenic<\/strong>, and is therefore suitable for\u00a0<strong>all skin types<\/strong><span>\u00a0<\/span>as well as for a<strong><span>\u00a0<\/span>daily use<\/strong>. Covering and comfortable, it stays perfectly in place for 24 hours, lets the skin breathe, is totally<span>\u00a0<\/span><strong>waterproof<\/strong>, and even provides a<span>\u00a0<\/span><strong>protection against UVA and UVB rays (SPF20)<\/strong>.<\/p>\n<p>Available in\u00a0<strong>12 different shades<\/strong>, especially with shades of beige or brown, there is bound to be one that will suit your skin color! Nothing can resist it, whether it&#039;s rosacea, acne, acne scars, spots or even pimples, its high level of correction helps to best conceal the problems that can tarnish the beauty of your face, so that your skin appears in its best light!<\/p>","protected":false},"excerpt":{"rendered":"<p>Covermark Face Magic N\u00b02 SPF 20 30ml Description: Avec sa texture cr\u00e9meuse et l\u00e9g\u00e8re, le\u00a0fond de teint indice 20 Face Magic de Covermark\u00a0permet de\u00a0masquer les imperfections\u00a0du visage, qu\u2019elles soient l\u00e9g\u00e8res ou plus importantes. Qu\u2019il soit appliqu\u00e9 localement ou sur l\u2019ensemble du visage, il dissimule parfaitement les marques ind\u00e9sirables, uniformise le teint et souligne ainsi la [&hellip;]<\/p>\n","protected":false},"featured_media":16600,"template":"","meta":{"om_disable_all_campaigns":false},"product_brand":[],"product_cat":[15],"product_tag":[],"class_list":{"0":"post-16606","1":"product","2":"type-product","3":"status-publish","4":"has-post-thumbnail","6":"product_cat-beaute-sante-complements-alimentaires-soins-et-bien-etre-au-meilleur-prix","8":"first","9":"instock","10":"sale","11":"taxable","12":"shipping-taxable","13":"purchasable","14":"product-type-simple"},"yoast_head":"<!-- This site is optimized with the Yoast SEO plugin v27.3 - https:\/\/yoast.com\/product\/yoast-seo-wordpress\/ -->\n<title>Covermark Face Magic N\u00b02 SPF 20 30ml - Maroc Prix<\/title>\n<meta name=\"description\" content=\"Covermark Face Magic N\u00b02 SPF 20 30ml\" \/>\n<meta name=\"robots\" content=\"index, follow, max-snippet:-1, max-image-preview:large, max-video-preview:-1\" \/>\n<link rel=\"canonical\" href=\"https:\/\/vitablanca.ma\/en\/product\/covermark-face-magic-n2-spf-20-30ml\/\" \/>\n<meta property=\"og:locale\" content=\"en_US\" \/>\n<meta property=\"og:type\" content=\"article\" \/>\n<meta property=\"og:title\" content=\"Covermark Face Magic N\u00b02 SPF 20 30ml - Maroc Prix\" \/>\n<meta property=\"og:description\" content=\"Covermark Face Magic N\u00b02 SPF 20 30ml\" \/>\n<meta property=\"og:url\" content=\"https:\/\/vitablanca.ma\/en\/product\/covermark-face-magic-n2-spf-20-30ml\/\" \/>\n<meta property=\"og:site_name\" content=\"Vitablanca.ma &ndash; Sant&eacute;, vitalit&eacute; et bien-&ecirc;tre pour tous les Marocains\" \/>\n<meta property=\"article:publisher\" content=\"https:\/\/www.facebook.com\/profile.php?id=61576678196717\" \/>\n<meta property=\"og:image\" content=\"https:\/\/vitablanca.ma\/wp-content\/uploads\/2025\/06\/Covermark-Face-Magic-N_2-SPF-20-30ml-prix-maroc-parapharmacie-casablanca.jpg\" \/>\n\t<meta property=\"og:image:width\" content=\"1000\" \/>\n\t<meta property=\"og:image:height\" content=\"1000\" \/>\n\t<meta property=\"og:image:type\" content=\"image\/jpeg\" \/>\n<meta name=\"twitter:card\" content=\"summary_large_image\" \/>\n<meta name=\"twitter:label1\" content=\"Est. reading time\" \/>\n\t<meta name=\"twitter:data1\" content=\"1 minute\" \/>\n<script type=\"application\/ld+json\" class=\"yoast-schema-graph\">{\"@context\":\"https:\\\/\\\/schema.org\",\"@graph\":[{\"@type\":[\"WebPage\",\"ItemPage\"],\"@id\":\"https:\\\/\\\/vitablanca.ma\\\/produit\\\/covermark-face-magic-n2-spf-20-30ml\\\/\",\"url\":\"https:\\\/\\\/vitablanca.ma\\\/produit\\\/covermark-face-magic-n2-spf-20-30ml\\\/\",\"name\":\"Covermark Face Magic N\u00b02 SPF 20 30ml - Maroc Prix\",\"isPartOf\":{\"@id\":\"https:\\\/\\\/vitablanca.ma\\\/#website\"},\"primaryImageOfPage\":{\"@id\":\"https:\\\/\\\/vitablanca.ma\\\/produit\\\/covermark-face-magic-n2-spf-20-30ml\\\/#primaryimage\"},\"image\":{\"@id\":\"https:\\\/\\\/vitablanca.ma\\\/produit\\\/covermark-face-magic-n2-spf-20-30ml\\\/#primaryimage\"},\"thumbnailUrl\":\"https:\\\/\\\/vitablanca.ma\\\/wp-content\\\/uploads\\\/2025\\\/06\\\/Covermark-Face-Magic-N_2-SPF-20-30ml-prix-maroc-parapharmacie-casablanca.jpg\",\"datePublished\":\"2025-06-10T16:45:21+00:00\",\"description\":\"Covermark Face Magic N\u00b02 SPF 20 30ml\",\"breadcrumb\":{\"@id\":\"https:\\\/\\\/vitablanca.ma\\\/produit\\\/covermark-face-magic-n2-spf-20-30ml\\\/#breadcrumb\"},\"inLanguage\":\"en-US\",\"potentialAction\":[{\"@type\":\"ReadAction\",\"target\":[\"https:\\\/\\\/vitablanca.ma\\\/produit\\\/covermark-face-magic-n2-spf-20-30ml\\\/\"]}]},{\"@type\":\"ImageObject\",\"inLanguage\":\"en-US\",\"@id\":\"https:\\\/\\\/vitablanca.ma\\\/produit\\\/covermark-face-magic-n2-spf-20-30ml\\\/#primaryimage\",\"url\":\"https:\\\/\\\/vitablanca.ma\\\/wp-content\\\/uploads\\\/2025\\\/06\\\/Covermark-Face-Magic-N_2-SPF-20-30ml-prix-maroc-parapharmacie-casablanca.jpg\",\"contentUrl\":\"https:\\\/\\\/vitablanca.ma\\\/wp-content\\\/uploads\\\/2025\\\/06\\\/Covermark-Face-Magic-N_2-SPF-20-30ml-prix-maroc-parapharmacie-casablanca.jpg\",\"width\":1000,\"height\":1000},{\"@type\":\"BreadcrumbList\",\"@id\":\"https:\\\/\\\/vitablanca.ma\\\/produit\\\/covermark-face-magic-n2-spf-20-30ml\\\/#breadcrumb\",\"itemListElement\":[{\"@type\":\"ListItem\",\"position\":1,\"name\":\"Home\",\"item\":\"https:\\\/\\\/vitablanca.ma\\\/\"},{\"@type\":\"ListItem\",\"position\":2,\"name\":\"Tous Les Produits\",\"item\":\"https:\\\/\\\/vitablanca.ma\\\/tous-les-produits\\\/\"},{\"@type\":\"ListItem\",\"position\":3,\"name\":\"Covermark Face Magic N\u00b02 SPF 20 30ml\"}]},{\"@type\":\"WebSite\",\"@id\":\"https:\\\/\\\/vitablanca.ma\\\/#website\",\"url\":\"https:\\\/\\\/vitablanca.ma\\\/\",\"name\":\"VitaBlanca.ma | Compl\u00e9ments alimentaires, sant\u00e9 & beaut\u00e9 au Maroc\",\"description\":\"vendre vitamines et compl\u00e9ments premium des USA &amp; Canada, Nouvelle Z\u00e9lande,Maroc (NOW Foods, Solgar, Manuka). Livraison rapide partout au Maroc.\",\"publisher\":{\"@id\":\"https:\\\/\\\/vitablanca.ma\\\/#organization\"},\"alternateName\":\"VitaBlanca.ma\",\"potentialAction\":[{\"@type\":\"SearchAction\",\"target\":{\"@type\":\"EntryPoint\",\"urlTemplate\":\"https:\\\/\\\/vitablanca.ma\\\/?s={search_term_string}\"},\"query-input\":{\"@type\":\"PropertyValueSpecification\",\"valueRequired\":true,\"valueName\":\"search_term_string\"}}],\"inLanguage\":\"en-US\"},{\"@type\":\"Organization\",\"@id\":\"https:\\\/\\\/vitablanca.ma\\\/#organization\",\"name\":\"VitaBlanca\",\"url\":\"https:\\\/\\\/vitablanca.ma\\\/\",\"logo\":{\"@type\":\"ImageObject\",\"inLanguage\":\"en-US\",\"@id\":\"https:\\\/\\\/vitablanca.ma\\\/#\\\/schema\\\/logo\\\/image\\\/\",\"url\":\"https:\\\/\\\/vitablanca.ma\\\/wp-content\\\/uploads\\\/2025\\\/05\\\/cropped-vitablanca.png\",\"contentUrl\":\"https:\\\/\\\/vitablanca.ma\\\/wp-content\\\/uploads\\\/2025\\\/05\\\/cropped-vitablanca.png\",\"width\":360,\"height\":67,\"caption\":\"VitaBlanca\"},\"image\":{\"@id\":\"https:\\\/\\\/vitablanca.ma\\\/#\\\/schema\\\/logo\\\/image\\\/\"},\"sameAs\":[\"https:\\\/\\\/www.facebook.com\\\/profile.php?id=61576678196717\",\"https:\\\/\\\/www.tiktok.com\\\/@vitablanca.ma\",\"https:\\\/\\\/www.instagram.com\\\/vitablanca.ma\\\/\"]}]}<\/script>\n<!-- \/ Yoast SEO plugin. -->","yoast_head_json":{"title":"Covermark Face Magic N\u00b02 SPF 20 30ml - Morocco Price","description":"Covermark Face Magic N\u00b02 SPF 20 30ml","robots":{"index":"index","follow":"follow","max-snippet":"max-snippet:-1","max-image-preview":"max-image-preview:large","max-video-preview":"max-video-preview:-1"},"canonical":"https:\/\/vitablanca.ma\/en\/product\/covermark-face-magic-n2-spf-20-30ml\/","og_locale":"en_US","og_type":"article","og_title":"Covermark Face Magic N\u00b02 SPF 20 30ml - Maroc Prix","og_description":"Covermark Face Magic N\u00b02 SPF 20 30ml","og_url":"https:\/\/vitablanca.ma\/en\/product\/covermark-face-magic-n2-spf-20-30ml\/","og_site_name":"Vitablanca.ma &ndash; Sant&eacute;, vitalit&eacute; et bien-&ecirc;tre pour tous les Marocains","article_publisher":"https:\/\/www.facebook.com\/profile.php?id=61576678196717","og_image":[{"width":1000,"height":1000,"url":"https:\/\/vitablanca.ma\/wp-content\/uploads\/2025\/06\/Covermark-Face-Magic-N_2-SPF-20-30ml-prix-maroc-parapharmacie-casablanca.jpg","type":"image\/jpeg"}],"twitter_card":"summary_large_image","twitter_misc":{"Est. reading time":"1 minute"},"schema":{"@context":"https:\/\/schema.org","@graph":[{"@type":["WebPage","ItemPage"],"@id":"https:\/\/vitablanca.ma\/produit\/covermark-face-magic-n2-spf-20-30ml\/","url":"https:\/\/vitablanca.ma\/produit\/covermark-face-magic-n2-spf-20-30ml\/","name":"Covermark Face Magic N\u00b02 SPF 20 30ml - Morocco Price","isPartOf":{"@id":"https:\/\/vitablanca.ma\/#website"},"primaryImageOfPage":{"@id":"https:\/\/vitablanca.ma\/produit\/covermark-face-magic-n2-spf-20-30ml\/#primaryimage"},"image":{"@id":"https:\/\/vitablanca.ma\/produit\/covermark-face-magic-n2-spf-20-30ml\/#primaryimage"},"thumbnailUrl":"https:\/\/vitablanca.ma\/wp-content\/uploads\/2025\/06\/Covermark-Face-Magic-N_2-SPF-20-30ml-prix-maroc-parapharmacie-casablanca.jpg","datePublished":"2025-06-10T16:45:21+00:00","description":"Covermark Face Magic N\u00b02 SPF 20 30ml","breadcrumb":{"@id":"https:\/\/vitablanca.ma\/produit\/covermark-face-magic-n2-spf-20-30ml\/#breadcrumb"},"inLanguage":"en-US","potentialAction":[{"@type":"ReadAction","target":["https:\/\/vitablanca.ma\/produit\/covermark-face-magic-n2-spf-20-30ml\/"]}]},{"@type":"ImageObject","inLanguage":"en-US","@id":"https:\/\/vitablanca.ma\/produit\/covermark-face-magic-n2-spf-20-30ml\/#primaryimage","url":"https:\/\/vitablanca.ma\/wp-content\/uploads\/2025\/06\/Covermark-Face-Magic-N_2-SPF-20-30ml-prix-maroc-parapharmacie-casablanca.jpg","contentUrl":"https:\/\/vitablanca.ma\/wp-content\/uploads\/2025\/06\/Covermark-Face-Magic-N_2-SPF-20-30ml-prix-maroc-parapharmacie-casablanca.jpg","width":1000,"height":1000},{"@type":"BreadcrumbList","@id":"https:\/\/vitablanca.ma\/produit\/covermark-face-magic-n2-spf-20-30ml\/#breadcrumb","itemListElement":[{"@type":"ListItem","position":1,"name":"Home","item":"https:\/\/vitablanca.ma\/"},{"@type":"ListItem","position":2,"name":"Tous Les Produits","item":"https:\/\/vitablanca.ma\/tous-les-produits\/"},{"@type":"ListItem","position":3,"name":"Covermark Face Magic N\u00b02 SPF 20 30ml"}]},{"@type":"WebSite","@id":"https:\/\/vitablanca.ma\/#website","url":"https:\/\/vitablanca.ma\/","name":"VitaBlanca.ma | Food supplements, health &amp; beauty in Morocco","description":"sell premium vitamins and supplements from USA &amp; Canada, New Zealand, Morocco (NOW Foods, Solgar, Manuka). Fast delivery anywhere in Morocco.","publisher":{"@id":"https:\/\/vitablanca.ma\/#organization"},"alternateName":"VitaBlanca.ma","potentialAction":[{"@type":"SearchAction","target":{"@type":"EntryPoint","urlTemplate":"https:\/\/vitablanca.ma\/?s={search_term_string}"},"query-input":{"@type":"PropertyValueSpecification","valueRequired":true,"valueName":"search_term_string"}}],"inLanguage":"en-US"},{"@type":"Organization","@id":"https:\/\/vitablanca.ma\/#organization","name":"VitaBlanca","url":"https:\/\/vitablanca.ma\/","logo":{"@type":"ImageObject","inLanguage":"en-US","@id":"https:\/\/vitablanca.ma\/#\/schema\/logo\/image\/","url":"https:\/\/vitablanca.ma\/wp-content\/uploads\/2025\/05\/cropped-vitablanca.png","contentUrl":"https:\/\/vitablanca.ma\/wp-content\/uploads\/2025\/05\/cropped-vitablanca.png","width":360,"height":67,"caption":"VitaBlanca"},"image":{"@id":"https:\/\/vitablanca.ma\/#\/schema\/logo\/image\/"},"sameAs":["https:\/\/www.facebook.com\/profile.php?id=61576678196717","https:\/\/www.tiktok.com\/@vitablanca.ma","https:\/\/www.instagram.com\/vitablanca.ma\/"]}]}},"jetpack_sharing_enabled":true,"_links":{"self":[{"href":"https:\/\/vitablanca.ma\/en\/wp-json\/wp\/v2\/product\/16606","targetHints":{"allow":["GET"]}}],"collection":[{"href":"https:\/\/vitablanca.ma\/en\/wp-json\/wp\/v2\/product"}],"about":[{"href":"https:\/\/vitablanca.ma\/en\/wp-json\/wp\/v2\/types\/product"}],"wp:featuredmedia":[{"embeddable":true,"href":"https:\/\/vitablanca.ma\/en\/wp-json\/wp\/v2\/media\/16600"}],"wp:attachment":[{"href":"https:\/\/vitablanca.ma\/en\/wp-json\/wp\/v2\/media?parent=16606"}],"wp:term":[{"taxonomy":"product_brand","embeddable":true,"href":"https:\/\/vitablanca.ma\/en\/wp-json\/wp\/v2\/product_brand?post=16606"},{"taxonomy":"product_cat","embeddable":true,"href":"https:\/\/vitablanca.ma\/en\/wp-json\/wp\/v2\/product_cat?post=16606"},{"taxonomy":"product_tag","embeddable":true,"href":"https:\/\/vitablanca.ma\/en\/wp-json\/wp\/v2\/product_tag?post=16606"}],"curies":[{"name":"wp","href":"https:\/\/api.w.org\/{rel}","templated":true}]}}