{"id":16517,"date":"2025-06-10T16:43:54","date_gmt":"2025-06-10T16:43:54","guid":{"rendered":"https:\/\/vitablanca.ma\/product\/cerave-lait-hydratant\/"},"modified":"2026-01-21T17:19:25","modified_gmt":"2026-01-21T17:19:25","slug":"cerave-lait-hydratant","status":"publish","type":"product","link":"https:\/\/vitablanca.ma\/en\/product\/cerave-lait-hydratant\/","title":{"rendered":"Cerave Moisturizing Milk"},"content":{"rendered":"<div class=\"mobile-heading\" data-mce-fragment=\"1\">\n<h2 class=\"product-description\" data-mce-fragment=\"1\">Cerave Moisturizing Milk, Continuously hydrates the skin and helps restore the skin&#039;s protective barrier.<\/h2>\n<p><span>Normal to Dry<\/span><\/p>\n<h3><strong>Application area<\/strong><\/h3>\n<p><strong>Face and Body<\/strong><br \/>Developed with dermatologists, CeraVe Moisturizing Lotion effectively hydrates while helping restore the skin&#039;s protective barrier. Its lightweight, non-greasy texture, enriched with 3 essential ceramides and hyaluronic acid, provides all-day hydration from the first application.<\/p>\n<h3><span>Use<\/span><\/h3>\n<p><span>Apply as often as needed. Adults, children. Do not apply to the eye area. In case of contact, rinse thoroughly and immediately.<\/span><\/p>\n<h3>Ingredients<\/h3>\n<p>AQUA\/WATER, GLYCERIN, CAPRYLIC\/CAPRIC TRIGLYCERIDE, CETEARYL ALCOHOL, CETYL ALCOHOL, DIMETHICONE, PHENOXYETHANOL, POLYSORBATE 20, CETEARETH-20, BEHENTRIMONIUM METHOSULFATE, POLYGLYCERYL-3 DIISOSTEARATE, SODIUM LAUROYL LACTYLATE, ETHYLHEXYLGLYCERIN, POTASSIUM PHOSPHATE, DISODIUM EDTA, DIPOTASSIUM PHOSPHATE, CERAMIDE NP, CERAMIDE AP, PHYTOSPHINGOSINE, CHOLESTEROL, XANTHAN GUM, CARBOMER, SODIUM HYALURONATE, TOCOPHEROL, CERAMIDE EOP<\/p>\n<\/div>","protected":false},"excerpt":{"rendered":"<p>Cerave Lait Hydratant, Hydrate la peau en continu et aide \u00e0 restaurer la barri\u00e8re protectrice de la peau. Normale \u00e0 S\u00e8che Zone d&rsquo;application Visage et CorpsDevelopp\u00e9 avec des dermatologues, le lait hydratant CeraVe hydrate efficacement tout en aidant \u00e0 restaurer la barri\u00e8re protectrice de la peau. Sa texture l\u00e9g\u00e8re et non grasse, enrichie aux 3 [&hellip;]<\/p>\n","protected":false},"featured_media":16516,"template":"","meta":{"om_disable_all_campaigns":false},"product_brand":[5980],"product_cat":[18],"product_tag":[],"class_list":{"0":"post-16517","1":"product","2":"type-product","3":"status-publish","4":"has-post-thumbnail","6":"product_brand-cerave-original-maroc-au-meilleur-prix","7":"product_cat-beaute-sante","9":"first","10":"instock","11":"sale","12":"taxable","13":"shipping-taxable","14":"purchasable","15":"product-type-variable"},"yoast_head":"<!-- This site is optimized with the Yoast SEO plugin v27.3 - https:\/\/yoast.com\/product\/yoast-seo-wordpress\/ -->\n<title>Cerave Lait Hydratant - Maroc Prix<\/title>\n<meta name=\"description\" content=\"Cerave Lait Hydratant\" \/>\n<meta name=\"robots\" content=\"index, follow, max-snippet:-1, max-image-preview:large, max-video-preview:-1\" \/>\n<link rel=\"canonical\" href=\"https:\/\/vitablanca.ma\/en\/product\/cerave-lait-hydratant\/\" \/>\n<meta property=\"og:locale\" content=\"en_US\" \/>\n<meta property=\"og:type\" content=\"article\" \/>\n<meta property=\"og:title\" content=\"Cerave Lait Hydratant - Maroc Prix\" \/>\n<meta property=\"og:description\" content=\"Cerave Lait Hydratant\" \/>\n<meta property=\"og:url\" content=\"https:\/\/vitablanca.ma\/en\/product\/cerave-lait-hydratant\/\" \/>\n<meta property=\"og:site_name\" content=\"Vitablanca.ma &ndash; Sant&eacute;, vitalit&eacute; et bien-&ecirc;tre pour tous les Marocains\" \/>\n<meta property=\"article:publisher\" content=\"https:\/\/www.facebook.com\/profile.php?id=61576678196717\" \/>\n<meta property=\"article:modified_time\" content=\"2026-01-21T17:19:25+00:00\" \/>\n<meta property=\"og:image\" content=\"https:\/\/vitablanca.ma\/wp-content\/uploads\/2025\/06\/cerave-creme-lavante-hydratante-peau-normale-a-seche-236ml-parapharmacie-prix-maroc4_2b4f0172-8f92-4906-93b4-a90168a85735.jpg\" \/>\n\t<meta property=\"og:image:width\" content=\"800\" \/>\n\t<meta property=\"og:image:height\" content=\"800\" \/>\n\t<meta property=\"og:image:type\" content=\"image\/jpeg\" \/>\n<meta name=\"twitter:card\" content=\"summary_large_image\" \/>\n<meta name=\"twitter:label1\" content=\"Est. reading time\" \/>\n\t<meta name=\"twitter:data1\" content=\"1 minute\" \/>\n<script type=\"application\/ld+json\" class=\"yoast-schema-graph\">{\"@context\":\"https:\\\/\\\/schema.org\",\"@graph\":[{\"@type\":[\"WebPage\",\"ItemPage\"],\"@id\":\"https:\\\/\\\/vitablanca.ma\\\/produit\\\/cerave-lait-hydratant\\\/\",\"url\":\"https:\\\/\\\/vitablanca.ma\\\/produit\\\/cerave-lait-hydratant\\\/\",\"name\":\"Cerave Lait Hydratant - Maroc Prix\",\"isPartOf\":{\"@id\":\"https:\\\/\\\/vitablanca.ma\\\/#website\"},\"primaryImageOfPage\":{\"@id\":\"https:\\\/\\\/vitablanca.ma\\\/produit\\\/cerave-lait-hydratant\\\/#primaryimage\"},\"image\":{\"@id\":\"https:\\\/\\\/vitablanca.ma\\\/produit\\\/cerave-lait-hydratant\\\/#primaryimage\"},\"thumbnailUrl\":\"https:\\\/\\\/vitablanca.ma\\\/wp-content\\\/uploads\\\/2025\\\/06\\\/cerave-creme-lavante-hydratante-peau-normale-a-seche-236ml-parapharmacie-prix-maroc4_2b4f0172-8f92-4906-93b4-a90168a85735.jpg\",\"datePublished\":\"2025-06-10T16:43:54+00:00\",\"dateModified\":\"2026-01-21T17:19:25+00:00\",\"description\":\"Cerave Lait Hydratant\",\"breadcrumb\":{\"@id\":\"https:\\\/\\\/vitablanca.ma\\\/produit\\\/cerave-lait-hydratant\\\/#breadcrumb\"},\"inLanguage\":\"en-US\",\"potentialAction\":[{\"@type\":\"ReadAction\",\"target\":[\"https:\\\/\\\/vitablanca.ma\\\/produit\\\/cerave-lait-hydratant\\\/\"]}]},{\"@type\":\"ImageObject\",\"inLanguage\":\"en-US\",\"@id\":\"https:\\\/\\\/vitablanca.ma\\\/produit\\\/cerave-lait-hydratant\\\/#primaryimage\",\"url\":\"https:\\\/\\\/vitablanca.ma\\\/wp-content\\\/uploads\\\/2025\\\/06\\\/cerave-creme-lavante-hydratante-peau-normale-a-seche-236ml-parapharmacie-prix-maroc4_2b4f0172-8f92-4906-93b4-a90168a85735.jpg\",\"contentUrl\":\"https:\\\/\\\/vitablanca.ma\\\/wp-content\\\/uploads\\\/2025\\\/06\\\/cerave-creme-lavante-hydratante-peau-normale-a-seche-236ml-parapharmacie-prix-maroc4_2b4f0172-8f92-4906-93b4-a90168a85735.jpg\",\"width\":800,\"height\":800},{\"@type\":\"BreadcrumbList\",\"@id\":\"https:\\\/\\\/vitablanca.ma\\\/produit\\\/cerave-lait-hydratant\\\/#breadcrumb\",\"itemListElement\":[{\"@type\":\"ListItem\",\"position\":1,\"name\":\"Home\",\"item\":\"https:\\\/\\\/vitablanca.ma\\\/\"},{\"@type\":\"ListItem\",\"position\":2,\"name\":\"Tous Les Produits\",\"item\":\"https:\\\/\\\/vitablanca.ma\\\/tous-les-produits\\\/\"},{\"@type\":\"ListItem\",\"position\":3,\"name\":\"Cerave Lait Hydratant\"}]},{\"@type\":\"WebSite\",\"@id\":\"https:\\\/\\\/vitablanca.ma\\\/#website\",\"url\":\"https:\\\/\\\/vitablanca.ma\\\/\",\"name\":\"VitaBlanca.ma | Compl\u00e9ments alimentaires, sant\u00e9 & beaut\u00e9 au Maroc\",\"description\":\"vendre vitamines et compl\u00e9ments premium des USA &amp; Canada, Nouvelle Z\u00e9lande,Maroc (NOW Foods, Solgar, Manuka). Livraison rapide partout au Maroc.\",\"publisher\":{\"@id\":\"https:\\\/\\\/vitablanca.ma\\\/#organization\"},\"alternateName\":\"VitaBlanca.ma\",\"potentialAction\":[{\"@type\":\"SearchAction\",\"target\":{\"@type\":\"EntryPoint\",\"urlTemplate\":\"https:\\\/\\\/vitablanca.ma\\\/?s={search_term_string}\"},\"query-input\":{\"@type\":\"PropertyValueSpecification\",\"valueRequired\":true,\"valueName\":\"search_term_string\"}}],\"inLanguage\":\"en-US\"},{\"@type\":\"Organization\",\"@id\":\"https:\\\/\\\/vitablanca.ma\\\/#organization\",\"name\":\"VitaBlanca\",\"url\":\"https:\\\/\\\/vitablanca.ma\\\/\",\"logo\":{\"@type\":\"ImageObject\",\"inLanguage\":\"en-US\",\"@id\":\"https:\\\/\\\/vitablanca.ma\\\/#\\\/schema\\\/logo\\\/image\\\/\",\"url\":\"https:\\\/\\\/vitablanca.ma\\\/wp-content\\\/uploads\\\/2025\\\/05\\\/cropped-vitablanca.png\",\"contentUrl\":\"https:\\\/\\\/vitablanca.ma\\\/wp-content\\\/uploads\\\/2025\\\/05\\\/cropped-vitablanca.png\",\"width\":360,\"height\":67,\"caption\":\"VitaBlanca\"},\"image\":{\"@id\":\"https:\\\/\\\/vitablanca.ma\\\/#\\\/schema\\\/logo\\\/image\\\/\"},\"sameAs\":[\"https:\\\/\\\/www.facebook.com\\\/profile.php?id=61576678196717\",\"https:\\\/\\\/www.tiktok.com\\\/@vitablanca.ma\",\"https:\\\/\\\/www.instagram.com\\\/vitablanca.ma\\\/\"]}]}<\/script>\n<!-- \/ Yoast SEO plugin. -->","yoast_head_json":{"title":"Cerave Moisturizing Milk - Morocco Price","description":"Cerave Moisturizing Milk","robots":{"index":"index","follow":"follow","max-snippet":"max-snippet:-1","max-image-preview":"max-image-preview:large","max-video-preview":"max-video-preview:-1"},"canonical":"https:\/\/vitablanca.ma\/en\/product\/cerave-lait-hydratant\/","og_locale":"en_US","og_type":"article","og_title":"Cerave Lait Hydratant - Maroc Prix","og_description":"Cerave Lait Hydratant","og_url":"https:\/\/vitablanca.ma\/en\/product\/cerave-lait-hydratant\/","og_site_name":"Vitablanca.ma &ndash; Sant&eacute;, vitalit&eacute; et bien-&ecirc;tre pour tous les Marocains","article_publisher":"https:\/\/www.facebook.com\/profile.php?id=61576678196717","article_modified_time":"2026-01-21T17:19:25+00:00","og_image":[{"width":800,"height":800,"url":"https:\/\/vitablanca.ma\/wp-content\/uploads\/2025\/06\/cerave-creme-lavante-hydratante-peau-normale-a-seche-236ml-parapharmacie-prix-maroc4_2b4f0172-8f92-4906-93b4-a90168a85735.jpg","type":"image\/jpeg"}],"twitter_card":"summary_large_image","twitter_misc":{"Est. reading time":"1 minute"},"schema":{"@context":"https:\/\/schema.org","@graph":[{"@type":["WebPage","ItemPage"],"@id":"https:\/\/vitablanca.ma\/produit\/cerave-lait-hydratant\/","url":"https:\/\/vitablanca.ma\/produit\/cerave-lait-hydratant\/","name":"Cerave Moisturizing Milk - Morocco Price","isPartOf":{"@id":"https:\/\/vitablanca.ma\/#website"},"primaryImageOfPage":{"@id":"https:\/\/vitablanca.ma\/produit\/cerave-lait-hydratant\/#primaryimage"},"image":{"@id":"https:\/\/vitablanca.ma\/produit\/cerave-lait-hydratant\/#primaryimage"},"thumbnailUrl":"https:\/\/vitablanca.ma\/wp-content\/uploads\/2025\/06\/cerave-creme-lavante-hydratante-peau-normale-a-seche-236ml-parapharmacie-prix-maroc4_2b4f0172-8f92-4906-93b4-a90168a85735.jpg","datePublished":"2025-06-10T16:43:54+00:00","dateModified":"2026-01-21T17:19:25+00:00","description":"Cerave Moisturizing Milk","breadcrumb":{"@id":"https:\/\/vitablanca.ma\/produit\/cerave-lait-hydratant\/#breadcrumb"},"inLanguage":"en-US","potentialAction":[{"@type":"ReadAction","target":["https:\/\/vitablanca.ma\/produit\/cerave-lait-hydratant\/"]}]},{"@type":"ImageObject","inLanguage":"en-US","@id":"https:\/\/vitablanca.ma\/produit\/cerave-lait-hydratant\/#primaryimage","url":"https:\/\/vitablanca.ma\/wp-content\/uploads\/2025\/06\/cerave-creme-lavante-hydratante-peau-normale-a-seche-236ml-parapharmacie-prix-maroc4_2b4f0172-8f92-4906-93b4-a90168a85735.jpg","contentUrl":"https:\/\/vitablanca.ma\/wp-content\/uploads\/2025\/06\/cerave-creme-lavante-hydratante-peau-normale-a-seche-236ml-parapharmacie-prix-maroc4_2b4f0172-8f92-4906-93b4-a90168a85735.jpg","width":800,"height":800},{"@type":"BreadcrumbList","@id":"https:\/\/vitablanca.ma\/produit\/cerave-lait-hydratant\/#breadcrumb","itemListElement":[{"@type":"ListItem","position":1,"name":"Home","item":"https:\/\/vitablanca.ma\/"},{"@type":"ListItem","position":2,"name":"Tous Les Produits","item":"https:\/\/vitablanca.ma\/tous-les-produits\/"},{"@type":"ListItem","position":3,"name":"Cerave Lait Hydratant"}]},{"@type":"WebSite","@id":"https:\/\/vitablanca.ma\/#website","url":"https:\/\/vitablanca.ma\/","name":"VitaBlanca.ma | Food supplements, health &amp; beauty in Morocco","description":"sell premium vitamins and supplements from USA &amp; Canada, New Zealand, Morocco (NOW Foods, Solgar, Manuka). Fast delivery anywhere in Morocco.","publisher":{"@id":"https:\/\/vitablanca.ma\/#organization"},"alternateName":"VitaBlanca.ma","potentialAction":[{"@type":"SearchAction","target":{"@type":"EntryPoint","urlTemplate":"https:\/\/vitablanca.ma\/?s={search_term_string}"},"query-input":{"@type":"PropertyValueSpecification","valueRequired":true,"valueName":"search_term_string"}}],"inLanguage":"en-US"},{"@type":"Organization","@id":"https:\/\/vitablanca.ma\/#organization","name":"VitaBlanca","url":"https:\/\/vitablanca.ma\/","logo":{"@type":"ImageObject","inLanguage":"en-US","@id":"https:\/\/vitablanca.ma\/#\/schema\/logo\/image\/","url":"https:\/\/vitablanca.ma\/wp-content\/uploads\/2025\/05\/cropped-vitablanca.png","contentUrl":"https:\/\/vitablanca.ma\/wp-content\/uploads\/2025\/05\/cropped-vitablanca.png","width":360,"height":67,"caption":"VitaBlanca"},"image":{"@id":"https:\/\/vitablanca.ma\/#\/schema\/logo\/image\/"},"sameAs":["https:\/\/www.facebook.com\/profile.php?id=61576678196717","https:\/\/www.tiktok.com\/@vitablanca.ma","https:\/\/www.instagram.com\/vitablanca.ma\/"]}]}},"jetpack_sharing_enabled":true,"_links":{"self":[{"href":"https:\/\/vitablanca.ma\/en\/wp-json\/wp\/v2\/product\/16517","targetHints":{"allow":["GET"]}}],"collection":[{"href":"https:\/\/vitablanca.ma\/en\/wp-json\/wp\/v2\/product"}],"about":[{"href":"https:\/\/vitablanca.ma\/en\/wp-json\/wp\/v2\/types\/product"}],"wp:featuredmedia":[{"embeddable":true,"href":"https:\/\/vitablanca.ma\/en\/wp-json\/wp\/v2\/media\/16516"}],"wp:attachment":[{"href":"https:\/\/vitablanca.ma\/en\/wp-json\/wp\/v2\/media?parent=16517"}],"wp:term":[{"taxonomy":"product_brand","embeddable":true,"href":"https:\/\/vitablanca.ma\/en\/wp-json\/wp\/v2\/product_brand?post=16517"},{"taxonomy":"product_cat","embeddable":true,"href":"https:\/\/vitablanca.ma\/en\/wp-json\/wp\/v2\/product_cat?post=16517"},{"taxonomy":"product_tag","embeddable":true,"href":"https:\/\/vitablanca.ma\/en\/wp-json\/wp\/v2\/product_tag?post=16517"}],"curies":[{"name":"wp","href":"https:\/\/api.w.org\/{rel}","templated":true}]}}