{"id":16494,"date":"2025-06-10T16:43:33","date_gmt":"2025-06-10T16:43:33","guid":{"rendered":"https:\/\/vitablanca.ma\/product\/cetaphil-sun-lotion-spf50-100ml-achete-cetaphil-baume-a-levres-protecteur-spf50-8-ml-offert\/"},"modified":"2026-01-21T19:31:34","modified_gmt":"2026-01-21T19:31:34","slug":"cetaphil-sun-lotion-spf50-100ml-achete-cetaphil-baume-a-levres-protecteur-spf50-8-ml-offert","status":"publish","type":"product","link":"https:\/\/vitablanca.ma\/en\/product\/cetaphil-sun-lotion-spf50-100ml-achete-cetaphil-baume-a-levres-protecteur-spf50-8-ml-offert\/","title":{"rendered":"BUY CETAPHIL SUN LOTION SPF50+ 100ML + GET CETAPHIL PROTECTIVE LIP BALM SPF50+ 8ML FREE"},"content":{"rendered":"<p><span>Cetaphil\u00ae Sun Daylong\u2122 Liposomal Sunscreen Lotion SPF50+ is especially suitable as a sunscreen for sensitive or dry skin. Cetaphil Sun Liposomal Lotion is easy to disperse, absorbs quickly, is non-sticky, and non-greasy. For a pleasant skin feeling. In addition, the liposomal lotion cares for the skin with aloe vera and vitamin E and provides valuable moisture. Photostable UV filters provide highly effective and immediate UVA and UVB protection, effective cell protection, and prevent sun-induced skin aging.<\/span><\/p>\n<p>\u00a0<\/p>\n<p><span>\u2022 Recommended by dermatologists<\/span><\/p>\n<p><span>\u2022 Very high protection (SPF 50+) against UVA and UVB rays<\/span><\/p>\n<p><span>\u2022 Extra water resistant in fresh and salt water<\/span><\/p>\n<p><span>\u2022 Maintains skin with Aloe Vera and Vitamin E<\/span><\/p>\n<p><span>\u2022 Immediate sun protection after application<\/span><\/p>\n<p><span>\u2022 Sweat resistant<\/span><\/p>\n<p><span>\u2022 Free from fragrance, PEG emulsifiers and additional preservatives<\/span><\/p>\n<p><span>\u2022 1 to 2 times a day may be enough<\/span><\/p>","protected":false},"excerpt":{"rendered":"<p>La lotion solaire liposomale Cetaphil\u00ae Sun Daylong \u2122 SPF50 + convient comme \u00e9cran solaire en particulier pour les peaux sensibles ou s\u00e8ches. La lotion liposomale Cetaphil Sun est facile \u00e0 disperser, p\u00e9n\u00e8tre rapidement, ne colle pas et n\u2019est pas grasse. Pour une agr\u00e9able sensation de peau. De plus, la lotion liposomale prend soin de la [&hellip;]<\/p>\n","protected":false},"featured_media":16492,"template":"","meta":{"om_disable_all_campaigns":false},"product_brand":[5993],"product_cat":[18,15],"product_tag":[],"class_list":{"0":"post-16494","1":"product","2":"type-product","3":"status-publish","4":"has-post-thumbnail","6":"product_brand-cetaphil-maroc-prix","7":"product_cat-beaute-sante","8":"product_cat-beaute-sante-complements-alimentaires-soins-et-bien-etre-au-meilleur-prix","10":"first","11":"instock","12":"sale","13":"taxable","14":"shipping-taxable","15":"purchasable","16":"product-type-simple"},"yoast_head":"<!-- This site is optimized with the Yoast SEO plugin v27.3 - https:\/\/yoast.com\/product\/yoast-seo-wordpress\/ -->\n<title>CETAPHIL SUN LOTION SPF50+ 100ML ACHETE + CETAPHIL BAUME \u00c0 L\u00c8VRES PROTECTEUR SPF50+ 8 ML OFFERT - Maroc Prix<\/title>\n<meta name=\"description\" content=\"CETAPHIL SUN LOTION SPF50+ 100ML ACHETE + CETAPHIL BAUME \u00c0 L\u00c8VRES PROTECTEUR SPF50+ 8 ML OFFERT\" \/>\n<meta name=\"robots\" content=\"index, follow, max-snippet:-1, max-image-preview:large, max-video-preview:-1\" \/>\n<link rel=\"canonical\" href=\"https:\/\/vitablanca.ma\/en\/product\/cetaphil-sun-lotion-spf50-100ml-achete-cetaphil-baume-a-levres-protecteur-spf50-8-ml-offert\/\" \/>\n<meta property=\"og:locale\" content=\"en_US\" \/>\n<meta property=\"og:type\" content=\"article\" \/>\n<meta property=\"og:title\" content=\"CETAPHIL SUN LOTION SPF50+ 100ML ACHETE + CETAPHIL BAUME \u00c0 L\u00c8VRES PROTECTEUR SPF50+ 8 ML OFFERT - Maroc Prix\" \/>\n<meta property=\"og:description\" content=\"CETAPHIL SUN LOTION SPF50+ 100ML ACHETE + CETAPHIL BAUME \u00c0 L\u00c8VRES PROTECTEUR SPF50+ 8 ML OFFERT\" \/>\n<meta property=\"og:url\" content=\"https:\/\/vitablanca.ma\/en\/product\/cetaphil-sun-lotion-spf50-100ml-achete-cetaphil-baume-a-levres-protecteur-spf50-8-ml-offert\/\" \/>\n<meta property=\"og:site_name\" content=\"Vitablanca.ma &ndash; Sant&eacute;, vitalit&eacute; et bien-&ecirc;tre pour tous les Marocains\" \/>\n<meta property=\"article:publisher\" content=\"https:\/\/www.facebook.com\/profile.php?id=61576678196717\" \/>\n<meta property=\"article:modified_time\" content=\"2026-01-21T19:31:34+00:00\" \/>\n<meta property=\"og:image\" content=\"https:\/\/vitablanca.ma\/wp-content\/uploads\/2025\/06\/cetaphil-sun-lotion-spf50-100ml-achete-cetaphil-baume-a-levres-protecteur-spf50-8-ml-offert-Nova-para-prix-Maroc.png\" \/>\n\t<meta property=\"og:image:width\" content=\"452\" \/>\n\t<meta property=\"og:image:height\" content=\"452\" \/>\n\t<meta property=\"og:image:type\" content=\"image\/png\" \/>\n<meta name=\"twitter:card\" content=\"summary_large_image\" \/>\n<meta name=\"twitter:label1\" content=\"Est. reading time\" \/>\n\t<meta name=\"twitter:data1\" content=\"1 minute\" \/>\n<script type=\"application\/ld+json\" class=\"yoast-schema-graph\">{\"@context\":\"https:\\\/\\\/schema.org\",\"@graph\":[{\"@type\":[\"WebPage\",\"ItemPage\"],\"@id\":\"https:\\\/\\\/vitablanca.ma\\\/produit\\\/cetaphil-sun-lotion-spf50-100ml-achete-cetaphil-baume-a-levres-protecteur-spf50-8-ml-offert\\\/\",\"url\":\"https:\\\/\\\/vitablanca.ma\\\/produit\\\/cetaphil-sun-lotion-spf50-100ml-achete-cetaphil-baume-a-levres-protecteur-spf50-8-ml-offert\\\/\",\"name\":\"CETAPHIL SUN LOTION SPF50+ 100ML ACHETE + CETAPHIL BAUME \u00c0 L\u00c8VRES PROTECTEUR SPF50+ 8 ML OFFERT - Maroc Prix\",\"isPartOf\":{\"@id\":\"https:\\\/\\\/vitablanca.ma\\\/#website\"},\"primaryImageOfPage\":{\"@id\":\"https:\\\/\\\/vitablanca.ma\\\/produit\\\/cetaphil-sun-lotion-spf50-100ml-achete-cetaphil-baume-a-levres-protecteur-spf50-8-ml-offert\\\/#primaryimage\"},\"image\":{\"@id\":\"https:\\\/\\\/vitablanca.ma\\\/produit\\\/cetaphil-sun-lotion-spf50-100ml-achete-cetaphil-baume-a-levres-protecteur-spf50-8-ml-offert\\\/#primaryimage\"},\"thumbnailUrl\":\"https:\\\/\\\/vitablanca.ma\\\/wp-content\\\/uploads\\\/2025\\\/06\\\/cetaphil-sun-lotion-spf50-100ml-achete-cetaphil-baume-a-levres-protecteur-spf50-8-ml-offert-Nova-para-prix-Maroc.png\",\"datePublished\":\"2025-06-10T16:43:33+00:00\",\"dateModified\":\"2026-01-21T19:31:34+00:00\",\"description\":\"CETAPHIL SUN LOTION SPF50+ 100ML ACHETE + CETAPHIL BAUME \u00c0 L\u00c8VRES PROTECTEUR SPF50+ 8 ML OFFERT\",\"breadcrumb\":{\"@id\":\"https:\\\/\\\/vitablanca.ma\\\/produit\\\/cetaphil-sun-lotion-spf50-100ml-achete-cetaphil-baume-a-levres-protecteur-spf50-8-ml-offert\\\/#breadcrumb\"},\"inLanguage\":\"en-US\",\"potentialAction\":[{\"@type\":\"ReadAction\",\"target\":[\"https:\\\/\\\/vitablanca.ma\\\/produit\\\/cetaphil-sun-lotion-spf50-100ml-achete-cetaphil-baume-a-levres-protecteur-spf50-8-ml-offert\\\/\"]}]},{\"@type\":\"ImageObject\",\"inLanguage\":\"en-US\",\"@id\":\"https:\\\/\\\/vitablanca.ma\\\/produit\\\/cetaphil-sun-lotion-spf50-100ml-achete-cetaphil-baume-a-levres-protecteur-spf50-8-ml-offert\\\/#primaryimage\",\"url\":\"https:\\\/\\\/vitablanca.ma\\\/wp-content\\\/uploads\\\/2025\\\/06\\\/cetaphil-sun-lotion-spf50-100ml-achete-cetaphil-baume-a-levres-protecteur-spf50-8-ml-offert-Nova-para-prix-Maroc.png\",\"contentUrl\":\"https:\\\/\\\/vitablanca.ma\\\/wp-content\\\/uploads\\\/2025\\\/06\\\/cetaphil-sun-lotion-spf50-100ml-achete-cetaphil-baume-a-levres-protecteur-spf50-8-ml-offert-Nova-para-prix-Maroc.png\",\"width\":452,\"height\":452},{\"@type\":\"BreadcrumbList\",\"@id\":\"https:\\\/\\\/vitablanca.ma\\\/produit\\\/cetaphil-sun-lotion-spf50-100ml-achete-cetaphil-baume-a-levres-protecteur-spf50-8-ml-offert\\\/#breadcrumb\",\"itemListElement\":[{\"@type\":\"ListItem\",\"position\":1,\"name\":\"Home\",\"item\":\"https:\\\/\\\/vitablanca.ma\\\/\"},{\"@type\":\"ListItem\",\"position\":2,\"name\":\"Tous Les Produits\",\"item\":\"https:\\\/\\\/vitablanca.ma\\\/tous-les-produits\\\/\"},{\"@type\":\"ListItem\",\"position\":3,\"name\":\"CETAPHIL SUN LOTION SPF50+ 100ML ACHETE + CETAPHIL BAUME \u00c0 L\u00c8VRES PROTECTEUR SPF50+ 8 ML OFFERT\"}]},{\"@type\":\"WebSite\",\"@id\":\"https:\\\/\\\/vitablanca.ma\\\/#website\",\"url\":\"https:\\\/\\\/vitablanca.ma\\\/\",\"name\":\"VitaBlanca.ma | Compl\u00e9ments alimentaires, sant\u00e9 & beaut\u00e9 au Maroc\",\"description\":\"vendre vitamines et compl\u00e9ments premium des USA &amp; Canada, Nouvelle Z\u00e9lande,Maroc (NOW Foods, Solgar, Manuka). Livraison rapide partout au Maroc.\",\"publisher\":{\"@id\":\"https:\\\/\\\/vitablanca.ma\\\/#organization\"},\"alternateName\":\"VitaBlanca.ma\",\"potentialAction\":[{\"@type\":\"SearchAction\",\"target\":{\"@type\":\"EntryPoint\",\"urlTemplate\":\"https:\\\/\\\/vitablanca.ma\\\/?s={search_term_string}\"},\"query-input\":{\"@type\":\"PropertyValueSpecification\",\"valueRequired\":true,\"valueName\":\"search_term_string\"}}],\"inLanguage\":\"en-US\"},{\"@type\":\"Organization\",\"@id\":\"https:\\\/\\\/vitablanca.ma\\\/#organization\",\"name\":\"VitaBlanca\",\"url\":\"https:\\\/\\\/vitablanca.ma\\\/\",\"logo\":{\"@type\":\"ImageObject\",\"inLanguage\":\"en-US\",\"@id\":\"https:\\\/\\\/vitablanca.ma\\\/#\\\/schema\\\/logo\\\/image\\\/\",\"url\":\"https:\\\/\\\/vitablanca.ma\\\/wp-content\\\/uploads\\\/2025\\\/05\\\/cropped-vitablanca.png\",\"contentUrl\":\"https:\\\/\\\/vitablanca.ma\\\/wp-content\\\/uploads\\\/2025\\\/05\\\/cropped-vitablanca.png\",\"width\":360,\"height\":67,\"caption\":\"VitaBlanca\"},\"image\":{\"@id\":\"https:\\\/\\\/vitablanca.ma\\\/#\\\/schema\\\/logo\\\/image\\\/\"},\"sameAs\":[\"https:\\\/\\\/www.facebook.com\\\/profile.php?id=61576678196717\",\"https:\\\/\\\/www.tiktok.com\\\/@vitablanca.ma\",\"https:\\\/\\\/www.instagram.com\\\/vitablanca.ma\\\/\"]}]}<\/script>\n<!-- \/ Yoast SEO plugin. -->","yoast_head_json":{"title":"Buy Cetaphil Sun Lotion SPF50+ 100ml + Get Cetaphil Protective Lip Balm SPF50+ 8ml Free - Morocco Price","description":"BUY CETAPHIL SUN LOTION SPF50+ 100ML + GET CETAPHIL PROTECTIVE LIP BALM SPF50+ 8ML FREE","robots":{"index":"index","follow":"follow","max-snippet":"max-snippet:-1","max-image-preview":"max-image-preview:large","max-video-preview":"max-video-preview:-1"},"canonical":"https:\/\/vitablanca.ma\/en\/product\/cetaphil-sun-lotion-spf50-100ml-achete-cetaphil-baume-a-levres-protecteur-spf50-8-ml-offert\/","og_locale":"en_US","og_type":"article","og_title":"CETAPHIL SUN LOTION SPF50+ 100ML ACHETE + CETAPHIL BAUME \u00c0 L\u00c8VRES PROTECTEUR SPF50+ 8 ML OFFERT - Maroc Prix","og_description":"CETAPHIL SUN LOTION SPF50+ 100ML ACHETE + CETAPHIL BAUME \u00c0 L\u00c8VRES PROTECTEUR SPF50+ 8 ML OFFERT","og_url":"https:\/\/vitablanca.ma\/en\/product\/cetaphil-sun-lotion-spf50-100ml-achete-cetaphil-baume-a-levres-protecteur-spf50-8-ml-offert\/","og_site_name":"Vitablanca.ma &ndash; Sant&eacute;, vitalit&eacute; et bien-&ecirc;tre pour tous les Marocains","article_publisher":"https:\/\/www.facebook.com\/profile.php?id=61576678196717","article_modified_time":"2026-01-21T19:31:34+00:00","og_image":[{"width":452,"height":452,"url":"https:\/\/vitablanca.ma\/wp-content\/uploads\/2025\/06\/cetaphil-sun-lotion-spf50-100ml-achete-cetaphil-baume-a-levres-protecteur-spf50-8-ml-offert-Nova-para-prix-Maroc.png","type":"image\/png"}],"twitter_card":"summary_large_image","twitter_misc":{"Est. reading time":"1 minute"},"schema":{"@context":"https:\/\/schema.org","@graph":[{"@type":["WebPage","ItemPage"],"@id":"https:\/\/vitablanca.ma\/produit\/cetaphil-sun-lotion-spf50-100ml-achete-cetaphil-baume-a-levres-protecteur-spf50-8-ml-offert\/","url":"https:\/\/vitablanca.ma\/produit\/cetaphil-sun-lotion-spf50-100ml-achete-cetaphil-baume-a-levres-protecteur-spf50-8-ml-offert\/","name":"Buy Cetaphil Sun Lotion SPF50+ 100ml + Get Cetaphil Protective Lip Balm SPF50+ 8ml Free - Morocco Price","isPartOf":{"@id":"https:\/\/vitablanca.ma\/#website"},"primaryImageOfPage":{"@id":"https:\/\/vitablanca.ma\/produit\/cetaphil-sun-lotion-spf50-100ml-achete-cetaphil-baume-a-levres-protecteur-spf50-8-ml-offert\/#primaryimage"},"image":{"@id":"https:\/\/vitablanca.ma\/produit\/cetaphil-sun-lotion-spf50-100ml-achete-cetaphil-baume-a-levres-protecteur-spf50-8-ml-offert\/#primaryimage"},"thumbnailUrl":"https:\/\/vitablanca.ma\/wp-content\/uploads\/2025\/06\/cetaphil-sun-lotion-spf50-100ml-achete-cetaphil-baume-a-levres-protecteur-spf50-8-ml-offert-Nova-para-prix-Maroc.png","datePublished":"2025-06-10T16:43:33+00:00","dateModified":"2026-01-21T19:31:34+00:00","description":"BUY CETAPHIL SUN LOTION SPF50+ 100ML + GET CETAPHIL PROTECTIVE LIP BALM SPF50+ 8ML FREE","breadcrumb":{"@id":"https:\/\/vitablanca.ma\/produit\/cetaphil-sun-lotion-spf50-100ml-achete-cetaphil-baume-a-levres-protecteur-spf50-8-ml-offert\/#breadcrumb"},"inLanguage":"en-US","potentialAction":[{"@type":"ReadAction","target":["https:\/\/vitablanca.ma\/produit\/cetaphil-sun-lotion-spf50-100ml-achete-cetaphil-baume-a-levres-protecteur-spf50-8-ml-offert\/"]}]},{"@type":"ImageObject","inLanguage":"en-US","@id":"https:\/\/vitablanca.ma\/produit\/cetaphil-sun-lotion-spf50-100ml-achete-cetaphil-baume-a-levres-protecteur-spf50-8-ml-offert\/#primaryimage","url":"https:\/\/vitablanca.ma\/wp-content\/uploads\/2025\/06\/cetaphil-sun-lotion-spf50-100ml-achete-cetaphil-baume-a-levres-protecteur-spf50-8-ml-offert-Nova-para-prix-Maroc.png","contentUrl":"https:\/\/vitablanca.ma\/wp-content\/uploads\/2025\/06\/cetaphil-sun-lotion-spf50-100ml-achete-cetaphil-baume-a-levres-protecteur-spf50-8-ml-offert-Nova-para-prix-Maroc.png","width":452,"height":452},{"@type":"BreadcrumbList","@id":"https:\/\/vitablanca.ma\/produit\/cetaphil-sun-lotion-spf50-100ml-achete-cetaphil-baume-a-levres-protecteur-spf50-8-ml-offert\/#breadcrumb","itemListElement":[{"@type":"ListItem","position":1,"name":"Home","item":"https:\/\/vitablanca.ma\/"},{"@type":"ListItem","position":2,"name":"Tous Les Produits","item":"https:\/\/vitablanca.ma\/tous-les-produits\/"},{"@type":"ListItem","position":3,"name":"CETAPHIL SUN LOTION SPF50+ 100ML ACHETE + CETAPHIL BAUME \u00c0 L\u00c8VRES PROTECTEUR SPF50+ 8 ML OFFERT"}]},{"@type":"WebSite","@id":"https:\/\/vitablanca.ma\/#website","url":"https:\/\/vitablanca.ma\/","name":"VitaBlanca.ma | Food supplements, health &amp; beauty in Morocco","description":"sell premium vitamins and supplements from USA &amp; Canada, New Zealand, Morocco (NOW Foods, Solgar, Manuka). Fast delivery anywhere in Morocco.","publisher":{"@id":"https:\/\/vitablanca.ma\/#organization"},"alternateName":"VitaBlanca.ma","potentialAction":[{"@type":"SearchAction","target":{"@type":"EntryPoint","urlTemplate":"https:\/\/vitablanca.ma\/?s={search_term_string}"},"query-input":{"@type":"PropertyValueSpecification","valueRequired":true,"valueName":"search_term_string"}}],"inLanguage":"en-US"},{"@type":"Organization","@id":"https:\/\/vitablanca.ma\/#organization","name":"VitaBlanca","url":"https:\/\/vitablanca.ma\/","logo":{"@type":"ImageObject","inLanguage":"en-US","@id":"https:\/\/vitablanca.ma\/#\/schema\/logo\/image\/","url":"https:\/\/vitablanca.ma\/wp-content\/uploads\/2025\/05\/cropped-vitablanca.png","contentUrl":"https:\/\/vitablanca.ma\/wp-content\/uploads\/2025\/05\/cropped-vitablanca.png","width":360,"height":67,"caption":"VitaBlanca"},"image":{"@id":"https:\/\/vitablanca.ma\/#\/schema\/logo\/image\/"},"sameAs":["https:\/\/www.facebook.com\/profile.php?id=61576678196717","https:\/\/www.tiktok.com\/@vitablanca.ma","https:\/\/www.instagram.com\/vitablanca.ma\/"]}]}},"jetpack_sharing_enabled":true,"_links":{"self":[{"href":"https:\/\/vitablanca.ma\/en\/wp-json\/wp\/v2\/product\/16494","targetHints":{"allow":["GET"]}}],"collection":[{"href":"https:\/\/vitablanca.ma\/en\/wp-json\/wp\/v2\/product"}],"about":[{"href":"https:\/\/vitablanca.ma\/en\/wp-json\/wp\/v2\/types\/product"}],"wp:featuredmedia":[{"embeddable":true,"href":"https:\/\/vitablanca.ma\/en\/wp-json\/wp\/v2\/media\/16492"}],"wp:attachment":[{"href":"https:\/\/vitablanca.ma\/en\/wp-json\/wp\/v2\/media?parent=16494"}],"wp:term":[{"taxonomy":"product_brand","embeddable":true,"href":"https:\/\/vitablanca.ma\/en\/wp-json\/wp\/v2\/product_brand?post=16494"},{"taxonomy":"product_cat","embeddable":true,"href":"https:\/\/vitablanca.ma\/en\/wp-json\/wp\/v2\/product_cat?post=16494"},{"taxonomy":"product_tag","embeddable":true,"href":"https:\/\/vitablanca.ma\/en\/wp-json\/wp\/v2\/product_tag?post=16494"}],"curies":[{"name":"wp","href":"https:\/\/api.w.org\/{rel}","templated":true}]}}