{"id":16482,"date":"2025-06-10T16:43:20","date_gmt":"2025-06-10T16:43:20","guid":{"rendered":"https:\/\/vitablanca.ma\/product\/cetaphil-sun-kids-spf50-150ml\/"},"modified":"2026-01-21T19:31:34","modified_gmt":"2026-01-21T19:31:34","slug":"cetaphil-sun-kids-spf50-150ml","status":"publish","type":"product","link":"https:\/\/vitablanca.ma\/en\/product\/cetaphil-sun-kids-spf50-150ml\/","title":{"rendered":"Cetaphil Sun Kids SPF50+ 150ml"},"content":{"rendered":"<h2>\n<span data-mce-fragment=\"1\">Cetaphil Sun Kids SPF50+\u00a0<\/span><span data-mce-fragment=\"1\">est une protection solaire pour la peau sensible des enfants avec une tr\u00e8s haute protection.<\/span><br \/>\n<\/h2>\n<p><span data-mce-fragment=\"1\">La lotion pour le corps et le visage Cetaphil Sun Kids SPF 50+ est une formulation liposomale pour une tr\u00e8s haute protection UV formul\u00e9e pour la peau d\u00e9licate des enfants. Les filtres UV photostables offrent une protection UVA et UVB tr\u00e8s efficace.<\/span><br data-mce-fragment=\"1\"><br data-mce-fragment=\"1\"><span data-mce-fragment=\"1\">Le distributeur \u00e0 pompe fournit une quantit\u00e9 constante de produit pour une protection fiable<\/span><br data-mce-fragment=\"1\"><span data-mce-fragment=\"1\">La lotion liposomale permet de r\u00e9partir uniform\u00e9ment les filtres UV sur la peau. Comme la formulation liposomale est facile \u00e0 appliquer, elle est agr\u00e9able au toucher tout en r\u00e9partissant uniform\u00e9ment la lotion sur la surface in\u00e9gale de la peau, offrant une tr\u00e8s haute protection UV.<\/span><br data-mce-fragment=\"1\"><span data-mce-fragment=\"1\">La lotion est rapidement absorb\u00e9e et nourrit la peau d\u00e9licate avec du panth\u00e9nol, de la glyc\u00e9rine, de l&rsquo;aloe vera et de la vitamine E.<\/span><br data-mce-fragment=\"1\"><span data-mce-fragment=\"1\">Pour les enfants \u00e0 partir de 1 an.<\/span><\/p>\n<h3><strong>Mode<span data-mce-fragment=\"1\">\u00a0D&#8217;emploi<\/span><\/strong><\/h3>\n<p><span data-mce-fragment=\"1\">utiliser comme cr\u00e8me solaire tr\u00e8s haute protection.<\/span><br data-mce-fragment=\"1\"><span data-mce-fragment=\"1\">\u00c9vitez l&rsquo;exposition prolong\u00e9e au soleil.<\/span><br data-mce-fragment=\"1\"><span data-mce-fragment=\"1\">Peut aider \u00e0 pr\u00e9venir le vieillissement pr\u00e9matur\u00e9 de la peau.<\/span><br data-mce-fragment=\"1\"><span data-mce-fragment=\"1\">Temp\u00e9rature de stockage : inf\u00e9rieure \u00e0 30\u00b0C.<\/span><\/p>\n<h3>Composition<br \/>\n<\/h3>\n<p><strong data-mce-fragment=\"1\"><\/strong><span data-mce-fragment=\"1\">Ingr\u00e9dients actifs : Di\u00e9thylamino Hydroxybenzoyl Hexyl Benzoate 50mg\/g, Octyl Methoxy-Cinnamate 50mg\/g, Bemotrizinol 40mg\/g, Octyl Triazone 30mg\/g, M\u00e9thyl\u00e8ne Bis-Benzotriazolyltetramethylbutylphenol 30mg\/g.<\/span><\/p>","protected":false},"excerpt":{"rendered":"<p>Cetaphil Sun Kids SPF50+\u00a0est une protection solaire pour la peau sensible des enfants avec une tr\u00e8s haute protection. La lotion pour le corps et le visage Cetaphil Sun Kids SPF 50+ est une formulation liposomale pour une tr\u00e8s haute protection UV formul\u00e9e pour la peau d\u00e9licate des enfants. Les filtres UV photostables offrent une protection [&hellip;]<\/p>\n","protected":false},"featured_media":16480,"template":"","meta":{"om_disable_all_campaigns":false},"product_brand":[5993],"product_cat":[18,15],"product_tag":[],"class_list":{"0":"post-16482","1":"product","2":"type-product","3":"status-publish","4":"has-post-thumbnail","6":"product_brand-cetaphil-maroc-prix","7":"product_cat-beaute-sante","8":"product_cat-beaute-sante-complements-alimentaires-soins-et-bien-etre-au-meilleur-prix","10":"first","11":"instock","12":"sale","13":"taxable","14":"shipping-taxable","15":"purchasable","16":"product-type-simple"},"yoast_head":"<!-- This site is optimized with the Yoast SEO plugin v27.3 - https:\/\/yoast.com\/product\/yoast-seo-wordpress\/ -->\n<title>Cetaphil Sun Kids SPF50+ 150ml - Maroc Prix<\/title>\n<meta name=\"description\" content=\"Cetaphil Sun Kids SPF50+ 150ml\" \/>\n<meta name=\"robots\" content=\"index, follow, max-snippet:-1, max-image-preview:large, max-video-preview:-1\" \/>\n<link rel=\"canonical\" href=\"https:\/\/vitablanca.ma\/en\/product\/cetaphil-sun-kids-spf50-150ml\/\" \/>\n<meta property=\"og:locale\" content=\"en_US\" \/>\n<meta property=\"og:type\" content=\"article\" \/>\n<meta property=\"og:title\" content=\"Cetaphil Sun Kids SPF50+ 150ml - Maroc Prix\" \/>\n<meta property=\"og:description\" content=\"Cetaphil Sun Kids SPF50+ 150ml\" \/>\n<meta property=\"og:url\" content=\"https:\/\/vitablanca.ma\/en\/product\/cetaphil-sun-kids-spf50-150ml\/\" \/>\n<meta property=\"og:site_name\" content=\"Vitablanca.ma &ndash; Sant&eacute;, vitalit&eacute; et bien-&ecirc;tre pour tous les Marocains\" \/>\n<meta property=\"article:publisher\" content=\"https:\/\/www.facebook.com\/profile.php?id=61576678196717\" \/>\n<meta property=\"article:modified_time\" content=\"2026-01-21T19:31:34+00:00\" \/>\n<meta property=\"og:image\" content=\"https:\/\/vitablanca.ma\/wp-content\/uploads\/2025\/06\/Cetaphil-Sun-Kids-SPF50_-150ml-nova-para-casablanca.jpg\" \/>\n\t<meta property=\"og:image:width\" content=\"1000\" \/>\n\t<meta property=\"og:image:height\" content=\"1000\" \/>\n\t<meta property=\"og:image:type\" content=\"image\/jpeg\" \/>\n<meta name=\"twitter:card\" content=\"summary_large_image\" \/>\n<meta name=\"twitter:label1\" content=\"Est. reading time\" \/>\n\t<meta name=\"twitter:data1\" content=\"1 minute\" \/>\n<script type=\"application\/ld+json\" class=\"yoast-schema-graph\">{\"@context\":\"https:\\\/\\\/schema.org\",\"@graph\":[{\"@type\":[\"WebPage\",\"ItemPage\"],\"@id\":\"https:\\\/\\\/vitablanca.ma\\\/produit\\\/cetaphil-sun-kids-spf50-150ml\\\/\",\"url\":\"https:\\\/\\\/vitablanca.ma\\\/produit\\\/cetaphil-sun-kids-spf50-150ml\\\/\",\"name\":\"Cetaphil Sun Kids SPF50+ 150ml - Maroc Prix\",\"isPartOf\":{\"@id\":\"https:\\\/\\\/vitablanca.ma\\\/#website\"},\"primaryImageOfPage\":{\"@id\":\"https:\\\/\\\/vitablanca.ma\\\/produit\\\/cetaphil-sun-kids-spf50-150ml\\\/#primaryimage\"},\"image\":{\"@id\":\"https:\\\/\\\/vitablanca.ma\\\/produit\\\/cetaphil-sun-kids-spf50-150ml\\\/#primaryimage\"},\"thumbnailUrl\":\"https:\\\/\\\/vitablanca.ma\\\/wp-content\\\/uploads\\\/2025\\\/06\\\/Cetaphil-Sun-Kids-SPF50_-150ml-nova-para-casablanca.jpg\",\"datePublished\":\"2025-06-10T16:43:20+00:00\",\"dateModified\":\"2026-01-21T19:31:34+00:00\",\"description\":\"Cetaphil Sun Kids SPF50+ 150ml\",\"breadcrumb\":{\"@id\":\"https:\\\/\\\/vitablanca.ma\\\/produit\\\/cetaphil-sun-kids-spf50-150ml\\\/#breadcrumb\"},\"inLanguage\":\"en-US\",\"potentialAction\":[{\"@type\":\"ReadAction\",\"target\":[\"https:\\\/\\\/vitablanca.ma\\\/produit\\\/cetaphil-sun-kids-spf50-150ml\\\/\"]}]},{\"@type\":\"ImageObject\",\"inLanguage\":\"en-US\",\"@id\":\"https:\\\/\\\/vitablanca.ma\\\/produit\\\/cetaphil-sun-kids-spf50-150ml\\\/#primaryimage\",\"url\":\"https:\\\/\\\/vitablanca.ma\\\/wp-content\\\/uploads\\\/2025\\\/06\\\/Cetaphil-Sun-Kids-SPF50_-150ml-nova-para-casablanca.jpg\",\"contentUrl\":\"https:\\\/\\\/vitablanca.ma\\\/wp-content\\\/uploads\\\/2025\\\/06\\\/Cetaphil-Sun-Kids-SPF50_-150ml-nova-para-casablanca.jpg\",\"width\":1000,\"height\":1000},{\"@type\":\"BreadcrumbList\",\"@id\":\"https:\\\/\\\/vitablanca.ma\\\/produit\\\/cetaphil-sun-kids-spf50-150ml\\\/#breadcrumb\",\"itemListElement\":[{\"@type\":\"ListItem\",\"position\":1,\"name\":\"Home\",\"item\":\"https:\\\/\\\/vitablanca.ma\\\/\"},{\"@type\":\"ListItem\",\"position\":2,\"name\":\"Tous Les Produits\",\"item\":\"https:\\\/\\\/vitablanca.ma\\\/tous-les-produits\\\/\"},{\"@type\":\"ListItem\",\"position\":3,\"name\":\"Cetaphil Sun Kids SPF50+ 150ml\"}]},{\"@type\":\"WebSite\",\"@id\":\"https:\\\/\\\/vitablanca.ma\\\/#website\",\"url\":\"https:\\\/\\\/vitablanca.ma\\\/\",\"name\":\"VitaBlanca.ma | Compl\u00e9ments alimentaires, sant\u00e9 & beaut\u00e9 au Maroc\",\"description\":\"vendre vitamines et compl\u00e9ments premium des USA &amp; Canada, Nouvelle Z\u00e9lande,Maroc (NOW Foods, Solgar, Manuka). Livraison rapide partout au Maroc.\",\"publisher\":{\"@id\":\"https:\\\/\\\/vitablanca.ma\\\/#organization\"},\"alternateName\":\"VitaBlanca.ma\",\"potentialAction\":[{\"@type\":\"SearchAction\",\"target\":{\"@type\":\"EntryPoint\",\"urlTemplate\":\"https:\\\/\\\/vitablanca.ma\\\/?s={search_term_string}\"},\"query-input\":{\"@type\":\"PropertyValueSpecification\",\"valueRequired\":true,\"valueName\":\"search_term_string\"}}],\"inLanguage\":\"en-US\"},{\"@type\":\"Organization\",\"@id\":\"https:\\\/\\\/vitablanca.ma\\\/#organization\",\"name\":\"VitaBlanca\",\"url\":\"https:\\\/\\\/vitablanca.ma\\\/\",\"logo\":{\"@type\":\"ImageObject\",\"inLanguage\":\"en-US\",\"@id\":\"https:\\\/\\\/vitablanca.ma\\\/#\\\/schema\\\/logo\\\/image\\\/\",\"url\":\"https:\\\/\\\/vitablanca.ma\\\/wp-content\\\/uploads\\\/2025\\\/05\\\/cropped-vitablanca.png\",\"contentUrl\":\"https:\\\/\\\/vitablanca.ma\\\/wp-content\\\/uploads\\\/2025\\\/05\\\/cropped-vitablanca.png\",\"width\":360,\"height\":67,\"caption\":\"VitaBlanca\"},\"image\":{\"@id\":\"https:\\\/\\\/vitablanca.ma\\\/#\\\/schema\\\/logo\\\/image\\\/\"},\"sameAs\":[\"https:\\\/\\\/www.facebook.com\\\/profile.php?id=61576678196717\",\"https:\\\/\\\/www.tiktok.com\\\/@vitablanca.ma\",\"https:\\\/\\\/www.instagram.com\\\/vitablanca.ma\\\/\"]}]}<\/script>\n<!-- \/ Yoast SEO plugin. -->","yoast_head_json":{"title":"Cetaphil Sun Kids SPF50+ 150ml - Maroc Prix","description":"Cetaphil Sun Kids SPF50+ 150ml","robots":{"index":"index","follow":"follow","max-snippet":"max-snippet:-1","max-image-preview":"max-image-preview:large","max-video-preview":"max-video-preview:-1"},"canonical":"https:\/\/vitablanca.ma\/en\/product\/cetaphil-sun-kids-spf50-150ml\/","og_locale":"en_US","og_type":"article","og_title":"Cetaphil Sun Kids SPF50+ 150ml - Maroc Prix","og_description":"Cetaphil Sun Kids SPF50+ 150ml","og_url":"https:\/\/vitablanca.ma\/en\/product\/cetaphil-sun-kids-spf50-150ml\/","og_site_name":"Vitablanca.ma &ndash; Sant&eacute;, vitalit&eacute; et bien-&ecirc;tre pour tous les Marocains","article_publisher":"https:\/\/www.facebook.com\/profile.php?id=61576678196717","article_modified_time":"2026-01-21T19:31:34+00:00","og_image":[{"width":1000,"height":1000,"url":"https:\/\/vitablanca.ma\/wp-content\/uploads\/2025\/06\/Cetaphil-Sun-Kids-SPF50_-150ml-nova-para-casablanca.jpg","type":"image\/jpeg"}],"twitter_card":"summary_large_image","twitter_misc":{"Est. reading time":"1 minute"},"schema":{"@context":"https:\/\/schema.org","@graph":[{"@type":["WebPage","ItemPage"],"@id":"https:\/\/vitablanca.ma\/produit\/cetaphil-sun-kids-spf50-150ml\/","url":"https:\/\/vitablanca.ma\/produit\/cetaphil-sun-kids-spf50-150ml\/","name":"Cetaphil Sun Kids SPF50+ 150ml - Maroc Prix","isPartOf":{"@id":"https:\/\/vitablanca.ma\/#website"},"primaryImageOfPage":{"@id":"https:\/\/vitablanca.ma\/produit\/cetaphil-sun-kids-spf50-150ml\/#primaryimage"},"image":{"@id":"https:\/\/vitablanca.ma\/produit\/cetaphil-sun-kids-spf50-150ml\/#primaryimage"},"thumbnailUrl":"https:\/\/vitablanca.ma\/wp-content\/uploads\/2025\/06\/Cetaphil-Sun-Kids-SPF50_-150ml-nova-para-casablanca.jpg","datePublished":"2025-06-10T16:43:20+00:00","dateModified":"2026-01-21T19:31:34+00:00","description":"Cetaphil Sun Kids SPF50+ 150ml","breadcrumb":{"@id":"https:\/\/vitablanca.ma\/produit\/cetaphil-sun-kids-spf50-150ml\/#breadcrumb"},"inLanguage":"en-US","potentialAction":[{"@type":"ReadAction","target":["https:\/\/vitablanca.ma\/produit\/cetaphil-sun-kids-spf50-150ml\/"]}]},{"@type":"ImageObject","inLanguage":"en-US","@id":"https:\/\/vitablanca.ma\/produit\/cetaphil-sun-kids-spf50-150ml\/#primaryimage","url":"https:\/\/vitablanca.ma\/wp-content\/uploads\/2025\/06\/Cetaphil-Sun-Kids-SPF50_-150ml-nova-para-casablanca.jpg","contentUrl":"https:\/\/vitablanca.ma\/wp-content\/uploads\/2025\/06\/Cetaphil-Sun-Kids-SPF50_-150ml-nova-para-casablanca.jpg","width":1000,"height":1000},{"@type":"BreadcrumbList","@id":"https:\/\/vitablanca.ma\/produit\/cetaphil-sun-kids-spf50-150ml\/#breadcrumb","itemListElement":[{"@type":"ListItem","position":1,"name":"Home","item":"https:\/\/vitablanca.ma\/"},{"@type":"ListItem","position":2,"name":"Tous Les Produits","item":"https:\/\/vitablanca.ma\/tous-les-produits\/"},{"@type":"ListItem","position":3,"name":"Cetaphil Sun Kids SPF50+ 150ml"}]},{"@type":"WebSite","@id":"https:\/\/vitablanca.ma\/#website","url":"https:\/\/vitablanca.ma\/","name":"VitaBlanca.ma | Food supplements, health &amp; beauty in Morocco","description":"sell premium vitamins and supplements from USA &amp; Canada, New Zealand, Morocco (NOW Foods, Solgar, Manuka). Fast delivery anywhere in Morocco.","publisher":{"@id":"https:\/\/vitablanca.ma\/#organization"},"alternateName":"VitaBlanca.ma","potentialAction":[{"@type":"SearchAction","target":{"@type":"EntryPoint","urlTemplate":"https:\/\/vitablanca.ma\/?s={search_term_string}"},"query-input":{"@type":"PropertyValueSpecification","valueRequired":true,"valueName":"search_term_string"}}],"inLanguage":"en-US"},{"@type":"Organization","@id":"https:\/\/vitablanca.ma\/#organization","name":"VitaBlanca","url":"https:\/\/vitablanca.ma\/","logo":{"@type":"ImageObject","inLanguage":"en-US","@id":"https:\/\/vitablanca.ma\/#\/schema\/logo\/image\/","url":"https:\/\/vitablanca.ma\/wp-content\/uploads\/2025\/05\/cropped-vitablanca.png","contentUrl":"https:\/\/vitablanca.ma\/wp-content\/uploads\/2025\/05\/cropped-vitablanca.png","width":360,"height":67,"caption":"VitaBlanca"},"image":{"@id":"https:\/\/vitablanca.ma\/#\/schema\/logo\/image\/"},"sameAs":["https:\/\/www.facebook.com\/profile.php?id=61576678196717","https:\/\/www.tiktok.com\/@vitablanca.ma","https:\/\/www.instagram.com\/vitablanca.ma\/"]}]}},"jetpack_sharing_enabled":true,"_links":{"self":[{"href":"https:\/\/vitablanca.ma\/en\/wp-json\/wp\/v2\/product\/16482","targetHints":{"allow":["GET"]}}],"collection":[{"href":"https:\/\/vitablanca.ma\/en\/wp-json\/wp\/v2\/product"}],"about":[{"href":"https:\/\/vitablanca.ma\/en\/wp-json\/wp\/v2\/types\/product"}],"wp:featuredmedia":[{"embeddable":true,"href":"https:\/\/vitablanca.ma\/en\/wp-json\/wp\/v2\/media\/16480"}],"wp:attachment":[{"href":"https:\/\/vitablanca.ma\/en\/wp-json\/wp\/v2\/media?parent=16482"}],"wp:term":[{"taxonomy":"product_brand","embeddable":true,"href":"https:\/\/vitablanca.ma\/en\/wp-json\/wp\/v2\/product_brand?post=16482"},{"taxonomy":"product_cat","embeddable":true,"href":"https:\/\/vitablanca.ma\/en\/wp-json\/wp\/v2\/product_cat?post=16482"},{"taxonomy":"product_tag","embeddable":true,"href":"https:\/\/vitablanca.ma\/en\/wp-json\/wp\/v2\/product_tag?post=16482"}],"curies":[{"name":"wp","href":"https:\/\/api.w.org\/{rel}","templated":true}]}}