{"id":16468,"date":"2025-06-10T16:43:06","date_gmt":"2025-06-10T16:43:06","guid":{"rendered":"https:\/\/vitablanca.ma\/product\/cetaphil-sun-face-fluide-spf50-50ml\/"},"modified":"2026-01-21T19:31:35","modified_gmt":"2026-01-21T19:31:35","slug":"cetaphil-sun-face-fluide-spf50-50ml","status":"publish","type":"product","link":"https:\/\/vitablanca.ma\/en\/product\/cetaphil-sun-face-fluide-spf50-50ml\/","title":{"rendered":"Cetaphil Sun Face Fluid SPF50+ 50ml"},"content":{"rendered":"<h2 class=\"product-information-header\" data-mce-fragment=\"1\" data-mce-tabindex=\"0\"><span data-mce-fragment=\"1\">Cetaphil Sun Face Fluide SPF50+ procure une hydratation intense tout en ayant un effet matifiant longue dur\u00e9e<\/span><\/h2>\n<h3 class=\"product-information-header\" data-mce-fragment=\"1\" data-mce-tabindex=\"0\">\n<span data-mce-fragment=\"1\">AVANTAGES<\/span><em data-mce-fragment=\"1\"><\/em><br \/>\n<\/h3>\n<div class=\"product-information-body\" data-mce-fragment=\"1\">\n<ul data-mce-fragment=\"1\">\n<li data-mce-fragment=\"1\">\n<span data-mce-fragment=\"1\"><\/span><span data-mce-fragment=\"1\">Cette texture ultra-l\u00e9g\u00e8re p\u00e9n\u00e8tre imm\u00e9diatement et procure une hydratation intense tout en ayant un effet matifiant longue dur\u00e9e.\u00a0<\/span>\n<\/li>\n<li data-mce-fragment=\"1\">\n<span data-mce-fragment=\"1\"><\/span><span data-mce-fragment=\"1\">Le filtre UV photostable et la technologie sp\u00e9ciale Celligent offrent une protection UVA et UVB hautement efficace et imm\u00e9diate, une protection efficace des cellules et de l&rsquo;ADN et pr\u00e9viennent le photovieillissement.<\/span>\n<\/li>\n<li data-mce-fragment=\"1\">\n<span data-mce-fragment=\"1\"><\/span><span data-mce-fragment=\"1\">R\u00e9sistant \u00e0 l&rsquo;eau (eau douce et sal\u00e9e), R\u00e9sistant \u00e0 la sueur<\/span>\n<\/li>\n<li data-mce-fragment=\"1\">\n<span data-mce-fragment=\"1\"><\/span><span data-mce-fragment=\"1\">Test\u00e9 dermatologiquement et ophtalmologiquement<\/span>\n<\/li>\n<li data-mce-fragment=\"1\">\n<span data-mce-fragment=\"1\"><\/span><span data-mce-fragment=\"1\">Non com\u00e9dog\u00e8ne, Sans parfum.<\/span>\n<\/li>\n<\/ul>\n<h3><span data-mce-fragment=\"1\">COMMENT UTILISER <\/span><\/h3>\n<p><span data-mce-fragment=\"1\">Appliquer une quantit\u00e9 g\u00e9n\u00e9reuse sur la peau environ 20 minutes avant l&rsquo;exposition au soleil pour permettre une absorption optimale dans la peau afin d&rsquo;obtenir une r\u00e9sistance \u00e0 l&rsquo;eau optimale. \u00c9viter le contact visuel. Appliquer plusieurs fois afin de maintenir la protection solaire.<\/span><\/p>\n<h3>INGR\u00c9DIENTS<\/h3>\n<p>AQUA, ETHYLHEXYL M\u00c9THOXYCINNAMATE, di\u00e9thylamino hydroxybenzoyl HEXYL BENZOATE, C12-15 ALKYL BENZOATE, adipate de dibutyle, F\u00c9CULE DE MANIOC, ETHYLHEXYL triazone, m\u00e9thyl\u00e8nebis-benzotriazolylt\u00e9tram\u00e9thylbutylph\u00e9nol [nano], BIS-Ethylhexyloxyphenol m\u00e9thoxyph\u00e9nyle TRIAZINE, SORBITOL, Helianthus annuus HUILE DE GRAINES, Glyc\u00e9rine, TOCOPH\u00c9ROL , Dim\u00e9thicone, lauryl glucoside, polyglyc\u00e9ryl-2 diptolyhydroxys\u00e9tarate, c\u00e9tyle phosphate, alcool c\u00e9t\u00e9rylique, alcool benzylique, carbom\u00e8re, glucoside d\u00e9cyle, l\u00e9vulinate de sodium, palmitate ascorbyle, \u00e9thyle f\u00e9rur\u00e9, anisate de sodium, polym\u00e9thylsileSassioxane, propyl\u00e8ne glycol, rosmarinus officinalis feuille EXTRAIT, GOMME XANTHANE, BHT, ACIDE CITRIQUE.<\/p>\n<\/div>\n","protected":false},"excerpt":{"rendered":"<p>Cetaphil Sun Face Fluide SPF50+ procure une hydratation intense tout en ayant un effet matifiant longue dur\u00e9e AVANTAGES Cette texture ultra-l\u00e9g\u00e8re p\u00e9n\u00e8tre imm\u00e9diatement et procure une hydratation intense tout en ayant un effet matifiant longue dur\u00e9e.\u00a0 Le filtre UV photostable et la technologie sp\u00e9ciale Celligent offrent une protection UVA et UVB hautement efficace et imm\u00e9diate, [&hellip;]<\/p>\n","protected":false},"featured_media":16464,"template":"","meta":{"om_disable_all_campaigns":false},"product_brand":[5993],"product_cat":[18,15],"product_tag":[],"class_list":{"0":"post-16468","1":"product","2":"type-product","3":"status-publish","4":"has-post-thumbnail","6":"product_brand-cetaphil-maroc-prix","7":"product_cat-beaute-sante","8":"product_cat-beaute-sante-complements-alimentaires-soins-et-bien-etre-au-meilleur-prix","10":"first","11":"instock","12":"sale","13":"taxable","14":"shipping-taxable","15":"purchasable","16":"product-type-variable"},"yoast_head":"<!-- This site is optimized with the Yoast SEO plugin v27.3 - https:\/\/yoast.com\/product\/yoast-seo-wordpress\/ -->\n<title>Cetaphil Sun Face Fluide SPF50+ 50ml - Maroc Prix<\/title>\n<meta name=\"description\" content=\"Cetaphil Sun Face Fluide SPF50+ 50ml\" \/>\n<meta name=\"robots\" content=\"index, follow, max-snippet:-1, max-image-preview:large, max-video-preview:-1\" \/>\n<link rel=\"canonical\" href=\"https:\/\/vitablanca.ma\/en\/product\/cetaphil-sun-face-fluide-spf50-50ml\/\" \/>\n<meta property=\"og:locale\" content=\"en_US\" \/>\n<meta property=\"og:type\" content=\"article\" \/>\n<meta property=\"og:title\" content=\"Cetaphil Sun Face Fluide SPF50+ 50ml - Maroc Prix\" \/>\n<meta property=\"og:description\" content=\"Cetaphil Sun Face Fluide SPF50+ 50ml\" \/>\n<meta property=\"og:url\" content=\"https:\/\/vitablanca.ma\/en\/product\/cetaphil-sun-face-fluide-spf50-50ml\/\" \/>\n<meta property=\"og:site_name\" content=\"Vitablanca.ma &ndash; Sant&eacute;, vitalit&eacute; et bien-&ecirc;tre pour tous les Marocains\" \/>\n<meta property=\"article:publisher\" content=\"https:\/\/www.facebook.com\/profile.php?id=61576678196717\" \/>\n<meta property=\"article:modified_time\" content=\"2026-01-21T19:31:35+00:00\" \/>\n<meta property=\"og:image\" content=\"https:\/\/vitablanca.ma\/wp-content\/uploads\/2025\/06\/Cetaphil-Sun-Face-Fluide-SPF50_-50ml-nova-parapharmacie-maroc.jpg\" \/>\n\t<meta property=\"og:image:width\" content=\"1000\" \/>\n\t<meta property=\"og:image:height\" content=\"1000\" \/>\n\t<meta property=\"og:image:type\" content=\"image\/jpeg\" \/>\n<meta name=\"twitter:card\" content=\"summary_large_image\" \/>\n<meta name=\"twitter:label1\" content=\"Est. reading time\" \/>\n\t<meta name=\"twitter:data1\" content=\"1 minute\" \/>\n<script type=\"application\/ld+json\" class=\"yoast-schema-graph\">{\"@context\":\"https:\\\/\\\/schema.org\",\"@graph\":[{\"@type\":[\"WebPage\",\"ItemPage\"],\"@id\":\"https:\\\/\\\/vitablanca.ma\\\/produit\\\/cetaphil-sun-face-fluide-spf50-50ml\\\/\",\"url\":\"https:\\\/\\\/vitablanca.ma\\\/produit\\\/cetaphil-sun-face-fluide-spf50-50ml\\\/\",\"name\":\"Cetaphil Sun Face Fluide SPF50+ 50ml - Maroc Prix\",\"isPartOf\":{\"@id\":\"https:\\\/\\\/vitablanca.ma\\\/#website\"},\"primaryImageOfPage\":{\"@id\":\"https:\\\/\\\/vitablanca.ma\\\/produit\\\/cetaphil-sun-face-fluide-spf50-50ml\\\/#primaryimage\"},\"image\":{\"@id\":\"https:\\\/\\\/vitablanca.ma\\\/produit\\\/cetaphil-sun-face-fluide-spf50-50ml\\\/#primaryimage\"},\"thumbnailUrl\":\"https:\\\/\\\/vitablanca.ma\\\/wp-content\\\/uploads\\\/2025\\\/06\\\/Cetaphil-Sun-Face-Fluide-SPF50_-50ml-nova-parapharmacie-maroc.jpg\",\"datePublished\":\"2025-06-10T16:43:06+00:00\",\"dateModified\":\"2026-01-21T19:31:35+00:00\",\"description\":\"Cetaphil Sun Face Fluide SPF50+ 50ml\",\"breadcrumb\":{\"@id\":\"https:\\\/\\\/vitablanca.ma\\\/produit\\\/cetaphil-sun-face-fluide-spf50-50ml\\\/#breadcrumb\"},\"inLanguage\":\"en-US\",\"potentialAction\":[{\"@type\":\"ReadAction\",\"target\":[\"https:\\\/\\\/vitablanca.ma\\\/produit\\\/cetaphil-sun-face-fluide-spf50-50ml\\\/\"]}]},{\"@type\":\"ImageObject\",\"inLanguage\":\"en-US\",\"@id\":\"https:\\\/\\\/vitablanca.ma\\\/produit\\\/cetaphil-sun-face-fluide-spf50-50ml\\\/#primaryimage\",\"url\":\"https:\\\/\\\/vitablanca.ma\\\/wp-content\\\/uploads\\\/2025\\\/06\\\/Cetaphil-Sun-Face-Fluide-SPF50_-50ml-nova-parapharmacie-maroc.jpg\",\"contentUrl\":\"https:\\\/\\\/vitablanca.ma\\\/wp-content\\\/uploads\\\/2025\\\/06\\\/Cetaphil-Sun-Face-Fluide-SPF50_-50ml-nova-parapharmacie-maroc.jpg\",\"width\":1000,\"height\":1000},{\"@type\":\"BreadcrumbList\",\"@id\":\"https:\\\/\\\/vitablanca.ma\\\/produit\\\/cetaphil-sun-face-fluide-spf50-50ml\\\/#breadcrumb\",\"itemListElement\":[{\"@type\":\"ListItem\",\"position\":1,\"name\":\"Home\",\"item\":\"https:\\\/\\\/vitablanca.ma\\\/\"},{\"@type\":\"ListItem\",\"position\":2,\"name\":\"Tous Les Produits\",\"item\":\"https:\\\/\\\/vitablanca.ma\\\/tous-les-produits\\\/\"},{\"@type\":\"ListItem\",\"position\":3,\"name\":\"Cetaphil Sun Face Fluide SPF50+ 50ml\"}]},{\"@type\":\"WebSite\",\"@id\":\"https:\\\/\\\/vitablanca.ma\\\/#website\",\"url\":\"https:\\\/\\\/vitablanca.ma\\\/\",\"name\":\"VitaBlanca.ma | Compl\u00e9ments alimentaires, sant\u00e9 & beaut\u00e9 au Maroc\",\"description\":\"vendre vitamines et compl\u00e9ments premium des USA &amp; Canada, Nouvelle Z\u00e9lande,Maroc (NOW Foods, Solgar, Manuka). Livraison rapide partout au Maroc.\",\"publisher\":{\"@id\":\"https:\\\/\\\/vitablanca.ma\\\/#organization\"},\"alternateName\":\"VitaBlanca.ma\",\"potentialAction\":[{\"@type\":\"SearchAction\",\"target\":{\"@type\":\"EntryPoint\",\"urlTemplate\":\"https:\\\/\\\/vitablanca.ma\\\/?s={search_term_string}\"},\"query-input\":{\"@type\":\"PropertyValueSpecification\",\"valueRequired\":true,\"valueName\":\"search_term_string\"}}],\"inLanguage\":\"en-US\"},{\"@type\":\"Organization\",\"@id\":\"https:\\\/\\\/vitablanca.ma\\\/#organization\",\"name\":\"VitaBlanca\",\"url\":\"https:\\\/\\\/vitablanca.ma\\\/\",\"logo\":{\"@type\":\"ImageObject\",\"inLanguage\":\"en-US\",\"@id\":\"https:\\\/\\\/vitablanca.ma\\\/#\\\/schema\\\/logo\\\/image\\\/\",\"url\":\"https:\\\/\\\/vitablanca.ma\\\/wp-content\\\/uploads\\\/2025\\\/05\\\/cropped-vitablanca.png\",\"contentUrl\":\"https:\\\/\\\/vitablanca.ma\\\/wp-content\\\/uploads\\\/2025\\\/05\\\/cropped-vitablanca.png\",\"width\":360,\"height\":67,\"caption\":\"VitaBlanca\"},\"image\":{\"@id\":\"https:\\\/\\\/vitablanca.ma\\\/#\\\/schema\\\/logo\\\/image\\\/\"},\"sameAs\":[\"https:\\\/\\\/www.facebook.com\\\/profile.php?id=61576678196717\",\"https:\\\/\\\/www.tiktok.com\\\/@vitablanca.ma\",\"https:\\\/\\\/www.instagram.com\\\/vitablanca.ma\\\/\"]}]}<\/script>\n<!-- \/ Yoast SEO plugin. -->","yoast_head_json":{"title":"Cetaphil Sun Face Fluid SPF50+ 50ml - Morocco Price","description":"Cetaphil Sun Face Fluid SPF50+ 50ml","robots":{"index":"index","follow":"follow","max-snippet":"max-snippet:-1","max-image-preview":"max-image-preview:large","max-video-preview":"max-video-preview:-1"},"canonical":"https:\/\/vitablanca.ma\/en\/product\/cetaphil-sun-face-fluide-spf50-50ml\/","og_locale":"en_US","og_type":"article","og_title":"Cetaphil Sun Face Fluide SPF50+ 50ml - Maroc Prix","og_description":"Cetaphil Sun Face Fluide SPF50+ 50ml","og_url":"https:\/\/vitablanca.ma\/en\/product\/cetaphil-sun-face-fluide-spf50-50ml\/","og_site_name":"Vitablanca.ma &ndash; Sant&eacute;, vitalit&eacute; et bien-&ecirc;tre pour tous les Marocains","article_publisher":"https:\/\/www.facebook.com\/profile.php?id=61576678196717","article_modified_time":"2026-01-21T19:31:35+00:00","og_image":[{"width":1000,"height":1000,"url":"https:\/\/vitablanca.ma\/wp-content\/uploads\/2025\/06\/Cetaphil-Sun-Face-Fluide-SPF50_-50ml-nova-parapharmacie-maroc.jpg","type":"image\/jpeg"}],"twitter_card":"summary_large_image","twitter_misc":{"Est. reading time":"1 minute"},"schema":{"@context":"https:\/\/schema.org","@graph":[{"@type":["WebPage","ItemPage"],"@id":"https:\/\/vitablanca.ma\/produit\/cetaphil-sun-face-fluide-spf50-50ml\/","url":"https:\/\/vitablanca.ma\/produit\/cetaphil-sun-face-fluide-spf50-50ml\/","name":"Cetaphil Sun Face Fluid SPF50+ 50ml - Morocco Price","isPartOf":{"@id":"https:\/\/vitablanca.ma\/#website"},"primaryImageOfPage":{"@id":"https:\/\/vitablanca.ma\/produit\/cetaphil-sun-face-fluide-spf50-50ml\/#primaryimage"},"image":{"@id":"https:\/\/vitablanca.ma\/produit\/cetaphil-sun-face-fluide-spf50-50ml\/#primaryimage"},"thumbnailUrl":"https:\/\/vitablanca.ma\/wp-content\/uploads\/2025\/06\/Cetaphil-Sun-Face-Fluide-SPF50_-50ml-nova-parapharmacie-maroc.jpg","datePublished":"2025-06-10T16:43:06+00:00","dateModified":"2026-01-21T19:31:35+00:00","description":"Cetaphil Sun Face Fluid SPF50+ 50ml","breadcrumb":{"@id":"https:\/\/vitablanca.ma\/produit\/cetaphil-sun-face-fluide-spf50-50ml\/#breadcrumb"},"inLanguage":"en-US","potentialAction":[{"@type":"ReadAction","target":["https:\/\/vitablanca.ma\/produit\/cetaphil-sun-face-fluide-spf50-50ml\/"]}]},{"@type":"ImageObject","inLanguage":"en-US","@id":"https:\/\/vitablanca.ma\/produit\/cetaphil-sun-face-fluide-spf50-50ml\/#primaryimage","url":"https:\/\/vitablanca.ma\/wp-content\/uploads\/2025\/06\/Cetaphil-Sun-Face-Fluide-SPF50_-50ml-nova-parapharmacie-maroc.jpg","contentUrl":"https:\/\/vitablanca.ma\/wp-content\/uploads\/2025\/06\/Cetaphil-Sun-Face-Fluide-SPF50_-50ml-nova-parapharmacie-maroc.jpg","width":1000,"height":1000},{"@type":"BreadcrumbList","@id":"https:\/\/vitablanca.ma\/produit\/cetaphil-sun-face-fluide-spf50-50ml\/#breadcrumb","itemListElement":[{"@type":"ListItem","position":1,"name":"Home","item":"https:\/\/vitablanca.ma\/"},{"@type":"ListItem","position":2,"name":"Tous Les Produits","item":"https:\/\/vitablanca.ma\/tous-les-produits\/"},{"@type":"ListItem","position":3,"name":"Cetaphil Sun Face Fluide SPF50+ 50ml"}]},{"@type":"WebSite","@id":"https:\/\/vitablanca.ma\/#website","url":"https:\/\/vitablanca.ma\/","name":"VitaBlanca.ma | Food supplements, health &amp; beauty in Morocco","description":"sell premium vitamins and supplements from USA &amp; Canada, New Zealand, Morocco (NOW Foods, Solgar, Manuka). Fast delivery anywhere in Morocco.","publisher":{"@id":"https:\/\/vitablanca.ma\/#organization"},"alternateName":"VitaBlanca.ma","potentialAction":[{"@type":"SearchAction","target":{"@type":"EntryPoint","urlTemplate":"https:\/\/vitablanca.ma\/?s={search_term_string}"},"query-input":{"@type":"PropertyValueSpecification","valueRequired":true,"valueName":"search_term_string"}}],"inLanguage":"en-US"},{"@type":"Organization","@id":"https:\/\/vitablanca.ma\/#organization","name":"VitaBlanca","url":"https:\/\/vitablanca.ma\/","logo":{"@type":"ImageObject","inLanguage":"en-US","@id":"https:\/\/vitablanca.ma\/#\/schema\/logo\/image\/","url":"https:\/\/vitablanca.ma\/wp-content\/uploads\/2025\/05\/cropped-vitablanca.png","contentUrl":"https:\/\/vitablanca.ma\/wp-content\/uploads\/2025\/05\/cropped-vitablanca.png","width":360,"height":67,"caption":"VitaBlanca"},"image":{"@id":"https:\/\/vitablanca.ma\/#\/schema\/logo\/image\/"},"sameAs":["https:\/\/www.facebook.com\/profile.php?id=61576678196717","https:\/\/www.tiktok.com\/@vitablanca.ma","https:\/\/www.instagram.com\/vitablanca.ma\/"]}]}},"jetpack_sharing_enabled":true,"_links":{"self":[{"href":"https:\/\/vitablanca.ma\/en\/wp-json\/wp\/v2\/product\/16468","targetHints":{"allow":["GET"]}}],"collection":[{"href":"https:\/\/vitablanca.ma\/en\/wp-json\/wp\/v2\/product"}],"about":[{"href":"https:\/\/vitablanca.ma\/en\/wp-json\/wp\/v2\/types\/product"}],"wp:featuredmedia":[{"embeddable":true,"href":"https:\/\/vitablanca.ma\/en\/wp-json\/wp\/v2\/media\/16464"}],"wp:attachment":[{"href":"https:\/\/vitablanca.ma\/en\/wp-json\/wp\/v2\/media?parent=16468"}],"wp:term":[{"taxonomy":"product_brand","embeddable":true,"href":"https:\/\/vitablanca.ma\/en\/wp-json\/wp\/v2\/product_brand?post=16468"},{"taxonomy":"product_cat","embeddable":true,"href":"https:\/\/vitablanca.ma\/en\/wp-json\/wp\/v2\/product_cat?post=16468"},{"taxonomy":"product_tag","embeddable":true,"href":"https:\/\/vitablanca.ma\/en\/wp-json\/wp\/v2\/product_tag?post=16468"}],"curies":[{"name":"wp","href":"https:\/\/api.w.org\/{rel}","templated":true}]}}