{"id":16459,"date":"2025-06-10T16:43:00","date_gmt":"2025-06-10T16:43:00","guid":{"rendered":"https:\/\/vitablanca.ma\/product\/cetaphil-pro-eczema-nettoyant-295ml\/"},"modified":"2026-01-21T19:31:35","modified_gmt":"2026-01-21T19:31:35","slug":"cetaphil-pro-eczema-nettoyant-295ml","status":"publish","type":"product","link":"https:\/\/vitablanca.ma\/en\/product\/cetaphil-pro-eczema-nettoyant-295ml\/","title":{"rendered":"Cetaphil Pro Eczema Cleanser 295ml"},"content":{"rendered":"<div data-mce-fragment=\"1\" id=\"shopify-section-template--15476718797030__product-details-tabs\" class=\"shopify-section\">\n<section data-mce-fragment=\"1\" class=\"sf-product__section sf-product__section-tabs acc-initialized\" data-section-type=\"tabs\" data-section-id=\"template--15476718797030__product-details-tabs\">\n<div data-mce-fragment=\"1\" class=\"container\">\n<div data-mce-fragment=\"1\" class=\"sf-tabs sf-tabs--responsive sf-pdt__accordion\">\n<div data-mce-fragment=\"1\" class=\"md:py-10\">\n<div data-mce-fragment=\"1\" class=\"sf__accordion-item sf-tab-content md:opacity-0 open active\" data-block-type=\"description\">\n<div data-mce-fragment=\"1\" class=\"sf__accordion-content\">\n<div data-mce-fragment=\"1\" class=\"pb-8 prose\">\n<h2 data-mce-fragment=\"1\">\n<span data-mce-fragment=\"1\">Cetaphil Pro Eczema\u00a0<\/span>\u00a0The Hydrating Body Cleanser is formulated for atopic skin.<\/h2>\n<p data-mce-fragment=\"1\">Clinically proven non-irritating and non-drying cleansing effect on atopic skin with daily use. Foaming cleanser for very dry skin,<\/p>\n<h3>Description<\/h3>\n<p data-mce-fragment=\"1\">Cetaphil Pro Eczema Moisturizing Body Wash is formulated for atopic skin. Clinically proven to have a non-irritating, non-drying cleansing effect on atopic skin with daily use. Foaming cleanser for very dry and damaged skin. Rinses easily, leaving skin smooth and soft. Soap-free, fragrance-free. Hypoallergenic. Suitable for children and adults.<\/p>\n<p data-mce-fragment=\"1\">A unique cleanser formulated to soothe dry and sensitive skin. Using advanced technology, this creamy cleanser gently cleanses and rinses to lock in nourishing skin oils in a gentle, soap-free cleanser.<\/p>\n<h3 data-mce-fragment=\"1\"><b data-mce-fragment=\"1\"><strong data-mce-fragment=\"1\">Instructions for use<\/strong><\/b><\/h3>\n<p data-mce-fragment=\"1\"><b data-mce-fragment=\"1\"><strong data-mce-fragment=\"1\"><\/strong><\/b>Apply directly to wet skin. Avoid the eye area. Massage into a lather, rinse, and pat skin dry. For optimal care<\/p>\n<h3 data-mce-fragment=\"1\"><b data-mce-fragment=\"1\"><strong data-mce-fragment=\"1\">Composition<\/strong><\/b><\/h3>\n<p data-mce-fragment=\"1\">WATER, BUTYROSPERMUMPARKII (SHEA BUTTER), SODIUM TRIDECETH SULFATE, GLYCERIN, HELIANTHUS ANNUUS (SUNFLOWER) OIL, SODIUM CHLORIDE, SODIUM LAURAMPHOACETATE, COCAMIDE MEA, CITRIC ACID, NIACINAMIDE, SODIUM PCA, TOCOPHERYL ACETATE, 1,2-HEXANEDIOL, CAPRYLYL GLYCOL, GUAR HYDROXYPROPYLATED TRIMONIUM CHLORIDE, ALLANTOIN, POTASSIUM SORBATE, ARGININE, DISODIUM EDTA (FIL 0975).<\/p>\n<\/div>\n<\/div>\n<\/div>\n<\/div>\n<\/div>\n<\/div>\n<\/section>\n<\/div>","protected":false},"excerpt":{"rendered":"<p>Cetaphil Pro Eczema\u00a0\u00a0le Nettoyant Hydratant pour le corps est formul\u00e9 pour les peaux atopiques. Effet nettoyant non irritant et non ass\u00e9chant cliniquement d\u00e9montr\u00e9 sur une peau atopique en utilisation quotidienne. Nettoyant moussant pour peaux tr\u00e8s s\u00e8ches, Description Cetaphil\u00a0Pro Eczema le Nettoyant Hydratant pour le corps est formul\u00e9 pour les peaux atopiques. Effet nettoyant non irritant [&hellip;]<\/p>\n","protected":false},"featured_media":16458,"template":"","meta":{"om_disable_all_campaigns":false},"product_brand":[5993],"product_cat":[18,15],"product_tag":[],"class_list":{"0":"post-16459","1":"product","2":"type-product","3":"status-publish","4":"has-post-thumbnail","6":"product_brand-cetaphil-maroc-prix","7":"product_cat-beaute-sante","8":"product_cat-beaute-sante-complements-alimentaires-soins-et-bien-etre-au-meilleur-prix","10":"first","11":"instock","12":"sale","13":"taxable","14":"shipping-taxable","15":"purchasable","16":"product-type-simple"},"yoast_head":"<!-- This site is optimized with the Yoast SEO plugin v27.3 - https:\/\/yoast.com\/product\/yoast-seo-wordpress\/ -->\n<title>Cetaphil Pro Eczema Nettoyant 295ml - Maroc Prix<\/title>\n<meta name=\"description\" content=\"Cetaphil Pro Eczema Nettoyant 295ml\" \/>\n<meta name=\"robots\" content=\"index, follow, max-snippet:-1, max-image-preview:large, max-video-preview:-1\" \/>\n<link rel=\"canonical\" href=\"https:\/\/vitablanca.ma\/en\/product\/cetaphil-pro-eczema-nettoyant-295ml\/\" \/>\n<meta property=\"og:locale\" content=\"en_US\" \/>\n<meta property=\"og:type\" content=\"article\" \/>\n<meta property=\"og:title\" content=\"Cetaphil Pro Eczema Nettoyant 295ml - Maroc Prix\" \/>\n<meta property=\"og:description\" content=\"Cetaphil Pro Eczema Nettoyant 295ml\" \/>\n<meta property=\"og:url\" content=\"https:\/\/vitablanca.ma\/en\/product\/cetaphil-pro-eczema-nettoyant-295ml\/\" \/>\n<meta property=\"og:site_name\" content=\"Vitablanca.ma &ndash; Sant&eacute;, vitalit&eacute; et bien-&ecirc;tre pour tous les Marocains\" \/>\n<meta property=\"article:publisher\" content=\"https:\/\/www.facebook.com\/profile.php?id=61576678196717\" \/>\n<meta property=\"article:modified_time\" content=\"2026-01-21T19:31:35+00:00\" \/>\n<meta property=\"og:image\" content=\"https:\/\/vitablanca.ma\/wp-content\/uploads\/2025\/06\/Cetaphil-Pro-Eczema-Nettoyant-295ml-novaparapharmacie-maroc_77cbb3cb-69df-4eee-be73-0bf34f72ed63.jpg\" \/>\n\t<meta property=\"og:image:width\" content=\"1000\" \/>\n\t<meta property=\"og:image:height\" content=\"1000\" \/>\n\t<meta property=\"og:image:type\" content=\"image\/jpeg\" \/>\n<meta name=\"twitter:card\" content=\"summary_large_image\" \/>\n<meta name=\"twitter:label1\" content=\"Est. reading time\" \/>\n\t<meta name=\"twitter:data1\" content=\"1 minute\" \/>\n<script type=\"application\/ld+json\" class=\"yoast-schema-graph\">{\"@context\":\"https:\\\/\\\/schema.org\",\"@graph\":[{\"@type\":[\"WebPage\",\"ItemPage\"],\"@id\":\"https:\\\/\\\/vitablanca.ma\\\/produit\\\/cetaphil-pro-eczema-nettoyant-295ml\\\/\",\"url\":\"https:\\\/\\\/vitablanca.ma\\\/produit\\\/cetaphil-pro-eczema-nettoyant-295ml\\\/\",\"name\":\"Cetaphil Pro Eczema Nettoyant 295ml - Maroc Prix\",\"isPartOf\":{\"@id\":\"https:\\\/\\\/vitablanca.ma\\\/#website\"},\"primaryImageOfPage\":{\"@id\":\"https:\\\/\\\/vitablanca.ma\\\/produit\\\/cetaphil-pro-eczema-nettoyant-295ml\\\/#primaryimage\"},\"image\":{\"@id\":\"https:\\\/\\\/vitablanca.ma\\\/produit\\\/cetaphil-pro-eczema-nettoyant-295ml\\\/#primaryimage\"},\"thumbnailUrl\":\"https:\\\/\\\/vitablanca.ma\\\/wp-content\\\/uploads\\\/2025\\\/06\\\/Cetaphil-Pro-Eczema-Nettoyant-295ml-novaparapharmacie-maroc_77cbb3cb-69df-4eee-be73-0bf34f72ed63.jpg\",\"datePublished\":\"2025-06-10T16:43:00+00:00\",\"dateModified\":\"2026-01-21T19:31:35+00:00\",\"description\":\"Cetaphil Pro Eczema Nettoyant 295ml\",\"breadcrumb\":{\"@id\":\"https:\\\/\\\/vitablanca.ma\\\/produit\\\/cetaphil-pro-eczema-nettoyant-295ml\\\/#breadcrumb\"},\"inLanguage\":\"en-US\",\"potentialAction\":[{\"@type\":\"ReadAction\",\"target\":[\"https:\\\/\\\/vitablanca.ma\\\/produit\\\/cetaphil-pro-eczema-nettoyant-295ml\\\/\"]}]},{\"@type\":\"ImageObject\",\"inLanguage\":\"en-US\",\"@id\":\"https:\\\/\\\/vitablanca.ma\\\/produit\\\/cetaphil-pro-eczema-nettoyant-295ml\\\/#primaryimage\",\"url\":\"https:\\\/\\\/vitablanca.ma\\\/wp-content\\\/uploads\\\/2025\\\/06\\\/Cetaphil-Pro-Eczema-Nettoyant-295ml-novaparapharmacie-maroc_77cbb3cb-69df-4eee-be73-0bf34f72ed63.jpg\",\"contentUrl\":\"https:\\\/\\\/vitablanca.ma\\\/wp-content\\\/uploads\\\/2025\\\/06\\\/Cetaphil-Pro-Eczema-Nettoyant-295ml-novaparapharmacie-maroc_77cbb3cb-69df-4eee-be73-0bf34f72ed63.jpg\",\"width\":1000,\"height\":1000},{\"@type\":\"BreadcrumbList\",\"@id\":\"https:\\\/\\\/vitablanca.ma\\\/produit\\\/cetaphil-pro-eczema-nettoyant-295ml\\\/#breadcrumb\",\"itemListElement\":[{\"@type\":\"ListItem\",\"position\":1,\"name\":\"Home\",\"item\":\"https:\\\/\\\/vitablanca.ma\\\/\"},{\"@type\":\"ListItem\",\"position\":2,\"name\":\"Tous Les Produits\",\"item\":\"https:\\\/\\\/vitablanca.ma\\\/tous-les-produits\\\/\"},{\"@type\":\"ListItem\",\"position\":3,\"name\":\"Cetaphil Pro Eczema Nettoyant 295ml\"}]},{\"@type\":\"WebSite\",\"@id\":\"https:\\\/\\\/vitablanca.ma\\\/#website\",\"url\":\"https:\\\/\\\/vitablanca.ma\\\/\",\"name\":\"VitaBlanca.ma | Compl\u00e9ments alimentaires, sant\u00e9 & beaut\u00e9 au Maroc\",\"description\":\"vendre vitamines et compl\u00e9ments premium des USA &amp; Canada, Nouvelle Z\u00e9lande,Maroc (NOW Foods, Solgar, Manuka). Livraison rapide partout au Maroc.\",\"publisher\":{\"@id\":\"https:\\\/\\\/vitablanca.ma\\\/#organization\"},\"alternateName\":\"VitaBlanca.ma\",\"potentialAction\":[{\"@type\":\"SearchAction\",\"target\":{\"@type\":\"EntryPoint\",\"urlTemplate\":\"https:\\\/\\\/vitablanca.ma\\\/?s={search_term_string}\"},\"query-input\":{\"@type\":\"PropertyValueSpecification\",\"valueRequired\":true,\"valueName\":\"search_term_string\"}}],\"inLanguage\":\"en-US\"},{\"@type\":\"Organization\",\"@id\":\"https:\\\/\\\/vitablanca.ma\\\/#organization\",\"name\":\"VitaBlanca\",\"url\":\"https:\\\/\\\/vitablanca.ma\\\/\",\"logo\":{\"@type\":\"ImageObject\",\"inLanguage\":\"en-US\",\"@id\":\"https:\\\/\\\/vitablanca.ma\\\/#\\\/schema\\\/logo\\\/image\\\/\",\"url\":\"https:\\\/\\\/vitablanca.ma\\\/wp-content\\\/uploads\\\/2025\\\/05\\\/cropped-vitablanca.png\",\"contentUrl\":\"https:\\\/\\\/vitablanca.ma\\\/wp-content\\\/uploads\\\/2025\\\/05\\\/cropped-vitablanca.png\",\"width\":360,\"height\":67,\"caption\":\"VitaBlanca\"},\"image\":{\"@id\":\"https:\\\/\\\/vitablanca.ma\\\/#\\\/schema\\\/logo\\\/image\\\/\"},\"sameAs\":[\"https:\\\/\\\/www.facebook.com\\\/profile.php?id=61576678196717\",\"https:\\\/\\\/www.tiktok.com\\\/@vitablanca.ma\",\"https:\\\/\\\/www.instagram.com\\\/vitablanca.ma\\\/\"]}]}<\/script>\n<!-- \/ Yoast SEO plugin. -->","yoast_head_json":{"title":"Cetaphil Pro Eczema Cleanser 295ml - Morocco Price","description":"Cetaphil Pro Eczema Cleanser 295ml","robots":{"index":"index","follow":"follow","max-snippet":"max-snippet:-1","max-image-preview":"max-image-preview:large","max-video-preview":"max-video-preview:-1"},"canonical":"https:\/\/vitablanca.ma\/en\/product\/cetaphil-pro-eczema-nettoyant-295ml\/","og_locale":"en_US","og_type":"article","og_title":"Cetaphil Pro Eczema Nettoyant 295ml - Maroc Prix","og_description":"Cetaphil Pro Eczema Nettoyant 295ml","og_url":"https:\/\/vitablanca.ma\/en\/product\/cetaphil-pro-eczema-nettoyant-295ml\/","og_site_name":"Vitablanca.ma &ndash; Sant&eacute;, vitalit&eacute; et bien-&ecirc;tre pour tous les Marocains","article_publisher":"https:\/\/www.facebook.com\/profile.php?id=61576678196717","article_modified_time":"2026-01-21T19:31:35+00:00","og_image":[{"width":1000,"height":1000,"url":"https:\/\/vitablanca.ma\/wp-content\/uploads\/2025\/06\/Cetaphil-Pro-Eczema-Nettoyant-295ml-novaparapharmacie-maroc_77cbb3cb-69df-4eee-be73-0bf34f72ed63.jpg","type":"image\/jpeg"}],"twitter_card":"summary_large_image","twitter_misc":{"Est. reading time":"1 minute"},"schema":{"@context":"https:\/\/schema.org","@graph":[{"@type":["WebPage","ItemPage"],"@id":"https:\/\/vitablanca.ma\/produit\/cetaphil-pro-eczema-nettoyant-295ml\/","url":"https:\/\/vitablanca.ma\/produit\/cetaphil-pro-eczema-nettoyant-295ml\/","name":"Cetaphil Pro Eczema Cleanser 295ml - Morocco Price","isPartOf":{"@id":"https:\/\/vitablanca.ma\/#website"},"primaryImageOfPage":{"@id":"https:\/\/vitablanca.ma\/produit\/cetaphil-pro-eczema-nettoyant-295ml\/#primaryimage"},"image":{"@id":"https:\/\/vitablanca.ma\/produit\/cetaphil-pro-eczema-nettoyant-295ml\/#primaryimage"},"thumbnailUrl":"https:\/\/vitablanca.ma\/wp-content\/uploads\/2025\/06\/Cetaphil-Pro-Eczema-Nettoyant-295ml-novaparapharmacie-maroc_77cbb3cb-69df-4eee-be73-0bf34f72ed63.jpg","datePublished":"2025-06-10T16:43:00+00:00","dateModified":"2026-01-21T19:31:35+00:00","description":"Cetaphil Pro Eczema Cleanser 295ml","breadcrumb":{"@id":"https:\/\/vitablanca.ma\/produit\/cetaphil-pro-eczema-nettoyant-295ml\/#breadcrumb"},"inLanguage":"en-US","potentialAction":[{"@type":"ReadAction","target":["https:\/\/vitablanca.ma\/produit\/cetaphil-pro-eczema-nettoyant-295ml\/"]}]},{"@type":"ImageObject","inLanguage":"en-US","@id":"https:\/\/vitablanca.ma\/produit\/cetaphil-pro-eczema-nettoyant-295ml\/#primaryimage","url":"https:\/\/vitablanca.ma\/wp-content\/uploads\/2025\/06\/Cetaphil-Pro-Eczema-Nettoyant-295ml-novaparapharmacie-maroc_77cbb3cb-69df-4eee-be73-0bf34f72ed63.jpg","contentUrl":"https:\/\/vitablanca.ma\/wp-content\/uploads\/2025\/06\/Cetaphil-Pro-Eczema-Nettoyant-295ml-novaparapharmacie-maroc_77cbb3cb-69df-4eee-be73-0bf34f72ed63.jpg","width":1000,"height":1000},{"@type":"BreadcrumbList","@id":"https:\/\/vitablanca.ma\/produit\/cetaphil-pro-eczema-nettoyant-295ml\/#breadcrumb","itemListElement":[{"@type":"ListItem","position":1,"name":"Home","item":"https:\/\/vitablanca.ma\/"},{"@type":"ListItem","position":2,"name":"Tous Les Produits","item":"https:\/\/vitablanca.ma\/tous-les-produits\/"},{"@type":"ListItem","position":3,"name":"Cetaphil Pro Eczema Nettoyant 295ml"}]},{"@type":"WebSite","@id":"https:\/\/vitablanca.ma\/#website","url":"https:\/\/vitablanca.ma\/","name":"VitaBlanca.ma | Food supplements, health &amp; beauty in Morocco","description":"sell premium vitamins and supplements from USA &amp; Canada, New Zealand, Morocco (NOW Foods, Solgar, Manuka). Fast delivery anywhere in Morocco.","publisher":{"@id":"https:\/\/vitablanca.ma\/#organization"},"alternateName":"VitaBlanca.ma","potentialAction":[{"@type":"SearchAction","target":{"@type":"EntryPoint","urlTemplate":"https:\/\/vitablanca.ma\/?s={search_term_string}"},"query-input":{"@type":"PropertyValueSpecification","valueRequired":true,"valueName":"search_term_string"}}],"inLanguage":"en-US"},{"@type":"Organization","@id":"https:\/\/vitablanca.ma\/#organization","name":"VitaBlanca","url":"https:\/\/vitablanca.ma\/","logo":{"@type":"ImageObject","inLanguage":"en-US","@id":"https:\/\/vitablanca.ma\/#\/schema\/logo\/image\/","url":"https:\/\/vitablanca.ma\/wp-content\/uploads\/2025\/05\/cropped-vitablanca.png","contentUrl":"https:\/\/vitablanca.ma\/wp-content\/uploads\/2025\/05\/cropped-vitablanca.png","width":360,"height":67,"caption":"VitaBlanca"},"image":{"@id":"https:\/\/vitablanca.ma\/#\/schema\/logo\/image\/"},"sameAs":["https:\/\/www.facebook.com\/profile.php?id=61576678196717","https:\/\/www.tiktok.com\/@vitablanca.ma","https:\/\/www.instagram.com\/vitablanca.ma\/"]}]}},"jetpack_sharing_enabled":true,"_links":{"self":[{"href":"https:\/\/vitablanca.ma\/en\/wp-json\/wp\/v2\/product\/16459","targetHints":{"allow":["GET"]}}],"collection":[{"href":"https:\/\/vitablanca.ma\/en\/wp-json\/wp\/v2\/product"}],"about":[{"href":"https:\/\/vitablanca.ma\/en\/wp-json\/wp\/v2\/types\/product"}],"wp:featuredmedia":[{"embeddable":true,"href":"https:\/\/vitablanca.ma\/en\/wp-json\/wp\/v2\/media\/16458"}],"wp:attachment":[{"href":"https:\/\/vitablanca.ma\/en\/wp-json\/wp\/v2\/media?parent=16459"}],"wp:term":[{"taxonomy":"product_brand","embeddable":true,"href":"https:\/\/vitablanca.ma\/en\/wp-json\/wp\/v2\/product_brand?post=16459"},{"taxonomy":"product_cat","embeddable":true,"href":"https:\/\/vitablanca.ma\/en\/wp-json\/wp\/v2\/product_cat?post=16459"},{"taxonomy":"product_tag","embeddable":true,"href":"https:\/\/vitablanca.ma\/en\/wp-json\/wp\/v2\/product_tag?post=16459"}],"curies":[{"name":"wp","href":"https:\/\/api.w.org\/{rel}","templated":true}]}}