{"id":16456,"date":"2025-06-10T16:42:58","date_gmt":"2025-06-10T16:42:58","guid":{"rendered":"https:\/\/vitablanca.ma\/product\/covermark-leg-magic-fluide-fond-de-teint-n65-spf-40-75ml\/"},"modified":"2025-06-10T16:42:58","modified_gmt":"2025-06-10T16:42:58","slug":"covermark-leg-magic-fluide-fond-de-teint-n65-spf-40-75ml","status":"publish","type":"product","link":"https:\/\/vitablanca.ma\/en\/product\/covermark-leg-magic-fluide-fond-de-teint-n65-spf-40-75ml\/","title":{"rendered":"Covermark Leg Magic Fluid Foundation No. 65 SPF 40 75ml"},"content":{"rendered":"<h2>Covermark Leg Magic Fluid Foundation No. 65 SPF 40<\/h2>\n<p>75ml<\/p>\n<h3>Description:<\/h3>\n<ul class=\"a-unordered-list a-vertical a-spacing-mini\">\n<li><span class=\"a-list-item\">A fluid-textured corrective body foundation, Lega Magic Fluide is ideal for concealing moderate and diffuse skin imperfections.<\/span><\/li>\n<li><span class=\"a-list-item\">Fluid and unifying, ideal for blurring your skin&#039;s imperfections as soon as summer arrives. Perfect for application over a large area of the body (legs, arms, etc.) Water-resistant and long-lasting<\/span><\/li>\n<li><span class=\"a-list-item\">For all skin types. Waterproof. 24-hour hold. Hypoallergenic. SPF 40 sun protection. Available in 8 shades<\/span><\/li>\n<li><span class=\"a-list-item\">Apply to clean, moisturized skin. Warm the product in the palm of your hand, apply a small amount to the area to be masked, and pat in with your fingertips.<\/span><\/li>\n<li><span class=\"a-list-item\">Can be applied daily, on all skin types<\/span><\/li>\n<\/ul>","protected":false},"excerpt":{"rendered":"<p>Covermark Leg Magic Fluide Fond De Teint N\u00b065 SPF 40 75ml Description: Fond de teint correcteur pour le corps \u00e0 la texture fluide, Lega Magic Fluide est id\u00e9al pour dissimuler les imperfections cutan\u00e9es mod\u00e9r\u00e9es et diffuses Fluide et unifiant, id\u00e9al pour flouter les d\u00e9fauts de votre peau d\u00e8s l\u2019arriv\u00e9e l\u2019\u00e9t\u00e9. Parfait pour une application sur [&hellip;]<\/p>\n","protected":false},"featured_media":16451,"template":"","meta":{"om_disable_all_campaigns":false},"product_brand":[],"product_cat":[15],"product_tag":[],"class_list":{"0":"post-16456","1":"product","2":"type-product","3":"status-publish","4":"has-post-thumbnail","6":"product_cat-beaute-sante-complements-alimentaires-soins-et-bien-etre-au-meilleur-prix","8":"first","9":"instock","10":"sale","11":"taxable","12":"shipping-taxable","13":"purchasable","14":"product-type-simple"},"yoast_head":"<!-- This site is optimized with the Yoast SEO plugin v27.3 - https:\/\/yoast.com\/product\/yoast-seo-wordpress\/ -->\n<title>Covermark Leg Magic Fluide Fond De Teint N\u00b065 SPF 40 75ml - Maroc Prix<\/title>\n<meta name=\"description\" content=\"Covermark Leg Magic Fluide Fond De Teint N\u00b065 SPF 40 75ml\" \/>\n<meta name=\"robots\" content=\"index, follow, max-snippet:-1, max-image-preview:large, max-video-preview:-1\" \/>\n<link rel=\"canonical\" href=\"https:\/\/vitablanca.ma\/en\/product\/covermark-leg-magic-fluide-fond-de-teint-n65-spf-40-75ml\/\" \/>\n<meta property=\"og:locale\" content=\"en_US\" \/>\n<meta property=\"og:type\" content=\"article\" \/>\n<meta property=\"og:title\" content=\"Covermark Leg Magic Fluide Fond De Teint N\u00b065 SPF 40 75ml - Maroc Prix\" \/>\n<meta property=\"og:description\" content=\"Covermark Leg Magic Fluide Fond De Teint N\u00b065 SPF 40 75ml\" \/>\n<meta property=\"og:url\" content=\"https:\/\/vitablanca.ma\/en\/product\/covermark-leg-magic-fluide-fond-de-teint-n65-spf-40-75ml\/\" \/>\n<meta property=\"og:site_name\" content=\"Vitablanca.ma &ndash; Sant&eacute;, vitalit&eacute; et bien-&ecirc;tre pour tous les Marocains\" \/>\n<meta property=\"article:publisher\" content=\"https:\/\/www.facebook.com\/profile.php?id=61576678196717\" \/>\n<meta property=\"og:image\" content=\"https:\/\/vitablanca.ma\/wp-content\/uploads\/2025\/06\/Covermark-Leg-Magic-Fluide-Fond-De-Teint-N_65-SPF-40-75ml-prix-maroc-parapharmacie-casablanca.jpg\" \/>\n\t<meta property=\"og:image:width\" content=\"1000\" \/>\n\t<meta property=\"og:image:height\" content=\"1000\" \/>\n\t<meta property=\"og:image:type\" content=\"image\/jpeg\" \/>\n<meta name=\"twitter:card\" content=\"summary_large_image\" \/>\n<meta name=\"twitter:label1\" content=\"Est. reading time\" \/>\n\t<meta name=\"twitter:data1\" content=\"1 minute\" \/>\n<script type=\"application\/ld+json\" class=\"yoast-schema-graph\">{\"@context\":\"https:\\\/\\\/schema.org\",\"@graph\":[{\"@type\":[\"WebPage\",\"ItemPage\"],\"@id\":\"https:\\\/\\\/vitablanca.ma\\\/produit\\\/covermark-leg-magic-fluide-fond-de-teint-n65-spf-40-75ml\\\/\",\"url\":\"https:\\\/\\\/vitablanca.ma\\\/produit\\\/covermark-leg-magic-fluide-fond-de-teint-n65-spf-40-75ml\\\/\",\"name\":\"Covermark Leg Magic Fluide Fond De Teint N\u00b065 SPF 40 75ml - Maroc Prix\",\"isPartOf\":{\"@id\":\"https:\\\/\\\/vitablanca.ma\\\/#website\"},\"primaryImageOfPage\":{\"@id\":\"https:\\\/\\\/vitablanca.ma\\\/produit\\\/covermark-leg-magic-fluide-fond-de-teint-n65-spf-40-75ml\\\/#primaryimage\"},\"image\":{\"@id\":\"https:\\\/\\\/vitablanca.ma\\\/produit\\\/covermark-leg-magic-fluide-fond-de-teint-n65-spf-40-75ml\\\/#primaryimage\"},\"thumbnailUrl\":\"https:\\\/\\\/vitablanca.ma\\\/wp-content\\\/uploads\\\/2025\\\/06\\\/Covermark-Leg-Magic-Fluide-Fond-De-Teint-N_65-SPF-40-75ml-prix-maroc-parapharmacie-casablanca.jpg\",\"datePublished\":\"2025-06-10T16:42:58+00:00\",\"description\":\"Covermark Leg Magic Fluide Fond De Teint N\u00b065 SPF 40 75ml\",\"breadcrumb\":{\"@id\":\"https:\\\/\\\/vitablanca.ma\\\/produit\\\/covermark-leg-magic-fluide-fond-de-teint-n65-spf-40-75ml\\\/#breadcrumb\"},\"inLanguage\":\"en-US\",\"potentialAction\":[{\"@type\":\"ReadAction\",\"target\":[\"https:\\\/\\\/vitablanca.ma\\\/produit\\\/covermark-leg-magic-fluide-fond-de-teint-n65-spf-40-75ml\\\/\"]}]},{\"@type\":\"ImageObject\",\"inLanguage\":\"en-US\",\"@id\":\"https:\\\/\\\/vitablanca.ma\\\/produit\\\/covermark-leg-magic-fluide-fond-de-teint-n65-spf-40-75ml\\\/#primaryimage\",\"url\":\"https:\\\/\\\/vitablanca.ma\\\/wp-content\\\/uploads\\\/2025\\\/06\\\/Covermark-Leg-Magic-Fluide-Fond-De-Teint-N_65-SPF-40-75ml-prix-maroc-parapharmacie-casablanca.jpg\",\"contentUrl\":\"https:\\\/\\\/vitablanca.ma\\\/wp-content\\\/uploads\\\/2025\\\/06\\\/Covermark-Leg-Magic-Fluide-Fond-De-Teint-N_65-SPF-40-75ml-prix-maroc-parapharmacie-casablanca.jpg\",\"width\":1000,\"height\":1000},{\"@type\":\"BreadcrumbList\",\"@id\":\"https:\\\/\\\/vitablanca.ma\\\/produit\\\/covermark-leg-magic-fluide-fond-de-teint-n65-spf-40-75ml\\\/#breadcrumb\",\"itemListElement\":[{\"@type\":\"ListItem\",\"position\":1,\"name\":\"Home\",\"item\":\"https:\\\/\\\/vitablanca.ma\\\/\"},{\"@type\":\"ListItem\",\"position\":2,\"name\":\"Tous Les Produits\",\"item\":\"https:\\\/\\\/vitablanca.ma\\\/tous-les-produits\\\/\"},{\"@type\":\"ListItem\",\"position\":3,\"name\":\"Covermark Leg Magic Fluide Fond De Teint N\u00b065 SPF 40 75ml\"}]},{\"@type\":\"WebSite\",\"@id\":\"https:\\\/\\\/vitablanca.ma\\\/#website\",\"url\":\"https:\\\/\\\/vitablanca.ma\\\/\",\"name\":\"VitaBlanca.ma | Compl\u00e9ments alimentaires, sant\u00e9 & beaut\u00e9 au Maroc\",\"description\":\"vendre vitamines et compl\u00e9ments premium des USA &amp; Canada, Nouvelle Z\u00e9lande,Maroc (NOW Foods, Solgar, Manuka). Livraison rapide partout au Maroc.\",\"publisher\":{\"@id\":\"https:\\\/\\\/vitablanca.ma\\\/#organization\"},\"alternateName\":\"VitaBlanca.ma\",\"potentialAction\":[{\"@type\":\"SearchAction\",\"target\":{\"@type\":\"EntryPoint\",\"urlTemplate\":\"https:\\\/\\\/vitablanca.ma\\\/?s={search_term_string}\"},\"query-input\":{\"@type\":\"PropertyValueSpecification\",\"valueRequired\":true,\"valueName\":\"search_term_string\"}}],\"inLanguage\":\"en-US\"},{\"@type\":\"Organization\",\"@id\":\"https:\\\/\\\/vitablanca.ma\\\/#organization\",\"name\":\"VitaBlanca\",\"url\":\"https:\\\/\\\/vitablanca.ma\\\/\",\"logo\":{\"@type\":\"ImageObject\",\"inLanguage\":\"en-US\",\"@id\":\"https:\\\/\\\/vitablanca.ma\\\/#\\\/schema\\\/logo\\\/image\\\/\",\"url\":\"https:\\\/\\\/vitablanca.ma\\\/wp-content\\\/uploads\\\/2025\\\/05\\\/cropped-vitablanca.png\",\"contentUrl\":\"https:\\\/\\\/vitablanca.ma\\\/wp-content\\\/uploads\\\/2025\\\/05\\\/cropped-vitablanca.png\",\"width\":360,\"height\":67,\"caption\":\"VitaBlanca\"},\"image\":{\"@id\":\"https:\\\/\\\/vitablanca.ma\\\/#\\\/schema\\\/logo\\\/image\\\/\"},\"sameAs\":[\"https:\\\/\\\/www.facebook.com\\\/profile.php?id=61576678196717\",\"https:\\\/\\\/www.tiktok.com\\\/@vitablanca.ma\",\"https:\\\/\\\/www.instagram.com\\\/vitablanca.ma\\\/\"]}]}<\/script>\n<!-- \/ Yoast SEO plugin. -->","yoast_head_json":{"title":"Covermark Leg Magic Fluid Foundation No. 65 SPF 40 75ml - Morocco Price","description":"Covermark Leg Magic Fluid Foundation No. 65 SPF 40 75ml","robots":{"index":"index","follow":"follow","max-snippet":"max-snippet:-1","max-image-preview":"max-image-preview:large","max-video-preview":"max-video-preview:-1"},"canonical":"https:\/\/vitablanca.ma\/en\/product\/covermark-leg-magic-fluide-fond-de-teint-n65-spf-40-75ml\/","og_locale":"en_US","og_type":"article","og_title":"Covermark Leg Magic Fluide Fond De Teint N\u00b065 SPF 40 75ml - Maroc Prix","og_description":"Covermark Leg Magic Fluide Fond De Teint N\u00b065 SPF 40 75ml","og_url":"https:\/\/vitablanca.ma\/en\/product\/covermark-leg-magic-fluide-fond-de-teint-n65-spf-40-75ml\/","og_site_name":"Vitablanca.ma &ndash; Sant&eacute;, vitalit&eacute; et bien-&ecirc;tre pour tous les Marocains","article_publisher":"https:\/\/www.facebook.com\/profile.php?id=61576678196717","og_image":[{"width":1000,"height":1000,"url":"https:\/\/vitablanca.ma\/wp-content\/uploads\/2025\/06\/Covermark-Leg-Magic-Fluide-Fond-De-Teint-N_65-SPF-40-75ml-prix-maroc-parapharmacie-casablanca.jpg","type":"image\/jpeg"}],"twitter_card":"summary_large_image","twitter_misc":{"Est. reading time":"1 minute"},"schema":{"@context":"https:\/\/schema.org","@graph":[{"@type":["WebPage","ItemPage"],"@id":"https:\/\/vitablanca.ma\/produit\/covermark-leg-magic-fluide-fond-de-teint-n65-spf-40-75ml\/","url":"https:\/\/vitablanca.ma\/produit\/covermark-leg-magic-fluide-fond-de-teint-n65-spf-40-75ml\/","name":"Covermark Leg Magic Fluid Foundation No. 65 SPF 40 75ml - Morocco Price","isPartOf":{"@id":"https:\/\/vitablanca.ma\/#website"},"primaryImageOfPage":{"@id":"https:\/\/vitablanca.ma\/produit\/covermark-leg-magic-fluide-fond-de-teint-n65-spf-40-75ml\/#primaryimage"},"image":{"@id":"https:\/\/vitablanca.ma\/produit\/covermark-leg-magic-fluide-fond-de-teint-n65-spf-40-75ml\/#primaryimage"},"thumbnailUrl":"https:\/\/vitablanca.ma\/wp-content\/uploads\/2025\/06\/Covermark-Leg-Magic-Fluide-Fond-De-Teint-N_65-SPF-40-75ml-prix-maroc-parapharmacie-casablanca.jpg","datePublished":"2025-06-10T16:42:58+00:00","description":"Covermark Leg Magic Fluid Foundation No. 65 SPF 40 75ml","breadcrumb":{"@id":"https:\/\/vitablanca.ma\/produit\/covermark-leg-magic-fluide-fond-de-teint-n65-spf-40-75ml\/#breadcrumb"},"inLanguage":"en-US","potentialAction":[{"@type":"ReadAction","target":["https:\/\/vitablanca.ma\/produit\/covermark-leg-magic-fluide-fond-de-teint-n65-spf-40-75ml\/"]}]},{"@type":"ImageObject","inLanguage":"en-US","@id":"https:\/\/vitablanca.ma\/produit\/covermark-leg-magic-fluide-fond-de-teint-n65-spf-40-75ml\/#primaryimage","url":"https:\/\/vitablanca.ma\/wp-content\/uploads\/2025\/06\/Covermark-Leg-Magic-Fluide-Fond-De-Teint-N_65-SPF-40-75ml-prix-maroc-parapharmacie-casablanca.jpg","contentUrl":"https:\/\/vitablanca.ma\/wp-content\/uploads\/2025\/06\/Covermark-Leg-Magic-Fluide-Fond-De-Teint-N_65-SPF-40-75ml-prix-maroc-parapharmacie-casablanca.jpg","width":1000,"height":1000},{"@type":"BreadcrumbList","@id":"https:\/\/vitablanca.ma\/produit\/covermark-leg-magic-fluide-fond-de-teint-n65-spf-40-75ml\/#breadcrumb","itemListElement":[{"@type":"ListItem","position":1,"name":"Home","item":"https:\/\/vitablanca.ma\/"},{"@type":"ListItem","position":2,"name":"Tous Les Produits","item":"https:\/\/vitablanca.ma\/tous-les-produits\/"},{"@type":"ListItem","position":3,"name":"Covermark Leg Magic Fluide Fond De Teint N\u00b065 SPF 40 75ml"}]},{"@type":"WebSite","@id":"https:\/\/vitablanca.ma\/#website","url":"https:\/\/vitablanca.ma\/","name":"VitaBlanca.ma | Food supplements, health &amp; beauty in Morocco","description":"sell premium vitamins and supplements from USA &amp; Canada, New Zealand, Morocco (NOW Foods, Solgar, Manuka). Fast delivery anywhere in Morocco.","publisher":{"@id":"https:\/\/vitablanca.ma\/#organization"},"alternateName":"VitaBlanca.ma","potentialAction":[{"@type":"SearchAction","target":{"@type":"EntryPoint","urlTemplate":"https:\/\/vitablanca.ma\/?s={search_term_string}"},"query-input":{"@type":"PropertyValueSpecification","valueRequired":true,"valueName":"search_term_string"}}],"inLanguage":"en-US"},{"@type":"Organization","@id":"https:\/\/vitablanca.ma\/#organization","name":"VitaBlanca","url":"https:\/\/vitablanca.ma\/","logo":{"@type":"ImageObject","inLanguage":"en-US","@id":"https:\/\/vitablanca.ma\/#\/schema\/logo\/image\/","url":"https:\/\/vitablanca.ma\/wp-content\/uploads\/2025\/05\/cropped-vitablanca.png","contentUrl":"https:\/\/vitablanca.ma\/wp-content\/uploads\/2025\/05\/cropped-vitablanca.png","width":360,"height":67,"caption":"VitaBlanca"},"image":{"@id":"https:\/\/vitablanca.ma\/#\/schema\/logo\/image\/"},"sameAs":["https:\/\/www.facebook.com\/profile.php?id=61576678196717","https:\/\/www.tiktok.com\/@vitablanca.ma","https:\/\/www.instagram.com\/vitablanca.ma\/"]}]}},"jetpack_sharing_enabled":true,"_links":{"self":[{"href":"https:\/\/vitablanca.ma\/en\/wp-json\/wp\/v2\/product\/16456","targetHints":{"allow":["GET"]}}],"collection":[{"href":"https:\/\/vitablanca.ma\/en\/wp-json\/wp\/v2\/product"}],"about":[{"href":"https:\/\/vitablanca.ma\/en\/wp-json\/wp\/v2\/types\/product"}],"wp:featuredmedia":[{"embeddable":true,"href":"https:\/\/vitablanca.ma\/en\/wp-json\/wp\/v2\/media\/16451"}],"wp:attachment":[{"href":"https:\/\/vitablanca.ma\/en\/wp-json\/wp\/v2\/media?parent=16456"}],"wp:term":[{"taxonomy":"product_brand","embeddable":true,"href":"https:\/\/vitablanca.ma\/en\/wp-json\/wp\/v2\/product_brand?post=16456"},{"taxonomy":"product_cat","embeddable":true,"href":"https:\/\/vitablanca.ma\/en\/wp-json\/wp\/v2\/product_cat?post=16456"},{"taxonomy":"product_tag","embeddable":true,"href":"https:\/\/vitablanca.ma\/en\/wp-json\/wp\/v2\/product_tag?post=16456"}],"curies":[{"name":"wp","href":"https:\/\/api.w.org\/{rel}","templated":true}]}}