{"id":16427,"date":"2025-06-10T16:42:39","date_gmt":"2025-06-10T16:42:39","guid":{"rendered":"https:\/\/vitablanca.ma\/product\/codexial-enoliss-perfect-skin-spot-30ml\/"},"modified":"2025-06-10T16:42:39","modified_gmt":"2025-06-10T16:42:39","slug":"codexial-enoliss-perfect-skin-spot-30ml","status":"publish","type":"product","link":"https:\/\/vitablanca.ma\/en\/product\/codexial-enoliss-perfect-skin-spot-30ml\/","title":{"rendered":"Codexial Enoliss Perfect Skin Spot 30ml"},"content":{"rendered":"<h2>Codexial Enoliss Perfect Skin Spot <span data-mce-fragment=\"1\">purifying and cleansing cream for acne-prone skin<\/span><br \/>\n<\/h2>\n<p><span>The anti-mark corrective treatment\u00a0<\/span><strong>Enoliss Perfect Skin Spot<\/strong><span>\u00a0is a purifying and cleansing cream for acne-prone skin, light to dark.<\/span><\/p>\n<p class=\"p1\"><span class=\"s1\">This light cream helps eliminate acne-related blemishes, accelerates the rapid absorption of pimples and blackheads, and also acts on persistent marks by limiting their appearance.<span>\u00a0<\/span><\/span>Thanks to<span>\u00a0<\/span><strong>Enoliss Perfect Skin Spot<\/strong>, your skin is purified.<br \/><span class=\"s1\">The anti-mark corrective treatment<span>\u00a0<\/span><strong>Enoliss Perfect Skin Spot<\/strong><span>\u00a0<\/span>is formulated from<span>\u00a0<\/span><strong>2 main active duos<\/strong><span>\u00a0<\/span>:<br \/><\/span><span>&#8211;\u00a0<\/span><strong>Niacinamide and zinc gluconate<\/strong><span>\u00a0will eliminate and prevent the appearance of pimples and blackheads and will also remove excess sebum for a mattifying effect.<\/span><br \/><span class=\"s1\">&#8211;<span>\u00a0<\/span><strong>Alpha-arbutin and Vitamin C<\/strong><span>\u00a0<\/span>will help reduce persistent marks caused by acne pimples.<\/span><\/p>\n<h3><span class=\"s1\">Use<\/span><\/h3>\n<p class=\"p1\"><span class=\"s1\">Apply morning and\/or evening to the entire face or only to the affected areas.<\/span><span class=\"s1\"><br \/>Fluid texture allowing makeup to be applied. Non-comedogenic.<span>\u00a0<\/span>Limit sun exposure and use sunscreen where appropriate.<span>\u00a0<\/span>Store at a temperature below 25\u00b0C.<\/span><\/p>","protected":false},"excerpt":{"rendered":"<p>Codexial Enoliss Perfect Skin Spot cr\u00e8me purifiante et d\u00e9sincrustante \u00e0 destination des peaux \u00e0 tendance acn\u00e9ique Le soin correcteur anti-marques\u00a0Enoliss Perfect Skin Spot\u00a0est une cr\u00e8me purifiante et d\u00e9sincrustante \u00e0 destination des peaux \u00e0 tendance acn\u00e9ique, claires \u00e0 fonc\u00e9es. Cette cr\u00e8me l\u00e9g\u00e8re favorise l\u2019\u00e9limination des imperfections d\u2019origine acn\u00e9ique, acc\u00e9l\u00e8re la r\u00e9sorption rapide des boutons et points [&hellip;]<\/p>\n","protected":false},"featured_media":16425,"template":"","meta":{"om_disable_all_campaigns":false},"product_brand":[],"product_cat":[15],"product_tag":[],"class_list":{"0":"post-16427","1":"product","2":"type-product","3":"status-publish","4":"has-post-thumbnail","6":"product_cat-beaute-sante-complements-alimentaires-soins-et-bien-etre-au-meilleur-prix","8":"first","9":"instock","10":"sale","11":"taxable","12":"shipping-taxable","13":"purchasable","14":"product-type-simple"},"yoast_head":"<!-- This site is optimized with the Yoast SEO plugin v27.4 - https:\/\/yoast.com\/product\/yoast-seo-wordpress\/ -->\n<title>Codexial Enoliss Perfect Skin Spot 30ml - Maroc Prix<\/title>\n<meta name=\"description\" content=\"Codexial Enoliss Perfect Skin Spot 30ml\" \/>\n<meta name=\"robots\" content=\"index, follow, max-snippet:-1, max-image-preview:large, max-video-preview:-1\" \/>\n<link rel=\"canonical\" href=\"https:\/\/vitablanca.ma\/en\/product\/codexial-enoliss-perfect-skin-spot-30ml\/\" \/>\n<meta property=\"og:locale\" content=\"en_US\" \/>\n<meta property=\"og:type\" content=\"article\" \/>\n<meta property=\"og:title\" content=\"Codexial Enoliss Perfect Skin Spot 30ml - Maroc Prix\" \/>\n<meta property=\"og:description\" content=\"Codexial Enoliss Perfect Skin Spot 30ml\" \/>\n<meta property=\"og:url\" content=\"https:\/\/vitablanca.ma\/en\/product\/codexial-enoliss-perfect-skin-spot-30ml\/\" \/>\n<meta property=\"og:site_name\" content=\"Vitablanca.ma &ndash; Sant&eacute;, vitalit&eacute; et bien-&ecirc;tre pour tous les Marocains\" \/>\n<meta property=\"article:publisher\" content=\"https:\/\/www.facebook.com\/profile.php?id=61576678196717\" \/>\n<meta property=\"og:image\" content=\"https:\/\/vitablanca.ma\/wp-content\/uploads\/2025\/06\/Codexial-Enoliss-Perfect-Skin-Spot-30ml-novaparapharmacie-maroc.jpg\" \/>\n\t<meta property=\"og:image:width\" content=\"1000\" \/>\n\t<meta property=\"og:image:height\" content=\"1000\" \/>\n\t<meta property=\"og:image:type\" content=\"image\/jpeg\" \/>\n<meta name=\"twitter:card\" content=\"summary_large_image\" \/>\n<meta name=\"twitter:label1\" content=\"Est. reading time\" \/>\n\t<meta name=\"twitter:data1\" content=\"1 minute\" \/>\n<script type=\"application\/ld+json\" class=\"yoast-schema-graph\">{\"@context\":\"https:\\\/\\\/schema.org\",\"@graph\":[{\"@type\":[\"WebPage\",\"ItemPage\"],\"@id\":\"https:\\\/\\\/vitablanca.ma\\\/produit\\\/codexial-enoliss-perfect-skin-spot-30ml\\\/\",\"url\":\"https:\\\/\\\/vitablanca.ma\\\/produit\\\/codexial-enoliss-perfect-skin-spot-30ml\\\/\",\"name\":\"Codexial Enoliss Perfect Skin Spot 30ml - Maroc Prix\",\"isPartOf\":{\"@id\":\"https:\\\/\\\/vitablanca.ma\\\/#website\"},\"primaryImageOfPage\":{\"@id\":\"https:\\\/\\\/vitablanca.ma\\\/produit\\\/codexial-enoliss-perfect-skin-spot-30ml\\\/#primaryimage\"},\"image\":{\"@id\":\"https:\\\/\\\/vitablanca.ma\\\/produit\\\/codexial-enoliss-perfect-skin-spot-30ml\\\/#primaryimage\"},\"thumbnailUrl\":\"https:\\\/\\\/vitablanca.ma\\\/wp-content\\\/uploads\\\/2025\\\/06\\\/Codexial-Enoliss-Perfect-Skin-Spot-30ml-novaparapharmacie-maroc.jpg\",\"datePublished\":\"2025-06-10T16:42:39+00:00\",\"description\":\"Codexial Enoliss Perfect Skin Spot 30ml\",\"breadcrumb\":{\"@id\":\"https:\\\/\\\/vitablanca.ma\\\/produit\\\/codexial-enoliss-perfect-skin-spot-30ml\\\/#breadcrumb\"},\"inLanguage\":\"en-US\",\"potentialAction\":[{\"@type\":\"ReadAction\",\"target\":[\"https:\\\/\\\/vitablanca.ma\\\/produit\\\/codexial-enoliss-perfect-skin-spot-30ml\\\/\"]}]},{\"@type\":\"ImageObject\",\"inLanguage\":\"en-US\",\"@id\":\"https:\\\/\\\/vitablanca.ma\\\/produit\\\/codexial-enoliss-perfect-skin-spot-30ml\\\/#primaryimage\",\"url\":\"https:\\\/\\\/vitablanca.ma\\\/wp-content\\\/uploads\\\/2025\\\/06\\\/Codexial-Enoliss-Perfect-Skin-Spot-30ml-novaparapharmacie-maroc.jpg\",\"contentUrl\":\"https:\\\/\\\/vitablanca.ma\\\/wp-content\\\/uploads\\\/2025\\\/06\\\/Codexial-Enoliss-Perfect-Skin-Spot-30ml-novaparapharmacie-maroc.jpg\",\"width\":1000,\"height\":1000},{\"@type\":\"BreadcrumbList\",\"@id\":\"https:\\\/\\\/vitablanca.ma\\\/produit\\\/codexial-enoliss-perfect-skin-spot-30ml\\\/#breadcrumb\",\"itemListElement\":[{\"@type\":\"ListItem\",\"position\":1,\"name\":\"Home\",\"item\":\"https:\\\/\\\/vitablanca.ma\\\/\"},{\"@type\":\"ListItem\",\"position\":2,\"name\":\"Tous Les Produits\",\"item\":\"https:\\\/\\\/vitablanca.ma\\\/tous-les-produits\\\/\"},{\"@type\":\"ListItem\",\"position\":3,\"name\":\"Codexial Enoliss Perfect Skin Spot 30ml\"}]},{\"@type\":\"WebSite\",\"@id\":\"https:\\\/\\\/vitablanca.ma\\\/#website\",\"url\":\"https:\\\/\\\/vitablanca.ma\\\/\",\"name\":\"VitaBlanca.ma | Compl\u00e9ments alimentaires, sant\u00e9 & beaut\u00e9 au Maroc\",\"description\":\"vendre vitamines et compl\u00e9ments premium des USA &amp; Canada, Nouvelle Z\u00e9lande,Maroc (NOW Foods, Solgar, Manuka). Livraison rapide partout au Maroc.\",\"publisher\":{\"@id\":\"https:\\\/\\\/vitablanca.ma\\\/#organization\"},\"alternateName\":\"VitaBlanca.ma\",\"potentialAction\":[{\"@type\":\"SearchAction\",\"target\":{\"@type\":\"EntryPoint\",\"urlTemplate\":\"https:\\\/\\\/vitablanca.ma\\\/?s={search_term_string}\"},\"query-input\":{\"@type\":\"PropertyValueSpecification\",\"valueRequired\":true,\"valueName\":\"search_term_string\"}}],\"inLanguage\":\"en-US\"},{\"@type\":\"Organization\",\"@id\":\"https:\\\/\\\/vitablanca.ma\\\/#organization\",\"name\":\"VitaBlanca\",\"url\":\"https:\\\/\\\/vitablanca.ma\\\/\",\"logo\":{\"@type\":\"ImageObject\",\"inLanguage\":\"en-US\",\"@id\":\"https:\\\/\\\/vitablanca.ma\\\/#\\\/schema\\\/logo\\\/image\\\/\",\"url\":\"https:\\\/\\\/vitablanca.ma\\\/wp-content\\\/uploads\\\/2025\\\/05\\\/cropped-vitablanca.png\",\"contentUrl\":\"https:\\\/\\\/vitablanca.ma\\\/wp-content\\\/uploads\\\/2025\\\/05\\\/cropped-vitablanca.png\",\"width\":360,\"height\":67,\"caption\":\"VitaBlanca\"},\"image\":{\"@id\":\"https:\\\/\\\/vitablanca.ma\\\/#\\\/schema\\\/logo\\\/image\\\/\"},\"sameAs\":[\"https:\\\/\\\/www.facebook.com\\\/profile.php?id=61576678196717\",\"https:\\\/\\\/www.tiktok.com\\\/@vitablanca.ma\",\"https:\\\/\\\/www.instagram.com\\\/vitablanca.ma\\\/\"]}]}<\/script>\n<!-- \/ Yoast SEO plugin. -->","yoast_head_json":{"title":"Codexial Enoliss Perfect Skin Spot 30ml - Morocco Price","description":"Codexial Enoliss Perfect Skin Spot 30ml","robots":{"index":"index","follow":"follow","max-snippet":"max-snippet:-1","max-image-preview":"max-image-preview:large","max-video-preview":"max-video-preview:-1"},"canonical":"https:\/\/vitablanca.ma\/en\/product\/codexial-enoliss-perfect-skin-spot-30ml\/","og_locale":"en_US","og_type":"article","og_title":"Codexial Enoliss Perfect Skin Spot 30ml - Maroc Prix","og_description":"Codexial Enoliss Perfect Skin Spot 30ml","og_url":"https:\/\/vitablanca.ma\/en\/product\/codexial-enoliss-perfect-skin-spot-30ml\/","og_site_name":"Vitablanca.ma &ndash; Sant&eacute;, vitalit&eacute; et bien-&ecirc;tre pour tous les Marocains","article_publisher":"https:\/\/www.facebook.com\/profile.php?id=61576678196717","og_image":[{"width":1000,"height":1000,"url":"https:\/\/vitablanca.ma\/wp-content\/uploads\/2025\/06\/Codexial-Enoliss-Perfect-Skin-Spot-30ml-novaparapharmacie-maroc.jpg","type":"image\/jpeg"}],"twitter_card":"summary_large_image","twitter_misc":{"Est. reading time":"1 minute"},"schema":{"@context":"https:\/\/schema.org","@graph":[{"@type":["WebPage","ItemPage"],"@id":"https:\/\/vitablanca.ma\/produit\/codexial-enoliss-perfect-skin-spot-30ml\/","url":"https:\/\/vitablanca.ma\/produit\/codexial-enoliss-perfect-skin-spot-30ml\/","name":"Codexial Enoliss Perfect Skin Spot 30ml - Morocco Price","isPartOf":{"@id":"https:\/\/vitablanca.ma\/#website"},"primaryImageOfPage":{"@id":"https:\/\/vitablanca.ma\/produit\/codexial-enoliss-perfect-skin-spot-30ml\/#primaryimage"},"image":{"@id":"https:\/\/vitablanca.ma\/produit\/codexial-enoliss-perfect-skin-spot-30ml\/#primaryimage"},"thumbnailUrl":"https:\/\/vitablanca.ma\/wp-content\/uploads\/2025\/06\/Codexial-Enoliss-Perfect-Skin-Spot-30ml-novaparapharmacie-maroc.jpg","datePublished":"2025-06-10T16:42:39+00:00","description":"Codexial Enoliss Perfect Skin Spot 30ml","breadcrumb":{"@id":"https:\/\/vitablanca.ma\/produit\/codexial-enoliss-perfect-skin-spot-30ml\/#breadcrumb"},"inLanguage":"en-US","potentialAction":[{"@type":"ReadAction","target":["https:\/\/vitablanca.ma\/produit\/codexial-enoliss-perfect-skin-spot-30ml\/"]}]},{"@type":"ImageObject","inLanguage":"en-US","@id":"https:\/\/vitablanca.ma\/produit\/codexial-enoliss-perfect-skin-spot-30ml\/#primaryimage","url":"https:\/\/vitablanca.ma\/wp-content\/uploads\/2025\/06\/Codexial-Enoliss-Perfect-Skin-Spot-30ml-novaparapharmacie-maroc.jpg","contentUrl":"https:\/\/vitablanca.ma\/wp-content\/uploads\/2025\/06\/Codexial-Enoliss-Perfect-Skin-Spot-30ml-novaparapharmacie-maroc.jpg","width":1000,"height":1000},{"@type":"BreadcrumbList","@id":"https:\/\/vitablanca.ma\/produit\/codexial-enoliss-perfect-skin-spot-30ml\/#breadcrumb","itemListElement":[{"@type":"ListItem","position":1,"name":"Home","item":"https:\/\/vitablanca.ma\/"},{"@type":"ListItem","position":2,"name":"Tous Les Produits","item":"https:\/\/vitablanca.ma\/tous-les-produits\/"},{"@type":"ListItem","position":3,"name":"Codexial Enoliss Perfect Skin Spot 30ml"}]},{"@type":"WebSite","@id":"https:\/\/vitablanca.ma\/#website","url":"https:\/\/vitablanca.ma\/","name":"VitaBlanca.ma | Food supplements, health &amp; beauty in Morocco","description":"sell premium vitamins and supplements from USA &amp; Canada, New Zealand, Morocco (NOW Foods, Solgar, Manuka). Fast delivery anywhere in Morocco.","publisher":{"@id":"https:\/\/vitablanca.ma\/#organization"},"alternateName":"VitaBlanca.ma","potentialAction":[{"@type":"SearchAction","target":{"@type":"EntryPoint","urlTemplate":"https:\/\/vitablanca.ma\/?s={search_term_string}"},"query-input":{"@type":"PropertyValueSpecification","valueRequired":true,"valueName":"search_term_string"}}],"inLanguage":"en-US"},{"@type":"Organization","@id":"https:\/\/vitablanca.ma\/#organization","name":"VitaBlanca","url":"https:\/\/vitablanca.ma\/","logo":{"@type":"ImageObject","inLanguage":"en-US","@id":"https:\/\/vitablanca.ma\/#\/schema\/logo\/image\/","url":"https:\/\/vitablanca.ma\/wp-content\/uploads\/2025\/05\/cropped-vitablanca.png","contentUrl":"https:\/\/vitablanca.ma\/wp-content\/uploads\/2025\/05\/cropped-vitablanca.png","width":360,"height":67,"caption":"VitaBlanca"},"image":{"@id":"https:\/\/vitablanca.ma\/#\/schema\/logo\/image\/"},"sameAs":["https:\/\/www.facebook.com\/profile.php?id=61576678196717","https:\/\/www.tiktok.com\/@vitablanca.ma","https:\/\/www.instagram.com\/vitablanca.ma\/"]}]}},"jetpack_sharing_enabled":true,"_links":{"self":[{"href":"https:\/\/vitablanca.ma\/en\/wp-json\/wp\/v2\/product\/16427","targetHints":{"allow":["GET"]}}],"collection":[{"href":"https:\/\/vitablanca.ma\/en\/wp-json\/wp\/v2\/product"}],"about":[{"href":"https:\/\/vitablanca.ma\/en\/wp-json\/wp\/v2\/types\/product"}],"wp:featuredmedia":[{"embeddable":true,"href":"https:\/\/vitablanca.ma\/en\/wp-json\/wp\/v2\/media\/16425"}],"wp:attachment":[{"href":"https:\/\/vitablanca.ma\/en\/wp-json\/wp\/v2\/media?parent=16427"}],"wp:term":[{"taxonomy":"product_brand","embeddable":true,"href":"https:\/\/vitablanca.ma\/en\/wp-json\/wp\/v2\/product_brand?post=16427"},{"taxonomy":"product_cat","embeddable":true,"href":"https:\/\/vitablanca.ma\/en\/wp-json\/wp\/v2\/product_cat?post=16427"},{"taxonomy":"product_tag","embeddable":true,"href":"https:\/\/vitablanca.ma\/en\/wp-json\/wp\/v2\/product_tag?post=16427"}],"curies":[{"name":"wp","href":"https:\/\/api.w.org\/{rel}","templated":true}]}}