{"id":16395,"date":"2025-06-10T16:42:20","date_gmt":"2025-06-10T16:42:20","guid":{"rendered":"https:\/\/vitablanca.ma\/product\/cetaphil-creme-hydratante\/"},"modified":"2026-01-21T19:31:36","modified_gmt":"2026-01-21T19:31:36","slug":"cetaphil-creme-hydratante","status":"publish","type":"product","link":"https:\/\/vitablanca.ma\/en\/product\/cetaphil-creme-hydratante\/","title":{"rendered":"Cetaphil Moisturizing Cream"},"content":{"rendered":"<h2 data-mce-fragment=\"1\">Cetaphil Moisturizing Cream<\/h2>\n<div class=\"description\" data-mce-fragment=\"1\">\n<p data-mce-fragment=\"1\"><span data-mce-fragment=\"1\"><span lang=\"FR-BE\" data-mce-fragment=\"1\" xml:lang=\"FR-BE\">For intense daily hydration of dry and sensitive skin<\/span><\/span><\/p>\n<ul data-mce-fragment=\"1\">\n<li data-mce-fragment=\"1\"><span data-mce-fragment=\"1\"><span lang=\"FR\" data-mce-fragment=\"1\" xml:lang=\"FR\">Clinically proven intense hydration and 24-hour protection<\/span><\/span><\/li>\n<li data-mce-fragment=\"1\"><span data-mce-fragment=\"1\"><span lang=\"FR\" data-mce-fragment=\"1\" xml:lang=\"FR\">Non-greasy, fast absorption<\/span><\/span><\/li>\n<li data-mce-fragment=\"1\"><span data-mce-fragment=\"1\"><span lang=\"FR\" data-mce-fragment=\"1\" xml:lang=\"FR\">No added fragrances<\/span><\/span><\/li>\n<li data-mce-fragment=\"1\"><span data-mce-fragment=\"1\"><span lang=\"FR\" data-mce-fragment=\"1\" xml:lang=\"FR\">Does not clog pores<\/span><\/span><\/li>\n<li data-mce-fragment=\"1\"><span data-mce-fragment=\"1\"><span lang=\"FR\" data-mce-fragment=\"1\" xml:lang=\"FR\">Vegan and cruelty-free<\/span><\/span><\/li>\n<li data-mce-fragment=\"1\"><span data-mce-fragment=\"1\"><span lang=\"FR\" data-mce-fragment=\"1\" xml:lang=\"FR\">Recommended by dermatologists<\/span><\/span><\/li>\n<\/ul>\n<h3 data-mce-fragment=\"1\"><span data-mce-fragment=\"1\"><span lang=\"FR\" data-mce-fragment=\"1\" xml:lang=\"FR\">Description<\/span><\/span><\/h3>\n<div class=\"field--item\" data-mce-fragment=\"1\">\n<div class=\"paragraph paragraph--type--product_information paragraph--view-mode--default paragraph--type--product-information active\" data-mce-fragment=\"1\">\n<div class=\"product-information-body\" data-mce-fragment=\"1\">\n<p data-mce-fragment=\"1\"><span data-mce-fragment=\"1\"><span lang=\"FR\" data-mce-fragment=\"1\" xml:lang=\"FR\">At Cetaphil, we specifically developed this Moisturizing Cream to deeply hydrate dry, sensitive, or damaged skin on a daily basis. Moisturizing the skin simply means maintaining its moisture level to prevent it from drying out and, consequently, from becoming damaged and unbalanced. This is important because a lack of water leads to an alteration of the hydrolipidic film. The result is immediate: dryness (dermatologists would call it &quot;dehydration&quot;), tightness, dry scales, and irritation. The Moisturizing Cream provides intense, long-lasting hydration for 24 hours. In addition to providing sufficient moisture to the skin, it instantly soothes and softens it. Can be used on the face as well as all over the body, especially in &quot;difficult&quot; areas that dry out easily, such as hands, elbows, and knees. Absorbs quickly and is non-sticky. Contains a non-comedogenic formula. Comedones are clogged pores or what are commonly called &quot;blackheads.&quot;<\/span><\/span><\/p>\n<h3 data-mce-fragment=\"1\"><span data-mce-fragment=\"1\"><span lang=\"FR\" data-mce-fragment=\"1\" xml:lang=\"FR\">Functioning<\/span><\/span><\/h3>\n<ul data-mce-fragment=\"1\">\n<li data-mce-fragment=\"1\">\n<strong data-mce-fragment=\"1\">Hydrate<\/strong>: intense hydration for 24 hours<\/li>\n<li data-mce-fragment=\"1\">\n<span data-mce-fragment=\"1\"><\/span><strong data-mce-fragment=\"1\">Soothes:<\/strong><span data-mce-fragment=\"1\">\u00a0<\/span>the skin and makes it more supple<\/li>\n<li data-mce-fragment=\"1\">\n<span data-mce-fragment=\"1\"><\/span><strong data-mce-fragment=\"1\">Restore<\/strong>: the skin&#039;s natural barrier<\/li>\n<\/ul>\n<h3 data-mce-fragment=\"1\">Suitable for<\/h3>\n<ul data-mce-fragment=\"1\">\n<li data-mce-fragment=\"1\">Face and body<\/li>\n<li data-mce-fragment=\"1\">\n<span data-mce-fragment=\"1\"><\/span>All ages, including newborns<\/li>\n<li data-mce-fragment=\"1\">\n<span data-mce-fragment=\"1\"><\/span>Can be used alone with dermatological treatment<\/li>\n<li data-mce-fragment=\"1\">\n<span data-mce-fragment=\"1\"><\/span>All skin types especially dry and sensitive skin and skin conditions such as acne, eczema, rosacea and psoriasis<\/li>\n<li data-mce-fragment=\"1\">\n<span data-mce-fragment=\"1\"><\/span>Repair and hydration of damaged skin<\/li>\n<\/ul>\n<h3 data-mce-fragment=\"1\">Instructions for use<\/h3>\n<div class=\"field--item\" data-mce-fragment=\"1\">\n<div class=\"paragraph paragraph--type--product_information paragraph--view-mode--default paragraph--type--product-information active\" data-mce-fragment=\"1\">\n<div class=\"product-information-body\" data-mce-fragment=\"1\">\n<p data-mce-fragment=\"1\"><span data-mce-fragment=\"1\"><span lang=\"FR\" data-mce-fragment=\"1\" xml:lang=\"FR\">Convenient tube format or large, economical 450g jar? Those who can&#039;t live without Cetaphil often choose the jar with a lid. It currently contains a sufficient amount of soothing and protective cream for the whole family. It can be applied to the face as well as the entire body. Most fans of the brand consider the 100g tube to be more compact and convenient for travel.<\/span><\/span><\/p>\n<p data-mce-fragment=\"1\"><span data-mce-fragment=\"1\"><span lang=\"FR\" data-mce-fragment=\"1\" xml:lang=\"FR\">Use the moisturizer as often as you feel necessary. You will quickly notice what works best. Tip: Cleanse your skin well first with the\u00a0<\/span><u data-mce-fragment=\"1\">Cetaphil Cleansing Lotion<\/u><span lang=\"FR\" data-mce-fragment=\"1\" xml:lang=\"FR\">Ideally, apply the cream when the skin is still damp, for example, just after showering. This action allows the skin to retain water and maintain its softness and suppleness.<\/span><\/span><\/p>\n<h3 data-mce-fragment=\"1\"><span data-mce-fragment=\"1\">Composition<\/span><\/h3>\n<div class=\"content\" data-mce-fragment=\"1\">\n<div class=\"row\" data-mce-fragment=\"1\">\n<div class=\"col-sm-7 product-info\" data-mce-fragment=\"1\">\n<div class=\"product-specifications\" data-mce-fragment=\"1\">\n<div class=\"field field--name-field-dsu-specification field--type-entity-reference-revisions field--label-hidden field--items\" data-mce-fragment=\"1\">\n<div class=\"field--item\" data-mce-fragment=\"1\">\n<div class=\"paragraph paragraph--type--product_information paragraph--view-mode--default paragraph--type--product-information active\" data-mce-fragment=\"1\">\n<div class=\"product-information-body\" data-mce-fragment=\"1\">\n<p data-mce-fragment=\"1\"><span data-mce-fragment=\"1\"><span lang=\"FR-BE\" data-mce-fragment=\"1\" xml:lang=\"FR-BE\">Enriched\u00a0<\/span><span lang=\"FR-BE\" data-mce-fragment=\"1\" xml:lang=\"FR-BE\">in precious sunflower oil, almond oil, glycerin and vitamin E\u00a0<\/span><span lang=\"FR-BE\" data-mce-fragment=\"1\" xml:lang=\"FR-BE\">&#8211;\u00a0<\/span><span lang=\"FR-BE\" data-mce-fragment=\"1\" xml:lang=\"FR-BE\">for a feeling of softness and soothed skin.<\/span><\/span><\/p>\n<p data-mce-fragment=\"1\"><span data-mce-fragment=\"1\"><strong data-mce-fragment=\"1\"><span lang=\"FR\" data-mce-fragment=\"1\" xml:lang=\"FR\">Lanolin-free, paraben-free.<\/span><\/strong><span lang=\"FR\" data-mce-fragment=\"1\" xml:lang=\"FR\">\u00a0Components: aqua, glycerin, petrolatum, dicaprylyl ether, dimethicone, glyceryl stearate, cetyl alcohol, helianthus annuus seed oil, peg-30 stearate, acrylates\/c10-30 alkyl acrylate crosspolymer, benzyl alcohol, bht, carbomer, dimethiconol, disodium edta, phenoxyethanol, propylene glycol, prunus amygdalus dulcis oil, sodium hydroxide, tocopherol, tocopheryl acetate.<\/span><\/span><\/p>\n<\/div>\n<\/div>\n<\/div>\n<\/div>\n<\/div>\n<\/div>\n<\/div>\n<\/div>\n<\/div>\n<\/div>\n<\/div>\n<\/div>\n<\/div>\n<\/div>\n<\/div>","protected":false},"excerpt":{"rendered":"<p>Cetaphil Cr\u00e8me Hydratante Pour une hydratation quotidienne intense des peaux s\u00e8ches et sensibles Hydratation intense prouv\u00e9e cliniquement et protection pendant 24 heures Non gras, absorption rapide Sans parfums ajout\u00e9s N&rsquo;obstrue pas les pores V\u00e9g\u00e9talien et non test\u00e9 sur les animaux Recommand\u00e9 par les dermatologues Description Chez Cetaphil, nous avons sp\u00e9cifiquement mis au point cette Cr\u00e8me [&hellip;]<\/p>\n","protected":false},"featured_media":16386,"template":"","meta":{"om_disable_all_campaigns":false},"product_brand":[5993],"product_cat":[18,15],"product_tag":[],"class_list":{"0":"post-16395","1":"product","2":"type-product","3":"status-publish","4":"has-post-thumbnail","6":"product_brand-cetaphil-maroc-prix","7":"product_cat-beaute-sante","8":"product_cat-beaute-sante-complements-alimentaires-soins-et-bien-etre-au-meilleur-prix","10":"first","11":"instock","12":"sale","13":"taxable","14":"shipping-taxable","15":"purchasable","16":"product-type-variable"},"yoast_head":"<!-- This site is optimized with the Yoast SEO plugin v27.3 - https:\/\/yoast.com\/product\/yoast-seo-wordpress\/ -->\n<title>Cetaphil Cr\u00e8me Hydratante - Maroc Prix<\/title>\n<meta name=\"description\" content=\"Cetaphil Cr\u00e8me Hydratante\" \/>\n<meta name=\"robots\" content=\"index, follow, max-snippet:-1, max-image-preview:large, max-video-preview:-1\" \/>\n<link rel=\"canonical\" href=\"https:\/\/vitablanca.ma\/en\/product\/cetaphil-creme-hydratante\/\" \/>\n<meta property=\"og:locale\" content=\"en_US\" \/>\n<meta property=\"og:type\" content=\"article\" \/>\n<meta property=\"og:title\" content=\"Cetaphil Cr\u00e8me Hydratante - Maroc Prix\" \/>\n<meta property=\"og:description\" content=\"Cetaphil Cr\u00e8me Hydratante\" \/>\n<meta property=\"og:url\" content=\"https:\/\/vitablanca.ma\/en\/product\/cetaphil-creme-hydratante\/\" \/>\n<meta property=\"og:site_name\" content=\"Vitablanca.ma &ndash; Sant&eacute;, vitalit&eacute; et bien-&ecirc;tre pour tous les Marocains\" \/>\n<meta property=\"article:publisher\" content=\"https:\/\/www.facebook.com\/profile.php?id=61576678196717\" \/>\n<meta property=\"article:modified_time\" content=\"2026-01-21T19:31:36+00:00\" \/>\n<meta property=\"og:image\" content=\"https:\/\/vitablanca.ma\/wp-content\/uploads\/2025\/06\/Cetaphil-Creme-Hydratante-50g-nova-para-maroc.jpg\" \/>\n\t<meta property=\"og:image:width\" content=\"1000\" \/>\n\t<meta property=\"og:image:height\" content=\"1000\" \/>\n\t<meta property=\"og:image:type\" content=\"image\/jpeg\" \/>\n<meta name=\"twitter:card\" content=\"summary_large_image\" \/>\n<meta name=\"twitter:label1\" content=\"Est. reading time\" \/>\n\t<meta name=\"twitter:data1\" content=\"3 minutes\" \/>\n<script type=\"application\/ld+json\" class=\"yoast-schema-graph\">{\"@context\":\"https:\\\/\\\/schema.org\",\"@graph\":[{\"@type\":[\"WebPage\",\"ItemPage\"],\"@id\":\"https:\\\/\\\/vitablanca.ma\\\/produit\\\/cetaphil-creme-hydratante\\\/\",\"url\":\"https:\\\/\\\/vitablanca.ma\\\/produit\\\/cetaphil-creme-hydratante\\\/\",\"name\":\"Cetaphil Cr\u00e8me Hydratante - Maroc Prix\",\"isPartOf\":{\"@id\":\"https:\\\/\\\/vitablanca.ma\\\/#website\"},\"primaryImageOfPage\":{\"@id\":\"https:\\\/\\\/vitablanca.ma\\\/produit\\\/cetaphil-creme-hydratante\\\/#primaryimage\"},\"image\":{\"@id\":\"https:\\\/\\\/vitablanca.ma\\\/produit\\\/cetaphil-creme-hydratante\\\/#primaryimage\"},\"thumbnailUrl\":\"https:\\\/\\\/vitablanca.ma\\\/wp-content\\\/uploads\\\/2025\\\/06\\\/Cetaphil-Creme-Hydratante-50g-nova-para-maroc.jpg\",\"datePublished\":\"2025-06-10T16:42:20+00:00\",\"dateModified\":\"2026-01-21T19:31:36+00:00\",\"description\":\"Cetaphil Cr\u00e8me Hydratante\",\"breadcrumb\":{\"@id\":\"https:\\\/\\\/vitablanca.ma\\\/produit\\\/cetaphil-creme-hydratante\\\/#breadcrumb\"},\"inLanguage\":\"en-US\",\"potentialAction\":[{\"@type\":\"ReadAction\",\"target\":[\"https:\\\/\\\/vitablanca.ma\\\/produit\\\/cetaphil-creme-hydratante\\\/\"]}]},{\"@type\":\"ImageObject\",\"inLanguage\":\"en-US\",\"@id\":\"https:\\\/\\\/vitablanca.ma\\\/produit\\\/cetaphil-creme-hydratante\\\/#primaryimage\",\"url\":\"https:\\\/\\\/vitablanca.ma\\\/wp-content\\\/uploads\\\/2025\\\/06\\\/Cetaphil-Creme-Hydratante-50g-nova-para-maroc.jpg\",\"contentUrl\":\"https:\\\/\\\/vitablanca.ma\\\/wp-content\\\/uploads\\\/2025\\\/06\\\/Cetaphil-Creme-Hydratante-50g-nova-para-maroc.jpg\",\"width\":1000,\"height\":1000},{\"@type\":\"BreadcrumbList\",\"@id\":\"https:\\\/\\\/vitablanca.ma\\\/produit\\\/cetaphil-creme-hydratante\\\/#breadcrumb\",\"itemListElement\":[{\"@type\":\"ListItem\",\"position\":1,\"name\":\"Home\",\"item\":\"https:\\\/\\\/vitablanca.ma\\\/\"},{\"@type\":\"ListItem\",\"position\":2,\"name\":\"Tous Les Produits\",\"item\":\"https:\\\/\\\/vitablanca.ma\\\/tous-les-produits\\\/\"},{\"@type\":\"ListItem\",\"position\":3,\"name\":\"Cetaphil Cr\u00e8me Hydratante\"}]},{\"@type\":\"WebSite\",\"@id\":\"https:\\\/\\\/vitablanca.ma\\\/#website\",\"url\":\"https:\\\/\\\/vitablanca.ma\\\/\",\"name\":\"VitaBlanca.ma | Compl\u00e9ments alimentaires, sant\u00e9 & beaut\u00e9 au Maroc\",\"description\":\"vendre vitamines et compl\u00e9ments premium des USA &amp; Canada, Nouvelle Z\u00e9lande,Maroc (NOW Foods, Solgar, Manuka). Livraison rapide partout au Maroc.\",\"publisher\":{\"@id\":\"https:\\\/\\\/vitablanca.ma\\\/#organization\"},\"alternateName\":\"VitaBlanca.ma\",\"potentialAction\":[{\"@type\":\"SearchAction\",\"target\":{\"@type\":\"EntryPoint\",\"urlTemplate\":\"https:\\\/\\\/vitablanca.ma\\\/?s={search_term_string}\"},\"query-input\":{\"@type\":\"PropertyValueSpecification\",\"valueRequired\":true,\"valueName\":\"search_term_string\"}}],\"inLanguage\":\"en-US\"},{\"@type\":\"Organization\",\"@id\":\"https:\\\/\\\/vitablanca.ma\\\/#organization\",\"name\":\"VitaBlanca\",\"url\":\"https:\\\/\\\/vitablanca.ma\\\/\",\"logo\":{\"@type\":\"ImageObject\",\"inLanguage\":\"en-US\",\"@id\":\"https:\\\/\\\/vitablanca.ma\\\/#\\\/schema\\\/logo\\\/image\\\/\",\"url\":\"https:\\\/\\\/vitablanca.ma\\\/wp-content\\\/uploads\\\/2025\\\/05\\\/cropped-vitablanca.png\",\"contentUrl\":\"https:\\\/\\\/vitablanca.ma\\\/wp-content\\\/uploads\\\/2025\\\/05\\\/cropped-vitablanca.png\",\"width\":360,\"height\":67,\"caption\":\"VitaBlanca\"},\"image\":{\"@id\":\"https:\\\/\\\/vitablanca.ma\\\/#\\\/schema\\\/logo\\\/image\\\/\"},\"sameAs\":[\"https:\\\/\\\/www.facebook.com\\\/profile.php?id=61576678196717\",\"https:\\\/\\\/www.tiktok.com\\\/@vitablanca.ma\",\"https:\\\/\\\/www.instagram.com\\\/vitablanca.ma\\\/\"]}]}<\/script>\n<!-- \/ Yoast SEO plugin. -->","yoast_head_json":{"title":"Cetaphil Moisturizing Cream - Morocco Price","description":"Cetaphil Moisturizing Cream","robots":{"index":"index","follow":"follow","max-snippet":"max-snippet:-1","max-image-preview":"max-image-preview:large","max-video-preview":"max-video-preview:-1"},"canonical":"https:\/\/vitablanca.ma\/en\/product\/cetaphil-creme-hydratante\/","og_locale":"en_US","og_type":"article","og_title":"Cetaphil Cr\u00e8me Hydratante - Maroc Prix","og_description":"Cetaphil Cr\u00e8me Hydratante","og_url":"https:\/\/vitablanca.ma\/en\/product\/cetaphil-creme-hydratante\/","og_site_name":"Vitablanca.ma &ndash; Sant&eacute;, vitalit&eacute; et bien-&ecirc;tre pour tous les Marocains","article_publisher":"https:\/\/www.facebook.com\/profile.php?id=61576678196717","article_modified_time":"2026-01-21T19:31:36+00:00","og_image":[{"width":1000,"height":1000,"url":"https:\/\/vitablanca.ma\/wp-content\/uploads\/2025\/06\/Cetaphil-Creme-Hydratante-50g-nova-para-maroc.jpg","type":"image\/jpeg"}],"twitter_card":"summary_large_image","twitter_misc":{"Est. reading time":"3 minutes"},"schema":{"@context":"https:\/\/schema.org","@graph":[{"@type":["WebPage","ItemPage"],"@id":"https:\/\/vitablanca.ma\/produit\/cetaphil-creme-hydratante\/","url":"https:\/\/vitablanca.ma\/produit\/cetaphil-creme-hydratante\/","name":"Cetaphil Moisturizing Cream - Morocco Price","isPartOf":{"@id":"https:\/\/vitablanca.ma\/#website"},"primaryImageOfPage":{"@id":"https:\/\/vitablanca.ma\/produit\/cetaphil-creme-hydratante\/#primaryimage"},"image":{"@id":"https:\/\/vitablanca.ma\/produit\/cetaphil-creme-hydratante\/#primaryimage"},"thumbnailUrl":"https:\/\/vitablanca.ma\/wp-content\/uploads\/2025\/06\/Cetaphil-Creme-Hydratante-50g-nova-para-maroc.jpg","datePublished":"2025-06-10T16:42:20+00:00","dateModified":"2026-01-21T19:31:36+00:00","description":"Cetaphil Moisturizing Cream","breadcrumb":{"@id":"https:\/\/vitablanca.ma\/produit\/cetaphil-creme-hydratante\/#breadcrumb"},"inLanguage":"en-US","potentialAction":[{"@type":"ReadAction","target":["https:\/\/vitablanca.ma\/produit\/cetaphil-creme-hydratante\/"]}]},{"@type":"ImageObject","inLanguage":"en-US","@id":"https:\/\/vitablanca.ma\/produit\/cetaphil-creme-hydratante\/#primaryimage","url":"https:\/\/vitablanca.ma\/wp-content\/uploads\/2025\/06\/Cetaphil-Creme-Hydratante-50g-nova-para-maroc.jpg","contentUrl":"https:\/\/vitablanca.ma\/wp-content\/uploads\/2025\/06\/Cetaphil-Creme-Hydratante-50g-nova-para-maroc.jpg","width":1000,"height":1000},{"@type":"BreadcrumbList","@id":"https:\/\/vitablanca.ma\/produit\/cetaphil-creme-hydratante\/#breadcrumb","itemListElement":[{"@type":"ListItem","position":1,"name":"Home","item":"https:\/\/vitablanca.ma\/"},{"@type":"ListItem","position":2,"name":"Tous Les Produits","item":"https:\/\/vitablanca.ma\/tous-les-produits\/"},{"@type":"ListItem","position":3,"name":"Cetaphil Cr\u00e8me Hydratante"}]},{"@type":"WebSite","@id":"https:\/\/vitablanca.ma\/#website","url":"https:\/\/vitablanca.ma\/","name":"VitaBlanca.ma | Food supplements, health &amp; beauty in Morocco","description":"sell premium vitamins and supplements from USA &amp; Canada, New Zealand, Morocco (NOW Foods, Solgar, Manuka). Fast delivery anywhere in Morocco.","publisher":{"@id":"https:\/\/vitablanca.ma\/#organization"},"alternateName":"VitaBlanca.ma","potentialAction":[{"@type":"SearchAction","target":{"@type":"EntryPoint","urlTemplate":"https:\/\/vitablanca.ma\/?s={search_term_string}"},"query-input":{"@type":"PropertyValueSpecification","valueRequired":true,"valueName":"search_term_string"}}],"inLanguage":"en-US"},{"@type":"Organization","@id":"https:\/\/vitablanca.ma\/#organization","name":"VitaBlanca","url":"https:\/\/vitablanca.ma\/","logo":{"@type":"ImageObject","inLanguage":"en-US","@id":"https:\/\/vitablanca.ma\/#\/schema\/logo\/image\/","url":"https:\/\/vitablanca.ma\/wp-content\/uploads\/2025\/05\/cropped-vitablanca.png","contentUrl":"https:\/\/vitablanca.ma\/wp-content\/uploads\/2025\/05\/cropped-vitablanca.png","width":360,"height":67,"caption":"VitaBlanca"},"image":{"@id":"https:\/\/vitablanca.ma\/#\/schema\/logo\/image\/"},"sameAs":["https:\/\/www.facebook.com\/profile.php?id=61576678196717","https:\/\/www.tiktok.com\/@vitablanca.ma","https:\/\/www.instagram.com\/vitablanca.ma\/"]}]}},"jetpack_sharing_enabled":true,"_links":{"self":[{"href":"https:\/\/vitablanca.ma\/en\/wp-json\/wp\/v2\/product\/16395","targetHints":{"allow":["GET"]}}],"collection":[{"href":"https:\/\/vitablanca.ma\/en\/wp-json\/wp\/v2\/product"}],"about":[{"href":"https:\/\/vitablanca.ma\/en\/wp-json\/wp\/v2\/types\/product"}],"wp:featuredmedia":[{"embeddable":true,"href":"https:\/\/vitablanca.ma\/en\/wp-json\/wp\/v2\/media\/16386"}],"wp:attachment":[{"href":"https:\/\/vitablanca.ma\/en\/wp-json\/wp\/v2\/media?parent=16395"}],"wp:term":[{"taxonomy":"product_brand","embeddable":true,"href":"https:\/\/vitablanca.ma\/en\/wp-json\/wp\/v2\/product_brand?post=16395"},{"taxonomy":"product_cat","embeddable":true,"href":"https:\/\/vitablanca.ma\/en\/wp-json\/wp\/v2\/product_cat?post=16395"},{"taxonomy":"product_tag","embeddable":true,"href":"https:\/\/vitablanca.ma\/en\/wp-json\/wp\/v2\/product_tag?post=16395"}],"curies":[{"name":"wp","href":"https:\/\/api.w.org\/{rel}","templated":true}]}}