{"id":16385,"date":"2025-06-10T16:42:14","date_gmt":"2025-06-10T16:42:14","guid":{"rendered":"https:\/\/vitablanca.ma\/product\/codexial-enocare-gel-lavant-surgras-400ml\/"},"modified":"2025-09-16T17:56:41","modified_gmt":"2025-09-16T17:56:41","slug":"codexial-enocare-gel-lavant-surgras-400ml","status":"publish","type":"product","link":"https:\/\/vitablanca.ma\/en\/product\/codexial-enocare-gel-lavant-surgras-400ml\/","title":{"rendered":"CODEXIAL Enocare Surgras Cleansing Gel 400ml"},"content":{"rendered":"<h1>CODEXIAL Enocare Surgras Cleansing Gel 400ml<\/h1>\n<p><span>Endocare Surgras Cleansing Gel, in a 400 ml format, is a gentle cleanser designed for daily cleansing of the face and body. Its superfatting formula is enriched with moisturizing ingredients to gently cleanse without drying out the skin. This cleansing gel leaves the skin clean, soft, and comfortable, while preserving its natural hydrolipidic film.<\/span><\/p>\n<h3><strong>Directions for Use:<\/strong><\/h3>\n<section id=\"wrapper\">\n<div id=\"content-wrapper\">\n<div class=\"product-wrapper\">\n<div class=\"container\">\n<section class=\"product-tabs tabs\">\n<div class=\"row\">\n<div class=\"col-md-6 col-xs-12\">\n<div id=\"tab-content\" class=\"tab-content\">\n<div aria-expanded=\"true\" role=\"tabpanel\" id=\"advices\" class=\"tab-pane fade in active\">\n<div class=\"product-advices\">\n<p><span>Apply a small amount of gel to wet skin. Gently massage into a lather, then rinse thoroughly with warm water. Use daily as needed for clean, moisturized skin.<\/span><\/p>\n<h3><span><strong>Ingredients :<\/strong><\/span><\/h3>\n<p><span>Purified water, glycerin, cocamidopropyl betaine, sodium lauroyl sarcosinate, sweet almond oil.<\/span>\n<\/div>\n<div class=\"product-advices\">\n<span><\/span>\n<\/div>\n<div style=\"text-align: center\" class=\"product-advices\"><span>Discover Enocare Surgras Cleansing Gel, a product carefully selected to meet your specific needs, and enjoy an exceptional shopping experience on our site,\u00a0<strong>Vita Blanca Parapharmacie Maroc<\/strong><\/span><\/div>\n<\/div>\n<\/div>\n<\/div>\n<\/div>\n<\/section>\n<\/div>\n<\/div>\n<\/div>\n<\/section>","protected":false},"excerpt":{"rendered":"<p>CODEXIAL Enocare Gel Lavant Surgras 400ml Le Gel Lavant Surgras Endocare, en format de 400 ml, est un nettoyant doux con\u00e7u pour la toilette quotidienne du visage et du corps. Sa formule surgraissante est enrichie en ingr\u00e9dients hydratants pour nettoyer en douceur sans dess\u00e9cher la peau. Ce gel lavant laisse la peau propre, douce et [&hellip;]<\/p>\n","protected":false},"featured_media":16382,"template":"","meta":{"om_disable_all_campaigns":false},"product_brand":[],"product_cat":[15],"product_tag":[],"class_list":{"0":"post-16385","1":"product","2":"type-product","3":"status-publish","4":"has-post-thumbnail","6":"product_cat-beaute-sante-complements-alimentaires-soins-et-bien-etre-au-meilleur-prix","8":"first","9":"instock","10":"sale","11":"taxable","12":"shipping-taxable","13":"purchasable","14":"product-type-simple"},"yoast_head":"<!-- This site is optimized with the Yoast SEO plugin v27.3 - https:\/\/yoast.com\/product\/yoast-seo-wordpress\/ -->\n<title>CODEXIAL Enocare Gel Lavant Surgras 400ml - Maroc Prix<\/title>\n<meta name=\"description\" content=\"CODEXIAL Enocare Gel Lavant Surgras 400ml\" \/>\n<meta name=\"robots\" content=\"index, follow, max-snippet:-1, max-image-preview:large, max-video-preview:-1\" \/>\n<link rel=\"canonical\" href=\"https:\/\/vitablanca.ma\/en\/product\/codexial-enocare-gel-lavant-surgras-400ml\/\" \/>\n<meta property=\"og:locale\" content=\"en_US\" \/>\n<meta property=\"og:type\" content=\"article\" \/>\n<meta property=\"og:title\" content=\"CODEXIAL Enocare Gel Lavant Surgras 400ml - Maroc Prix\" \/>\n<meta property=\"og:description\" content=\"CODEXIAL Enocare Gel Lavant Surgras 400ml\" \/>\n<meta property=\"og:url\" content=\"https:\/\/vitablanca.ma\/en\/product\/codexial-enocare-gel-lavant-surgras-400ml\/\" \/>\n<meta property=\"og:site_name\" content=\"Vitablanca.ma &ndash; Sant&eacute;, vitalit&eacute; et bien-&ecirc;tre pour tous les Marocains\" \/>\n<meta property=\"article:publisher\" content=\"https:\/\/www.facebook.com\/profile.php?id=61576678196717\" \/>\n<meta property=\"article:modified_time\" content=\"2025-09-16T17:56:41+00:00\" \/>\n<meta property=\"og:image\" content=\"https:\/\/vitablanca.ma\/wp-content\/uploads\/2025\/06\/xenocare-gel-lavant-surgras.jpg.pagespeed.ic_.tytKFtMU99.jpg\" \/>\n\t<meta property=\"og:image:width\" content=\"2000\" \/>\n\t<meta property=\"og:image:height\" content=\"2000\" \/>\n\t<meta property=\"og:image:type\" content=\"image\/jpeg\" \/>\n<meta name=\"twitter:card\" content=\"summary_large_image\" \/>\n<meta name=\"twitter:label1\" content=\"Est. reading time\" \/>\n\t<meta name=\"twitter:data1\" content=\"1 minute\" \/>\n<script type=\"application\/ld+json\" class=\"yoast-schema-graph\">{\"@context\":\"https:\\\/\\\/schema.org\",\"@graph\":[{\"@type\":[\"WebPage\",\"ItemPage\"],\"@id\":\"https:\\\/\\\/vitablanca.ma\\\/produit\\\/codexial-enocare-gel-lavant-surgras-400ml\\\/\",\"url\":\"https:\\\/\\\/vitablanca.ma\\\/produit\\\/codexial-enocare-gel-lavant-surgras-400ml\\\/\",\"name\":\"CODEXIAL Enocare Gel Lavant Surgras 400ml - Maroc Prix\",\"isPartOf\":{\"@id\":\"https:\\\/\\\/vitablanca.ma\\\/#website\"},\"primaryImageOfPage\":{\"@id\":\"https:\\\/\\\/vitablanca.ma\\\/produit\\\/codexial-enocare-gel-lavant-surgras-400ml\\\/#primaryimage\"},\"image\":{\"@id\":\"https:\\\/\\\/vitablanca.ma\\\/produit\\\/codexial-enocare-gel-lavant-surgras-400ml\\\/#primaryimage\"},\"thumbnailUrl\":\"https:\\\/\\\/vitablanca.ma\\\/wp-content\\\/uploads\\\/2025\\\/06\\\/xenocare-gel-lavant-surgras.jpg.pagespeed.ic_.tytKFtMU99.jpg\",\"datePublished\":\"2025-06-10T16:42:14+00:00\",\"dateModified\":\"2025-09-16T17:56:41+00:00\",\"description\":\"CODEXIAL Enocare Gel Lavant Surgras 400ml\",\"breadcrumb\":{\"@id\":\"https:\\\/\\\/vitablanca.ma\\\/produit\\\/codexial-enocare-gel-lavant-surgras-400ml\\\/#breadcrumb\"},\"inLanguage\":\"en-US\",\"potentialAction\":[{\"@type\":\"ReadAction\",\"target\":[\"https:\\\/\\\/vitablanca.ma\\\/produit\\\/codexial-enocare-gel-lavant-surgras-400ml\\\/\"]}]},{\"@type\":\"ImageObject\",\"inLanguage\":\"en-US\",\"@id\":\"https:\\\/\\\/vitablanca.ma\\\/produit\\\/codexial-enocare-gel-lavant-surgras-400ml\\\/#primaryimage\",\"url\":\"https:\\\/\\\/vitablanca.ma\\\/wp-content\\\/uploads\\\/2025\\\/06\\\/xenocare-gel-lavant-surgras.jpg.pagespeed.ic_.tytKFtMU99.jpg\",\"contentUrl\":\"https:\\\/\\\/vitablanca.ma\\\/wp-content\\\/uploads\\\/2025\\\/06\\\/xenocare-gel-lavant-surgras.jpg.pagespeed.ic_.tytKFtMU99.jpg\",\"width\":2000,\"height\":2000},{\"@type\":\"BreadcrumbList\",\"@id\":\"https:\\\/\\\/vitablanca.ma\\\/produit\\\/codexial-enocare-gel-lavant-surgras-400ml\\\/#breadcrumb\",\"itemListElement\":[{\"@type\":\"ListItem\",\"position\":1,\"name\":\"Home\",\"item\":\"https:\\\/\\\/vitablanca.ma\\\/\"},{\"@type\":\"ListItem\",\"position\":2,\"name\":\"Tous Les Produits\",\"item\":\"https:\\\/\\\/vitablanca.ma\\\/tous-les-produits\\\/\"},{\"@type\":\"ListItem\",\"position\":3,\"name\":\"CODEXIAL Enocare Gel Lavant Surgras 400ml\"}]},{\"@type\":\"WebSite\",\"@id\":\"https:\\\/\\\/vitablanca.ma\\\/#website\",\"url\":\"https:\\\/\\\/vitablanca.ma\\\/\",\"name\":\"VitaBlanca.ma | Compl\u00e9ments alimentaires, sant\u00e9 & beaut\u00e9 au Maroc\",\"description\":\"vendre vitamines et compl\u00e9ments premium des USA &amp; Canada, Nouvelle Z\u00e9lande,Maroc (NOW Foods, Solgar, Manuka). Livraison rapide partout au Maroc.\",\"publisher\":{\"@id\":\"https:\\\/\\\/vitablanca.ma\\\/#organization\"},\"alternateName\":\"VitaBlanca.ma\",\"potentialAction\":[{\"@type\":\"SearchAction\",\"target\":{\"@type\":\"EntryPoint\",\"urlTemplate\":\"https:\\\/\\\/vitablanca.ma\\\/?s={search_term_string}\"},\"query-input\":{\"@type\":\"PropertyValueSpecification\",\"valueRequired\":true,\"valueName\":\"search_term_string\"}}],\"inLanguage\":\"en-US\"},{\"@type\":\"Organization\",\"@id\":\"https:\\\/\\\/vitablanca.ma\\\/#organization\",\"name\":\"VitaBlanca\",\"url\":\"https:\\\/\\\/vitablanca.ma\\\/\",\"logo\":{\"@type\":\"ImageObject\",\"inLanguage\":\"en-US\",\"@id\":\"https:\\\/\\\/vitablanca.ma\\\/#\\\/schema\\\/logo\\\/image\\\/\",\"url\":\"https:\\\/\\\/vitablanca.ma\\\/wp-content\\\/uploads\\\/2025\\\/05\\\/cropped-vitablanca.png\",\"contentUrl\":\"https:\\\/\\\/vitablanca.ma\\\/wp-content\\\/uploads\\\/2025\\\/05\\\/cropped-vitablanca.png\",\"width\":360,\"height\":67,\"caption\":\"VitaBlanca\"},\"image\":{\"@id\":\"https:\\\/\\\/vitablanca.ma\\\/#\\\/schema\\\/logo\\\/image\\\/\"},\"sameAs\":[\"https:\\\/\\\/www.facebook.com\\\/profile.php?id=61576678196717\",\"https:\\\/\\\/www.tiktok.com\\\/@vitablanca.ma\",\"https:\\\/\\\/www.instagram.com\\\/vitablanca.ma\\\/\"]}]}<\/script>\n<!-- \/ Yoast SEO plugin. -->","yoast_head_json":{"title":"CODEXIAL Enocare Surgras Cleansing Gel 400ml - Morocco Price","description":"CODEXIAL Enocare Surgras Cleansing Gel 400ml","robots":{"index":"index","follow":"follow","max-snippet":"max-snippet:-1","max-image-preview":"max-image-preview:large","max-video-preview":"max-video-preview:-1"},"canonical":"https:\/\/vitablanca.ma\/en\/product\/codexial-enocare-gel-lavant-surgras-400ml\/","og_locale":"en_US","og_type":"article","og_title":"CODEXIAL Enocare Gel Lavant Surgras 400ml - Maroc Prix","og_description":"CODEXIAL Enocare Gel Lavant Surgras 400ml","og_url":"https:\/\/vitablanca.ma\/en\/product\/codexial-enocare-gel-lavant-surgras-400ml\/","og_site_name":"Vitablanca.ma &ndash; Sant&eacute;, vitalit&eacute; et bien-&ecirc;tre pour tous les Marocains","article_publisher":"https:\/\/www.facebook.com\/profile.php?id=61576678196717","article_modified_time":"2025-09-16T17:56:41+00:00","og_image":[{"width":2000,"height":2000,"url":"https:\/\/vitablanca.ma\/wp-content\/uploads\/2025\/06\/xenocare-gel-lavant-surgras.jpg.pagespeed.ic_.tytKFtMU99.jpg","type":"image\/jpeg"}],"twitter_card":"summary_large_image","twitter_misc":{"Est. reading time":"1 minute"},"schema":{"@context":"https:\/\/schema.org","@graph":[{"@type":["WebPage","ItemPage"],"@id":"https:\/\/vitablanca.ma\/produit\/codexial-enocare-gel-lavant-surgras-400ml\/","url":"https:\/\/vitablanca.ma\/produit\/codexial-enocare-gel-lavant-surgras-400ml\/","name":"CODEXIAL Enocare Surgras Cleansing Gel 400ml - Morocco Price","isPartOf":{"@id":"https:\/\/vitablanca.ma\/#website"},"primaryImageOfPage":{"@id":"https:\/\/vitablanca.ma\/produit\/codexial-enocare-gel-lavant-surgras-400ml\/#primaryimage"},"image":{"@id":"https:\/\/vitablanca.ma\/produit\/codexial-enocare-gel-lavant-surgras-400ml\/#primaryimage"},"thumbnailUrl":"https:\/\/vitablanca.ma\/wp-content\/uploads\/2025\/06\/xenocare-gel-lavant-surgras.jpg.pagespeed.ic_.tytKFtMU99.jpg","datePublished":"2025-06-10T16:42:14+00:00","dateModified":"2025-09-16T17:56:41+00:00","description":"CODEXIAL Enocare Surgras Cleansing Gel 400ml","breadcrumb":{"@id":"https:\/\/vitablanca.ma\/produit\/codexial-enocare-gel-lavant-surgras-400ml\/#breadcrumb"},"inLanguage":"en-US","potentialAction":[{"@type":"ReadAction","target":["https:\/\/vitablanca.ma\/produit\/codexial-enocare-gel-lavant-surgras-400ml\/"]}]},{"@type":"ImageObject","inLanguage":"en-US","@id":"https:\/\/vitablanca.ma\/produit\/codexial-enocare-gel-lavant-surgras-400ml\/#primaryimage","url":"https:\/\/vitablanca.ma\/wp-content\/uploads\/2025\/06\/xenocare-gel-lavant-surgras.jpg.pagespeed.ic_.tytKFtMU99.jpg","contentUrl":"https:\/\/vitablanca.ma\/wp-content\/uploads\/2025\/06\/xenocare-gel-lavant-surgras.jpg.pagespeed.ic_.tytKFtMU99.jpg","width":2000,"height":2000},{"@type":"BreadcrumbList","@id":"https:\/\/vitablanca.ma\/produit\/codexial-enocare-gel-lavant-surgras-400ml\/#breadcrumb","itemListElement":[{"@type":"ListItem","position":1,"name":"Home","item":"https:\/\/vitablanca.ma\/"},{"@type":"ListItem","position":2,"name":"Tous Les Produits","item":"https:\/\/vitablanca.ma\/tous-les-produits\/"},{"@type":"ListItem","position":3,"name":"CODEXIAL Enocare Gel Lavant Surgras 400ml"}]},{"@type":"WebSite","@id":"https:\/\/vitablanca.ma\/#website","url":"https:\/\/vitablanca.ma\/","name":"VitaBlanca.ma | Food supplements, health &amp; beauty in Morocco","description":"sell premium vitamins and supplements from USA &amp; Canada, New Zealand, Morocco (NOW Foods, Solgar, Manuka). Fast delivery anywhere in Morocco.","publisher":{"@id":"https:\/\/vitablanca.ma\/#organization"},"alternateName":"VitaBlanca.ma","potentialAction":[{"@type":"SearchAction","target":{"@type":"EntryPoint","urlTemplate":"https:\/\/vitablanca.ma\/?s={search_term_string}"},"query-input":{"@type":"PropertyValueSpecification","valueRequired":true,"valueName":"search_term_string"}}],"inLanguage":"en-US"},{"@type":"Organization","@id":"https:\/\/vitablanca.ma\/#organization","name":"VitaBlanca","url":"https:\/\/vitablanca.ma\/","logo":{"@type":"ImageObject","inLanguage":"en-US","@id":"https:\/\/vitablanca.ma\/#\/schema\/logo\/image\/","url":"https:\/\/vitablanca.ma\/wp-content\/uploads\/2025\/05\/cropped-vitablanca.png","contentUrl":"https:\/\/vitablanca.ma\/wp-content\/uploads\/2025\/05\/cropped-vitablanca.png","width":360,"height":67,"caption":"VitaBlanca"},"image":{"@id":"https:\/\/vitablanca.ma\/#\/schema\/logo\/image\/"},"sameAs":["https:\/\/www.facebook.com\/profile.php?id=61576678196717","https:\/\/www.tiktok.com\/@vitablanca.ma","https:\/\/www.instagram.com\/vitablanca.ma\/"]}]}},"jetpack_sharing_enabled":true,"_links":{"self":[{"href":"https:\/\/vitablanca.ma\/en\/wp-json\/wp\/v2\/product\/16385","targetHints":{"allow":["GET"]}}],"collection":[{"href":"https:\/\/vitablanca.ma\/en\/wp-json\/wp\/v2\/product"}],"about":[{"href":"https:\/\/vitablanca.ma\/en\/wp-json\/wp\/v2\/types\/product"}],"wp:featuredmedia":[{"embeddable":true,"href":"https:\/\/vitablanca.ma\/en\/wp-json\/wp\/v2\/media\/16382"}],"wp:attachment":[{"href":"https:\/\/vitablanca.ma\/en\/wp-json\/wp\/v2\/media?parent=16385"}],"wp:term":[{"taxonomy":"product_brand","embeddable":true,"href":"https:\/\/vitablanca.ma\/en\/wp-json\/wp\/v2\/product_brand?post=16385"},{"taxonomy":"product_cat","embeddable":true,"href":"https:\/\/vitablanca.ma\/en\/wp-json\/wp\/v2\/product_cat?post=16385"},{"taxonomy":"product_tag","embeddable":true,"href":"https:\/\/vitablanca.ma\/en\/wp-json\/wp\/v2\/product_tag?post=16385"}],"curies":[{"name":"wp","href":"https:\/\/api.w.org\/{rel}","templated":true}]}}