{"id":16373,"date":"2025-06-10T16:42:01","date_gmt":"2025-06-10T16:42:01","guid":{"rendered":"https:\/\/vitablanca.ma\/product\/codexial-enoliss-perfect-skin-regul-30ml\/"},"modified":"2025-09-16T17:56:40","modified_gmt":"2025-09-16T17:56:40","slug":"codexial-enoliss-perfect-skin-regul-30ml","status":"publish","type":"product","link":"https:\/\/vitablanca.ma\/en\/product\/codexial-enoliss-perfect-skin-regul-30ml\/","title":{"rendered":"Codexial Enoliss Perfect Skin Regul 30ml"},"content":{"rendered":"<h2><span>Enoliss Perfect Skin Regul ideal for<span>\u00a0<\/span><strong>hydrate, purify and reduce skin imperfections<\/strong><span>\u00a0<\/span><\/span><\/h2>\n<p>Developed<span>\u00a0<\/span><strong>tailor-made for sensitive and intolerant skin<\/strong><span>\u00a0<\/span>with AHAs, the Perfect Skin Regul gentle exfoliating emulsion is ideal for<span>\u00a0<\/span><strong>hydrate, purify and reduce skin imperfections<\/strong><span>\u00a0<\/span>and bring a<span>\u00a0<\/span><strong>mattifying effect<\/strong>. Renewed, the skin is<span>\u00a0<\/span><strong>purified and luminous<\/strong>.\u00a0<\/p>\n<p><strong>How to moisturize your skin while effectively reducing imperfections?\u00a0<\/strong><\/p>\n<p>The formula of Perfect Skin Regul is composed of<span>\u00a0<\/span><strong>gluconolactone and lactobionic acid<\/strong><span>\u00a0<\/span>(PHA). Of natural origin, these gentle exfoliants<span>\u00a0<\/span><strong>refine skin texture and free clogged pores<\/strong>. THE<span>\u00a0<\/span><strong>zinc gluconate<\/strong>, with purifying properties,<span>\u00a0<\/span><strong>soothes redness and reduces shiny areas of the complexion<\/strong>. Enriched with post-biotic and Lactobacillus ferment, this treatment<span>\u00a0<\/span><strong>preserves the skin&#039;s natural balance and strengthens the skin barrier.<\/strong><\/p>\n<p>Its light texture makes it a pleasant treatment to apply.<span>\u00a0<\/span><strong>daily<\/strong>. The gentle exfoliating emulsion Perfect Skin Regul can be used<span>\u00a0<\/span><strong>alone or just after our Perfect Skin Peel 5 AHA lotion<\/strong>It is an excellent makeup base.<\/p>\n<p><strong>Want a personalized routine?<\/strong><\/p>\n<p>Create your<strong><span>\u00a0<\/span>tailor-made routine<\/strong><span>\u00a0<\/span>: the emulsion<span>\u00a0<\/span><strong>Perfect Skin Regul<\/strong><span>\u00a0<\/span>is a treatment that can be used all year round but can also be used in addition to our micro-peelings<span>\u00a0<\/span><strong>Enoliss Perfect Skin 10, 15 or 20 AHA<\/strong><span>\u00a0<\/span>which are recommended in the evening and require the application of sun protection in case of exposure. Alternate our routine<span>\u00a0<\/span><strong>Perfect Skin Regul<\/strong><span>\u00a0<\/span>in the morning and one of our micro-peelings in the evening.\u00a0<\/p>\n<p>And if you are looking for a<span>\u00a0<\/span><strong>hydration boost<\/strong>, add a few drops of oil according to your skin&#039;s needs<span>\u00a0<\/span><strong>Perfect Skin Oil<\/strong><span>\u00a0<\/span>to your Perfect Skin Regul by mixing in the palm of your hand.<span>\u00a0<\/span><strong>Tailor our treatments to your skin<\/strong>.<\/p>\n<h3>Directions for use<\/h3>\n<p>Apply morning and\/or evening to the face, neck, and d\u00e9collet\u00e9 on cleansed and perfectly dry skin. You can use it alone or immediately after a fruit acid toner such as Perfect Skin Peel 5 AHA.<\/p>\n<p><strong>Can be used all year round.<\/strong><\/p>\n<p>Avoid the eye area.<\/p>\n<p>Light texture allowing makeup.<\/p>\n<h3 class=\"p1\"><span class=\"s1\"><span>Ingredients<\/span><\/span><\/h3>\n<p>AQUA, GLYCERIN, COCO-GLUCOSIDE, CAPRYLYL\/CAPRYL GLUCOSIDE, CENTAUREA CYANUS FLOWER WATER, PARFUM, BENZYL ALCOHOL, CITRIC ACID, ETHYLHEXYLGLYCERIN, SODIUM GLUCONATE, CAMELLIA SINENSIS LEAF EXTRACT, DEHYDROACETIC ACID, SODIUM BENZOATE, POTASSIUM SORBATE.<\/p>\n<p style=\"text-align: center\">Discover Enoliss Perfect Skin Regul, a product carefully selected to meet your specific needs, and enjoy an exceptional shopping experience on our site,\u00a0<strong>Vita Blanca Parapharmacie Maroc<\/strong><\/p>","protected":false},"excerpt":{"rendered":"<p>Enoliss Perfect Skin Regul id\u00e9ale pour\u00a0hydrater, purifier et r\u00e9duire les imperfections cutan\u00e9es\u00a0 D\u00e9velopp\u00e9e\u00a0sur-mesure pour les peaux sensibles et intol\u00e9rantes\u00a0aux AHA, l&rsquo;\u00e9mulsion exfoliatrice douce Perfect Skin Regul est id\u00e9ale pour\u00a0hydrater, purifier et r\u00e9duire les imperfections cutan\u00e9es\u00a0et apporter un\u00a0effet matifiant. Renouvel\u00e9e, la peau est\u00a0purifi\u00e9e et lumineuse.\u00a0 Comment hydrater sa peau tout en att\u00e9nuant efficacement ses imperfections ?\u00a0 [&hellip;]<\/p>\n","protected":false},"featured_media":16367,"template":"","meta":{"om_disable_all_campaigns":false},"product_brand":[],"product_cat":[15],"product_tag":[],"class_list":{"0":"post-16373","1":"product","2":"type-product","3":"status-publish","4":"has-post-thumbnail","6":"product_cat-beaute-sante-complements-alimentaires-soins-et-bien-etre-au-meilleur-prix","8":"first","9":"instock","10":"sale","11":"taxable","12":"shipping-taxable","13":"purchasable","14":"product-type-simple"},"yoast_head":"<!-- This site is optimized with the Yoast SEO plugin v27.3 - https:\/\/yoast.com\/product\/yoast-seo-wordpress\/ -->\n<title>Codexial Enoliss Perfect Skin Regul 30ml - Maroc Prix<\/title>\n<meta name=\"description\" content=\"Codexial Enoliss Perfect Skin Regul 30ml\" \/>\n<meta name=\"robots\" content=\"index, follow, max-snippet:-1, max-image-preview:large, max-video-preview:-1\" \/>\n<link rel=\"canonical\" href=\"https:\/\/vitablanca.ma\/en\/product\/codexial-enoliss-perfect-skin-regul-30ml\/\" \/>\n<meta property=\"og:locale\" content=\"en_US\" \/>\n<meta property=\"og:type\" content=\"article\" \/>\n<meta property=\"og:title\" content=\"Codexial Enoliss Perfect Skin Regul 30ml - Maroc Prix\" \/>\n<meta property=\"og:description\" content=\"Codexial Enoliss Perfect Skin Regul 30ml\" \/>\n<meta property=\"og:url\" content=\"https:\/\/vitablanca.ma\/en\/product\/codexial-enoliss-perfect-skin-regul-30ml\/\" \/>\n<meta property=\"og:site_name\" content=\"Vitablanca.ma &ndash; Sant&eacute;, vitalit&eacute; et bien-&ecirc;tre pour tous les Marocains\" \/>\n<meta property=\"article:publisher\" content=\"https:\/\/www.facebook.com\/profile.php?id=61576678196717\" \/>\n<meta property=\"article:modified_time\" content=\"2025-09-16T17:56:40+00:00\" \/>\n<meta property=\"og:image\" content=\"https:\/\/vitablanca.ma\/wp-content\/uploads\/2025\/06\/Enoliss-Perfect-Skin-Regul-30ml-Nova-para-Maroc.jpg\" \/>\n\t<meta property=\"og:image:width\" content=\"1000\" \/>\n\t<meta property=\"og:image:height\" content=\"1000\" \/>\n\t<meta property=\"og:image:type\" content=\"image\/jpeg\" \/>\n<meta name=\"twitter:card\" content=\"summary_large_image\" \/>\n<meta name=\"twitter:label1\" content=\"Est. reading time\" \/>\n\t<meta name=\"twitter:data1\" content=\"2 minutes\" \/>\n<script type=\"application\/ld+json\" class=\"yoast-schema-graph\">{\"@context\":\"https:\\\/\\\/schema.org\",\"@graph\":[{\"@type\":[\"WebPage\",\"ItemPage\"],\"@id\":\"https:\\\/\\\/vitablanca.ma\\\/produit\\\/codexial-enoliss-perfect-skin-regul-30ml\\\/\",\"url\":\"https:\\\/\\\/vitablanca.ma\\\/produit\\\/codexial-enoliss-perfect-skin-regul-30ml\\\/\",\"name\":\"Codexial Enoliss Perfect Skin Regul 30ml - Maroc Prix\",\"isPartOf\":{\"@id\":\"https:\\\/\\\/vitablanca.ma\\\/#website\"},\"primaryImageOfPage\":{\"@id\":\"https:\\\/\\\/vitablanca.ma\\\/produit\\\/codexial-enoliss-perfect-skin-regul-30ml\\\/#primaryimage\"},\"image\":{\"@id\":\"https:\\\/\\\/vitablanca.ma\\\/produit\\\/codexial-enoliss-perfect-skin-regul-30ml\\\/#primaryimage\"},\"thumbnailUrl\":\"https:\\\/\\\/vitablanca.ma\\\/wp-content\\\/uploads\\\/2025\\\/06\\\/Enoliss-Perfect-Skin-Regul-30ml-Nova-para-Maroc.jpg\",\"datePublished\":\"2025-06-10T16:42:01+00:00\",\"dateModified\":\"2025-09-16T17:56:40+00:00\",\"description\":\"Codexial Enoliss Perfect Skin Regul 30ml\",\"breadcrumb\":{\"@id\":\"https:\\\/\\\/vitablanca.ma\\\/produit\\\/codexial-enoliss-perfect-skin-regul-30ml\\\/#breadcrumb\"},\"inLanguage\":\"en-US\",\"potentialAction\":[{\"@type\":\"ReadAction\",\"target\":[\"https:\\\/\\\/vitablanca.ma\\\/produit\\\/codexial-enoliss-perfect-skin-regul-30ml\\\/\"]}]},{\"@type\":\"ImageObject\",\"inLanguage\":\"en-US\",\"@id\":\"https:\\\/\\\/vitablanca.ma\\\/produit\\\/codexial-enoliss-perfect-skin-regul-30ml\\\/#primaryimage\",\"url\":\"https:\\\/\\\/vitablanca.ma\\\/wp-content\\\/uploads\\\/2025\\\/06\\\/Enoliss-Perfect-Skin-Regul-30ml-Nova-para-Maroc.jpg\",\"contentUrl\":\"https:\\\/\\\/vitablanca.ma\\\/wp-content\\\/uploads\\\/2025\\\/06\\\/Enoliss-Perfect-Skin-Regul-30ml-Nova-para-Maroc.jpg\",\"width\":1000,\"height\":1000},{\"@type\":\"BreadcrumbList\",\"@id\":\"https:\\\/\\\/vitablanca.ma\\\/produit\\\/codexial-enoliss-perfect-skin-regul-30ml\\\/#breadcrumb\",\"itemListElement\":[{\"@type\":\"ListItem\",\"position\":1,\"name\":\"Home\",\"item\":\"https:\\\/\\\/vitablanca.ma\\\/\"},{\"@type\":\"ListItem\",\"position\":2,\"name\":\"Tous Les Produits\",\"item\":\"https:\\\/\\\/vitablanca.ma\\\/tous-les-produits\\\/\"},{\"@type\":\"ListItem\",\"position\":3,\"name\":\"Codexial Enoliss Perfect Skin Regul 30ml\"}]},{\"@type\":\"WebSite\",\"@id\":\"https:\\\/\\\/vitablanca.ma\\\/#website\",\"url\":\"https:\\\/\\\/vitablanca.ma\\\/\",\"name\":\"VitaBlanca.ma | Compl\u00e9ments alimentaires, sant\u00e9 & beaut\u00e9 au Maroc\",\"description\":\"vendre vitamines et compl\u00e9ments premium des USA &amp; Canada, Nouvelle Z\u00e9lande,Maroc (NOW Foods, Solgar, Manuka). Livraison rapide partout au Maroc.\",\"publisher\":{\"@id\":\"https:\\\/\\\/vitablanca.ma\\\/#organization\"},\"alternateName\":\"VitaBlanca.ma\",\"potentialAction\":[{\"@type\":\"SearchAction\",\"target\":{\"@type\":\"EntryPoint\",\"urlTemplate\":\"https:\\\/\\\/vitablanca.ma\\\/?s={search_term_string}\"},\"query-input\":{\"@type\":\"PropertyValueSpecification\",\"valueRequired\":true,\"valueName\":\"search_term_string\"}}],\"inLanguage\":\"en-US\"},{\"@type\":\"Organization\",\"@id\":\"https:\\\/\\\/vitablanca.ma\\\/#organization\",\"name\":\"VitaBlanca\",\"url\":\"https:\\\/\\\/vitablanca.ma\\\/\",\"logo\":{\"@type\":\"ImageObject\",\"inLanguage\":\"en-US\",\"@id\":\"https:\\\/\\\/vitablanca.ma\\\/#\\\/schema\\\/logo\\\/image\\\/\",\"url\":\"https:\\\/\\\/vitablanca.ma\\\/wp-content\\\/uploads\\\/2025\\\/05\\\/cropped-vitablanca.png\",\"contentUrl\":\"https:\\\/\\\/vitablanca.ma\\\/wp-content\\\/uploads\\\/2025\\\/05\\\/cropped-vitablanca.png\",\"width\":360,\"height\":67,\"caption\":\"VitaBlanca\"},\"image\":{\"@id\":\"https:\\\/\\\/vitablanca.ma\\\/#\\\/schema\\\/logo\\\/image\\\/\"},\"sameAs\":[\"https:\\\/\\\/www.facebook.com\\\/profile.php?id=61576678196717\",\"https:\\\/\\\/www.tiktok.com\\\/@vitablanca.ma\",\"https:\\\/\\\/www.instagram.com\\\/vitablanca.ma\\\/\"]}]}<\/script>\n<!-- \/ Yoast SEO plugin. -->","yoast_head_json":{"title":"Codexial Enoliss Perfect Skin Regul 30ml - Morocco Price","description":"Codexial Enoliss Perfect Skin Regul 30ml","robots":{"index":"index","follow":"follow","max-snippet":"max-snippet:-1","max-image-preview":"max-image-preview:large","max-video-preview":"max-video-preview:-1"},"canonical":"https:\/\/vitablanca.ma\/en\/product\/codexial-enoliss-perfect-skin-regul-30ml\/","og_locale":"en_US","og_type":"article","og_title":"Codexial Enoliss Perfect Skin Regul 30ml - Maroc Prix","og_description":"Codexial Enoliss Perfect Skin Regul 30ml","og_url":"https:\/\/vitablanca.ma\/en\/product\/codexial-enoliss-perfect-skin-regul-30ml\/","og_site_name":"Vitablanca.ma &ndash; Sant&eacute;, vitalit&eacute; et bien-&ecirc;tre pour tous les Marocains","article_publisher":"https:\/\/www.facebook.com\/profile.php?id=61576678196717","article_modified_time":"2025-09-16T17:56:40+00:00","og_image":[{"width":1000,"height":1000,"url":"https:\/\/vitablanca.ma\/wp-content\/uploads\/2025\/06\/Enoliss-Perfect-Skin-Regul-30ml-Nova-para-Maroc.jpg","type":"image\/jpeg"}],"twitter_card":"summary_large_image","twitter_misc":{"Est. reading time":"2 minutes"},"schema":{"@context":"https:\/\/schema.org","@graph":[{"@type":["WebPage","ItemPage"],"@id":"https:\/\/vitablanca.ma\/produit\/codexial-enoliss-perfect-skin-regul-30ml\/","url":"https:\/\/vitablanca.ma\/produit\/codexial-enoliss-perfect-skin-regul-30ml\/","name":"Codexial Enoliss Perfect Skin Regul 30ml - Morocco Price","isPartOf":{"@id":"https:\/\/vitablanca.ma\/#website"},"primaryImageOfPage":{"@id":"https:\/\/vitablanca.ma\/produit\/codexial-enoliss-perfect-skin-regul-30ml\/#primaryimage"},"image":{"@id":"https:\/\/vitablanca.ma\/produit\/codexial-enoliss-perfect-skin-regul-30ml\/#primaryimage"},"thumbnailUrl":"https:\/\/vitablanca.ma\/wp-content\/uploads\/2025\/06\/Enoliss-Perfect-Skin-Regul-30ml-Nova-para-Maroc.jpg","datePublished":"2025-06-10T16:42:01+00:00","dateModified":"2025-09-16T17:56:40+00:00","description":"Codexial Enoliss Perfect Skin Regul 30ml","breadcrumb":{"@id":"https:\/\/vitablanca.ma\/produit\/codexial-enoliss-perfect-skin-regul-30ml\/#breadcrumb"},"inLanguage":"en-US","potentialAction":[{"@type":"ReadAction","target":["https:\/\/vitablanca.ma\/produit\/codexial-enoliss-perfect-skin-regul-30ml\/"]}]},{"@type":"ImageObject","inLanguage":"en-US","@id":"https:\/\/vitablanca.ma\/produit\/codexial-enoliss-perfect-skin-regul-30ml\/#primaryimage","url":"https:\/\/vitablanca.ma\/wp-content\/uploads\/2025\/06\/Enoliss-Perfect-Skin-Regul-30ml-Nova-para-Maroc.jpg","contentUrl":"https:\/\/vitablanca.ma\/wp-content\/uploads\/2025\/06\/Enoliss-Perfect-Skin-Regul-30ml-Nova-para-Maroc.jpg","width":1000,"height":1000},{"@type":"BreadcrumbList","@id":"https:\/\/vitablanca.ma\/produit\/codexial-enoliss-perfect-skin-regul-30ml\/#breadcrumb","itemListElement":[{"@type":"ListItem","position":1,"name":"Home","item":"https:\/\/vitablanca.ma\/"},{"@type":"ListItem","position":2,"name":"Tous Les Produits","item":"https:\/\/vitablanca.ma\/tous-les-produits\/"},{"@type":"ListItem","position":3,"name":"Codexial Enoliss Perfect Skin Regul 30ml"}]},{"@type":"WebSite","@id":"https:\/\/vitablanca.ma\/#website","url":"https:\/\/vitablanca.ma\/","name":"VitaBlanca.ma | Food supplements, health &amp; beauty in Morocco","description":"sell premium vitamins and supplements from USA &amp; Canada, New Zealand, Morocco (NOW Foods, Solgar, Manuka). Fast delivery anywhere in Morocco.","publisher":{"@id":"https:\/\/vitablanca.ma\/#organization"},"alternateName":"VitaBlanca.ma","potentialAction":[{"@type":"SearchAction","target":{"@type":"EntryPoint","urlTemplate":"https:\/\/vitablanca.ma\/?s={search_term_string}"},"query-input":{"@type":"PropertyValueSpecification","valueRequired":true,"valueName":"search_term_string"}}],"inLanguage":"en-US"},{"@type":"Organization","@id":"https:\/\/vitablanca.ma\/#organization","name":"VitaBlanca","url":"https:\/\/vitablanca.ma\/","logo":{"@type":"ImageObject","inLanguage":"en-US","@id":"https:\/\/vitablanca.ma\/#\/schema\/logo\/image\/","url":"https:\/\/vitablanca.ma\/wp-content\/uploads\/2025\/05\/cropped-vitablanca.png","contentUrl":"https:\/\/vitablanca.ma\/wp-content\/uploads\/2025\/05\/cropped-vitablanca.png","width":360,"height":67,"caption":"VitaBlanca"},"image":{"@id":"https:\/\/vitablanca.ma\/#\/schema\/logo\/image\/"},"sameAs":["https:\/\/www.facebook.com\/profile.php?id=61576678196717","https:\/\/www.tiktok.com\/@vitablanca.ma","https:\/\/www.instagram.com\/vitablanca.ma\/"]}]}},"jetpack_sharing_enabled":true,"_links":{"self":[{"href":"https:\/\/vitablanca.ma\/en\/wp-json\/wp\/v2\/product\/16373","targetHints":{"allow":["GET"]}}],"collection":[{"href":"https:\/\/vitablanca.ma\/en\/wp-json\/wp\/v2\/product"}],"about":[{"href":"https:\/\/vitablanca.ma\/en\/wp-json\/wp\/v2\/types\/product"}],"wp:featuredmedia":[{"embeddable":true,"href":"https:\/\/vitablanca.ma\/en\/wp-json\/wp\/v2\/media\/16367"}],"wp:attachment":[{"href":"https:\/\/vitablanca.ma\/en\/wp-json\/wp\/v2\/media?parent=16373"}],"wp:term":[{"taxonomy":"product_brand","embeddable":true,"href":"https:\/\/vitablanca.ma\/en\/wp-json\/wp\/v2\/product_brand?post=16373"},{"taxonomy":"product_cat","embeddable":true,"href":"https:\/\/vitablanca.ma\/en\/wp-json\/wp\/v2\/product_cat?post=16373"},{"taxonomy":"product_tag","embeddable":true,"href":"https:\/\/vitablanca.ma\/en\/wp-json\/wp\/v2\/product_tag?post=16373"}],"curies":[{"name":"wp","href":"https:\/\/api.w.org\/{rel}","templated":true}]}}