{"id":16328,"date":"2025-06-10T16:41:35","date_gmt":"2025-06-10T16:41:35","guid":{"rendered":"https:\/\/vitablanca.ma\/product\/centaurea-shampoing-d-s-anti-pelliculaire-200ml\/"},"modified":"2025-06-10T16:41:35","modified_gmt":"2025-06-10T16:41:35","slug":"centaurea-shampoing-d-s-anti-pelliculaire-200ml","status":"publish","type":"product","link":"https:\/\/vitablanca.ma\/en\/product\/centaurea-shampoing-d-s-anti-pelliculaire-200ml\/","title":{"rendered":"Centaurea DS Anti-Dandruff Shampoo 200ml"},"content":{"rendered":"<h2>Centaurea DS Anti-Dandruff Shampoo\u00a0<span data-mce-fragment=\"1\">prevents their spread and cleanses the fungal flora of the scalp\u00a0\u00a0<\/span><br \/>\n<\/h2>\n<h3>PROPERTIES<\/h3>\n<p><span>Thanks to its exclusive antifungal complex, Centaurea Intensive Anti-Dandruff Shampoo DS has a comprehensive action that effectively combats severe dandruff conditions associated with itchy scalp. It eliminates dandruff, prevents its spread and cleanses the fungal flora of the scalp and also soothes irritation and itching. A unique formula for enhanced action: Niacinamide is essential for the skin and scalp, as it has an antimicrobial action that fights excess sebum. Topical application is the most effective way to concentrate scalp health to achieve the reduction of inflammation and itching of the scalp, the increase of skin proteins in the lipid barrier of the scalp and the increase of keratin synthesis. Piroctone olamine 2% promotes an antifungal effect and reduces the microbial population. Burdock extract which has anti-inflammatory, antifungal and antiallergic action, stimulates metabolism, reduces itching and dandruff.<\/span><\/p>\n<h3>HOW TO USE<\/h3>\n<p><span>Apply to wet hair, lather, and leave on for 3 minutes. Rinse thoroughly. Use 2 to 3 times a week for at least 6 weeks as an initial treatment, then space out applications depending on the results obtained.<\/span><\/p>\n<h3>INGREDIENTS<\/h3>\n<p><span>Aloe vera extract \/ Allantoin \/ Piroctone Olamine \/ Niacinamide \/ Burdock extract. Water, Disodium Cocoamphodiacetate, Lauryl Glucoside, Cocamidopropyl Betaine, Disodium Laureth Sulfosuccinate, Aloe Barbadensis Leaf Extract, Glycerin, Coco-Glucoside, Polyquaternium-7, Phenoxyethanol, Glyceryl Oleate, Glycol Distearate, Butylene Glycol, PEG-40 Hydrogenated Castor Oil, Allantoin, Fragrance, Citric Acid, Polyquaternium-10, Laureth-4, PEG-7 Glyceryl Cocoate, Piroctone Olamine, Disodium EDTA, PEG\/PPG-120\/10 Trimethylolpropane Trioleate, Alcohol Denat., Niacinamide, Arctium Majus Root Extract, Sodium Benzoate, Potassium sorbate.<\/span><\/p>","protected":false},"excerpt":{"rendered":"<p>Centaurea Shampoing D.S Anti-Pelliculaire\u00a0pr\u00e9vient leur r\u00e9partition et assainit la flore fongique du cuir chevelu\u00a0\u00a0 PROPRIET\u00c9S Gr\u00e2ce \u00e0 son complexe antifongique exclusif, Centaurea shampoing antipelliculaire intensif DS poss\u00e8de une action globale qui permet de lutter efficacement contre les \u00e9tats pelliculaires s\u00e9v\u00e8res associ\u00e9s \u00e0 des d\u00e9mangeaisons du cuir chevelu, il \u00e9limine les pellicules, il pr\u00e9vient leur r\u00e9partition [&hellip;]<\/p>\n","protected":false},"featured_media":16326,"template":"","meta":{"om_disable_all_campaigns":false},"product_brand":[],"product_cat":[15],"product_tag":[],"class_list":{"0":"post-16328","1":"product","2":"type-product","3":"status-publish","4":"has-post-thumbnail","6":"product_cat-beaute-sante-complements-alimentaires-soins-et-bien-etre-au-meilleur-prix","8":"first","9":"instock","10":"sale","11":"taxable","12":"shipping-taxable","13":"purchasable","14":"product-type-simple"},"yoast_head":"<!-- This site is optimized with the Yoast SEO plugin v27.3 - https:\/\/yoast.com\/product\/yoast-seo-wordpress\/ -->\n<title>Centaurea Shampoing D.S Anti-Pelliculaire 200ml - Maroc Prix<\/title>\n<meta name=\"description\" content=\"Centaurea Shampoing D.S Anti-Pelliculaire 200ml\" \/>\n<meta name=\"robots\" content=\"index, follow, max-snippet:-1, max-image-preview:large, max-video-preview:-1\" \/>\n<link rel=\"canonical\" href=\"https:\/\/vitablanca.ma\/en\/product\/centaurea-shampoing-d-s-anti-pelliculaire-200ml\/\" \/>\n<meta property=\"og:locale\" content=\"en_US\" \/>\n<meta property=\"og:type\" content=\"article\" \/>\n<meta property=\"og:title\" content=\"Centaurea Shampoing D.S Anti-Pelliculaire 200ml - Maroc Prix\" \/>\n<meta property=\"og:description\" content=\"Centaurea Shampoing D.S Anti-Pelliculaire 200ml\" \/>\n<meta property=\"og:url\" content=\"https:\/\/vitablanca.ma\/en\/product\/centaurea-shampoing-d-s-anti-pelliculaire-200ml\/\" \/>\n<meta property=\"og:site_name\" content=\"Vitablanca.ma &ndash; Sant&eacute;, vitalit&eacute; et bien-&ecirc;tre pour tous les Marocains\" \/>\n<meta property=\"article:publisher\" content=\"https:\/\/www.facebook.com\/profile.php?id=61576678196717\" \/>\n<meta property=\"og:image\" content=\"https:\/\/vitablanca.ma\/wp-content\/uploads\/2025\/06\/Centaurea-Shampoing-D.S-Anti-Pelliculaire-200ml-nova-parapharmacie-maroc.jpg\" \/>\n\t<meta property=\"og:image:width\" content=\"1000\" \/>\n\t<meta property=\"og:image:height\" content=\"1000\" \/>\n\t<meta property=\"og:image:type\" content=\"image\/jpeg\" \/>\n<meta name=\"twitter:card\" content=\"summary_large_image\" \/>\n<meta name=\"twitter:label1\" content=\"Est. reading time\" \/>\n\t<meta name=\"twitter:data1\" content=\"2 minutes\" \/>\n<script type=\"application\/ld+json\" class=\"yoast-schema-graph\">{\"@context\":\"https:\\\/\\\/schema.org\",\"@graph\":[{\"@type\":[\"WebPage\",\"ItemPage\"],\"@id\":\"https:\\\/\\\/vitablanca.ma\\\/produit\\\/centaurea-shampoing-d-s-anti-pelliculaire-200ml\\\/\",\"url\":\"https:\\\/\\\/vitablanca.ma\\\/produit\\\/centaurea-shampoing-d-s-anti-pelliculaire-200ml\\\/\",\"name\":\"Centaurea Shampoing D.S Anti-Pelliculaire 200ml - Maroc Prix\",\"isPartOf\":{\"@id\":\"https:\\\/\\\/vitablanca.ma\\\/#website\"},\"primaryImageOfPage\":{\"@id\":\"https:\\\/\\\/vitablanca.ma\\\/produit\\\/centaurea-shampoing-d-s-anti-pelliculaire-200ml\\\/#primaryimage\"},\"image\":{\"@id\":\"https:\\\/\\\/vitablanca.ma\\\/produit\\\/centaurea-shampoing-d-s-anti-pelliculaire-200ml\\\/#primaryimage\"},\"thumbnailUrl\":\"https:\\\/\\\/vitablanca.ma\\\/wp-content\\\/uploads\\\/2025\\\/06\\\/Centaurea-Shampoing-D.S-Anti-Pelliculaire-200ml-nova-parapharmacie-maroc.jpg\",\"datePublished\":\"2025-06-10T16:41:35+00:00\",\"description\":\"Centaurea Shampoing D.S Anti-Pelliculaire 200ml\",\"breadcrumb\":{\"@id\":\"https:\\\/\\\/vitablanca.ma\\\/produit\\\/centaurea-shampoing-d-s-anti-pelliculaire-200ml\\\/#breadcrumb\"},\"inLanguage\":\"en-US\",\"potentialAction\":[{\"@type\":\"ReadAction\",\"target\":[\"https:\\\/\\\/vitablanca.ma\\\/produit\\\/centaurea-shampoing-d-s-anti-pelliculaire-200ml\\\/\"]}]},{\"@type\":\"ImageObject\",\"inLanguage\":\"en-US\",\"@id\":\"https:\\\/\\\/vitablanca.ma\\\/produit\\\/centaurea-shampoing-d-s-anti-pelliculaire-200ml\\\/#primaryimage\",\"url\":\"https:\\\/\\\/vitablanca.ma\\\/wp-content\\\/uploads\\\/2025\\\/06\\\/Centaurea-Shampoing-D.S-Anti-Pelliculaire-200ml-nova-parapharmacie-maroc.jpg\",\"contentUrl\":\"https:\\\/\\\/vitablanca.ma\\\/wp-content\\\/uploads\\\/2025\\\/06\\\/Centaurea-Shampoing-D.S-Anti-Pelliculaire-200ml-nova-parapharmacie-maroc.jpg\",\"width\":1000,\"height\":1000},{\"@type\":\"BreadcrumbList\",\"@id\":\"https:\\\/\\\/vitablanca.ma\\\/produit\\\/centaurea-shampoing-d-s-anti-pelliculaire-200ml\\\/#breadcrumb\",\"itemListElement\":[{\"@type\":\"ListItem\",\"position\":1,\"name\":\"Home\",\"item\":\"https:\\\/\\\/vitablanca.ma\\\/\"},{\"@type\":\"ListItem\",\"position\":2,\"name\":\"Tous Les Produits\",\"item\":\"https:\\\/\\\/vitablanca.ma\\\/tous-les-produits\\\/\"},{\"@type\":\"ListItem\",\"position\":3,\"name\":\"Centaurea Shampoing D.S Anti-Pelliculaire 200ml\"}]},{\"@type\":\"WebSite\",\"@id\":\"https:\\\/\\\/vitablanca.ma\\\/#website\",\"url\":\"https:\\\/\\\/vitablanca.ma\\\/\",\"name\":\"VitaBlanca.ma | Compl\u00e9ments alimentaires, sant\u00e9 & beaut\u00e9 au Maroc\",\"description\":\"vendre vitamines et compl\u00e9ments premium des USA &amp; Canada, Nouvelle Z\u00e9lande,Maroc (NOW Foods, Solgar, Manuka). Livraison rapide partout au Maroc.\",\"publisher\":{\"@id\":\"https:\\\/\\\/vitablanca.ma\\\/#organization\"},\"alternateName\":\"VitaBlanca.ma\",\"potentialAction\":[{\"@type\":\"SearchAction\",\"target\":{\"@type\":\"EntryPoint\",\"urlTemplate\":\"https:\\\/\\\/vitablanca.ma\\\/?s={search_term_string}\"},\"query-input\":{\"@type\":\"PropertyValueSpecification\",\"valueRequired\":true,\"valueName\":\"search_term_string\"}}],\"inLanguage\":\"en-US\"},{\"@type\":\"Organization\",\"@id\":\"https:\\\/\\\/vitablanca.ma\\\/#organization\",\"name\":\"VitaBlanca\",\"url\":\"https:\\\/\\\/vitablanca.ma\\\/\",\"logo\":{\"@type\":\"ImageObject\",\"inLanguage\":\"en-US\",\"@id\":\"https:\\\/\\\/vitablanca.ma\\\/#\\\/schema\\\/logo\\\/image\\\/\",\"url\":\"https:\\\/\\\/vitablanca.ma\\\/wp-content\\\/uploads\\\/2025\\\/05\\\/cropped-vitablanca.png\",\"contentUrl\":\"https:\\\/\\\/vitablanca.ma\\\/wp-content\\\/uploads\\\/2025\\\/05\\\/cropped-vitablanca.png\",\"width\":360,\"height\":67,\"caption\":\"VitaBlanca\"},\"image\":{\"@id\":\"https:\\\/\\\/vitablanca.ma\\\/#\\\/schema\\\/logo\\\/image\\\/\"},\"sameAs\":[\"https:\\\/\\\/www.facebook.com\\\/profile.php?id=61576678196717\",\"https:\\\/\\\/www.tiktok.com\\\/@vitablanca.ma\",\"https:\\\/\\\/www.instagram.com\\\/vitablanca.ma\\\/\"]}]}<\/script>\n<!-- \/ Yoast SEO plugin. -->","yoast_head_json":{"title":"Centaurea DS Anti-Dandruff Shampoo 200ml - Morocco Price","description":"Centaurea DS Anti-Dandruff Shampoo 200ml","robots":{"index":"index","follow":"follow","max-snippet":"max-snippet:-1","max-image-preview":"max-image-preview:large","max-video-preview":"max-video-preview:-1"},"canonical":"https:\/\/vitablanca.ma\/en\/product\/centaurea-shampoing-d-s-anti-pelliculaire-200ml\/","og_locale":"en_US","og_type":"article","og_title":"Centaurea Shampoing D.S Anti-Pelliculaire 200ml - Maroc Prix","og_description":"Centaurea Shampoing D.S Anti-Pelliculaire 200ml","og_url":"https:\/\/vitablanca.ma\/en\/product\/centaurea-shampoing-d-s-anti-pelliculaire-200ml\/","og_site_name":"Vitablanca.ma &ndash; Sant&eacute;, vitalit&eacute; et bien-&ecirc;tre pour tous les Marocains","article_publisher":"https:\/\/www.facebook.com\/profile.php?id=61576678196717","og_image":[{"width":1000,"height":1000,"url":"https:\/\/vitablanca.ma\/wp-content\/uploads\/2025\/06\/Centaurea-Shampoing-D.S-Anti-Pelliculaire-200ml-nova-parapharmacie-maroc.jpg","type":"image\/jpeg"}],"twitter_card":"summary_large_image","twitter_misc":{"Est. reading time":"2 minutes"},"schema":{"@context":"https:\/\/schema.org","@graph":[{"@type":["WebPage","ItemPage"],"@id":"https:\/\/vitablanca.ma\/produit\/centaurea-shampoing-d-s-anti-pelliculaire-200ml\/","url":"https:\/\/vitablanca.ma\/produit\/centaurea-shampoing-d-s-anti-pelliculaire-200ml\/","name":"Centaurea DS Anti-Dandruff Shampoo 200ml - Morocco Price","isPartOf":{"@id":"https:\/\/vitablanca.ma\/#website"},"primaryImageOfPage":{"@id":"https:\/\/vitablanca.ma\/produit\/centaurea-shampoing-d-s-anti-pelliculaire-200ml\/#primaryimage"},"image":{"@id":"https:\/\/vitablanca.ma\/produit\/centaurea-shampoing-d-s-anti-pelliculaire-200ml\/#primaryimage"},"thumbnailUrl":"https:\/\/vitablanca.ma\/wp-content\/uploads\/2025\/06\/Centaurea-Shampoing-D.S-Anti-Pelliculaire-200ml-nova-parapharmacie-maroc.jpg","datePublished":"2025-06-10T16:41:35+00:00","description":"Centaurea DS Anti-Dandruff Shampoo 200ml","breadcrumb":{"@id":"https:\/\/vitablanca.ma\/produit\/centaurea-shampoing-d-s-anti-pelliculaire-200ml\/#breadcrumb"},"inLanguage":"en-US","potentialAction":[{"@type":"ReadAction","target":["https:\/\/vitablanca.ma\/produit\/centaurea-shampoing-d-s-anti-pelliculaire-200ml\/"]}]},{"@type":"ImageObject","inLanguage":"en-US","@id":"https:\/\/vitablanca.ma\/produit\/centaurea-shampoing-d-s-anti-pelliculaire-200ml\/#primaryimage","url":"https:\/\/vitablanca.ma\/wp-content\/uploads\/2025\/06\/Centaurea-Shampoing-D.S-Anti-Pelliculaire-200ml-nova-parapharmacie-maroc.jpg","contentUrl":"https:\/\/vitablanca.ma\/wp-content\/uploads\/2025\/06\/Centaurea-Shampoing-D.S-Anti-Pelliculaire-200ml-nova-parapharmacie-maroc.jpg","width":1000,"height":1000},{"@type":"BreadcrumbList","@id":"https:\/\/vitablanca.ma\/produit\/centaurea-shampoing-d-s-anti-pelliculaire-200ml\/#breadcrumb","itemListElement":[{"@type":"ListItem","position":1,"name":"Home","item":"https:\/\/vitablanca.ma\/"},{"@type":"ListItem","position":2,"name":"Tous Les Produits","item":"https:\/\/vitablanca.ma\/tous-les-produits\/"},{"@type":"ListItem","position":3,"name":"Centaurea Shampoing D.S Anti-Pelliculaire 200ml"}]},{"@type":"WebSite","@id":"https:\/\/vitablanca.ma\/#website","url":"https:\/\/vitablanca.ma\/","name":"VitaBlanca.ma | Food supplements, health &amp; beauty in Morocco","description":"sell premium vitamins and supplements from USA &amp; Canada, New Zealand, Morocco (NOW Foods, Solgar, Manuka). Fast delivery anywhere in Morocco.","publisher":{"@id":"https:\/\/vitablanca.ma\/#organization"},"alternateName":"VitaBlanca.ma","potentialAction":[{"@type":"SearchAction","target":{"@type":"EntryPoint","urlTemplate":"https:\/\/vitablanca.ma\/?s={search_term_string}"},"query-input":{"@type":"PropertyValueSpecification","valueRequired":true,"valueName":"search_term_string"}}],"inLanguage":"en-US"},{"@type":"Organization","@id":"https:\/\/vitablanca.ma\/#organization","name":"VitaBlanca","url":"https:\/\/vitablanca.ma\/","logo":{"@type":"ImageObject","inLanguage":"en-US","@id":"https:\/\/vitablanca.ma\/#\/schema\/logo\/image\/","url":"https:\/\/vitablanca.ma\/wp-content\/uploads\/2025\/05\/cropped-vitablanca.png","contentUrl":"https:\/\/vitablanca.ma\/wp-content\/uploads\/2025\/05\/cropped-vitablanca.png","width":360,"height":67,"caption":"VitaBlanca"},"image":{"@id":"https:\/\/vitablanca.ma\/#\/schema\/logo\/image\/"},"sameAs":["https:\/\/www.facebook.com\/profile.php?id=61576678196717","https:\/\/www.tiktok.com\/@vitablanca.ma","https:\/\/www.instagram.com\/vitablanca.ma\/"]}]}},"jetpack_sharing_enabled":true,"_links":{"self":[{"href":"https:\/\/vitablanca.ma\/en\/wp-json\/wp\/v2\/product\/16328","targetHints":{"allow":["GET"]}}],"collection":[{"href":"https:\/\/vitablanca.ma\/en\/wp-json\/wp\/v2\/product"}],"about":[{"href":"https:\/\/vitablanca.ma\/en\/wp-json\/wp\/v2\/types\/product"}],"wp:featuredmedia":[{"embeddable":true,"href":"https:\/\/vitablanca.ma\/en\/wp-json\/wp\/v2\/media\/16326"}],"wp:attachment":[{"href":"https:\/\/vitablanca.ma\/en\/wp-json\/wp\/v2\/media?parent=16328"}],"wp:term":[{"taxonomy":"product_brand","embeddable":true,"href":"https:\/\/vitablanca.ma\/en\/wp-json\/wp\/v2\/product_brand?post=16328"},{"taxonomy":"product_cat","embeddable":true,"href":"https:\/\/vitablanca.ma\/en\/wp-json\/wp\/v2\/product_cat?post=16328"},{"taxonomy":"product_tag","embeddable":true,"href":"https:\/\/vitablanca.ma\/en\/wp-json\/wp\/v2\/product_tag?post=16328"}],"curies":[{"name":"wp","href":"https:\/\/api.w.org\/{rel}","templated":true}]}}