{"id":16310,"date":"2025-06-10T16:41:22","date_gmt":"2025-06-10T16:41:22","guid":{"rendered":"https:\/\/vitablanca.ma\/product\/centaurea-creme-solaire-teintee-spf-50-50ml\/"},"modified":"2025-06-10T16:41:22","modified_gmt":"2025-06-10T16:41:22","slug":"centaurea-creme-solaire-teintee-spf-50-50ml","status":"publish","type":"product","link":"https:\/\/vitablanca.ma\/en\/product\/centaurea-creme-solaire-teintee-spf-50-50ml\/","title":{"rendered":"Centaurea Tinted Sunscreen SPF 50+ 50ml"},"content":{"rendered":"<h2>Centaurea Tinted Sunscreen SPF 50+ <span data-mce-fragment=\"1\">protects the skin from free radicals and sunburn<\/span><br \/>\n<\/h2>\n<h3>PROPERTIES<\/h3>\n<p><span>CENTAUREA tinted sunscreen SPF 50+ is a very high sun protection for face and body specially formulated for sensitive skin of adults and children. It provides optimal protection against UVA and UVB rays thanks to its high-performance sun filters that protect the skin from free radicals and sunburn, limiting cellular damage to the heart of the epidermis, it effectively fights against skin aging. Its non-sticky texture is fragrance- and paraben-free, and is formulated with natural pigments to even out skin tone and reduce skin imperfections.<\/span><\/p>\n<h3>HOW TO USE<\/h3>\n<p><span>Apply to the face and neck or body before sun exposure. Reapply frequently (every 2 hours).<\/span><\/p>\n<h3>INGREDIENTS<\/h3>\n<p><span>WATER,CETEARYL,ALCOHOL,CETEARETH-20,RICINUS COMMUNIS OIL,GLYCINE OIL,GLYCERINE,STEARIC ACID,DIAZOLIDINE UREA,METHOXYBENZOPHENONE 3,ETHYLHEXYL,METHOXYCINNAMATE,CYCLOPENTASILOXANE,ZINC OXID,TITAN DIOXIDE,PIGMENT,SODIUM BENZOATE,POTASSIUM SORBATE<\/span><\/p>","protected":false},"excerpt":{"rendered":"<p>Centaurea Cr\u00e8me Solaire Teint\u00e9e SPF 50+ prot\u00e8ge la peau des radicaux libres et des coups de soleil PROPRIET\u00c9S CENTAUREA cr\u00e8me solaire teinte SPF 50+ est une tr\u00e8s haute protection solaire visage et corps sp\u00e9cialement formul\u00e9e pour les peaux sensibles des adultes et des enfants. elle permet d\u2019assurer une protection optimale contre les UVA et UVB [&hellip;]<\/p>\n","protected":false},"featured_media":16308,"template":"","meta":{"om_disable_all_campaigns":false},"product_brand":[],"product_cat":[15],"product_tag":[],"class_list":{"0":"post-16310","1":"product","2":"type-product","3":"status-publish","4":"has-post-thumbnail","6":"product_cat-beaute-sante-complements-alimentaires-soins-et-bien-etre-au-meilleur-prix","8":"first","9":"instock","10":"sale","11":"taxable","12":"shipping-taxable","13":"purchasable","14":"product-type-simple"},"yoast_head":"<!-- This site is optimized with the Yoast SEO plugin v27.3 - https:\/\/yoast.com\/product\/yoast-seo-wordpress\/ -->\n<title>Centaurea Cr\u00e8me Solaire Teint\u00e9e SPF 50+ 50ml - Maroc Prix<\/title>\n<meta name=\"description\" content=\"Centaurea Cr\u00e8me Solaire Teint\u00e9e SPF 50+ 50ml\" \/>\n<meta name=\"robots\" content=\"index, follow, max-snippet:-1, max-image-preview:large, max-video-preview:-1\" \/>\n<link rel=\"canonical\" href=\"https:\/\/vitablanca.ma\/en\/product\/centaurea-creme-solaire-teintee-spf-50-50ml\/\" \/>\n<meta property=\"og:locale\" content=\"en_US\" \/>\n<meta property=\"og:type\" content=\"article\" \/>\n<meta property=\"og:title\" content=\"Centaurea Cr\u00e8me Solaire Teint\u00e9e SPF 50+ 50ml - Maroc Prix\" \/>\n<meta property=\"og:description\" content=\"Centaurea Cr\u00e8me Solaire Teint\u00e9e SPF 50+ 50ml\" \/>\n<meta property=\"og:url\" content=\"https:\/\/vitablanca.ma\/en\/product\/centaurea-creme-solaire-teintee-spf-50-50ml\/\" \/>\n<meta property=\"og:site_name\" content=\"Vitablanca.ma &ndash; Sant&eacute;, vitalit&eacute; et bien-&ecirc;tre pour tous les Marocains\" \/>\n<meta property=\"article:publisher\" content=\"https:\/\/www.facebook.com\/profile.php?id=61576678196717\" \/>\n<meta property=\"og:image\" content=\"https:\/\/vitablanca.ma\/wp-content\/uploads\/2025\/06\/Centaurea-Creme-Solaire-Teinte-SPF-50_-50ml-nova-parapharmacie-maroc.jpg\" \/>\n\t<meta property=\"og:image:width\" content=\"1000\" \/>\n\t<meta property=\"og:image:height\" content=\"1000\" \/>\n\t<meta property=\"og:image:type\" content=\"image\/jpeg\" \/>\n<meta name=\"twitter:card\" content=\"summary_large_image\" \/>\n<meta name=\"twitter:label1\" content=\"Est. reading time\" \/>\n\t<meta name=\"twitter:data1\" content=\"1 minute\" \/>\n<script type=\"application\/ld+json\" class=\"yoast-schema-graph\">{\"@context\":\"https:\\\/\\\/schema.org\",\"@graph\":[{\"@type\":[\"WebPage\",\"ItemPage\"],\"@id\":\"https:\\\/\\\/vitablanca.ma\\\/produit\\\/centaurea-creme-solaire-teintee-spf-50-50ml\\\/\",\"url\":\"https:\\\/\\\/vitablanca.ma\\\/produit\\\/centaurea-creme-solaire-teintee-spf-50-50ml\\\/\",\"name\":\"Centaurea Cr\u00e8me Solaire Teint\u00e9e SPF 50+ 50ml - Maroc Prix\",\"isPartOf\":{\"@id\":\"https:\\\/\\\/vitablanca.ma\\\/#website\"},\"primaryImageOfPage\":{\"@id\":\"https:\\\/\\\/vitablanca.ma\\\/produit\\\/centaurea-creme-solaire-teintee-spf-50-50ml\\\/#primaryimage\"},\"image\":{\"@id\":\"https:\\\/\\\/vitablanca.ma\\\/produit\\\/centaurea-creme-solaire-teintee-spf-50-50ml\\\/#primaryimage\"},\"thumbnailUrl\":\"https:\\\/\\\/vitablanca.ma\\\/wp-content\\\/uploads\\\/2025\\\/06\\\/Centaurea-Creme-Solaire-Teinte-SPF-50_-50ml-nova-parapharmacie-maroc.jpg\",\"datePublished\":\"2025-06-10T16:41:22+00:00\",\"description\":\"Centaurea Cr\u00e8me Solaire Teint\u00e9e SPF 50+ 50ml\",\"breadcrumb\":{\"@id\":\"https:\\\/\\\/vitablanca.ma\\\/produit\\\/centaurea-creme-solaire-teintee-spf-50-50ml\\\/#breadcrumb\"},\"inLanguage\":\"en-US\",\"potentialAction\":[{\"@type\":\"ReadAction\",\"target\":[\"https:\\\/\\\/vitablanca.ma\\\/produit\\\/centaurea-creme-solaire-teintee-spf-50-50ml\\\/\"]}]},{\"@type\":\"ImageObject\",\"inLanguage\":\"en-US\",\"@id\":\"https:\\\/\\\/vitablanca.ma\\\/produit\\\/centaurea-creme-solaire-teintee-spf-50-50ml\\\/#primaryimage\",\"url\":\"https:\\\/\\\/vitablanca.ma\\\/wp-content\\\/uploads\\\/2025\\\/06\\\/Centaurea-Creme-Solaire-Teinte-SPF-50_-50ml-nova-parapharmacie-maroc.jpg\",\"contentUrl\":\"https:\\\/\\\/vitablanca.ma\\\/wp-content\\\/uploads\\\/2025\\\/06\\\/Centaurea-Creme-Solaire-Teinte-SPF-50_-50ml-nova-parapharmacie-maroc.jpg\",\"width\":1000,\"height\":1000},{\"@type\":\"BreadcrumbList\",\"@id\":\"https:\\\/\\\/vitablanca.ma\\\/produit\\\/centaurea-creme-solaire-teintee-spf-50-50ml\\\/#breadcrumb\",\"itemListElement\":[{\"@type\":\"ListItem\",\"position\":1,\"name\":\"Home\",\"item\":\"https:\\\/\\\/vitablanca.ma\\\/\"},{\"@type\":\"ListItem\",\"position\":2,\"name\":\"Tous Les Produits\",\"item\":\"https:\\\/\\\/vitablanca.ma\\\/tous-les-produits\\\/\"},{\"@type\":\"ListItem\",\"position\":3,\"name\":\"Centaurea Cr\u00e8me Solaire Teint\u00e9e SPF 50+ 50ml\"}]},{\"@type\":\"WebSite\",\"@id\":\"https:\\\/\\\/vitablanca.ma\\\/#website\",\"url\":\"https:\\\/\\\/vitablanca.ma\\\/\",\"name\":\"VitaBlanca.ma | Compl\u00e9ments alimentaires, sant\u00e9 & beaut\u00e9 au Maroc\",\"description\":\"vendre vitamines et compl\u00e9ments premium des USA &amp; Canada, Nouvelle Z\u00e9lande,Maroc (NOW Foods, Solgar, Manuka). Livraison rapide partout au Maroc.\",\"publisher\":{\"@id\":\"https:\\\/\\\/vitablanca.ma\\\/#organization\"},\"alternateName\":\"VitaBlanca.ma\",\"potentialAction\":[{\"@type\":\"SearchAction\",\"target\":{\"@type\":\"EntryPoint\",\"urlTemplate\":\"https:\\\/\\\/vitablanca.ma\\\/?s={search_term_string}\"},\"query-input\":{\"@type\":\"PropertyValueSpecification\",\"valueRequired\":true,\"valueName\":\"search_term_string\"}}],\"inLanguage\":\"en-US\"},{\"@type\":\"Organization\",\"@id\":\"https:\\\/\\\/vitablanca.ma\\\/#organization\",\"name\":\"VitaBlanca\",\"url\":\"https:\\\/\\\/vitablanca.ma\\\/\",\"logo\":{\"@type\":\"ImageObject\",\"inLanguage\":\"en-US\",\"@id\":\"https:\\\/\\\/vitablanca.ma\\\/#\\\/schema\\\/logo\\\/image\\\/\",\"url\":\"https:\\\/\\\/vitablanca.ma\\\/wp-content\\\/uploads\\\/2025\\\/05\\\/cropped-vitablanca.png\",\"contentUrl\":\"https:\\\/\\\/vitablanca.ma\\\/wp-content\\\/uploads\\\/2025\\\/05\\\/cropped-vitablanca.png\",\"width\":360,\"height\":67,\"caption\":\"VitaBlanca\"},\"image\":{\"@id\":\"https:\\\/\\\/vitablanca.ma\\\/#\\\/schema\\\/logo\\\/image\\\/\"},\"sameAs\":[\"https:\\\/\\\/www.facebook.com\\\/profile.php?id=61576678196717\",\"https:\\\/\\\/www.tiktok.com\\\/@vitablanca.ma\",\"https:\\\/\\\/www.instagram.com\\\/vitablanca.ma\\\/\"]}]}<\/script>\n<!-- \/ Yoast SEO plugin. -->","yoast_head_json":{"title":"Centaurea Tinted Sunscreen SPF 50+ 50ml - Morocco Price","description":"Centaurea Tinted Sunscreen SPF 50+ 50ml","robots":{"index":"index","follow":"follow","max-snippet":"max-snippet:-1","max-image-preview":"max-image-preview:large","max-video-preview":"max-video-preview:-1"},"canonical":"https:\/\/vitablanca.ma\/en\/product\/centaurea-creme-solaire-teintee-spf-50-50ml\/","og_locale":"en_US","og_type":"article","og_title":"Centaurea Cr\u00e8me Solaire Teint\u00e9e SPF 50+ 50ml - Maroc Prix","og_description":"Centaurea Cr\u00e8me Solaire Teint\u00e9e SPF 50+ 50ml","og_url":"https:\/\/vitablanca.ma\/en\/product\/centaurea-creme-solaire-teintee-spf-50-50ml\/","og_site_name":"Vitablanca.ma &ndash; Sant&eacute;, vitalit&eacute; et bien-&ecirc;tre pour tous les Marocains","article_publisher":"https:\/\/www.facebook.com\/profile.php?id=61576678196717","og_image":[{"width":1000,"height":1000,"url":"https:\/\/vitablanca.ma\/wp-content\/uploads\/2025\/06\/Centaurea-Creme-Solaire-Teinte-SPF-50_-50ml-nova-parapharmacie-maroc.jpg","type":"image\/jpeg"}],"twitter_card":"summary_large_image","twitter_misc":{"Est. reading time":"1 minute"},"schema":{"@context":"https:\/\/schema.org","@graph":[{"@type":["WebPage","ItemPage"],"@id":"https:\/\/vitablanca.ma\/produit\/centaurea-creme-solaire-teintee-spf-50-50ml\/","url":"https:\/\/vitablanca.ma\/produit\/centaurea-creme-solaire-teintee-spf-50-50ml\/","name":"Centaurea Tinted Sunscreen SPF 50+ 50ml - Morocco Price","isPartOf":{"@id":"https:\/\/vitablanca.ma\/#website"},"primaryImageOfPage":{"@id":"https:\/\/vitablanca.ma\/produit\/centaurea-creme-solaire-teintee-spf-50-50ml\/#primaryimage"},"image":{"@id":"https:\/\/vitablanca.ma\/produit\/centaurea-creme-solaire-teintee-spf-50-50ml\/#primaryimage"},"thumbnailUrl":"https:\/\/vitablanca.ma\/wp-content\/uploads\/2025\/06\/Centaurea-Creme-Solaire-Teinte-SPF-50_-50ml-nova-parapharmacie-maroc.jpg","datePublished":"2025-06-10T16:41:22+00:00","description":"Centaurea Tinted Sunscreen SPF 50+ 50ml","breadcrumb":{"@id":"https:\/\/vitablanca.ma\/produit\/centaurea-creme-solaire-teintee-spf-50-50ml\/#breadcrumb"},"inLanguage":"en-US","potentialAction":[{"@type":"ReadAction","target":["https:\/\/vitablanca.ma\/produit\/centaurea-creme-solaire-teintee-spf-50-50ml\/"]}]},{"@type":"ImageObject","inLanguage":"en-US","@id":"https:\/\/vitablanca.ma\/produit\/centaurea-creme-solaire-teintee-spf-50-50ml\/#primaryimage","url":"https:\/\/vitablanca.ma\/wp-content\/uploads\/2025\/06\/Centaurea-Creme-Solaire-Teinte-SPF-50_-50ml-nova-parapharmacie-maroc.jpg","contentUrl":"https:\/\/vitablanca.ma\/wp-content\/uploads\/2025\/06\/Centaurea-Creme-Solaire-Teinte-SPF-50_-50ml-nova-parapharmacie-maroc.jpg","width":1000,"height":1000},{"@type":"BreadcrumbList","@id":"https:\/\/vitablanca.ma\/produit\/centaurea-creme-solaire-teintee-spf-50-50ml\/#breadcrumb","itemListElement":[{"@type":"ListItem","position":1,"name":"Home","item":"https:\/\/vitablanca.ma\/"},{"@type":"ListItem","position":2,"name":"Tous Les Produits","item":"https:\/\/vitablanca.ma\/tous-les-produits\/"},{"@type":"ListItem","position":3,"name":"Centaurea Cr\u00e8me Solaire Teint\u00e9e SPF 50+ 50ml"}]},{"@type":"WebSite","@id":"https:\/\/vitablanca.ma\/#website","url":"https:\/\/vitablanca.ma\/","name":"VitaBlanca.ma | Food supplements, health &amp; beauty in Morocco","description":"sell premium vitamins and supplements from USA &amp; Canada, New Zealand, Morocco (NOW Foods, Solgar, Manuka). Fast delivery anywhere in Morocco.","publisher":{"@id":"https:\/\/vitablanca.ma\/#organization"},"alternateName":"VitaBlanca.ma","potentialAction":[{"@type":"SearchAction","target":{"@type":"EntryPoint","urlTemplate":"https:\/\/vitablanca.ma\/?s={search_term_string}"},"query-input":{"@type":"PropertyValueSpecification","valueRequired":true,"valueName":"search_term_string"}}],"inLanguage":"en-US"},{"@type":"Organization","@id":"https:\/\/vitablanca.ma\/#organization","name":"VitaBlanca","url":"https:\/\/vitablanca.ma\/","logo":{"@type":"ImageObject","inLanguage":"en-US","@id":"https:\/\/vitablanca.ma\/#\/schema\/logo\/image\/","url":"https:\/\/vitablanca.ma\/wp-content\/uploads\/2025\/05\/cropped-vitablanca.png","contentUrl":"https:\/\/vitablanca.ma\/wp-content\/uploads\/2025\/05\/cropped-vitablanca.png","width":360,"height":67,"caption":"VitaBlanca"},"image":{"@id":"https:\/\/vitablanca.ma\/#\/schema\/logo\/image\/"},"sameAs":["https:\/\/www.facebook.com\/profile.php?id=61576678196717","https:\/\/www.tiktok.com\/@vitablanca.ma","https:\/\/www.instagram.com\/vitablanca.ma\/"]}]}},"jetpack_sharing_enabled":true,"_links":{"self":[{"href":"https:\/\/vitablanca.ma\/en\/wp-json\/wp\/v2\/product\/16310","targetHints":{"allow":["GET"]}}],"collection":[{"href":"https:\/\/vitablanca.ma\/en\/wp-json\/wp\/v2\/product"}],"about":[{"href":"https:\/\/vitablanca.ma\/en\/wp-json\/wp\/v2\/types\/product"}],"wp:featuredmedia":[{"embeddable":true,"href":"https:\/\/vitablanca.ma\/en\/wp-json\/wp\/v2\/media\/16308"}],"wp:attachment":[{"href":"https:\/\/vitablanca.ma\/en\/wp-json\/wp\/v2\/media?parent=16310"}],"wp:term":[{"taxonomy":"product_brand","embeddable":true,"href":"https:\/\/vitablanca.ma\/en\/wp-json\/wp\/v2\/product_brand?post=16310"},{"taxonomy":"product_cat","embeddable":true,"href":"https:\/\/vitablanca.ma\/en\/wp-json\/wp\/v2\/product_cat?post=16310"},{"taxonomy":"product_tag","embeddable":true,"href":"https:\/\/vitablanca.ma\/en\/wp-json\/wp\/v2\/product_tag?post=16310"}],"curies":[{"name":"wp","href":"https:\/\/api.w.org\/{rel}","templated":true}]}}