{"id":16293,"date":"2025-06-10T16:41:13","date_gmt":"2025-06-10T16:41:13","guid":{"rendered":"https:\/\/vitablanca.ma\/product\/covermark-luminous-compact-powder-10g\/"},"modified":"2025-06-10T16:41:14","modified_gmt":"2025-06-10T16:41:14","slug":"covermark-luminous-compact-powder-10g","status":"publish","type":"product","link":"https:\/\/vitablanca.ma\/en\/product\/covermark-luminous-compact-powder-10g\/","title":{"rendered":"Covermark Luminous Compact Powder 10g"},"content":{"rendered":"<h2 data-mce-fragment=\"1\"><span data-mce-fragment=\"1\">Covermark Luminous Compact Powder to best complement Covermark foundations.\u00a0<\/span><\/h2>\n<p data-mce-fragment=\"1\"><span data-mce-fragment=\"1\">The ultimate color cosmetics to best complement Covermark foundations. Next-generation waterproof and non-comedogenic pressed powders in three different types to perfectly match normal, dry, and acne-prone skin. Formulated with advanced, cutting-edge ingredients to brighten and refresh your facial skin at the same time. Produced in various color shades to help you perfectly match your skin tone and add radiance to your face.<\/span><\/p>\n<p data-mce-fragment=\"1\"><span data-mce-fragment=\"1\">\u2022 Waterproof. Clinically tested. Hypoallergenic. Non-comedogenic. Non-acnegenic.<\/span><\/p>\n<p data-mce-fragment=\"1\"><span data-mce-fragment=\"1\">\u2022 Active ingredients in the formula for\u00a0<\/span><strong data-mce-fragment=\"1\"><span data-mce-fragment=\"1\">dry\/sensitive skin<\/span><\/strong><span data-mce-fragment=\"1\">\u00a0: Hydrolyzed Vitamin E, Wheat Protein and Sodium PCA.<\/span><\/p>\n<p data-mce-fragment=\"1\"><span data-mce-fragment=\"1\">\u2022 Active ingredient in the formula for\u00a0<\/span><strong data-mce-fragment=\"1\"><span data-mce-fragment=\"1\">oily skin<\/span><\/strong><span data-mce-fragment=\"1\">\u00a0: vitamins E and tea tree oil<\/span><\/p>\n<p data-mce-fragment=\"1\"><span data-mce-fragment=\"1\">\u2022 Active ingredient in the skin formula\u00a0<\/span><strong data-mce-fragment=\"1\"><span data-mce-fragment=\"1\">normal: Vitamins E<\/span><\/strong><span data-mce-fragment=\"1\"><\/span><\/p>\n<p data-mce-fragment=\"1\"><span data-mce-fragment=\"1\">\u2022 Natural-looking coverage and contouring.<\/span><\/p>","protected":false},"excerpt":{"rendered":"<p>Covermark Luminous Compact Powder \u00a0pour compl\u00e9ter au mieux les fonds de teint Covermark.\u00a0 Les cosm\u00e9tiques colorants ultimes pour compl\u00e9ter au mieux les fonds de teint Covermark.\u00a0Poudres compactes imperm\u00e9ables et non com\u00e9dog\u00e8nes de nouvelle g\u00e9n\u00e9ration en trois types diff\u00e9rents pour correspondre parfaitement aux peaux normales, s\u00e8ches et acn\u00e9iques.\u00a0Formul\u00e9 \u00e0 partir d&rsquo;ingr\u00e9dients avanc\u00e9s de pointe pour \u00e9claircir [&hellip;]<\/p>\n","protected":false},"featured_media":16288,"template":"","meta":{"om_disable_all_campaigns":false},"product_brand":[],"product_cat":[15],"product_tag":[],"class_list":{"0":"post-16293","1":"product","2":"type-product","3":"status-publish","4":"has-post-thumbnail","6":"product_cat-beaute-sante-complements-alimentaires-soins-et-bien-etre-au-meilleur-prix","8":"first","9":"instock","10":"sale","11":"taxable","12":"shipping-taxable","13":"purchasable","14":"product-type-variable"},"yoast_head":"<!-- This site is optimized with the Yoast SEO plugin v27.3 - https:\/\/yoast.com\/product\/yoast-seo-wordpress\/ -->\n<title>Covermark Luminous Compact Powder 10g - Maroc Prix<\/title>\n<meta name=\"description\" content=\"Covermark Luminous Compact Powder 10g\" \/>\n<meta name=\"robots\" content=\"index, follow, max-snippet:-1, max-image-preview:large, max-video-preview:-1\" \/>\n<link rel=\"canonical\" href=\"https:\/\/vitablanca.ma\/en\/product\/covermark-luminous-compact-powder-10g\/\" \/>\n<meta property=\"og:locale\" content=\"en_US\" \/>\n<meta property=\"og:type\" content=\"article\" \/>\n<meta property=\"og:title\" content=\"Covermark Luminous Compact Powder 10g - Maroc Prix\" \/>\n<meta property=\"og:description\" content=\"Covermark Luminous Compact Powder 10g\" \/>\n<meta property=\"og:url\" content=\"https:\/\/vitablanca.ma\/en\/product\/covermark-luminous-compact-powder-10g\/\" \/>\n<meta property=\"og:site_name\" content=\"Vitablanca.ma &ndash; Sant&eacute;, vitalit&eacute; et bien-&ecirc;tre pour tous les Marocains\" \/>\n<meta property=\"article:publisher\" content=\"https:\/\/www.facebook.com\/profile.php?id=61576678196717\" \/>\n<meta property=\"article:modified_time\" content=\"2025-06-10T16:41:14+00:00\" \/>\n<meta property=\"og:image\" content=\"https:\/\/vitablanca.ma\/wp-content\/uploads\/2025\/06\/Covermark-Luminous-Compact-Powder-10g-nova-prapharmacie-maroc.jpg\" \/>\n\t<meta property=\"og:image:width\" content=\"1000\" \/>\n\t<meta property=\"og:image:height\" content=\"1000\" \/>\n\t<meta property=\"og:image:type\" content=\"image\/jpeg\" \/>\n<meta name=\"twitter:card\" content=\"summary_large_image\" \/>\n<meta name=\"twitter:label1\" content=\"Est. reading time\" \/>\n\t<meta name=\"twitter:data1\" content=\"1 minute\" \/>\n<script type=\"application\/ld+json\" class=\"yoast-schema-graph\">{\"@context\":\"https:\\\/\\\/schema.org\",\"@graph\":[{\"@type\":[\"WebPage\",\"ItemPage\"],\"@id\":\"https:\\\/\\\/vitablanca.ma\\\/produit\\\/covermark-luminous-compact-powder-10g\\\/\",\"url\":\"https:\\\/\\\/vitablanca.ma\\\/produit\\\/covermark-luminous-compact-powder-10g\\\/\",\"name\":\"Covermark Luminous Compact Powder 10g - Maroc Prix\",\"isPartOf\":{\"@id\":\"https:\\\/\\\/vitablanca.ma\\\/#website\"},\"primaryImageOfPage\":{\"@id\":\"https:\\\/\\\/vitablanca.ma\\\/produit\\\/covermark-luminous-compact-powder-10g\\\/#primaryimage\"},\"image\":{\"@id\":\"https:\\\/\\\/vitablanca.ma\\\/produit\\\/covermark-luminous-compact-powder-10g\\\/#primaryimage\"},\"thumbnailUrl\":\"https:\\\/\\\/vitablanca.ma\\\/wp-content\\\/uploads\\\/2025\\\/06\\\/Covermark-Luminous-Compact-Powder-10g-nova-prapharmacie-maroc.jpg\",\"datePublished\":\"2025-06-10T16:41:13+00:00\",\"dateModified\":\"2025-06-10T16:41:14+00:00\",\"description\":\"Covermark Luminous Compact Powder 10g\",\"breadcrumb\":{\"@id\":\"https:\\\/\\\/vitablanca.ma\\\/produit\\\/covermark-luminous-compact-powder-10g\\\/#breadcrumb\"},\"inLanguage\":\"en-US\",\"potentialAction\":[{\"@type\":\"ReadAction\",\"target\":[\"https:\\\/\\\/vitablanca.ma\\\/produit\\\/covermark-luminous-compact-powder-10g\\\/\"]}]},{\"@type\":\"ImageObject\",\"inLanguage\":\"en-US\",\"@id\":\"https:\\\/\\\/vitablanca.ma\\\/produit\\\/covermark-luminous-compact-powder-10g\\\/#primaryimage\",\"url\":\"https:\\\/\\\/vitablanca.ma\\\/wp-content\\\/uploads\\\/2025\\\/06\\\/Covermark-Luminous-Compact-Powder-10g-nova-prapharmacie-maroc.jpg\",\"contentUrl\":\"https:\\\/\\\/vitablanca.ma\\\/wp-content\\\/uploads\\\/2025\\\/06\\\/Covermark-Luminous-Compact-Powder-10g-nova-prapharmacie-maroc.jpg\",\"width\":1000,\"height\":1000},{\"@type\":\"BreadcrumbList\",\"@id\":\"https:\\\/\\\/vitablanca.ma\\\/produit\\\/covermark-luminous-compact-powder-10g\\\/#breadcrumb\",\"itemListElement\":[{\"@type\":\"ListItem\",\"position\":1,\"name\":\"Home\",\"item\":\"https:\\\/\\\/vitablanca.ma\\\/\"},{\"@type\":\"ListItem\",\"position\":2,\"name\":\"Tous Les Produits\",\"item\":\"https:\\\/\\\/vitablanca.ma\\\/tous-les-produits\\\/\"},{\"@type\":\"ListItem\",\"position\":3,\"name\":\"Covermark Luminous Compact Powder 10g\"}]},{\"@type\":\"WebSite\",\"@id\":\"https:\\\/\\\/vitablanca.ma\\\/#website\",\"url\":\"https:\\\/\\\/vitablanca.ma\\\/\",\"name\":\"VitaBlanca.ma | Compl\u00e9ments alimentaires, sant\u00e9 & beaut\u00e9 au Maroc\",\"description\":\"vendre vitamines et compl\u00e9ments premium des USA &amp; Canada, Nouvelle Z\u00e9lande,Maroc (NOW Foods, Solgar, Manuka). Livraison rapide partout au Maroc.\",\"publisher\":{\"@id\":\"https:\\\/\\\/vitablanca.ma\\\/#organization\"},\"alternateName\":\"VitaBlanca.ma\",\"potentialAction\":[{\"@type\":\"SearchAction\",\"target\":{\"@type\":\"EntryPoint\",\"urlTemplate\":\"https:\\\/\\\/vitablanca.ma\\\/?s={search_term_string}\"},\"query-input\":{\"@type\":\"PropertyValueSpecification\",\"valueRequired\":true,\"valueName\":\"search_term_string\"}}],\"inLanguage\":\"en-US\"},{\"@type\":\"Organization\",\"@id\":\"https:\\\/\\\/vitablanca.ma\\\/#organization\",\"name\":\"VitaBlanca\",\"url\":\"https:\\\/\\\/vitablanca.ma\\\/\",\"logo\":{\"@type\":\"ImageObject\",\"inLanguage\":\"en-US\",\"@id\":\"https:\\\/\\\/vitablanca.ma\\\/#\\\/schema\\\/logo\\\/image\\\/\",\"url\":\"https:\\\/\\\/vitablanca.ma\\\/wp-content\\\/uploads\\\/2025\\\/05\\\/cropped-vitablanca.png\",\"contentUrl\":\"https:\\\/\\\/vitablanca.ma\\\/wp-content\\\/uploads\\\/2025\\\/05\\\/cropped-vitablanca.png\",\"width\":360,\"height\":67,\"caption\":\"VitaBlanca\"},\"image\":{\"@id\":\"https:\\\/\\\/vitablanca.ma\\\/#\\\/schema\\\/logo\\\/image\\\/\"},\"sameAs\":[\"https:\\\/\\\/www.facebook.com\\\/profile.php?id=61576678196717\",\"https:\\\/\\\/www.tiktok.com\\\/@vitablanca.ma\",\"https:\\\/\\\/www.instagram.com\\\/vitablanca.ma\\\/\"]}]}<\/script>\n<!-- \/ Yoast SEO plugin. -->","yoast_head_json":{"title":"Covermark Luminous Compact Powder 10g - Morocco Price","description":"Covermark Luminous Compact Powder 10g","robots":{"index":"index","follow":"follow","max-snippet":"max-snippet:-1","max-image-preview":"max-image-preview:large","max-video-preview":"max-video-preview:-1"},"canonical":"https:\/\/vitablanca.ma\/en\/product\/covermark-luminous-compact-powder-10g\/","og_locale":"en_US","og_type":"article","og_title":"Covermark Luminous Compact Powder 10g - Maroc Prix","og_description":"Covermark Luminous Compact Powder 10g","og_url":"https:\/\/vitablanca.ma\/en\/product\/covermark-luminous-compact-powder-10g\/","og_site_name":"Vitablanca.ma &ndash; Sant&eacute;, vitalit&eacute; et bien-&ecirc;tre pour tous les Marocains","article_publisher":"https:\/\/www.facebook.com\/profile.php?id=61576678196717","article_modified_time":"2025-06-10T16:41:14+00:00","og_image":[{"width":1000,"height":1000,"url":"https:\/\/vitablanca.ma\/wp-content\/uploads\/2025\/06\/Covermark-Luminous-Compact-Powder-10g-nova-prapharmacie-maroc.jpg","type":"image\/jpeg"}],"twitter_card":"summary_large_image","twitter_misc":{"Est. reading time":"1 minute"},"schema":{"@context":"https:\/\/schema.org","@graph":[{"@type":["WebPage","ItemPage"],"@id":"https:\/\/vitablanca.ma\/produit\/covermark-luminous-compact-powder-10g\/","url":"https:\/\/vitablanca.ma\/produit\/covermark-luminous-compact-powder-10g\/","name":"Covermark Luminous Compact Powder 10g - Morocco Price","isPartOf":{"@id":"https:\/\/vitablanca.ma\/#website"},"primaryImageOfPage":{"@id":"https:\/\/vitablanca.ma\/produit\/covermark-luminous-compact-powder-10g\/#primaryimage"},"image":{"@id":"https:\/\/vitablanca.ma\/produit\/covermark-luminous-compact-powder-10g\/#primaryimage"},"thumbnailUrl":"https:\/\/vitablanca.ma\/wp-content\/uploads\/2025\/06\/Covermark-Luminous-Compact-Powder-10g-nova-prapharmacie-maroc.jpg","datePublished":"2025-06-10T16:41:13+00:00","dateModified":"2025-06-10T16:41:14+00:00","description":"Covermark Luminous Compact Powder 10g","breadcrumb":{"@id":"https:\/\/vitablanca.ma\/produit\/covermark-luminous-compact-powder-10g\/#breadcrumb"},"inLanguage":"en-US","potentialAction":[{"@type":"ReadAction","target":["https:\/\/vitablanca.ma\/produit\/covermark-luminous-compact-powder-10g\/"]}]},{"@type":"ImageObject","inLanguage":"en-US","@id":"https:\/\/vitablanca.ma\/produit\/covermark-luminous-compact-powder-10g\/#primaryimage","url":"https:\/\/vitablanca.ma\/wp-content\/uploads\/2025\/06\/Covermark-Luminous-Compact-Powder-10g-nova-prapharmacie-maroc.jpg","contentUrl":"https:\/\/vitablanca.ma\/wp-content\/uploads\/2025\/06\/Covermark-Luminous-Compact-Powder-10g-nova-prapharmacie-maroc.jpg","width":1000,"height":1000},{"@type":"BreadcrumbList","@id":"https:\/\/vitablanca.ma\/produit\/covermark-luminous-compact-powder-10g\/#breadcrumb","itemListElement":[{"@type":"ListItem","position":1,"name":"Home","item":"https:\/\/vitablanca.ma\/"},{"@type":"ListItem","position":2,"name":"Tous Les Produits","item":"https:\/\/vitablanca.ma\/tous-les-produits\/"},{"@type":"ListItem","position":3,"name":"Covermark Luminous Compact Powder 10g"}]},{"@type":"WebSite","@id":"https:\/\/vitablanca.ma\/#website","url":"https:\/\/vitablanca.ma\/","name":"VitaBlanca.ma | Food supplements, health &amp; beauty in Morocco","description":"sell premium vitamins and supplements from USA &amp; Canada, New Zealand, Morocco (NOW Foods, Solgar, Manuka). Fast delivery anywhere in Morocco.","publisher":{"@id":"https:\/\/vitablanca.ma\/#organization"},"alternateName":"VitaBlanca.ma","potentialAction":[{"@type":"SearchAction","target":{"@type":"EntryPoint","urlTemplate":"https:\/\/vitablanca.ma\/?s={search_term_string}"},"query-input":{"@type":"PropertyValueSpecification","valueRequired":true,"valueName":"search_term_string"}}],"inLanguage":"en-US"},{"@type":"Organization","@id":"https:\/\/vitablanca.ma\/#organization","name":"VitaBlanca","url":"https:\/\/vitablanca.ma\/","logo":{"@type":"ImageObject","inLanguage":"en-US","@id":"https:\/\/vitablanca.ma\/#\/schema\/logo\/image\/","url":"https:\/\/vitablanca.ma\/wp-content\/uploads\/2025\/05\/cropped-vitablanca.png","contentUrl":"https:\/\/vitablanca.ma\/wp-content\/uploads\/2025\/05\/cropped-vitablanca.png","width":360,"height":67,"caption":"VitaBlanca"},"image":{"@id":"https:\/\/vitablanca.ma\/#\/schema\/logo\/image\/"},"sameAs":["https:\/\/www.facebook.com\/profile.php?id=61576678196717","https:\/\/www.tiktok.com\/@vitablanca.ma","https:\/\/www.instagram.com\/vitablanca.ma\/"]}]}},"jetpack_sharing_enabled":true,"_links":{"self":[{"href":"https:\/\/vitablanca.ma\/en\/wp-json\/wp\/v2\/product\/16293","targetHints":{"allow":["GET"]}}],"collection":[{"href":"https:\/\/vitablanca.ma\/en\/wp-json\/wp\/v2\/product"}],"about":[{"href":"https:\/\/vitablanca.ma\/en\/wp-json\/wp\/v2\/types\/product"}],"wp:featuredmedia":[{"embeddable":true,"href":"https:\/\/vitablanca.ma\/en\/wp-json\/wp\/v2\/media\/16288"}],"wp:attachment":[{"href":"https:\/\/vitablanca.ma\/en\/wp-json\/wp\/v2\/media?parent=16293"}],"wp:term":[{"taxonomy":"product_brand","embeddable":true,"href":"https:\/\/vitablanca.ma\/en\/wp-json\/wp\/v2\/product_brand?post=16293"},{"taxonomy":"product_cat","embeddable":true,"href":"https:\/\/vitablanca.ma\/en\/wp-json\/wp\/v2\/product_cat?post=16293"},{"taxonomy":"product_tag","embeddable":true,"href":"https:\/\/vitablanca.ma\/en\/wp-json\/wp\/v2\/product_tag?post=16293"}],"curies":[{"name":"wp","href":"https:\/\/api.w.org\/{rel}","templated":true}]}}