{"id":16289,"date":"2025-06-10T16:41:10","date_gmt":"2025-06-10T16:41:10","guid":{"rendered":"https:\/\/vitablanca.ma\/product\/centaurea-gel-moussant-purifiant-surgras\/"},"modified":"2025-06-10T16:41:11","modified_gmt":"2025-06-10T16:41:11","slug":"centaurea-gel-moussant-purifiant-surgras","status":"publish","type":"product","link":"https:\/\/vitablanca.ma\/en\/product\/centaurea-gel-moussant-purifiant-surgras\/","title":{"rendered":"Centaurea Purifying Foaming Gel"},"content":{"rendered":"<h2>Centaurea Purifying Foaming Gel\u00a0<span data-mce-fragment=\"1\">to cleanse without damaging dry, very dry, sensitive skin<\/span><br \/>\n<\/h2>\n<h3>PROPERTIES<\/h3>\n<p><span>Specially developed to gently cleanse dry, very dry, sensitive, atopic-prone skin and prevent dryness. CENTAUREA Gentle foaming liquid superfatted cleansing gel preserves and moisturizes the skin of the face and body. Soap-free with a physiological pH that promotes the reconstitution of the hydrolipidic film at the epidermal level. High tolerance formula allows for safe daily use in babies, children and adults.<\/span><\/p>\n<h3>HOW TO USE<\/h3>\n<p><span>Apply the cleansing gel to wet skin, lather, then rinse thoroughly. Use daily, morning and\/or evening.<\/span><\/p>\n<h3>INGREDIENTS<\/h3>\n<p><span>WATER,MEA LAURYL SULFATE,DISODIUM LAURETH SULFOSUCCINATE,POLYQUATERNIUM 7,ALOE VERRA,LAURAMIDOPROPYL BETAINE,POLYQUATERNIUM,CALENDULA OFFICINALIS,ARTICUM LAPPA,PANTHENOL,DISODIUM EDTA,SODIUM DIHYDROACETATE,POTASSIUM SORBATE,SODIUM BENZOAT.<\/span><\/p>","protected":false},"excerpt":{"rendered":"<p>Centaurea Gel Moussant Purifiant Surgras\u00a0pour nettoyer sans agresser les peaux s\u00e8ches, tr\u00e8s s\u00e8ches, sensibles PROPRIET\u00c9S D\u00e9velopp\u00e9 sp\u00e9cialement pour nettoyer sans agresser les peaux s\u00e8ches, tr\u00e8s s\u00e8ches, sensibles, \u00e0 tendance atopique, et \u00e9viter le dess\u00e8chement. CENTAUREA Gel Nettoyant Surgras liquide moussant doux pr\u00e9serve et hydrate la peau du visage et du corps Sans savon avec un [&hellip;]<\/p>\n","protected":false},"featured_media":16285,"template":"","meta":{"om_disable_all_campaigns":false},"product_brand":[],"product_cat":[15],"product_tag":[],"class_list":{"0":"post-16289","1":"product","2":"type-product","3":"status-publish","4":"has-post-thumbnail","6":"product_cat-beaute-sante-complements-alimentaires-soins-et-bien-etre-au-meilleur-prix","8":"first","9":"instock","10":"sale","11":"taxable","12":"shipping-taxable","13":"purchasable","14":"product-type-variable"},"yoast_head":"<!-- This site is optimized with the Yoast SEO plugin v27.3 - https:\/\/yoast.com\/product\/yoast-seo-wordpress\/ -->\n<title>Centaurea Gel Moussant Purifiant Surgras - Maroc Prix<\/title>\n<meta name=\"description\" content=\"Centaurea Gel Moussant Purifiant Surgras\" \/>\n<meta name=\"robots\" content=\"index, follow, max-snippet:-1, max-image-preview:large, max-video-preview:-1\" \/>\n<link rel=\"canonical\" href=\"https:\/\/vitablanca.ma\/en\/product\/centaurea-gel-moussant-purifiant-surgras\/\" \/>\n<meta property=\"og:locale\" content=\"en_US\" \/>\n<meta property=\"og:type\" content=\"article\" \/>\n<meta property=\"og:title\" content=\"Centaurea Gel Moussant Purifiant Surgras - Maroc Prix\" \/>\n<meta property=\"og:description\" content=\"Centaurea Gel Moussant Purifiant Surgras\" \/>\n<meta property=\"og:url\" content=\"https:\/\/vitablanca.ma\/en\/product\/centaurea-gel-moussant-purifiant-surgras\/\" \/>\n<meta property=\"og:site_name\" content=\"Vitablanca.ma &ndash; Sant&eacute;, vitalit&eacute; et bien-&ecirc;tre pour tous les Marocains\" \/>\n<meta property=\"article:publisher\" content=\"https:\/\/www.facebook.com\/profile.php?id=61576678196717\" \/>\n<meta property=\"article:modified_time\" content=\"2025-06-10T16:41:11+00:00\" \/>\n<meta property=\"og:image\" content=\"https:\/\/vitablanca.ma\/wp-content\/uploads\/2025\/06\/Centaurea-Gel-Moussant-Purifiant-Surgras-200ml-nova-parapharmacie-maroc.jpg\" \/>\n\t<meta property=\"og:image:width\" content=\"1000\" \/>\n\t<meta property=\"og:image:height\" content=\"1000\" \/>\n\t<meta property=\"og:image:type\" content=\"image\/jpeg\" \/>\n<meta name=\"twitter:card\" content=\"summary_large_image\" \/>\n<meta name=\"twitter:label1\" content=\"Est. reading time\" \/>\n\t<meta name=\"twitter:data1\" content=\"1 minute\" \/>\n<script type=\"application\/ld+json\" class=\"yoast-schema-graph\">{\"@context\":\"https:\\\/\\\/schema.org\",\"@graph\":[{\"@type\":[\"WebPage\",\"ItemPage\"],\"@id\":\"https:\\\/\\\/vitablanca.ma\\\/produit\\\/centaurea-gel-moussant-purifiant-surgras\\\/\",\"url\":\"https:\\\/\\\/vitablanca.ma\\\/produit\\\/centaurea-gel-moussant-purifiant-surgras\\\/\",\"name\":\"Centaurea Gel Moussant Purifiant Surgras - Maroc Prix\",\"isPartOf\":{\"@id\":\"https:\\\/\\\/vitablanca.ma\\\/#website\"},\"primaryImageOfPage\":{\"@id\":\"https:\\\/\\\/vitablanca.ma\\\/produit\\\/centaurea-gel-moussant-purifiant-surgras\\\/#primaryimage\"},\"image\":{\"@id\":\"https:\\\/\\\/vitablanca.ma\\\/produit\\\/centaurea-gel-moussant-purifiant-surgras\\\/#primaryimage\"},\"thumbnailUrl\":\"https:\\\/\\\/vitablanca.ma\\\/wp-content\\\/uploads\\\/2025\\\/06\\\/Centaurea-Gel-Moussant-Purifiant-Surgras-200ml-nova-parapharmacie-maroc.jpg\",\"datePublished\":\"2025-06-10T16:41:10+00:00\",\"dateModified\":\"2025-06-10T16:41:11+00:00\",\"description\":\"Centaurea Gel Moussant Purifiant Surgras\",\"breadcrumb\":{\"@id\":\"https:\\\/\\\/vitablanca.ma\\\/produit\\\/centaurea-gel-moussant-purifiant-surgras\\\/#breadcrumb\"},\"inLanguage\":\"en-US\",\"potentialAction\":[{\"@type\":\"ReadAction\",\"target\":[\"https:\\\/\\\/vitablanca.ma\\\/produit\\\/centaurea-gel-moussant-purifiant-surgras\\\/\"]}]},{\"@type\":\"ImageObject\",\"inLanguage\":\"en-US\",\"@id\":\"https:\\\/\\\/vitablanca.ma\\\/produit\\\/centaurea-gel-moussant-purifiant-surgras\\\/#primaryimage\",\"url\":\"https:\\\/\\\/vitablanca.ma\\\/wp-content\\\/uploads\\\/2025\\\/06\\\/Centaurea-Gel-Moussant-Purifiant-Surgras-200ml-nova-parapharmacie-maroc.jpg\",\"contentUrl\":\"https:\\\/\\\/vitablanca.ma\\\/wp-content\\\/uploads\\\/2025\\\/06\\\/Centaurea-Gel-Moussant-Purifiant-Surgras-200ml-nova-parapharmacie-maroc.jpg\",\"width\":1000,\"height\":1000},{\"@type\":\"BreadcrumbList\",\"@id\":\"https:\\\/\\\/vitablanca.ma\\\/produit\\\/centaurea-gel-moussant-purifiant-surgras\\\/#breadcrumb\",\"itemListElement\":[{\"@type\":\"ListItem\",\"position\":1,\"name\":\"Home\",\"item\":\"https:\\\/\\\/vitablanca.ma\\\/\"},{\"@type\":\"ListItem\",\"position\":2,\"name\":\"Tous Les Produits\",\"item\":\"https:\\\/\\\/vitablanca.ma\\\/tous-les-produits\\\/\"},{\"@type\":\"ListItem\",\"position\":3,\"name\":\"Centaurea Gel Moussant Purifiant Surgras\"}]},{\"@type\":\"WebSite\",\"@id\":\"https:\\\/\\\/vitablanca.ma\\\/#website\",\"url\":\"https:\\\/\\\/vitablanca.ma\\\/\",\"name\":\"VitaBlanca.ma | Compl\u00e9ments alimentaires, sant\u00e9 & beaut\u00e9 au Maroc\",\"description\":\"vendre vitamines et compl\u00e9ments premium des USA &amp; Canada, Nouvelle Z\u00e9lande,Maroc (NOW Foods, Solgar, Manuka). Livraison rapide partout au Maroc.\",\"publisher\":{\"@id\":\"https:\\\/\\\/vitablanca.ma\\\/#organization\"},\"alternateName\":\"VitaBlanca.ma\",\"potentialAction\":[{\"@type\":\"SearchAction\",\"target\":{\"@type\":\"EntryPoint\",\"urlTemplate\":\"https:\\\/\\\/vitablanca.ma\\\/?s={search_term_string}\"},\"query-input\":{\"@type\":\"PropertyValueSpecification\",\"valueRequired\":true,\"valueName\":\"search_term_string\"}}],\"inLanguage\":\"en-US\"},{\"@type\":\"Organization\",\"@id\":\"https:\\\/\\\/vitablanca.ma\\\/#organization\",\"name\":\"VitaBlanca\",\"url\":\"https:\\\/\\\/vitablanca.ma\\\/\",\"logo\":{\"@type\":\"ImageObject\",\"inLanguage\":\"en-US\",\"@id\":\"https:\\\/\\\/vitablanca.ma\\\/#\\\/schema\\\/logo\\\/image\\\/\",\"url\":\"https:\\\/\\\/vitablanca.ma\\\/wp-content\\\/uploads\\\/2025\\\/05\\\/cropped-vitablanca.png\",\"contentUrl\":\"https:\\\/\\\/vitablanca.ma\\\/wp-content\\\/uploads\\\/2025\\\/05\\\/cropped-vitablanca.png\",\"width\":360,\"height\":67,\"caption\":\"VitaBlanca\"},\"image\":{\"@id\":\"https:\\\/\\\/vitablanca.ma\\\/#\\\/schema\\\/logo\\\/image\\\/\"},\"sameAs\":[\"https:\\\/\\\/www.facebook.com\\\/profile.php?id=61576678196717\",\"https:\\\/\\\/www.tiktok.com\\\/@vitablanca.ma\",\"https:\\\/\\\/www.instagram.com\\\/vitablanca.ma\\\/\"]}]}<\/script>\n<!-- \/ Yoast SEO plugin. -->","yoast_head_json":{"title":"Centaurea Purifying Foaming Gel - Morocco Price","description":"Centaurea Purifying Foaming Gel","robots":{"index":"index","follow":"follow","max-snippet":"max-snippet:-1","max-image-preview":"max-image-preview:large","max-video-preview":"max-video-preview:-1"},"canonical":"https:\/\/vitablanca.ma\/en\/product\/centaurea-gel-moussant-purifiant-surgras\/","og_locale":"en_US","og_type":"article","og_title":"Centaurea Gel Moussant Purifiant Surgras - Maroc Prix","og_description":"Centaurea Gel Moussant Purifiant Surgras","og_url":"https:\/\/vitablanca.ma\/en\/product\/centaurea-gel-moussant-purifiant-surgras\/","og_site_name":"Vitablanca.ma &ndash; Sant&eacute;, vitalit&eacute; et bien-&ecirc;tre pour tous les Marocains","article_publisher":"https:\/\/www.facebook.com\/profile.php?id=61576678196717","article_modified_time":"2025-06-10T16:41:11+00:00","og_image":[{"width":1000,"height":1000,"url":"https:\/\/vitablanca.ma\/wp-content\/uploads\/2025\/06\/Centaurea-Gel-Moussant-Purifiant-Surgras-200ml-nova-parapharmacie-maroc.jpg","type":"image\/jpeg"}],"twitter_card":"summary_large_image","twitter_misc":{"Est. reading time":"1 minute"},"schema":{"@context":"https:\/\/schema.org","@graph":[{"@type":["WebPage","ItemPage"],"@id":"https:\/\/vitablanca.ma\/produit\/centaurea-gel-moussant-purifiant-surgras\/","url":"https:\/\/vitablanca.ma\/produit\/centaurea-gel-moussant-purifiant-surgras\/","name":"Centaurea Purifying Foaming Gel - Morocco Price","isPartOf":{"@id":"https:\/\/vitablanca.ma\/#website"},"primaryImageOfPage":{"@id":"https:\/\/vitablanca.ma\/produit\/centaurea-gel-moussant-purifiant-surgras\/#primaryimage"},"image":{"@id":"https:\/\/vitablanca.ma\/produit\/centaurea-gel-moussant-purifiant-surgras\/#primaryimage"},"thumbnailUrl":"https:\/\/vitablanca.ma\/wp-content\/uploads\/2025\/06\/Centaurea-Gel-Moussant-Purifiant-Surgras-200ml-nova-parapharmacie-maroc.jpg","datePublished":"2025-06-10T16:41:10+00:00","dateModified":"2025-06-10T16:41:11+00:00","description":"Centaurea Purifying Foaming Gel","breadcrumb":{"@id":"https:\/\/vitablanca.ma\/produit\/centaurea-gel-moussant-purifiant-surgras\/#breadcrumb"},"inLanguage":"en-US","potentialAction":[{"@type":"ReadAction","target":["https:\/\/vitablanca.ma\/produit\/centaurea-gel-moussant-purifiant-surgras\/"]}]},{"@type":"ImageObject","inLanguage":"en-US","@id":"https:\/\/vitablanca.ma\/produit\/centaurea-gel-moussant-purifiant-surgras\/#primaryimage","url":"https:\/\/vitablanca.ma\/wp-content\/uploads\/2025\/06\/Centaurea-Gel-Moussant-Purifiant-Surgras-200ml-nova-parapharmacie-maroc.jpg","contentUrl":"https:\/\/vitablanca.ma\/wp-content\/uploads\/2025\/06\/Centaurea-Gel-Moussant-Purifiant-Surgras-200ml-nova-parapharmacie-maroc.jpg","width":1000,"height":1000},{"@type":"BreadcrumbList","@id":"https:\/\/vitablanca.ma\/produit\/centaurea-gel-moussant-purifiant-surgras\/#breadcrumb","itemListElement":[{"@type":"ListItem","position":1,"name":"Home","item":"https:\/\/vitablanca.ma\/"},{"@type":"ListItem","position":2,"name":"Tous Les Produits","item":"https:\/\/vitablanca.ma\/tous-les-produits\/"},{"@type":"ListItem","position":3,"name":"Centaurea Gel Moussant Purifiant Surgras"}]},{"@type":"WebSite","@id":"https:\/\/vitablanca.ma\/#website","url":"https:\/\/vitablanca.ma\/","name":"VitaBlanca.ma | Food supplements, health &amp; beauty in Morocco","description":"sell premium vitamins and supplements from USA &amp; Canada, New Zealand, Morocco (NOW Foods, Solgar, Manuka). Fast delivery anywhere in Morocco.","publisher":{"@id":"https:\/\/vitablanca.ma\/#organization"},"alternateName":"VitaBlanca.ma","potentialAction":[{"@type":"SearchAction","target":{"@type":"EntryPoint","urlTemplate":"https:\/\/vitablanca.ma\/?s={search_term_string}"},"query-input":{"@type":"PropertyValueSpecification","valueRequired":true,"valueName":"search_term_string"}}],"inLanguage":"en-US"},{"@type":"Organization","@id":"https:\/\/vitablanca.ma\/#organization","name":"VitaBlanca","url":"https:\/\/vitablanca.ma\/","logo":{"@type":"ImageObject","inLanguage":"en-US","@id":"https:\/\/vitablanca.ma\/#\/schema\/logo\/image\/","url":"https:\/\/vitablanca.ma\/wp-content\/uploads\/2025\/05\/cropped-vitablanca.png","contentUrl":"https:\/\/vitablanca.ma\/wp-content\/uploads\/2025\/05\/cropped-vitablanca.png","width":360,"height":67,"caption":"VitaBlanca"},"image":{"@id":"https:\/\/vitablanca.ma\/#\/schema\/logo\/image\/"},"sameAs":["https:\/\/www.facebook.com\/profile.php?id=61576678196717","https:\/\/www.tiktok.com\/@vitablanca.ma","https:\/\/www.instagram.com\/vitablanca.ma\/"]}]}},"jetpack_sharing_enabled":true,"_links":{"self":[{"href":"https:\/\/vitablanca.ma\/en\/wp-json\/wp\/v2\/product\/16289","targetHints":{"allow":["GET"]}}],"collection":[{"href":"https:\/\/vitablanca.ma\/en\/wp-json\/wp\/v2\/product"}],"about":[{"href":"https:\/\/vitablanca.ma\/en\/wp-json\/wp\/v2\/types\/product"}],"wp:featuredmedia":[{"embeddable":true,"href":"https:\/\/vitablanca.ma\/en\/wp-json\/wp\/v2\/media\/16285"}],"wp:attachment":[{"href":"https:\/\/vitablanca.ma\/en\/wp-json\/wp\/v2\/media?parent=16289"}],"wp:term":[{"taxonomy":"product_brand","embeddable":true,"href":"https:\/\/vitablanca.ma\/en\/wp-json\/wp\/v2\/product_brand?post=16289"},{"taxonomy":"product_cat","embeddable":true,"href":"https:\/\/vitablanca.ma\/en\/wp-json\/wp\/v2\/product_cat?post=16289"},{"taxonomy":"product_tag","embeddable":true,"href":"https:\/\/vitablanca.ma\/en\/wp-json\/wp\/v2\/product_tag?post=16289"}],"curies":[{"name":"wp","href":"https:\/\/api.w.org\/{rel}","templated":true}]}}