{"id":16283,"date":"2025-06-10T16:41:05","date_gmt":"2025-06-10T16:41:05","guid":{"rendered":"https:\/\/vitablanca.ma\/product\/centaurea-lait-depigmentant-hq-200ml\/"},"modified":"2025-06-10T16:41:05","modified_gmt":"2025-06-10T16:41:05","slug":"centaurea-lait-depigmentant-hq-200ml","status":"publish","type":"product","link":"https:\/\/vitablanca.ma\/en\/product\/centaurea-lait-depigmentant-hq-200ml\/","title":{"rendered":"Centaurea Depigmenting Milk HQ 200ml"},"content":{"rendered":"<h2>Centaurea Depigmenting Milk HQ <span data-mce-fragment=\"1\">combines natural moisturizing active ingredients\u00a0<\/span><br \/>\n<\/h2>\n<h3>PROPERTIES<\/h3>\n<p><span>CENTAUREA Intensive Depigmenting Milk is a specific treatment for pigmentation disorders of the body and face. Its complete and innovative formula, which combines natural moisturizing active ingredients associated with depigmenting active complexes, has an exfoliating and whitening action, which promotes the elimination of already established brown spots and a moisturizing action, which nourishes the skin in depth. CENTAUREA Depigmenting Milk significantly reduces hyperpigmentation and photo-aging of the skin caused by exposure to ultraviolet rays or pregnancy. Reduces the size of pores and stimulates cell renewal. CENTAUREA Milk evens out the complexion and restores suppleness, radiance and whiteness to your skin.<\/span><\/p>\n<h3>INDICATIONS<\/h3>\n<p><span>Apply CENTAUREA Intensive Depigmenting Milk, preferably in the evening, to clean, dry skin using circular movements.<\/span><\/p>\n<h3>HOW TO USE<\/h3>\n<p><span>Avoid prolonged exposure to the sun without sunscreen. Avoid contact with eyes and mucous membranes. Discontinue use if irritation occurs. Do not use on children under 12 years of age.<\/span><\/p>\n<h3>INGREDIENTS<\/h3>\n<p><span>Aqua, Coco-Caprylate\/Caprate, Niacinamide, Aloe Barbadensis Leaf Extract, Cetearyl Alcohol, Glycerin, Glyceryl Stearate, Zea Mays (Corn) Starch, Sodium Acrylates Copolymer, Tartaric Acid, Butylene Glycol, Alpha-Arbutin, Phenoxyethanol, Saxifraga Sarmentosa Extract, Carica Papaya (Papaya) Fruit Extract, Psidium Guajava Fruit Extract, Glycolic Acid, Allantoin, Ricinus Communis Seed Oil, Butyrospermum Parkii Butter, Ceteareth-20, Fragrance, Lecithin, Xanthan Gum, Disodium EDTA, BHT, Sodium Sulfite, Sodium Metabisulfite, Tocopherol.<\/span><\/p>","protected":false},"excerpt":{"rendered":"<p>Centaurea Lait D\u00e9pigmentant HQ combine des actifs hydratants naturels\u00a0 PROPRIET\u00c9S CENTAUREA Lait D\u00e9pigmentant intensif est un traitement sp\u00e9cifique pour les d\u00e9sordres pigmentaires du corps et du visage. sa formule compl\u00e8te et innovante, qui combine des actifs hydratants naturels associ\u00e9s aux complexes d\u2019actifs d\u00e9pigmentant, a une action exfoliante et blanchissante, qui favorise l\u2019\u00e9limination des taches brunes [&hellip;]<\/p>\n","protected":false},"featured_media":16282,"template":"","meta":{"om_disable_all_campaigns":false},"product_brand":[],"product_cat":[15],"product_tag":[],"class_list":{"0":"post-16283","1":"product","2":"type-product","3":"status-publish","4":"has-post-thumbnail","6":"product_cat-beaute-sante-complements-alimentaires-soins-et-bien-etre-au-meilleur-prix","8":"first","9":"instock","10":"sale","11":"taxable","12":"shipping-taxable","13":"purchasable","14":"product-type-simple"},"yoast_head":"<!-- This site is optimized with the Yoast SEO plugin v27.3 - https:\/\/yoast.com\/product\/yoast-seo-wordpress\/ -->\n<title>Centaurea Lait D\u00e9pigmentant HQ 200ml - Maroc Prix<\/title>\n<meta name=\"description\" content=\"Centaurea Lait D\u00e9pigmentant HQ 200ml\" \/>\n<meta name=\"robots\" content=\"index, follow, max-snippet:-1, max-image-preview:large, max-video-preview:-1\" \/>\n<link rel=\"canonical\" href=\"https:\/\/vitablanca.ma\/en\/product\/centaurea-lait-depigmentant-hq-200ml\/\" \/>\n<meta property=\"og:locale\" content=\"en_US\" \/>\n<meta property=\"og:type\" content=\"article\" \/>\n<meta property=\"og:title\" content=\"Centaurea Lait D\u00e9pigmentant HQ 200ml - Maroc Prix\" \/>\n<meta property=\"og:description\" content=\"Centaurea Lait D\u00e9pigmentant HQ 200ml\" \/>\n<meta property=\"og:url\" content=\"https:\/\/vitablanca.ma\/en\/product\/centaurea-lait-depigmentant-hq-200ml\/\" \/>\n<meta property=\"og:site_name\" content=\"Vitablanca.ma &ndash; Sant&eacute;, vitalit&eacute; et bien-&ecirc;tre pour tous les Marocains\" \/>\n<meta property=\"article:publisher\" content=\"https:\/\/www.facebook.com\/profile.php?id=61576678196717\" \/>\n<meta property=\"og:image\" content=\"https:\/\/vitablanca.ma\/wp-content\/uploads\/2025\/06\/Centaurea-Lait-Depigmentant-HQ-200ml-nova-parapharmacie-maroc.jpg\" \/>\n\t<meta property=\"og:image:width\" content=\"1000\" \/>\n\t<meta property=\"og:image:height\" content=\"1000\" \/>\n\t<meta property=\"og:image:type\" content=\"image\/jpeg\" \/>\n<meta name=\"twitter:card\" content=\"summary_large_image\" \/>\n<meta name=\"twitter:label1\" content=\"Est. reading time\" \/>\n\t<meta name=\"twitter:data1\" content=\"1 minute\" \/>\n<script type=\"application\/ld+json\" class=\"yoast-schema-graph\">{\"@context\":\"https:\\\/\\\/schema.org\",\"@graph\":[{\"@type\":[\"WebPage\",\"ItemPage\"],\"@id\":\"https:\\\/\\\/vitablanca.ma\\\/produit\\\/centaurea-lait-depigmentant-hq-200ml\\\/\",\"url\":\"https:\\\/\\\/vitablanca.ma\\\/produit\\\/centaurea-lait-depigmentant-hq-200ml\\\/\",\"name\":\"Centaurea Lait D\u00e9pigmentant HQ 200ml - Maroc Prix\",\"isPartOf\":{\"@id\":\"https:\\\/\\\/vitablanca.ma\\\/#website\"},\"primaryImageOfPage\":{\"@id\":\"https:\\\/\\\/vitablanca.ma\\\/produit\\\/centaurea-lait-depigmentant-hq-200ml\\\/#primaryimage\"},\"image\":{\"@id\":\"https:\\\/\\\/vitablanca.ma\\\/produit\\\/centaurea-lait-depigmentant-hq-200ml\\\/#primaryimage\"},\"thumbnailUrl\":\"https:\\\/\\\/vitablanca.ma\\\/wp-content\\\/uploads\\\/2025\\\/06\\\/Centaurea-Lait-Depigmentant-HQ-200ml-nova-parapharmacie-maroc.jpg\",\"datePublished\":\"2025-06-10T16:41:05+00:00\",\"description\":\"Centaurea Lait D\u00e9pigmentant HQ 200ml\",\"breadcrumb\":{\"@id\":\"https:\\\/\\\/vitablanca.ma\\\/produit\\\/centaurea-lait-depigmentant-hq-200ml\\\/#breadcrumb\"},\"inLanguage\":\"en-US\",\"potentialAction\":[{\"@type\":\"ReadAction\",\"target\":[\"https:\\\/\\\/vitablanca.ma\\\/produit\\\/centaurea-lait-depigmentant-hq-200ml\\\/\"]}]},{\"@type\":\"ImageObject\",\"inLanguage\":\"en-US\",\"@id\":\"https:\\\/\\\/vitablanca.ma\\\/produit\\\/centaurea-lait-depigmentant-hq-200ml\\\/#primaryimage\",\"url\":\"https:\\\/\\\/vitablanca.ma\\\/wp-content\\\/uploads\\\/2025\\\/06\\\/Centaurea-Lait-Depigmentant-HQ-200ml-nova-parapharmacie-maroc.jpg\",\"contentUrl\":\"https:\\\/\\\/vitablanca.ma\\\/wp-content\\\/uploads\\\/2025\\\/06\\\/Centaurea-Lait-Depigmentant-HQ-200ml-nova-parapharmacie-maroc.jpg\",\"width\":1000,\"height\":1000},{\"@type\":\"BreadcrumbList\",\"@id\":\"https:\\\/\\\/vitablanca.ma\\\/produit\\\/centaurea-lait-depigmentant-hq-200ml\\\/#breadcrumb\",\"itemListElement\":[{\"@type\":\"ListItem\",\"position\":1,\"name\":\"Home\",\"item\":\"https:\\\/\\\/vitablanca.ma\\\/\"},{\"@type\":\"ListItem\",\"position\":2,\"name\":\"Tous Les Produits\",\"item\":\"https:\\\/\\\/vitablanca.ma\\\/tous-les-produits\\\/\"},{\"@type\":\"ListItem\",\"position\":3,\"name\":\"Centaurea Lait D\u00e9pigmentant HQ 200ml\"}]},{\"@type\":\"WebSite\",\"@id\":\"https:\\\/\\\/vitablanca.ma\\\/#website\",\"url\":\"https:\\\/\\\/vitablanca.ma\\\/\",\"name\":\"VitaBlanca.ma | Compl\u00e9ments alimentaires, sant\u00e9 & beaut\u00e9 au Maroc\",\"description\":\"vendre vitamines et compl\u00e9ments premium des USA &amp; Canada, Nouvelle Z\u00e9lande,Maroc (NOW Foods, Solgar, Manuka). Livraison rapide partout au Maroc.\",\"publisher\":{\"@id\":\"https:\\\/\\\/vitablanca.ma\\\/#organization\"},\"alternateName\":\"VitaBlanca.ma\",\"potentialAction\":[{\"@type\":\"SearchAction\",\"target\":{\"@type\":\"EntryPoint\",\"urlTemplate\":\"https:\\\/\\\/vitablanca.ma\\\/?s={search_term_string}\"},\"query-input\":{\"@type\":\"PropertyValueSpecification\",\"valueRequired\":true,\"valueName\":\"search_term_string\"}}],\"inLanguage\":\"en-US\"},{\"@type\":\"Organization\",\"@id\":\"https:\\\/\\\/vitablanca.ma\\\/#organization\",\"name\":\"VitaBlanca\",\"url\":\"https:\\\/\\\/vitablanca.ma\\\/\",\"logo\":{\"@type\":\"ImageObject\",\"inLanguage\":\"en-US\",\"@id\":\"https:\\\/\\\/vitablanca.ma\\\/#\\\/schema\\\/logo\\\/image\\\/\",\"url\":\"https:\\\/\\\/vitablanca.ma\\\/wp-content\\\/uploads\\\/2025\\\/05\\\/cropped-vitablanca.png\",\"contentUrl\":\"https:\\\/\\\/vitablanca.ma\\\/wp-content\\\/uploads\\\/2025\\\/05\\\/cropped-vitablanca.png\",\"width\":360,\"height\":67,\"caption\":\"VitaBlanca\"},\"image\":{\"@id\":\"https:\\\/\\\/vitablanca.ma\\\/#\\\/schema\\\/logo\\\/image\\\/\"},\"sameAs\":[\"https:\\\/\\\/www.facebook.com\\\/profile.php?id=61576678196717\",\"https:\\\/\\\/www.tiktok.com\\\/@vitablanca.ma\",\"https:\\\/\\\/www.instagram.com\\\/vitablanca.ma\\\/\"]}]}<\/script>\n<!-- \/ Yoast SEO plugin. -->","yoast_head_json":{"title":"Centaurea Depigmenting Milk HQ 200ml - Morocco Price","description":"Centaurea Depigmenting Milk HQ 200ml","robots":{"index":"index","follow":"follow","max-snippet":"max-snippet:-1","max-image-preview":"max-image-preview:large","max-video-preview":"max-video-preview:-1"},"canonical":"https:\/\/vitablanca.ma\/en\/product\/centaurea-lait-depigmentant-hq-200ml\/","og_locale":"en_US","og_type":"article","og_title":"Centaurea Lait D\u00e9pigmentant HQ 200ml - Maroc Prix","og_description":"Centaurea Lait D\u00e9pigmentant HQ 200ml","og_url":"https:\/\/vitablanca.ma\/en\/product\/centaurea-lait-depigmentant-hq-200ml\/","og_site_name":"Vitablanca.ma &ndash; Sant&eacute;, vitalit&eacute; et bien-&ecirc;tre pour tous les Marocains","article_publisher":"https:\/\/www.facebook.com\/profile.php?id=61576678196717","og_image":[{"width":1000,"height":1000,"url":"https:\/\/vitablanca.ma\/wp-content\/uploads\/2025\/06\/Centaurea-Lait-Depigmentant-HQ-200ml-nova-parapharmacie-maroc.jpg","type":"image\/jpeg"}],"twitter_card":"summary_large_image","twitter_misc":{"Est. reading time":"1 minute"},"schema":{"@context":"https:\/\/schema.org","@graph":[{"@type":["WebPage","ItemPage"],"@id":"https:\/\/vitablanca.ma\/produit\/centaurea-lait-depigmentant-hq-200ml\/","url":"https:\/\/vitablanca.ma\/produit\/centaurea-lait-depigmentant-hq-200ml\/","name":"Centaurea Depigmenting Milk HQ 200ml - Morocco Price","isPartOf":{"@id":"https:\/\/vitablanca.ma\/#website"},"primaryImageOfPage":{"@id":"https:\/\/vitablanca.ma\/produit\/centaurea-lait-depigmentant-hq-200ml\/#primaryimage"},"image":{"@id":"https:\/\/vitablanca.ma\/produit\/centaurea-lait-depigmentant-hq-200ml\/#primaryimage"},"thumbnailUrl":"https:\/\/vitablanca.ma\/wp-content\/uploads\/2025\/06\/Centaurea-Lait-Depigmentant-HQ-200ml-nova-parapharmacie-maroc.jpg","datePublished":"2025-06-10T16:41:05+00:00","description":"Centaurea Depigmenting Milk HQ 200ml","breadcrumb":{"@id":"https:\/\/vitablanca.ma\/produit\/centaurea-lait-depigmentant-hq-200ml\/#breadcrumb"},"inLanguage":"en-US","potentialAction":[{"@type":"ReadAction","target":["https:\/\/vitablanca.ma\/produit\/centaurea-lait-depigmentant-hq-200ml\/"]}]},{"@type":"ImageObject","inLanguage":"en-US","@id":"https:\/\/vitablanca.ma\/produit\/centaurea-lait-depigmentant-hq-200ml\/#primaryimage","url":"https:\/\/vitablanca.ma\/wp-content\/uploads\/2025\/06\/Centaurea-Lait-Depigmentant-HQ-200ml-nova-parapharmacie-maroc.jpg","contentUrl":"https:\/\/vitablanca.ma\/wp-content\/uploads\/2025\/06\/Centaurea-Lait-Depigmentant-HQ-200ml-nova-parapharmacie-maroc.jpg","width":1000,"height":1000},{"@type":"BreadcrumbList","@id":"https:\/\/vitablanca.ma\/produit\/centaurea-lait-depigmentant-hq-200ml\/#breadcrumb","itemListElement":[{"@type":"ListItem","position":1,"name":"Home","item":"https:\/\/vitablanca.ma\/"},{"@type":"ListItem","position":2,"name":"Tous Les Produits","item":"https:\/\/vitablanca.ma\/tous-les-produits\/"},{"@type":"ListItem","position":3,"name":"Centaurea Lait D\u00e9pigmentant HQ 200ml"}]},{"@type":"WebSite","@id":"https:\/\/vitablanca.ma\/#website","url":"https:\/\/vitablanca.ma\/","name":"VitaBlanca.ma | Food supplements, health &amp; beauty in Morocco","description":"sell premium vitamins and supplements from USA &amp; Canada, New Zealand, Morocco (NOW Foods, Solgar, Manuka). Fast delivery anywhere in Morocco.","publisher":{"@id":"https:\/\/vitablanca.ma\/#organization"},"alternateName":"VitaBlanca.ma","potentialAction":[{"@type":"SearchAction","target":{"@type":"EntryPoint","urlTemplate":"https:\/\/vitablanca.ma\/?s={search_term_string}"},"query-input":{"@type":"PropertyValueSpecification","valueRequired":true,"valueName":"search_term_string"}}],"inLanguage":"en-US"},{"@type":"Organization","@id":"https:\/\/vitablanca.ma\/#organization","name":"VitaBlanca","url":"https:\/\/vitablanca.ma\/","logo":{"@type":"ImageObject","inLanguage":"en-US","@id":"https:\/\/vitablanca.ma\/#\/schema\/logo\/image\/","url":"https:\/\/vitablanca.ma\/wp-content\/uploads\/2025\/05\/cropped-vitablanca.png","contentUrl":"https:\/\/vitablanca.ma\/wp-content\/uploads\/2025\/05\/cropped-vitablanca.png","width":360,"height":67,"caption":"VitaBlanca"},"image":{"@id":"https:\/\/vitablanca.ma\/#\/schema\/logo\/image\/"},"sameAs":["https:\/\/www.facebook.com\/profile.php?id=61576678196717","https:\/\/www.tiktok.com\/@vitablanca.ma","https:\/\/www.instagram.com\/vitablanca.ma\/"]}]}},"jetpack_sharing_enabled":true,"_links":{"self":[{"href":"https:\/\/vitablanca.ma\/en\/wp-json\/wp\/v2\/product\/16283","targetHints":{"allow":["GET"]}}],"collection":[{"href":"https:\/\/vitablanca.ma\/en\/wp-json\/wp\/v2\/product"}],"about":[{"href":"https:\/\/vitablanca.ma\/en\/wp-json\/wp\/v2\/types\/product"}],"wp:featuredmedia":[{"embeddable":true,"href":"https:\/\/vitablanca.ma\/en\/wp-json\/wp\/v2\/media\/16282"}],"wp:attachment":[{"href":"https:\/\/vitablanca.ma\/en\/wp-json\/wp\/v2\/media?parent=16283"}],"wp:term":[{"taxonomy":"product_brand","embeddable":true,"href":"https:\/\/vitablanca.ma\/en\/wp-json\/wp\/v2\/product_brand?post=16283"},{"taxonomy":"product_cat","embeddable":true,"href":"https:\/\/vitablanca.ma\/en\/wp-json\/wp\/v2\/product_cat?post=16283"},{"taxonomy":"product_tag","embeddable":true,"href":"https:\/\/vitablanca.ma\/en\/wp-json\/wp\/v2\/product_tag?post=16283"}],"curies":[{"name":"wp","href":"https:\/\/api.w.org\/{rel}","templated":true}]}}