{"id":16221,"date":"2025-06-10T16:40:21","date_gmt":"2025-06-10T16:40:21","guid":{"rendered":"https:\/\/vitablanca.ma\/product\/camomilla-blu-protective-nettoyant-intime-ph-8-5-300ml\/"},"modified":"2025-06-10T16:40:21","modified_gmt":"2025-06-10T16:40:21","slug":"camomilla-blu-protective-nettoyant-intime-ph-8-5-300ml","status":"publish","type":"product","link":"https:\/\/vitablanca.ma\/en\/product\/camomilla-blu-protective-nettoyant-intime-ph-8-5-300ml\/","title":{"rendered":"Camomilla Blu Protective Intimate Cleanser Ph 8.5 300ml"},"content":{"rendered":"<h2>Camomilla Blu Protective Intimate Cleanser Ph 8.5<\/h2>\n<p>300ml<\/p>\n<h3><span>DESCRIPTION:<\/span><\/h3>\n<div class=\"tab-content\" id=\"tab-content\">\n<div role=\"tabpanel\" class=\"tab-pane fade in active\" id=\"description\">\n<div class=\"product-description\">\n<p>Camomilla Blu Intimo Rosa Soothing Intimate Cleanser Ph 8.5 (300ml)<\/p>\n<p>Gentle cleanser with neutral pH, ideal for combating intimate itching and irritation. Excellent aid for the prevention and treatment of candidiasis and mycoses in general. Contains an antibacterial.<\/p>\n<h3><span>Directions for use:<\/span><\/h3>\n<p>Apply the product to intimate areas, then rinse. For external use.<\/p>\n<p>\u00a0<\/p>\n<\/div>\n<\/div>\n<\/div>","protected":false},"excerpt":{"rendered":"<p>Camomilla Blu Protective Nettoyant Intime Ph 8.5 300ml DESCRIPTION: Camomilla Blu Intimo Rosa nettoyant intime apaisant P.h 8.5 (300ml) Nettoyant d\u00e9licat au PH neutre id\u00e9al pour lutter contre les d\u00e9mangeaisons et les irritations intimes. Excellent auxiliaires pour la pr\u00e9vention et le traitement des candidoses et des mycoses en g\u00e9n\u00e9ral. Contient un antibact\u00e9rien . Conseils D\u2019utilisations: [&hellip;]<\/p>\n","protected":false},"featured_media":16218,"template":"","meta":{"om_disable_all_campaigns":false},"product_brand":[],"product_cat":[15],"product_tag":[],"class_list":{"0":"post-16221","1":"product","2":"type-product","3":"status-publish","4":"has-post-thumbnail","6":"product_cat-beaute-sante-complements-alimentaires-soins-et-bien-etre-au-meilleur-prix","8":"first","9":"instock","10":"sale","11":"taxable","12":"shipping-taxable","13":"purchasable","14":"product-type-simple"},"yoast_head":"<!-- This site is optimized with the Yoast SEO plugin v27.3 - https:\/\/yoast.com\/product\/yoast-seo-wordpress\/ -->\n<title>Camomilla Blu Protective Nettoyant Intime Ph 8.5 300ml - Maroc Prix<\/title>\n<meta name=\"description\" content=\"Camomilla Blu Protective Nettoyant Intime Ph 8.5 300ml\" \/>\n<meta name=\"robots\" content=\"index, follow, max-snippet:-1, max-image-preview:large, max-video-preview:-1\" \/>\n<link rel=\"canonical\" href=\"https:\/\/vitablanca.ma\/en\/product\/camomilla-blu-protective-nettoyant-intime-ph-8-5-300ml\/\" \/>\n<meta property=\"og:locale\" content=\"en_US\" \/>\n<meta property=\"og:type\" content=\"article\" \/>\n<meta property=\"og:title\" content=\"Camomilla Blu Protective Nettoyant Intime Ph 8.5 300ml - Maroc Prix\" \/>\n<meta property=\"og:description\" content=\"Camomilla Blu Protective Nettoyant Intime Ph 8.5 300ml\" \/>\n<meta property=\"og:url\" content=\"https:\/\/vitablanca.ma\/en\/product\/camomilla-blu-protective-nettoyant-intime-ph-8-5-300ml\/\" \/>\n<meta property=\"og:site_name\" content=\"Vitablanca.ma &ndash; Sant&eacute;, vitalit&eacute; et bien-&ecirc;tre pour tous les Marocains\" \/>\n<meta property=\"article:publisher\" content=\"https:\/\/www.facebook.com\/profile.php?id=61576678196717\" \/>\n<meta property=\"og:image\" content=\"https:\/\/vitablanca.ma\/wp-content\/uploads\/2025\/06\/Camomilla-Blu-Protective-Nettoyant-Intime-Ph-8.5-300ml-prix-maroc-parapharmacie-casablanca.jpg\" \/>\n\t<meta property=\"og:image:width\" content=\"1000\" \/>\n\t<meta property=\"og:image:height\" content=\"1000\" \/>\n\t<meta property=\"og:image:type\" content=\"image\/jpeg\" \/>\n<meta name=\"twitter:card\" content=\"summary_large_image\" \/>\n<script type=\"application\/ld+json\" class=\"yoast-schema-graph\">{\"@context\":\"https:\\\/\\\/schema.org\",\"@graph\":[{\"@type\":[\"WebPage\",\"ItemPage\"],\"@id\":\"https:\\\/\\\/vitablanca.ma\\\/produit\\\/camomilla-blu-protective-nettoyant-intime-ph-8-5-300ml\\\/\",\"url\":\"https:\\\/\\\/vitablanca.ma\\\/produit\\\/camomilla-blu-protective-nettoyant-intime-ph-8-5-300ml\\\/\",\"name\":\"Camomilla Blu Protective Nettoyant Intime Ph 8.5 300ml - Maroc Prix\",\"isPartOf\":{\"@id\":\"https:\\\/\\\/vitablanca.ma\\\/#website\"},\"primaryImageOfPage\":{\"@id\":\"https:\\\/\\\/vitablanca.ma\\\/produit\\\/camomilla-blu-protective-nettoyant-intime-ph-8-5-300ml\\\/#primaryimage\"},\"image\":{\"@id\":\"https:\\\/\\\/vitablanca.ma\\\/produit\\\/camomilla-blu-protective-nettoyant-intime-ph-8-5-300ml\\\/#primaryimage\"},\"thumbnailUrl\":\"https:\\\/\\\/vitablanca.ma\\\/wp-content\\\/uploads\\\/2025\\\/06\\\/Camomilla-Blu-Protective-Nettoyant-Intime-Ph-8.5-300ml-prix-maroc-parapharmacie-casablanca.jpg\",\"datePublished\":\"2025-06-10T16:40:21+00:00\",\"description\":\"Camomilla Blu Protective Nettoyant Intime Ph 8.5 300ml\",\"breadcrumb\":{\"@id\":\"https:\\\/\\\/vitablanca.ma\\\/produit\\\/camomilla-blu-protective-nettoyant-intime-ph-8-5-300ml\\\/#breadcrumb\"},\"inLanguage\":\"en-US\",\"potentialAction\":[{\"@type\":\"ReadAction\",\"target\":[\"https:\\\/\\\/vitablanca.ma\\\/produit\\\/camomilla-blu-protective-nettoyant-intime-ph-8-5-300ml\\\/\"]}]},{\"@type\":\"ImageObject\",\"inLanguage\":\"en-US\",\"@id\":\"https:\\\/\\\/vitablanca.ma\\\/produit\\\/camomilla-blu-protective-nettoyant-intime-ph-8-5-300ml\\\/#primaryimage\",\"url\":\"https:\\\/\\\/vitablanca.ma\\\/wp-content\\\/uploads\\\/2025\\\/06\\\/Camomilla-Blu-Protective-Nettoyant-Intime-Ph-8.5-300ml-prix-maroc-parapharmacie-casablanca.jpg\",\"contentUrl\":\"https:\\\/\\\/vitablanca.ma\\\/wp-content\\\/uploads\\\/2025\\\/06\\\/Camomilla-Blu-Protective-Nettoyant-Intime-Ph-8.5-300ml-prix-maroc-parapharmacie-casablanca.jpg\",\"width\":1000,\"height\":1000},{\"@type\":\"BreadcrumbList\",\"@id\":\"https:\\\/\\\/vitablanca.ma\\\/produit\\\/camomilla-blu-protective-nettoyant-intime-ph-8-5-300ml\\\/#breadcrumb\",\"itemListElement\":[{\"@type\":\"ListItem\",\"position\":1,\"name\":\"Home\",\"item\":\"https:\\\/\\\/vitablanca.ma\\\/\"},{\"@type\":\"ListItem\",\"position\":2,\"name\":\"Tous Les Produits\",\"item\":\"https:\\\/\\\/vitablanca.ma\\\/tous-les-produits\\\/\"},{\"@type\":\"ListItem\",\"position\":3,\"name\":\"Camomilla Blu Protective Nettoyant Intime Ph 8.5 300ml\"}]},{\"@type\":\"WebSite\",\"@id\":\"https:\\\/\\\/vitablanca.ma\\\/#website\",\"url\":\"https:\\\/\\\/vitablanca.ma\\\/\",\"name\":\"VitaBlanca.ma | Compl\u00e9ments alimentaires, sant\u00e9 & beaut\u00e9 au Maroc\",\"description\":\"vendre vitamines et compl\u00e9ments premium des USA &amp; Canada, Nouvelle Z\u00e9lande,Maroc (NOW Foods, Solgar, Manuka). Livraison rapide partout au Maroc.\",\"publisher\":{\"@id\":\"https:\\\/\\\/vitablanca.ma\\\/#organization\"},\"alternateName\":\"VitaBlanca.ma\",\"potentialAction\":[{\"@type\":\"SearchAction\",\"target\":{\"@type\":\"EntryPoint\",\"urlTemplate\":\"https:\\\/\\\/vitablanca.ma\\\/?s={search_term_string}\"},\"query-input\":{\"@type\":\"PropertyValueSpecification\",\"valueRequired\":true,\"valueName\":\"search_term_string\"}}],\"inLanguage\":\"en-US\"},{\"@type\":\"Organization\",\"@id\":\"https:\\\/\\\/vitablanca.ma\\\/#organization\",\"name\":\"VitaBlanca\",\"url\":\"https:\\\/\\\/vitablanca.ma\\\/\",\"logo\":{\"@type\":\"ImageObject\",\"inLanguage\":\"en-US\",\"@id\":\"https:\\\/\\\/vitablanca.ma\\\/#\\\/schema\\\/logo\\\/image\\\/\",\"url\":\"https:\\\/\\\/vitablanca.ma\\\/wp-content\\\/uploads\\\/2025\\\/05\\\/cropped-vitablanca.png\",\"contentUrl\":\"https:\\\/\\\/vitablanca.ma\\\/wp-content\\\/uploads\\\/2025\\\/05\\\/cropped-vitablanca.png\",\"width\":360,\"height\":67,\"caption\":\"VitaBlanca\"},\"image\":{\"@id\":\"https:\\\/\\\/vitablanca.ma\\\/#\\\/schema\\\/logo\\\/image\\\/\"},\"sameAs\":[\"https:\\\/\\\/www.facebook.com\\\/profile.php?id=61576678196717\",\"https:\\\/\\\/www.tiktok.com\\\/@vitablanca.ma\",\"https:\\\/\\\/www.instagram.com\\\/vitablanca.ma\\\/\"]}]}<\/script>\n<!-- \/ Yoast SEO plugin. -->","yoast_head_json":{"title":"Camomilla Blu Protective Intimate Cleanser Ph 8.5 300ml - Morocco Price","description":"Camomilla Blu Protective Intimate Cleanser Ph 8.5 300ml","robots":{"index":"index","follow":"follow","max-snippet":"max-snippet:-1","max-image-preview":"max-image-preview:large","max-video-preview":"max-video-preview:-1"},"canonical":"https:\/\/vitablanca.ma\/en\/product\/camomilla-blu-protective-nettoyant-intime-ph-8-5-300ml\/","og_locale":"en_US","og_type":"article","og_title":"Camomilla Blu Protective Nettoyant Intime Ph 8.5 300ml - Maroc Prix","og_description":"Camomilla Blu Protective Nettoyant Intime Ph 8.5 300ml","og_url":"https:\/\/vitablanca.ma\/en\/product\/camomilla-blu-protective-nettoyant-intime-ph-8-5-300ml\/","og_site_name":"Vitablanca.ma &ndash; Sant&eacute;, vitalit&eacute; et bien-&ecirc;tre pour tous les Marocains","article_publisher":"https:\/\/www.facebook.com\/profile.php?id=61576678196717","og_image":[{"width":1000,"height":1000,"url":"https:\/\/vitablanca.ma\/wp-content\/uploads\/2025\/06\/Camomilla-Blu-Protective-Nettoyant-Intime-Ph-8.5-300ml-prix-maroc-parapharmacie-casablanca.jpg","type":"image\/jpeg"}],"twitter_card":"summary_large_image","schema":{"@context":"https:\/\/schema.org","@graph":[{"@type":["WebPage","ItemPage"],"@id":"https:\/\/vitablanca.ma\/produit\/camomilla-blu-protective-nettoyant-intime-ph-8-5-300ml\/","url":"https:\/\/vitablanca.ma\/produit\/camomilla-blu-protective-nettoyant-intime-ph-8-5-300ml\/","name":"Camomilla Blu Protective Intimate Cleanser Ph 8.5 300ml - Morocco Price","isPartOf":{"@id":"https:\/\/vitablanca.ma\/#website"},"primaryImageOfPage":{"@id":"https:\/\/vitablanca.ma\/produit\/camomilla-blu-protective-nettoyant-intime-ph-8-5-300ml\/#primaryimage"},"image":{"@id":"https:\/\/vitablanca.ma\/produit\/camomilla-blu-protective-nettoyant-intime-ph-8-5-300ml\/#primaryimage"},"thumbnailUrl":"https:\/\/vitablanca.ma\/wp-content\/uploads\/2025\/06\/Camomilla-Blu-Protective-Nettoyant-Intime-Ph-8.5-300ml-prix-maroc-parapharmacie-casablanca.jpg","datePublished":"2025-06-10T16:40:21+00:00","description":"Camomilla Blu Protective Intimate Cleanser Ph 8.5 300ml","breadcrumb":{"@id":"https:\/\/vitablanca.ma\/produit\/camomilla-blu-protective-nettoyant-intime-ph-8-5-300ml\/#breadcrumb"},"inLanguage":"en-US","potentialAction":[{"@type":"ReadAction","target":["https:\/\/vitablanca.ma\/produit\/camomilla-blu-protective-nettoyant-intime-ph-8-5-300ml\/"]}]},{"@type":"ImageObject","inLanguage":"en-US","@id":"https:\/\/vitablanca.ma\/produit\/camomilla-blu-protective-nettoyant-intime-ph-8-5-300ml\/#primaryimage","url":"https:\/\/vitablanca.ma\/wp-content\/uploads\/2025\/06\/Camomilla-Blu-Protective-Nettoyant-Intime-Ph-8.5-300ml-prix-maroc-parapharmacie-casablanca.jpg","contentUrl":"https:\/\/vitablanca.ma\/wp-content\/uploads\/2025\/06\/Camomilla-Blu-Protective-Nettoyant-Intime-Ph-8.5-300ml-prix-maroc-parapharmacie-casablanca.jpg","width":1000,"height":1000},{"@type":"BreadcrumbList","@id":"https:\/\/vitablanca.ma\/produit\/camomilla-blu-protective-nettoyant-intime-ph-8-5-300ml\/#breadcrumb","itemListElement":[{"@type":"ListItem","position":1,"name":"Home","item":"https:\/\/vitablanca.ma\/"},{"@type":"ListItem","position":2,"name":"Tous Les Produits","item":"https:\/\/vitablanca.ma\/tous-les-produits\/"},{"@type":"ListItem","position":3,"name":"Camomilla Blu Protective Nettoyant Intime Ph 8.5 300ml"}]},{"@type":"WebSite","@id":"https:\/\/vitablanca.ma\/#website","url":"https:\/\/vitablanca.ma\/","name":"VitaBlanca.ma | Food supplements, health &amp; beauty in Morocco","description":"sell premium vitamins and supplements from USA &amp; Canada, New Zealand, Morocco (NOW Foods, Solgar, Manuka). Fast delivery anywhere in Morocco.","publisher":{"@id":"https:\/\/vitablanca.ma\/#organization"},"alternateName":"VitaBlanca.ma","potentialAction":[{"@type":"SearchAction","target":{"@type":"EntryPoint","urlTemplate":"https:\/\/vitablanca.ma\/?s={search_term_string}"},"query-input":{"@type":"PropertyValueSpecification","valueRequired":true,"valueName":"search_term_string"}}],"inLanguage":"en-US"},{"@type":"Organization","@id":"https:\/\/vitablanca.ma\/#organization","name":"VitaBlanca","url":"https:\/\/vitablanca.ma\/","logo":{"@type":"ImageObject","inLanguage":"en-US","@id":"https:\/\/vitablanca.ma\/#\/schema\/logo\/image\/","url":"https:\/\/vitablanca.ma\/wp-content\/uploads\/2025\/05\/cropped-vitablanca.png","contentUrl":"https:\/\/vitablanca.ma\/wp-content\/uploads\/2025\/05\/cropped-vitablanca.png","width":360,"height":67,"caption":"VitaBlanca"},"image":{"@id":"https:\/\/vitablanca.ma\/#\/schema\/logo\/image\/"},"sameAs":["https:\/\/www.facebook.com\/profile.php?id=61576678196717","https:\/\/www.tiktok.com\/@vitablanca.ma","https:\/\/www.instagram.com\/vitablanca.ma\/"]}]}},"jetpack_sharing_enabled":true,"_links":{"self":[{"href":"https:\/\/vitablanca.ma\/en\/wp-json\/wp\/v2\/product\/16221","targetHints":{"allow":["GET"]}}],"collection":[{"href":"https:\/\/vitablanca.ma\/en\/wp-json\/wp\/v2\/product"}],"about":[{"href":"https:\/\/vitablanca.ma\/en\/wp-json\/wp\/v2\/types\/product"}],"wp:featuredmedia":[{"embeddable":true,"href":"https:\/\/vitablanca.ma\/en\/wp-json\/wp\/v2\/media\/16218"}],"wp:attachment":[{"href":"https:\/\/vitablanca.ma\/en\/wp-json\/wp\/v2\/media?parent=16221"}],"wp:term":[{"taxonomy":"product_brand","embeddable":true,"href":"https:\/\/vitablanca.ma\/en\/wp-json\/wp\/v2\/product_brand?post=16221"},{"taxonomy":"product_cat","embeddable":true,"href":"https:\/\/vitablanca.ma\/en\/wp-json\/wp\/v2\/product_cat?post=16221"},{"taxonomy":"product_tag","embeddable":true,"href":"https:\/\/vitablanca.ma\/en\/wp-json\/wp\/v2\/product_tag?post=16221"}],"curies":[{"name":"wp","href":"https:\/\/api.w.org\/{rel}","templated":true}]}}