{"id":16208,"date":"2025-06-10T16:40:12","date_gmt":"2025-06-10T16:40:12","guid":{"rendered":"https:\/\/vitablanca.ma\/product\/cebelia-lait-toilette-nettoyant-demaquillant-douceur-visage-yeux-150-ml\/"},"modified":"2025-06-10T16:40:12","modified_gmt":"2025-06-10T16:40:12","slug":"cebelia-lait-toilette-nettoyant-demaquillant-douceur-visage-yeux-150-ml","status":"publish","type":"product","link":"https:\/\/vitablanca.ma\/en\/product\/cebelia-lait-toilette-nettoyant-demaquillant-douceur-visage-yeux-150-ml\/","title":{"rendered":"Cebelia Gentle Cleansing &amp; Makeup Remover Milk \u2013 Face &amp; Eyes 150 ml"},"content":{"rendered":"<h2>Cebelia Gentle Cleansing &amp; Makeup Remover Milk \u2013 Face &amp; Eyes<\/h2>\n<p>150 ml<\/p>\n<p><strong>Cebelia cleansing milk<\/strong>\u00a0is a treatment that is intended for everyone\u00a0<strong>skin types<\/strong>\u00a0in order to them\u00a0<strong>to clean<\/strong>\u00a0and to them\u00a0<strong>remove makeup<\/strong>\u00a0gently. Its melting texture allows you to remove makeup\u00a0<strong>face<\/strong>\u00a0and the\u00a0<strong>eyes.<\/strong>\u00a0This cleansing milk is enriched with\u00a0<strong>sweet almond oil<\/strong>\u00a0which restores the skin&#039;s lipid barrier.<\/p>\n<p>This softening oil is rich in\u00a0<strong>unsaturated fatty acids<\/strong>, and softens the skin. Delicately scented, this high-tolerance milk will respect the skin&#039;s natural balance and help fight skin aging. Paraffin is an excipient of active agents which increases their effectiveness tenfold.<\/p>\n<p>Thanks to the<strong>\u00a0Cebelia cleansing milk,<\/strong>\u00a0Impurities and traces of makeup, even around the eyes, are eliminated. The skin is freed from toxins and polluting microparticles that can suffocate the skin and which have accumulated during the day, leaving it feeling voluptuous, soft and with a fresh complexion during the beauty ritual.<\/p>\n<p><strong>Cebelia<\/strong>\u00a0is a French dermo-cosmetic brand 100% developed with the medical community. This brand allows the skin to regain comfort and serenity thanks to the safety and effectiveness of its ingredients. They will be recommended by dermatologists pre- and post-operatively as a daily skincare ritual.<\/p>","protected":false},"excerpt":{"rendered":"<p>Cebelia Lait Toilette Nettoyant &amp; D\u00e9maquillant Douceur &#8211; Visage &amp; Yeux 150 ml Le lait de toilette Cebelia\u00a0est un soin qui est destin\u00e9 \u00e0 tous\u00a0les types de peau\u00a0afin de les\u00a0nettoyer\u00a0et de les\u00a0d\u00e9maquiller\u00a0en douceur. Sa texture fondante permet de d\u00e9maquiller le\u00a0visage\u00a0et les\u00a0yeux.\u00a0Ce lait de toilette est enrichi en\u00a0huile d\u2019amande douce\u00a0qui restaure la barri\u00e8re lipidique cutan\u00e9e. Cette [&hellip;]<\/p>\n","protected":false},"featured_media":16203,"template":"","meta":{"om_disable_all_campaigns":false},"product_brand":[],"product_cat":[15],"product_tag":[],"class_list":{"0":"post-16208","1":"product","2":"type-product","3":"status-publish","4":"has-post-thumbnail","6":"product_cat-beaute-sante-complements-alimentaires-soins-et-bien-etre-au-meilleur-prix","8":"first","9":"instock","10":"sale","11":"taxable","12":"shipping-taxable","13":"purchasable","14":"product-type-simple"},"yoast_head":"<!-- This site is optimized with the Yoast SEO plugin v27.3 - https:\/\/yoast.com\/product\/yoast-seo-wordpress\/ -->\n<title>Cebelia Lait Toilette Nettoyant &amp; D\u00e9maquillant Douceur - Visage &amp; Yeux 150 ml - Maroc Prix<\/title>\n<meta name=\"description\" content=\"Cebelia Lait Toilette Nettoyant &amp; D\u00e9maquillant Douceur - Visage &amp; Yeux 150 ml\" \/>\n<meta name=\"robots\" content=\"index, follow, max-snippet:-1, max-image-preview:large, max-video-preview:-1\" \/>\n<link rel=\"canonical\" href=\"https:\/\/vitablanca.ma\/en\/product\/cebelia-lait-toilette-nettoyant-demaquillant-douceur-visage-yeux-150-ml\/\" \/>\n<meta property=\"og:locale\" content=\"en_US\" \/>\n<meta property=\"og:type\" content=\"article\" \/>\n<meta property=\"og:title\" content=\"Cebelia Lait Toilette Nettoyant &amp; D\u00e9maquillant Douceur - Visage &amp; Yeux 150 ml - Maroc Prix\" \/>\n<meta property=\"og:description\" content=\"Cebelia Lait Toilette Nettoyant &amp; D\u00e9maquillant Douceur - Visage &amp; Yeux 150 ml\" \/>\n<meta property=\"og:url\" content=\"https:\/\/vitablanca.ma\/en\/product\/cebelia-lait-toilette-nettoyant-demaquillant-douceur-visage-yeux-150-ml\/\" \/>\n<meta property=\"og:site_name\" content=\"Vitablanca.ma &ndash; Sant&eacute;, vitalit&eacute; et bien-&ecirc;tre pour tous les Marocains\" \/>\n<meta property=\"article:publisher\" content=\"https:\/\/www.facebook.com\/profile.php?id=61576678196717\" \/>\n<meta property=\"og:image\" content=\"https:\/\/vitablanca.ma\/wp-content\/uploads\/2025\/06\/Cebelia-Lait-Toilette-Nettoyant-_-Demaquillant-Douceur-Visage-_-Yeux-150-ml-prix-maroc-parapharmacie-casablanca.jpg\" \/>\n\t<meta property=\"og:image:width\" content=\"1000\" \/>\n\t<meta property=\"og:image:height\" content=\"1000\" \/>\n\t<meta property=\"og:image:type\" content=\"image\/jpeg\" \/>\n<meta name=\"twitter:card\" content=\"summary_large_image\" \/>\n<meta name=\"twitter:label1\" content=\"Est. reading time\" \/>\n\t<meta name=\"twitter:data1\" content=\"1 minute\" \/>\n<script type=\"application\/ld+json\" class=\"yoast-schema-graph\">{\"@context\":\"https:\\\/\\\/schema.org\",\"@graph\":[{\"@type\":[\"WebPage\",\"ItemPage\"],\"@id\":\"https:\\\/\\\/vitablanca.ma\\\/produit\\\/cebelia-lait-toilette-nettoyant-demaquillant-douceur-visage-yeux-150-ml\\\/\",\"url\":\"https:\\\/\\\/vitablanca.ma\\\/produit\\\/cebelia-lait-toilette-nettoyant-demaquillant-douceur-visage-yeux-150-ml\\\/\",\"name\":\"Cebelia Lait Toilette Nettoyant &amp; D\u00e9maquillant Douceur - Visage &amp; Yeux 150 ml - Maroc Prix\",\"isPartOf\":{\"@id\":\"https:\\\/\\\/vitablanca.ma\\\/#website\"},\"primaryImageOfPage\":{\"@id\":\"https:\\\/\\\/vitablanca.ma\\\/produit\\\/cebelia-lait-toilette-nettoyant-demaquillant-douceur-visage-yeux-150-ml\\\/#primaryimage\"},\"image\":{\"@id\":\"https:\\\/\\\/vitablanca.ma\\\/produit\\\/cebelia-lait-toilette-nettoyant-demaquillant-douceur-visage-yeux-150-ml\\\/#primaryimage\"},\"thumbnailUrl\":\"https:\\\/\\\/vitablanca.ma\\\/wp-content\\\/uploads\\\/2025\\\/06\\\/Cebelia-Lait-Toilette-Nettoyant-_-Demaquillant-Douceur-Visage-_-Yeux-150-ml-prix-maroc-parapharmacie-casablanca.jpg\",\"datePublished\":\"2025-06-10T16:40:12+00:00\",\"description\":\"Cebelia Lait Toilette Nettoyant &amp; D\u00e9maquillant Douceur - Visage &amp; Yeux 150 ml\",\"breadcrumb\":{\"@id\":\"https:\\\/\\\/vitablanca.ma\\\/produit\\\/cebelia-lait-toilette-nettoyant-demaquillant-douceur-visage-yeux-150-ml\\\/#breadcrumb\"},\"inLanguage\":\"en-US\",\"potentialAction\":[{\"@type\":\"ReadAction\",\"target\":[\"https:\\\/\\\/vitablanca.ma\\\/produit\\\/cebelia-lait-toilette-nettoyant-demaquillant-douceur-visage-yeux-150-ml\\\/\"]}]},{\"@type\":\"ImageObject\",\"inLanguage\":\"en-US\",\"@id\":\"https:\\\/\\\/vitablanca.ma\\\/produit\\\/cebelia-lait-toilette-nettoyant-demaquillant-douceur-visage-yeux-150-ml\\\/#primaryimage\",\"url\":\"https:\\\/\\\/vitablanca.ma\\\/wp-content\\\/uploads\\\/2025\\\/06\\\/Cebelia-Lait-Toilette-Nettoyant-_-Demaquillant-Douceur-Visage-_-Yeux-150-ml-prix-maroc-parapharmacie-casablanca.jpg\",\"contentUrl\":\"https:\\\/\\\/vitablanca.ma\\\/wp-content\\\/uploads\\\/2025\\\/06\\\/Cebelia-Lait-Toilette-Nettoyant-_-Demaquillant-Douceur-Visage-_-Yeux-150-ml-prix-maroc-parapharmacie-casablanca.jpg\",\"width\":1000,\"height\":1000},{\"@type\":\"BreadcrumbList\",\"@id\":\"https:\\\/\\\/vitablanca.ma\\\/produit\\\/cebelia-lait-toilette-nettoyant-demaquillant-douceur-visage-yeux-150-ml\\\/#breadcrumb\",\"itemListElement\":[{\"@type\":\"ListItem\",\"position\":1,\"name\":\"Home\",\"item\":\"https:\\\/\\\/vitablanca.ma\\\/\"},{\"@type\":\"ListItem\",\"position\":2,\"name\":\"Tous Les Produits\",\"item\":\"https:\\\/\\\/vitablanca.ma\\\/tous-les-produits\\\/\"},{\"@type\":\"ListItem\",\"position\":3,\"name\":\"Cebelia Lait Toilette Nettoyant &amp; D\u00e9maquillant Douceur &#8211; Visage &amp; Yeux 150 ml\"}]},{\"@type\":\"WebSite\",\"@id\":\"https:\\\/\\\/vitablanca.ma\\\/#website\",\"url\":\"https:\\\/\\\/vitablanca.ma\\\/\",\"name\":\"VitaBlanca.ma | Compl\u00e9ments alimentaires, sant\u00e9 & beaut\u00e9 au Maroc\",\"description\":\"vendre vitamines et compl\u00e9ments premium des USA &amp; Canada, Nouvelle Z\u00e9lande,Maroc (NOW Foods, Solgar, Manuka). Livraison rapide partout au Maroc.\",\"publisher\":{\"@id\":\"https:\\\/\\\/vitablanca.ma\\\/#organization\"},\"alternateName\":\"VitaBlanca.ma\",\"potentialAction\":[{\"@type\":\"SearchAction\",\"target\":{\"@type\":\"EntryPoint\",\"urlTemplate\":\"https:\\\/\\\/vitablanca.ma\\\/?s={search_term_string}\"},\"query-input\":{\"@type\":\"PropertyValueSpecification\",\"valueRequired\":true,\"valueName\":\"search_term_string\"}}],\"inLanguage\":\"en-US\"},{\"@type\":\"Organization\",\"@id\":\"https:\\\/\\\/vitablanca.ma\\\/#organization\",\"name\":\"VitaBlanca\",\"url\":\"https:\\\/\\\/vitablanca.ma\\\/\",\"logo\":{\"@type\":\"ImageObject\",\"inLanguage\":\"en-US\",\"@id\":\"https:\\\/\\\/vitablanca.ma\\\/#\\\/schema\\\/logo\\\/image\\\/\",\"url\":\"https:\\\/\\\/vitablanca.ma\\\/wp-content\\\/uploads\\\/2025\\\/05\\\/cropped-vitablanca.png\",\"contentUrl\":\"https:\\\/\\\/vitablanca.ma\\\/wp-content\\\/uploads\\\/2025\\\/05\\\/cropped-vitablanca.png\",\"width\":360,\"height\":67,\"caption\":\"VitaBlanca\"},\"image\":{\"@id\":\"https:\\\/\\\/vitablanca.ma\\\/#\\\/schema\\\/logo\\\/image\\\/\"},\"sameAs\":[\"https:\\\/\\\/www.facebook.com\\\/profile.php?id=61576678196717\",\"https:\\\/\\\/www.tiktok.com\\\/@vitablanca.ma\",\"https:\\\/\\\/www.instagram.com\\\/vitablanca.ma\\\/\"]}]}<\/script>\n<!-- \/ Yoast SEO plugin. -->","yoast_head_json":{"title":"Cebelia Gentle Cleansing &amp; Makeup Remover Milk - Face &amp; Eyes 150 ml - Morocco Price","description":"Cebelia Gentle Cleansing &amp; Makeup Remover Milk - Face &amp; Eyes 150 ml","robots":{"index":"index","follow":"follow","max-snippet":"max-snippet:-1","max-image-preview":"max-image-preview:large","max-video-preview":"max-video-preview:-1"},"canonical":"https:\/\/vitablanca.ma\/en\/product\/cebelia-lait-toilette-nettoyant-demaquillant-douceur-visage-yeux-150-ml\/","og_locale":"en_US","og_type":"article","og_title":"Cebelia Lait Toilette Nettoyant &amp; D\u00e9maquillant Douceur - Visage &amp; Yeux 150 ml - Maroc Prix","og_description":"Cebelia Lait Toilette Nettoyant &amp; D\u00e9maquillant Douceur - Visage &amp; Yeux 150 ml","og_url":"https:\/\/vitablanca.ma\/en\/product\/cebelia-lait-toilette-nettoyant-demaquillant-douceur-visage-yeux-150-ml\/","og_site_name":"Vitablanca.ma &ndash; Sant&eacute;, vitalit&eacute; et bien-&ecirc;tre pour tous les Marocains","article_publisher":"https:\/\/www.facebook.com\/profile.php?id=61576678196717","og_image":[{"width":1000,"height":1000,"url":"https:\/\/vitablanca.ma\/wp-content\/uploads\/2025\/06\/Cebelia-Lait-Toilette-Nettoyant-_-Demaquillant-Douceur-Visage-_-Yeux-150-ml-prix-maroc-parapharmacie-casablanca.jpg","type":"image\/jpeg"}],"twitter_card":"summary_large_image","twitter_misc":{"Est. reading time":"1 minute"},"schema":{"@context":"https:\/\/schema.org","@graph":[{"@type":["WebPage","ItemPage"],"@id":"https:\/\/vitablanca.ma\/produit\/cebelia-lait-toilette-nettoyant-demaquillant-douceur-visage-yeux-150-ml\/","url":"https:\/\/vitablanca.ma\/produit\/cebelia-lait-toilette-nettoyant-demaquillant-douceur-visage-yeux-150-ml\/","name":"Cebelia Gentle Cleansing &amp; Makeup Remover Milk - Face &amp; Eyes 150 ml - Morocco Price","isPartOf":{"@id":"https:\/\/vitablanca.ma\/#website"},"primaryImageOfPage":{"@id":"https:\/\/vitablanca.ma\/produit\/cebelia-lait-toilette-nettoyant-demaquillant-douceur-visage-yeux-150-ml\/#primaryimage"},"image":{"@id":"https:\/\/vitablanca.ma\/produit\/cebelia-lait-toilette-nettoyant-demaquillant-douceur-visage-yeux-150-ml\/#primaryimage"},"thumbnailUrl":"https:\/\/vitablanca.ma\/wp-content\/uploads\/2025\/06\/Cebelia-Lait-Toilette-Nettoyant-_-Demaquillant-Douceur-Visage-_-Yeux-150-ml-prix-maroc-parapharmacie-casablanca.jpg","datePublished":"2025-06-10T16:40:12+00:00","description":"Cebelia Gentle Cleansing &amp; Makeup Remover Milk - Face &amp; Eyes 150 ml","breadcrumb":{"@id":"https:\/\/vitablanca.ma\/produit\/cebelia-lait-toilette-nettoyant-demaquillant-douceur-visage-yeux-150-ml\/#breadcrumb"},"inLanguage":"en-US","potentialAction":[{"@type":"ReadAction","target":["https:\/\/vitablanca.ma\/produit\/cebelia-lait-toilette-nettoyant-demaquillant-douceur-visage-yeux-150-ml\/"]}]},{"@type":"ImageObject","inLanguage":"en-US","@id":"https:\/\/vitablanca.ma\/produit\/cebelia-lait-toilette-nettoyant-demaquillant-douceur-visage-yeux-150-ml\/#primaryimage","url":"https:\/\/vitablanca.ma\/wp-content\/uploads\/2025\/06\/Cebelia-Lait-Toilette-Nettoyant-_-Demaquillant-Douceur-Visage-_-Yeux-150-ml-prix-maroc-parapharmacie-casablanca.jpg","contentUrl":"https:\/\/vitablanca.ma\/wp-content\/uploads\/2025\/06\/Cebelia-Lait-Toilette-Nettoyant-_-Demaquillant-Douceur-Visage-_-Yeux-150-ml-prix-maroc-parapharmacie-casablanca.jpg","width":1000,"height":1000},{"@type":"BreadcrumbList","@id":"https:\/\/vitablanca.ma\/produit\/cebelia-lait-toilette-nettoyant-demaquillant-douceur-visage-yeux-150-ml\/#breadcrumb","itemListElement":[{"@type":"ListItem","position":1,"name":"Home","item":"https:\/\/vitablanca.ma\/"},{"@type":"ListItem","position":2,"name":"Tous Les Produits","item":"https:\/\/vitablanca.ma\/tous-les-produits\/"},{"@type":"ListItem","position":3,"name":"Cebelia Lait Toilette Nettoyant &amp; D\u00e9maquillant Douceur &#8211; Visage &amp; Yeux 150 ml"}]},{"@type":"WebSite","@id":"https:\/\/vitablanca.ma\/#website","url":"https:\/\/vitablanca.ma\/","name":"VitaBlanca.ma | Food supplements, health &amp; beauty in Morocco","description":"sell premium vitamins and supplements from USA &amp; Canada, New Zealand, Morocco (NOW Foods, Solgar, Manuka). Fast delivery anywhere in Morocco.","publisher":{"@id":"https:\/\/vitablanca.ma\/#organization"},"alternateName":"VitaBlanca.ma","potentialAction":[{"@type":"SearchAction","target":{"@type":"EntryPoint","urlTemplate":"https:\/\/vitablanca.ma\/?s={search_term_string}"},"query-input":{"@type":"PropertyValueSpecification","valueRequired":true,"valueName":"search_term_string"}}],"inLanguage":"en-US"},{"@type":"Organization","@id":"https:\/\/vitablanca.ma\/#organization","name":"VitaBlanca","url":"https:\/\/vitablanca.ma\/","logo":{"@type":"ImageObject","inLanguage":"en-US","@id":"https:\/\/vitablanca.ma\/#\/schema\/logo\/image\/","url":"https:\/\/vitablanca.ma\/wp-content\/uploads\/2025\/05\/cropped-vitablanca.png","contentUrl":"https:\/\/vitablanca.ma\/wp-content\/uploads\/2025\/05\/cropped-vitablanca.png","width":360,"height":67,"caption":"VitaBlanca"},"image":{"@id":"https:\/\/vitablanca.ma\/#\/schema\/logo\/image\/"},"sameAs":["https:\/\/www.facebook.com\/profile.php?id=61576678196717","https:\/\/www.tiktok.com\/@vitablanca.ma","https:\/\/www.instagram.com\/vitablanca.ma\/"]}]}},"jetpack_sharing_enabled":true,"_links":{"self":[{"href":"https:\/\/vitablanca.ma\/en\/wp-json\/wp\/v2\/product\/16208","targetHints":{"allow":["GET"]}}],"collection":[{"href":"https:\/\/vitablanca.ma\/en\/wp-json\/wp\/v2\/product"}],"about":[{"href":"https:\/\/vitablanca.ma\/en\/wp-json\/wp\/v2\/types\/product"}],"wp:featuredmedia":[{"embeddable":true,"href":"https:\/\/vitablanca.ma\/en\/wp-json\/wp\/v2\/media\/16203"}],"wp:attachment":[{"href":"https:\/\/vitablanca.ma\/en\/wp-json\/wp\/v2\/media?parent=16208"}],"wp:term":[{"taxonomy":"product_brand","embeddable":true,"href":"https:\/\/vitablanca.ma\/en\/wp-json\/wp\/v2\/product_brand?post=16208"},{"taxonomy":"product_cat","embeddable":true,"href":"https:\/\/vitablanca.ma\/en\/wp-json\/wp\/v2\/product_cat?post=16208"},{"taxonomy":"product_tag","embeddable":true,"href":"https:\/\/vitablanca.ma\/en\/wp-json\/wp\/v2\/product_tag?post=16208"}],"curies":[{"name":"wp","href":"https:\/\/api.w.org\/{rel}","templated":true}]}}