{"id":16186,"date":"2025-06-10T16:39:51","date_gmt":"2025-06-10T16:39:51","guid":{"rendered":"https:\/\/vitablanca.ma\/product\/cebelia-l-c-e-regard-contour-des-yeux-1-6ml\/"},"modified":"2025-06-10T16:39:51","modified_gmt":"2025-06-10T16:39:51","slug":"cebelia-l-c-e-regard-contour-des-yeux-1-6ml","status":"publish","type":"product","link":"https:\/\/vitablanca.ma\/en\/product\/cebelia-l-c-e-regard-contour-des-yeux-1-6ml\/","title":{"rendered":"Cebelia LCE Regard Eye Contour 1.6ml"},"content":{"rendered":"<h2>Cebelia LCE Regard Eye Contour 2-in-1 Care &amp; Makeup for Dark Circles and Puffiness\u00a0<\/h2>\n<div class=\"product-description\">\n<p class=\"p1\"><span>2-in-1 eye contour treatment: treating and covering:\u00a0<\/span><\/p>\n<ul>\n<li>It corrects blue\/purple dark circles;<\/li>\n<li>It reduces bags under the eyes;<\/li>\n<li>It smoothes fine lines.<\/li>\n<\/ul>\n<div class=\"product-custom-part routine-quotidien\">\n<h3 class=\"product-custom-part-title\">My product in my daily routine<\/h3>\n<hr>\n<div class=\"product-custom-part-content\">\n<p>1. Gently remove your eye makeup (use a specific eye makeup remover such as Lait de Toilette).<\/p>\n<p>2. Apply your eye cream to moisturize the skin.<\/p>\n<p>3. Then, using the LCE Regard, apply the product to several points under the eyes.<\/p>\n<p>4. Pat using your fingertip, never spread.<\/p>\n<p><em>Cebelissime Tip No. 1<\/em>: always remember to moisturize your eye area before using LCE Regard, which can be drying due to its treatment power.<br \/><em>Cebelissime Tip No. 2:<\/em>\u00a0Our LCE Regard pencil can also be used to conceal all the small imperfections on the face, not just those around the eyes. It&#039;s an excellent concealer.\u00a0<br \/><em>Tolerance, safety, effectiveness guaranteed by our clinical studies and more than 10 years of experience on our formulas.<\/em><\/p>\n<\/div>\n<\/div>\n<div class=\"product-custom-part cadre-esthetique\">\n<h3 class=\"product-custom-part-title\">My product as part of an aesthetic procedure<\/h3>\n<hr>\n<div class=\"product-custom-part-content\">\n<p>Doctors recommend it in medical-aesthetic practice after total skin repair, following an aesthetic procedure leaving visible traces (incisions, small scars, etc.):<\/p>\n<ul>\n<li>Post facelift<\/li>\n<li>Post blepharoplasty<\/li>\n<li>Post rhinoplasty<\/li>\n<li>Post plasma technology (its drying effect accelerates the disappearance of scabs and therefore the skin repair process)\u00a0<\/li>\n<li>Post injections<\/li>\n<li>Post tension wires\u00a0<\/li>\n<\/ul>\n<p>Used in dermatological practice by doctors:<\/p>\n<ul>\n<li>To camouflage bags and dark circles<\/li>\n<li>To treat vascular dark circles\u00a0<\/li>\n<li>To camouflage all the small imperfections of the face\u00a0<\/li>\n<\/ul>\n<\/div>\n<\/div>\n<div class=\"product-custom-part formule-produit\">\n<h3 class=\"product-custom-part-title\">How did we formulate this product?<\/h3>\n<hr>\n<div class=\"product-custom-part-content\">\n<ul>\n<li>\n<strong>Titrated extract of blackcurrant:<\/strong><span>\u00a0<\/span>improves venous microcirculation &gt;<span>\u00a0<\/span><em>reduces dark circles (vascular)<\/em>\n<\/li>\n<li>\n<strong>Titled excerpt from Escine:<\/strong><span>\u00a0<\/span>preserves the elasticity and permeability of the venous wall &gt;<em><span>\u00a0<\/span>reduces puffiness<\/em>\n<\/li>\n<li>\n<strong>Cebeline, patented peptide fragment of Laminin 5:<\/strong><span>\u00a0<\/span>accelerates epidermal regeneration by restoring the mechanical and biological properties of the dermo-epidermal junction &gt;<em><span>\u00a0<\/span>blurs fine lines<\/em>\n<\/li>\n<li>\n<strong>Pigments, natural universal shade:<\/strong><span>\u00a0<\/span>camouflages imperfections<\/li>\n<\/ul>\n<\/div>\n<\/div>\n<div class=\"product-custom-part inci\">\n<h3 class=\"product-custom-part-title\">INCI \u2013 What ingredients are in my product?<\/h3>\n<hr>\n<div class=\"product-custom-part-content\">\n<div>\n<p><strong>INGREDIENTS<\/strong>: DIMETHICONE, G LY CERIN, AQUA (WATER), DIPROPYLENE GLYCOL, CI 77891 (TITANIUM DIOXIDE), ISODODECANE, NYLON-12, ISONONYL ISONONANOATE, BUTYLENE GLYCOL, CETYL PEG\/PPG-10\/1 DIMETHICONE, DIMETHICONE CROSSPOLYMER, DISTEARDIMONIUM HECTORITE, OLIGOPEPTIDE-69, ESCIN, RIBES NIGRUM (BLACKCURRANT) FRUIT EXTRACT, MAGNESIUM SULFATE, PROPYLENE CARBONATE, TOCOPHERYL ACETATE, ETHYLENE\/PROPYLENE\/STYRENE COPOLYMER, SORBITAN OLEATE, TRIETHOXYCAPRYLYLSILANE, DIMETHICONOL, MALTODEXTRIN, XANTHAN GUM, SODIUM HYDROXIDE, SODIUM CARBOXYMETHYL BET<\/p>\n<\/div>\n<\/div>\n<\/div>\n<\/div>","protected":false},"excerpt":{"rendered":"<p>Cebelia L.C.E Regard Contour Des Yeux Soin &amp; Maquillage 2 En 1 Cernes Et Poches\u00a0 Soin contour de l\u2019\u0153il 2 en 1\u00a0: traitant et couvrant :\u00a0 Il corrige les cernes bleus\/violets ; Il att\u00e9nue les poches sous les yeux ; Il lisse les ridules. Mon produit dans ma routine du quotidien\u200b\u200b 1.\u00a0D\u00e9maquiller d\u00e9licatement vos yeux [&hellip;]<\/p>\n","protected":false},"featured_media":16184,"template":"","meta":{"om_disable_all_campaigns":false},"product_brand":[],"product_cat":[15],"product_tag":[],"class_list":{"0":"post-16186","1":"product","2":"type-product","3":"status-publish","4":"has-post-thumbnail","6":"product_cat-beaute-sante-complements-alimentaires-soins-et-bien-etre-au-meilleur-prix","8":"first","9":"instock","10":"sale","11":"taxable","12":"shipping-taxable","13":"purchasable","14":"product-type-simple"},"yoast_head":"<!-- This site is optimized with the Yoast SEO plugin v27.3 - https:\/\/yoast.com\/product\/yoast-seo-wordpress\/ -->\n<title>Cebelia L.C.E Regard Contour Des Yeux 1.6ml - Maroc Prix<\/title>\n<meta name=\"description\" content=\"Cebelia L.C.E Regard Contour Des Yeux 1.6ml\" \/>\n<meta name=\"robots\" content=\"index, follow, max-snippet:-1, max-image-preview:large, max-video-preview:-1\" \/>\n<link rel=\"canonical\" href=\"https:\/\/vitablanca.ma\/en\/product\/cebelia-l-c-e-regard-contour-des-yeux-1-6ml\/\" \/>\n<meta property=\"og:locale\" content=\"en_US\" \/>\n<meta property=\"og:type\" content=\"article\" \/>\n<meta property=\"og:title\" content=\"Cebelia L.C.E Regard Contour Des Yeux 1.6ml - Maroc Prix\" \/>\n<meta property=\"og:description\" content=\"Cebelia L.C.E Regard Contour Des Yeux 1.6ml\" \/>\n<meta property=\"og:url\" content=\"https:\/\/vitablanca.ma\/en\/product\/cebelia-l-c-e-regard-contour-des-yeux-1-6ml\/\" \/>\n<meta property=\"og:site_name\" content=\"Vitablanca.ma &ndash; Sant&eacute;, vitalit&eacute; et bien-&ecirc;tre pour tous les Marocains\" \/>\n<meta property=\"article:publisher\" content=\"https:\/\/www.facebook.com\/profile.php?id=61576678196717\" \/>\n<meta property=\"og:image\" content=\"https:\/\/vitablanca.ma\/wp-content\/uploads\/2025\/06\/Cebelia-L.C.E-Regard-Contour-Des-Yeux-1.6ml-nova-parapharmacie-maroc.jpg\" \/>\n\t<meta property=\"og:image:width\" content=\"1000\" \/>\n\t<meta property=\"og:image:height\" content=\"1000\" \/>\n\t<meta property=\"og:image:type\" content=\"image\/jpeg\" \/>\n<meta name=\"twitter:card\" content=\"summary_large_image\" \/>\n<meta name=\"twitter:label1\" content=\"Est. reading time\" \/>\n\t<meta name=\"twitter:data1\" content=\"2 minutes\" \/>\n<script type=\"application\/ld+json\" class=\"yoast-schema-graph\">{\"@context\":\"https:\\\/\\\/schema.org\",\"@graph\":[{\"@type\":[\"WebPage\",\"ItemPage\"],\"@id\":\"https:\\\/\\\/vitablanca.ma\\\/produit\\\/cebelia-l-c-e-regard-contour-des-yeux-1-6ml\\\/\",\"url\":\"https:\\\/\\\/vitablanca.ma\\\/produit\\\/cebelia-l-c-e-regard-contour-des-yeux-1-6ml\\\/\",\"name\":\"Cebelia L.C.E Regard Contour Des Yeux 1.6ml - Maroc Prix\",\"isPartOf\":{\"@id\":\"https:\\\/\\\/vitablanca.ma\\\/#website\"},\"primaryImageOfPage\":{\"@id\":\"https:\\\/\\\/vitablanca.ma\\\/produit\\\/cebelia-l-c-e-regard-contour-des-yeux-1-6ml\\\/#primaryimage\"},\"image\":{\"@id\":\"https:\\\/\\\/vitablanca.ma\\\/produit\\\/cebelia-l-c-e-regard-contour-des-yeux-1-6ml\\\/#primaryimage\"},\"thumbnailUrl\":\"https:\\\/\\\/vitablanca.ma\\\/wp-content\\\/uploads\\\/2025\\\/06\\\/Cebelia-L.C.E-Regard-Contour-Des-Yeux-1.6ml-nova-parapharmacie-maroc.jpg\",\"datePublished\":\"2025-06-10T16:39:51+00:00\",\"description\":\"Cebelia L.C.E Regard Contour Des Yeux 1.6ml\",\"breadcrumb\":{\"@id\":\"https:\\\/\\\/vitablanca.ma\\\/produit\\\/cebelia-l-c-e-regard-contour-des-yeux-1-6ml\\\/#breadcrumb\"},\"inLanguage\":\"en-US\",\"potentialAction\":[{\"@type\":\"ReadAction\",\"target\":[\"https:\\\/\\\/vitablanca.ma\\\/produit\\\/cebelia-l-c-e-regard-contour-des-yeux-1-6ml\\\/\"]}]},{\"@type\":\"ImageObject\",\"inLanguage\":\"en-US\",\"@id\":\"https:\\\/\\\/vitablanca.ma\\\/produit\\\/cebelia-l-c-e-regard-contour-des-yeux-1-6ml\\\/#primaryimage\",\"url\":\"https:\\\/\\\/vitablanca.ma\\\/wp-content\\\/uploads\\\/2025\\\/06\\\/Cebelia-L.C.E-Regard-Contour-Des-Yeux-1.6ml-nova-parapharmacie-maroc.jpg\",\"contentUrl\":\"https:\\\/\\\/vitablanca.ma\\\/wp-content\\\/uploads\\\/2025\\\/06\\\/Cebelia-L.C.E-Regard-Contour-Des-Yeux-1.6ml-nova-parapharmacie-maroc.jpg\",\"width\":1000,\"height\":1000},{\"@type\":\"BreadcrumbList\",\"@id\":\"https:\\\/\\\/vitablanca.ma\\\/produit\\\/cebelia-l-c-e-regard-contour-des-yeux-1-6ml\\\/#breadcrumb\",\"itemListElement\":[{\"@type\":\"ListItem\",\"position\":1,\"name\":\"Home\",\"item\":\"https:\\\/\\\/vitablanca.ma\\\/\"},{\"@type\":\"ListItem\",\"position\":2,\"name\":\"Tous Les Produits\",\"item\":\"https:\\\/\\\/vitablanca.ma\\\/tous-les-produits\\\/\"},{\"@type\":\"ListItem\",\"position\":3,\"name\":\"Cebelia L.C.E Regard Contour Des Yeux 1.6ml\"}]},{\"@type\":\"WebSite\",\"@id\":\"https:\\\/\\\/vitablanca.ma\\\/#website\",\"url\":\"https:\\\/\\\/vitablanca.ma\\\/\",\"name\":\"VitaBlanca.ma | Compl\u00e9ments alimentaires, sant\u00e9 & beaut\u00e9 au Maroc\",\"description\":\"vendre vitamines et compl\u00e9ments premium des USA &amp; Canada, Nouvelle Z\u00e9lande,Maroc (NOW Foods, Solgar, Manuka). Livraison rapide partout au Maroc.\",\"publisher\":{\"@id\":\"https:\\\/\\\/vitablanca.ma\\\/#organization\"},\"alternateName\":\"VitaBlanca.ma\",\"potentialAction\":[{\"@type\":\"SearchAction\",\"target\":{\"@type\":\"EntryPoint\",\"urlTemplate\":\"https:\\\/\\\/vitablanca.ma\\\/?s={search_term_string}\"},\"query-input\":{\"@type\":\"PropertyValueSpecification\",\"valueRequired\":true,\"valueName\":\"search_term_string\"}}],\"inLanguage\":\"en-US\"},{\"@type\":\"Organization\",\"@id\":\"https:\\\/\\\/vitablanca.ma\\\/#organization\",\"name\":\"VitaBlanca\",\"url\":\"https:\\\/\\\/vitablanca.ma\\\/\",\"logo\":{\"@type\":\"ImageObject\",\"inLanguage\":\"en-US\",\"@id\":\"https:\\\/\\\/vitablanca.ma\\\/#\\\/schema\\\/logo\\\/image\\\/\",\"url\":\"https:\\\/\\\/vitablanca.ma\\\/wp-content\\\/uploads\\\/2025\\\/05\\\/cropped-vitablanca.png\",\"contentUrl\":\"https:\\\/\\\/vitablanca.ma\\\/wp-content\\\/uploads\\\/2025\\\/05\\\/cropped-vitablanca.png\",\"width\":360,\"height\":67,\"caption\":\"VitaBlanca\"},\"image\":{\"@id\":\"https:\\\/\\\/vitablanca.ma\\\/#\\\/schema\\\/logo\\\/image\\\/\"},\"sameAs\":[\"https:\\\/\\\/www.facebook.com\\\/profile.php?id=61576678196717\",\"https:\\\/\\\/www.tiktok.com\\\/@vitablanca.ma\",\"https:\\\/\\\/www.instagram.com\\\/vitablanca.ma\\\/\"]}]}<\/script>\n<!-- \/ Yoast SEO plugin. -->","yoast_head_json":{"title":"Cebelia LCE Regard Eye Contour 1.6ml - Morocco Price","description":"Cebelia LCE Regard Eye Contour 1.6ml","robots":{"index":"index","follow":"follow","max-snippet":"max-snippet:-1","max-image-preview":"max-image-preview:large","max-video-preview":"max-video-preview:-1"},"canonical":"https:\/\/vitablanca.ma\/en\/product\/cebelia-l-c-e-regard-contour-des-yeux-1-6ml\/","og_locale":"en_US","og_type":"article","og_title":"Cebelia L.C.E Regard Contour Des Yeux 1.6ml - Maroc Prix","og_description":"Cebelia L.C.E Regard Contour Des Yeux 1.6ml","og_url":"https:\/\/vitablanca.ma\/en\/product\/cebelia-l-c-e-regard-contour-des-yeux-1-6ml\/","og_site_name":"Vitablanca.ma &ndash; Sant&eacute;, vitalit&eacute; et bien-&ecirc;tre pour tous les Marocains","article_publisher":"https:\/\/www.facebook.com\/profile.php?id=61576678196717","og_image":[{"width":1000,"height":1000,"url":"https:\/\/vitablanca.ma\/wp-content\/uploads\/2025\/06\/Cebelia-L.C.E-Regard-Contour-Des-Yeux-1.6ml-nova-parapharmacie-maroc.jpg","type":"image\/jpeg"}],"twitter_card":"summary_large_image","twitter_misc":{"Est. reading time":"2 minutes"},"schema":{"@context":"https:\/\/schema.org","@graph":[{"@type":["WebPage","ItemPage"],"@id":"https:\/\/vitablanca.ma\/produit\/cebelia-l-c-e-regard-contour-des-yeux-1-6ml\/","url":"https:\/\/vitablanca.ma\/produit\/cebelia-l-c-e-regard-contour-des-yeux-1-6ml\/","name":"Cebelia LCE Regard Eye Contour 1.6ml - Morocco Price","isPartOf":{"@id":"https:\/\/vitablanca.ma\/#website"},"primaryImageOfPage":{"@id":"https:\/\/vitablanca.ma\/produit\/cebelia-l-c-e-regard-contour-des-yeux-1-6ml\/#primaryimage"},"image":{"@id":"https:\/\/vitablanca.ma\/produit\/cebelia-l-c-e-regard-contour-des-yeux-1-6ml\/#primaryimage"},"thumbnailUrl":"https:\/\/vitablanca.ma\/wp-content\/uploads\/2025\/06\/Cebelia-L.C.E-Regard-Contour-Des-Yeux-1.6ml-nova-parapharmacie-maroc.jpg","datePublished":"2025-06-10T16:39:51+00:00","description":"Cebelia LCE Regard Eye Contour 1.6ml","breadcrumb":{"@id":"https:\/\/vitablanca.ma\/produit\/cebelia-l-c-e-regard-contour-des-yeux-1-6ml\/#breadcrumb"},"inLanguage":"en-US","potentialAction":[{"@type":"ReadAction","target":["https:\/\/vitablanca.ma\/produit\/cebelia-l-c-e-regard-contour-des-yeux-1-6ml\/"]}]},{"@type":"ImageObject","inLanguage":"en-US","@id":"https:\/\/vitablanca.ma\/produit\/cebelia-l-c-e-regard-contour-des-yeux-1-6ml\/#primaryimage","url":"https:\/\/vitablanca.ma\/wp-content\/uploads\/2025\/06\/Cebelia-L.C.E-Regard-Contour-Des-Yeux-1.6ml-nova-parapharmacie-maroc.jpg","contentUrl":"https:\/\/vitablanca.ma\/wp-content\/uploads\/2025\/06\/Cebelia-L.C.E-Regard-Contour-Des-Yeux-1.6ml-nova-parapharmacie-maroc.jpg","width":1000,"height":1000},{"@type":"BreadcrumbList","@id":"https:\/\/vitablanca.ma\/produit\/cebelia-l-c-e-regard-contour-des-yeux-1-6ml\/#breadcrumb","itemListElement":[{"@type":"ListItem","position":1,"name":"Home","item":"https:\/\/vitablanca.ma\/"},{"@type":"ListItem","position":2,"name":"Tous Les Produits","item":"https:\/\/vitablanca.ma\/tous-les-produits\/"},{"@type":"ListItem","position":3,"name":"Cebelia L.C.E Regard Contour Des Yeux 1.6ml"}]},{"@type":"WebSite","@id":"https:\/\/vitablanca.ma\/#website","url":"https:\/\/vitablanca.ma\/","name":"VitaBlanca.ma | Food supplements, health &amp; beauty in Morocco","description":"sell premium vitamins and supplements from USA &amp; Canada, New Zealand, Morocco (NOW Foods, Solgar, Manuka). Fast delivery anywhere in Morocco.","publisher":{"@id":"https:\/\/vitablanca.ma\/#organization"},"alternateName":"VitaBlanca.ma","potentialAction":[{"@type":"SearchAction","target":{"@type":"EntryPoint","urlTemplate":"https:\/\/vitablanca.ma\/?s={search_term_string}"},"query-input":{"@type":"PropertyValueSpecification","valueRequired":true,"valueName":"search_term_string"}}],"inLanguage":"en-US"},{"@type":"Organization","@id":"https:\/\/vitablanca.ma\/#organization","name":"VitaBlanca","url":"https:\/\/vitablanca.ma\/","logo":{"@type":"ImageObject","inLanguage":"en-US","@id":"https:\/\/vitablanca.ma\/#\/schema\/logo\/image\/","url":"https:\/\/vitablanca.ma\/wp-content\/uploads\/2025\/05\/cropped-vitablanca.png","contentUrl":"https:\/\/vitablanca.ma\/wp-content\/uploads\/2025\/05\/cropped-vitablanca.png","width":360,"height":67,"caption":"VitaBlanca"},"image":{"@id":"https:\/\/vitablanca.ma\/#\/schema\/logo\/image\/"},"sameAs":["https:\/\/www.facebook.com\/profile.php?id=61576678196717","https:\/\/www.tiktok.com\/@vitablanca.ma","https:\/\/www.instagram.com\/vitablanca.ma\/"]}]}},"jetpack_sharing_enabled":true,"_links":{"self":[{"href":"https:\/\/vitablanca.ma\/en\/wp-json\/wp\/v2\/product\/16186","targetHints":{"allow":["GET"]}}],"collection":[{"href":"https:\/\/vitablanca.ma\/en\/wp-json\/wp\/v2\/product"}],"about":[{"href":"https:\/\/vitablanca.ma\/en\/wp-json\/wp\/v2\/types\/product"}],"wp:featuredmedia":[{"embeddable":true,"href":"https:\/\/vitablanca.ma\/en\/wp-json\/wp\/v2\/media\/16184"}],"wp:attachment":[{"href":"https:\/\/vitablanca.ma\/en\/wp-json\/wp\/v2\/media?parent=16186"}],"wp:term":[{"taxonomy":"product_brand","embeddable":true,"href":"https:\/\/vitablanca.ma\/en\/wp-json\/wp\/v2\/product_brand?post=16186"},{"taxonomy":"product_cat","embeddable":true,"href":"https:\/\/vitablanca.ma\/en\/wp-json\/wp\/v2\/product_cat?post=16186"},{"taxonomy":"product_tag","embeddable":true,"href":"https:\/\/vitablanca.ma\/en\/wp-json\/wp\/v2\/product_tag?post=16186"}],"curies":[{"name":"wp","href":"https:\/\/api.w.org\/{rel}","templated":true}]}}