{"id":16183,"date":"2025-06-10T16:39:47","date_gmt":"2025-06-10T16:39:47","guid":{"rendered":"https:\/\/vitablanca.ma\/product\/cebelia-soin-extreme-apaisant-et-anti-rougeurs-visage-et-corps-75ml\/"},"modified":"2025-06-10T16:39:47","modified_gmt":"2025-06-10T16:39:47","slug":"cebelia-soin-extreme-apaisant-et-anti-rougeurs-visage-et-corps-75ml","status":"publish","type":"product","link":"https:\/\/vitablanca.ma\/en\/product\/cebelia-soin-extreme-apaisant-et-anti-rougeurs-visage-et-corps-75ml\/","title":{"rendered":"Cebelia Extreme Soothing and Anti-Redness Care for Face and Body 75ml"},"content":{"rendered":"<h2>Cebelia Extreme Soothing and Anti-Redness Care for Face and Body\u00a0<span data-mce-fragment=\"1\">Soothes and calms the skin<\/span><br \/>\n<\/h2>\n<div class=\"product-description\">\n<p class=\"p1\"><span>Aesthetic procedure that heats up your skin? Daily redness: shaving, hair removal, sunburn...? Need hydration? Discover our 4-in-1 Extreme Treatment which:<\/span><\/p>\n<ul>\n<li>Instantly reduces redness;<\/li>\n<li>Soothes and calms irritated or heated skin by promoting its repair;<\/li>\n<li>Refreshes the epidermis by reducing its temperature;<\/li>\n<li>Moisturizes the skin.<\/li>\n<\/ul>\n<div class=\"product-custom-part routine-quotidien\">\n<h3 class=\"product-custom-part-title\">My product in my daily routine<\/h3>\n<hr>\n<div class=\"product-custom-part-content\">\n<p>Apply Extreme Care as often as necessary to the affected area (face or body).<\/p>\n<p><em>Cebelissime Tip No. 1:<\/em>\u00a0For an intense cooling effect, keep the tube in the refrigerator before application.<\/p>\n<p><em>Cebelissime Tip No. 2<\/em>: To soothe and deeply hydrate the skin, use as a mask: apply a thick layer to the face, leave on for 15 minutes, then rinse off the excess with water. Ideal for very sensitive and intolerant skin.<\/p>\n<p><em>Tolerance, safety, effectiveness guaranteed by our clinical studies and more than 10 years of experience on our formulas.<\/em><\/p>\n<\/div>\n<\/div>\n<div class=\"product-custom-part cadre-esthetique\">\n<h3 class=\"product-custom-part-title\">My product as part of an aesthetic procedure<\/h3>\n<hr>\n<div class=\"product-custom-part-content\">\n<p>Doctors use it in medical-aesthetic practice following skin damage, significant heating:<\/p>\n<ul>\n<li>Post-laser face and body (especially fractional)<\/li>\n<li>Post laser hair removal (sensitive areas: armpits, bikini line, etc.)<\/li>\n<li>Post radiofrequency<\/li>\n<li>Post IPL (flash lamp)<\/li>\n<li>Post medium and deep peeling<\/li>\n<li>Post multi-injection, roller, mesotherapy<\/li>\n<\/ul>\n<p>Used in dermatological practice by doctors:<\/p>\n<ul>\n<li>In conjunction with flush, couperose, rosacea treatments;<\/li>\n<li>Reactive and intolerant skin;<\/li>\n<li>Inflammatory pathologies (psoriasis, eczema, seborrheic dermatitis);<\/li>\n<li>Erythema (including sunburn);<\/li>\n<li>Skin heating (shaving, sports);<\/li>\n<li>Pre and post radiotherapy, dynamic phototherapy;<\/li>\n<li>In addition to anti-acne treatments\u2026<\/li>\n<\/ul>\n<\/div>\n<\/div>\n<div class=\"product-custom-part formule-produit\">\n<h3 class=\"product-custom-part-title\">How did we formulate this product?<\/h3>\n<hr>\n<div class=\"product-custom-part-content\">\n<ul>\n<li>\n<strong>Mexican Cactus Extract:<\/strong><span>\u00a0<\/span>provides an immediate feeling of freshness &gt;<span>\u00a0<\/span><em>refreshes<\/em>\n<\/li>\n<li>\n<strong>Neuropeptide<\/strong>: modulator of skin inflammation &gt;<em><span>\u00a0<\/span>soothes overheating, redness and swelling<\/em>\n<\/li>\n<li>\n<strong>Samphire extract<\/strong>: stimulates the production of natural urea &gt;<span>\u00a0<\/span><em>intensely hydrates<\/em>\n<\/li>\n<li>\n<strong>Cebeline, patented peptide fragment of Laminin 5:<\/strong><span>\u00a0<\/span>accelerates epidermal regeneration by restoring the mechanical and biological properties of the dermo-epidermal junction &gt;<span>\u00a0<\/span><em>repairs<\/em>\u00a0<\/li>\n<\/ul>\n<\/div>\n<\/div>\n<\/div>","protected":false},"excerpt":{"rendered":"<p>Cebelia Soin Extr\u00eame Apaisant Et Anti-Rougeurs Visage Et Corps\u00a0Apaise et calme la peau Proc\u00e9dure esth\u00e9tique qui \u00e9chauffe votre peau\u00a0? Rougeurs quotidiennes\u00a0: rasage, \u00e9pilation, coup de soleil \u2026\u00a0? Besoin d\u2019hydratation\u00a0? D\u00e9couvrez notre Soin Extr\u00eame 4 en 1\u00a0qui : Diminue instantan\u00e9ment les rougeurs\u00a0; Apaise et calme la peau irrit\u00e9e ou \u00e9chauff\u00e9e en favorisant sa r\u00e9paration\u00a0; Rafraichit l\u2019\u00e9piderme [&hellip;]<\/p>\n","protected":false},"featured_media":16181,"template":"","meta":{"om_disable_all_campaigns":false},"product_brand":[],"product_cat":[15],"product_tag":[],"class_list":{"0":"post-16183","1":"product","2":"type-product","3":"status-publish","4":"has-post-thumbnail","6":"product_cat-beaute-sante-complements-alimentaires-soins-et-bien-etre-au-meilleur-prix","8":"first","9":"instock","10":"sale","11":"taxable","12":"shipping-taxable","13":"purchasable","14":"product-type-simple"},"yoast_head":"<!-- This site is optimized with the Yoast SEO plugin v27.3 - https:\/\/yoast.com\/product\/yoast-seo-wordpress\/ -->\n<title>Cebelia Soin Extr\u00eame Apaisant Et Anti-Rougeurs Visage Et Corps 75ml - Maroc Prix<\/title>\n<meta name=\"description\" content=\"Cebelia Soin Extr\u00eame Apaisant Et Anti-Rougeurs Visage Et Corps 75ml\" \/>\n<meta name=\"robots\" content=\"index, follow, max-snippet:-1, max-image-preview:large, max-video-preview:-1\" \/>\n<link rel=\"canonical\" href=\"https:\/\/vitablanca.ma\/en\/product\/cebelia-soin-extreme-apaisant-et-anti-rougeurs-visage-et-corps-75ml\/\" \/>\n<meta property=\"og:locale\" content=\"en_US\" \/>\n<meta property=\"og:type\" content=\"article\" \/>\n<meta property=\"og:title\" content=\"Cebelia Soin Extr\u00eame Apaisant Et Anti-Rougeurs Visage Et Corps 75ml - Maroc Prix\" \/>\n<meta property=\"og:description\" content=\"Cebelia Soin Extr\u00eame Apaisant Et Anti-Rougeurs Visage Et Corps 75ml\" \/>\n<meta property=\"og:url\" content=\"https:\/\/vitablanca.ma\/en\/product\/cebelia-soin-extreme-apaisant-et-anti-rougeurs-visage-et-corps-75ml\/\" \/>\n<meta property=\"og:site_name\" content=\"Vitablanca.ma &ndash; Sant&eacute;, vitalit&eacute; et bien-&ecirc;tre pour tous les Marocains\" \/>\n<meta property=\"article:publisher\" content=\"https:\/\/www.facebook.com\/profile.php?id=61576678196717\" \/>\n<meta property=\"og:image\" content=\"https:\/\/vitablanca.ma\/wp-content\/uploads\/2025\/06\/Cebelia-Soin-Extreme-Apaisant-Et-Anti-Rougeurs-Visage-Et-Corps-75ml-nova-parapharmacie-maroc.jpg\" \/>\n\t<meta property=\"og:image:width\" content=\"1000\" \/>\n\t<meta property=\"og:image:height\" content=\"1000\" \/>\n\t<meta property=\"og:image:type\" content=\"image\/jpeg\" \/>\n<meta name=\"twitter:card\" content=\"summary_large_image\" \/>\n<meta name=\"twitter:label1\" content=\"Est. reading time\" \/>\n\t<meta name=\"twitter:data1\" content=\"2 minutes\" \/>\n<script type=\"application\/ld+json\" class=\"yoast-schema-graph\">{\"@context\":\"https:\\\/\\\/schema.org\",\"@graph\":[{\"@type\":[\"WebPage\",\"ItemPage\"],\"@id\":\"https:\\\/\\\/vitablanca.ma\\\/produit\\\/cebelia-soin-extreme-apaisant-et-anti-rougeurs-visage-et-corps-75ml\\\/\",\"url\":\"https:\\\/\\\/vitablanca.ma\\\/produit\\\/cebelia-soin-extreme-apaisant-et-anti-rougeurs-visage-et-corps-75ml\\\/\",\"name\":\"Cebelia Soin Extr\u00eame Apaisant Et Anti-Rougeurs Visage Et Corps 75ml - Maroc Prix\",\"isPartOf\":{\"@id\":\"https:\\\/\\\/vitablanca.ma\\\/#website\"},\"primaryImageOfPage\":{\"@id\":\"https:\\\/\\\/vitablanca.ma\\\/produit\\\/cebelia-soin-extreme-apaisant-et-anti-rougeurs-visage-et-corps-75ml\\\/#primaryimage\"},\"image\":{\"@id\":\"https:\\\/\\\/vitablanca.ma\\\/produit\\\/cebelia-soin-extreme-apaisant-et-anti-rougeurs-visage-et-corps-75ml\\\/#primaryimage\"},\"thumbnailUrl\":\"https:\\\/\\\/vitablanca.ma\\\/wp-content\\\/uploads\\\/2025\\\/06\\\/Cebelia-Soin-Extreme-Apaisant-Et-Anti-Rougeurs-Visage-Et-Corps-75ml-nova-parapharmacie-maroc.jpg\",\"datePublished\":\"2025-06-10T16:39:47+00:00\",\"description\":\"Cebelia Soin Extr\u00eame Apaisant Et Anti-Rougeurs Visage Et Corps 75ml\",\"breadcrumb\":{\"@id\":\"https:\\\/\\\/vitablanca.ma\\\/produit\\\/cebelia-soin-extreme-apaisant-et-anti-rougeurs-visage-et-corps-75ml\\\/#breadcrumb\"},\"inLanguage\":\"en-US\",\"potentialAction\":[{\"@type\":\"ReadAction\",\"target\":[\"https:\\\/\\\/vitablanca.ma\\\/produit\\\/cebelia-soin-extreme-apaisant-et-anti-rougeurs-visage-et-corps-75ml\\\/\"]}]},{\"@type\":\"ImageObject\",\"inLanguage\":\"en-US\",\"@id\":\"https:\\\/\\\/vitablanca.ma\\\/produit\\\/cebelia-soin-extreme-apaisant-et-anti-rougeurs-visage-et-corps-75ml\\\/#primaryimage\",\"url\":\"https:\\\/\\\/vitablanca.ma\\\/wp-content\\\/uploads\\\/2025\\\/06\\\/Cebelia-Soin-Extreme-Apaisant-Et-Anti-Rougeurs-Visage-Et-Corps-75ml-nova-parapharmacie-maroc.jpg\",\"contentUrl\":\"https:\\\/\\\/vitablanca.ma\\\/wp-content\\\/uploads\\\/2025\\\/06\\\/Cebelia-Soin-Extreme-Apaisant-Et-Anti-Rougeurs-Visage-Et-Corps-75ml-nova-parapharmacie-maroc.jpg\",\"width\":1000,\"height\":1000},{\"@type\":\"BreadcrumbList\",\"@id\":\"https:\\\/\\\/vitablanca.ma\\\/produit\\\/cebelia-soin-extreme-apaisant-et-anti-rougeurs-visage-et-corps-75ml\\\/#breadcrumb\",\"itemListElement\":[{\"@type\":\"ListItem\",\"position\":1,\"name\":\"Home\",\"item\":\"https:\\\/\\\/vitablanca.ma\\\/\"},{\"@type\":\"ListItem\",\"position\":2,\"name\":\"Tous Les Produits\",\"item\":\"https:\\\/\\\/vitablanca.ma\\\/tous-les-produits\\\/\"},{\"@type\":\"ListItem\",\"position\":3,\"name\":\"Cebelia Soin Extr\u00eame Apaisant Et Anti-Rougeurs Visage Et Corps 75ml\"}]},{\"@type\":\"WebSite\",\"@id\":\"https:\\\/\\\/vitablanca.ma\\\/#website\",\"url\":\"https:\\\/\\\/vitablanca.ma\\\/\",\"name\":\"VitaBlanca.ma | Compl\u00e9ments alimentaires, sant\u00e9 & beaut\u00e9 au Maroc\",\"description\":\"vendre vitamines et compl\u00e9ments premium des USA &amp; Canada, Nouvelle Z\u00e9lande,Maroc (NOW Foods, Solgar, Manuka). Livraison rapide partout au Maroc.\",\"publisher\":{\"@id\":\"https:\\\/\\\/vitablanca.ma\\\/#organization\"},\"alternateName\":\"VitaBlanca.ma\",\"potentialAction\":[{\"@type\":\"SearchAction\",\"target\":{\"@type\":\"EntryPoint\",\"urlTemplate\":\"https:\\\/\\\/vitablanca.ma\\\/?s={search_term_string}\"},\"query-input\":{\"@type\":\"PropertyValueSpecification\",\"valueRequired\":true,\"valueName\":\"search_term_string\"}}],\"inLanguage\":\"en-US\"},{\"@type\":\"Organization\",\"@id\":\"https:\\\/\\\/vitablanca.ma\\\/#organization\",\"name\":\"VitaBlanca\",\"url\":\"https:\\\/\\\/vitablanca.ma\\\/\",\"logo\":{\"@type\":\"ImageObject\",\"inLanguage\":\"en-US\",\"@id\":\"https:\\\/\\\/vitablanca.ma\\\/#\\\/schema\\\/logo\\\/image\\\/\",\"url\":\"https:\\\/\\\/vitablanca.ma\\\/wp-content\\\/uploads\\\/2025\\\/05\\\/cropped-vitablanca.png\",\"contentUrl\":\"https:\\\/\\\/vitablanca.ma\\\/wp-content\\\/uploads\\\/2025\\\/05\\\/cropped-vitablanca.png\",\"width\":360,\"height\":67,\"caption\":\"VitaBlanca\"},\"image\":{\"@id\":\"https:\\\/\\\/vitablanca.ma\\\/#\\\/schema\\\/logo\\\/image\\\/\"},\"sameAs\":[\"https:\\\/\\\/www.facebook.com\\\/profile.php?id=61576678196717\",\"https:\\\/\\\/www.tiktok.com\\\/@vitablanca.ma\",\"https:\\\/\\\/www.instagram.com\\\/vitablanca.ma\\\/\"]}]}<\/script>\n<!-- \/ Yoast SEO plugin. -->","yoast_head_json":{"title":"Cebelia Extreme Soothing and Anti-Redness Face and Body Care 75ml - Morocco Price","description":"Cebelia Extreme Soothing and Anti-Redness Care for Face and Body 75ml","robots":{"index":"index","follow":"follow","max-snippet":"max-snippet:-1","max-image-preview":"max-image-preview:large","max-video-preview":"max-video-preview:-1"},"canonical":"https:\/\/vitablanca.ma\/en\/product\/cebelia-soin-extreme-apaisant-et-anti-rougeurs-visage-et-corps-75ml\/","og_locale":"en_US","og_type":"article","og_title":"Cebelia Soin Extr\u00eame Apaisant Et Anti-Rougeurs Visage Et Corps 75ml - Maroc Prix","og_description":"Cebelia Soin Extr\u00eame Apaisant Et Anti-Rougeurs Visage Et Corps 75ml","og_url":"https:\/\/vitablanca.ma\/en\/product\/cebelia-soin-extreme-apaisant-et-anti-rougeurs-visage-et-corps-75ml\/","og_site_name":"Vitablanca.ma &ndash; Sant&eacute;, vitalit&eacute; et bien-&ecirc;tre pour tous les Marocains","article_publisher":"https:\/\/www.facebook.com\/profile.php?id=61576678196717","og_image":[{"width":1000,"height":1000,"url":"https:\/\/vitablanca.ma\/wp-content\/uploads\/2025\/06\/Cebelia-Soin-Extreme-Apaisant-Et-Anti-Rougeurs-Visage-Et-Corps-75ml-nova-parapharmacie-maroc.jpg","type":"image\/jpeg"}],"twitter_card":"summary_large_image","twitter_misc":{"Est. reading time":"2 minutes"},"schema":{"@context":"https:\/\/schema.org","@graph":[{"@type":["WebPage","ItemPage"],"@id":"https:\/\/vitablanca.ma\/produit\/cebelia-soin-extreme-apaisant-et-anti-rougeurs-visage-et-corps-75ml\/","url":"https:\/\/vitablanca.ma\/produit\/cebelia-soin-extreme-apaisant-et-anti-rougeurs-visage-et-corps-75ml\/","name":"Cebelia Extreme Soothing and Anti-Redness Face and Body Care 75ml - Morocco Price","isPartOf":{"@id":"https:\/\/vitablanca.ma\/#website"},"primaryImageOfPage":{"@id":"https:\/\/vitablanca.ma\/produit\/cebelia-soin-extreme-apaisant-et-anti-rougeurs-visage-et-corps-75ml\/#primaryimage"},"image":{"@id":"https:\/\/vitablanca.ma\/produit\/cebelia-soin-extreme-apaisant-et-anti-rougeurs-visage-et-corps-75ml\/#primaryimage"},"thumbnailUrl":"https:\/\/vitablanca.ma\/wp-content\/uploads\/2025\/06\/Cebelia-Soin-Extreme-Apaisant-Et-Anti-Rougeurs-Visage-Et-Corps-75ml-nova-parapharmacie-maroc.jpg","datePublished":"2025-06-10T16:39:47+00:00","description":"Cebelia Extreme Soothing and Anti-Redness Care for Face and Body 75ml","breadcrumb":{"@id":"https:\/\/vitablanca.ma\/produit\/cebelia-soin-extreme-apaisant-et-anti-rougeurs-visage-et-corps-75ml\/#breadcrumb"},"inLanguage":"en-US","potentialAction":[{"@type":"ReadAction","target":["https:\/\/vitablanca.ma\/produit\/cebelia-soin-extreme-apaisant-et-anti-rougeurs-visage-et-corps-75ml\/"]}]},{"@type":"ImageObject","inLanguage":"en-US","@id":"https:\/\/vitablanca.ma\/produit\/cebelia-soin-extreme-apaisant-et-anti-rougeurs-visage-et-corps-75ml\/#primaryimage","url":"https:\/\/vitablanca.ma\/wp-content\/uploads\/2025\/06\/Cebelia-Soin-Extreme-Apaisant-Et-Anti-Rougeurs-Visage-Et-Corps-75ml-nova-parapharmacie-maroc.jpg","contentUrl":"https:\/\/vitablanca.ma\/wp-content\/uploads\/2025\/06\/Cebelia-Soin-Extreme-Apaisant-Et-Anti-Rougeurs-Visage-Et-Corps-75ml-nova-parapharmacie-maroc.jpg","width":1000,"height":1000},{"@type":"BreadcrumbList","@id":"https:\/\/vitablanca.ma\/produit\/cebelia-soin-extreme-apaisant-et-anti-rougeurs-visage-et-corps-75ml\/#breadcrumb","itemListElement":[{"@type":"ListItem","position":1,"name":"Home","item":"https:\/\/vitablanca.ma\/"},{"@type":"ListItem","position":2,"name":"Tous Les Produits","item":"https:\/\/vitablanca.ma\/tous-les-produits\/"},{"@type":"ListItem","position":3,"name":"Cebelia Soin Extr\u00eame Apaisant Et Anti-Rougeurs Visage Et Corps 75ml"}]},{"@type":"WebSite","@id":"https:\/\/vitablanca.ma\/#website","url":"https:\/\/vitablanca.ma\/","name":"VitaBlanca.ma | Food supplements, health &amp; beauty in Morocco","description":"sell premium vitamins and supplements from USA &amp; Canada, New Zealand, Morocco (NOW Foods, Solgar, Manuka). Fast delivery anywhere in Morocco.","publisher":{"@id":"https:\/\/vitablanca.ma\/#organization"},"alternateName":"VitaBlanca.ma","potentialAction":[{"@type":"SearchAction","target":{"@type":"EntryPoint","urlTemplate":"https:\/\/vitablanca.ma\/?s={search_term_string}"},"query-input":{"@type":"PropertyValueSpecification","valueRequired":true,"valueName":"search_term_string"}}],"inLanguage":"en-US"},{"@type":"Organization","@id":"https:\/\/vitablanca.ma\/#organization","name":"VitaBlanca","url":"https:\/\/vitablanca.ma\/","logo":{"@type":"ImageObject","inLanguage":"en-US","@id":"https:\/\/vitablanca.ma\/#\/schema\/logo\/image\/","url":"https:\/\/vitablanca.ma\/wp-content\/uploads\/2025\/05\/cropped-vitablanca.png","contentUrl":"https:\/\/vitablanca.ma\/wp-content\/uploads\/2025\/05\/cropped-vitablanca.png","width":360,"height":67,"caption":"VitaBlanca"},"image":{"@id":"https:\/\/vitablanca.ma\/#\/schema\/logo\/image\/"},"sameAs":["https:\/\/www.facebook.com\/profile.php?id=61576678196717","https:\/\/www.tiktok.com\/@vitablanca.ma","https:\/\/www.instagram.com\/vitablanca.ma\/"]}]}},"jetpack_sharing_enabled":true,"_links":{"self":[{"href":"https:\/\/vitablanca.ma\/en\/wp-json\/wp\/v2\/product\/16183","targetHints":{"allow":["GET"]}}],"collection":[{"href":"https:\/\/vitablanca.ma\/en\/wp-json\/wp\/v2\/product"}],"about":[{"href":"https:\/\/vitablanca.ma\/en\/wp-json\/wp\/v2\/types\/product"}],"wp:featuredmedia":[{"embeddable":true,"href":"https:\/\/vitablanca.ma\/en\/wp-json\/wp\/v2\/media\/16181"}],"wp:attachment":[{"href":"https:\/\/vitablanca.ma\/en\/wp-json\/wp\/v2\/media?parent=16183"}],"wp:term":[{"taxonomy":"product_brand","embeddable":true,"href":"https:\/\/vitablanca.ma\/en\/wp-json\/wp\/v2\/product_brand?post=16183"},{"taxonomy":"product_cat","embeddable":true,"href":"https:\/\/vitablanca.ma\/en\/wp-json\/wp\/v2\/product_cat?post=16183"},{"taxonomy":"product_tag","embeddable":true,"href":"https:\/\/vitablanca.ma\/en\/wp-json\/wp\/v2\/product_tag?post=16183"}],"curies":[{"name":"wp","href":"https:\/\/api.w.org\/{rel}","templated":true}]}}