{"id":16182,"date":"2025-06-10T16:39:47","date_gmt":"2025-06-10T16:39:47","guid":{"rendered":"https:\/\/vitablanca.ma\/product\/camomilla-creme-solaire-spf50-tres-haute-protection-100ml\/"},"modified":"2025-06-10T16:39:47","modified_gmt":"2025-06-10T16:39:47","slug":"camomilla-creme-solaire-spf50-tres-haute-protection-100ml","status":"publish","type":"product","link":"https:\/\/vitablanca.ma\/en\/product\/camomilla-creme-solaire-spf50-tres-haute-protection-100ml\/","title":{"rendered":"Camomilla Sun Cream SPF50+ Very High Protection 100ml"},"content":{"rendered":"<h2>Camomilla Sun Cream SPF50+ Very High Protection.<\/h2>\n<p><span>Broad-spectrum sunscreen suitable for children&#039;s sensitive skin and very fair skin prone to sun intolerance. Lightweight, easy-to-spread texture that remains invisible on the skin.<br \/><\/span>100ml.<\/p>\n<h3>DESCRIPTION<\/h3>\n<div class=\"tab-panels\">\n<div class=\"woocommerce-Tabs-panel woocommerce-Tabs-panel--description panel entry-content active\" id=\"tab-description\" role=\"tabpanel\" aria-labelledby=\"tab-title-description\">\n<p>Apply the product before sun exposure and reapply several times a day, especially after swimming.<br \/><strong>Warnings:<\/strong><span>\u00a0<\/span>Do not expose babies and young children to direct sunlight. Do not stay in the sun for too long, even if you use sunscreen.<\/p>\n<section class=\"section\" id=\"section_1242427257\">\n<div class=\"bg section-bg fill bg-fill bg-loaded\">\n<h3>WHO USES IT<\/h3>\n<ul>\n<li>Children<\/li>\n<li>Adults sensitive to sun intolerances<\/li>\n<li>Adults with very light skin<\/li>\n<\/ul>\n<h3>WHAT&#039;S IN IT<\/h3>\n<ul>\n<li>Bisabolol<\/li>\n<li>Organic chamomile enzyme extract<\/li>\n<\/ul>\n<h3>WHAT IT DOESN&#039;T CONTAIN<\/h3>\n<ul>\n<li>Mineral oils<\/li>\n<li>ANKLE<\/li>\n<li>Dyes<\/li>\n<li>Parabens<\/li>\n<li>Perfume allergens<\/li>\n<\/ul>\n<\/div>\n<div class=\"section-content relative\">\n<div class=\"row row-solid\" id=\"row-1423022655\">\n<div id=\"col-939951358\" class=\"col medium-4 small-12 large-4\">\n<div class=\"col-inner\">\n<div class=\"icon-box featured-box icon-box-center text-center\">\n<div class=\"icon-box-text last-reset\">\n<div id=\"text-1779774948\" class=\"text\">\n<ul><\/ul>\n<p>\n<\/div>\n<\/div>\n<\/div>\n<\/div>\n<\/div>\n<\/div>\n<\/div>\n<\/section>\n<\/div>\n<\/div>","protected":false},"excerpt":{"rendered":"<p>Camomilla Cr\u00e8me Solaire SPF50+ Tr\u00e8s Haute Protection. Cr\u00e8me solaire \u00e0 large spectre adapt\u00e9e aux peaux sensibles des enfants et aux peaux tr\u00e8s claires ayant tendance \u00e0 d\u00e9velopper des intol\u00e9rances solaires. Texture l\u00e9g\u00e8re et facilement \u00e9talable qui reste invisible sur la peau.100ml. DESCRIPTION Appliquer le produit avant l\u2019exposition au soleil et renouveler l\u2019application plusieurs fois par [&hellip;]<\/p>\n","protected":false},"featured_media":16180,"template":"","meta":{"om_disable_all_campaigns":false},"product_brand":[],"product_cat":[15],"product_tag":[],"class_list":{"0":"post-16182","1":"product","2":"type-product","3":"status-publish","4":"has-post-thumbnail","6":"product_cat-beaute-sante-complements-alimentaires-soins-et-bien-etre-au-meilleur-prix","8":"first","9":"instock","10":"sale","11":"taxable","12":"shipping-taxable","13":"purchasable","14":"product-type-simple"},"yoast_head":"<!-- This site is optimized with the Yoast SEO plugin v27.3 - https:\/\/yoast.com\/product\/yoast-seo-wordpress\/ -->\n<title>Camomilla Cr\u00e8me Solaire SPF50+ Tr\u00e8s Haute Protection 100ml - Maroc Prix<\/title>\n<meta name=\"description\" content=\"Camomilla Cr\u00e8me Solaire SPF50+ Tr\u00e8s Haute Protection 100ml\" \/>\n<meta name=\"robots\" content=\"index, follow, max-snippet:-1, max-image-preview:large, max-video-preview:-1\" \/>\n<link rel=\"canonical\" href=\"https:\/\/vitablanca.ma\/en\/product\/camomilla-creme-solaire-spf50-tres-haute-protection-100ml\/\" \/>\n<meta property=\"og:locale\" content=\"en_US\" \/>\n<meta property=\"og:type\" content=\"article\" \/>\n<meta property=\"og:title\" content=\"Camomilla Cr\u00e8me Solaire SPF50+ Tr\u00e8s Haute Protection 100ml - Maroc Prix\" \/>\n<meta property=\"og:description\" content=\"Camomilla Cr\u00e8me Solaire SPF50+ Tr\u00e8s Haute Protection 100ml\" \/>\n<meta property=\"og:url\" content=\"https:\/\/vitablanca.ma\/en\/product\/camomilla-creme-solaire-spf50-tres-haute-protection-100ml\/\" \/>\n<meta property=\"og:site_name\" content=\"Vitablanca.ma &ndash; Sant&eacute;, vitalit&eacute; et bien-&ecirc;tre pour tous les Marocains\" \/>\n<meta property=\"article:publisher\" content=\"https:\/\/www.facebook.com\/profile.php?id=61576678196717\" \/>\n<meta property=\"og:image\" content=\"https:\/\/vitablanca.ma\/wp-content\/uploads\/2025\/06\/Camomilla-Creme-Solaire-SPF50_-Tres-Haute-Protection-100ml-nova-parapharmacie-casablanca.jpg\" \/>\n\t<meta property=\"og:image:width\" content=\"1000\" \/>\n\t<meta property=\"og:image:height\" content=\"1000\" \/>\n\t<meta property=\"og:image:type\" content=\"image\/jpeg\" \/>\n<meta name=\"twitter:card\" content=\"summary_large_image\" \/>\n<meta name=\"twitter:label1\" content=\"Est. reading time\" \/>\n\t<meta name=\"twitter:data1\" content=\"1 minute\" \/>\n<script type=\"application\/ld+json\" class=\"yoast-schema-graph\">{\"@context\":\"https:\\\/\\\/schema.org\",\"@graph\":[{\"@type\":[\"WebPage\",\"ItemPage\"],\"@id\":\"https:\\\/\\\/vitablanca.ma\\\/produit\\\/camomilla-creme-solaire-spf50-tres-haute-protection-100ml\\\/\",\"url\":\"https:\\\/\\\/vitablanca.ma\\\/produit\\\/camomilla-creme-solaire-spf50-tres-haute-protection-100ml\\\/\",\"name\":\"Camomilla Cr\u00e8me Solaire SPF50+ Tr\u00e8s Haute Protection 100ml - Maroc Prix\",\"isPartOf\":{\"@id\":\"https:\\\/\\\/vitablanca.ma\\\/#website\"},\"primaryImageOfPage\":{\"@id\":\"https:\\\/\\\/vitablanca.ma\\\/produit\\\/camomilla-creme-solaire-spf50-tres-haute-protection-100ml\\\/#primaryimage\"},\"image\":{\"@id\":\"https:\\\/\\\/vitablanca.ma\\\/produit\\\/camomilla-creme-solaire-spf50-tres-haute-protection-100ml\\\/#primaryimage\"},\"thumbnailUrl\":\"https:\\\/\\\/vitablanca.ma\\\/wp-content\\\/uploads\\\/2025\\\/06\\\/Camomilla-Creme-Solaire-SPF50_-Tres-Haute-Protection-100ml-nova-parapharmacie-casablanca.jpg\",\"datePublished\":\"2025-06-10T16:39:47+00:00\",\"description\":\"Camomilla Cr\u00e8me Solaire SPF50+ Tr\u00e8s Haute Protection 100ml\",\"breadcrumb\":{\"@id\":\"https:\\\/\\\/vitablanca.ma\\\/produit\\\/camomilla-creme-solaire-spf50-tres-haute-protection-100ml\\\/#breadcrumb\"},\"inLanguage\":\"en-US\",\"potentialAction\":[{\"@type\":\"ReadAction\",\"target\":[\"https:\\\/\\\/vitablanca.ma\\\/produit\\\/camomilla-creme-solaire-spf50-tres-haute-protection-100ml\\\/\"]}]},{\"@type\":\"ImageObject\",\"inLanguage\":\"en-US\",\"@id\":\"https:\\\/\\\/vitablanca.ma\\\/produit\\\/camomilla-creme-solaire-spf50-tres-haute-protection-100ml\\\/#primaryimage\",\"url\":\"https:\\\/\\\/vitablanca.ma\\\/wp-content\\\/uploads\\\/2025\\\/06\\\/Camomilla-Creme-Solaire-SPF50_-Tres-Haute-Protection-100ml-nova-parapharmacie-casablanca.jpg\",\"contentUrl\":\"https:\\\/\\\/vitablanca.ma\\\/wp-content\\\/uploads\\\/2025\\\/06\\\/Camomilla-Creme-Solaire-SPF50_-Tres-Haute-Protection-100ml-nova-parapharmacie-casablanca.jpg\",\"width\":1000,\"height\":1000},{\"@type\":\"BreadcrumbList\",\"@id\":\"https:\\\/\\\/vitablanca.ma\\\/produit\\\/camomilla-creme-solaire-spf50-tres-haute-protection-100ml\\\/#breadcrumb\",\"itemListElement\":[{\"@type\":\"ListItem\",\"position\":1,\"name\":\"Home\",\"item\":\"https:\\\/\\\/vitablanca.ma\\\/\"},{\"@type\":\"ListItem\",\"position\":2,\"name\":\"Tous Les Produits\",\"item\":\"https:\\\/\\\/vitablanca.ma\\\/tous-les-produits\\\/\"},{\"@type\":\"ListItem\",\"position\":3,\"name\":\"Camomilla Cr\u00e8me Solaire SPF50+ Tr\u00e8s Haute Protection 100ml\"}]},{\"@type\":\"WebSite\",\"@id\":\"https:\\\/\\\/vitablanca.ma\\\/#website\",\"url\":\"https:\\\/\\\/vitablanca.ma\\\/\",\"name\":\"VitaBlanca.ma | Compl\u00e9ments alimentaires, sant\u00e9 & beaut\u00e9 au Maroc\",\"description\":\"vendre vitamines et compl\u00e9ments premium des USA &amp; Canada, Nouvelle Z\u00e9lande,Maroc (NOW Foods, Solgar, Manuka). Livraison rapide partout au Maroc.\",\"publisher\":{\"@id\":\"https:\\\/\\\/vitablanca.ma\\\/#organization\"},\"alternateName\":\"VitaBlanca.ma\",\"potentialAction\":[{\"@type\":\"SearchAction\",\"target\":{\"@type\":\"EntryPoint\",\"urlTemplate\":\"https:\\\/\\\/vitablanca.ma\\\/?s={search_term_string}\"},\"query-input\":{\"@type\":\"PropertyValueSpecification\",\"valueRequired\":true,\"valueName\":\"search_term_string\"}}],\"inLanguage\":\"en-US\"},{\"@type\":\"Organization\",\"@id\":\"https:\\\/\\\/vitablanca.ma\\\/#organization\",\"name\":\"VitaBlanca\",\"url\":\"https:\\\/\\\/vitablanca.ma\\\/\",\"logo\":{\"@type\":\"ImageObject\",\"inLanguage\":\"en-US\",\"@id\":\"https:\\\/\\\/vitablanca.ma\\\/#\\\/schema\\\/logo\\\/image\\\/\",\"url\":\"https:\\\/\\\/vitablanca.ma\\\/wp-content\\\/uploads\\\/2025\\\/05\\\/cropped-vitablanca.png\",\"contentUrl\":\"https:\\\/\\\/vitablanca.ma\\\/wp-content\\\/uploads\\\/2025\\\/05\\\/cropped-vitablanca.png\",\"width\":360,\"height\":67,\"caption\":\"VitaBlanca\"},\"image\":{\"@id\":\"https:\\\/\\\/vitablanca.ma\\\/#\\\/schema\\\/logo\\\/image\\\/\"},\"sameAs\":[\"https:\\\/\\\/www.facebook.com\\\/profile.php?id=61576678196717\",\"https:\\\/\\\/www.tiktok.com\\\/@vitablanca.ma\",\"https:\\\/\\\/www.instagram.com\\\/vitablanca.ma\\\/\"]}]}<\/script>\n<!-- \/ Yoast SEO plugin. -->","yoast_head_json":{"title":"Camomilla Sunscreen SPF50+ Very High Protection 100ml - Morocco Price","description":"Camomilla Sun Cream SPF50+ Very High Protection 100ml","robots":{"index":"index","follow":"follow","max-snippet":"max-snippet:-1","max-image-preview":"max-image-preview:large","max-video-preview":"max-video-preview:-1"},"canonical":"https:\/\/vitablanca.ma\/en\/product\/camomilla-creme-solaire-spf50-tres-haute-protection-100ml\/","og_locale":"en_US","og_type":"article","og_title":"Camomilla Cr\u00e8me Solaire SPF50+ Tr\u00e8s Haute Protection 100ml - Maroc Prix","og_description":"Camomilla Cr\u00e8me Solaire SPF50+ Tr\u00e8s Haute Protection 100ml","og_url":"https:\/\/vitablanca.ma\/en\/product\/camomilla-creme-solaire-spf50-tres-haute-protection-100ml\/","og_site_name":"Vitablanca.ma &ndash; Sant&eacute;, vitalit&eacute; et bien-&ecirc;tre pour tous les Marocains","article_publisher":"https:\/\/www.facebook.com\/profile.php?id=61576678196717","og_image":[{"width":1000,"height":1000,"url":"https:\/\/vitablanca.ma\/wp-content\/uploads\/2025\/06\/Camomilla-Creme-Solaire-SPF50_-Tres-Haute-Protection-100ml-nova-parapharmacie-casablanca.jpg","type":"image\/jpeg"}],"twitter_card":"summary_large_image","twitter_misc":{"Est. reading time":"1 minute"},"schema":{"@context":"https:\/\/schema.org","@graph":[{"@type":["WebPage","ItemPage"],"@id":"https:\/\/vitablanca.ma\/produit\/camomilla-creme-solaire-spf50-tres-haute-protection-100ml\/","url":"https:\/\/vitablanca.ma\/produit\/camomilla-creme-solaire-spf50-tres-haute-protection-100ml\/","name":"Camomilla Sunscreen SPF50+ Very High Protection 100ml - Morocco Price","isPartOf":{"@id":"https:\/\/vitablanca.ma\/#website"},"primaryImageOfPage":{"@id":"https:\/\/vitablanca.ma\/produit\/camomilla-creme-solaire-spf50-tres-haute-protection-100ml\/#primaryimage"},"image":{"@id":"https:\/\/vitablanca.ma\/produit\/camomilla-creme-solaire-spf50-tres-haute-protection-100ml\/#primaryimage"},"thumbnailUrl":"https:\/\/vitablanca.ma\/wp-content\/uploads\/2025\/06\/Camomilla-Creme-Solaire-SPF50_-Tres-Haute-Protection-100ml-nova-parapharmacie-casablanca.jpg","datePublished":"2025-06-10T16:39:47+00:00","description":"Camomilla Sun Cream SPF50+ Very High Protection 100ml","breadcrumb":{"@id":"https:\/\/vitablanca.ma\/produit\/camomilla-creme-solaire-spf50-tres-haute-protection-100ml\/#breadcrumb"},"inLanguage":"en-US","potentialAction":[{"@type":"ReadAction","target":["https:\/\/vitablanca.ma\/produit\/camomilla-creme-solaire-spf50-tres-haute-protection-100ml\/"]}]},{"@type":"ImageObject","inLanguage":"en-US","@id":"https:\/\/vitablanca.ma\/produit\/camomilla-creme-solaire-spf50-tres-haute-protection-100ml\/#primaryimage","url":"https:\/\/vitablanca.ma\/wp-content\/uploads\/2025\/06\/Camomilla-Creme-Solaire-SPF50_-Tres-Haute-Protection-100ml-nova-parapharmacie-casablanca.jpg","contentUrl":"https:\/\/vitablanca.ma\/wp-content\/uploads\/2025\/06\/Camomilla-Creme-Solaire-SPF50_-Tres-Haute-Protection-100ml-nova-parapharmacie-casablanca.jpg","width":1000,"height":1000},{"@type":"BreadcrumbList","@id":"https:\/\/vitablanca.ma\/produit\/camomilla-creme-solaire-spf50-tres-haute-protection-100ml\/#breadcrumb","itemListElement":[{"@type":"ListItem","position":1,"name":"Home","item":"https:\/\/vitablanca.ma\/"},{"@type":"ListItem","position":2,"name":"Tous Les Produits","item":"https:\/\/vitablanca.ma\/tous-les-produits\/"},{"@type":"ListItem","position":3,"name":"Camomilla Cr\u00e8me Solaire SPF50+ Tr\u00e8s Haute Protection 100ml"}]},{"@type":"WebSite","@id":"https:\/\/vitablanca.ma\/#website","url":"https:\/\/vitablanca.ma\/","name":"VitaBlanca.ma | Food supplements, health &amp; beauty in Morocco","description":"sell premium vitamins and supplements from USA &amp; Canada, New Zealand, Morocco (NOW Foods, Solgar, Manuka). Fast delivery anywhere in Morocco.","publisher":{"@id":"https:\/\/vitablanca.ma\/#organization"},"alternateName":"VitaBlanca.ma","potentialAction":[{"@type":"SearchAction","target":{"@type":"EntryPoint","urlTemplate":"https:\/\/vitablanca.ma\/?s={search_term_string}"},"query-input":{"@type":"PropertyValueSpecification","valueRequired":true,"valueName":"search_term_string"}}],"inLanguage":"en-US"},{"@type":"Organization","@id":"https:\/\/vitablanca.ma\/#organization","name":"VitaBlanca","url":"https:\/\/vitablanca.ma\/","logo":{"@type":"ImageObject","inLanguage":"en-US","@id":"https:\/\/vitablanca.ma\/#\/schema\/logo\/image\/","url":"https:\/\/vitablanca.ma\/wp-content\/uploads\/2025\/05\/cropped-vitablanca.png","contentUrl":"https:\/\/vitablanca.ma\/wp-content\/uploads\/2025\/05\/cropped-vitablanca.png","width":360,"height":67,"caption":"VitaBlanca"},"image":{"@id":"https:\/\/vitablanca.ma\/#\/schema\/logo\/image\/"},"sameAs":["https:\/\/www.facebook.com\/profile.php?id=61576678196717","https:\/\/www.tiktok.com\/@vitablanca.ma","https:\/\/www.instagram.com\/vitablanca.ma\/"]}]}},"jetpack_sharing_enabled":true,"_links":{"self":[{"href":"https:\/\/vitablanca.ma\/en\/wp-json\/wp\/v2\/product\/16182","targetHints":{"allow":["GET"]}}],"collection":[{"href":"https:\/\/vitablanca.ma\/en\/wp-json\/wp\/v2\/product"}],"about":[{"href":"https:\/\/vitablanca.ma\/en\/wp-json\/wp\/v2\/types\/product"}],"wp:featuredmedia":[{"embeddable":true,"href":"https:\/\/vitablanca.ma\/en\/wp-json\/wp\/v2\/media\/16180"}],"wp:attachment":[{"href":"https:\/\/vitablanca.ma\/en\/wp-json\/wp\/v2\/media?parent=16182"}],"wp:term":[{"taxonomy":"product_brand","embeddable":true,"href":"https:\/\/vitablanca.ma\/en\/wp-json\/wp\/v2\/product_brand?post=16182"},{"taxonomy":"product_cat","embeddable":true,"href":"https:\/\/vitablanca.ma\/en\/wp-json\/wp\/v2\/product_cat?post=16182"},{"taxonomy":"product_tag","embeddable":true,"href":"https:\/\/vitablanca.ma\/en\/wp-json\/wp\/v2\/product_tag?post=16182"}],"curies":[{"name":"wp","href":"https:\/\/api.w.org\/{rel}","templated":true}]}}