{"id":16179,"date":"2025-06-10T16:39:43","date_gmt":"2025-06-10T16:39:43","guid":{"rendered":"https:\/\/vitablanca.ma\/product\/camomilla-blu-deodorant-spray-100ml\/"},"modified":"2025-06-10T16:39:43","modified_gmt":"2025-06-10T16:39:43","slug":"camomilla-blu-deodorant-spray-100ml","status":"publish","type":"product","link":"https:\/\/vitablanca.ma\/en\/product\/camomilla-blu-deodorant-spray-100ml\/","title":{"rendered":"Camomilla Blu Deodorant Spray 100ml"},"content":{"rendered":"<h2>Camomilla Blu Deodorant Spray\u00a0<span data-mce-fragment=\"1\">specially indicated for sensitive and delicate skin.<\/span><br \/>\n<\/h2>\n<p>Deodorant Spray specially indicated for Sensitive and Delicate Skin.<\/p>\n<p>Allergen-free fragrance.<\/p>\n<p>No Aluminum Salts\/No Phenoxyethanol\/No Parabens\/No BHA\/BHT\/No Colorants\/No PEG.<\/p>\n<p>Nickel tested.<\/p>\n<p>Dermatologically tested.<\/p>\n<p>Suitable for Daily Use.<\/p>\n<p>All Skin Types.<\/p>\n<p>Deodorant Spray specially indicated for Sensitive and Delicate Skin.<\/p>\n<p>It provides an immediate sensation of freshness while providing deodorant activity throughout the day.<\/p>\n<p>Anti-Odor: Neutralizes Bad Odors.<\/p>\n<p>Freshness Effect.<\/p>\n<p>Allergen-free fragrance.<\/p>\n<p>No Aluminum Salts\/No Phenoxyethanol\/No Parabens\/No BHA\/BHT\/No Colorants\/No PEG.<\/p>\n<p>Nickel tested.<\/p>\n<p>Dermatologically tested.<\/p>\n<p>Suitable for Daily Use.<\/p>\n<p>100ml spray bottle.<\/p>\n<h3>DIRECTIONS FOR USE\u00a0<\/h3>\n<p>Spray the product after cleansing on clean, dry skin.<\/p>","protected":false},"excerpt":{"rendered":"<p>Camomilla Blu D\u00e9odorant Spray\u00a0sp\u00e9cialement indiqu\u00e9 pour les Peux Sensibles et D\u00e9licates. D\u00e9odorant Spray sp\u00e9cialement indiqu\u00e9 pour les Peux Sensibles et D\u00e9licates. Parfum sans Allerg\u00e8nes. Sans Sels d\u2019Aluminium\/Sans Phenoxyethanol\/Sans Parabenes\/Sans BHA\/BHT\/Sans Colorants\/Sans PEG. Test\u00e9 au Nickel. Test\u00e9 dermatologiquement. Adapt\u00e9 pour un Usage Quotidien. Toutes Peaux. D\u00e9odorant Spray sp\u00e9cialement indiqu\u00e9 pour les Peux Sensibles et D\u00e9licates. Il [&hellip;]<\/p>\n","protected":false},"featured_media":16178,"template":"","meta":{"om_disable_all_campaigns":false},"product_brand":[],"product_cat":[15],"product_tag":[],"class_list":{"0":"post-16179","1":"product","2":"type-product","3":"status-publish","4":"has-post-thumbnail","6":"product_cat-beaute-sante-complements-alimentaires-soins-et-bien-etre-au-meilleur-prix","8":"first","9":"instock","10":"sale","11":"taxable","12":"shipping-taxable","13":"purchasable","14":"product-type-simple"},"yoast_head":"<!-- This site is optimized with the Yoast SEO plugin v27.3 - https:\/\/yoast.com\/product\/yoast-seo-wordpress\/ -->\n<title>Camomilla Blu D\u00e9odorant Spray 100ml - Maroc Prix<\/title>\n<meta name=\"description\" content=\"Camomilla Blu D\u00e9odorant Spray 100ml\" \/>\n<meta name=\"robots\" content=\"index, follow, max-snippet:-1, max-image-preview:large, max-video-preview:-1\" \/>\n<link rel=\"canonical\" href=\"https:\/\/vitablanca.ma\/en\/product\/camomilla-blu-deodorant-spray-100ml\/\" \/>\n<meta property=\"og:locale\" content=\"en_US\" \/>\n<meta property=\"og:type\" content=\"article\" \/>\n<meta property=\"og:title\" content=\"Camomilla Blu D\u00e9odorant Spray 100ml - Maroc Prix\" \/>\n<meta property=\"og:description\" content=\"Camomilla Blu D\u00e9odorant Spray 100ml\" \/>\n<meta property=\"og:url\" content=\"https:\/\/vitablanca.ma\/en\/product\/camomilla-blu-deodorant-spray-100ml\/\" \/>\n<meta property=\"og:site_name\" content=\"Vitablanca.ma &ndash; Sant&eacute;, vitalit&eacute; et bien-&ecirc;tre pour tous les Marocains\" \/>\n<meta property=\"article:publisher\" content=\"https:\/\/www.facebook.com\/profile.php?id=61576678196717\" \/>\n<meta property=\"og:image\" content=\"https:\/\/vitablanca.ma\/wp-content\/uploads\/2025\/06\/Camomilla-Blu-Deodorant-Spray-100ml-nova-parapharmacie-maroc.png\" \/>\n\t<meta property=\"og:image:width\" content=\"1000\" \/>\n\t<meta property=\"og:image:height\" content=\"1000\" \/>\n\t<meta property=\"og:image:type\" content=\"image\/png\" \/>\n<meta name=\"twitter:card\" content=\"summary_large_image\" \/>\n<meta name=\"twitter:label1\" content=\"Est. reading time\" \/>\n\t<meta name=\"twitter:data1\" content=\"1 minute\" \/>\n<script type=\"application\/ld+json\" class=\"yoast-schema-graph\">{\"@context\":\"https:\\\/\\\/schema.org\",\"@graph\":[{\"@type\":[\"WebPage\",\"ItemPage\"],\"@id\":\"https:\\\/\\\/vitablanca.ma\\\/produit\\\/camomilla-blu-deodorant-spray-100ml\\\/\",\"url\":\"https:\\\/\\\/vitablanca.ma\\\/produit\\\/camomilla-blu-deodorant-spray-100ml\\\/\",\"name\":\"Camomilla Blu D\u00e9odorant Spray 100ml - Maroc Prix\",\"isPartOf\":{\"@id\":\"https:\\\/\\\/vitablanca.ma\\\/#website\"},\"primaryImageOfPage\":{\"@id\":\"https:\\\/\\\/vitablanca.ma\\\/produit\\\/camomilla-blu-deodorant-spray-100ml\\\/#primaryimage\"},\"image\":{\"@id\":\"https:\\\/\\\/vitablanca.ma\\\/produit\\\/camomilla-blu-deodorant-spray-100ml\\\/#primaryimage\"},\"thumbnailUrl\":\"https:\\\/\\\/vitablanca.ma\\\/wp-content\\\/uploads\\\/2025\\\/06\\\/Camomilla-Blu-Deodorant-Spray-100ml-nova-parapharmacie-maroc.png\",\"datePublished\":\"2025-06-10T16:39:43+00:00\",\"description\":\"Camomilla Blu D\u00e9odorant Spray 100ml\",\"breadcrumb\":{\"@id\":\"https:\\\/\\\/vitablanca.ma\\\/produit\\\/camomilla-blu-deodorant-spray-100ml\\\/#breadcrumb\"},\"inLanguage\":\"en-US\",\"potentialAction\":[{\"@type\":\"ReadAction\",\"target\":[\"https:\\\/\\\/vitablanca.ma\\\/produit\\\/camomilla-blu-deodorant-spray-100ml\\\/\"]}]},{\"@type\":\"ImageObject\",\"inLanguage\":\"en-US\",\"@id\":\"https:\\\/\\\/vitablanca.ma\\\/produit\\\/camomilla-blu-deodorant-spray-100ml\\\/#primaryimage\",\"url\":\"https:\\\/\\\/vitablanca.ma\\\/wp-content\\\/uploads\\\/2025\\\/06\\\/Camomilla-Blu-Deodorant-Spray-100ml-nova-parapharmacie-maroc.png\",\"contentUrl\":\"https:\\\/\\\/vitablanca.ma\\\/wp-content\\\/uploads\\\/2025\\\/06\\\/Camomilla-Blu-Deodorant-Spray-100ml-nova-parapharmacie-maroc.png\",\"width\":1000,\"height\":1000},{\"@type\":\"BreadcrumbList\",\"@id\":\"https:\\\/\\\/vitablanca.ma\\\/produit\\\/camomilla-blu-deodorant-spray-100ml\\\/#breadcrumb\",\"itemListElement\":[{\"@type\":\"ListItem\",\"position\":1,\"name\":\"Home\",\"item\":\"https:\\\/\\\/vitablanca.ma\\\/\"},{\"@type\":\"ListItem\",\"position\":2,\"name\":\"Tous Les Produits\",\"item\":\"https:\\\/\\\/vitablanca.ma\\\/tous-les-produits\\\/\"},{\"@type\":\"ListItem\",\"position\":3,\"name\":\"Camomilla Blu D\u00e9odorant Spray 100ml\"}]},{\"@type\":\"WebSite\",\"@id\":\"https:\\\/\\\/vitablanca.ma\\\/#website\",\"url\":\"https:\\\/\\\/vitablanca.ma\\\/\",\"name\":\"VitaBlanca.ma | Compl\u00e9ments alimentaires, sant\u00e9 & beaut\u00e9 au Maroc\",\"description\":\"vendre vitamines et compl\u00e9ments premium des USA &amp; Canada, Nouvelle Z\u00e9lande,Maroc (NOW Foods, Solgar, Manuka). Livraison rapide partout au Maroc.\",\"publisher\":{\"@id\":\"https:\\\/\\\/vitablanca.ma\\\/#organization\"},\"alternateName\":\"VitaBlanca.ma\",\"potentialAction\":[{\"@type\":\"SearchAction\",\"target\":{\"@type\":\"EntryPoint\",\"urlTemplate\":\"https:\\\/\\\/vitablanca.ma\\\/?s={search_term_string}\"},\"query-input\":{\"@type\":\"PropertyValueSpecification\",\"valueRequired\":true,\"valueName\":\"search_term_string\"}}],\"inLanguage\":\"en-US\"},{\"@type\":\"Organization\",\"@id\":\"https:\\\/\\\/vitablanca.ma\\\/#organization\",\"name\":\"VitaBlanca\",\"url\":\"https:\\\/\\\/vitablanca.ma\\\/\",\"logo\":{\"@type\":\"ImageObject\",\"inLanguage\":\"en-US\",\"@id\":\"https:\\\/\\\/vitablanca.ma\\\/#\\\/schema\\\/logo\\\/image\\\/\",\"url\":\"https:\\\/\\\/vitablanca.ma\\\/wp-content\\\/uploads\\\/2025\\\/05\\\/cropped-vitablanca.png\",\"contentUrl\":\"https:\\\/\\\/vitablanca.ma\\\/wp-content\\\/uploads\\\/2025\\\/05\\\/cropped-vitablanca.png\",\"width\":360,\"height\":67,\"caption\":\"VitaBlanca\"},\"image\":{\"@id\":\"https:\\\/\\\/vitablanca.ma\\\/#\\\/schema\\\/logo\\\/image\\\/\"},\"sameAs\":[\"https:\\\/\\\/www.facebook.com\\\/profile.php?id=61576678196717\",\"https:\\\/\\\/www.tiktok.com\\\/@vitablanca.ma\",\"https:\\\/\\\/www.instagram.com\\\/vitablanca.ma\\\/\"]}]}<\/script>\n<!-- \/ Yoast SEO plugin. -->","yoast_head_json":{"title":"Camomilla Blu Deodorant Spray 100ml - Morocco Price","description":"Camomilla Blu Deodorant Spray 100ml","robots":{"index":"index","follow":"follow","max-snippet":"max-snippet:-1","max-image-preview":"max-image-preview:large","max-video-preview":"max-video-preview:-1"},"canonical":"https:\/\/vitablanca.ma\/en\/product\/camomilla-blu-deodorant-spray-100ml\/","og_locale":"en_US","og_type":"article","og_title":"Camomilla Blu D\u00e9odorant Spray 100ml - Maroc Prix","og_description":"Camomilla Blu D\u00e9odorant Spray 100ml","og_url":"https:\/\/vitablanca.ma\/en\/product\/camomilla-blu-deodorant-spray-100ml\/","og_site_name":"Vitablanca.ma &ndash; Sant&eacute;, vitalit&eacute; et bien-&ecirc;tre pour tous les Marocains","article_publisher":"https:\/\/www.facebook.com\/profile.php?id=61576678196717","og_image":[{"width":1000,"height":1000,"url":"https:\/\/vitablanca.ma\/wp-content\/uploads\/2025\/06\/Camomilla-Blu-Deodorant-Spray-100ml-nova-parapharmacie-maroc.png","type":"image\/png"}],"twitter_card":"summary_large_image","twitter_misc":{"Est. reading time":"1 minute"},"schema":{"@context":"https:\/\/schema.org","@graph":[{"@type":["WebPage","ItemPage"],"@id":"https:\/\/vitablanca.ma\/produit\/camomilla-blu-deodorant-spray-100ml\/","url":"https:\/\/vitablanca.ma\/produit\/camomilla-blu-deodorant-spray-100ml\/","name":"Camomilla Blu Deodorant Spray 100ml - Morocco Price","isPartOf":{"@id":"https:\/\/vitablanca.ma\/#website"},"primaryImageOfPage":{"@id":"https:\/\/vitablanca.ma\/produit\/camomilla-blu-deodorant-spray-100ml\/#primaryimage"},"image":{"@id":"https:\/\/vitablanca.ma\/produit\/camomilla-blu-deodorant-spray-100ml\/#primaryimage"},"thumbnailUrl":"https:\/\/vitablanca.ma\/wp-content\/uploads\/2025\/06\/Camomilla-Blu-Deodorant-Spray-100ml-nova-parapharmacie-maroc.png","datePublished":"2025-06-10T16:39:43+00:00","description":"Camomilla Blu Deodorant Spray 100ml","breadcrumb":{"@id":"https:\/\/vitablanca.ma\/produit\/camomilla-blu-deodorant-spray-100ml\/#breadcrumb"},"inLanguage":"en-US","potentialAction":[{"@type":"ReadAction","target":["https:\/\/vitablanca.ma\/produit\/camomilla-blu-deodorant-spray-100ml\/"]}]},{"@type":"ImageObject","inLanguage":"en-US","@id":"https:\/\/vitablanca.ma\/produit\/camomilla-blu-deodorant-spray-100ml\/#primaryimage","url":"https:\/\/vitablanca.ma\/wp-content\/uploads\/2025\/06\/Camomilla-Blu-Deodorant-Spray-100ml-nova-parapharmacie-maroc.png","contentUrl":"https:\/\/vitablanca.ma\/wp-content\/uploads\/2025\/06\/Camomilla-Blu-Deodorant-Spray-100ml-nova-parapharmacie-maroc.png","width":1000,"height":1000},{"@type":"BreadcrumbList","@id":"https:\/\/vitablanca.ma\/produit\/camomilla-blu-deodorant-spray-100ml\/#breadcrumb","itemListElement":[{"@type":"ListItem","position":1,"name":"Home","item":"https:\/\/vitablanca.ma\/"},{"@type":"ListItem","position":2,"name":"Tous Les Produits","item":"https:\/\/vitablanca.ma\/tous-les-produits\/"},{"@type":"ListItem","position":3,"name":"Camomilla Blu D\u00e9odorant Spray 100ml"}]},{"@type":"WebSite","@id":"https:\/\/vitablanca.ma\/#website","url":"https:\/\/vitablanca.ma\/","name":"VitaBlanca.ma | Food supplements, health &amp; beauty in Morocco","description":"sell premium vitamins and supplements from USA &amp; Canada, New Zealand, Morocco (NOW Foods, Solgar, Manuka). Fast delivery anywhere in Morocco.","publisher":{"@id":"https:\/\/vitablanca.ma\/#organization"},"alternateName":"VitaBlanca.ma","potentialAction":[{"@type":"SearchAction","target":{"@type":"EntryPoint","urlTemplate":"https:\/\/vitablanca.ma\/?s={search_term_string}"},"query-input":{"@type":"PropertyValueSpecification","valueRequired":true,"valueName":"search_term_string"}}],"inLanguage":"en-US"},{"@type":"Organization","@id":"https:\/\/vitablanca.ma\/#organization","name":"VitaBlanca","url":"https:\/\/vitablanca.ma\/","logo":{"@type":"ImageObject","inLanguage":"en-US","@id":"https:\/\/vitablanca.ma\/#\/schema\/logo\/image\/","url":"https:\/\/vitablanca.ma\/wp-content\/uploads\/2025\/05\/cropped-vitablanca.png","contentUrl":"https:\/\/vitablanca.ma\/wp-content\/uploads\/2025\/05\/cropped-vitablanca.png","width":360,"height":67,"caption":"VitaBlanca"},"image":{"@id":"https:\/\/vitablanca.ma\/#\/schema\/logo\/image\/"},"sameAs":["https:\/\/www.facebook.com\/profile.php?id=61576678196717","https:\/\/www.tiktok.com\/@vitablanca.ma","https:\/\/www.instagram.com\/vitablanca.ma\/"]}]}},"jetpack_sharing_enabled":true,"_links":{"self":[{"href":"https:\/\/vitablanca.ma\/en\/wp-json\/wp\/v2\/product\/16179","targetHints":{"allow":["GET"]}}],"collection":[{"href":"https:\/\/vitablanca.ma\/en\/wp-json\/wp\/v2\/product"}],"about":[{"href":"https:\/\/vitablanca.ma\/en\/wp-json\/wp\/v2\/types\/product"}],"wp:featuredmedia":[{"embeddable":true,"href":"https:\/\/vitablanca.ma\/en\/wp-json\/wp\/v2\/media\/16178"}],"wp:attachment":[{"href":"https:\/\/vitablanca.ma\/en\/wp-json\/wp\/v2\/media?parent=16179"}],"wp:term":[{"taxonomy":"product_brand","embeddable":true,"href":"https:\/\/vitablanca.ma\/en\/wp-json\/wp\/v2\/product_brand?post=16179"},{"taxonomy":"product_cat","embeddable":true,"href":"https:\/\/vitablanca.ma\/en\/wp-json\/wp\/v2\/product_cat?post=16179"},{"taxonomy":"product_tag","embeddable":true,"href":"https:\/\/vitablanca.ma\/en\/wp-json\/wp\/v2\/product_tag?post=16179"}],"curies":[{"name":"wp","href":"https:\/\/api.w.org\/{rel}","templated":true}]}}