{"id":16111,"date":"2025-06-10T16:36:45","date_gmt":"2025-06-10T16:36:45","guid":{"rendered":"https:\/\/vitablanca.ma\/product\/biorga-sebophane-shampooing-seboregulateur-cheveux-gras-200ml\/"},"modified":"2025-06-10T16:36:45","modified_gmt":"2025-06-10T16:36:45","slug":"biorga-sebophane-shampooing-seboregulateur-cheveux-gras-200ml","status":"publish","type":"product","link":"https:\/\/vitablanca.ma\/en\/product\/biorga-sebophane-shampooing-seboregulateur-cheveux-gras-200ml\/","title":{"rendered":"Biorga SEBOPHANE Seboregulating Shampoo for Oily Hair 200ml"},"content":{"rendered":"<h2>Biorga SEBOPHANE Seboregulating Shampoo for Oily Hair 200ml<\/h2>\n<p>Sebophane is a gentle, sebum-regulating shampoo suitable for oily, heavy and dull hair.<\/p>\n<p>The anti-grease protein complex based on American pine extract stops the migration of sebum along the hair shaft, which reduces the frequency of washing.<\/p>\n<p>Zinc pidolate and copper pidolate, active seborrheic regulators, regulate sebum secretion while maintaining the balance of the scalp flora. Thanks to its gentle, pleasantly scented, and foaming cleansing base, S\u00e9bophane gently eliminates excess sebum.<\/p>\n<p>Sebophane can be used as often as needed.<\/p>\n<p>Hair regains volume, lightness and shine.<\/p>\n<p><strong>Indications:<\/strong><\/p>\n<p>Greasy, heavy, dull hair<\/p>\n<p><strong>Directions for use:<\/strong><\/p>\n<p>Use 3 to 4 times a week by gently massaging the scalp into wet hair. Leave on for a few minutes and rinse thoroughly until no more lather remains.<\/p>\n<p>Reapply if necessary.<\/p>\n<p><strong>Composition :<\/strong><\/p>\n<p>AQUA, SODIUM LAURETH SULFATE, DECYL POLYGLUCOSE, COCAMIDE DEA, POTASSIUM ABIERTOYL HYDROLYZED COLLAGEN, GLYCERYL LAURATE, ZINC PCA, DM HYDANTOIN, TETRASODIUM EDTA, PARFUM, CITRIC ACID, COPPER PCA, CI 42090.<\/p>","protected":false},"excerpt":{"rendered":"<p>Biorga SEBOPHANE Shampooing Sebor\u00e9gulateur cheveux gras 200ml Le s\u00e9bophane est un shampoing doux, r\u00e9gulateur de s\u00e9bum, qui convient aux cheveux gras, lourds et ternes. Le complexe prot\u00e9ique anti-graisse \u00e0 base d&rsquo;un extrait de pin am\u00e9ricain stoppe la migration du s\u00e9bum le long de la tige du cheveu, ce qui r\u00e9duit la fr\u00e9quence des lavages. Le [&hellip;]<\/p>\n","protected":false},"featured_media":16109,"template":"","meta":{"om_disable_all_campaigns":false},"product_brand":[],"product_cat":[15],"product_tag":[],"class_list":{"0":"post-16111","1":"product","2":"type-product","3":"status-publish","4":"has-post-thumbnail","6":"product_cat-beaute-sante-complements-alimentaires-soins-et-bien-etre-au-meilleur-prix","8":"first","9":"instock","10":"sale","11":"taxable","12":"shipping-taxable","13":"purchasable","14":"product-type-simple"},"yoast_head":"<!-- This site is optimized with the Yoast SEO plugin v27.3 - https:\/\/yoast.com\/product\/yoast-seo-wordpress\/ -->\n<title>Biorga SEBOPHANE Shampooing Sebor\u00e9gulateur cheveux gras 200ml - Maroc Prix<\/title>\n<meta name=\"description\" content=\"Biorga SEBOPHANE Shampooing Sebor\u00e9gulateur cheveux gras 200ml\" \/>\n<meta name=\"robots\" content=\"index, follow, max-snippet:-1, max-image-preview:large, max-video-preview:-1\" \/>\n<link rel=\"canonical\" href=\"https:\/\/vitablanca.ma\/en\/product\/biorga-sebophane-shampooing-seboregulateur-cheveux-gras-200ml\/\" \/>\n<meta property=\"og:locale\" content=\"en_US\" \/>\n<meta property=\"og:type\" content=\"article\" \/>\n<meta property=\"og:title\" content=\"Biorga SEBOPHANE Shampooing Sebor\u00e9gulateur cheveux gras 200ml - Maroc Prix\" \/>\n<meta property=\"og:description\" content=\"Biorga SEBOPHANE Shampooing Sebor\u00e9gulateur cheveux gras 200ml\" \/>\n<meta property=\"og:url\" content=\"https:\/\/vitablanca.ma\/en\/product\/biorga-sebophane-shampooing-seboregulateur-cheveux-gras-200ml\/\" \/>\n<meta property=\"og:site_name\" content=\"Vitablanca.ma &ndash; Sant&eacute;, vitalit&eacute; et bien-&ecirc;tre pour tous les Marocains\" \/>\n<meta property=\"article:publisher\" content=\"https:\/\/www.facebook.com\/profile.php?id=61576678196717\" \/>\n<meta property=\"og:image\" content=\"https:\/\/vitablanca.ma\/wp-content\/uploads\/2025\/06\/biorga-sebophane-shampooing-oil-control-200-ml-Nova-para-prix-Maroc.jpg\" \/>\n\t<meta property=\"og:image:width\" content=\"800\" \/>\n\t<meta property=\"og:image:height\" content=\"800\" \/>\n\t<meta property=\"og:image:type\" content=\"image\/jpeg\" \/>\n<meta name=\"twitter:card\" content=\"summary_large_image\" \/>\n<meta name=\"twitter:label1\" content=\"Est. reading time\" \/>\n\t<meta name=\"twitter:data1\" content=\"1 minute\" \/>\n<script type=\"application\/ld+json\" class=\"yoast-schema-graph\">{\"@context\":\"https:\\\/\\\/schema.org\",\"@graph\":[{\"@type\":[\"WebPage\",\"ItemPage\"],\"@id\":\"https:\\\/\\\/vitablanca.ma\\\/produit\\\/biorga-sebophane-shampooing-seboregulateur-cheveux-gras-200ml\\\/\",\"url\":\"https:\\\/\\\/vitablanca.ma\\\/produit\\\/biorga-sebophane-shampooing-seboregulateur-cheveux-gras-200ml\\\/\",\"name\":\"Biorga SEBOPHANE Shampooing Sebor\u00e9gulateur cheveux gras 200ml - Maroc Prix\",\"isPartOf\":{\"@id\":\"https:\\\/\\\/vitablanca.ma\\\/#website\"},\"primaryImageOfPage\":{\"@id\":\"https:\\\/\\\/vitablanca.ma\\\/produit\\\/biorga-sebophane-shampooing-seboregulateur-cheveux-gras-200ml\\\/#primaryimage\"},\"image\":{\"@id\":\"https:\\\/\\\/vitablanca.ma\\\/produit\\\/biorga-sebophane-shampooing-seboregulateur-cheveux-gras-200ml\\\/#primaryimage\"},\"thumbnailUrl\":\"https:\\\/\\\/vitablanca.ma\\\/wp-content\\\/uploads\\\/2025\\\/06\\\/biorga-sebophane-shampooing-oil-control-200-ml-Nova-para-prix-Maroc.jpg\",\"datePublished\":\"2025-06-10T16:36:45+00:00\",\"description\":\"Biorga SEBOPHANE Shampooing Sebor\u00e9gulateur cheveux gras 200ml\",\"breadcrumb\":{\"@id\":\"https:\\\/\\\/vitablanca.ma\\\/produit\\\/biorga-sebophane-shampooing-seboregulateur-cheveux-gras-200ml\\\/#breadcrumb\"},\"inLanguage\":\"en-US\",\"potentialAction\":[{\"@type\":\"ReadAction\",\"target\":[\"https:\\\/\\\/vitablanca.ma\\\/produit\\\/biorga-sebophane-shampooing-seboregulateur-cheveux-gras-200ml\\\/\"]}]},{\"@type\":\"ImageObject\",\"inLanguage\":\"en-US\",\"@id\":\"https:\\\/\\\/vitablanca.ma\\\/produit\\\/biorga-sebophane-shampooing-seboregulateur-cheveux-gras-200ml\\\/#primaryimage\",\"url\":\"https:\\\/\\\/vitablanca.ma\\\/wp-content\\\/uploads\\\/2025\\\/06\\\/biorga-sebophane-shampooing-oil-control-200-ml-Nova-para-prix-Maroc.jpg\",\"contentUrl\":\"https:\\\/\\\/vitablanca.ma\\\/wp-content\\\/uploads\\\/2025\\\/06\\\/biorga-sebophane-shampooing-oil-control-200-ml-Nova-para-prix-Maroc.jpg\",\"width\":800,\"height\":800},{\"@type\":\"BreadcrumbList\",\"@id\":\"https:\\\/\\\/vitablanca.ma\\\/produit\\\/biorga-sebophane-shampooing-seboregulateur-cheveux-gras-200ml\\\/#breadcrumb\",\"itemListElement\":[{\"@type\":\"ListItem\",\"position\":1,\"name\":\"Home\",\"item\":\"https:\\\/\\\/vitablanca.ma\\\/\"},{\"@type\":\"ListItem\",\"position\":2,\"name\":\"Tous Les Produits\",\"item\":\"https:\\\/\\\/vitablanca.ma\\\/tous-les-produits\\\/\"},{\"@type\":\"ListItem\",\"position\":3,\"name\":\"Biorga SEBOPHANE Shampooing Sebor\u00e9gulateur cheveux gras 200ml\"}]},{\"@type\":\"WebSite\",\"@id\":\"https:\\\/\\\/vitablanca.ma\\\/#website\",\"url\":\"https:\\\/\\\/vitablanca.ma\\\/\",\"name\":\"VitaBlanca.ma | Compl\u00e9ments alimentaires, sant\u00e9 & beaut\u00e9 au Maroc\",\"description\":\"vendre vitamines et compl\u00e9ments premium des USA &amp; Canada, Nouvelle Z\u00e9lande,Maroc (NOW Foods, Solgar, Manuka). Livraison rapide partout au Maroc.\",\"publisher\":{\"@id\":\"https:\\\/\\\/vitablanca.ma\\\/#organization\"},\"alternateName\":\"VitaBlanca.ma\",\"potentialAction\":[{\"@type\":\"SearchAction\",\"target\":{\"@type\":\"EntryPoint\",\"urlTemplate\":\"https:\\\/\\\/vitablanca.ma\\\/?s={search_term_string}\"},\"query-input\":{\"@type\":\"PropertyValueSpecification\",\"valueRequired\":true,\"valueName\":\"search_term_string\"}}],\"inLanguage\":\"en-US\"},{\"@type\":\"Organization\",\"@id\":\"https:\\\/\\\/vitablanca.ma\\\/#organization\",\"name\":\"VitaBlanca\",\"url\":\"https:\\\/\\\/vitablanca.ma\\\/\",\"logo\":{\"@type\":\"ImageObject\",\"inLanguage\":\"en-US\",\"@id\":\"https:\\\/\\\/vitablanca.ma\\\/#\\\/schema\\\/logo\\\/image\\\/\",\"url\":\"https:\\\/\\\/vitablanca.ma\\\/wp-content\\\/uploads\\\/2025\\\/05\\\/cropped-vitablanca.png\",\"contentUrl\":\"https:\\\/\\\/vitablanca.ma\\\/wp-content\\\/uploads\\\/2025\\\/05\\\/cropped-vitablanca.png\",\"width\":360,\"height\":67,\"caption\":\"VitaBlanca\"},\"image\":{\"@id\":\"https:\\\/\\\/vitablanca.ma\\\/#\\\/schema\\\/logo\\\/image\\\/\"},\"sameAs\":[\"https:\\\/\\\/www.facebook.com\\\/profile.php?id=61576678196717\",\"https:\\\/\\\/www.tiktok.com\\\/@vitablanca.ma\",\"https:\\\/\\\/www.instagram.com\\\/vitablanca.ma\\\/\"]}]}<\/script>\n<!-- \/ Yoast SEO plugin. -->","yoast_head_json":{"title":"Biorga SEBOPHANE Seboregulating Shampoo for Oily Hair 200ml - Morocco Price","description":"Biorga SEBOPHANE Seboregulating Shampoo for Oily Hair 200ml","robots":{"index":"index","follow":"follow","max-snippet":"max-snippet:-1","max-image-preview":"max-image-preview:large","max-video-preview":"max-video-preview:-1"},"canonical":"https:\/\/vitablanca.ma\/en\/product\/biorga-sebophane-shampooing-seboregulateur-cheveux-gras-200ml\/","og_locale":"en_US","og_type":"article","og_title":"Biorga SEBOPHANE Shampooing Sebor\u00e9gulateur cheveux gras 200ml - Maroc Prix","og_description":"Biorga SEBOPHANE Shampooing Sebor\u00e9gulateur cheveux gras 200ml","og_url":"https:\/\/vitablanca.ma\/en\/product\/biorga-sebophane-shampooing-seboregulateur-cheveux-gras-200ml\/","og_site_name":"Vitablanca.ma &ndash; Sant&eacute;, vitalit&eacute; et bien-&ecirc;tre pour tous les Marocains","article_publisher":"https:\/\/www.facebook.com\/profile.php?id=61576678196717","og_image":[{"width":800,"height":800,"url":"https:\/\/vitablanca.ma\/wp-content\/uploads\/2025\/06\/biorga-sebophane-shampooing-oil-control-200-ml-Nova-para-prix-Maroc.jpg","type":"image\/jpeg"}],"twitter_card":"summary_large_image","twitter_misc":{"Est. reading time":"1 minute"},"schema":{"@context":"https:\/\/schema.org","@graph":[{"@type":["WebPage","ItemPage"],"@id":"https:\/\/vitablanca.ma\/produit\/biorga-sebophane-shampooing-seboregulateur-cheveux-gras-200ml\/","url":"https:\/\/vitablanca.ma\/produit\/biorga-sebophane-shampooing-seboregulateur-cheveux-gras-200ml\/","name":"Biorga SEBOPHANE Seboregulating Shampoo for Oily Hair 200ml - Morocco Price","isPartOf":{"@id":"https:\/\/vitablanca.ma\/#website"},"primaryImageOfPage":{"@id":"https:\/\/vitablanca.ma\/produit\/biorga-sebophane-shampooing-seboregulateur-cheveux-gras-200ml\/#primaryimage"},"image":{"@id":"https:\/\/vitablanca.ma\/produit\/biorga-sebophane-shampooing-seboregulateur-cheveux-gras-200ml\/#primaryimage"},"thumbnailUrl":"https:\/\/vitablanca.ma\/wp-content\/uploads\/2025\/06\/biorga-sebophane-shampooing-oil-control-200-ml-Nova-para-prix-Maroc.jpg","datePublished":"2025-06-10T16:36:45+00:00","description":"Biorga SEBOPHANE Seboregulating Shampoo for Oily Hair 200ml","breadcrumb":{"@id":"https:\/\/vitablanca.ma\/produit\/biorga-sebophane-shampooing-seboregulateur-cheveux-gras-200ml\/#breadcrumb"},"inLanguage":"en-US","potentialAction":[{"@type":"ReadAction","target":["https:\/\/vitablanca.ma\/produit\/biorga-sebophane-shampooing-seboregulateur-cheveux-gras-200ml\/"]}]},{"@type":"ImageObject","inLanguage":"en-US","@id":"https:\/\/vitablanca.ma\/produit\/biorga-sebophane-shampooing-seboregulateur-cheveux-gras-200ml\/#primaryimage","url":"https:\/\/vitablanca.ma\/wp-content\/uploads\/2025\/06\/biorga-sebophane-shampooing-oil-control-200-ml-Nova-para-prix-Maroc.jpg","contentUrl":"https:\/\/vitablanca.ma\/wp-content\/uploads\/2025\/06\/biorga-sebophane-shampooing-oil-control-200-ml-Nova-para-prix-Maroc.jpg","width":800,"height":800},{"@type":"BreadcrumbList","@id":"https:\/\/vitablanca.ma\/produit\/biorga-sebophane-shampooing-seboregulateur-cheveux-gras-200ml\/#breadcrumb","itemListElement":[{"@type":"ListItem","position":1,"name":"Home","item":"https:\/\/vitablanca.ma\/"},{"@type":"ListItem","position":2,"name":"Tous Les Produits","item":"https:\/\/vitablanca.ma\/tous-les-produits\/"},{"@type":"ListItem","position":3,"name":"Biorga SEBOPHANE Shampooing Sebor\u00e9gulateur cheveux gras 200ml"}]},{"@type":"WebSite","@id":"https:\/\/vitablanca.ma\/#website","url":"https:\/\/vitablanca.ma\/","name":"VitaBlanca.ma | Food supplements, health &amp; beauty in Morocco","description":"sell premium vitamins and supplements from USA &amp; Canada, New Zealand, Morocco (NOW Foods, Solgar, Manuka). Fast delivery anywhere in Morocco.","publisher":{"@id":"https:\/\/vitablanca.ma\/#organization"},"alternateName":"VitaBlanca.ma","potentialAction":[{"@type":"SearchAction","target":{"@type":"EntryPoint","urlTemplate":"https:\/\/vitablanca.ma\/?s={search_term_string}"},"query-input":{"@type":"PropertyValueSpecification","valueRequired":true,"valueName":"search_term_string"}}],"inLanguage":"en-US"},{"@type":"Organization","@id":"https:\/\/vitablanca.ma\/#organization","name":"VitaBlanca","url":"https:\/\/vitablanca.ma\/","logo":{"@type":"ImageObject","inLanguage":"en-US","@id":"https:\/\/vitablanca.ma\/#\/schema\/logo\/image\/","url":"https:\/\/vitablanca.ma\/wp-content\/uploads\/2025\/05\/cropped-vitablanca.png","contentUrl":"https:\/\/vitablanca.ma\/wp-content\/uploads\/2025\/05\/cropped-vitablanca.png","width":360,"height":67,"caption":"VitaBlanca"},"image":{"@id":"https:\/\/vitablanca.ma\/#\/schema\/logo\/image\/"},"sameAs":["https:\/\/www.facebook.com\/profile.php?id=61576678196717","https:\/\/www.tiktok.com\/@vitablanca.ma","https:\/\/www.instagram.com\/vitablanca.ma\/"]}]}},"jetpack_sharing_enabled":true,"_links":{"self":[{"href":"https:\/\/vitablanca.ma\/en\/wp-json\/wp\/v2\/product\/16111","targetHints":{"allow":["GET"]}}],"collection":[{"href":"https:\/\/vitablanca.ma\/en\/wp-json\/wp\/v2\/product"}],"about":[{"href":"https:\/\/vitablanca.ma\/en\/wp-json\/wp\/v2\/types\/product"}],"wp:featuredmedia":[{"embeddable":true,"href":"https:\/\/vitablanca.ma\/en\/wp-json\/wp\/v2\/media\/16109"}],"wp:attachment":[{"href":"https:\/\/vitablanca.ma\/en\/wp-json\/wp\/v2\/media?parent=16111"}],"wp:term":[{"taxonomy":"product_brand","embeddable":true,"href":"https:\/\/vitablanca.ma\/en\/wp-json\/wp\/v2\/product_brand?post=16111"},{"taxonomy":"product_cat","embeddable":true,"href":"https:\/\/vitablanca.ma\/en\/wp-json\/wp\/v2\/product_cat?post=16111"},{"taxonomy":"product_tag","embeddable":true,"href":"https:\/\/vitablanca.ma\/en\/wp-json\/wp\/v2\/product_tag?post=16111"}],"curies":[{"name":"wp","href":"https:\/\/api.w.org\/{rel}","templated":true}]}}