{"id":16108,"date":"2025-06-10T16:36:43","date_gmt":"2025-06-10T16:36:43","guid":{"rendered":"https:\/\/vitablanca.ma\/product\/biokap-baume-nourrissant-et-demelant-apres-shampooing-125ml\/"},"modified":"2025-06-10T16:36:43","modified_gmt":"2025-06-10T16:36:43","slug":"biokap-baume-nourrissant-et-demelant-apres-shampooing-125ml","status":"publish","type":"product","link":"https:\/\/vitablanca.ma\/en\/product\/biokap-baume-nourrissant-et-demelant-apres-shampooing-125ml\/","title":{"rendered":"Biokap Nourishing and Detangling Conditioner 125ml"},"content":{"rendered":"<h2 class=\"et_pb_module_header\">Biokap Nourishing and Detangling Balm Cream conditioner for dull and difficult to detangle hair<\/h2>\n<div class=\"et_pb_header_content_wrapper\">\n<h3 class=\"tw-data-text tw-text-large XcVN5d tw-ta\" data-placeholder=\"Traduction\" dir=\"ltr\"><span>NATURAL MOISTURIZING AND DETANGLING ACTIVE INGREDIENTS<br \/><\/span><\/h3>\n<p><span>Applied after shampooing, this hair balm protects hair from external aggressions, making it soft and easy to style.<\/span><\/p>\n<p><span>L&#039;<strong>Olive Oil<\/strong>\u00a0nourishing restores shine to dull hair.<strong>Jojoba Oil<\/strong>\u00a0hydrates, nourishes and protects the hair. It also facilitates detangling, leaving the hair supple, soft and shiny.<\/span><\/p>\n<p><span>THE\u00a0<strong>Wheat and Rice Proteins<\/strong>\u00a0improve hair hydration, coat it and make styling easier and provide strength, shine and natural brilliance.<\/span><\/p>\n<h3><span>A NATURAL BALM THAT TAKES CARE OF YOUR HEALTH<\/span><\/h3>\n<p><strong><span>94% of naturally derived ingredients<\/span><\/strong><\/p>\n<p><span>Formulated without paraben, PEG, SLS, silicone.<\/span><\/p>\n<p><span>Nickel tested and dermatologically tested.<\/span><\/p>\n<p><span>Suitable for vegans.<\/span><\/p>\n<h3><span>THE ENVIRONMENTAL ASSET<\/span><\/h3>\n<p><span>Like all BioKap products, the bottle is 100% recycled and the paper case comes from FSC-certified forests.<\/span><\/p>\n<p><span>Packaging to be sorted with cardboard.<\/span><\/p>\n<p><span>Bottle to be sorted with plastic.<\/span><\/p>\n<h3><span>HOW TO USE IT?<\/span><\/h3>\n<p><span>This is a treatment to be applied after shampooing, put a small amount of product more or less large depending on your hair length, and apply to wet hair, gently massage the lengths then rinse thoroughly with water.<\/span><\/p>\n<\/div>","protected":false},"excerpt":{"rendered":"<p>Biokap Baume Nourrissant et D\u00e9m\u00ealant Apr\u00e8s-Shampooing cr\u00e8me pour cheveux ternes et difficiles \u00e0 d\u00e9m\u00ealer DES ACTIFS NATURELS HYDRATANTS ET D\u00c9M\u00caLANTS Appliqu\u00e9 apr\u00e8s le shampooing, ce baume capillaire prot\u00e8ge les cheveux des agressions ext\u00e9rieures, les rend doux et faciles \u00e0 coiffer. L\u2019Huile d\u2019Olive\u00a0nourrissante redonne brillance aux cheveux ternes. L\u2019Huile de Jojoba\u00a0hydrate, nourrit et prot\u00e8ge la chevelure. [&hellip;]<\/p>\n","protected":false},"featured_media":16106,"template":"","meta":{"om_disable_all_campaigns":false},"product_brand":[],"product_cat":[15],"product_tag":[],"class_list":{"0":"post-16108","1":"product","2":"type-product","3":"status-publish","4":"has-post-thumbnail","6":"product_cat-beaute-sante-complements-alimentaires-soins-et-bien-etre-au-meilleur-prix","8":"first","9":"instock","10":"sale","11":"taxable","12":"shipping-taxable","13":"purchasable","14":"product-type-simple"},"yoast_head":"<!-- This site is optimized with the Yoast SEO plugin v27.3 - https:\/\/yoast.com\/product\/yoast-seo-wordpress\/ -->\n<title>Biokap Baume Nourrissant et D\u00e9m\u00ealant Apr\u00e8s-Shampooing 125ml - Maroc Prix<\/title>\n<meta name=\"description\" content=\"Biokap Baume Nourrissant et D\u00e9m\u00ealant Apr\u00e8s-Shampooing 125ml\" \/>\n<meta name=\"robots\" content=\"index, follow, max-snippet:-1, max-image-preview:large, max-video-preview:-1\" \/>\n<link rel=\"canonical\" href=\"https:\/\/vitablanca.ma\/en\/product\/biokap-baume-nourrissant-et-demelant-apres-shampooing-125ml\/\" \/>\n<meta property=\"og:locale\" content=\"en_US\" \/>\n<meta property=\"og:type\" content=\"article\" \/>\n<meta property=\"og:title\" content=\"Biokap Baume Nourrissant et D\u00e9m\u00ealant Apr\u00e8s-Shampooing 125ml - Maroc Prix\" \/>\n<meta property=\"og:description\" content=\"Biokap Baume Nourrissant et D\u00e9m\u00ealant Apr\u00e8s-Shampooing 125ml\" \/>\n<meta property=\"og:url\" content=\"https:\/\/vitablanca.ma\/en\/product\/biokap-baume-nourrissant-et-demelant-apres-shampooing-125ml\/\" \/>\n<meta property=\"og:site_name\" content=\"Vitablanca.ma &ndash; Sant&eacute;, vitalit&eacute; et bien-&ecirc;tre pour tous les Marocains\" \/>\n<meta property=\"article:publisher\" content=\"https:\/\/www.facebook.com\/profile.php?id=61576678196717\" \/>\n<meta property=\"og:image\" content=\"https:\/\/vitablanca.ma\/wp-content\/uploads\/2025\/06\/Biokap-Baume-Nourrissant-et-Demelant-Apres-Shampooing-125ml-nova-parapharmacie-maroc.jpg\" \/>\n\t<meta property=\"og:image:width\" content=\"1000\" \/>\n\t<meta property=\"og:image:height\" content=\"1000\" \/>\n\t<meta property=\"og:image:type\" content=\"image\/jpeg\" \/>\n<meta name=\"twitter:card\" content=\"summary_large_image\" \/>\n<meta name=\"twitter:label1\" content=\"Est. reading time\" \/>\n\t<meta name=\"twitter:data1\" content=\"1 minute\" \/>\n<script type=\"application\/ld+json\" class=\"yoast-schema-graph\">{\"@context\":\"https:\\\/\\\/schema.org\",\"@graph\":[{\"@type\":[\"WebPage\",\"ItemPage\"],\"@id\":\"https:\\\/\\\/vitablanca.ma\\\/produit\\\/biokap-baume-nourrissant-et-demelant-apres-shampooing-125ml\\\/\",\"url\":\"https:\\\/\\\/vitablanca.ma\\\/produit\\\/biokap-baume-nourrissant-et-demelant-apres-shampooing-125ml\\\/\",\"name\":\"Biokap Baume Nourrissant et D\u00e9m\u00ealant Apr\u00e8s-Shampooing 125ml - Maroc Prix\",\"isPartOf\":{\"@id\":\"https:\\\/\\\/vitablanca.ma\\\/#website\"},\"primaryImageOfPage\":{\"@id\":\"https:\\\/\\\/vitablanca.ma\\\/produit\\\/biokap-baume-nourrissant-et-demelant-apres-shampooing-125ml\\\/#primaryimage\"},\"image\":{\"@id\":\"https:\\\/\\\/vitablanca.ma\\\/produit\\\/biokap-baume-nourrissant-et-demelant-apres-shampooing-125ml\\\/#primaryimage\"},\"thumbnailUrl\":\"https:\\\/\\\/vitablanca.ma\\\/wp-content\\\/uploads\\\/2025\\\/06\\\/Biokap-Baume-Nourrissant-et-Demelant-Apres-Shampooing-125ml-nova-parapharmacie-maroc.jpg\",\"datePublished\":\"2025-06-10T16:36:43+00:00\",\"description\":\"Biokap Baume Nourrissant et D\u00e9m\u00ealant Apr\u00e8s-Shampooing 125ml\",\"breadcrumb\":{\"@id\":\"https:\\\/\\\/vitablanca.ma\\\/produit\\\/biokap-baume-nourrissant-et-demelant-apres-shampooing-125ml\\\/#breadcrumb\"},\"inLanguage\":\"en-US\",\"potentialAction\":[{\"@type\":\"ReadAction\",\"target\":[\"https:\\\/\\\/vitablanca.ma\\\/produit\\\/biokap-baume-nourrissant-et-demelant-apres-shampooing-125ml\\\/\"]}]},{\"@type\":\"ImageObject\",\"inLanguage\":\"en-US\",\"@id\":\"https:\\\/\\\/vitablanca.ma\\\/produit\\\/biokap-baume-nourrissant-et-demelant-apres-shampooing-125ml\\\/#primaryimage\",\"url\":\"https:\\\/\\\/vitablanca.ma\\\/wp-content\\\/uploads\\\/2025\\\/06\\\/Biokap-Baume-Nourrissant-et-Demelant-Apres-Shampooing-125ml-nova-parapharmacie-maroc.jpg\",\"contentUrl\":\"https:\\\/\\\/vitablanca.ma\\\/wp-content\\\/uploads\\\/2025\\\/06\\\/Biokap-Baume-Nourrissant-et-Demelant-Apres-Shampooing-125ml-nova-parapharmacie-maroc.jpg\",\"width\":1000,\"height\":1000},{\"@type\":\"BreadcrumbList\",\"@id\":\"https:\\\/\\\/vitablanca.ma\\\/produit\\\/biokap-baume-nourrissant-et-demelant-apres-shampooing-125ml\\\/#breadcrumb\",\"itemListElement\":[{\"@type\":\"ListItem\",\"position\":1,\"name\":\"Home\",\"item\":\"https:\\\/\\\/vitablanca.ma\\\/\"},{\"@type\":\"ListItem\",\"position\":2,\"name\":\"Tous Les Produits\",\"item\":\"https:\\\/\\\/vitablanca.ma\\\/tous-les-produits\\\/\"},{\"@type\":\"ListItem\",\"position\":3,\"name\":\"Biokap Baume Nourrissant et D\u00e9m\u00ealant Apr\u00e8s-Shampooing 125ml\"}]},{\"@type\":\"WebSite\",\"@id\":\"https:\\\/\\\/vitablanca.ma\\\/#website\",\"url\":\"https:\\\/\\\/vitablanca.ma\\\/\",\"name\":\"VitaBlanca.ma | Compl\u00e9ments alimentaires, sant\u00e9 & beaut\u00e9 au Maroc\",\"description\":\"vendre vitamines et compl\u00e9ments premium des USA &amp; Canada, Nouvelle Z\u00e9lande,Maroc (NOW Foods, Solgar, Manuka). Livraison rapide partout au Maroc.\",\"publisher\":{\"@id\":\"https:\\\/\\\/vitablanca.ma\\\/#organization\"},\"alternateName\":\"VitaBlanca.ma\",\"potentialAction\":[{\"@type\":\"SearchAction\",\"target\":{\"@type\":\"EntryPoint\",\"urlTemplate\":\"https:\\\/\\\/vitablanca.ma\\\/?s={search_term_string}\"},\"query-input\":{\"@type\":\"PropertyValueSpecification\",\"valueRequired\":true,\"valueName\":\"search_term_string\"}}],\"inLanguage\":\"en-US\"},{\"@type\":\"Organization\",\"@id\":\"https:\\\/\\\/vitablanca.ma\\\/#organization\",\"name\":\"VitaBlanca\",\"url\":\"https:\\\/\\\/vitablanca.ma\\\/\",\"logo\":{\"@type\":\"ImageObject\",\"inLanguage\":\"en-US\",\"@id\":\"https:\\\/\\\/vitablanca.ma\\\/#\\\/schema\\\/logo\\\/image\\\/\",\"url\":\"https:\\\/\\\/vitablanca.ma\\\/wp-content\\\/uploads\\\/2025\\\/05\\\/cropped-vitablanca.png\",\"contentUrl\":\"https:\\\/\\\/vitablanca.ma\\\/wp-content\\\/uploads\\\/2025\\\/05\\\/cropped-vitablanca.png\",\"width\":360,\"height\":67,\"caption\":\"VitaBlanca\"},\"image\":{\"@id\":\"https:\\\/\\\/vitablanca.ma\\\/#\\\/schema\\\/logo\\\/image\\\/\"},\"sameAs\":[\"https:\\\/\\\/www.facebook.com\\\/profile.php?id=61576678196717\",\"https:\\\/\\\/www.tiktok.com\\\/@vitablanca.ma\",\"https:\\\/\\\/www.instagram.com\\\/vitablanca.ma\\\/\"]}]}<\/script>\n<!-- \/ Yoast SEO plugin. -->","yoast_head_json":{"title":"Biokap Nourishing and Detangling Conditioner 125ml - Morocco Price","description":"Biokap Nourishing and Detangling Conditioner 125ml","robots":{"index":"index","follow":"follow","max-snippet":"max-snippet:-1","max-image-preview":"max-image-preview:large","max-video-preview":"max-video-preview:-1"},"canonical":"https:\/\/vitablanca.ma\/en\/product\/biokap-baume-nourrissant-et-demelant-apres-shampooing-125ml\/","og_locale":"en_US","og_type":"article","og_title":"Biokap Baume Nourrissant et D\u00e9m\u00ealant Apr\u00e8s-Shampooing 125ml - Maroc Prix","og_description":"Biokap Baume Nourrissant et D\u00e9m\u00ealant Apr\u00e8s-Shampooing 125ml","og_url":"https:\/\/vitablanca.ma\/en\/product\/biokap-baume-nourrissant-et-demelant-apres-shampooing-125ml\/","og_site_name":"Vitablanca.ma &ndash; Sant&eacute;, vitalit&eacute; et bien-&ecirc;tre pour tous les Marocains","article_publisher":"https:\/\/www.facebook.com\/profile.php?id=61576678196717","og_image":[{"width":1000,"height":1000,"url":"https:\/\/vitablanca.ma\/wp-content\/uploads\/2025\/06\/Biokap-Baume-Nourrissant-et-Demelant-Apres-Shampooing-125ml-nova-parapharmacie-maroc.jpg","type":"image\/jpeg"}],"twitter_card":"summary_large_image","twitter_misc":{"Est. reading time":"1 minute"},"schema":{"@context":"https:\/\/schema.org","@graph":[{"@type":["WebPage","ItemPage"],"@id":"https:\/\/vitablanca.ma\/produit\/biokap-baume-nourrissant-et-demelant-apres-shampooing-125ml\/","url":"https:\/\/vitablanca.ma\/produit\/biokap-baume-nourrissant-et-demelant-apres-shampooing-125ml\/","name":"Biokap Nourishing and Detangling Conditioner 125ml - Morocco Price","isPartOf":{"@id":"https:\/\/vitablanca.ma\/#website"},"primaryImageOfPage":{"@id":"https:\/\/vitablanca.ma\/produit\/biokap-baume-nourrissant-et-demelant-apres-shampooing-125ml\/#primaryimage"},"image":{"@id":"https:\/\/vitablanca.ma\/produit\/biokap-baume-nourrissant-et-demelant-apres-shampooing-125ml\/#primaryimage"},"thumbnailUrl":"https:\/\/vitablanca.ma\/wp-content\/uploads\/2025\/06\/Biokap-Baume-Nourrissant-et-Demelant-Apres-Shampooing-125ml-nova-parapharmacie-maroc.jpg","datePublished":"2025-06-10T16:36:43+00:00","description":"Biokap Nourishing and Detangling Conditioner 125ml","breadcrumb":{"@id":"https:\/\/vitablanca.ma\/produit\/biokap-baume-nourrissant-et-demelant-apres-shampooing-125ml\/#breadcrumb"},"inLanguage":"en-US","potentialAction":[{"@type":"ReadAction","target":["https:\/\/vitablanca.ma\/produit\/biokap-baume-nourrissant-et-demelant-apres-shampooing-125ml\/"]}]},{"@type":"ImageObject","inLanguage":"en-US","@id":"https:\/\/vitablanca.ma\/produit\/biokap-baume-nourrissant-et-demelant-apres-shampooing-125ml\/#primaryimage","url":"https:\/\/vitablanca.ma\/wp-content\/uploads\/2025\/06\/Biokap-Baume-Nourrissant-et-Demelant-Apres-Shampooing-125ml-nova-parapharmacie-maroc.jpg","contentUrl":"https:\/\/vitablanca.ma\/wp-content\/uploads\/2025\/06\/Biokap-Baume-Nourrissant-et-Demelant-Apres-Shampooing-125ml-nova-parapharmacie-maroc.jpg","width":1000,"height":1000},{"@type":"BreadcrumbList","@id":"https:\/\/vitablanca.ma\/produit\/biokap-baume-nourrissant-et-demelant-apres-shampooing-125ml\/#breadcrumb","itemListElement":[{"@type":"ListItem","position":1,"name":"Home","item":"https:\/\/vitablanca.ma\/"},{"@type":"ListItem","position":2,"name":"Tous Les Produits","item":"https:\/\/vitablanca.ma\/tous-les-produits\/"},{"@type":"ListItem","position":3,"name":"Biokap Baume Nourrissant et D\u00e9m\u00ealant Apr\u00e8s-Shampooing 125ml"}]},{"@type":"WebSite","@id":"https:\/\/vitablanca.ma\/#website","url":"https:\/\/vitablanca.ma\/","name":"VitaBlanca.ma | Food supplements, health &amp; beauty in Morocco","description":"sell premium vitamins and supplements from USA &amp; Canada, New Zealand, Morocco (NOW Foods, Solgar, Manuka). Fast delivery anywhere in Morocco.","publisher":{"@id":"https:\/\/vitablanca.ma\/#organization"},"alternateName":"VitaBlanca.ma","potentialAction":[{"@type":"SearchAction","target":{"@type":"EntryPoint","urlTemplate":"https:\/\/vitablanca.ma\/?s={search_term_string}"},"query-input":{"@type":"PropertyValueSpecification","valueRequired":true,"valueName":"search_term_string"}}],"inLanguage":"en-US"},{"@type":"Organization","@id":"https:\/\/vitablanca.ma\/#organization","name":"VitaBlanca","url":"https:\/\/vitablanca.ma\/","logo":{"@type":"ImageObject","inLanguage":"en-US","@id":"https:\/\/vitablanca.ma\/#\/schema\/logo\/image\/","url":"https:\/\/vitablanca.ma\/wp-content\/uploads\/2025\/05\/cropped-vitablanca.png","contentUrl":"https:\/\/vitablanca.ma\/wp-content\/uploads\/2025\/05\/cropped-vitablanca.png","width":360,"height":67,"caption":"VitaBlanca"},"image":{"@id":"https:\/\/vitablanca.ma\/#\/schema\/logo\/image\/"},"sameAs":["https:\/\/www.facebook.com\/profile.php?id=61576678196717","https:\/\/www.tiktok.com\/@vitablanca.ma","https:\/\/www.instagram.com\/vitablanca.ma\/"]}]}},"jetpack_sharing_enabled":true,"_links":{"self":[{"href":"https:\/\/vitablanca.ma\/en\/wp-json\/wp\/v2\/product\/16108","targetHints":{"allow":["GET"]}}],"collection":[{"href":"https:\/\/vitablanca.ma\/en\/wp-json\/wp\/v2\/product"}],"about":[{"href":"https:\/\/vitablanca.ma\/en\/wp-json\/wp\/v2\/types\/product"}],"wp:featuredmedia":[{"embeddable":true,"href":"https:\/\/vitablanca.ma\/en\/wp-json\/wp\/v2\/media\/16106"}],"wp:attachment":[{"href":"https:\/\/vitablanca.ma\/en\/wp-json\/wp\/v2\/media?parent=16108"}],"wp:term":[{"taxonomy":"product_brand","embeddable":true,"href":"https:\/\/vitablanca.ma\/en\/wp-json\/wp\/v2\/product_brand?post=16108"},{"taxonomy":"product_cat","embeddable":true,"href":"https:\/\/vitablanca.ma\/en\/wp-json\/wp\/v2\/product_cat?post=16108"},{"taxonomy":"product_tag","embeddable":true,"href":"https:\/\/vitablanca.ma\/en\/wp-json\/wp\/v2\/product_tag?post=16108"}],"curies":[{"name":"wp","href":"https:\/\/api.w.org\/{rel}","templated":true}]}}