{"id":16105,"date":"2025-06-10T16:36:41","date_gmt":"2025-06-10T16:36:41","guid":{"rendered":"https:\/\/vitablanca.ma\/product\/biorga-cystiphane-shampooing-anti-chute-200ml\/"},"modified":"2025-10-02T12:41:54","modified_gmt":"2025-10-02T12:41:54","slug":"biorga-cystiphane-shampooing-anti-chute-200ml","status":"publish","type":"product","link":"https:\/\/vitablanca.ma\/en\/product\/biorga-cystiphane-shampooing-anti-chute-200ml\/","title":{"rendered":"Biorga Cystiphane Anti Hair Loss Shampoo 200ml"},"content":{"rendered":"<h2>Biorga Cystiphane Anti Hair Loss Shampoo.<\/h2>\n<div id=\"product-description-short-631\">\n<p>The ideal complement to anti-hair loss treatments.<\/p>\n<p>A gentle shampoo with a composition particularly suited to combating hair loss.<br \/>200ml.<\/p>\n<\/div>\n<div class=\"features-2-3 clearfix\">\n<div class=\"bailleul_products__feature bailleul_products__feature--2\">\n<h3 class=\"bailleul_products__feature__title product-feature-title\">FOR<\/h3>\n<ul class=\"bailleul_products__feature__liste\">\n<li>Adults &amp; Adolescents<\/li>\n<li>Occasional or chronic hair loss<\/li>\n<li>Men &amp; Women<\/li>\n<li>Hair and scalp<\/li>\n<\/ul>\n<\/div>\n<div class=\"bailleul_products__feature bailleul_products__feature--3\">\n<h3 class=\"bailleul_products__feature__title\">ACTION<\/h3>\n<ul class=\"bailleul_products__feature__liste\">\n<li>Density, strength, volume<\/li>\n<\/ul>\n<\/div>\n<\/div>\n<div class=\"feature-1 bailleul_products__feature bailleul_products__feature--1\">\n<h3 class=\"bailleul_products__feature__title second\">IN BRIEF<\/h3>\n<ul class=\"bailleul_products__feature__liste clearfix\">\n<li class=\"themed\"><span>Proven effectiveness from 21 days<\/span><\/li>\n<li class=\"themed\"><span>Non-drying<\/span><\/li>\n<li class=\"themed\"><span>Non-irritating<\/span><\/li>\n<li class=\"themed\"><span>Unscented<\/span><\/li>\n<li class=\"themed\"><span>Respects the balance of the scalp<\/span><\/li>\n<li class=\"themed\"><span>Soothes<\/span><\/li>\n<\/ul>\n<h3>Directions for use:<\/h3>\n<ul>\n<li>Apply to wet hair, massaging gently, lather, leave to act and rinse.<\/li>\n<li>Use 3 times a week alone or in combination with Cystiphane Anti-Hair Loss Lotion for greater effectiveness.<\/li>\n<li>Avoid contact with eyes. In case of contact, rinse thoroughly with clean water.<\/li>\n<\/ul>\n<p style=\"text-align: center\">Discover Biorga Cystiphane Anti-Hair Loss Shampoo, a product carefully selected to meet your specific needs, and enjoy an exceptional shopping experience on our site, <strong>Vita Blanca Parapharmacie Maroc<\/strong><\/p>\n<\/div>","protected":false},"excerpt":{"rendered":"<p>Biorga Cystiphane Shampooing Anti Chute. Le compl\u00e9ment id\u00e9al des traitements anti-chute. Un shampoing doux \u00e0 la composition particuli\u00e8rement adapt\u00e9e pour lutter contre la chute de cheveux.200ml. POUR Adultes &amp; Adolescents Chute de cheveux occasionnelle ou chronique Hommes &amp; Femmes Cheveux et cuir chevelu ACTION Densit\u00e9, r\u00e9sistance, volume EN BREF Efficacit\u00e9 prouv\u00e9e d\u00e8s 21 jours Non [&hellip;]<\/p>\n","protected":false},"featured_media":16103,"template":"","meta":{"om_disable_all_campaigns":false},"product_brand":[],"product_cat":[15],"product_tag":[],"class_list":{"0":"post-16105","1":"product","2":"type-product","3":"status-publish","4":"has-post-thumbnail","6":"product_cat-beaute-sante-complements-alimentaires-soins-et-bien-etre-au-meilleur-prix","8":"first","9":"instock","10":"sale","11":"taxable","12":"shipping-taxable","13":"purchasable","14":"product-type-simple"},"yoast_head":"<!-- This site is optimized with the Yoast SEO plugin v27.3 - https:\/\/yoast.com\/product\/yoast-seo-wordpress\/ -->\n<title>Biorga Cystiphane Shampooing Anti Chute 200ml - Maroc Prix<\/title>\n<meta name=\"description\" content=\"Biorga Cystiphane Shampooing Anti Chute 200ml\" \/>\n<meta name=\"robots\" content=\"index, follow, max-snippet:-1, max-image-preview:large, max-video-preview:-1\" \/>\n<link rel=\"canonical\" href=\"https:\/\/vitablanca.ma\/en\/product\/biorga-cystiphane-shampooing-anti-chute-200ml\/\" \/>\n<meta property=\"og:locale\" content=\"en_US\" \/>\n<meta property=\"og:type\" content=\"article\" \/>\n<meta property=\"og:title\" content=\"Biorga Cystiphane Shampooing Anti Chute 200ml - Maroc Prix\" \/>\n<meta property=\"og:description\" content=\"Biorga Cystiphane Shampooing Anti Chute 200ml\" \/>\n<meta property=\"og:url\" content=\"https:\/\/vitablanca.ma\/en\/product\/biorga-cystiphane-shampooing-anti-chute-200ml\/\" \/>\n<meta property=\"og:site_name\" content=\"Vitablanca.ma &ndash; Sant&eacute;, vitalit&eacute; et bien-&ecirc;tre pour tous les Marocains\" \/>\n<meta property=\"article:publisher\" content=\"https:\/\/www.facebook.com\/profile.php?id=61576678196717\" \/>\n<meta property=\"article:modified_time\" content=\"2025-10-02T12:41:54+00:00\" \/>\n<meta property=\"og:image\" content=\"https:\/\/vitablanca.ma\/wp-content\/uploads\/2025\/06\/Biorga-Cystiphane-Shampooing-Anti-Chute-200ml-nova-parapharmacie-casablanca.jpg\" \/>\n\t<meta property=\"og:image:width\" content=\"1000\" \/>\n\t<meta property=\"og:image:height\" content=\"1000\" \/>\n\t<meta property=\"og:image:type\" content=\"image\/jpeg\" \/>\n<meta name=\"twitter:card\" content=\"summary_large_image\" \/>\n<meta name=\"twitter:label1\" content=\"Est. reading time\" \/>\n\t<meta name=\"twitter:data1\" content=\"1 minute\" \/>\n<script type=\"application\/ld+json\" class=\"yoast-schema-graph\">{\"@context\":\"https:\\\/\\\/schema.org\",\"@graph\":[{\"@type\":[\"WebPage\",\"ItemPage\"],\"@id\":\"https:\\\/\\\/vitablanca.ma\\\/produit\\\/biorga-cystiphane-shampooing-anti-chute-200ml\\\/\",\"url\":\"https:\\\/\\\/vitablanca.ma\\\/produit\\\/biorga-cystiphane-shampooing-anti-chute-200ml\\\/\",\"name\":\"Biorga Cystiphane Shampooing Anti Chute 200ml - Maroc Prix\",\"isPartOf\":{\"@id\":\"https:\\\/\\\/vitablanca.ma\\\/#website\"},\"primaryImageOfPage\":{\"@id\":\"https:\\\/\\\/vitablanca.ma\\\/produit\\\/biorga-cystiphane-shampooing-anti-chute-200ml\\\/#primaryimage\"},\"image\":{\"@id\":\"https:\\\/\\\/vitablanca.ma\\\/produit\\\/biorga-cystiphane-shampooing-anti-chute-200ml\\\/#primaryimage\"},\"thumbnailUrl\":\"https:\\\/\\\/vitablanca.ma\\\/wp-content\\\/uploads\\\/2025\\\/06\\\/Biorga-Cystiphane-Shampooing-Anti-Chute-200ml-nova-parapharmacie-casablanca.jpg\",\"datePublished\":\"2025-06-10T16:36:41+00:00\",\"dateModified\":\"2025-10-02T12:41:54+00:00\",\"description\":\"Biorga Cystiphane Shampooing Anti Chute 200ml\",\"breadcrumb\":{\"@id\":\"https:\\\/\\\/vitablanca.ma\\\/produit\\\/biorga-cystiphane-shampooing-anti-chute-200ml\\\/#breadcrumb\"},\"inLanguage\":\"en-US\",\"potentialAction\":[{\"@type\":\"ReadAction\",\"target\":[\"https:\\\/\\\/vitablanca.ma\\\/produit\\\/biorga-cystiphane-shampooing-anti-chute-200ml\\\/\"]}]},{\"@type\":\"ImageObject\",\"inLanguage\":\"en-US\",\"@id\":\"https:\\\/\\\/vitablanca.ma\\\/produit\\\/biorga-cystiphane-shampooing-anti-chute-200ml\\\/#primaryimage\",\"url\":\"https:\\\/\\\/vitablanca.ma\\\/wp-content\\\/uploads\\\/2025\\\/06\\\/Biorga-Cystiphane-Shampooing-Anti-Chute-200ml-nova-parapharmacie-casablanca.jpg\",\"contentUrl\":\"https:\\\/\\\/vitablanca.ma\\\/wp-content\\\/uploads\\\/2025\\\/06\\\/Biorga-Cystiphane-Shampooing-Anti-Chute-200ml-nova-parapharmacie-casablanca.jpg\",\"width\":1000,\"height\":1000},{\"@type\":\"BreadcrumbList\",\"@id\":\"https:\\\/\\\/vitablanca.ma\\\/produit\\\/biorga-cystiphane-shampooing-anti-chute-200ml\\\/#breadcrumb\",\"itemListElement\":[{\"@type\":\"ListItem\",\"position\":1,\"name\":\"Home\",\"item\":\"https:\\\/\\\/vitablanca.ma\\\/\"},{\"@type\":\"ListItem\",\"position\":2,\"name\":\"Tous Les Produits\",\"item\":\"https:\\\/\\\/vitablanca.ma\\\/tous-les-produits\\\/\"},{\"@type\":\"ListItem\",\"position\":3,\"name\":\"Biorga Cystiphane Shampooing Anti Chute 200ml\"}]},{\"@type\":\"WebSite\",\"@id\":\"https:\\\/\\\/vitablanca.ma\\\/#website\",\"url\":\"https:\\\/\\\/vitablanca.ma\\\/\",\"name\":\"VitaBlanca.ma | Compl\u00e9ments alimentaires, sant\u00e9 & beaut\u00e9 au Maroc\",\"description\":\"vendre vitamines et compl\u00e9ments premium des USA &amp; Canada, Nouvelle Z\u00e9lande,Maroc (NOW Foods, Solgar, Manuka). Livraison rapide partout au Maroc.\",\"publisher\":{\"@id\":\"https:\\\/\\\/vitablanca.ma\\\/#organization\"},\"alternateName\":\"VitaBlanca.ma\",\"potentialAction\":[{\"@type\":\"SearchAction\",\"target\":{\"@type\":\"EntryPoint\",\"urlTemplate\":\"https:\\\/\\\/vitablanca.ma\\\/?s={search_term_string}\"},\"query-input\":{\"@type\":\"PropertyValueSpecification\",\"valueRequired\":true,\"valueName\":\"search_term_string\"}}],\"inLanguage\":\"en-US\"},{\"@type\":\"Organization\",\"@id\":\"https:\\\/\\\/vitablanca.ma\\\/#organization\",\"name\":\"VitaBlanca\",\"url\":\"https:\\\/\\\/vitablanca.ma\\\/\",\"logo\":{\"@type\":\"ImageObject\",\"inLanguage\":\"en-US\",\"@id\":\"https:\\\/\\\/vitablanca.ma\\\/#\\\/schema\\\/logo\\\/image\\\/\",\"url\":\"https:\\\/\\\/vitablanca.ma\\\/wp-content\\\/uploads\\\/2025\\\/05\\\/cropped-vitablanca.png\",\"contentUrl\":\"https:\\\/\\\/vitablanca.ma\\\/wp-content\\\/uploads\\\/2025\\\/05\\\/cropped-vitablanca.png\",\"width\":360,\"height\":67,\"caption\":\"VitaBlanca\"},\"image\":{\"@id\":\"https:\\\/\\\/vitablanca.ma\\\/#\\\/schema\\\/logo\\\/image\\\/\"},\"sameAs\":[\"https:\\\/\\\/www.facebook.com\\\/profile.php?id=61576678196717\",\"https:\\\/\\\/www.tiktok.com\\\/@vitablanca.ma\",\"https:\\\/\\\/www.instagram.com\\\/vitablanca.ma\\\/\"]}]}<\/script>\n<!-- \/ Yoast SEO plugin. -->","yoast_head_json":{"title":"Biorga Cystiphane Anti-Hair Loss Shampoo 200ml - Morocco Price","description":"Biorga Cystiphane Anti Hair Loss Shampoo 200ml","robots":{"index":"index","follow":"follow","max-snippet":"max-snippet:-1","max-image-preview":"max-image-preview:large","max-video-preview":"max-video-preview:-1"},"canonical":"https:\/\/vitablanca.ma\/en\/product\/biorga-cystiphane-shampooing-anti-chute-200ml\/","og_locale":"en_US","og_type":"article","og_title":"Biorga Cystiphane Shampooing Anti Chute 200ml - Maroc Prix","og_description":"Biorga Cystiphane Shampooing Anti Chute 200ml","og_url":"https:\/\/vitablanca.ma\/en\/product\/biorga-cystiphane-shampooing-anti-chute-200ml\/","og_site_name":"Vitablanca.ma &ndash; Sant&eacute;, vitalit&eacute; et bien-&ecirc;tre pour tous les Marocains","article_publisher":"https:\/\/www.facebook.com\/profile.php?id=61576678196717","article_modified_time":"2025-10-02T12:41:54+00:00","og_image":[{"width":1000,"height":1000,"url":"https:\/\/vitablanca.ma\/wp-content\/uploads\/2025\/06\/Biorga-Cystiphane-Shampooing-Anti-Chute-200ml-nova-parapharmacie-casablanca.jpg","type":"image\/jpeg"}],"twitter_card":"summary_large_image","twitter_misc":{"Est. reading time":"1 minute"},"schema":{"@context":"https:\/\/schema.org","@graph":[{"@type":["WebPage","ItemPage"],"@id":"https:\/\/vitablanca.ma\/produit\/biorga-cystiphane-shampooing-anti-chute-200ml\/","url":"https:\/\/vitablanca.ma\/produit\/biorga-cystiphane-shampooing-anti-chute-200ml\/","name":"Biorga Cystiphane Anti-Hair Loss Shampoo 200ml - Morocco Price","isPartOf":{"@id":"https:\/\/vitablanca.ma\/#website"},"primaryImageOfPage":{"@id":"https:\/\/vitablanca.ma\/produit\/biorga-cystiphane-shampooing-anti-chute-200ml\/#primaryimage"},"image":{"@id":"https:\/\/vitablanca.ma\/produit\/biorga-cystiphane-shampooing-anti-chute-200ml\/#primaryimage"},"thumbnailUrl":"https:\/\/vitablanca.ma\/wp-content\/uploads\/2025\/06\/Biorga-Cystiphane-Shampooing-Anti-Chute-200ml-nova-parapharmacie-casablanca.jpg","datePublished":"2025-06-10T16:36:41+00:00","dateModified":"2025-10-02T12:41:54+00:00","description":"Biorga Cystiphane Anti Hair Loss Shampoo 200ml","breadcrumb":{"@id":"https:\/\/vitablanca.ma\/produit\/biorga-cystiphane-shampooing-anti-chute-200ml\/#breadcrumb"},"inLanguage":"en-US","potentialAction":[{"@type":"ReadAction","target":["https:\/\/vitablanca.ma\/produit\/biorga-cystiphane-shampooing-anti-chute-200ml\/"]}]},{"@type":"ImageObject","inLanguage":"en-US","@id":"https:\/\/vitablanca.ma\/produit\/biorga-cystiphane-shampooing-anti-chute-200ml\/#primaryimage","url":"https:\/\/vitablanca.ma\/wp-content\/uploads\/2025\/06\/Biorga-Cystiphane-Shampooing-Anti-Chute-200ml-nova-parapharmacie-casablanca.jpg","contentUrl":"https:\/\/vitablanca.ma\/wp-content\/uploads\/2025\/06\/Biorga-Cystiphane-Shampooing-Anti-Chute-200ml-nova-parapharmacie-casablanca.jpg","width":1000,"height":1000},{"@type":"BreadcrumbList","@id":"https:\/\/vitablanca.ma\/produit\/biorga-cystiphane-shampooing-anti-chute-200ml\/#breadcrumb","itemListElement":[{"@type":"ListItem","position":1,"name":"Home","item":"https:\/\/vitablanca.ma\/"},{"@type":"ListItem","position":2,"name":"Tous Les Produits","item":"https:\/\/vitablanca.ma\/tous-les-produits\/"},{"@type":"ListItem","position":3,"name":"Biorga Cystiphane Shampooing Anti Chute 200ml"}]},{"@type":"WebSite","@id":"https:\/\/vitablanca.ma\/#website","url":"https:\/\/vitablanca.ma\/","name":"VitaBlanca.ma | Food supplements, health &amp; beauty in Morocco","description":"sell premium vitamins and supplements from USA &amp; Canada, New Zealand, Morocco (NOW Foods, Solgar, Manuka). Fast delivery anywhere in Morocco.","publisher":{"@id":"https:\/\/vitablanca.ma\/#organization"},"alternateName":"VitaBlanca.ma","potentialAction":[{"@type":"SearchAction","target":{"@type":"EntryPoint","urlTemplate":"https:\/\/vitablanca.ma\/?s={search_term_string}"},"query-input":{"@type":"PropertyValueSpecification","valueRequired":true,"valueName":"search_term_string"}}],"inLanguage":"en-US"},{"@type":"Organization","@id":"https:\/\/vitablanca.ma\/#organization","name":"VitaBlanca","url":"https:\/\/vitablanca.ma\/","logo":{"@type":"ImageObject","inLanguage":"en-US","@id":"https:\/\/vitablanca.ma\/#\/schema\/logo\/image\/","url":"https:\/\/vitablanca.ma\/wp-content\/uploads\/2025\/05\/cropped-vitablanca.png","contentUrl":"https:\/\/vitablanca.ma\/wp-content\/uploads\/2025\/05\/cropped-vitablanca.png","width":360,"height":67,"caption":"VitaBlanca"},"image":{"@id":"https:\/\/vitablanca.ma\/#\/schema\/logo\/image\/"},"sameAs":["https:\/\/www.facebook.com\/profile.php?id=61576678196717","https:\/\/www.tiktok.com\/@vitablanca.ma","https:\/\/www.instagram.com\/vitablanca.ma\/"]}]}},"jetpack_sharing_enabled":true,"_links":{"self":[{"href":"https:\/\/vitablanca.ma\/en\/wp-json\/wp\/v2\/product\/16105","targetHints":{"allow":["GET"]}}],"collection":[{"href":"https:\/\/vitablanca.ma\/en\/wp-json\/wp\/v2\/product"}],"about":[{"href":"https:\/\/vitablanca.ma\/en\/wp-json\/wp\/v2\/types\/product"}],"wp:featuredmedia":[{"embeddable":true,"href":"https:\/\/vitablanca.ma\/en\/wp-json\/wp\/v2\/media\/16103"}],"wp:attachment":[{"href":"https:\/\/vitablanca.ma\/en\/wp-json\/wp\/v2\/media?parent=16105"}],"wp:term":[{"taxonomy":"product_brand","embeddable":true,"href":"https:\/\/vitablanca.ma\/en\/wp-json\/wp\/v2\/product_brand?post=16105"},{"taxonomy":"product_cat","embeddable":true,"href":"https:\/\/vitablanca.ma\/en\/wp-json\/wp\/v2\/product_cat?post=16105"},{"taxonomy":"product_tag","embeddable":true,"href":"https:\/\/vitablanca.ma\/en\/wp-json\/wp\/v2\/product_tag?post=16105"}],"curies":[{"name":"wp","href":"https:\/\/api.w.org\/{rel}","templated":true}]}}