{"id":16102,"date":"2025-06-10T16:36:38","date_gmt":"2025-06-10T16:36:38","guid":{"rendered":"https:\/\/vitablanca.ma\/product\/biokap-nutricolor-delicato-rapid-blond-ble-dore-7-33-135ml\/"},"modified":"2025-06-10T16:36:38","modified_gmt":"2025-06-10T16:36:38","slug":"biokap-nutricolor-delicato-rapid-blond-ble-dore-7-33-135ml","status":"publish","type":"product","link":"https:\/\/vitablanca.ma\/en\/product\/biokap-nutricolor-delicato-rapid-blond-ble-dore-7-33-135ml\/","title":{"rendered":"Biokap Nutricolor Delicato Rapid Blonde Wheat Golden 7.33 135ml"},"content":{"rendered":"<h2>\n<span data-mce-fragment=\"1\">Biokap Nutricolor Delicato Rapid Blond\u00a0<\/span><span>natural coloring in 10 minutes<\/span><br \/>\n<\/h2>\n<p><span data-mce-fragment=\"1\">BioKap Nutricolor Delicato RAPID hair color benefits from an exclusive patented formulation that allows you to color your hair in 10 minutes, ideal for saving time. Gray hair is perfectly covered, and the color is natural and luminous. Free from perfume and paraphenylenediamine, the Nutricolor Delicato RAPID hair color range is suitable for delicate scalps and hair.<\/span><br data-mce-fragment=\"1\"><span data-mce-fragment=\"1\">Like all BioKap hair colors, these natural hair colors are rich in plant-based ingredients that care for hair: argan oil and the TRICOREPAIR complex.<\/span><\/p>\n<p class=\"p1\"><span>BioKap Nutricolor DELICATO RAPID is all the delicacy of the Nutricolor Delicato hair color range with a 10-minute application time. This ammonia-free, long-lasting color covers 100% of gray hair from the first application. As with all products in the BioKap hair color range, the exclusive formulation based on\u00a0<b>TRICOREPAIR<\/b>\u00a0And\u00a0<b>ARGAN OIL<\/b>\u00a0organic, make coloring a real hair treatment.<\/span><\/p>\n<h3 data-placeholder=\"Traduction\" dir=\"ltr\" class=\"tw-data-text tw-text-large XcVN5d tw-ta\"><span>EFFECTIVE PLANT-BASED INGREDIENTS<\/span><\/h3>\n<p class=\"p1\"><span>The complex\u00a0<b>TRICOREPAIR<\/b>\u00a0and of\u00a0<b>ARGAN OIL<\/b>\u00a0nourish and repair hair during application for silky, shiny hair. The TRICOREPAIR complex contains Rice proteins with restructuring and regenerating action, a Willow derivative that protects color brilliance, and Fruit Lipophilic Acids that care for the scalp during application.<\/span><br \/><span>L&#039;<b>ARGAN OIL<\/b>\u00a0with moisturizing, emollient and protective properties, nourishes the hair deeply and makes it more supple and shiny.<\/span><\/p>\n<h3 class=\"p1\"><span>A CARING COLORING<\/span><\/h3>\n<p class=\"p1\"><span>Well tolerated hair dye,\u00a0<b>free of ammonia, paraben, resorcinol, paraphenylenediamine and perfume<\/b>. Colours tested for nickel and tested under dermatological control.<\/span><\/p>\n<h3 class=\"p1\"><span>PACKAGING THAT PRESERVES THE ENVIRONMENT<\/span><\/h3>\n<p class=\"p1\"><span>As with all BioKap products, the Nutrifix Nutricolor bottle is recyclable and the packaging is made from FSC-certified paper.<\/span><\/p>\n<p><span>Instructions and packaging to be sorted with the cardboard.<\/span><\/p>\n<p><span>Nutrifix tube to be sorted with plastic.<\/span><\/p>\n<p><span>The rest in the daily trash.<\/span><\/p>\n<h3><span>A SIMPLE AND QUICK COLOURING TO USE<\/span><\/h3>\n<p class=\"p1\"><span>To use BioKap Nutricolor DELICATO RAPID natural hair color, pour the contents of the color tube directly into the applicator bottle for direct application to your hair. Mix well. During application, the bottle can be placed on the back of the case in the pre-cut area to avoid dirtying your sink. A protective cape and a protective cream to avoid staining your skin are also included.<\/span><\/p>\n<p class=\"p1\"><span>The estimated application time is 5 minutes, and the exposure time from the end of the application is 10 minutes. If you need more time for the application, reduce the exposure time accordingly.<\/span><\/p>","protected":false},"excerpt":{"rendered":"<p>Biokap Nutricolor Delicato Rapid Blond\u00a0coloration naturelle en 10 minutes La coloration BioKap Nutricolor Delicato RAPID b\u00e9n\u00e9ficie d\u2019une formulation exclusive brevet\u00e9e qui permet de colorer ses cheveux en 10 minutes, l\u2019id\u00e9al pour gagner du temps. Les cheveux blancs sont parfaitement couverts, la couleur est naturelle et lumineuse. Sans parfum ni paraph\u00e9nyl\u00e8nediamine, la gamme de teinture Nutricolor [&hellip;]<\/p>\n","protected":false},"featured_media":16100,"template":"","meta":{"om_disable_all_campaigns":false},"product_brand":[],"product_cat":[15],"product_tag":[],"class_list":{"0":"post-16102","1":"product","2":"type-product","3":"status-publish","4":"has-post-thumbnail","6":"product_cat-beaute-sante-complements-alimentaires-soins-et-bien-etre-au-meilleur-prix","8":"first","9":"instock","10":"sale","11":"taxable","12":"shipping-taxable","13":"purchasable","14":"product-type-simple"},"yoast_head":"<!-- This site is optimized with the Yoast SEO plugin v27.3 - https:\/\/yoast.com\/product\/yoast-seo-wordpress\/ -->\n<title>Biokap Nutricolor Delicato Rapid Blond Bl\u00e9 Dor\u00e9 7.33 135ml - Maroc Prix<\/title>\n<meta name=\"description\" content=\"Biokap Nutricolor Delicato Rapid Blond Bl\u00e9 Dor\u00e9 7.33 135ml\" \/>\n<meta name=\"robots\" content=\"index, follow, max-snippet:-1, max-image-preview:large, max-video-preview:-1\" \/>\n<link rel=\"canonical\" href=\"https:\/\/vitablanca.ma\/en\/product\/biokap-nutricolor-delicato-rapid-blond-ble-dore-7-33-135ml\/\" \/>\n<meta property=\"og:locale\" content=\"en_US\" \/>\n<meta property=\"og:type\" content=\"article\" \/>\n<meta property=\"og:title\" content=\"Biokap Nutricolor Delicato Rapid Blond Bl\u00e9 Dor\u00e9 7.33 135ml - Maroc Prix\" \/>\n<meta property=\"og:description\" content=\"Biokap Nutricolor Delicato Rapid Blond Bl\u00e9 Dor\u00e9 7.33 135ml\" \/>\n<meta property=\"og:url\" content=\"https:\/\/vitablanca.ma\/en\/product\/biokap-nutricolor-delicato-rapid-blond-ble-dore-7-33-135ml\/\" \/>\n<meta property=\"og:site_name\" content=\"Vitablanca.ma &ndash; Sant&eacute;, vitalit&eacute; et bien-&ecirc;tre pour tous les Marocains\" \/>\n<meta property=\"article:publisher\" content=\"https:\/\/www.facebook.com\/profile.php?id=61576678196717\" \/>\n<meta property=\"og:image\" content=\"https:\/\/vitablanca.ma\/wp-content\/uploads\/2025\/06\/Biokap-Nutricolor-Delicato-Rapid-Blond-Ble-Dore-7.33-135ml-nova-parapharmacie-maroc.jpg\" \/>\n\t<meta property=\"og:image:width\" content=\"1000\" \/>\n\t<meta property=\"og:image:height\" content=\"1000\" \/>\n\t<meta property=\"og:image:type\" content=\"image\/jpeg\" \/>\n<meta name=\"twitter:card\" content=\"summary_large_image\" \/>\n<meta name=\"twitter:label1\" content=\"Est. reading time\" \/>\n\t<meta name=\"twitter:data1\" content=\"2 minutes\" \/>\n<script type=\"application\/ld+json\" class=\"yoast-schema-graph\">{\"@context\":\"https:\\\/\\\/schema.org\",\"@graph\":[{\"@type\":[\"WebPage\",\"ItemPage\"],\"@id\":\"https:\\\/\\\/vitablanca.ma\\\/produit\\\/biokap-nutricolor-delicato-rapid-blond-ble-dore-7-33-135ml\\\/\",\"url\":\"https:\\\/\\\/vitablanca.ma\\\/produit\\\/biokap-nutricolor-delicato-rapid-blond-ble-dore-7-33-135ml\\\/\",\"name\":\"Biokap Nutricolor Delicato Rapid Blond Bl\u00e9 Dor\u00e9 7.33 135ml - Maroc Prix\",\"isPartOf\":{\"@id\":\"https:\\\/\\\/vitablanca.ma\\\/#website\"},\"primaryImageOfPage\":{\"@id\":\"https:\\\/\\\/vitablanca.ma\\\/produit\\\/biokap-nutricolor-delicato-rapid-blond-ble-dore-7-33-135ml\\\/#primaryimage\"},\"image\":{\"@id\":\"https:\\\/\\\/vitablanca.ma\\\/produit\\\/biokap-nutricolor-delicato-rapid-blond-ble-dore-7-33-135ml\\\/#primaryimage\"},\"thumbnailUrl\":\"https:\\\/\\\/vitablanca.ma\\\/wp-content\\\/uploads\\\/2025\\\/06\\\/Biokap-Nutricolor-Delicato-Rapid-Blond-Ble-Dore-7.33-135ml-nova-parapharmacie-maroc.jpg\",\"datePublished\":\"2025-06-10T16:36:38+00:00\",\"description\":\"Biokap Nutricolor Delicato Rapid Blond Bl\u00e9 Dor\u00e9 7.33 135ml\",\"breadcrumb\":{\"@id\":\"https:\\\/\\\/vitablanca.ma\\\/produit\\\/biokap-nutricolor-delicato-rapid-blond-ble-dore-7-33-135ml\\\/#breadcrumb\"},\"inLanguage\":\"en-US\",\"potentialAction\":[{\"@type\":\"ReadAction\",\"target\":[\"https:\\\/\\\/vitablanca.ma\\\/produit\\\/biokap-nutricolor-delicato-rapid-blond-ble-dore-7-33-135ml\\\/\"]}]},{\"@type\":\"ImageObject\",\"inLanguage\":\"en-US\",\"@id\":\"https:\\\/\\\/vitablanca.ma\\\/produit\\\/biokap-nutricolor-delicato-rapid-blond-ble-dore-7-33-135ml\\\/#primaryimage\",\"url\":\"https:\\\/\\\/vitablanca.ma\\\/wp-content\\\/uploads\\\/2025\\\/06\\\/Biokap-Nutricolor-Delicato-Rapid-Blond-Ble-Dore-7.33-135ml-nova-parapharmacie-maroc.jpg\",\"contentUrl\":\"https:\\\/\\\/vitablanca.ma\\\/wp-content\\\/uploads\\\/2025\\\/06\\\/Biokap-Nutricolor-Delicato-Rapid-Blond-Ble-Dore-7.33-135ml-nova-parapharmacie-maroc.jpg\",\"width\":1000,\"height\":1000},{\"@type\":\"BreadcrumbList\",\"@id\":\"https:\\\/\\\/vitablanca.ma\\\/produit\\\/biokap-nutricolor-delicato-rapid-blond-ble-dore-7-33-135ml\\\/#breadcrumb\",\"itemListElement\":[{\"@type\":\"ListItem\",\"position\":1,\"name\":\"Home\",\"item\":\"https:\\\/\\\/vitablanca.ma\\\/\"},{\"@type\":\"ListItem\",\"position\":2,\"name\":\"Tous Les Produits\",\"item\":\"https:\\\/\\\/vitablanca.ma\\\/tous-les-produits\\\/\"},{\"@type\":\"ListItem\",\"position\":3,\"name\":\"Biokap Nutricolor Delicato Rapid Blond Bl\u00e9 Dor\u00e9 7.33 135ml\"}]},{\"@type\":\"WebSite\",\"@id\":\"https:\\\/\\\/vitablanca.ma\\\/#website\",\"url\":\"https:\\\/\\\/vitablanca.ma\\\/\",\"name\":\"VitaBlanca.ma | Compl\u00e9ments alimentaires, sant\u00e9 & beaut\u00e9 au Maroc\",\"description\":\"vendre vitamines et compl\u00e9ments premium des USA &amp; Canada, Nouvelle Z\u00e9lande,Maroc (NOW Foods, Solgar, Manuka). Livraison rapide partout au Maroc.\",\"publisher\":{\"@id\":\"https:\\\/\\\/vitablanca.ma\\\/#organization\"},\"alternateName\":\"VitaBlanca.ma\",\"potentialAction\":[{\"@type\":\"SearchAction\",\"target\":{\"@type\":\"EntryPoint\",\"urlTemplate\":\"https:\\\/\\\/vitablanca.ma\\\/?s={search_term_string}\"},\"query-input\":{\"@type\":\"PropertyValueSpecification\",\"valueRequired\":true,\"valueName\":\"search_term_string\"}}],\"inLanguage\":\"en-US\"},{\"@type\":\"Organization\",\"@id\":\"https:\\\/\\\/vitablanca.ma\\\/#organization\",\"name\":\"VitaBlanca\",\"url\":\"https:\\\/\\\/vitablanca.ma\\\/\",\"logo\":{\"@type\":\"ImageObject\",\"inLanguage\":\"en-US\",\"@id\":\"https:\\\/\\\/vitablanca.ma\\\/#\\\/schema\\\/logo\\\/image\\\/\",\"url\":\"https:\\\/\\\/vitablanca.ma\\\/wp-content\\\/uploads\\\/2025\\\/05\\\/cropped-vitablanca.png\",\"contentUrl\":\"https:\\\/\\\/vitablanca.ma\\\/wp-content\\\/uploads\\\/2025\\\/05\\\/cropped-vitablanca.png\",\"width\":360,\"height\":67,\"caption\":\"VitaBlanca\"},\"image\":{\"@id\":\"https:\\\/\\\/vitablanca.ma\\\/#\\\/schema\\\/logo\\\/image\\\/\"},\"sameAs\":[\"https:\\\/\\\/www.facebook.com\\\/profile.php?id=61576678196717\",\"https:\\\/\\\/www.tiktok.com\\\/@vitablanca.ma\",\"https:\\\/\\\/www.instagram.com\\\/vitablanca.ma\\\/\"]}]}<\/script>\n<!-- \/ Yoast SEO plugin. -->","yoast_head_json":{"title":"Biokap Nutricolor Delicato Rapid Blonde Wheat Golden 7.33 135ml - Morocco Price","description":"Biokap Nutricolor Delicato Rapid Blonde Wheat Golden 7.33 135ml","robots":{"index":"index","follow":"follow","max-snippet":"max-snippet:-1","max-image-preview":"max-image-preview:large","max-video-preview":"max-video-preview:-1"},"canonical":"https:\/\/vitablanca.ma\/en\/product\/biokap-nutricolor-delicato-rapid-blond-ble-dore-7-33-135ml\/","og_locale":"en_US","og_type":"article","og_title":"Biokap Nutricolor Delicato Rapid Blond Bl\u00e9 Dor\u00e9 7.33 135ml - Maroc Prix","og_description":"Biokap Nutricolor Delicato Rapid Blond Bl\u00e9 Dor\u00e9 7.33 135ml","og_url":"https:\/\/vitablanca.ma\/en\/product\/biokap-nutricolor-delicato-rapid-blond-ble-dore-7-33-135ml\/","og_site_name":"Vitablanca.ma &ndash; Sant&eacute;, vitalit&eacute; et bien-&ecirc;tre pour tous les Marocains","article_publisher":"https:\/\/www.facebook.com\/profile.php?id=61576678196717","og_image":[{"width":1000,"height":1000,"url":"https:\/\/vitablanca.ma\/wp-content\/uploads\/2025\/06\/Biokap-Nutricolor-Delicato-Rapid-Blond-Ble-Dore-7.33-135ml-nova-parapharmacie-maroc.jpg","type":"image\/jpeg"}],"twitter_card":"summary_large_image","twitter_misc":{"Est. reading time":"2 minutes"},"schema":{"@context":"https:\/\/schema.org","@graph":[{"@type":["WebPage","ItemPage"],"@id":"https:\/\/vitablanca.ma\/produit\/biokap-nutricolor-delicato-rapid-blond-ble-dore-7-33-135ml\/","url":"https:\/\/vitablanca.ma\/produit\/biokap-nutricolor-delicato-rapid-blond-ble-dore-7-33-135ml\/","name":"Biokap Nutricolor Delicato Rapid Blonde Wheat Golden 7.33 135ml - Morocco Price","isPartOf":{"@id":"https:\/\/vitablanca.ma\/#website"},"primaryImageOfPage":{"@id":"https:\/\/vitablanca.ma\/produit\/biokap-nutricolor-delicato-rapid-blond-ble-dore-7-33-135ml\/#primaryimage"},"image":{"@id":"https:\/\/vitablanca.ma\/produit\/biokap-nutricolor-delicato-rapid-blond-ble-dore-7-33-135ml\/#primaryimage"},"thumbnailUrl":"https:\/\/vitablanca.ma\/wp-content\/uploads\/2025\/06\/Biokap-Nutricolor-Delicato-Rapid-Blond-Ble-Dore-7.33-135ml-nova-parapharmacie-maroc.jpg","datePublished":"2025-06-10T16:36:38+00:00","description":"Biokap Nutricolor Delicato Rapid Blonde Wheat Golden 7.33 135ml","breadcrumb":{"@id":"https:\/\/vitablanca.ma\/produit\/biokap-nutricolor-delicato-rapid-blond-ble-dore-7-33-135ml\/#breadcrumb"},"inLanguage":"en-US","potentialAction":[{"@type":"ReadAction","target":["https:\/\/vitablanca.ma\/produit\/biokap-nutricolor-delicato-rapid-blond-ble-dore-7-33-135ml\/"]}]},{"@type":"ImageObject","inLanguage":"en-US","@id":"https:\/\/vitablanca.ma\/produit\/biokap-nutricolor-delicato-rapid-blond-ble-dore-7-33-135ml\/#primaryimage","url":"https:\/\/vitablanca.ma\/wp-content\/uploads\/2025\/06\/Biokap-Nutricolor-Delicato-Rapid-Blond-Ble-Dore-7.33-135ml-nova-parapharmacie-maroc.jpg","contentUrl":"https:\/\/vitablanca.ma\/wp-content\/uploads\/2025\/06\/Biokap-Nutricolor-Delicato-Rapid-Blond-Ble-Dore-7.33-135ml-nova-parapharmacie-maroc.jpg","width":1000,"height":1000},{"@type":"BreadcrumbList","@id":"https:\/\/vitablanca.ma\/produit\/biokap-nutricolor-delicato-rapid-blond-ble-dore-7-33-135ml\/#breadcrumb","itemListElement":[{"@type":"ListItem","position":1,"name":"Home","item":"https:\/\/vitablanca.ma\/"},{"@type":"ListItem","position":2,"name":"Tous Les Produits","item":"https:\/\/vitablanca.ma\/tous-les-produits\/"},{"@type":"ListItem","position":3,"name":"Biokap Nutricolor Delicato Rapid Blond Bl\u00e9 Dor\u00e9 7.33 135ml"}]},{"@type":"WebSite","@id":"https:\/\/vitablanca.ma\/#website","url":"https:\/\/vitablanca.ma\/","name":"VitaBlanca.ma | Food supplements, health &amp; beauty in Morocco","description":"sell premium vitamins and supplements from USA &amp; Canada, New Zealand, Morocco (NOW Foods, Solgar, Manuka). Fast delivery anywhere in Morocco.","publisher":{"@id":"https:\/\/vitablanca.ma\/#organization"},"alternateName":"VitaBlanca.ma","potentialAction":[{"@type":"SearchAction","target":{"@type":"EntryPoint","urlTemplate":"https:\/\/vitablanca.ma\/?s={search_term_string}"},"query-input":{"@type":"PropertyValueSpecification","valueRequired":true,"valueName":"search_term_string"}}],"inLanguage":"en-US"},{"@type":"Organization","@id":"https:\/\/vitablanca.ma\/#organization","name":"VitaBlanca","url":"https:\/\/vitablanca.ma\/","logo":{"@type":"ImageObject","inLanguage":"en-US","@id":"https:\/\/vitablanca.ma\/#\/schema\/logo\/image\/","url":"https:\/\/vitablanca.ma\/wp-content\/uploads\/2025\/05\/cropped-vitablanca.png","contentUrl":"https:\/\/vitablanca.ma\/wp-content\/uploads\/2025\/05\/cropped-vitablanca.png","width":360,"height":67,"caption":"VitaBlanca"},"image":{"@id":"https:\/\/vitablanca.ma\/#\/schema\/logo\/image\/"},"sameAs":["https:\/\/www.facebook.com\/profile.php?id=61576678196717","https:\/\/www.tiktok.com\/@vitablanca.ma","https:\/\/www.instagram.com\/vitablanca.ma\/"]}]}},"jetpack_sharing_enabled":true,"_links":{"self":[{"href":"https:\/\/vitablanca.ma\/en\/wp-json\/wp\/v2\/product\/16102","targetHints":{"allow":["GET"]}}],"collection":[{"href":"https:\/\/vitablanca.ma\/en\/wp-json\/wp\/v2\/product"}],"about":[{"href":"https:\/\/vitablanca.ma\/en\/wp-json\/wp\/v2\/types\/product"}],"wp:featuredmedia":[{"embeddable":true,"href":"https:\/\/vitablanca.ma\/en\/wp-json\/wp\/v2\/media\/16100"}],"wp:attachment":[{"href":"https:\/\/vitablanca.ma\/en\/wp-json\/wp\/v2\/media?parent=16102"}],"wp:term":[{"taxonomy":"product_brand","embeddable":true,"href":"https:\/\/vitablanca.ma\/en\/wp-json\/wp\/v2\/product_brand?post=16102"},{"taxonomy":"product_cat","embeddable":true,"href":"https:\/\/vitablanca.ma\/en\/wp-json\/wp\/v2\/product_cat?post=16102"},{"taxonomy":"product_tag","embeddable":true,"href":"https:\/\/vitablanca.ma\/en\/wp-json\/wp\/v2\/product_tag?post=16102"}],"curies":[{"name":"wp","href":"https:\/\/api.w.org\/{rel}","templated":true}]}}