{"id":16069,"date":"2025-06-10T16:36:19","date_gmt":"2025-06-10T16:36:19","guid":{"rendered":"https:\/\/vitablanca.ma\/product\/biokap-ampoules-renforcant-anti-chute-127ml\/"},"modified":"2025-06-10T16:36:19","modified_gmt":"2025-06-10T16:36:19","slug":"biokap-ampoules-renforcant-anti-chute-127ml","status":"publish","type":"product","link":"https:\/\/vitablanca.ma\/en\/product\/biokap-ampoules-renforcant-anti-chute-127ml\/","title":{"rendered":"Biokap Anti-Hair Loss Strengthening Ampoules 12*7ml"},"content":{"rendered":"<h2 class=\"et_pb_module_header\" data-mce-fragment=\"1\">Biokap Anti-Hair Loss Strengthening Ampoules<span data-mce-fragment=\"1\">\u00a0to strengthen and stimulate hair<\/span><br \/>\n<\/h2>\n<h3 class=\"et_pb_module_header\" data-mce-fragment=\"1\"><strong>Anti-hair loss ampoules: a concentrate of natural active ingredients to restore strength and vigor to hair<\/strong><\/h3>\n<div class=\"et_pb_header_content_wrapper\" data-mce-fragment=\"1\">\n<p data-mce-fragment=\"1\"><span data-mce-fragment=\"1\">Tricofoltil\u00ae Complex (based on flax, copper, and biotin) is a patented complex to strengthen and stimulate hair. Tricofoltil Complex is the common core of all BioKap hair loss treatments.<\/span><\/p>\n<h3 class=\"tw-data-text tw-text-large XcVN5d tw-ta\" data-placeholder=\"Traduction\" dir=\"ltr\" data-mce-fragment=\"1\">\n<span data-mce-fragment=\"1\"><\/span><br \/>\n<\/h3>\n<h3 class=\"tw-data-text tw-text-large XcVN5d tw-ta\" data-placeholder=\"Traduction\" dir=\"ltr\" data-mce-fragment=\"1\">\n<span data-mce-fragment=\"1\"><\/span><br \/>\n<\/h3>\n<h3 class=\"tw-data-text tw-text-large XcVN5d tw-ta\" data-placeholder=\"Traduction\" dir=\"ltr\" data-mce-fragment=\"1\"><span data-mce-fragment=\"1\">99% OF NATURAL ACTIVE INGREDIENTS<\/span><\/h3>\n<p data-mce-fragment=\"1\"><span data-mce-fragment=\"1\">The extract from\u00a0<strong data-mce-fragment=\"1\">bamboo<\/strong>, rich in silicon,\u00a0<strong data-mce-fragment=\"1\">Olax dissitiflora<\/strong>, THE\u00a0<strong data-mce-fragment=\"1\">Saw palmetto<\/strong>\u00a0and the\u00a0<strong data-mce-fragment=\"1\">pumpkin seeds<\/strong>\u00a0help fight hair loss and strengthen hair growth. \u00a0<\/span><\/p>\n<p data-mce-fragment=\"1\"><span data-mce-fragment=\"1\">The extract from\u00a0<strong data-mce-fragment=\"1\">Capsicum<\/strong>\u00a0combined with\u00a0<strong data-mce-fragment=\"1\">vitamin PP<\/strong>\u00a0stimulates the cutaneous microcirculation of the scalp.<\/span><\/p>\n<p data-mce-fragment=\"1\"><span data-mce-fragment=\"1\">The ampoules are also enriched with extract\u00a0<strong data-mce-fragment=\"1\">nettle<\/strong>,\u00a0<strong data-mce-fragment=\"1\">organic essential oils of<\/strong>\u00a0<strong data-mce-fragment=\"1\">melaleuca and rosemary<\/strong>\u00a0for a purifying and sebum-regulating action.<\/span><\/p>\n<h3 class=\"tw-data-text tw-text-large XcVN5d tw-ta\" data-placeholder=\"Traduction\" dir=\"ltr\" data-mce-fragment=\"1\">\n<span data-mce-fragment=\"1\"><\/span><br \/>\n<\/h3>\n<h3 class=\"tw-data-text tw-text-large XcVN5d tw-ta\" data-placeholder=\"Traduction\" dir=\"ltr\" data-mce-fragment=\"1\">\n<span data-mce-fragment=\"1\"><\/span><br \/>\n<\/h3>\n<h3 class=\"tw-data-text tw-text-large XcVN5d tw-ta\" data-placeholder=\"Traduction\" dir=\"ltr\" data-mce-fragment=\"1\"><span data-mce-fragment=\"1\">NATURAL ANTI-HAIR LOSS AMPOULES<\/span><\/h3>\n<p data-mce-fragment=\"1\"><span data-mce-fragment=\"1\">Like all BioKap hair loss treatments, the ampoules are PEG, silicone, paraben and SLES free.<\/span><\/p>\n<p data-mce-fragment=\"1\"><span data-mce-fragment=\"1\">Nickel tested and dermatologically tested.<br data-mce-fragment=\"1\">Suitable for vegans.<\/span><\/p>\n<h3 data-mce-fragment=\"1\">\n<span data-mce-fragment=\"1\"><\/span><br \/>\n<\/h3>\n<h3 data-mce-fragment=\"1\"><span data-mce-fragment=\"1\">PACKAGING THAT PRESERVES THE ENVIRONMENT<\/span><\/h3>\n<p data-mce-fragment=\"1\"><span data-mce-fragment=\"1\">Glass and paper 100% recyclable. Cardboard case made from FSC-certified paper.<\/span><\/p>\n<p data-mce-fragment=\"1\"><span data-mce-fragment=\"1\">Packaging to be sorted with cardboard.<\/span><\/p>\n<p data-mce-fragment=\"1\"><span data-mce-fragment=\"1\">Bulbs to be sorted with glass.<\/span><\/p>\n<p data-mce-fragment=\"1\"><span data-mce-fragment=\"1\">The bulb tray should be sorted with the plastic.<\/span><\/p>\n<h3 data-mce-fragment=\"1\"><span data-mce-fragment=\"1\">SIMPLE AND QUICK TO USE<\/span><\/h3>\n<p data-mce-fragment=\"1\"><span data-mce-fragment=\"1\">Apply the contents of one ampoule to the scalp and massage for 10 to 20 seconds to promote absorption. Use on dry or damp scalp.<\/span><\/p>\n<p data-mce-fragment=\"1\"><span data-mce-fragment=\"1\">How often? For the first 6 ampoules, apply 1 ampoule every other day. For the last 6 ampoules, apply 1 ampoule every 3 days.<\/span><\/p>\n<\/div>","protected":false},"excerpt":{"rendered":"<p>Biokap Ampoules Renforcant Anti-Chute\u00a0pour renforcer et stimuler les cheveux Les ampoules antichute pour cheveux : un concentr\u00e9 d&rsquo;actifs naturels pour redonner force et vigueur aux cheveux Le complexe Tricofoltil\u00ae (\u00e0 base de lin, de cuivre et de biotine) est un complexe brevet\u00e9 pour renforcer et stimuler les cheveux. Le complexe Tricofoltil est le c\u0153ur commun [&hellip;]<\/p>\n","protected":false},"featured_media":16066,"template":"","meta":{"om_disable_all_campaigns":false},"product_brand":[],"product_cat":[15],"product_tag":[],"class_list":{"0":"post-16069","1":"product","2":"type-product","3":"status-publish","4":"has-post-thumbnail","6":"product_cat-beaute-sante-complements-alimentaires-soins-et-bien-etre-au-meilleur-prix","8":"first","9":"instock","10":"sale","11":"taxable","12":"shipping-taxable","13":"purchasable","14":"product-type-simple"},"yoast_head":"<!-- This site is optimized with the Yoast SEO plugin v27.4 - https:\/\/yoast.com\/product\/yoast-seo-wordpress\/ -->\n<title>Biokap Ampoules Renforcant Anti-Chute 12*7ml - Maroc Prix<\/title>\n<meta name=\"description\" content=\"Biokap Ampoules Renforcant Anti-Chute 12*7ml\" \/>\n<meta name=\"robots\" content=\"index, follow, max-snippet:-1, max-image-preview:large, max-video-preview:-1\" \/>\n<link rel=\"canonical\" href=\"https:\/\/vitablanca.ma\/en\/product\/biokap-ampoules-renforcant-anti-chute-127ml\/\" \/>\n<meta property=\"og:locale\" content=\"en_US\" \/>\n<meta property=\"og:type\" content=\"article\" \/>\n<meta property=\"og:title\" content=\"Biokap Ampoules Renforcant Anti-Chute 12*7ml - Maroc Prix\" \/>\n<meta property=\"og:description\" content=\"Biokap Ampoules Renforcant Anti-Chute 12*7ml\" \/>\n<meta property=\"og:url\" content=\"https:\/\/vitablanca.ma\/en\/product\/biokap-ampoules-renforcant-anti-chute-127ml\/\" \/>\n<meta property=\"og:site_name\" content=\"Vitablanca.ma &ndash; Sant&eacute;, vitalit&eacute; et bien-&ecirc;tre pour tous les Marocains\" \/>\n<meta property=\"article:publisher\" content=\"https:\/\/www.facebook.com\/profile.php?id=61576678196717\" \/>\n<meta property=\"og:image\" content=\"https:\/\/vitablanca.ma\/wp-content\/uploads\/2025\/06\/Biokap-Ampoules-Renforcant-Anti-Chute-12-7ml-nova-parapharmacie-maroc.jpg\" \/>\n\t<meta property=\"og:image:width\" content=\"1000\" \/>\n\t<meta property=\"og:image:height\" content=\"1000\" \/>\n\t<meta property=\"og:image:type\" content=\"image\/jpeg\" \/>\n<meta name=\"twitter:card\" content=\"summary_large_image\" \/>\n<meta name=\"twitter:label1\" content=\"Est. reading time\" \/>\n\t<meta name=\"twitter:data1\" content=\"1 minute\" \/>\n<script type=\"application\/ld+json\" class=\"yoast-schema-graph\">{\"@context\":\"https:\\\/\\\/schema.org\",\"@graph\":[{\"@type\":[\"WebPage\",\"ItemPage\"],\"@id\":\"https:\\\/\\\/vitablanca.ma\\\/produit\\\/biokap-ampoules-renforcant-anti-chute-127ml\\\/\",\"url\":\"https:\\\/\\\/vitablanca.ma\\\/produit\\\/biokap-ampoules-renforcant-anti-chute-127ml\\\/\",\"name\":\"Biokap Ampoules Renforcant Anti-Chute 12*7ml - Maroc Prix\",\"isPartOf\":{\"@id\":\"https:\\\/\\\/vitablanca.ma\\\/#website\"},\"primaryImageOfPage\":{\"@id\":\"https:\\\/\\\/vitablanca.ma\\\/produit\\\/biokap-ampoules-renforcant-anti-chute-127ml\\\/#primaryimage\"},\"image\":{\"@id\":\"https:\\\/\\\/vitablanca.ma\\\/produit\\\/biokap-ampoules-renforcant-anti-chute-127ml\\\/#primaryimage\"},\"thumbnailUrl\":\"https:\\\/\\\/vitablanca.ma\\\/wp-content\\\/uploads\\\/2025\\\/06\\\/Biokap-Ampoules-Renforcant-Anti-Chute-12-7ml-nova-parapharmacie-maroc.jpg\",\"datePublished\":\"2025-06-10T16:36:19+00:00\",\"description\":\"Biokap Ampoules Renforcant Anti-Chute 12*7ml\",\"breadcrumb\":{\"@id\":\"https:\\\/\\\/vitablanca.ma\\\/produit\\\/biokap-ampoules-renforcant-anti-chute-127ml\\\/#breadcrumb\"},\"inLanguage\":\"en-US\",\"potentialAction\":[{\"@type\":\"ReadAction\",\"target\":[\"https:\\\/\\\/vitablanca.ma\\\/produit\\\/biokap-ampoules-renforcant-anti-chute-127ml\\\/\"]}]},{\"@type\":\"ImageObject\",\"inLanguage\":\"en-US\",\"@id\":\"https:\\\/\\\/vitablanca.ma\\\/produit\\\/biokap-ampoules-renforcant-anti-chute-127ml\\\/#primaryimage\",\"url\":\"https:\\\/\\\/vitablanca.ma\\\/wp-content\\\/uploads\\\/2025\\\/06\\\/Biokap-Ampoules-Renforcant-Anti-Chute-12-7ml-nova-parapharmacie-maroc.jpg\",\"contentUrl\":\"https:\\\/\\\/vitablanca.ma\\\/wp-content\\\/uploads\\\/2025\\\/06\\\/Biokap-Ampoules-Renforcant-Anti-Chute-12-7ml-nova-parapharmacie-maroc.jpg\",\"width\":1000,\"height\":1000},{\"@type\":\"BreadcrumbList\",\"@id\":\"https:\\\/\\\/vitablanca.ma\\\/produit\\\/biokap-ampoules-renforcant-anti-chute-127ml\\\/#breadcrumb\",\"itemListElement\":[{\"@type\":\"ListItem\",\"position\":1,\"name\":\"Home\",\"item\":\"https:\\\/\\\/vitablanca.ma\\\/\"},{\"@type\":\"ListItem\",\"position\":2,\"name\":\"Tous Les Produits\",\"item\":\"https:\\\/\\\/vitablanca.ma\\\/tous-les-produits\\\/\"},{\"@type\":\"ListItem\",\"position\":3,\"name\":\"Biokap Ampoules Renforcant Anti-Chute 12*7ml\"}]},{\"@type\":\"WebSite\",\"@id\":\"https:\\\/\\\/vitablanca.ma\\\/#website\",\"url\":\"https:\\\/\\\/vitablanca.ma\\\/\",\"name\":\"VitaBlanca.ma | Compl\u00e9ments alimentaires, sant\u00e9 & beaut\u00e9 au Maroc\",\"description\":\"vendre vitamines et compl\u00e9ments premium des USA &amp; Canada, Nouvelle Z\u00e9lande,Maroc (NOW Foods, Solgar, Manuka). Livraison rapide partout au Maroc.\",\"publisher\":{\"@id\":\"https:\\\/\\\/vitablanca.ma\\\/#organization\"},\"alternateName\":\"VitaBlanca.ma\",\"potentialAction\":[{\"@type\":\"SearchAction\",\"target\":{\"@type\":\"EntryPoint\",\"urlTemplate\":\"https:\\\/\\\/vitablanca.ma\\\/?s={search_term_string}\"},\"query-input\":{\"@type\":\"PropertyValueSpecification\",\"valueRequired\":true,\"valueName\":\"search_term_string\"}}],\"inLanguage\":\"en-US\"},{\"@type\":\"Organization\",\"@id\":\"https:\\\/\\\/vitablanca.ma\\\/#organization\",\"name\":\"VitaBlanca\",\"url\":\"https:\\\/\\\/vitablanca.ma\\\/\",\"logo\":{\"@type\":\"ImageObject\",\"inLanguage\":\"en-US\",\"@id\":\"https:\\\/\\\/vitablanca.ma\\\/#\\\/schema\\\/logo\\\/image\\\/\",\"url\":\"https:\\\/\\\/vitablanca.ma\\\/wp-content\\\/uploads\\\/2025\\\/05\\\/cropped-vitablanca.png\",\"contentUrl\":\"https:\\\/\\\/vitablanca.ma\\\/wp-content\\\/uploads\\\/2025\\\/05\\\/cropped-vitablanca.png\",\"width\":360,\"height\":67,\"caption\":\"VitaBlanca\"},\"image\":{\"@id\":\"https:\\\/\\\/vitablanca.ma\\\/#\\\/schema\\\/logo\\\/image\\\/\"},\"sameAs\":[\"https:\\\/\\\/www.facebook.com\\\/profile.php?id=61576678196717\",\"https:\\\/\\\/www.tiktok.com\\\/@vitablanca.ma\",\"https:\\\/\\\/www.instagram.com\\\/vitablanca.ma\\\/\"]}]}<\/script>\n<!-- \/ Yoast SEO plugin. -->","yoast_head_json":{"title":"Biokap Anti-Hair Loss Strengthening Ampoules 12*7ml - Morocco Price","description":"Biokap Anti-Hair Loss Strengthening Ampoules 12*7ml","robots":{"index":"index","follow":"follow","max-snippet":"max-snippet:-1","max-image-preview":"max-image-preview:large","max-video-preview":"max-video-preview:-1"},"canonical":"https:\/\/vitablanca.ma\/en\/product\/biokap-ampoules-renforcant-anti-chute-127ml\/","og_locale":"en_US","og_type":"article","og_title":"Biokap Ampoules Renforcant Anti-Chute 12*7ml - Maroc Prix","og_description":"Biokap Ampoules Renforcant Anti-Chute 12*7ml","og_url":"https:\/\/vitablanca.ma\/en\/product\/biokap-ampoules-renforcant-anti-chute-127ml\/","og_site_name":"Vitablanca.ma &ndash; Sant&eacute;, vitalit&eacute; et bien-&ecirc;tre pour tous les Marocains","article_publisher":"https:\/\/www.facebook.com\/profile.php?id=61576678196717","og_image":[{"width":1000,"height":1000,"url":"https:\/\/vitablanca.ma\/wp-content\/uploads\/2025\/06\/Biokap-Ampoules-Renforcant-Anti-Chute-12-7ml-nova-parapharmacie-maroc.jpg","type":"image\/jpeg"}],"twitter_card":"summary_large_image","twitter_misc":{"Est. reading time":"1 minute"},"schema":{"@context":"https:\/\/schema.org","@graph":[{"@type":["WebPage","ItemPage"],"@id":"https:\/\/vitablanca.ma\/produit\/biokap-ampoules-renforcant-anti-chute-127ml\/","url":"https:\/\/vitablanca.ma\/produit\/biokap-ampoules-renforcant-anti-chute-127ml\/","name":"Biokap Anti-Hair Loss Strengthening Ampoules 12*7ml - Morocco Price","isPartOf":{"@id":"https:\/\/vitablanca.ma\/#website"},"primaryImageOfPage":{"@id":"https:\/\/vitablanca.ma\/produit\/biokap-ampoules-renforcant-anti-chute-127ml\/#primaryimage"},"image":{"@id":"https:\/\/vitablanca.ma\/produit\/biokap-ampoules-renforcant-anti-chute-127ml\/#primaryimage"},"thumbnailUrl":"https:\/\/vitablanca.ma\/wp-content\/uploads\/2025\/06\/Biokap-Ampoules-Renforcant-Anti-Chute-12-7ml-nova-parapharmacie-maroc.jpg","datePublished":"2025-06-10T16:36:19+00:00","description":"Biokap Anti-Hair Loss Strengthening Ampoules 12*7ml","breadcrumb":{"@id":"https:\/\/vitablanca.ma\/produit\/biokap-ampoules-renforcant-anti-chute-127ml\/#breadcrumb"},"inLanguage":"en-US","potentialAction":[{"@type":"ReadAction","target":["https:\/\/vitablanca.ma\/produit\/biokap-ampoules-renforcant-anti-chute-127ml\/"]}]},{"@type":"ImageObject","inLanguage":"en-US","@id":"https:\/\/vitablanca.ma\/produit\/biokap-ampoules-renforcant-anti-chute-127ml\/#primaryimage","url":"https:\/\/vitablanca.ma\/wp-content\/uploads\/2025\/06\/Biokap-Ampoules-Renforcant-Anti-Chute-12-7ml-nova-parapharmacie-maroc.jpg","contentUrl":"https:\/\/vitablanca.ma\/wp-content\/uploads\/2025\/06\/Biokap-Ampoules-Renforcant-Anti-Chute-12-7ml-nova-parapharmacie-maroc.jpg","width":1000,"height":1000},{"@type":"BreadcrumbList","@id":"https:\/\/vitablanca.ma\/produit\/biokap-ampoules-renforcant-anti-chute-127ml\/#breadcrumb","itemListElement":[{"@type":"ListItem","position":1,"name":"Home","item":"https:\/\/vitablanca.ma\/"},{"@type":"ListItem","position":2,"name":"Tous Les Produits","item":"https:\/\/vitablanca.ma\/tous-les-produits\/"},{"@type":"ListItem","position":3,"name":"Biokap Ampoules Renforcant Anti-Chute 12*7ml"}]},{"@type":"WebSite","@id":"https:\/\/vitablanca.ma\/#website","url":"https:\/\/vitablanca.ma\/","name":"VitaBlanca.ma | Food supplements, health &amp; beauty in Morocco","description":"sell premium vitamins and supplements from USA &amp; Canada, New Zealand, Morocco (NOW Foods, Solgar, Manuka). Fast delivery anywhere in Morocco.","publisher":{"@id":"https:\/\/vitablanca.ma\/#organization"},"alternateName":"VitaBlanca.ma","potentialAction":[{"@type":"SearchAction","target":{"@type":"EntryPoint","urlTemplate":"https:\/\/vitablanca.ma\/?s={search_term_string}"},"query-input":{"@type":"PropertyValueSpecification","valueRequired":true,"valueName":"search_term_string"}}],"inLanguage":"en-US"},{"@type":"Organization","@id":"https:\/\/vitablanca.ma\/#organization","name":"VitaBlanca","url":"https:\/\/vitablanca.ma\/","logo":{"@type":"ImageObject","inLanguage":"en-US","@id":"https:\/\/vitablanca.ma\/#\/schema\/logo\/image\/","url":"https:\/\/vitablanca.ma\/wp-content\/uploads\/2025\/05\/cropped-vitablanca.png","contentUrl":"https:\/\/vitablanca.ma\/wp-content\/uploads\/2025\/05\/cropped-vitablanca.png","width":360,"height":67,"caption":"VitaBlanca"},"image":{"@id":"https:\/\/vitablanca.ma\/#\/schema\/logo\/image\/"},"sameAs":["https:\/\/www.facebook.com\/profile.php?id=61576678196717","https:\/\/www.tiktok.com\/@vitablanca.ma","https:\/\/www.instagram.com\/vitablanca.ma\/"]}]}},"jetpack_sharing_enabled":true,"_links":{"self":[{"href":"https:\/\/vitablanca.ma\/en\/wp-json\/wp\/v2\/product\/16069","targetHints":{"allow":["GET"]}}],"collection":[{"href":"https:\/\/vitablanca.ma\/en\/wp-json\/wp\/v2\/product"}],"about":[{"href":"https:\/\/vitablanca.ma\/en\/wp-json\/wp\/v2\/types\/product"}],"wp:featuredmedia":[{"embeddable":true,"href":"https:\/\/vitablanca.ma\/en\/wp-json\/wp\/v2\/media\/16066"}],"wp:attachment":[{"href":"https:\/\/vitablanca.ma\/en\/wp-json\/wp\/v2\/media?parent=16069"}],"wp:term":[{"taxonomy":"product_brand","embeddable":true,"href":"https:\/\/vitablanca.ma\/en\/wp-json\/wp\/v2\/product_brand?post=16069"},{"taxonomy":"product_cat","embeddable":true,"href":"https:\/\/vitablanca.ma\/en\/wp-json\/wp\/v2\/product_cat?post=16069"},{"taxonomy":"product_tag","embeddable":true,"href":"https:\/\/vitablanca.ma\/en\/wp-json\/wp\/v2\/product_tag?post=16069"}],"curies":[{"name":"wp","href":"https:\/\/api.w.org\/{rel}","templated":true}]}}