{"id":15986,"date":"2025-06-10T16:35:36","date_gmt":"2025-06-10T16:35:36","guid":{"rendered":"https:\/\/vitablanca.ma\/product\/bionnex-serum-concentre-anti-chute-de-cheveux\/"},"modified":"2025-06-10T16:35:36","modified_gmt":"2025-06-10T16:35:36","slug":"bionnex-serum-concentre-anti-chute-de-cheveux","status":"publish","type":"product","link":"https:\/\/vitablanca.ma\/en\/product\/bionnex-serum-concentre-anti-chute-de-cheveux\/","title":{"rendered":"Bionnex Anti-Hair Loss Concentrated Serum"},"content":{"rendered":"<h2><span data-mce-fragment=\"1\">Bionnex Anti-Hair Loss Concentrated Serum.<\/span><\/h2>\n<h3><span><strong>Description:<\/strong><\/span><\/h3>\n<p><span>Our hair is constantly subjected to external influences and can also be affected by hormonal changes. For this reason, for hair loss, the organic serum obtained from the flora of Anatolia and concentrated especially in our laboratory is formulated for people with hair loss problems or who want healthier hair. Thanks to its organic content, VITIS COMPLEX CX25 developed by BIONNEX helps prevent hair loss. It helps the appearance of new hair, is organic based. With the components obtained from Daucus Carota Sativa, it balances the scalp and helps improve it. The essences of Myrtus Communis revive the hair follicles. Following the tests of Farcoderm Laboratories, there are no adverse effects. Due to the vitamin A content, pregnant and breastfeeding women are advised to use BIONNEX ORGANICA concentrated serum under medical supervision.\u00a0<\/span><\/p>\n<h3><span><strong>Clinical tests<\/strong>:\u00a0<\/span><\/h3>\n<p><span>The health of our users is of critical importance. For this reason, as a result of our quality policy, the products are subjected to clinical tests. In tests on volunteers, Laboratoire Farcoderm noted and approved the cessation of falls on the 90% of the participants after regular use of the BIONNEX ORGANICA series, at the end of the 3-month period. BIONNEX products are not tested on animals.<\/span><\/p>\n<h3><span><strong>Directions for use:<\/strong><\/span><\/h3>\n<p><span>During temporary periods of hair loss Shock treatment: Use regularly every day with BIONNEX ORGANICA shampoo. Long-lasting treatment: Use at least 3 times a week with BIONNEX ORGANICA shampoo. Stop treatment: For a period of 3 months, use BIONNEX ORGANICA shampoo every day and BIONNEX ORGANICA serum every other day. At the end of the 3 months for strengthening: BIONNEX ORGANICA shampoo with BIONNEX ORGANICA concentrated serum at least 2 times a week. During the preventive care phase, it is recommended to apply BIONNEX ORGANICA shampoo 3 times a week. After application, it is recommended not to rinse the hair for 8 hours.<\/span><\/p>","protected":false},"excerpt":{"rendered":"<p>Bionnex S\u00e9rum Concentre Anti-Chute De Cheveux. Discription: Nos cheveux sont soumis en permanence effets ext\u00e9rieures et peuvent aussi \u00eatre affect\u00e9s par les changements hormonaux. Pour cette raison, \u00a0pour les chutes de cheveux le s\u00e9rum organique obtenu de la flore de l\u2019Anatolie et concentr\u00e9 sp\u00e9cialement dans notre laboratoire est formul\u00e9 pour les personnes ayant des probl\u00e8mes [&hellip;]<\/p>\n","protected":false},"featured_media":15984,"template":"","meta":{"om_disable_all_campaigns":false},"product_brand":[],"product_cat":[15],"product_tag":[],"class_list":{"0":"post-15986","1":"product","2":"type-product","3":"status-publish","4":"has-post-thumbnail","6":"product_cat-beaute-sante-complements-alimentaires-soins-et-bien-etre-au-meilleur-prix","8":"first","9":"instock","10":"sale","11":"taxable","12":"shipping-taxable","13":"purchasable","14":"product-type-simple"},"yoast_head":"<!-- This site is optimized with the Yoast SEO plugin v27.5 - https:\/\/yoast.com\/product\/yoast-seo-wordpress\/ -->\n<title>Bionnex S\u00e9rum Concentre Anti-Chute De Cheveux - Maroc Prix<\/title>\n<meta name=\"description\" content=\"Bionnex S\u00e9rum Concentre Anti-Chute De Cheveux\" \/>\n<meta name=\"robots\" content=\"index, follow, max-snippet:-1, max-image-preview:large, max-video-preview:-1\" \/>\n<link rel=\"canonical\" href=\"https:\/\/vitablanca.ma\/en\/product\/bionnex-serum-concentre-anti-chute-de-cheveux\/\" \/>\n<meta property=\"og:locale\" content=\"en_US\" \/>\n<meta property=\"og:type\" content=\"article\" \/>\n<meta property=\"og:title\" content=\"Bionnex S\u00e9rum Concentre Anti-Chute De Cheveux - Maroc Prix\" \/>\n<meta property=\"og:description\" content=\"Bionnex S\u00e9rum Concentre Anti-Chute De Cheveux\" \/>\n<meta property=\"og:url\" content=\"https:\/\/vitablanca.ma\/en\/product\/bionnex-serum-concentre-anti-chute-de-cheveux\/\" \/>\n<meta property=\"og:site_name\" content=\"Vitablanca.ma &ndash; Sant&eacute;, vitalit&eacute; et bien-&ecirc;tre pour tous les Marocains\" \/>\n<meta property=\"article:publisher\" content=\"https:\/\/www.facebook.com\/profile.php?id=61576678196717\" \/>\n<meta property=\"og:image\" content=\"https:\/\/vitablanca.ma\/wp-content\/uploads\/2025\/06\/Bionnex-Serum-Concentre-Anti-Chute-De-Cheveux-nova-parapharmacie-casablanca.jpg\" \/>\n\t<meta property=\"og:image:width\" content=\"1000\" \/>\n\t<meta property=\"og:image:height\" content=\"1000\" \/>\n\t<meta property=\"og:image:type\" content=\"image\/jpeg\" \/>\n<meta name=\"twitter:card\" content=\"summary_large_image\" \/>\n<meta name=\"twitter:label1\" content=\"Est. reading time\" \/>\n\t<meta name=\"twitter:data1\" content=\"2 minutes\" \/>\n<script type=\"application\/ld+json\" class=\"yoast-schema-graph\">{\"@context\":\"https:\\\/\\\/schema.org\",\"@graph\":[{\"@type\":[\"WebPage\",\"ItemPage\"],\"@id\":\"https:\\\/\\\/vitablanca.ma\\\/produit\\\/bionnex-serum-concentre-anti-chute-de-cheveux\\\/\",\"url\":\"https:\\\/\\\/vitablanca.ma\\\/produit\\\/bionnex-serum-concentre-anti-chute-de-cheveux\\\/\",\"name\":\"Bionnex S\u00e9rum Concentre Anti-Chute De Cheveux - Maroc Prix\",\"isPartOf\":{\"@id\":\"https:\\\/\\\/vitablanca.ma\\\/#website\"},\"primaryImageOfPage\":{\"@id\":\"https:\\\/\\\/vitablanca.ma\\\/produit\\\/bionnex-serum-concentre-anti-chute-de-cheveux\\\/#primaryimage\"},\"image\":{\"@id\":\"https:\\\/\\\/vitablanca.ma\\\/produit\\\/bionnex-serum-concentre-anti-chute-de-cheveux\\\/#primaryimage\"},\"thumbnailUrl\":\"https:\\\/\\\/vitablanca.ma\\\/wp-content\\\/uploads\\\/2025\\\/06\\\/Bionnex-Serum-Concentre-Anti-Chute-De-Cheveux-nova-parapharmacie-casablanca.jpg\",\"datePublished\":\"2025-06-10T16:35:36+00:00\",\"description\":\"Bionnex S\u00e9rum Concentre Anti-Chute De Cheveux\",\"breadcrumb\":{\"@id\":\"https:\\\/\\\/vitablanca.ma\\\/produit\\\/bionnex-serum-concentre-anti-chute-de-cheveux\\\/#breadcrumb\"},\"inLanguage\":\"en-US\",\"potentialAction\":[{\"@type\":\"ReadAction\",\"target\":[\"https:\\\/\\\/vitablanca.ma\\\/produit\\\/bionnex-serum-concentre-anti-chute-de-cheveux\\\/\"]}]},{\"@type\":\"ImageObject\",\"inLanguage\":\"en-US\",\"@id\":\"https:\\\/\\\/vitablanca.ma\\\/produit\\\/bionnex-serum-concentre-anti-chute-de-cheveux\\\/#primaryimage\",\"url\":\"https:\\\/\\\/vitablanca.ma\\\/wp-content\\\/uploads\\\/2025\\\/06\\\/Bionnex-Serum-Concentre-Anti-Chute-De-Cheveux-nova-parapharmacie-casablanca.jpg\",\"contentUrl\":\"https:\\\/\\\/vitablanca.ma\\\/wp-content\\\/uploads\\\/2025\\\/06\\\/Bionnex-Serum-Concentre-Anti-Chute-De-Cheveux-nova-parapharmacie-casablanca.jpg\",\"width\":1000,\"height\":1000},{\"@type\":\"BreadcrumbList\",\"@id\":\"https:\\\/\\\/vitablanca.ma\\\/produit\\\/bionnex-serum-concentre-anti-chute-de-cheveux\\\/#breadcrumb\",\"itemListElement\":[{\"@type\":\"ListItem\",\"position\":1,\"name\":\"Home\",\"item\":\"https:\\\/\\\/vitablanca.ma\\\/\"},{\"@type\":\"ListItem\",\"position\":2,\"name\":\"Tous Les Produits\",\"item\":\"https:\\\/\\\/vitablanca.ma\\\/tous-les-produits\\\/\"},{\"@type\":\"ListItem\",\"position\":3,\"name\":\"Bionnex S\u00e9rum Concentre Anti-Chute De Cheveux\"}]},{\"@type\":\"WebSite\",\"@id\":\"https:\\\/\\\/vitablanca.ma\\\/#website\",\"url\":\"https:\\\/\\\/vitablanca.ma\\\/\",\"name\":\"VitaBlanca.ma | Compl\u00e9ments alimentaires, sant\u00e9 & beaut\u00e9 au Maroc\",\"description\":\"vendre vitamines et compl\u00e9ments premium des USA &amp; Canada, Nouvelle Z\u00e9lande,Maroc (NOW Foods, Solgar, Manuka). Livraison rapide partout au Maroc.\",\"publisher\":{\"@id\":\"https:\\\/\\\/vitablanca.ma\\\/#organization\"},\"alternateName\":\"VitaBlanca.ma\",\"potentialAction\":[{\"@type\":\"SearchAction\",\"target\":{\"@type\":\"EntryPoint\",\"urlTemplate\":\"https:\\\/\\\/vitablanca.ma\\\/?s={search_term_string}\"},\"query-input\":{\"@type\":\"PropertyValueSpecification\",\"valueRequired\":true,\"valueName\":\"search_term_string\"}}],\"inLanguage\":\"en-US\"},{\"@type\":\"Organization\",\"@id\":\"https:\\\/\\\/vitablanca.ma\\\/#organization\",\"name\":\"VitaBlanca\",\"url\":\"https:\\\/\\\/vitablanca.ma\\\/\",\"logo\":{\"@type\":\"ImageObject\",\"inLanguage\":\"en-US\",\"@id\":\"https:\\\/\\\/vitablanca.ma\\\/#\\\/schema\\\/logo\\\/image\\\/\",\"url\":\"https:\\\/\\\/vitablanca.ma\\\/wp-content\\\/uploads\\\/2025\\\/05\\\/cropped-vitablanca.png\",\"contentUrl\":\"https:\\\/\\\/vitablanca.ma\\\/wp-content\\\/uploads\\\/2025\\\/05\\\/cropped-vitablanca.png\",\"width\":360,\"height\":67,\"caption\":\"VitaBlanca\"},\"image\":{\"@id\":\"https:\\\/\\\/vitablanca.ma\\\/#\\\/schema\\\/logo\\\/image\\\/\"},\"sameAs\":[\"https:\\\/\\\/www.facebook.com\\\/profile.php?id=61576678196717\",\"https:\\\/\\\/www.tiktok.com\\\/@vitablanca.ma\",\"https:\\\/\\\/www.instagram.com\\\/vitablanca.ma\\\/\"]}]}<\/script>\n<!-- \/ Yoast SEO plugin. -->","yoast_head_json":{"title":"Bionnex Anti-Hair Loss Concentrated Serum - Morocco Price","description":"Bionnex Anti-Hair Loss Concentrated Serum","robots":{"index":"index","follow":"follow","max-snippet":"max-snippet:-1","max-image-preview":"max-image-preview:large","max-video-preview":"max-video-preview:-1"},"canonical":"https:\/\/vitablanca.ma\/en\/product\/bionnex-serum-concentre-anti-chute-de-cheveux\/","og_locale":"en_US","og_type":"article","og_title":"Bionnex S\u00e9rum Concentre Anti-Chute De Cheveux - Maroc Prix","og_description":"Bionnex S\u00e9rum Concentre Anti-Chute De Cheveux","og_url":"https:\/\/vitablanca.ma\/en\/product\/bionnex-serum-concentre-anti-chute-de-cheveux\/","og_site_name":"Vitablanca.ma &ndash; Sant&eacute;, vitalit&eacute; et bien-&ecirc;tre pour tous les Marocains","article_publisher":"https:\/\/www.facebook.com\/profile.php?id=61576678196717","og_image":[{"width":1000,"height":1000,"url":"https:\/\/vitablanca.ma\/wp-content\/uploads\/2025\/06\/Bionnex-Serum-Concentre-Anti-Chute-De-Cheveux-nova-parapharmacie-casablanca.jpg","type":"image\/jpeg"}],"twitter_card":"summary_large_image","twitter_misc":{"Est. reading time":"2 minutes"},"schema":{"@context":"https:\/\/schema.org","@graph":[{"@type":["WebPage","ItemPage"],"@id":"https:\/\/vitablanca.ma\/produit\/bionnex-serum-concentre-anti-chute-de-cheveux\/","url":"https:\/\/vitablanca.ma\/produit\/bionnex-serum-concentre-anti-chute-de-cheveux\/","name":"Bionnex Anti-Hair Loss Concentrated Serum - Morocco Price","isPartOf":{"@id":"https:\/\/vitablanca.ma\/#website"},"primaryImageOfPage":{"@id":"https:\/\/vitablanca.ma\/produit\/bionnex-serum-concentre-anti-chute-de-cheveux\/#primaryimage"},"image":{"@id":"https:\/\/vitablanca.ma\/produit\/bionnex-serum-concentre-anti-chute-de-cheveux\/#primaryimage"},"thumbnailUrl":"https:\/\/vitablanca.ma\/wp-content\/uploads\/2025\/06\/Bionnex-Serum-Concentre-Anti-Chute-De-Cheveux-nova-parapharmacie-casablanca.jpg","datePublished":"2025-06-10T16:35:36+00:00","description":"Bionnex Anti-Hair Loss Concentrated Serum","breadcrumb":{"@id":"https:\/\/vitablanca.ma\/produit\/bionnex-serum-concentre-anti-chute-de-cheveux\/#breadcrumb"},"inLanguage":"en-US","potentialAction":[{"@type":"ReadAction","target":["https:\/\/vitablanca.ma\/produit\/bionnex-serum-concentre-anti-chute-de-cheveux\/"]}]},{"@type":"ImageObject","inLanguage":"en-US","@id":"https:\/\/vitablanca.ma\/produit\/bionnex-serum-concentre-anti-chute-de-cheveux\/#primaryimage","url":"https:\/\/vitablanca.ma\/wp-content\/uploads\/2025\/06\/Bionnex-Serum-Concentre-Anti-Chute-De-Cheveux-nova-parapharmacie-casablanca.jpg","contentUrl":"https:\/\/vitablanca.ma\/wp-content\/uploads\/2025\/06\/Bionnex-Serum-Concentre-Anti-Chute-De-Cheveux-nova-parapharmacie-casablanca.jpg","width":1000,"height":1000},{"@type":"BreadcrumbList","@id":"https:\/\/vitablanca.ma\/produit\/bionnex-serum-concentre-anti-chute-de-cheveux\/#breadcrumb","itemListElement":[{"@type":"ListItem","position":1,"name":"Home","item":"https:\/\/vitablanca.ma\/"},{"@type":"ListItem","position":2,"name":"Tous Les Produits","item":"https:\/\/vitablanca.ma\/tous-les-produits\/"},{"@type":"ListItem","position":3,"name":"Bionnex S\u00e9rum Concentre Anti-Chute De Cheveux"}]},{"@type":"WebSite","@id":"https:\/\/vitablanca.ma\/#website","url":"https:\/\/vitablanca.ma\/","name":"VitaBlanca.ma | Food supplements, health &amp; beauty in Morocco","description":"sell premium vitamins and supplements from USA &amp; Canada, New Zealand, Morocco (NOW Foods, Solgar, Manuka). Fast delivery anywhere in Morocco.","publisher":{"@id":"https:\/\/vitablanca.ma\/#organization"},"alternateName":"VitaBlanca.ma","potentialAction":[{"@type":"SearchAction","target":{"@type":"EntryPoint","urlTemplate":"https:\/\/vitablanca.ma\/?s={search_term_string}"},"query-input":{"@type":"PropertyValueSpecification","valueRequired":true,"valueName":"search_term_string"}}],"inLanguage":"en-US"},{"@type":"Organization","@id":"https:\/\/vitablanca.ma\/#organization","name":"VitaBlanca","url":"https:\/\/vitablanca.ma\/","logo":{"@type":"ImageObject","inLanguage":"en-US","@id":"https:\/\/vitablanca.ma\/#\/schema\/logo\/image\/","url":"https:\/\/vitablanca.ma\/wp-content\/uploads\/2025\/05\/cropped-vitablanca.png","contentUrl":"https:\/\/vitablanca.ma\/wp-content\/uploads\/2025\/05\/cropped-vitablanca.png","width":360,"height":67,"caption":"VitaBlanca"},"image":{"@id":"https:\/\/vitablanca.ma\/#\/schema\/logo\/image\/"},"sameAs":["https:\/\/www.facebook.com\/profile.php?id=61576678196717","https:\/\/www.tiktok.com\/@vitablanca.ma","https:\/\/www.instagram.com\/vitablanca.ma\/"]}]}},"jetpack_sharing_enabled":true,"_links":{"self":[{"href":"https:\/\/vitablanca.ma\/en\/wp-json\/wp\/v2\/product\/15986","targetHints":{"allow":["GET"]}}],"collection":[{"href":"https:\/\/vitablanca.ma\/en\/wp-json\/wp\/v2\/product"}],"about":[{"href":"https:\/\/vitablanca.ma\/en\/wp-json\/wp\/v2\/types\/product"}],"wp:featuredmedia":[{"embeddable":true,"href":"https:\/\/vitablanca.ma\/en\/wp-json\/wp\/v2\/media\/15984"}],"wp:attachment":[{"href":"https:\/\/vitablanca.ma\/en\/wp-json\/wp\/v2\/media?parent=15986"}],"wp:term":[{"taxonomy":"product_brand","embeddable":true,"href":"https:\/\/vitablanca.ma\/en\/wp-json\/wp\/v2\/product_brand?post=15986"},{"taxonomy":"product_cat","embeddable":true,"href":"https:\/\/vitablanca.ma\/en\/wp-json\/wp\/v2\/product_cat?post=15986"},{"taxonomy":"product_tag","embeddable":true,"href":"https:\/\/vitablanca.ma\/en\/wp-json\/wp\/v2\/product_tag?post=15986"}],"curies":[{"name":"wp","href":"https:\/\/api.w.org\/{rel}","templated":true}]}}