{"id":15973,"date":"2025-06-10T16:35:28","date_gmt":"2025-06-10T16:35:28","guid":{"rendered":"https:\/\/vitablanca.ma\/product\/bionnex-whitexpert-creme-eclaircissante-zone-sensible-50ml\/"},"modified":"2025-06-10T16:35:28","modified_gmt":"2025-06-10T16:35:28","slug":"bionnex-whitexpert-creme-eclaircissante-zone-sensible-50ml","status":"publish","type":"product","link":"https:\/\/vitablanca.ma\/en\/product\/bionnex-whitexpert-creme-eclaircissante-zone-sensible-50ml\/","title":{"rendered":"Bionnex Whitexpert Whitening Cream for Sensitive Areas 50ml"},"content":{"rendered":"<h2><span data-mce-fragment=\"1\">Bionnex Whitexpert Sensitive Area Lightening Cream For sensitive areas.\u00a0<\/span><\/h2>\n<p>\u00a050ml.<\/p>\n<p>Whitexpert Skin Brightening Complex for Sensitive Areas is loaded with natural extracts that balance skin tone.<br \/>Arbutin is one of the substances in the cream that inhibits melanin production.<br \/>Whitexpert Skin Lightening Complex for Sensitive Areas contains other ingredients that work synergistically to brighten the skin such as vitamin C and Lumiskin.<br \/>Vitamin C lightens skin tone and Lumiskin prevents hyperpigmentation by controlling melanin production.<\/p>\n<h3>How to use:<br \/>\n<\/h3>\n<p>Wash as usual.<br \/>Let the skin dry.<br \/>Apply a small amount directly to the desired area, massaging gently in a circular motion until completely absorbed by the skin.<br \/>Use twice a day (morning and evening).<br \/>Allow to dry completely before applying other products.<br \/>We suggest applying Bionnex Preventiva sunscreen at least 10 minutes after applying Bionnex Whitexpert, and avoiding overexposure to the sun.<br \/>Precautions and notes<\/p>\n<p>External use only.<br \/>Do not apply to open or bleeding wounds.<br \/>Avoid contact with eyes.<br \/>In case of contact with eyes, rinse thoroughly and contact your doctor.<br \/>Store at room temperature.<br \/>Keep out of reach of children.<br \/>Active ingredients may cause changes in the color of the cream.<\/p>","protected":false},"excerpt":{"rendered":"<p>Bionnex Whitexpert Cr\u00e8me Eclaircissante Zone Sensible Pour Les Zones Sensibles.\u00a0 \u00a050ml. Whitexpert Complexe Peau \u00e9claircissante pour zones sensibles est charg\u00e9 avec des extraits naturels qui \u00e9quilibrent le teint de la peau.Arbutin est l\u2019une des substances figurant dans la cr\u00e8me qui freine la production de m\u00e9lanine.Whitexpert Complexe \u00e9claircissante de peau de zones sensibles contient d\u2019autres ingr\u00e9dients [&hellip;]<\/p>\n","protected":false},"featured_media":15971,"template":"","meta":{"om_disable_all_campaigns":false},"product_brand":[],"product_cat":[15],"product_tag":[],"class_list":{"0":"post-15973","1":"product","2":"type-product","3":"status-publish","4":"has-post-thumbnail","6":"product_cat-beaute-sante-complements-alimentaires-soins-et-bien-etre-au-meilleur-prix","8":"first","9":"instock","10":"sale","11":"taxable","12":"shipping-taxable","13":"purchasable","14":"product-type-simple"},"yoast_head":"<!-- This site is optimized with the Yoast SEO plugin v27.4 - https:\/\/yoast.com\/product\/yoast-seo-wordpress\/ -->\n<title>Bionnex Whitexpert Cr\u00e8me Eclaircissante Zone Sensible 50ml - Maroc Prix<\/title>\n<meta name=\"description\" content=\"Bionnex Whitexpert Cr\u00e8me Eclaircissante Zone Sensible 50ml\" \/>\n<meta name=\"robots\" content=\"index, follow, max-snippet:-1, max-image-preview:large, max-video-preview:-1\" \/>\n<link rel=\"canonical\" href=\"https:\/\/vitablanca.ma\/en\/product\/bionnex-whitexpert-creme-eclaircissante-zone-sensible-50ml\/\" \/>\n<meta property=\"og:locale\" content=\"en_US\" \/>\n<meta property=\"og:type\" content=\"article\" \/>\n<meta property=\"og:title\" content=\"Bionnex Whitexpert Cr\u00e8me Eclaircissante Zone Sensible 50ml - Maroc Prix\" \/>\n<meta property=\"og:description\" content=\"Bionnex Whitexpert Cr\u00e8me Eclaircissante Zone Sensible 50ml\" \/>\n<meta property=\"og:url\" content=\"https:\/\/vitablanca.ma\/en\/product\/bionnex-whitexpert-creme-eclaircissante-zone-sensible-50ml\/\" \/>\n<meta property=\"og:site_name\" content=\"Vitablanca.ma &ndash; Sant&eacute;, vitalit&eacute; et bien-&ecirc;tre pour tous les Marocains\" \/>\n<meta property=\"article:publisher\" content=\"https:\/\/www.facebook.com\/profile.php?id=61576678196717\" \/>\n<meta property=\"og:image\" content=\"https:\/\/vitablanca.ma\/wp-content\/uploads\/2025\/06\/Bionnex-Whitexpert-Creme-Eclaircissante-Zone-Sensible-50-ml-nova-parapharmacie-casablanca.jpg\" \/>\n\t<meta property=\"og:image:width\" content=\"1000\" \/>\n\t<meta property=\"og:image:height\" content=\"1000\" \/>\n\t<meta property=\"og:image:type\" content=\"image\/jpeg\" \/>\n<meta name=\"twitter:card\" content=\"summary_large_image\" \/>\n<meta name=\"twitter:label1\" content=\"Est. reading time\" \/>\n\t<meta name=\"twitter:data1\" content=\"1 minute\" \/>\n<script type=\"application\/ld+json\" class=\"yoast-schema-graph\">{\"@context\":\"https:\\\/\\\/schema.org\",\"@graph\":[{\"@type\":[\"WebPage\",\"ItemPage\"],\"@id\":\"https:\\\/\\\/vitablanca.ma\\\/produit\\\/bionnex-whitexpert-creme-eclaircissante-zone-sensible-50ml\\\/\",\"url\":\"https:\\\/\\\/vitablanca.ma\\\/produit\\\/bionnex-whitexpert-creme-eclaircissante-zone-sensible-50ml\\\/\",\"name\":\"Bionnex Whitexpert Cr\u00e8me Eclaircissante Zone Sensible 50ml - Maroc Prix\",\"isPartOf\":{\"@id\":\"https:\\\/\\\/vitablanca.ma\\\/#website\"},\"primaryImageOfPage\":{\"@id\":\"https:\\\/\\\/vitablanca.ma\\\/produit\\\/bionnex-whitexpert-creme-eclaircissante-zone-sensible-50ml\\\/#primaryimage\"},\"image\":{\"@id\":\"https:\\\/\\\/vitablanca.ma\\\/produit\\\/bionnex-whitexpert-creme-eclaircissante-zone-sensible-50ml\\\/#primaryimage\"},\"thumbnailUrl\":\"https:\\\/\\\/vitablanca.ma\\\/wp-content\\\/uploads\\\/2025\\\/06\\\/Bionnex-Whitexpert-Creme-Eclaircissante-Zone-Sensible-50-ml-nova-parapharmacie-casablanca.jpg\",\"datePublished\":\"2025-06-10T16:35:28+00:00\",\"description\":\"Bionnex Whitexpert Cr\u00e8me Eclaircissante Zone Sensible 50ml\",\"breadcrumb\":{\"@id\":\"https:\\\/\\\/vitablanca.ma\\\/produit\\\/bionnex-whitexpert-creme-eclaircissante-zone-sensible-50ml\\\/#breadcrumb\"},\"inLanguage\":\"en-US\",\"potentialAction\":[{\"@type\":\"ReadAction\",\"target\":[\"https:\\\/\\\/vitablanca.ma\\\/produit\\\/bionnex-whitexpert-creme-eclaircissante-zone-sensible-50ml\\\/\"]}]},{\"@type\":\"ImageObject\",\"inLanguage\":\"en-US\",\"@id\":\"https:\\\/\\\/vitablanca.ma\\\/produit\\\/bionnex-whitexpert-creme-eclaircissante-zone-sensible-50ml\\\/#primaryimage\",\"url\":\"https:\\\/\\\/vitablanca.ma\\\/wp-content\\\/uploads\\\/2025\\\/06\\\/Bionnex-Whitexpert-Creme-Eclaircissante-Zone-Sensible-50-ml-nova-parapharmacie-casablanca.jpg\",\"contentUrl\":\"https:\\\/\\\/vitablanca.ma\\\/wp-content\\\/uploads\\\/2025\\\/06\\\/Bionnex-Whitexpert-Creme-Eclaircissante-Zone-Sensible-50-ml-nova-parapharmacie-casablanca.jpg\",\"width\":1000,\"height\":1000},{\"@type\":\"BreadcrumbList\",\"@id\":\"https:\\\/\\\/vitablanca.ma\\\/produit\\\/bionnex-whitexpert-creme-eclaircissante-zone-sensible-50ml\\\/#breadcrumb\",\"itemListElement\":[{\"@type\":\"ListItem\",\"position\":1,\"name\":\"Home\",\"item\":\"https:\\\/\\\/vitablanca.ma\\\/\"},{\"@type\":\"ListItem\",\"position\":2,\"name\":\"Tous Les Produits\",\"item\":\"https:\\\/\\\/vitablanca.ma\\\/tous-les-produits\\\/\"},{\"@type\":\"ListItem\",\"position\":3,\"name\":\"Bionnex Whitexpert Cr\u00e8me Eclaircissante Zone Sensible 50ml\"}]},{\"@type\":\"WebSite\",\"@id\":\"https:\\\/\\\/vitablanca.ma\\\/#website\",\"url\":\"https:\\\/\\\/vitablanca.ma\\\/\",\"name\":\"VitaBlanca.ma | Compl\u00e9ments alimentaires, sant\u00e9 & beaut\u00e9 au Maroc\",\"description\":\"vendre vitamines et compl\u00e9ments premium des USA &amp; Canada, Nouvelle Z\u00e9lande,Maroc (NOW Foods, Solgar, Manuka). Livraison rapide partout au Maroc.\",\"publisher\":{\"@id\":\"https:\\\/\\\/vitablanca.ma\\\/#organization\"},\"alternateName\":\"VitaBlanca.ma\",\"potentialAction\":[{\"@type\":\"SearchAction\",\"target\":{\"@type\":\"EntryPoint\",\"urlTemplate\":\"https:\\\/\\\/vitablanca.ma\\\/?s={search_term_string}\"},\"query-input\":{\"@type\":\"PropertyValueSpecification\",\"valueRequired\":true,\"valueName\":\"search_term_string\"}}],\"inLanguage\":\"en-US\"},{\"@type\":\"Organization\",\"@id\":\"https:\\\/\\\/vitablanca.ma\\\/#organization\",\"name\":\"VitaBlanca\",\"url\":\"https:\\\/\\\/vitablanca.ma\\\/\",\"logo\":{\"@type\":\"ImageObject\",\"inLanguage\":\"en-US\",\"@id\":\"https:\\\/\\\/vitablanca.ma\\\/#\\\/schema\\\/logo\\\/image\\\/\",\"url\":\"https:\\\/\\\/vitablanca.ma\\\/wp-content\\\/uploads\\\/2025\\\/05\\\/cropped-vitablanca.png\",\"contentUrl\":\"https:\\\/\\\/vitablanca.ma\\\/wp-content\\\/uploads\\\/2025\\\/05\\\/cropped-vitablanca.png\",\"width\":360,\"height\":67,\"caption\":\"VitaBlanca\"},\"image\":{\"@id\":\"https:\\\/\\\/vitablanca.ma\\\/#\\\/schema\\\/logo\\\/image\\\/\"},\"sameAs\":[\"https:\\\/\\\/www.facebook.com\\\/profile.php?id=61576678196717\",\"https:\\\/\\\/www.tiktok.com\\\/@vitablanca.ma\",\"https:\\\/\\\/www.instagram.com\\\/vitablanca.ma\\\/\"]}]}<\/script>\n<!-- \/ Yoast SEO plugin. -->","yoast_head_json":{"title":"Bionnex Whitexpert Whitening Cream for Sensitive Areas 50ml - Morocco Price","description":"Bionnex Whitexpert Whitening Cream for Sensitive Areas 50ml","robots":{"index":"index","follow":"follow","max-snippet":"max-snippet:-1","max-image-preview":"max-image-preview:large","max-video-preview":"max-video-preview:-1"},"canonical":"https:\/\/vitablanca.ma\/en\/product\/bionnex-whitexpert-creme-eclaircissante-zone-sensible-50ml\/","og_locale":"en_US","og_type":"article","og_title":"Bionnex Whitexpert Cr\u00e8me Eclaircissante Zone Sensible 50ml - Maroc Prix","og_description":"Bionnex Whitexpert Cr\u00e8me Eclaircissante Zone Sensible 50ml","og_url":"https:\/\/vitablanca.ma\/en\/product\/bionnex-whitexpert-creme-eclaircissante-zone-sensible-50ml\/","og_site_name":"Vitablanca.ma &ndash; Sant&eacute;, vitalit&eacute; et bien-&ecirc;tre pour tous les Marocains","article_publisher":"https:\/\/www.facebook.com\/profile.php?id=61576678196717","og_image":[{"width":1000,"height":1000,"url":"https:\/\/vitablanca.ma\/wp-content\/uploads\/2025\/06\/Bionnex-Whitexpert-Creme-Eclaircissante-Zone-Sensible-50-ml-nova-parapharmacie-casablanca.jpg","type":"image\/jpeg"}],"twitter_card":"summary_large_image","twitter_misc":{"Est. reading time":"1 minute"},"schema":{"@context":"https:\/\/schema.org","@graph":[{"@type":["WebPage","ItemPage"],"@id":"https:\/\/vitablanca.ma\/produit\/bionnex-whitexpert-creme-eclaircissante-zone-sensible-50ml\/","url":"https:\/\/vitablanca.ma\/produit\/bionnex-whitexpert-creme-eclaircissante-zone-sensible-50ml\/","name":"Bionnex Whitexpert Whitening Cream for Sensitive Areas 50ml - Morocco Price","isPartOf":{"@id":"https:\/\/vitablanca.ma\/#website"},"primaryImageOfPage":{"@id":"https:\/\/vitablanca.ma\/produit\/bionnex-whitexpert-creme-eclaircissante-zone-sensible-50ml\/#primaryimage"},"image":{"@id":"https:\/\/vitablanca.ma\/produit\/bionnex-whitexpert-creme-eclaircissante-zone-sensible-50ml\/#primaryimage"},"thumbnailUrl":"https:\/\/vitablanca.ma\/wp-content\/uploads\/2025\/06\/Bionnex-Whitexpert-Creme-Eclaircissante-Zone-Sensible-50-ml-nova-parapharmacie-casablanca.jpg","datePublished":"2025-06-10T16:35:28+00:00","description":"Bionnex Whitexpert Whitening Cream for Sensitive Areas 50ml","breadcrumb":{"@id":"https:\/\/vitablanca.ma\/produit\/bionnex-whitexpert-creme-eclaircissante-zone-sensible-50ml\/#breadcrumb"},"inLanguage":"en-US","potentialAction":[{"@type":"ReadAction","target":["https:\/\/vitablanca.ma\/produit\/bionnex-whitexpert-creme-eclaircissante-zone-sensible-50ml\/"]}]},{"@type":"ImageObject","inLanguage":"en-US","@id":"https:\/\/vitablanca.ma\/produit\/bionnex-whitexpert-creme-eclaircissante-zone-sensible-50ml\/#primaryimage","url":"https:\/\/vitablanca.ma\/wp-content\/uploads\/2025\/06\/Bionnex-Whitexpert-Creme-Eclaircissante-Zone-Sensible-50-ml-nova-parapharmacie-casablanca.jpg","contentUrl":"https:\/\/vitablanca.ma\/wp-content\/uploads\/2025\/06\/Bionnex-Whitexpert-Creme-Eclaircissante-Zone-Sensible-50-ml-nova-parapharmacie-casablanca.jpg","width":1000,"height":1000},{"@type":"BreadcrumbList","@id":"https:\/\/vitablanca.ma\/produit\/bionnex-whitexpert-creme-eclaircissante-zone-sensible-50ml\/#breadcrumb","itemListElement":[{"@type":"ListItem","position":1,"name":"Home","item":"https:\/\/vitablanca.ma\/"},{"@type":"ListItem","position":2,"name":"Tous Les Produits","item":"https:\/\/vitablanca.ma\/tous-les-produits\/"},{"@type":"ListItem","position":3,"name":"Bionnex Whitexpert Cr\u00e8me Eclaircissante Zone Sensible 50ml"}]},{"@type":"WebSite","@id":"https:\/\/vitablanca.ma\/#website","url":"https:\/\/vitablanca.ma\/","name":"VitaBlanca.ma | Food supplements, health &amp; beauty in Morocco","description":"sell premium vitamins and supplements from USA &amp; Canada, New Zealand, Morocco (NOW Foods, Solgar, Manuka). Fast delivery anywhere in Morocco.","publisher":{"@id":"https:\/\/vitablanca.ma\/#organization"},"alternateName":"VitaBlanca.ma","potentialAction":[{"@type":"SearchAction","target":{"@type":"EntryPoint","urlTemplate":"https:\/\/vitablanca.ma\/?s={search_term_string}"},"query-input":{"@type":"PropertyValueSpecification","valueRequired":true,"valueName":"search_term_string"}}],"inLanguage":"en-US"},{"@type":"Organization","@id":"https:\/\/vitablanca.ma\/#organization","name":"VitaBlanca","url":"https:\/\/vitablanca.ma\/","logo":{"@type":"ImageObject","inLanguage":"en-US","@id":"https:\/\/vitablanca.ma\/#\/schema\/logo\/image\/","url":"https:\/\/vitablanca.ma\/wp-content\/uploads\/2025\/05\/cropped-vitablanca.png","contentUrl":"https:\/\/vitablanca.ma\/wp-content\/uploads\/2025\/05\/cropped-vitablanca.png","width":360,"height":67,"caption":"VitaBlanca"},"image":{"@id":"https:\/\/vitablanca.ma\/#\/schema\/logo\/image\/"},"sameAs":["https:\/\/www.facebook.com\/profile.php?id=61576678196717","https:\/\/www.tiktok.com\/@vitablanca.ma","https:\/\/www.instagram.com\/vitablanca.ma\/"]}]}},"jetpack_sharing_enabled":true,"_links":{"self":[{"href":"https:\/\/vitablanca.ma\/en\/wp-json\/wp\/v2\/product\/15973","targetHints":{"allow":["GET"]}}],"collection":[{"href":"https:\/\/vitablanca.ma\/en\/wp-json\/wp\/v2\/product"}],"about":[{"href":"https:\/\/vitablanca.ma\/en\/wp-json\/wp\/v2\/types\/product"}],"wp:featuredmedia":[{"embeddable":true,"href":"https:\/\/vitablanca.ma\/en\/wp-json\/wp\/v2\/media\/15971"}],"wp:attachment":[{"href":"https:\/\/vitablanca.ma\/en\/wp-json\/wp\/v2\/media?parent=15973"}],"wp:term":[{"taxonomy":"product_brand","embeddable":true,"href":"https:\/\/vitablanca.ma\/en\/wp-json\/wp\/v2\/product_brand?post=15973"},{"taxonomy":"product_cat","embeddable":true,"href":"https:\/\/vitablanca.ma\/en\/wp-json\/wp\/v2\/product_cat?post=15973"},{"taxonomy":"product_tag","embeddable":true,"href":"https:\/\/vitablanca.ma\/en\/wp-json\/wp\/v2\/product_tag?post=15973"}],"curies":[{"name":"wp","href":"https:\/\/api.w.org\/{rel}","templated":true}]}}