{"id":15964,"date":"2025-06-10T16:35:23","date_gmt":"2025-06-10T16:35:23","guid":{"rendered":"https:\/\/vitablanca.ma\/product\/bionnex-organica-apres-shampoing-anti-chute-300ml\/"},"modified":"2026-03-01T14:44:44","modified_gmt":"2026-03-01T14:44:44","slug":"bionnex-organica-apres-shampoing-anti-chute-300ml","status":"publish","type":"product","link":"https:\/\/vitablanca.ma\/en\/product\/bionnex-organica-apres-shampoing-anti-chute-300ml\/","title":{"rendered":"Bionnex Organica Anti-Hair Loss Conditioner 300ml"},"content":{"rendered":"<h2><span data-mce-fragment=\"1\">Bionnex Organica Anti-Hair Loss Conditioner.<\/span><\/h2>\n<p><span data-mce-fragment=\"1\">300ml.<\/span><\/p>\n<h3><span data-mce-fragment=\"1\">DESCRIPTION\u00a0<\/span><\/h3>\n<p><span data-mce-fragment=\"1\"><br \/>Unlike other hair conditioners, BIONNEX ORGANICA CONDITIONER CREAM can be applied to the scalp by combining the power of plants and the expertise of science to make your hair healthy again. BIONNEX Organica Conditioner Cream supports hair loss prevention, promotes hair regrowth, helps achieve softer, stronger hair and a more vibrant scalp, shiny, healthier and easier to comb hair.<br \/>For faster and more effective results, our experts recommend using BIONNEX Organica Anti-Hair Loss Conditioner Cream after shampooing with BIONNEX Organica against hair loss.<\/span><\/p>\n<h3><span data-mce-fragment=\"1\"><br \/>CLINICAL TESTS:<\/span><\/h3>\n<p><span data-mce-fragment=\"1\"><br \/>The health of our users is of critical importance. For this reason, as a result of our quality policy, the products are subjected to clinical tests. In tests on volunteers, Laboratoire Farcoderm noted and approved the cessation of falls on the 90% of the participants after regular use of the BIONNEX ORGANICA series, at the end of the 3-month period. BIONNEX products are not tested on animals.<\/span><\/p>\n<h3><span data-mce-fragment=\"1\">DIRECTIONS FOR USE:<\/span><\/h3>\n<p><span data-mce-fragment=\"1\"><br \/>Apply after shampooing with your fingertips to the roots for 1 minute on damp hair, massaging in. After application, rinse with plenty of water. BIONNEX ORGANICA Conditioner Cream is suitable for daily use. For stronger results, use BIONNEX ORGANICA Conditioner Cream.<\/span><\/p>","protected":false},"excerpt":{"rendered":"<p>Bionnex Organica Apr\u00e9s Shampoing Anti-Chute. 300ml. DESCRIPTION\u00a0 Contrairement aux autres cr\u00e8mes apr\u00e8s shampoing pour cheveux , BIONNEX ORGANICA CR\u00c8ME APR\u00c8S SHAMPOING pouvant \u00eatre appliqu\u00e9e sur le cuir chevelu en r\u00e9unissant la force des plantes et l\u2019expertise de la science permet que vos cheveux redeviennent sains. BIONNEX Organica Cr\u00e8me Apr\u00e8s Shampoing soutient la pr\u00e9vention des chutes [&hellip;]<\/p>\n","protected":false},"featured_media":15962,"template":"","meta":{"om_disable_all_campaigns":false},"product_brand":[],"product_cat":[15],"product_tag":[],"class_list":{"0":"post-15964","1":"product","2":"type-product","3":"status-publish","4":"has-post-thumbnail","6":"product_cat-beaute-sante-complements-alimentaires-soins-et-bien-etre-au-meilleur-prix","8":"first","9":"instock","10":"sale","11":"taxable","12":"shipping-taxable","13":"purchasable","14":"product-type-simple"},"yoast_head":"<!-- This site is optimized with the Yoast SEO plugin v27.3 - https:\/\/yoast.com\/product\/yoast-seo-wordpress\/ -->\n<title>Bionnex Organica Apr\u00e9s Shampoing Anti-Chute 300ml - Maroc Prix<\/title>\n<meta name=\"description\" content=\"Bionnex Organica Apr\u00e9s Shampoing Anti-Chute 300ml\" \/>\n<meta name=\"robots\" content=\"index, follow, max-snippet:-1, max-image-preview:large, max-video-preview:-1\" \/>\n<link rel=\"canonical\" href=\"https:\/\/vitablanca.ma\/en\/product\/bionnex-organica-apres-shampoing-anti-chute-300ml\/\" \/>\n<meta property=\"og:locale\" content=\"en_US\" \/>\n<meta property=\"og:type\" content=\"article\" \/>\n<meta property=\"og:title\" content=\"Bionnex Organica Apr\u00e9s Shampoing Anti-Chute 300ml - Maroc Prix\" \/>\n<meta property=\"og:description\" content=\"Bionnex Organica Apr\u00e9s Shampoing Anti-Chute 300ml\" \/>\n<meta property=\"og:url\" content=\"https:\/\/vitablanca.ma\/en\/product\/bionnex-organica-apres-shampoing-anti-chute-300ml\/\" \/>\n<meta property=\"og:site_name\" content=\"Vitablanca.ma &ndash; Sant&eacute;, vitalit&eacute; et bien-&ecirc;tre pour tous les Marocains\" \/>\n<meta property=\"article:publisher\" content=\"https:\/\/www.facebook.com\/profile.php?id=61576678196717\" \/>\n<meta property=\"article:modified_time\" content=\"2026-03-01T14:44:44+00:00\" \/>\n<meta property=\"og:image\" content=\"https:\/\/vitablanca.ma\/wp-content\/uploads\/2025\/06\/Bionnex-Organica-Apres-Shampoing-Anti-Chute-300ml-nova-parapharmacie-casablanca.jpg\" \/>\n\t<meta property=\"og:image:width\" content=\"1000\" \/>\n\t<meta property=\"og:image:height\" content=\"1000\" \/>\n\t<meta property=\"og:image:type\" content=\"image\/jpeg\" \/>\n<meta name=\"twitter:card\" content=\"summary_large_image\" \/>\n<meta name=\"twitter:label1\" content=\"Est. reading time\" \/>\n\t<meta name=\"twitter:data1\" content=\"1 minute\" \/>\n<script type=\"application\/ld+json\" class=\"yoast-schema-graph\">{\"@context\":\"https:\\\/\\\/schema.org\",\"@graph\":[{\"@type\":[\"WebPage\",\"ItemPage\"],\"@id\":\"https:\\\/\\\/vitablanca.ma\\\/produit\\\/bionnex-organica-apres-shampoing-anti-chute-300ml\\\/\",\"url\":\"https:\\\/\\\/vitablanca.ma\\\/produit\\\/bionnex-organica-apres-shampoing-anti-chute-300ml\\\/\",\"name\":\"Bionnex Organica Apr\u00e9s Shampoing Anti-Chute 300ml - Maroc Prix\",\"isPartOf\":{\"@id\":\"https:\\\/\\\/vitablanca.ma\\\/#website\"},\"primaryImageOfPage\":{\"@id\":\"https:\\\/\\\/vitablanca.ma\\\/produit\\\/bionnex-organica-apres-shampoing-anti-chute-300ml\\\/#primaryimage\"},\"image\":{\"@id\":\"https:\\\/\\\/vitablanca.ma\\\/produit\\\/bionnex-organica-apres-shampoing-anti-chute-300ml\\\/#primaryimage\"},\"thumbnailUrl\":\"https:\\\/\\\/vitablanca.ma\\\/wp-content\\\/uploads\\\/2025\\\/06\\\/Bionnex-Organica-Apres-Shampoing-Anti-Chute-300ml-nova-parapharmacie-casablanca.jpg\",\"datePublished\":\"2025-06-10T16:35:23+00:00\",\"dateModified\":\"2026-03-01T14:44:44+00:00\",\"description\":\"Bionnex Organica Apr\u00e9s Shampoing Anti-Chute 300ml\",\"breadcrumb\":{\"@id\":\"https:\\\/\\\/vitablanca.ma\\\/produit\\\/bionnex-organica-apres-shampoing-anti-chute-300ml\\\/#breadcrumb\"},\"inLanguage\":\"en-US\",\"potentialAction\":[{\"@type\":\"ReadAction\",\"target\":[\"https:\\\/\\\/vitablanca.ma\\\/produit\\\/bionnex-organica-apres-shampoing-anti-chute-300ml\\\/\"]}]},{\"@type\":\"ImageObject\",\"inLanguage\":\"en-US\",\"@id\":\"https:\\\/\\\/vitablanca.ma\\\/produit\\\/bionnex-organica-apres-shampoing-anti-chute-300ml\\\/#primaryimage\",\"url\":\"https:\\\/\\\/vitablanca.ma\\\/wp-content\\\/uploads\\\/2025\\\/06\\\/Bionnex-Organica-Apres-Shampoing-Anti-Chute-300ml-nova-parapharmacie-casablanca.jpg\",\"contentUrl\":\"https:\\\/\\\/vitablanca.ma\\\/wp-content\\\/uploads\\\/2025\\\/06\\\/Bionnex-Organica-Apres-Shampoing-Anti-Chute-300ml-nova-parapharmacie-casablanca.jpg\",\"width\":1000,\"height\":1000},{\"@type\":\"BreadcrumbList\",\"@id\":\"https:\\\/\\\/vitablanca.ma\\\/produit\\\/bionnex-organica-apres-shampoing-anti-chute-300ml\\\/#breadcrumb\",\"itemListElement\":[{\"@type\":\"ListItem\",\"position\":1,\"name\":\"Home\",\"item\":\"https:\\\/\\\/vitablanca.ma\\\/\"},{\"@type\":\"ListItem\",\"position\":2,\"name\":\"Tous Les Produits\",\"item\":\"https:\\\/\\\/vitablanca.ma\\\/tous-les-produits\\\/\"},{\"@type\":\"ListItem\",\"position\":3,\"name\":\"Bionnex Organica Apr\u00e9s Shampoing Anti-Chute 300ml\"}]},{\"@type\":\"WebSite\",\"@id\":\"https:\\\/\\\/vitablanca.ma\\\/#website\",\"url\":\"https:\\\/\\\/vitablanca.ma\\\/\",\"name\":\"VitaBlanca.ma | Compl\u00e9ments alimentaires, sant\u00e9 & beaut\u00e9 au Maroc\",\"description\":\"vendre vitamines et compl\u00e9ments premium des USA &amp; Canada, Nouvelle Z\u00e9lande,Maroc (NOW Foods, Solgar, Manuka). Livraison rapide partout au Maroc.\",\"publisher\":{\"@id\":\"https:\\\/\\\/vitablanca.ma\\\/#organization\"},\"alternateName\":\"VitaBlanca.ma\",\"potentialAction\":[{\"@type\":\"SearchAction\",\"target\":{\"@type\":\"EntryPoint\",\"urlTemplate\":\"https:\\\/\\\/vitablanca.ma\\\/?s={search_term_string}\"},\"query-input\":{\"@type\":\"PropertyValueSpecification\",\"valueRequired\":true,\"valueName\":\"search_term_string\"}}],\"inLanguage\":\"en-US\"},{\"@type\":\"Organization\",\"@id\":\"https:\\\/\\\/vitablanca.ma\\\/#organization\",\"name\":\"VitaBlanca\",\"url\":\"https:\\\/\\\/vitablanca.ma\\\/\",\"logo\":{\"@type\":\"ImageObject\",\"inLanguage\":\"en-US\",\"@id\":\"https:\\\/\\\/vitablanca.ma\\\/#\\\/schema\\\/logo\\\/image\\\/\",\"url\":\"https:\\\/\\\/vitablanca.ma\\\/wp-content\\\/uploads\\\/2025\\\/05\\\/cropped-vitablanca.png\",\"contentUrl\":\"https:\\\/\\\/vitablanca.ma\\\/wp-content\\\/uploads\\\/2025\\\/05\\\/cropped-vitablanca.png\",\"width\":360,\"height\":67,\"caption\":\"VitaBlanca\"},\"image\":{\"@id\":\"https:\\\/\\\/vitablanca.ma\\\/#\\\/schema\\\/logo\\\/image\\\/\"},\"sameAs\":[\"https:\\\/\\\/www.facebook.com\\\/profile.php?id=61576678196717\",\"https:\\\/\\\/www.tiktok.com\\\/@vitablanca.ma\",\"https:\\\/\\\/www.instagram.com\\\/vitablanca.ma\\\/\"]}]}<\/script>\n<!-- \/ Yoast SEO plugin. -->","yoast_head_json":{"title":"Bionnex Organica Anti-Hair Loss Conditioner 300ml - Morocco Price","description":"Bionnex Organica Anti-Hair Loss Conditioner 300ml","robots":{"index":"index","follow":"follow","max-snippet":"max-snippet:-1","max-image-preview":"max-image-preview:large","max-video-preview":"max-video-preview:-1"},"canonical":"https:\/\/vitablanca.ma\/en\/product\/bionnex-organica-apres-shampoing-anti-chute-300ml\/","og_locale":"en_US","og_type":"article","og_title":"Bionnex Organica Apr\u00e9s Shampoing Anti-Chute 300ml - Maroc Prix","og_description":"Bionnex Organica Apr\u00e9s Shampoing Anti-Chute 300ml","og_url":"https:\/\/vitablanca.ma\/en\/product\/bionnex-organica-apres-shampoing-anti-chute-300ml\/","og_site_name":"Vitablanca.ma &ndash; Sant&eacute;, vitalit&eacute; et bien-&ecirc;tre pour tous les Marocains","article_publisher":"https:\/\/www.facebook.com\/profile.php?id=61576678196717","article_modified_time":"2026-03-01T14:44:44+00:00","og_image":[{"width":1000,"height":1000,"url":"https:\/\/vitablanca.ma\/wp-content\/uploads\/2025\/06\/Bionnex-Organica-Apres-Shampoing-Anti-Chute-300ml-nova-parapharmacie-casablanca.jpg","type":"image\/jpeg"}],"twitter_card":"summary_large_image","twitter_misc":{"Est. reading time":"1 minute"},"schema":{"@context":"https:\/\/schema.org","@graph":[{"@type":["WebPage","ItemPage"],"@id":"https:\/\/vitablanca.ma\/produit\/bionnex-organica-apres-shampoing-anti-chute-300ml\/","url":"https:\/\/vitablanca.ma\/produit\/bionnex-organica-apres-shampoing-anti-chute-300ml\/","name":"Bionnex Organica Anti-Hair Loss Conditioner 300ml - Morocco Price","isPartOf":{"@id":"https:\/\/vitablanca.ma\/#website"},"primaryImageOfPage":{"@id":"https:\/\/vitablanca.ma\/produit\/bionnex-organica-apres-shampoing-anti-chute-300ml\/#primaryimage"},"image":{"@id":"https:\/\/vitablanca.ma\/produit\/bionnex-organica-apres-shampoing-anti-chute-300ml\/#primaryimage"},"thumbnailUrl":"https:\/\/vitablanca.ma\/wp-content\/uploads\/2025\/06\/Bionnex-Organica-Apres-Shampoing-Anti-Chute-300ml-nova-parapharmacie-casablanca.jpg","datePublished":"2025-06-10T16:35:23+00:00","dateModified":"2026-03-01T14:44:44+00:00","description":"Bionnex Organica Anti-Hair Loss Conditioner 300ml","breadcrumb":{"@id":"https:\/\/vitablanca.ma\/produit\/bionnex-organica-apres-shampoing-anti-chute-300ml\/#breadcrumb"},"inLanguage":"en-US","potentialAction":[{"@type":"ReadAction","target":["https:\/\/vitablanca.ma\/produit\/bionnex-organica-apres-shampoing-anti-chute-300ml\/"]}]},{"@type":"ImageObject","inLanguage":"en-US","@id":"https:\/\/vitablanca.ma\/produit\/bionnex-organica-apres-shampoing-anti-chute-300ml\/#primaryimage","url":"https:\/\/vitablanca.ma\/wp-content\/uploads\/2025\/06\/Bionnex-Organica-Apres-Shampoing-Anti-Chute-300ml-nova-parapharmacie-casablanca.jpg","contentUrl":"https:\/\/vitablanca.ma\/wp-content\/uploads\/2025\/06\/Bionnex-Organica-Apres-Shampoing-Anti-Chute-300ml-nova-parapharmacie-casablanca.jpg","width":1000,"height":1000},{"@type":"BreadcrumbList","@id":"https:\/\/vitablanca.ma\/produit\/bionnex-organica-apres-shampoing-anti-chute-300ml\/#breadcrumb","itemListElement":[{"@type":"ListItem","position":1,"name":"Home","item":"https:\/\/vitablanca.ma\/"},{"@type":"ListItem","position":2,"name":"Tous Les Produits","item":"https:\/\/vitablanca.ma\/tous-les-produits\/"},{"@type":"ListItem","position":3,"name":"Bionnex Organica Apr\u00e9s Shampoing Anti-Chute 300ml"}]},{"@type":"WebSite","@id":"https:\/\/vitablanca.ma\/#website","url":"https:\/\/vitablanca.ma\/","name":"VitaBlanca.ma | Food supplements, health &amp; beauty in Morocco","description":"sell premium vitamins and supplements from USA &amp; Canada, New Zealand, Morocco (NOW Foods, Solgar, Manuka). Fast delivery anywhere in Morocco.","publisher":{"@id":"https:\/\/vitablanca.ma\/#organization"},"alternateName":"VitaBlanca.ma","potentialAction":[{"@type":"SearchAction","target":{"@type":"EntryPoint","urlTemplate":"https:\/\/vitablanca.ma\/?s={search_term_string}"},"query-input":{"@type":"PropertyValueSpecification","valueRequired":true,"valueName":"search_term_string"}}],"inLanguage":"en-US"},{"@type":"Organization","@id":"https:\/\/vitablanca.ma\/#organization","name":"VitaBlanca","url":"https:\/\/vitablanca.ma\/","logo":{"@type":"ImageObject","inLanguage":"en-US","@id":"https:\/\/vitablanca.ma\/#\/schema\/logo\/image\/","url":"https:\/\/vitablanca.ma\/wp-content\/uploads\/2025\/05\/cropped-vitablanca.png","contentUrl":"https:\/\/vitablanca.ma\/wp-content\/uploads\/2025\/05\/cropped-vitablanca.png","width":360,"height":67,"caption":"VitaBlanca"},"image":{"@id":"https:\/\/vitablanca.ma\/#\/schema\/logo\/image\/"},"sameAs":["https:\/\/www.facebook.com\/profile.php?id=61576678196717","https:\/\/www.tiktok.com\/@vitablanca.ma","https:\/\/www.instagram.com\/vitablanca.ma\/"]}]}},"jetpack_sharing_enabled":true,"_links":{"self":[{"href":"https:\/\/vitablanca.ma\/en\/wp-json\/wp\/v2\/product\/15964","targetHints":{"allow":["GET"]}}],"collection":[{"href":"https:\/\/vitablanca.ma\/en\/wp-json\/wp\/v2\/product"}],"about":[{"href":"https:\/\/vitablanca.ma\/en\/wp-json\/wp\/v2\/types\/product"}],"wp:featuredmedia":[{"embeddable":true,"href":"https:\/\/vitablanca.ma\/en\/wp-json\/wp\/v2\/media\/15962"}],"wp:attachment":[{"href":"https:\/\/vitablanca.ma\/en\/wp-json\/wp\/v2\/media?parent=15964"}],"wp:term":[{"taxonomy":"product_brand","embeddable":true,"href":"https:\/\/vitablanca.ma\/en\/wp-json\/wp\/v2\/product_brand?post=15964"},{"taxonomy":"product_cat","embeddable":true,"href":"https:\/\/vitablanca.ma\/en\/wp-json\/wp\/v2\/product_cat?post=15964"},{"taxonomy":"product_tag","embeddable":true,"href":"https:\/\/vitablanca.ma\/en\/wp-json\/wp\/v2\/product_tag?post=15964"}],"curies":[{"name":"wp","href":"https:\/\/api.w.org\/{rel}","templated":true}]}}