{"id":15959,"date":"2025-06-10T16:35:20","date_gmt":"2025-06-10T16:35:20","guid":{"rendered":"https:\/\/vitablanca.ma\/product\/bionnex-shampooing-anti-chute-antipelliculaire-300ml\/"},"modified":"2026-03-01T14:45:11","modified_gmt":"2026-03-01T14:45:11","slug":"bionnex-shampooing-anti-chute-antipelliculaire-300ml","status":"publish","type":"product","link":"https:\/\/vitablanca.ma\/en\/product\/bionnex-shampooing-anti-chute-antipelliculaire-300ml\/","title":{"rendered":"Bionnex Anti-Hair Loss Anti-Dandruff Shampoo 300ml"},"content":{"rendered":"<h2><span data-mce-fragment=\"1\">Bionnex Anti-Hair Loss Anti-Dandruff Shampoo.<\/span><\/h2>\n<h3>DESCRIPTION:<\/h3>\n<p><span data-mce-fragment=\"1\"><br \/>Dandruff, a problem that everyone can experience, increases due to climatic and hormonal changes, usually causing itching, redness and irritation on the scalp. The Climbazole contained in the special formula developed by our experts for hair with dandruff prevents the appearance of dandruff. By slowing down the overproduction of scalp cells, it stops the scalp from flaking, which causes dandruff and skin inflammation. In this way, BIONNEX Organica For Dandruff Hair, offering solutions without adverse effects to dandruff hair by combining the power of plants and the expertise of science, helps you eliminate dandruff problems.\u00a0<\/span><\/p>\n<h3><span data-mce-fragment=\"1\"><br \/><strong>TESTS<\/strong> CLINICS:<\/span><\/h3>\n<p><span data-mce-fragment=\"1\"><br \/>The health of our users is of critical importance. For this reason, as a result of our quality policy, the products are subjected to clinical tests. In tests on volunteers, Laboratoire Farcoderm noted and approved the cessation of falls on the 90% of the participants after regular use of the BIONNEX ORGANICA series, at the end of the 3-month period. BIONNEX products are not tested on animals.<\/span><\/p>\n<h3>DIRECTIONS FOR USE:<\/h3>\n<p><span data-mce-fragment=\"1\"><br \/>BIONNEX ORGANICA Shampoo for Dandruff-Prone Hair: Apply with fingertips to the roots for 1 minute on damp hair, massaging in. After application, rinse with plenty of water. Suitable for daily use. For stronger results, use BIONNEX ORGANICA shampoo regularly with BIONNEX ORGANICA concentrated serum.<\/span><\/p>","protected":false},"excerpt":{"rendered":"<p>Bionnex Shampooing Anti-Chute Antipelliculaire. DESCRIPTION: Les pellicules , un probl\u00e8me que tous le monde peut rencontrer, augmentent en raison des changements climatiques et hormonaux, en g\u00e9n\u00e9ral causant des d\u00e9mangeaisons, des rougeurs et des irritations sur le cuir chevelu. Le Climbazole contenu dans la formule sp\u00e9ciale d\u00e9velopp\u00e9e par nos experts pour les cheveux avec pellicules pr\u00e9vient [&hellip;]<\/p>\n","protected":false},"featured_media":15957,"template":"","meta":{"om_disable_all_campaigns":false},"product_brand":[],"product_cat":[15],"product_tag":[],"class_list":{"0":"post-15959","1":"product","2":"type-product","3":"status-publish","4":"has-post-thumbnail","6":"product_cat-beaute-sante-complements-alimentaires-soins-et-bien-etre-au-meilleur-prix","8":"first","9":"instock","10":"sale","11":"taxable","12":"shipping-taxable","13":"purchasable","14":"product-type-simple"},"yoast_head":"<!-- This site is optimized with the Yoast SEO plugin v27.3 - https:\/\/yoast.com\/product\/yoast-seo-wordpress\/ -->\n<title>Bionnex Shampooing Anti-Chute Antipelliculaire 300ml - Maroc Prix<\/title>\n<meta name=\"description\" content=\"Bionnex Shampooing Anti-Chute Antipelliculaire 300ml\" \/>\n<meta name=\"robots\" content=\"index, follow, max-snippet:-1, max-image-preview:large, max-video-preview:-1\" \/>\n<link rel=\"canonical\" href=\"https:\/\/vitablanca.ma\/en\/product\/bionnex-shampooing-anti-chute-antipelliculaire-300ml\/\" \/>\n<meta property=\"og:locale\" content=\"en_US\" \/>\n<meta property=\"og:type\" content=\"article\" \/>\n<meta property=\"og:title\" content=\"Bionnex Shampooing Anti-Chute Antipelliculaire 300ml - Maroc Prix\" \/>\n<meta property=\"og:description\" content=\"Bionnex Shampooing Anti-Chute Antipelliculaire 300ml\" \/>\n<meta property=\"og:url\" content=\"https:\/\/vitablanca.ma\/en\/product\/bionnex-shampooing-anti-chute-antipelliculaire-300ml\/\" \/>\n<meta property=\"og:site_name\" content=\"Vitablanca.ma &ndash; Sant&eacute;, vitalit&eacute; et bien-&ecirc;tre pour tous les Marocains\" \/>\n<meta property=\"article:publisher\" content=\"https:\/\/www.facebook.com\/profile.php?id=61576678196717\" \/>\n<meta property=\"article:modified_time\" content=\"2026-03-01T14:45:11+00:00\" \/>\n<meta property=\"og:image\" content=\"https:\/\/vitablanca.ma\/wp-content\/uploads\/2025\/06\/Bionnex-Shampooing-Anti-Chute-Antipelliculaire-300ml-nova-parapharmacie-casablanca.jpg\" \/>\n\t<meta property=\"og:image:width\" content=\"1000\" \/>\n\t<meta property=\"og:image:height\" content=\"1000\" \/>\n\t<meta property=\"og:image:type\" content=\"image\/jpeg\" \/>\n<meta name=\"twitter:card\" content=\"summary_large_image\" \/>\n<meta name=\"twitter:label1\" content=\"Est. reading time\" \/>\n\t<meta name=\"twitter:data1\" content=\"1 minute\" \/>\n<script type=\"application\/ld+json\" class=\"yoast-schema-graph\">{\"@context\":\"https:\\\/\\\/schema.org\",\"@graph\":[{\"@type\":[\"WebPage\",\"ItemPage\"],\"@id\":\"https:\\\/\\\/vitablanca.ma\\\/produit\\\/bionnex-shampooing-anti-chute-antipelliculaire-300ml\\\/\",\"url\":\"https:\\\/\\\/vitablanca.ma\\\/produit\\\/bionnex-shampooing-anti-chute-antipelliculaire-300ml\\\/\",\"name\":\"Bionnex Shampooing Anti-Chute Antipelliculaire 300ml - Maroc Prix\",\"isPartOf\":{\"@id\":\"https:\\\/\\\/vitablanca.ma\\\/#website\"},\"primaryImageOfPage\":{\"@id\":\"https:\\\/\\\/vitablanca.ma\\\/produit\\\/bionnex-shampooing-anti-chute-antipelliculaire-300ml\\\/#primaryimage\"},\"image\":{\"@id\":\"https:\\\/\\\/vitablanca.ma\\\/produit\\\/bionnex-shampooing-anti-chute-antipelliculaire-300ml\\\/#primaryimage\"},\"thumbnailUrl\":\"https:\\\/\\\/vitablanca.ma\\\/wp-content\\\/uploads\\\/2025\\\/06\\\/Bionnex-Shampooing-Anti-Chute-Antipelliculaire-300ml-nova-parapharmacie-casablanca.jpg\",\"datePublished\":\"2025-06-10T16:35:20+00:00\",\"dateModified\":\"2026-03-01T14:45:11+00:00\",\"description\":\"Bionnex Shampooing Anti-Chute Antipelliculaire 300ml\",\"breadcrumb\":{\"@id\":\"https:\\\/\\\/vitablanca.ma\\\/produit\\\/bionnex-shampooing-anti-chute-antipelliculaire-300ml\\\/#breadcrumb\"},\"inLanguage\":\"en-US\",\"potentialAction\":[{\"@type\":\"ReadAction\",\"target\":[\"https:\\\/\\\/vitablanca.ma\\\/produit\\\/bionnex-shampooing-anti-chute-antipelliculaire-300ml\\\/\"]}]},{\"@type\":\"ImageObject\",\"inLanguage\":\"en-US\",\"@id\":\"https:\\\/\\\/vitablanca.ma\\\/produit\\\/bionnex-shampooing-anti-chute-antipelliculaire-300ml\\\/#primaryimage\",\"url\":\"https:\\\/\\\/vitablanca.ma\\\/wp-content\\\/uploads\\\/2025\\\/06\\\/Bionnex-Shampooing-Anti-Chute-Antipelliculaire-300ml-nova-parapharmacie-casablanca.jpg\",\"contentUrl\":\"https:\\\/\\\/vitablanca.ma\\\/wp-content\\\/uploads\\\/2025\\\/06\\\/Bionnex-Shampooing-Anti-Chute-Antipelliculaire-300ml-nova-parapharmacie-casablanca.jpg\",\"width\":1000,\"height\":1000},{\"@type\":\"BreadcrumbList\",\"@id\":\"https:\\\/\\\/vitablanca.ma\\\/produit\\\/bionnex-shampooing-anti-chute-antipelliculaire-300ml\\\/#breadcrumb\",\"itemListElement\":[{\"@type\":\"ListItem\",\"position\":1,\"name\":\"Home\",\"item\":\"https:\\\/\\\/vitablanca.ma\\\/\"},{\"@type\":\"ListItem\",\"position\":2,\"name\":\"Tous Les Produits\",\"item\":\"https:\\\/\\\/vitablanca.ma\\\/tous-les-produits\\\/\"},{\"@type\":\"ListItem\",\"position\":3,\"name\":\"Bionnex Shampooing Anti-Chute Antipelliculaire 300ml\"}]},{\"@type\":\"WebSite\",\"@id\":\"https:\\\/\\\/vitablanca.ma\\\/#website\",\"url\":\"https:\\\/\\\/vitablanca.ma\\\/\",\"name\":\"VitaBlanca.ma | Compl\u00e9ments alimentaires, sant\u00e9 & beaut\u00e9 au Maroc\",\"description\":\"vendre vitamines et compl\u00e9ments premium des USA &amp; Canada, Nouvelle Z\u00e9lande,Maroc (NOW Foods, Solgar, Manuka). Livraison rapide partout au Maroc.\",\"publisher\":{\"@id\":\"https:\\\/\\\/vitablanca.ma\\\/#organization\"},\"alternateName\":\"VitaBlanca.ma\",\"potentialAction\":[{\"@type\":\"SearchAction\",\"target\":{\"@type\":\"EntryPoint\",\"urlTemplate\":\"https:\\\/\\\/vitablanca.ma\\\/?s={search_term_string}\"},\"query-input\":{\"@type\":\"PropertyValueSpecification\",\"valueRequired\":true,\"valueName\":\"search_term_string\"}}],\"inLanguage\":\"en-US\"},{\"@type\":\"Organization\",\"@id\":\"https:\\\/\\\/vitablanca.ma\\\/#organization\",\"name\":\"VitaBlanca\",\"url\":\"https:\\\/\\\/vitablanca.ma\\\/\",\"logo\":{\"@type\":\"ImageObject\",\"inLanguage\":\"en-US\",\"@id\":\"https:\\\/\\\/vitablanca.ma\\\/#\\\/schema\\\/logo\\\/image\\\/\",\"url\":\"https:\\\/\\\/vitablanca.ma\\\/wp-content\\\/uploads\\\/2025\\\/05\\\/cropped-vitablanca.png\",\"contentUrl\":\"https:\\\/\\\/vitablanca.ma\\\/wp-content\\\/uploads\\\/2025\\\/05\\\/cropped-vitablanca.png\",\"width\":360,\"height\":67,\"caption\":\"VitaBlanca\"},\"image\":{\"@id\":\"https:\\\/\\\/vitablanca.ma\\\/#\\\/schema\\\/logo\\\/image\\\/\"},\"sameAs\":[\"https:\\\/\\\/www.facebook.com\\\/profile.php?id=61576678196717\",\"https:\\\/\\\/www.tiktok.com\\\/@vitablanca.ma\",\"https:\\\/\\\/www.instagram.com\\\/vitablanca.ma\\\/\"]}]}<\/script>\n<!-- \/ Yoast SEO plugin. -->","yoast_head_json":{"title":"Bionnex Anti-Hair Loss Anti-Dandruff Shampoo 300ml - Morocco Price","description":"Bionnex Anti-Hair Loss Anti-Dandruff Shampoo 300ml","robots":{"index":"index","follow":"follow","max-snippet":"max-snippet:-1","max-image-preview":"max-image-preview:large","max-video-preview":"max-video-preview:-1"},"canonical":"https:\/\/vitablanca.ma\/en\/product\/bionnex-shampooing-anti-chute-antipelliculaire-300ml\/","og_locale":"en_US","og_type":"article","og_title":"Bionnex Shampooing Anti-Chute Antipelliculaire 300ml - Maroc Prix","og_description":"Bionnex Shampooing Anti-Chute Antipelliculaire 300ml","og_url":"https:\/\/vitablanca.ma\/en\/product\/bionnex-shampooing-anti-chute-antipelliculaire-300ml\/","og_site_name":"Vitablanca.ma &ndash; Sant&eacute;, vitalit&eacute; et bien-&ecirc;tre pour tous les Marocains","article_publisher":"https:\/\/www.facebook.com\/profile.php?id=61576678196717","article_modified_time":"2026-03-01T14:45:11+00:00","og_image":[{"width":1000,"height":1000,"url":"https:\/\/vitablanca.ma\/wp-content\/uploads\/2025\/06\/Bionnex-Shampooing-Anti-Chute-Antipelliculaire-300ml-nova-parapharmacie-casablanca.jpg","type":"image\/jpeg"}],"twitter_card":"summary_large_image","twitter_misc":{"Est. reading time":"1 minute"},"schema":{"@context":"https:\/\/schema.org","@graph":[{"@type":["WebPage","ItemPage"],"@id":"https:\/\/vitablanca.ma\/produit\/bionnex-shampooing-anti-chute-antipelliculaire-300ml\/","url":"https:\/\/vitablanca.ma\/produit\/bionnex-shampooing-anti-chute-antipelliculaire-300ml\/","name":"Bionnex Anti-Hair Loss Anti-Dandruff Shampoo 300ml - Morocco Price","isPartOf":{"@id":"https:\/\/vitablanca.ma\/#website"},"primaryImageOfPage":{"@id":"https:\/\/vitablanca.ma\/produit\/bionnex-shampooing-anti-chute-antipelliculaire-300ml\/#primaryimage"},"image":{"@id":"https:\/\/vitablanca.ma\/produit\/bionnex-shampooing-anti-chute-antipelliculaire-300ml\/#primaryimage"},"thumbnailUrl":"https:\/\/vitablanca.ma\/wp-content\/uploads\/2025\/06\/Bionnex-Shampooing-Anti-Chute-Antipelliculaire-300ml-nova-parapharmacie-casablanca.jpg","datePublished":"2025-06-10T16:35:20+00:00","dateModified":"2026-03-01T14:45:11+00:00","description":"Bionnex Anti-Hair Loss Anti-Dandruff Shampoo 300ml","breadcrumb":{"@id":"https:\/\/vitablanca.ma\/produit\/bionnex-shampooing-anti-chute-antipelliculaire-300ml\/#breadcrumb"},"inLanguage":"en-US","potentialAction":[{"@type":"ReadAction","target":["https:\/\/vitablanca.ma\/produit\/bionnex-shampooing-anti-chute-antipelliculaire-300ml\/"]}]},{"@type":"ImageObject","inLanguage":"en-US","@id":"https:\/\/vitablanca.ma\/produit\/bionnex-shampooing-anti-chute-antipelliculaire-300ml\/#primaryimage","url":"https:\/\/vitablanca.ma\/wp-content\/uploads\/2025\/06\/Bionnex-Shampooing-Anti-Chute-Antipelliculaire-300ml-nova-parapharmacie-casablanca.jpg","contentUrl":"https:\/\/vitablanca.ma\/wp-content\/uploads\/2025\/06\/Bionnex-Shampooing-Anti-Chute-Antipelliculaire-300ml-nova-parapharmacie-casablanca.jpg","width":1000,"height":1000},{"@type":"BreadcrumbList","@id":"https:\/\/vitablanca.ma\/produit\/bionnex-shampooing-anti-chute-antipelliculaire-300ml\/#breadcrumb","itemListElement":[{"@type":"ListItem","position":1,"name":"Home","item":"https:\/\/vitablanca.ma\/"},{"@type":"ListItem","position":2,"name":"Tous Les Produits","item":"https:\/\/vitablanca.ma\/tous-les-produits\/"},{"@type":"ListItem","position":3,"name":"Bionnex Shampooing Anti-Chute Antipelliculaire 300ml"}]},{"@type":"WebSite","@id":"https:\/\/vitablanca.ma\/#website","url":"https:\/\/vitablanca.ma\/","name":"VitaBlanca.ma | Food supplements, health &amp; beauty in Morocco","description":"sell premium vitamins and supplements from USA &amp; Canada, New Zealand, Morocco (NOW Foods, Solgar, Manuka). Fast delivery anywhere in Morocco.","publisher":{"@id":"https:\/\/vitablanca.ma\/#organization"},"alternateName":"VitaBlanca.ma","potentialAction":[{"@type":"SearchAction","target":{"@type":"EntryPoint","urlTemplate":"https:\/\/vitablanca.ma\/?s={search_term_string}"},"query-input":{"@type":"PropertyValueSpecification","valueRequired":true,"valueName":"search_term_string"}}],"inLanguage":"en-US"},{"@type":"Organization","@id":"https:\/\/vitablanca.ma\/#organization","name":"VitaBlanca","url":"https:\/\/vitablanca.ma\/","logo":{"@type":"ImageObject","inLanguage":"en-US","@id":"https:\/\/vitablanca.ma\/#\/schema\/logo\/image\/","url":"https:\/\/vitablanca.ma\/wp-content\/uploads\/2025\/05\/cropped-vitablanca.png","contentUrl":"https:\/\/vitablanca.ma\/wp-content\/uploads\/2025\/05\/cropped-vitablanca.png","width":360,"height":67,"caption":"VitaBlanca"},"image":{"@id":"https:\/\/vitablanca.ma\/#\/schema\/logo\/image\/"},"sameAs":["https:\/\/www.facebook.com\/profile.php?id=61576678196717","https:\/\/www.tiktok.com\/@vitablanca.ma","https:\/\/www.instagram.com\/vitablanca.ma\/"]}]}},"jetpack_sharing_enabled":true,"_links":{"self":[{"href":"https:\/\/vitablanca.ma\/en\/wp-json\/wp\/v2\/product\/15959","targetHints":{"allow":["GET"]}}],"collection":[{"href":"https:\/\/vitablanca.ma\/en\/wp-json\/wp\/v2\/product"}],"about":[{"href":"https:\/\/vitablanca.ma\/en\/wp-json\/wp\/v2\/types\/product"}],"wp:featuredmedia":[{"embeddable":true,"href":"https:\/\/vitablanca.ma\/en\/wp-json\/wp\/v2\/media\/15957"}],"wp:attachment":[{"href":"https:\/\/vitablanca.ma\/en\/wp-json\/wp\/v2\/media?parent=15959"}],"wp:term":[{"taxonomy":"product_brand","embeddable":true,"href":"https:\/\/vitablanca.ma\/en\/wp-json\/wp\/v2\/product_brand?post=15959"},{"taxonomy":"product_cat","embeddable":true,"href":"https:\/\/vitablanca.ma\/en\/wp-json\/wp\/v2\/product_cat?post=15959"},{"taxonomy":"product_tag","embeddable":true,"href":"https:\/\/vitablanca.ma\/en\/wp-json\/wp\/v2\/product_tag?post=15959"}],"curies":[{"name":"wp","href":"https:\/\/api.w.org\/{rel}","templated":true}]}}