{"id":15949,"date":"2025-06-10T16:35:13","date_gmt":"2025-06-10T16:35:13","guid":{"rendered":"https:\/\/vitablanca.ma\/product\/biokap-masque-nourissant-reparateur-cheveux-secs\/"},"modified":"2025-06-10T16:35:14","modified_gmt":"2025-06-10T16:35:14","slug":"biokap-masque-nourissant-reparateur-cheveux-secs","status":"publish","type":"product","link":"https:\/\/vitablanca.ma\/en\/product\/biokap-masque-nourissant-reparateur-cheveux-secs\/","title":{"rendered":"Biokap Nourishing Repairing Mask for Dry Hair"},"content":{"rendered":"<h2>Biokap Nourishing Repairing Mask for Dry, Brittle and Weak Hair<\/h2>\n<p>An intensive treatment, rich in plant ingredients, which hydrates and restructures the hair fiber, making hair silky, shiny and healthier.<\/p>\n<p>This nourishing hair mask leaves hair feeling light and is ideal for fine hair.<\/p>\n<div class=\"et_pb_header_content_wrapper\">\n<h3 dir=\"ltr\" data-placeholder=\"Traduction\" class=\"tw-data-text tw-text-large XcVN5d tw-ta\"><span>AN EFFECTIVE NATURAL FORMULATION<br \/><\/span><\/h3>\n<p><span>There\u00a0<strong>BioKap Rice FitoKeratin<\/strong>\u00a0is a &quot;vegetable keratin&quot; derived from rice protein that repairs and restructures the hair fiber by creating a natural protective barrier, thus providing better hydration of the hair and sheathing it to facilitate styling. Its action is associated with<strong>sweet almond oil<\/strong>\u00a0and to the\u00a0<strong>plant ceramides from olive oil<\/strong>, which make hair soft to the touch, nourish hair deeply and make it shinier.<\/span><\/p>\n<p><span>L&#039;<strong>Aloe Barbadensis\u00a0<\/strong>(or Aloe Vera) is used for its moisturizing and softening properties.<\/span><\/p>\n<h3><span>THE HEALTH GUARANTEES OF THIS DRY HAIR MASK<\/span><\/h3>\n<p><strong><span>94% of naturally derived ingredients<\/span><\/strong><\/p>\n<p><span>Mask without silicone, paraben, PEG or SLES.<\/span><\/p>\n<p><span>Nickel tested and dermatologically tested.<\/span><\/p>\n<p><span>Mask suitable for vegans<\/span><\/p>\n<h3><span>THE ADVANTAGES OF PACKAGING<\/span><\/h3>\n<p><span>The pot is recyclable, the label &quot;\u00a0<em>green label<\/em>\u00a0\u00bb is made from plant material and the case is made from FSC-certified paper.<\/span><\/p>\n<p><span>Packaging to be sorted with cardboard.<\/span><\/p>\n<p><span>Pot to sort with plastic.<\/span><\/p>\n<h3><span>OUR TIP FOR USING THIS REPAIRING MASK<\/span><\/h3>\n<p><span>Once or twice a week, after shampooing, apply a small amount of product to wet, towel-dried hair, working through the lengths and ends. Leave on for 2 minutes, then rinse thoroughly.<\/span><\/p>\n<p><span>For very dry and weak hair, leave on for 15-20 minutes.<\/span><\/p>\n<p><span>For an intensive treatment: Once the product is applied, wrap your head with a towel. The heat will help the FitoKeratin penetrate the hair.<\/span><\/p>\n<\/div>","protected":false},"excerpt":{"rendered":"<p>Biokap Masque Nourissant R\u00e9parateur Cheveux Secs cassants et fragilis\u00e9s Un traitement intensif, riche en ingr\u00e9dients v\u00e9g\u00e9taux, qui hydrate et restructure la fibre capillaire, rendant ainsi les cheveux soyeux, brillants et en meilleure sant\u00e9. Ce masque nourrissant pour cheveux laisse les cheveux l\u00e9gers et convient parfaitement aux cheveux fins. UNE FORMULATION NATURELLE EFFICACE La\u00a0FitoK\u00e9ratine de Riz [&hellip;]<\/p>\n","protected":false},"featured_media":15947,"template":"","meta":{"om_disable_all_campaigns":false},"product_brand":[],"product_cat":[15],"product_tag":[],"class_list":{"0":"post-15949","1":"product","2":"type-product","3":"status-publish","4":"has-post-thumbnail","6":"product_cat-beaute-sante-complements-alimentaires-soins-et-bien-etre-au-meilleur-prix","8":"first","9":"instock","10":"sale","11":"taxable","12":"shipping-taxable","13":"purchasable","14":"product-type-variable"},"yoast_head":"<!-- This site is optimized with the Yoast SEO plugin v27.3 - https:\/\/yoast.com\/product\/yoast-seo-wordpress\/ -->\n<title>Biokap Masque Nourissant R\u00e9parateur Cheveux Secs - Maroc Prix<\/title>\n<meta name=\"description\" content=\"Biokap Masque Nourissant R\u00e9parateur Cheveux Secs\" \/>\n<meta name=\"robots\" content=\"index, follow, max-snippet:-1, max-image-preview:large, max-video-preview:-1\" \/>\n<link rel=\"canonical\" href=\"https:\/\/vitablanca.ma\/en\/product\/biokap-masque-nourissant-reparateur-cheveux-secs\/\" \/>\n<meta property=\"og:locale\" content=\"en_US\" \/>\n<meta property=\"og:type\" content=\"article\" \/>\n<meta property=\"og:title\" content=\"Biokap Masque Nourissant R\u00e9parateur Cheveux Secs - Maroc Prix\" \/>\n<meta property=\"og:description\" content=\"Biokap Masque Nourissant R\u00e9parateur Cheveux Secs\" \/>\n<meta property=\"og:url\" content=\"https:\/\/vitablanca.ma\/en\/product\/biokap-masque-nourissant-reparateur-cheveux-secs\/\" \/>\n<meta property=\"og:site_name\" content=\"Vitablanca.ma &ndash; Sant&eacute;, vitalit&eacute; et bien-&ecirc;tre pour tous les Marocains\" \/>\n<meta property=\"article:publisher\" content=\"https:\/\/www.facebook.com\/profile.php?id=61576678196717\" \/>\n<meta property=\"article:modified_time\" content=\"2025-06-10T16:35:14+00:00\" \/>\n<meta property=\"og:image\" content=\"https:\/\/vitablanca.ma\/wp-content\/uploads\/2025\/06\/Biokap-Masque-Nourissant-Reparateur-Cheveux-Secs-200ml-nova-parapharmacie-maroc.jpg\" \/>\n\t<meta property=\"og:image:width\" content=\"1000\" \/>\n\t<meta property=\"og:image:height\" content=\"1000\" \/>\n\t<meta property=\"og:image:type\" content=\"image\/jpeg\" \/>\n<meta name=\"twitter:card\" content=\"summary_large_image\" \/>\n<meta name=\"twitter:label1\" content=\"Est. reading time\" \/>\n\t<meta name=\"twitter:data1\" content=\"2 minutes\" \/>\n<script type=\"application\/ld+json\" class=\"yoast-schema-graph\">{\"@context\":\"https:\\\/\\\/schema.org\",\"@graph\":[{\"@type\":[\"WebPage\",\"ItemPage\"],\"@id\":\"https:\\\/\\\/vitablanca.ma\\\/produit\\\/biokap-masque-nourissant-reparateur-cheveux-secs\\\/\",\"url\":\"https:\\\/\\\/vitablanca.ma\\\/produit\\\/biokap-masque-nourissant-reparateur-cheveux-secs\\\/\",\"name\":\"Biokap Masque Nourissant R\u00e9parateur Cheveux Secs - Maroc Prix\",\"isPartOf\":{\"@id\":\"https:\\\/\\\/vitablanca.ma\\\/#website\"},\"primaryImageOfPage\":{\"@id\":\"https:\\\/\\\/vitablanca.ma\\\/produit\\\/biokap-masque-nourissant-reparateur-cheveux-secs\\\/#primaryimage\"},\"image\":{\"@id\":\"https:\\\/\\\/vitablanca.ma\\\/produit\\\/biokap-masque-nourissant-reparateur-cheveux-secs\\\/#primaryimage\"},\"thumbnailUrl\":\"https:\\\/\\\/vitablanca.ma\\\/wp-content\\\/uploads\\\/2025\\\/06\\\/Biokap-Masque-Nourissant-Reparateur-Cheveux-Secs-200ml-nova-parapharmacie-maroc.jpg\",\"datePublished\":\"2025-06-10T16:35:13+00:00\",\"dateModified\":\"2025-06-10T16:35:14+00:00\",\"description\":\"Biokap Masque Nourissant R\u00e9parateur Cheveux Secs\",\"breadcrumb\":{\"@id\":\"https:\\\/\\\/vitablanca.ma\\\/produit\\\/biokap-masque-nourissant-reparateur-cheveux-secs\\\/#breadcrumb\"},\"inLanguage\":\"en-US\",\"potentialAction\":[{\"@type\":\"ReadAction\",\"target\":[\"https:\\\/\\\/vitablanca.ma\\\/produit\\\/biokap-masque-nourissant-reparateur-cheveux-secs\\\/\"]}]},{\"@type\":\"ImageObject\",\"inLanguage\":\"en-US\",\"@id\":\"https:\\\/\\\/vitablanca.ma\\\/produit\\\/biokap-masque-nourissant-reparateur-cheveux-secs\\\/#primaryimage\",\"url\":\"https:\\\/\\\/vitablanca.ma\\\/wp-content\\\/uploads\\\/2025\\\/06\\\/Biokap-Masque-Nourissant-Reparateur-Cheveux-Secs-200ml-nova-parapharmacie-maroc.jpg\",\"contentUrl\":\"https:\\\/\\\/vitablanca.ma\\\/wp-content\\\/uploads\\\/2025\\\/06\\\/Biokap-Masque-Nourissant-Reparateur-Cheveux-Secs-200ml-nova-parapharmacie-maroc.jpg\",\"width\":1000,\"height\":1000},{\"@type\":\"BreadcrumbList\",\"@id\":\"https:\\\/\\\/vitablanca.ma\\\/produit\\\/biokap-masque-nourissant-reparateur-cheveux-secs\\\/#breadcrumb\",\"itemListElement\":[{\"@type\":\"ListItem\",\"position\":1,\"name\":\"Home\",\"item\":\"https:\\\/\\\/vitablanca.ma\\\/\"},{\"@type\":\"ListItem\",\"position\":2,\"name\":\"Tous Les Produits\",\"item\":\"https:\\\/\\\/vitablanca.ma\\\/tous-les-produits\\\/\"},{\"@type\":\"ListItem\",\"position\":3,\"name\":\"Biokap Masque Nourissant R\u00e9parateur Cheveux Secs\"}]},{\"@type\":\"WebSite\",\"@id\":\"https:\\\/\\\/vitablanca.ma\\\/#website\",\"url\":\"https:\\\/\\\/vitablanca.ma\\\/\",\"name\":\"VitaBlanca.ma | Compl\u00e9ments alimentaires, sant\u00e9 & beaut\u00e9 au Maroc\",\"description\":\"vendre vitamines et compl\u00e9ments premium des USA &amp; Canada, Nouvelle Z\u00e9lande,Maroc (NOW Foods, Solgar, Manuka). Livraison rapide partout au Maroc.\",\"publisher\":{\"@id\":\"https:\\\/\\\/vitablanca.ma\\\/#organization\"},\"alternateName\":\"VitaBlanca.ma\",\"potentialAction\":[{\"@type\":\"SearchAction\",\"target\":{\"@type\":\"EntryPoint\",\"urlTemplate\":\"https:\\\/\\\/vitablanca.ma\\\/?s={search_term_string}\"},\"query-input\":{\"@type\":\"PropertyValueSpecification\",\"valueRequired\":true,\"valueName\":\"search_term_string\"}}],\"inLanguage\":\"en-US\"},{\"@type\":\"Organization\",\"@id\":\"https:\\\/\\\/vitablanca.ma\\\/#organization\",\"name\":\"VitaBlanca\",\"url\":\"https:\\\/\\\/vitablanca.ma\\\/\",\"logo\":{\"@type\":\"ImageObject\",\"inLanguage\":\"en-US\",\"@id\":\"https:\\\/\\\/vitablanca.ma\\\/#\\\/schema\\\/logo\\\/image\\\/\",\"url\":\"https:\\\/\\\/vitablanca.ma\\\/wp-content\\\/uploads\\\/2025\\\/05\\\/cropped-vitablanca.png\",\"contentUrl\":\"https:\\\/\\\/vitablanca.ma\\\/wp-content\\\/uploads\\\/2025\\\/05\\\/cropped-vitablanca.png\",\"width\":360,\"height\":67,\"caption\":\"VitaBlanca\"},\"image\":{\"@id\":\"https:\\\/\\\/vitablanca.ma\\\/#\\\/schema\\\/logo\\\/image\\\/\"},\"sameAs\":[\"https:\\\/\\\/www.facebook.com\\\/profile.php?id=61576678196717\",\"https:\\\/\\\/www.tiktok.com\\\/@vitablanca.ma\",\"https:\\\/\\\/www.instagram.com\\\/vitablanca.ma\\\/\"]}]}<\/script>\n<!-- \/ Yoast SEO plugin. -->","yoast_head_json":{"title":"Biokap Nourishing Repairing Mask for Dry Hair - Morocco Price","description":"Biokap Nourishing Repairing Mask for Dry Hair","robots":{"index":"index","follow":"follow","max-snippet":"max-snippet:-1","max-image-preview":"max-image-preview:large","max-video-preview":"max-video-preview:-1"},"canonical":"https:\/\/vitablanca.ma\/en\/product\/biokap-masque-nourissant-reparateur-cheveux-secs\/","og_locale":"en_US","og_type":"article","og_title":"Biokap Masque Nourissant R\u00e9parateur Cheveux Secs - Maroc Prix","og_description":"Biokap Masque Nourissant R\u00e9parateur Cheveux Secs","og_url":"https:\/\/vitablanca.ma\/en\/product\/biokap-masque-nourissant-reparateur-cheveux-secs\/","og_site_name":"Vitablanca.ma &ndash; Sant&eacute;, vitalit&eacute; et bien-&ecirc;tre pour tous les Marocains","article_publisher":"https:\/\/www.facebook.com\/profile.php?id=61576678196717","article_modified_time":"2025-06-10T16:35:14+00:00","og_image":[{"width":1000,"height":1000,"url":"https:\/\/vitablanca.ma\/wp-content\/uploads\/2025\/06\/Biokap-Masque-Nourissant-Reparateur-Cheveux-Secs-200ml-nova-parapharmacie-maroc.jpg","type":"image\/jpeg"}],"twitter_card":"summary_large_image","twitter_misc":{"Est. reading time":"2 minutes"},"schema":{"@context":"https:\/\/schema.org","@graph":[{"@type":["WebPage","ItemPage"],"@id":"https:\/\/vitablanca.ma\/produit\/biokap-masque-nourissant-reparateur-cheveux-secs\/","url":"https:\/\/vitablanca.ma\/produit\/biokap-masque-nourissant-reparateur-cheveux-secs\/","name":"Biokap Nourishing Repairing Mask for Dry Hair - Morocco Price","isPartOf":{"@id":"https:\/\/vitablanca.ma\/#website"},"primaryImageOfPage":{"@id":"https:\/\/vitablanca.ma\/produit\/biokap-masque-nourissant-reparateur-cheveux-secs\/#primaryimage"},"image":{"@id":"https:\/\/vitablanca.ma\/produit\/biokap-masque-nourissant-reparateur-cheveux-secs\/#primaryimage"},"thumbnailUrl":"https:\/\/vitablanca.ma\/wp-content\/uploads\/2025\/06\/Biokap-Masque-Nourissant-Reparateur-Cheveux-Secs-200ml-nova-parapharmacie-maroc.jpg","datePublished":"2025-06-10T16:35:13+00:00","dateModified":"2025-06-10T16:35:14+00:00","description":"Biokap Nourishing Repairing Mask for Dry Hair","breadcrumb":{"@id":"https:\/\/vitablanca.ma\/produit\/biokap-masque-nourissant-reparateur-cheveux-secs\/#breadcrumb"},"inLanguage":"en-US","potentialAction":[{"@type":"ReadAction","target":["https:\/\/vitablanca.ma\/produit\/biokap-masque-nourissant-reparateur-cheveux-secs\/"]}]},{"@type":"ImageObject","inLanguage":"en-US","@id":"https:\/\/vitablanca.ma\/produit\/biokap-masque-nourissant-reparateur-cheveux-secs\/#primaryimage","url":"https:\/\/vitablanca.ma\/wp-content\/uploads\/2025\/06\/Biokap-Masque-Nourissant-Reparateur-Cheveux-Secs-200ml-nova-parapharmacie-maroc.jpg","contentUrl":"https:\/\/vitablanca.ma\/wp-content\/uploads\/2025\/06\/Biokap-Masque-Nourissant-Reparateur-Cheveux-Secs-200ml-nova-parapharmacie-maroc.jpg","width":1000,"height":1000},{"@type":"BreadcrumbList","@id":"https:\/\/vitablanca.ma\/produit\/biokap-masque-nourissant-reparateur-cheveux-secs\/#breadcrumb","itemListElement":[{"@type":"ListItem","position":1,"name":"Home","item":"https:\/\/vitablanca.ma\/"},{"@type":"ListItem","position":2,"name":"Tous Les Produits","item":"https:\/\/vitablanca.ma\/tous-les-produits\/"},{"@type":"ListItem","position":3,"name":"Biokap Masque Nourissant R\u00e9parateur Cheveux Secs"}]},{"@type":"WebSite","@id":"https:\/\/vitablanca.ma\/#website","url":"https:\/\/vitablanca.ma\/","name":"VitaBlanca.ma | Food supplements, health &amp; beauty in Morocco","description":"sell premium vitamins and supplements from USA &amp; Canada, New Zealand, Morocco (NOW Foods, Solgar, Manuka). Fast delivery anywhere in Morocco.","publisher":{"@id":"https:\/\/vitablanca.ma\/#organization"},"alternateName":"VitaBlanca.ma","potentialAction":[{"@type":"SearchAction","target":{"@type":"EntryPoint","urlTemplate":"https:\/\/vitablanca.ma\/?s={search_term_string}"},"query-input":{"@type":"PropertyValueSpecification","valueRequired":true,"valueName":"search_term_string"}}],"inLanguage":"en-US"},{"@type":"Organization","@id":"https:\/\/vitablanca.ma\/#organization","name":"VitaBlanca","url":"https:\/\/vitablanca.ma\/","logo":{"@type":"ImageObject","inLanguage":"en-US","@id":"https:\/\/vitablanca.ma\/#\/schema\/logo\/image\/","url":"https:\/\/vitablanca.ma\/wp-content\/uploads\/2025\/05\/cropped-vitablanca.png","contentUrl":"https:\/\/vitablanca.ma\/wp-content\/uploads\/2025\/05\/cropped-vitablanca.png","width":360,"height":67,"caption":"VitaBlanca"},"image":{"@id":"https:\/\/vitablanca.ma\/#\/schema\/logo\/image\/"},"sameAs":["https:\/\/www.facebook.com\/profile.php?id=61576678196717","https:\/\/www.tiktok.com\/@vitablanca.ma","https:\/\/www.instagram.com\/vitablanca.ma\/"]}]}},"jetpack_sharing_enabled":true,"_links":{"self":[{"href":"https:\/\/vitablanca.ma\/en\/wp-json\/wp\/v2\/product\/15949","targetHints":{"allow":["GET"]}}],"collection":[{"href":"https:\/\/vitablanca.ma\/en\/wp-json\/wp\/v2\/product"}],"about":[{"href":"https:\/\/vitablanca.ma\/en\/wp-json\/wp\/v2\/types\/product"}],"wp:featuredmedia":[{"embeddable":true,"href":"https:\/\/vitablanca.ma\/en\/wp-json\/wp\/v2\/media\/15947"}],"wp:attachment":[{"href":"https:\/\/vitablanca.ma\/en\/wp-json\/wp\/v2\/media?parent=15949"}],"wp:term":[{"taxonomy":"product_brand","embeddable":true,"href":"https:\/\/vitablanca.ma\/en\/wp-json\/wp\/v2\/product_brand?post=15949"},{"taxonomy":"product_cat","embeddable":true,"href":"https:\/\/vitablanca.ma\/en\/wp-json\/wp\/v2\/product_cat?post=15949"},{"taxonomy":"product_tag","embeddable":true,"href":"https:\/\/vitablanca.ma\/en\/wp-json\/wp\/v2\/product_tag?post=15949"}],"curies":[{"name":"wp","href":"https:\/\/api.w.org\/{rel}","templated":true}]}}