{"id":15939,"date":"2025-06-10T16:35:08","date_gmt":"2025-06-10T16:35:08","guid":{"rendered":"https:\/\/vitablanca.ma\/product\/biokap-nutricolor-delicato-spray-retouche-75ml\/"},"modified":"2025-06-10T16:35:10","modified_gmt":"2025-06-10T16:35:10","slug":"biokap-nutricolor-delicato-spray-retouche-75ml","status":"publish","type":"product","link":"https:\/\/vitablanca.ma\/en\/product\/biokap-nutricolor-delicato-spray-retouche-75ml\/","title":{"rendered":"Biokap Nutricolor Delicato Touch-up Spray 75ml"},"content":{"rendered":"<h2>Biokap Nutricolor Delicato Touch-up Spray\u00a0<span>instantly covers white hair regrowth<\/span><br \/>\n<\/h2>\n<p><span>In recent years, new spray solutions have been launched to cover hair regrowth.<\/span><br \/><span>But no hair coloring spray combines gray coverage with the properties of a treatment. Biokap Nutricolor Touch-Up Spray does!<\/span><\/p>\n<p class=\"p1\"><span><strong>Cover root regrowth in an instant, now it&#039;s possible!<\/strong><\/span><\/p>\n<p class=\"p2\"><span>BioKap hair color spray helps maintain consistent color between coloring sessions while caring for your hair. Its natural formula protects and moisturizes hair. With its compact 75ml format, it&#039;s a simple, easy, and effective solution that goes with you everywhere.<\/span><\/p>\n<h3 dir=\"ltr\" data-placeholder=\"Traduction\" class=\"tw-data-text tw-text-large XcVN5d tw-ta\"><span>EFFECTIVE NATURAL INGREDIENTS<\/span><\/h3>\n<p class=\"p1\"><span>The complex\u00a0<strong>TRICOREPAIR<\/strong>\u00a0contains\u00a0<span class=\"s1\">rice protein<\/span>\u00a0with a restructuring and regenerating action similar to keratin, a\u00a0<span class=\"s1\">derived from willow<\/span>\u00a0which protects the color from UV rays and fading and a<span class=\"s1\">lipophilic acids<\/span>\u00a0of fruits that protect the scalp during application.<\/span><br \/><span>L&#039;<strong>ARGAN OIL<\/strong>\u00a0with moisturizing, emollient and protective properties, nourishes the hair deeply and makes it more supple and shiny.\u00a0<strong>PANTHENOL<\/strong>, vitamin B5, moisturizes and protects hair.<\/span><\/p>\n<h3><span>A NATURAL ROOT SPRAY<\/span><\/h3>\n<p class=\"p1\"><span>94% of ingredients of natural origin,\u00a0<strong>silicone, paraben, SLES and SLS free<\/strong>. Allergen-free fragrance.\u00a0<\/span><br \/><span>Nickel-tested and dermatologically controlled spray.\u00a0<strong>Suitable for vegans<\/strong><\/span><\/p>\n<h3 class=\"p1\"><span>ENVIRONMENTAL COMMITMENT<\/span><\/h3>\n<p class=\"p1\"><span>The necessary secondary packaging is made from FSC-certified paper.<\/span><\/p>\n<p><span>Packaging to be sorted with cardboard.<\/span><\/p>\n<h3><span>A SIMPLE AND QUICK SPRAY TO USE<\/span><\/h3>\n<p class=\"p1\"><span>Shake the bottle well. Spray the product evenly from a distance of 15 cm from the hair. Apply sparingly. Let dry for 1 minute. Gently comb through the hair for a more natural effect.<\/span><\/p>\n<p class=\"p1\"><span>Did you stain your skin? The color can be removed with soap.<\/span><br \/><span>Disappears with the first shampoo.<\/span><br \/><span>DOES NOT STAIN<\/span><\/p>\n<p class=\"p1\"><span>BioKap touch-up spray, your ally between\u00a0<strong>2 colors<\/strong>.<\/span><\/p>","protected":false},"excerpt":{"rendered":"<p>Biokap Nutricolor Delicato Spray Retouche\u00a0couvre instantan\u00e9ment la repousse des cheveux blancs Au cours des derni\u00e8res ann\u00e9es ont \u00e9t\u00e9 lanc\u00e9es de nouvelles solutions en spray pour couvrir la repousse des cheveux.Mais aucun spray de coloration pour cheveux n\u2019associe \u00e0 la couverture des cheveux blancs les propri\u00e9t\u00e9s d\u2019un soin. Le Spray Retouche Biokap Nutricolor, oui ! Couvrir [&hellip;]<\/p>\n","protected":false},"featured_media":15905,"template":"","meta":{"om_disable_all_campaigns":false},"product_brand":[],"product_cat":[15],"product_tag":[],"class_list":{"0":"post-15939","1":"product","2":"type-product","3":"status-publish","4":"has-post-thumbnail","6":"product_cat-beaute-sante-complements-alimentaires-soins-et-bien-etre-au-meilleur-prix","8":"first","9":"instock","10":"sale","11":"taxable","12":"shipping-taxable","13":"purchasable","14":"product-type-variable"},"yoast_head":"<!-- This site is optimized with the Yoast SEO plugin v27.3 - https:\/\/yoast.com\/product\/yoast-seo-wordpress\/ -->\n<title>Biokap Nutricolor Delicato Spray Retouche 75ml - Maroc Prix<\/title>\n<meta name=\"description\" content=\"Biokap Nutricolor Delicato Spray Retouche 75ml\" \/>\n<meta name=\"robots\" content=\"index, follow, max-snippet:-1, max-image-preview:large, max-video-preview:-1\" \/>\n<link rel=\"canonical\" href=\"https:\/\/vitablanca.ma\/en\/product\/biokap-nutricolor-delicato-spray-retouche-75ml\/\" \/>\n<meta property=\"og:locale\" content=\"en_US\" \/>\n<meta property=\"og:type\" content=\"article\" \/>\n<meta property=\"og:title\" content=\"Biokap Nutricolor Delicato Spray Retouche 75ml - Maroc Prix\" \/>\n<meta property=\"og:description\" content=\"Biokap Nutricolor Delicato Spray Retouche 75ml\" \/>\n<meta property=\"og:url\" content=\"https:\/\/vitablanca.ma\/en\/product\/biokap-nutricolor-delicato-spray-retouche-75ml\/\" \/>\n<meta property=\"og:site_name\" content=\"Vitablanca.ma &ndash; Sant&eacute;, vitalit&eacute; et bien-&ecirc;tre pour tous les Marocains\" \/>\n<meta property=\"article:publisher\" content=\"https:\/\/www.facebook.com\/profile.php?id=61576678196717\" \/>\n<meta property=\"article:modified_time\" content=\"2025-06-10T16:35:10+00:00\" \/>\n<meta property=\"og:image\" content=\"https:\/\/vitablanca.ma\/wp-content\/uploads\/2025\/06\/Biokap-Nutricolor-Delicato-Spray-Retouche-blond-75ml-nova-parapharmacie-maroc_f3b9e45b-4443-4696-abd9-d4d8b6f74cd5.jpg\" \/>\n\t<meta property=\"og:image:width\" content=\"1000\" \/>\n\t<meta property=\"og:image:height\" content=\"1000\" \/>\n\t<meta property=\"og:image:type\" content=\"image\/jpeg\" \/>\n<meta name=\"twitter:card\" content=\"summary_large_image\" \/>\n<meta name=\"twitter:label1\" content=\"Est. reading time\" \/>\n\t<meta name=\"twitter:data1\" content=\"2 minutes\" \/>\n<script type=\"application\/ld+json\" class=\"yoast-schema-graph\">{\"@context\":\"https:\\\/\\\/schema.org\",\"@graph\":[{\"@type\":[\"WebPage\",\"ItemPage\"],\"@id\":\"https:\\\/\\\/vitablanca.ma\\\/produit\\\/biokap-nutricolor-delicato-spray-retouche-75ml\\\/\",\"url\":\"https:\\\/\\\/vitablanca.ma\\\/produit\\\/biokap-nutricolor-delicato-spray-retouche-75ml\\\/\",\"name\":\"Biokap Nutricolor Delicato Spray Retouche 75ml - Maroc Prix\",\"isPartOf\":{\"@id\":\"https:\\\/\\\/vitablanca.ma\\\/#website\"},\"primaryImageOfPage\":{\"@id\":\"https:\\\/\\\/vitablanca.ma\\\/produit\\\/biokap-nutricolor-delicato-spray-retouche-75ml\\\/#primaryimage\"},\"image\":{\"@id\":\"https:\\\/\\\/vitablanca.ma\\\/produit\\\/biokap-nutricolor-delicato-spray-retouche-75ml\\\/#primaryimage\"},\"thumbnailUrl\":\"https:\\\/\\\/vitablanca.ma\\\/wp-content\\\/uploads\\\/2025\\\/06\\\/Biokap-Nutricolor-Delicato-Spray-Retouche-blond-75ml-nova-parapharmacie-maroc_f3b9e45b-4443-4696-abd9-d4d8b6f74cd5.jpg\",\"datePublished\":\"2025-06-10T16:35:08+00:00\",\"dateModified\":\"2025-06-10T16:35:10+00:00\",\"description\":\"Biokap Nutricolor Delicato Spray Retouche 75ml\",\"breadcrumb\":{\"@id\":\"https:\\\/\\\/vitablanca.ma\\\/produit\\\/biokap-nutricolor-delicato-spray-retouche-75ml\\\/#breadcrumb\"},\"inLanguage\":\"en-US\",\"potentialAction\":[{\"@type\":\"ReadAction\",\"target\":[\"https:\\\/\\\/vitablanca.ma\\\/produit\\\/biokap-nutricolor-delicato-spray-retouche-75ml\\\/\"]}]},{\"@type\":\"ImageObject\",\"inLanguage\":\"en-US\",\"@id\":\"https:\\\/\\\/vitablanca.ma\\\/produit\\\/biokap-nutricolor-delicato-spray-retouche-75ml\\\/#primaryimage\",\"url\":\"https:\\\/\\\/vitablanca.ma\\\/wp-content\\\/uploads\\\/2025\\\/06\\\/Biokap-Nutricolor-Delicato-Spray-Retouche-blond-75ml-nova-parapharmacie-maroc_f3b9e45b-4443-4696-abd9-d4d8b6f74cd5.jpg\",\"contentUrl\":\"https:\\\/\\\/vitablanca.ma\\\/wp-content\\\/uploads\\\/2025\\\/06\\\/Biokap-Nutricolor-Delicato-Spray-Retouche-blond-75ml-nova-parapharmacie-maroc_f3b9e45b-4443-4696-abd9-d4d8b6f74cd5.jpg\",\"width\":1000,\"height\":1000},{\"@type\":\"BreadcrumbList\",\"@id\":\"https:\\\/\\\/vitablanca.ma\\\/produit\\\/biokap-nutricolor-delicato-spray-retouche-75ml\\\/#breadcrumb\",\"itemListElement\":[{\"@type\":\"ListItem\",\"position\":1,\"name\":\"Home\",\"item\":\"https:\\\/\\\/vitablanca.ma\\\/\"},{\"@type\":\"ListItem\",\"position\":2,\"name\":\"Tous Les Produits\",\"item\":\"https:\\\/\\\/vitablanca.ma\\\/tous-les-produits\\\/\"},{\"@type\":\"ListItem\",\"position\":3,\"name\":\"Biokap Nutricolor Delicato Spray Retouche 75ml\"}]},{\"@type\":\"WebSite\",\"@id\":\"https:\\\/\\\/vitablanca.ma\\\/#website\",\"url\":\"https:\\\/\\\/vitablanca.ma\\\/\",\"name\":\"VitaBlanca.ma | Compl\u00e9ments alimentaires, sant\u00e9 & beaut\u00e9 au Maroc\",\"description\":\"vendre vitamines et compl\u00e9ments premium des USA &amp; Canada, Nouvelle Z\u00e9lande,Maroc (NOW Foods, Solgar, Manuka). Livraison rapide partout au Maroc.\",\"publisher\":{\"@id\":\"https:\\\/\\\/vitablanca.ma\\\/#organization\"},\"alternateName\":\"VitaBlanca.ma\",\"potentialAction\":[{\"@type\":\"SearchAction\",\"target\":{\"@type\":\"EntryPoint\",\"urlTemplate\":\"https:\\\/\\\/vitablanca.ma\\\/?s={search_term_string}\"},\"query-input\":{\"@type\":\"PropertyValueSpecification\",\"valueRequired\":true,\"valueName\":\"search_term_string\"}}],\"inLanguage\":\"en-US\"},{\"@type\":\"Organization\",\"@id\":\"https:\\\/\\\/vitablanca.ma\\\/#organization\",\"name\":\"VitaBlanca\",\"url\":\"https:\\\/\\\/vitablanca.ma\\\/\",\"logo\":{\"@type\":\"ImageObject\",\"inLanguage\":\"en-US\",\"@id\":\"https:\\\/\\\/vitablanca.ma\\\/#\\\/schema\\\/logo\\\/image\\\/\",\"url\":\"https:\\\/\\\/vitablanca.ma\\\/wp-content\\\/uploads\\\/2025\\\/05\\\/cropped-vitablanca.png\",\"contentUrl\":\"https:\\\/\\\/vitablanca.ma\\\/wp-content\\\/uploads\\\/2025\\\/05\\\/cropped-vitablanca.png\",\"width\":360,\"height\":67,\"caption\":\"VitaBlanca\"},\"image\":{\"@id\":\"https:\\\/\\\/vitablanca.ma\\\/#\\\/schema\\\/logo\\\/image\\\/\"},\"sameAs\":[\"https:\\\/\\\/www.facebook.com\\\/profile.php?id=61576678196717\",\"https:\\\/\\\/www.tiktok.com\\\/@vitablanca.ma\",\"https:\\\/\\\/www.instagram.com\\\/vitablanca.ma\\\/\"]}]}<\/script>\n<!-- \/ Yoast SEO plugin. -->","yoast_head_json":{"title":"Biokap Nutricolor Delicato Retouching Spray 75ml - Morocco Price","description":"Biokap Nutricolor Delicato Touch-up Spray 75ml","robots":{"index":"index","follow":"follow","max-snippet":"max-snippet:-1","max-image-preview":"max-image-preview:large","max-video-preview":"max-video-preview:-1"},"canonical":"https:\/\/vitablanca.ma\/en\/product\/biokap-nutricolor-delicato-spray-retouche-75ml\/","og_locale":"en_US","og_type":"article","og_title":"Biokap Nutricolor Delicato Spray Retouche 75ml - Maroc Prix","og_description":"Biokap Nutricolor Delicato Spray Retouche 75ml","og_url":"https:\/\/vitablanca.ma\/en\/product\/biokap-nutricolor-delicato-spray-retouche-75ml\/","og_site_name":"Vitablanca.ma &ndash; Sant&eacute;, vitalit&eacute; et bien-&ecirc;tre pour tous les Marocains","article_publisher":"https:\/\/www.facebook.com\/profile.php?id=61576678196717","article_modified_time":"2025-06-10T16:35:10+00:00","og_image":[{"width":1000,"height":1000,"url":"https:\/\/vitablanca.ma\/wp-content\/uploads\/2025\/06\/Biokap-Nutricolor-Delicato-Spray-Retouche-blond-75ml-nova-parapharmacie-maroc_f3b9e45b-4443-4696-abd9-d4d8b6f74cd5.jpg","type":"image\/jpeg"}],"twitter_card":"summary_large_image","twitter_misc":{"Est. reading time":"2 minutes"},"schema":{"@context":"https:\/\/schema.org","@graph":[{"@type":["WebPage","ItemPage"],"@id":"https:\/\/vitablanca.ma\/produit\/biokap-nutricolor-delicato-spray-retouche-75ml\/","url":"https:\/\/vitablanca.ma\/produit\/biokap-nutricolor-delicato-spray-retouche-75ml\/","name":"Biokap Nutricolor Delicato Retouching Spray 75ml - Morocco Price","isPartOf":{"@id":"https:\/\/vitablanca.ma\/#website"},"primaryImageOfPage":{"@id":"https:\/\/vitablanca.ma\/produit\/biokap-nutricolor-delicato-spray-retouche-75ml\/#primaryimage"},"image":{"@id":"https:\/\/vitablanca.ma\/produit\/biokap-nutricolor-delicato-spray-retouche-75ml\/#primaryimage"},"thumbnailUrl":"https:\/\/vitablanca.ma\/wp-content\/uploads\/2025\/06\/Biokap-Nutricolor-Delicato-Spray-Retouche-blond-75ml-nova-parapharmacie-maroc_f3b9e45b-4443-4696-abd9-d4d8b6f74cd5.jpg","datePublished":"2025-06-10T16:35:08+00:00","dateModified":"2025-06-10T16:35:10+00:00","description":"Biokap Nutricolor Delicato Touch-up Spray 75ml","breadcrumb":{"@id":"https:\/\/vitablanca.ma\/produit\/biokap-nutricolor-delicato-spray-retouche-75ml\/#breadcrumb"},"inLanguage":"en-US","potentialAction":[{"@type":"ReadAction","target":["https:\/\/vitablanca.ma\/produit\/biokap-nutricolor-delicato-spray-retouche-75ml\/"]}]},{"@type":"ImageObject","inLanguage":"en-US","@id":"https:\/\/vitablanca.ma\/produit\/biokap-nutricolor-delicato-spray-retouche-75ml\/#primaryimage","url":"https:\/\/vitablanca.ma\/wp-content\/uploads\/2025\/06\/Biokap-Nutricolor-Delicato-Spray-Retouche-blond-75ml-nova-parapharmacie-maroc_f3b9e45b-4443-4696-abd9-d4d8b6f74cd5.jpg","contentUrl":"https:\/\/vitablanca.ma\/wp-content\/uploads\/2025\/06\/Biokap-Nutricolor-Delicato-Spray-Retouche-blond-75ml-nova-parapharmacie-maroc_f3b9e45b-4443-4696-abd9-d4d8b6f74cd5.jpg","width":1000,"height":1000},{"@type":"BreadcrumbList","@id":"https:\/\/vitablanca.ma\/produit\/biokap-nutricolor-delicato-spray-retouche-75ml\/#breadcrumb","itemListElement":[{"@type":"ListItem","position":1,"name":"Home","item":"https:\/\/vitablanca.ma\/"},{"@type":"ListItem","position":2,"name":"Tous Les Produits","item":"https:\/\/vitablanca.ma\/tous-les-produits\/"},{"@type":"ListItem","position":3,"name":"Biokap Nutricolor Delicato Spray Retouche 75ml"}]},{"@type":"WebSite","@id":"https:\/\/vitablanca.ma\/#website","url":"https:\/\/vitablanca.ma\/","name":"VitaBlanca.ma | Food supplements, health &amp; beauty in Morocco","description":"sell premium vitamins and supplements from USA &amp; Canada, New Zealand, Morocco (NOW Foods, Solgar, Manuka). Fast delivery anywhere in Morocco.","publisher":{"@id":"https:\/\/vitablanca.ma\/#organization"},"alternateName":"VitaBlanca.ma","potentialAction":[{"@type":"SearchAction","target":{"@type":"EntryPoint","urlTemplate":"https:\/\/vitablanca.ma\/?s={search_term_string}"},"query-input":{"@type":"PropertyValueSpecification","valueRequired":true,"valueName":"search_term_string"}}],"inLanguage":"en-US"},{"@type":"Organization","@id":"https:\/\/vitablanca.ma\/#organization","name":"VitaBlanca","url":"https:\/\/vitablanca.ma\/","logo":{"@type":"ImageObject","inLanguage":"en-US","@id":"https:\/\/vitablanca.ma\/#\/schema\/logo\/image\/","url":"https:\/\/vitablanca.ma\/wp-content\/uploads\/2025\/05\/cropped-vitablanca.png","contentUrl":"https:\/\/vitablanca.ma\/wp-content\/uploads\/2025\/05\/cropped-vitablanca.png","width":360,"height":67,"caption":"VitaBlanca"},"image":{"@id":"https:\/\/vitablanca.ma\/#\/schema\/logo\/image\/"},"sameAs":["https:\/\/www.facebook.com\/profile.php?id=61576678196717","https:\/\/www.tiktok.com\/@vitablanca.ma","https:\/\/www.instagram.com\/vitablanca.ma\/"]}]}},"jetpack_sharing_enabled":true,"_links":{"self":[{"href":"https:\/\/vitablanca.ma\/en\/wp-json\/wp\/v2\/product\/15939","targetHints":{"allow":["GET"]}}],"collection":[{"href":"https:\/\/vitablanca.ma\/en\/wp-json\/wp\/v2\/product"}],"about":[{"href":"https:\/\/vitablanca.ma\/en\/wp-json\/wp\/v2\/types\/product"}],"wp:featuredmedia":[{"embeddable":true,"href":"https:\/\/vitablanca.ma\/en\/wp-json\/wp\/v2\/media\/15905"}],"wp:attachment":[{"href":"https:\/\/vitablanca.ma\/en\/wp-json\/wp\/v2\/media?parent=15939"}],"wp:term":[{"taxonomy":"product_brand","embeddable":true,"href":"https:\/\/vitablanca.ma\/en\/wp-json\/wp\/v2\/product_brand?post=15939"},{"taxonomy":"product_cat","embeddable":true,"href":"https:\/\/vitablanca.ma\/en\/wp-json\/wp\/v2\/product_cat?post=15939"},{"taxonomy":"product_tag","embeddable":true,"href":"https:\/\/vitablanca.ma\/en\/wp-json\/wp\/v2\/product_tag?post=15939"}],"curies":[{"name":"wp","href":"https:\/\/api.w.org\/{rel}","templated":true}]}}