{"id":15889,"date":"2025-06-10T16:34:55","date_gmt":"2025-06-10T16:34:55","guid":{"rendered":"https:\/\/vitablanca.ma\/product\/biokap-nutricolor-delicato-teinture-pour-cheveux-140ml\/"},"modified":"2025-06-10T16:34:58","modified_gmt":"2025-06-10T16:34:58","slug":"biokap-nutricolor-delicato-teinture-pour-cheveux-140ml","status":"publish","type":"product","link":"https:\/\/vitablanca.ma\/en\/product\/biokap-nutricolor-delicato-teinture-pour-cheveux-140ml\/","title":{"rendered":"Biokap Nutricolor Delicato Hair Dye 140ml"},"content":{"rendered":"<h2>Biokap Nutricolor Delicato Hair Dye\u00a0<span>coloring care for the beauty and health of your hair<\/span><br \/>\n<\/h2>\n<p><span>To cover your gray hair or bring new shine to your natural color, demand the most delicate ammonia-free hair dye. Free from perfume and paraphenylenediamine, the BIOKAP Nutricolor DELICATO hair color range is composed of 92% plant-based or natural ingredients. It is particularly recommended for sensitive scalps and delicate hair. The colors cover 100% of gray hair and its composition, rich in plant-based ingredients, nourishes and cares for the hair.<\/span><\/p>\n<p class=\"p1\"><span>BioKap Nutricolor DELICATO is a hair color formulated with plant extracts that perfectly covers gray hair, from the first application and for a long time. Its exclusive formula combining TRICOREPAIR complex and organic ARGAN OIL, nourishes and repairs the hair during coloring.<\/span><\/p>\n<h3 class=\"tw-data-text tw-text-large XcVN5d tw-ta\" dir=\"ltr\" data-placeholder=\"Traduction\"><span>PRECIOUS PLANT INGREDIENTS<\/span><\/h3>\n<p class=\"p1\"><span>Nourished, softer and shinier hair thanks to the complex\u00a0<strong>TRICOREPAIR<\/strong>\u00a0 and to the<strong>ARGAN OIL<\/strong>\u00a0Organic. The TRICOREPAIR complex combines rice proteins, with restructuring and fortifying properties, a willow derivative that prolongs hair color, and lipophilic fruit acids that protect the scalp during application. Organic argan oil adds shine to hair.<\/span><span class=\"s1\"><br \/><\/span><\/p>\n<h3 class=\"p1\"><span>A WELL-TOLERATED HAIR DYE<\/span><\/h3>\n<p class=\"p1\"><span>Tincture formulated for sensitive scalp,\u00a0<strong>free of ammonia, parabens, resorcinol, paraphenylenediamine (PPD) and perfume<\/strong>. Dyes tested for nickel and under dermatological control by the University of Pavia.\u00a0<strong>Suitable for vegans<\/strong><\/span><span class=\"s1\"><br \/><\/span><\/p>\n<h3 class=\"p1\"><span>PACKAGING AND RECYCLABILITY<\/span><\/h3>\n<p class=\"p1\"><span>As with all BioKap products, the Nutricolor bottle is\u00a0<strong>100% recyclable<\/strong>All packaging is made from FSC certified paper.<\/span><\/p>\n<p><span>Instructions and packaging to be sorted with the cardboard.<\/span><\/p>\n<p><span>Nutrifix tube to be sorted with plastic.<\/span><\/p>\n<p><span>The rest in the daily trash.<\/span><\/p>\n<h3 class=\"p1\"><span>QUICK AND SIMPLE TO USE<\/span><\/h3>\n<p class=\"p1\"><span>To use BioKap Nutricolor DELICATO natural hair color, pour the contents of the coloring cream tube directly into the applicator bottle and shake well to mix. To avoid stains during handling, the bottle can be placed on the back of the case in the pre-cut area. A protective cape and a protective face cream are also included. Leave on for 35 minutes.<\/span><\/p>","protected":false},"excerpt":{"rendered":"<p>Biokap Nutricolor Delicato Teinture pour Cheveux\u00a0coloration soin pour la beaut\u00e9 et la sant\u00e9 de vos cheveux Pour couvrir vos cheveux blancs ou apporter un nouvel \u00e9clat \u00e0 votre couleur naturelle, exigez la plus d\u00e9licate des teintures pour cheveux sans ammoniaque. Sans parfum, ni paraph\u00e9nyl\u00e8nediamine, la gamme de colorations BIOKAP Nutricolor DELICATO est compos\u00e9e \u00e0 92% [&hellip;]<\/p>\n","protected":false},"featured_media":15857,"template":"","meta":{"om_disable_all_campaigns":false},"product_brand":[],"product_cat":[15],"product_tag":[],"class_list":{"0":"post-15889","1":"product","2":"type-product","3":"status-publish","4":"has-post-thumbnail","6":"product_cat-beaute-sante-complements-alimentaires-soins-et-bien-etre-au-meilleur-prix","8":"first","9":"instock","10":"sale","11":"taxable","12":"shipping-taxable","13":"purchasable","14":"product-type-variable"},"yoast_head":"<!-- This site is optimized with the Yoast SEO plugin v27.3 - https:\/\/yoast.com\/product\/yoast-seo-wordpress\/ -->\n<title>Biokap Nutricolor Delicato Teinture pour Cheveux 140ml - Maroc Prix<\/title>\n<meta name=\"description\" content=\"Biokap Nutricolor Delicato Teinture pour Cheveux 140ml\" \/>\n<meta name=\"robots\" content=\"index, follow, max-snippet:-1, max-image-preview:large, max-video-preview:-1\" \/>\n<link rel=\"canonical\" href=\"https:\/\/vitablanca.ma\/en\/product\/biokap-nutricolor-delicato-teinture-pour-cheveux-140ml\/\" \/>\n<meta property=\"og:locale\" content=\"en_US\" \/>\n<meta property=\"og:type\" content=\"article\" \/>\n<meta property=\"og:title\" content=\"Biokap Nutricolor Delicato Teinture pour Cheveux 140ml - Maroc Prix\" \/>\n<meta property=\"og:description\" content=\"Biokap Nutricolor Delicato Teinture pour Cheveux 140ml\" \/>\n<meta property=\"og:url\" content=\"https:\/\/vitablanca.ma\/en\/product\/biokap-nutricolor-delicato-teinture-pour-cheveux-140ml\/\" \/>\n<meta property=\"og:site_name\" content=\"Vitablanca.ma &ndash; Sant&eacute;, vitalit&eacute; et bien-&ecirc;tre pour tous les Marocains\" \/>\n<meta property=\"article:publisher\" content=\"https:\/\/www.facebook.com\/profile.php?id=61576678196717\" \/>\n<meta property=\"article:modified_time\" content=\"2025-06-10T16:34:58+00:00\" \/>\n<meta property=\"og:image\" content=\"https:\/\/vitablanca.ma\/wp-content\/uploads\/2025\/06\/Biokap-Nutricolor-Delicato-Teinture-pour-Cheveux-140ml-nova-parapharmacie-maroc.jpg\" \/>\n\t<meta property=\"og:image:width\" content=\"1000\" \/>\n\t<meta property=\"og:image:height\" content=\"1000\" \/>\n\t<meta property=\"og:image:type\" content=\"image\/jpeg\" \/>\n<meta name=\"twitter:card\" content=\"summary_large_image\" \/>\n<meta name=\"twitter:label1\" content=\"Est. reading time\" \/>\n\t<meta name=\"twitter:data1\" content=\"2 minutes\" \/>\n<script type=\"application\/ld+json\" class=\"yoast-schema-graph\">{\"@context\":\"https:\\\/\\\/schema.org\",\"@graph\":[{\"@type\":[\"WebPage\",\"ItemPage\"],\"@id\":\"https:\\\/\\\/vitablanca.ma\\\/produit\\\/biokap-nutricolor-delicato-teinture-pour-cheveux-140ml\\\/\",\"url\":\"https:\\\/\\\/vitablanca.ma\\\/produit\\\/biokap-nutricolor-delicato-teinture-pour-cheveux-140ml\\\/\",\"name\":\"Biokap Nutricolor Delicato Teinture pour Cheveux 140ml - Maroc Prix\",\"isPartOf\":{\"@id\":\"https:\\\/\\\/vitablanca.ma\\\/#website\"},\"primaryImageOfPage\":{\"@id\":\"https:\\\/\\\/vitablanca.ma\\\/produit\\\/biokap-nutricolor-delicato-teinture-pour-cheveux-140ml\\\/#primaryimage\"},\"image\":{\"@id\":\"https:\\\/\\\/vitablanca.ma\\\/produit\\\/biokap-nutricolor-delicato-teinture-pour-cheveux-140ml\\\/#primaryimage\"},\"thumbnailUrl\":\"https:\\\/\\\/vitablanca.ma\\\/wp-content\\\/uploads\\\/2025\\\/06\\\/Biokap-Nutricolor-Delicato-Teinture-pour-Cheveux-140ml-nova-parapharmacie-maroc.jpg\",\"datePublished\":\"2025-06-10T16:34:55+00:00\",\"dateModified\":\"2025-06-10T16:34:58+00:00\",\"description\":\"Biokap Nutricolor Delicato Teinture pour Cheveux 140ml\",\"breadcrumb\":{\"@id\":\"https:\\\/\\\/vitablanca.ma\\\/produit\\\/biokap-nutricolor-delicato-teinture-pour-cheveux-140ml\\\/#breadcrumb\"},\"inLanguage\":\"en-US\",\"potentialAction\":[{\"@type\":\"ReadAction\",\"target\":[\"https:\\\/\\\/vitablanca.ma\\\/produit\\\/biokap-nutricolor-delicato-teinture-pour-cheveux-140ml\\\/\"]}]},{\"@type\":\"ImageObject\",\"inLanguage\":\"en-US\",\"@id\":\"https:\\\/\\\/vitablanca.ma\\\/produit\\\/biokap-nutricolor-delicato-teinture-pour-cheveux-140ml\\\/#primaryimage\",\"url\":\"https:\\\/\\\/vitablanca.ma\\\/wp-content\\\/uploads\\\/2025\\\/06\\\/Biokap-Nutricolor-Delicato-Teinture-pour-Cheveux-140ml-nova-parapharmacie-maroc.jpg\",\"contentUrl\":\"https:\\\/\\\/vitablanca.ma\\\/wp-content\\\/uploads\\\/2025\\\/06\\\/Biokap-Nutricolor-Delicato-Teinture-pour-Cheveux-140ml-nova-parapharmacie-maroc.jpg\",\"width\":1000,\"height\":1000},{\"@type\":\"BreadcrumbList\",\"@id\":\"https:\\\/\\\/vitablanca.ma\\\/produit\\\/biokap-nutricolor-delicato-teinture-pour-cheveux-140ml\\\/#breadcrumb\",\"itemListElement\":[{\"@type\":\"ListItem\",\"position\":1,\"name\":\"Home\",\"item\":\"https:\\\/\\\/vitablanca.ma\\\/\"},{\"@type\":\"ListItem\",\"position\":2,\"name\":\"Tous Les Produits\",\"item\":\"https:\\\/\\\/vitablanca.ma\\\/tous-les-produits\\\/\"},{\"@type\":\"ListItem\",\"position\":3,\"name\":\"Biokap Nutricolor Delicato Teinture pour Cheveux 140ml\"}]},{\"@type\":\"WebSite\",\"@id\":\"https:\\\/\\\/vitablanca.ma\\\/#website\",\"url\":\"https:\\\/\\\/vitablanca.ma\\\/\",\"name\":\"VitaBlanca.ma | Compl\u00e9ments alimentaires, sant\u00e9 & beaut\u00e9 au Maroc\",\"description\":\"vendre vitamines et compl\u00e9ments premium des USA &amp; Canada, Nouvelle Z\u00e9lande,Maroc (NOW Foods, Solgar, Manuka). Livraison rapide partout au Maroc.\",\"publisher\":{\"@id\":\"https:\\\/\\\/vitablanca.ma\\\/#organization\"},\"alternateName\":\"VitaBlanca.ma\",\"potentialAction\":[{\"@type\":\"SearchAction\",\"target\":{\"@type\":\"EntryPoint\",\"urlTemplate\":\"https:\\\/\\\/vitablanca.ma\\\/?s={search_term_string}\"},\"query-input\":{\"@type\":\"PropertyValueSpecification\",\"valueRequired\":true,\"valueName\":\"search_term_string\"}}],\"inLanguage\":\"en-US\"},{\"@type\":\"Organization\",\"@id\":\"https:\\\/\\\/vitablanca.ma\\\/#organization\",\"name\":\"VitaBlanca\",\"url\":\"https:\\\/\\\/vitablanca.ma\\\/\",\"logo\":{\"@type\":\"ImageObject\",\"inLanguage\":\"en-US\",\"@id\":\"https:\\\/\\\/vitablanca.ma\\\/#\\\/schema\\\/logo\\\/image\\\/\",\"url\":\"https:\\\/\\\/vitablanca.ma\\\/wp-content\\\/uploads\\\/2025\\\/05\\\/cropped-vitablanca.png\",\"contentUrl\":\"https:\\\/\\\/vitablanca.ma\\\/wp-content\\\/uploads\\\/2025\\\/05\\\/cropped-vitablanca.png\",\"width\":360,\"height\":67,\"caption\":\"VitaBlanca\"},\"image\":{\"@id\":\"https:\\\/\\\/vitablanca.ma\\\/#\\\/schema\\\/logo\\\/image\\\/\"},\"sameAs\":[\"https:\\\/\\\/www.facebook.com\\\/profile.php?id=61576678196717\",\"https:\\\/\\\/www.tiktok.com\\\/@vitablanca.ma\",\"https:\\\/\\\/www.instagram.com\\\/vitablanca.ma\\\/\"]}]}<\/script>\n<!-- \/ Yoast SEO plugin. -->","yoast_head_json":{"title":"Biokap Nutricolor Delicato Hair Dye 140ml - Morocco Price","description":"Biokap Nutricolor Delicato Hair Dye 140ml","robots":{"index":"index","follow":"follow","max-snippet":"max-snippet:-1","max-image-preview":"max-image-preview:large","max-video-preview":"max-video-preview:-1"},"canonical":"https:\/\/vitablanca.ma\/en\/product\/biokap-nutricolor-delicato-teinture-pour-cheveux-140ml\/","og_locale":"en_US","og_type":"article","og_title":"Biokap Nutricolor Delicato Teinture pour Cheveux 140ml - Maroc Prix","og_description":"Biokap Nutricolor Delicato Teinture pour Cheveux 140ml","og_url":"https:\/\/vitablanca.ma\/en\/product\/biokap-nutricolor-delicato-teinture-pour-cheveux-140ml\/","og_site_name":"Vitablanca.ma &ndash; Sant&eacute;, vitalit&eacute; et bien-&ecirc;tre pour tous les Marocains","article_publisher":"https:\/\/www.facebook.com\/profile.php?id=61576678196717","article_modified_time":"2025-06-10T16:34:58+00:00","og_image":[{"width":1000,"height":1000,"url":"https:\/\/vitablanca.ma\/wp-content\/uploads\/2025\/06\/Biokap-Nutricolor-Delicato-Teinture-pour-Cheveux-140ml-nova-parapharmacie-maroc.jpg","type":"image\/jpeg"}],"twitter_card":"summary_large_image","twitter_misc":{"Est. reading time":"2 minutes"},"schema":{"@context":"https:\/\/schema.org","@graph":[{"@type":["WebPage","ItemPage"],"@id":"https:\/\/vitablanca.ma\/produit\/biokap-nutricolor-delicato-teinture-pour-cheveux-140ml\/","url":"https:\/\/vitablanca.ma\/produit\/biokap-nutricolor-delicato-teinture-pour-cheveux-140ml\/","name":"Biokap Nutricolor Delicato Hair Dye 140ml - Morocco Price","isPartOf":{"@id":"https:\/\/vitablanca.ma\/#website"},"primaryImageOfPage":{"@id":"https:\/\/vitablanca.ma\/produit\/biokap-nutricolor-delicato-teinture-pour-cheveux-140ml\/#primaryimage"},"image":{"@id":"https:\/\/vitablanca.ma\/produit\/biokap-nutricolor-delicato-teinture-pour-cheveux-140ml\/#primaryimage"},"thumbnailUrl":"https:\/\/vitablanca.ma\/wp-content\/uploads\/2025\/06\/Biokap-Nutricolor-Delicato-Teinture-pour-Cheveux-140ml-nova-parapharmacie-maroc.jpg","datePublished":"2025-06-10T16:34:55+00:00","dateModified":"2025-06-10T16:34:58+00:00","description":"Biokap Nutricolor Delicato Hair Dye 140ml","breadcrumb":{"@id":"https:\/\/vitablanca.ma\/produit\/biokap-nutricolor-delicato-teinture-pour-cheveux-140ml\/#breadcrumb"},"inLanguage":"en-US","potentialAction":[{"@type":"ReadAction","target":["https:\/\/vitablanca.ma\/produit\/biokap-nutricolor-delicato-teinture-pour-cheveux-140ml\/"]}]},{"@type":"ImageObject","inLanguage":"en-US","@id":"https:\/\/vitablanca.ma\/produit\/biokap-nutricolor-delicato-teinture-pour-cheveux-140ml\/#primaryimage","url":"https:\/\/vitablanca.ma\/wp-content\/uploads\/2025\/06\/Biokap-Nutricolor-Delicato-Teinture-pour-Cheveux-140ml-nova-parapharmacie-maroc.jpg","contentUrl":"https:\/\/vitablanca.ma\/wp-content\/uploads\/2025\/06\/Biokap-Nutricolor-Delicato-Teinture-pour-Cheveux-140ml-nova-parapharmacie-maroc.jpg","width":1000,"height":1000},{"@type":"BreadcrumbList","@id":"https:\/\/vitablanca.ma\/produit\/biokap-nutricolor-delicato-teinture-pour-cheveux-140ml\/#breadcrumb","itemListElement":[{"@type":"ListItem","position":1,"name":"Home","item":"https:\/\/vitablanca.ma\/"},{"@type":"ListItem","position":2,"name":"Tous Les Produits","item":"https:\/\/vitablanca.ma\/tous-les-produits\/"},{"@type":"ListItem","position":3,"name":"Biokap Nutricolor Delicato Teinture pour Cheveux 140ml"}]},{"@type":"WebSite","@id":"https:\/\/vitablanca.ma\/#website","url":"https:\/\/vitablanca.ma\/","name":"VitaBlanca.ma | Food supplements, health &amp; beauty in Morocco","description":"sell premium vitamins and supplements from USA &amp; Canada, New Zealand, Morocco (NOW Foods, Solgar, Manuka). Fast delivery anywhere in Morocco.","publisher":{"@id":"https:\/\/vitablanca.ma\/#organization"},"alternateName":"VitaBlanca.ma","potentialAction":[{"@type":"SearchAction","target":{"@type":"EntryPoint","urlTemplate":"https:\/\/vitablanca.ma\/?s={search_term_string}"},"query-input":{"@type":"PropertyValueSpecification","valueRequired":true,"valueName":"search_term_string"}}],"inLanguage":"en-US"},{"@type":"Organization","@id":"https:\/\/vitablanca.ma\/#organization","name":"VitaBlanca","url":"https:\/\/vitablanca.ma\/","logo":{"@type":"ImageObject","inLanguage":"en-US","@id":"https:\/\/vitablanca.ma\/#\/schema\/logo\/image\/","url":"https:\/\/vitablanca.ma\/wp-content\/uploads\/2025\/05\/cropped-vitablanca.png","contentUrl":"https:\/\/vitablanca.ma\/wp-content\/uploads\/2025\/05\/cropped-vitablanca.png","width":360,"height":67,"caption":"VitaBlanca"},"image":{"@id":"https:\/\/vitablanca.ma\/#\/schema\/logo\/image\/"},"sameAs":["https:\/\/www.facebook.com\/profile.php?id=61576678196717","https:\/\/www.tiktok.com\/@vitablanca.ma","https:\/\/www.instagram.com\/vitablanca.ma\/"]}]}},"jetpack_sharing_enabled":true,"_links":{"self":[{"href":"https:\/\/vitablanca.ma\/en\/wp-json\/wp\/v2\/product\/15889","targetHints":{"allow":["GET"]}}],"collection":[{"href":"https:\/\/vitablanca.ma\/en\/wp-json\/wp\/v2\/product"}],"about":[{"href":"https:\/\/vitablanca.ma\/en\/wp-json\/wp\/v2\/types\/product"}],"wp:featuredmedia":[{"embeddable":true,"href":"https:\/\/vitablanca.ma\/en\/wp-json\/wp\/v2\/media\/15857"}],"wp:attachment":[{"href":"https:\/\/vitablanca.ma\/en\/wp-json\/wp\/v2\/media?parent=15889"}],"wp:term":[{"taxonomy":"product_brand","embeddable":true,"href":"https:\/\/vitablanca.ma\/en\/wp-json\/wp\/v2\/product_brand?post=15889"},{"taxonomy":"product_cat","embeddable":true,"href":"https:\/\/vitablanca.ma\/en\/wp-json\/wp\/v2\/product_cat?post=15889"},{"taxonomy":"product_tag","embeddable":true,"href":"https:\/\/vitablanca.ma\/en\/wp-json\/wp\/v2\/product_tag?post=15889"}],"curies":[{"name":"wp","href":"https:\/\/api.w.org\/{rel}","templated":true}]}}