{"id":15880,"date":"2025-06-10T16:34:45","date_gmt":"2025-06-10T16:34:45","guid":{"rendered":"https:\/\/vitablanca.ma\/product\/bionike-acteen-quick-pen-anti-imperfection-lotion-10ml\/"},"modified":"2025-06-10T16:34:45","modified_gmt":"2025-06-10T16:34:45","slug":"bionike-acteen-quick-pen-anti-imperfection-lotion-10ml","status":"publish","type":"product","link":"https:\/\/vitablanca.ma\/en\/product\/bionike-acteen-quick-pen-anti-imperfection-lotion-10ml\/","title":{"rendered":"Bionike Acteen Quick Pen Anti Imperfection Lotion 10ml"},"content":{"rendered":"<h2>Bionike Acteen Quick Pen Anti Imperfection Lotion <span data-mce-fragment=\"1\">to help eliminate them faster.<\/span><span data-mce-fragment=\"1\">\u00a0<\/span><br \/>\n<\/h2>\n<div class=\"node-product_info text-center\">\n<div class=\"node-product_indications\">SEBORRHEIC SKIN WITH A PRONE PRONENESS.<br \/>10ml.<\/div>\n<div class=\"node-product_indications\"><\/div>\n<\/div>\n<div class=\"node-product_short-desc\">\n<p>Intensive topical treatment to be used directly on blemishes to promote faster disappearance. Presented in the form of an ultra-practical applicator pen, it dries quickly and allows precise application directly to blemishes, even several times a day.<br \/>Thanks to the presence of specific active ingredients, it has a purifying and astringent action.<\/p>\n<h3>Recommended for<\/h3>\n<p>Treat skin imperfections locally to speed up their disappearance.<\/p>\n<h3>Instructions for use<\/h3>\n<p>Apply directly to imperfections, even several times a day. Do not apply to the eye area.<\/p>\n<h3>Composition<\/h3>\n<p><strong>Salicylic acid:<\/strong>\u00a0It facilitates the elimination of dead cells and excess sebum.<\/p>\n<p><strong>Bacteriostatic complex:<\/strong>\u00a0It normalizes bacterial proliferation.<\/p>\n<p><strong>Combination of oleanolic acid and nordihydroguaiaretic acid:\u00a0<\/strong>It reduces excess sebum, hyperkeratosis, inflammation and bacterial proliferation.<\/p>\n<p><strong>Allantoin:\u00a0<\/strong>It promotes cell renewal and reduces any redness.<\/p>\n<p><strong>Vitamin E:\u00a0<\/strong>It has an antioxidant and moisturizing action.<\/p>\n<\/div>","protected":false},"excerpt":{"rendered":"<p>Bionike Acteen Quick Pen Anti Imperfection Lotion pour aider \u00e0 les \u00e9liminer plus rapidement.\u00a0 PEAUX SEBORRHEIQUES A TENDANCE ACNEIQUE.10ml. Traitement local intensif \u00e0 utiliser directement sur les imperfections pour favoriser une disparition plus rapide. Pr\u00e9sent\u00e9 sous forme de stylo applicateur ultra pratique, il s\u00e8che rapidement et permet une application pr\u00e9cise directement sur les imperfections, m\u00eame [&hellip;]<\/p>\n","protected":false},"featured_media":15879,"template":"","meta":{"om_disable_all_campaigns":false},"product_brand":[],"product_cat":[15],"product_tag":[],"class_list":{"0":"post-15880","1":"product","2":"type-product","3":"status-publish","4":"has-post-thumbnail","6":"product_cat-beaute-sante-complements-alimentaires-soins-et-bien-etre-au-meilleur-prix","8":"first","9":"instock","10":"sale","11":"taxable","12":"shipping-taxable","13":"purchasable","14":"product-type-simple"},"yoast_head":"<!-- This site is optimized with the Yoast SEO plugin v27.3 - https:\/\/yoast.com\/product\/yoast-seo-wordpress\/ -->\n<title>Bionike Acteen Quick Pen Anti Imperfection Lotion 10ml - Maroc Prix<\/title>\n<meta name=\"description\" content=\"Bionike Acteen Quick Pen Anti Imperfection Lotion 10ml\" \/>\n<meta name=\"robots\" content=\"index, follow, max-snippet:-1, max-image-preview:large, max-video-preview:-1\" \/>\n<link rel=\"canonical\" href=\"https:\/\/vitablanca.ma\/en\/product\/bionike-acteen-quick-pen-anti-imperfection-lotion-10ml\/\" \/>\n<meta property=\"og:locale\" content=\"en_US\" \/>\n<meta property=\"og:type\" content=\"article\" \/>\n<meta property=\"og:title\" content=\"Bionike Acteen Quick Pen Anti Imperfection Lotion 10ml - Maroc Prix\" \/>\n<meta property=\"og:description\" content=\"Bionike Acteen Quick Pen Anti Imperfection Lotion 10ml\" \/>\n<meta property=\"og:url\" content=\"https:\/\/vitablanca.ma\/en\/product\/bionike-acteen-quick-pen-anti-imperfection-lotion-10ml\/\" \/>\n<meta property=\"og:site_name\" content=\"Vitablanca.ma &ndash; Sant&eacute;, vitalit&eacute; et bien-&ecirc;tre pour tous les Marocains\" \/>\n<meta property=\"article:publisher\" content=\"https:\/\/www.facebook.com\/profile.php?id=61576678196717\" \/>\n<meta property=\"og:image\" content=\"https:\/\/vitablanca.ma\/wp-content\/uploads\/2025\/06\/Bionike-Acteen-Quick-Pen-Anti-Imperfection-Lotion-10ml-nova-parapharmacie-maroc.jpg\" \/>\n\t<meta property=\"og:image:width\" content=\"1000\" \/>\n\t<meta property=\"og:image:height\" content=\"1000\" \/>\n\t<meta property=\"og:image:type\" content=\"image\/jpeg\" \/>\n<meta name=\"twitter:card\" content=\"summary_large_image\" \/>\n<meta name=\"twitter:label1\" content=\"Est. reading time\" \/>\n\t<meta name=\"twitter:data1\" content=\"1 minute\" \/>\n<script type=\"application\/ld+json\" class=\"yoast-schema-graph\">{\"@context\":\"https:\\\/\\\/schema.org\",\"@graph\":[{\"@type\":[\"WebPage\",\"ItemPage\"],\"@id\":\"https:\\\/\\\/vitablanca.ma\\\/produit\\\/bionike-acteen-quick-pen-anti-imperfection-lotion-10ml\\\/\",\"url\":\"https:\\\/\\\/vitablanca.ma\\\/produit\\\/bionike-acteen-quick-pen-anti-imperfection-lotion-10ml\\\/\",\"name\":\"Bionike Acteen Quick Pen Anti Imperfection Lotion 10ml - Maroc Prix\",\"isPartOf\":{\"@id\":\"https:\\\/\\\/vitablanca.ma\\\/#website\"},\"primaryImageOfPage\":{\"@id\":\"https:\\\/\\\/vitablanca.ma\\\/produit\\\/bionike-acteen-quick-pen-anti-imperfection-lotion-10ml\\\/#primaryimage\"},\"image\":{\"@id\":\"https:\\\/\\\/vitablanca.ma\\\/produit\\\/bionike-acteen-quick-pen-anti-imperfection-lotion-10ml\\\/#primaryimage\"},\"thumbnailUrl\":\"https:\\\/\\\/vitablanca.ma\\\/wp-content\\\/uploads\\\/2025\\\/06\\\/Bionike-Acteen-Quick-Pen-Anti-Imperfection-Lotion-10ml-nova-parapharmacie-maroc.jpg\",\"datePublished\":\"2025-06-10T16:34:45+00:00\",\"description\":\"Bionike Acteen Quick Pen Anti Imperfection Lotion 10ml\",\"breadcrumb\":{\"@id\":\"https:\\\/\\\/vitablanca.ma\\\/produit\\\/bionike-acteen-quick-pen-anti-imperfection-lotion-10ml\\\/#breadcrumb\"},\"inLanguage\":\"en-US\",\"potentialAction\":[{\"@type\":\"ReadAction\",\"target\":[\"https:\\\/\\\/vitablanca.ma\\\/produit\\\/bionike-acteen-quick-pen-anti-imperfection-lotion-10ml\\\/\"]}]},{\"@type\":\"ImageObject\",\"inLanguage\":\"en-US\",\"@id\":\"https:\\\/\\\/vitablanca.ma\\\/produit\\\/bionike-acteen-quick-pen-anti-imperfection-lotion-10ml\\\/#primaryimage\",\"url\":\"https:\\\/\\\/vitablanca.ma\\\/wp-content\\\/uploads\\\/2025\\\/06\\\/Bionike-Acteen-Quick-Pen-Anti-Imperfection-Lotion-10ml-nova-parapharmacie-maroc.jpg\",\"contentUrl\":\"https:\\\/\\\/vitablanca.ma\\\/wp-content\\\/uploads\\\/2025\\\/06\\\/Bionike-Acteen-Quick-Pen-Anti-Imperfection-Lotion-10ml-nova-parapharmacie-maroc.jpg\",\"width\":1000,\"height\":1000},{\"@type\":\"BreadcrumbList\",\"@id\":\"https:\\\/\\\/vitablanca.ma\\\/produit\\\/bionike-acteen-quick-pen-anti-imperfection-lotion-10ml\\\/#breadcrumb\",\"itemListElement\":[{\"@type\":\"ListItem\",\"position\":1,\"name\":\"Home\",\"item\":\"https:\\\/\\\/vitablanca.ma\\\/\"},{\"@type\":\"ListItem\",\"position\":2,\"name\":\"Tous Les Produits\",\"item\":\"https:\\\/\\\/vitablanca.ma\\\/tous-les-produits\\\/\"},{\"@type\":\"ListItem\",\"position\":3,\"name\":\"Bionike Acteen Quick Pen Anti Imperfection Lotion 10ml\"}]},{\"@type\":\"WebSite\",\"@id\":\"https:\\\/\\\/vitablanca.ma\\\/#website\",\"url\":\"https:\\\/\\\/vitablanca.ma\\\/\",\"name\":\"VitaBlanca.ma | Compl\u00e9ments alimentaires, sant\u00e9 & beaut\u00e9 au Maroc\",\"description\":\"vendre vitamines et compl\u00e9ments premium des USA &amp; Canada, Nouvelle Z\u00e9lande,Maroc (NOW Foods, Solgar, Manuka). Livraison rapide partout au Maroc.\",\"publisher\":{\"@id\":\"https:\\\/\\\/vitablanca.ma\\\/#organization\"},\"alternateName\":\"VitaBlanca.ma\",\"potentialAction\":[{\"@type\":\"SearchAction\",\"target\":{\"@type\":\"EntryPoint\",\"urlTemplate\":\"https:\\\/\\\/vitablanca.ma\\\/?s={search_term_string}\"},\"query-input\":{\"@type\":\"PropertyValueSpecification\",\"valueRequired\":true,\"valueName\":\"search_term_string\"}}],\"inLanguage\":\"en-US\"},{\"@type\":\"Organization\",\"@id\":\"https:\\\/\\\/vitablanca.ma\\\/#organization\",\"name\":\"VitaBlanca\",\"url\":\"https:\\\/\\\/vitablanca.ma\\\/\",\"logo\":{\"@type\":\"ImageObject\",\"inLanguage\":\"en-US\",\"@id\":\"https:\\\/\\\/vitablanca.ma\\\/#\\\/schema\\\/logo\\\/image\\\/\",\"url\":\"https:\\\/\\\/vitablanca.ma\\\/wp-content\\\/uploads\\\/2025\\\/05\\\/cropped-vitablanca.png\",\"contentUrl\":\"https:\\\/\\\/vitablanca.ma\\\/wp-content\\\/uploads\\\/2025\\\/05\\\/cropped-vitablanca.png\",\"width\":360,\"height\":67,\"caption\":\"VitaBlanca\"},\"image\":{\"@id\":\"https:\\\/\\\/vitablanca.ma\\\/#\\\/schema\\\/logo\\\/image\\\/\"},\"sameAs\":[\"https:\\\/\\\/www.facebook.com\\\/profile.php?id=61576678196717\",\"https:\\\/\\\/www.tiktok.com\\\/@vitablanca.ma\",\"https:\\\/\\\/www.instagram.com\\\/vitablanca.ma\\\/\"]}]}<\/script>\n<!-- \/ Yoast SEO plugin. -->","yoast_head_json":{"title":"Bionike Acteen Quick Pen Anti Imperfection Lotion 10ml - Morocco Price","description":"Bionike Acteen Quick Pen Anti Imperfection Lotion 10ml","robots":{"index":"index","follow":"follow","max-snippet":"max-snippet:-1","max-image-preview":"max-image-preview:large","max-video-preview":"max-video-preview:-1"},"canonical":"https:\/\/vitablanca.ma\/en\/product\/bionike-acteen-quick-pen-anti-imperfection-lotion-10ml\/","og_locale":"en_US","og_type":"article","og_title":"Bionike Acteen Quick Pen Anti Imperfection Lotion 10ml - Maroc Prix","og_description":"Bionike Acteen Quick Pen Anti Imperfection Lotion 10ml","og_url":"https:\/\/vitablanca.ma\/en\/product\/bionike-acteen-quick-pen-anti-imperfection-lotion-10ml\/","og_site_name":"Vitablanca.ma &ndash; Sant&eacute;, vitalit&eacute; et bien-&ecirc;tre pour tous les Marocains","article_publisher":"https:\/\/www.facebook.com\/profile.php?id=61576678196717","og_image":[{"width":1000,"height":1000,"url":"https:\/\/vitablanca.ma\/wp-content\/uploads\/2025\/06\/Bionike-Acteen-Quick-Pen-Anti-Imperfection-Lotion-10ml-nova-parapharmacie-maroc.jpg","type":"image\/jpeg"}],"twitter_card":"summary_large_image","twitter_misc":{"Est. reading time":"1 minute"},"schema":{"@context":"https:\/\/schema.org","@graph":[{"@type":["WebPage","ItemPage"],"@id":"https:\/\/vitablanca.ma\/produit\/bionike-acteen-quick-pen-anti-imperfection-lotion-10ml\/","url":"https:\/\/vitablanca.ma\/produit\/bionike-acteen-quick-pen-anti-imperfection-lotion-10ml\/","name":"Bionike Acteen Quick Pen Anti Imperfection Lotion 10ml - Morocco Price","isPartOf":{"@id":"https:\/\/vitablanca.ma\/#website"},"primaryImageOfPage":{"@id":"https:\/\/vitablanca.ma\/produit\/bionike-acteen-quick-pen-anti-imperfection-lotion-10ml\/#primaryimage"},"image":{"@id":"https:\/\/vitablanca.ma\/produit\/bionike-acteen-quick-pen-anti-imperfection-lotion-10ml\/#primaryimage"},"thumbnailUrl":"https:\/\/vitablanca.ma\/wp-content\/uploads\/2025\/06\/Bionike-Acteen-Quick-Pen-Anti-Imperfection-Lotion-10ml-nova-parapharmacie-maroc.jpg","datePublished":"2025-06-10T16:34:45+00:00","description":"Bionike Acteen Quick Pen Anti Imperfection Lotion 10ml","breadcrumb":{"@id":"https:\/\/vitablanca.ma\/produit\/bionike-acteen-quick-pen-anti-imperfection-lotion-10ml\/#breadcrumb"},"inLanguage":"en-US","potentialAction":[{"@type":"ReadAction","target":["https:\/\/vitablanca.ma\/produit\/bionike-acteen-quick-pen-anti-imperfection-lotion-10ml\/"]}]},{"@type":"ImageObject","inLanguage":"en-US","@id":"https:\/\/vitablanca.ma\/produit\/bionike-acteen-quick-pen-anti-imperfection-lotion-10ml\/#primaryimage","url":"https:\/\/vitablanca.ma\/wp-content\/uploads\/2025\/06\/Bionike-Acteen-Quick-Pen-Anti-Imperfection-Lotion-10ml-nova-parapharmacie-maroc.jpg","contentUrl":"https:\/\/vitablanca.ma\/wp-content\/uploads\/2025\/06\/Bionike-Acteen-Quick-Pen-Anti-Imperfection-Lotion-10ml-nova-parapharmacie-maroc.jpg","width":1000,"height":1000},{"@type":"BreadcrumbList","@id":"https:\/\/vitablanca.ma\/produit\/bionike-acteen-quick-pen-anti-imperfection-lotion-10ml\/#breadcrumb","itemListElement":[{"@type":"ListItem","position":1,"name":"Home","item":"https:\/\/vitablanca.ma\/"},{"@type":"ListItem","position":2,"name":"Tous Les Produits","item":"https:\/\/vitablanca.ma\/tous-les-produits\/"},{"@type":"ListItem","position":3,"name":"Bionike Acteen Quick Pen Anti Imperfection Lotion 10ml"}]},{"@type":"WebSite","@id":"https:\/\/vitablanca.ma\/#website","url":"https:\/\/vitablanca.ma\/","name":"VitaBlanca.ma | Food supplements, health &amp; beauty in Morocco","description":"sell premium vitamins and supplements from USA &amp; Canada, New Zealand, Morocco (NOW Foods, Solgar, Manuka). Fast delivery anywhere in Morocco.","publisher":{"@id":"https:\/\/vitablanca.ma\/#organization"},"alternateName":"VitaBlanca.ma","potentialAction":[{"@type":"SearchAction","target":{"@type":"EntryPoint","urlTemplate":"https:\/\/vitablanca.ma\/?s={search_term_string}"},"query-input":{"@type":"PropertyValueSpecification","valueRequired":true,"valueName":"search_term_string"}}],"inLanguage":"en-US"},{"@type":"Organization","@id":"https:\/\/vitablanca.ma\/#organization","name":"VitaBlanca","url":"https:\/\/vitablanca.ma\/","logo":{"@type":"ImageObject","inLanguage":"en-US","@id":"https:\/\/vitablanca.ma\/#\/schema\/logo\/image\/","url":"https:\/\/vitablanca.ma\/wp-content\/uploads\/2025\/05\/cropped-vitablanca.png","contentUrl":"https:\/\/vitablanca.ma\/wp-content\/uploads\/2025\/05\/cropped-vitablanca.png","width":360,"height":67,"caption":"VitaBlanca"},"image":{"@id":"https:\/\/vitablanca.ma\/#\/schema\/logo\/image\/"},"sameAs":["https:\/\/www.facebook.com\/profile.php?id=61576678196717","https:\/\/www.tiktok.com\/@vitablanca.ma","https:\/\/www.instagram.com\/vitablanca.ma\/"]}]}},"jetpack_sharing_enabled":true,"_links":{"self":[{"href":"https:\/\/vitablanca.ma\/en\/wp-json\/wp\/v2\/product\/15880","targetHints":{"allow":["GET"]}}],"collection":[{"href":"https:\/\/vitablanca.ma\/en\/wp-json\/wp\/v2\/product"}],"about":[{"href":"https:\/\/vitablanca.ma\/en\/wp-json\/wp\/v2\/types\/product"}],"wp:featuredmedia":[{"embeddable":true,"href":"https:\/\/vitablanca.ma\/en\/wp-json\/wp\/v2\/media\/15879"}],"wp:attachment":[{"href":"https:\/\/vitablanca.ma\/en\/wp-json\/wp\/v2\/media?parent=15880"}],"wp:term":[{"taxonomy":"product_brand","embeddable":true,"href":"https:\/\/vitablanca.ma\/en\/wp-json\/wp\/v2\/product_brand?post=15880"},{"taxonomy":"product_cat","embeddable":true,"href":"https:\/\/vitablanca.ma\/en\/wp-json\/wp\/v2\/product_cat?post=15880"},{"taxonomy":"product_tag","embeddable":true,"href":"https:\/\/vitablanca.ma\/en\/wp-json\/wp\/v2\/product_tag?post=15880"}],"curies":[{"name":"wp","href":"https:\/\/api.w.org\/{rel}","templated":true}]}}