{"id":15837,"date":"2025-06-10T16:34:01","date_gmt":"2025-06-10T16:34:01","guid":{"rendered":"https:\/\/vitablanca.ma\/product\/bionike-defence-hydratant-radiance-gel-creme-50ml\/"},"modified":"2025-06-10T16:34:01","modified_gmt":"2025-06-10T16:34:01","slug":"bionike-defence-hydratant-radiance-gel-creme-50ml","status":"publish","type":"product","link":"https:\/\/vitablanca.ma\/en\/product\/bionike-defence-hydratant-radiance-gel-creme-50ml\/","title":{"rendered":"Bionike Defence Hydrating Radiance Gel Cream 50ml"},"content":{"rendered":"<h2>Bionike Defence Hydrating Radiance Gel Cream\u00a0<span data-mce-fragment=\"1\">an immediate feeling of freshness and comfort.<\/span><br \/>\n<\/h2>\n<p><span><span>The product blends into the skin, giving it an immediate feeling of freshness and comfort.<\/span><\/span><br \/><span><span>Thanks to the active ingredients present in the skin, the skin is\u00a0<\/span><strong><span>detoxified<\/span><\/strong><span>\u00a0And\u00a0<\/span><strong><span>facilitated<\/span><\/strong><span>\u00a0in its mechanism of protection against environmental aggression<\/span><\/span><\/p>\n<p><span>\u00a0<\/span><span><span>The patent\u00a0<\/span><strong><span>DetoxHyal5<\/span><\/strong><span>\u00a0is a unique combination of detoxifying active ingredients and\u00a0<\/span><strong><span>hyaluronic acid<\/span><\/strong><span>\u00a0, divided into different molecular weights, to which arginine and vitamin\u00a0<\/span><strong><span>E.<\/span><\/strong><\/span><\/p>\n<h3>Indications<\/h3>\n<p>Hydrate and brighten normal skin, even sensitive. Prevent skin aging.<\/p>\n<h3><span>Composition<\/span><\/h3>\n<p><span><span>Hyaluronic acid<\/span><span>\u2013 DetoxHyal5 Patent<\/span><span>\u2013 Arginine<\/span><span>\u2013 Vitamin E<\/span><span>- Preservative free<\/span><span>\u2013 Nickel tested<\/span><span>\u2013 Fragrance-free<\/span><span>\u2013 Gluten free.<\/span><\/span><\/p>\n<h3>Directions for use<\/h3>\n<p><span><span>Apply morning and\/or evening after cleansing, alone or after the Defence Hydra5 Booster hydrating serum.<\/span><\/span><\/p>","protected":false},"excerpt":{"rendered":"<p>Bionike Defence Hydratant Radiance Gel Cr\u00e8me\u00a0une sensation imm\u00e9diate de fra\u00eecheur et de confort. Le produit se m\u00e9lange \u00e0 la peau, lui procurant une sensation imm\u00e9diate de fra\u00eecheur et de confort.Gr\u00e2ce aux actifs pr\u00e9sents dans la peau, la peau est\u00a0d\u00e9toxifi\u00e9e\u00a0et\u00a0facilit\u00e9e\u00a0dans son m\u00e9canisme de protection contre les agressions environnementales \u00a0Le brevet\u00a0DetoxHyal5\u00a0est une combinaison unique d&rsquo;actifs d\u00e9toxifiants et\u00a0d&rsquo;acide [&hellip;]<\/p>\n","protected":false},"featured_media":15836,"template":"","meta":{"om_disable_all_campaigns":false},"product_brand":[],"product_cat":[15],"product_tag":[],"class_list":{"0":"post-15837","1":"product","2":"type-product","3":"status-publish","4":"has-post-thumbnail","6":"product_cat-beaute-sante-complements-alimentaires-soins-et-bien-etre-au-meilleur-prix","8":"first","9":"instock","10":"sale","11":"taxable","12":"shipping-taxable","13":"purchasable","14":"product-type-simple"},"yoast_head":"<!-- This site is optimized with the Yoast SEO plugin v27.4 - https:\/\/yoast.com\/product\/yoast-seo-wordpress\/ -->\n<title>Bionike Defence Hydratant Radiance Gel Cr\u00e8me 50ml - Maroc Prix<\/title>\n<meta name=\"description\" content=\"Bionike Defence Hydratant Radiance Gel Cr\u00e8me 50ml\" \/>\n<meta name=\"robots\" content=\"index, follow, max-snippet:-1, max-image-preview:large, max-video-preview:-1\" \/>\n<link rel=\"canonical\" href=\"https:\/\/vitablanca.ma\/en\/product\/bionike-defence-hydratant-radiance-gel-creme-50ml\/\" \/>\n<meta property=\"og:locale\" content=\"en_US\" \/>\n<meta property=\"og:type\" content=\"article\" \/>\n<meta property=\"og:title\" content=\"Bionike Defence Hydratant Radiance Gel Cr\u00e8me 50ml - Maroc Prix\" \/>\n<meta property=\"og:description\" content=\"Bionike Defence Hydratant Radiance Gel Cr\u00e8me 50ml\" \/>\n<meta property=\"og:url\" content=\"https:\/\/vitablanca.ma\/en\/product\/bionike-defence-hydratant-radiance-gel-creme-50ml\/\" \/>\n<meta property=\"og:site_name\" content=\"Vitablanca.ma &ndash; Sant&eacute;, vitalit&eacute; et bien-&ecirc;tre pour tous les Marocains\" \/>\n<meta property=\"article:publisher\" content=\"https:\/\/www.facebook.com\/profile.php?id=61576678196717\" \/>\n<meta property=\"og:image\" content=\"https:\/\/vitablanca.ma\/wp-content\/uploads\/2025\/06\/Bionike-Defence-Hydratant-Radiance-Gel-Creme-50ml-nova-parapharmacie-maroc.jpg\" \/>\n\t<meta property=\"og:image:width\" content=\"1000\" \/>\n\t<meta property=\"og:image:height\" content=\"1000\" \/>\n\t<meta property=\"og:image:type\" content=\"image\/jpeg\" \/>\n<meta name=\"twitter:card\" content=\"summary_large_image\" \/>\n<meta name=\"twitter:label1\" content=\"Est. reading time\" \/>\n\t<meta name=\"twitter:data1\" content=\"1 minute\" \/>\n<script type=\"application\/ld+json\" class=\"yoast-schema-graph\">{\"@context\":\"https:\\\/\\\/schema.org\",\"@graph\":[{\"@type\":[\"WebPage\",\"ItemPage\"],\"@id\":\"https:\\\/\\\/vitablanca.ma\\\/produit\\\/bionike-defence-hydratant-radiance-gel-creme-50ml\\\/\",\"url\":\"https:\\\/\\\/vitablanca.ma\\\/produit\\\/bionike-defence-hydratant-radiance-gel-creme-50ml\\\/\",\"name\":\"Bionike Defence Hydratant Radiance Gel Cr\u00e8me 50ml - Maroc Prix\",\"isPartOf\":{\"@id\":\"https:\\\/\\\/vitablanca.ma\\\/#website\"},\"primaryImageOfPage\":{\"@id\":\"https:\\\/\\\/vitablanca.ma\\\/produit\\\/bionike-defence-hydratant-radiance-gel-creme-50ml\\\/#primaryimage\"},\"image\":{\"@id\":\"https:\\\/\\\/vitablanca.ma\\\/produit\\\/bionike-defence-hydratant-radiance-gel-creme-50ml\\\/#primaryimage\"},\"thumbnailUrl\":\"https:\\\/\\\/vitablanca.ma\\\/wp-content\\\/uploads\\\/2025\\\/06\\\/Bionike-Defence-Hydratant-Radiance-Gel-Creme-50ml-nova-parapharmacie-maroc.jpg\",\"datePublished\":\"2025-06-10T16:34:01+00:00\",\"description\":\"Bionike Defence Hydratant Radiance Gel Cr\u00e8me 50ml\",\"breadcrumb\":{\"@id\":\"https:\\\/\\\/vitablanca.ma\\\/produit\\\/bionike-defence-hydratant-radiance-gel-creme-50ml\\\/#breadcrumb\"},\"inLanguage\":\"en-US\",\"potentialAction\":[{\"@type\":\"ReadAction\",\"target\":[\"https:\\\/\\\/vitablanca.ma\\\/produit\\\/bionike-defence-hydratant-radiance-gel-creme-50ml\\\/\"]}]},{\"@type\":\"ImageObject\",\"inLanguage\":\"en-US\",\"@id\":\"https:\\\/\\\/vitablanca.ma\\\/produit\\\/bionike-defence-hydratant-radiance-gel-creme-50ml\\\/#primaryimage\",\"url\":\"https:\\\/\\\/vitablanca.ma\\\/wp-content\\\/uploads\\\/2025\\\/06\\\/Bionike-Defence-Hydratant-Radiance-Gel-Creme-50ml-nova-parapharmacie-maroc.jpg\",\"contentUrl\":\"https:\\\/\\\/vitablanca.ma\\\/wp-content\\\/uploads\\\/2025\\\/06\\\/Bionike-Defence-Hydratant-Radiance-Gel-Creme-50ml-nova-parapharmacie-maroc.jpg\",\"width\":1000,\"height\":1000},{\"@type\":\"BreadcrumbList\",\"@id\":\"https:\\\/\\\/vitablanca.ma\\\/produit\\\/bionike-defence-hydratant-radiance-gel-creme-50ml\\\/#breadcrumb\",\"itemListElement\":[{\"@type\":\"ListItem\",\"position\":1,\"name\":\"Home\",\"item\":\"https:\\\/\\\/vitablanca.ma\\\/\"},{\"@type\":\"ListItem\",\"position\":2,\"name\":\"Tous Les Produits\",\"item\":\"https:\\\/\\\/vitablanca.ma\\\/tous-les-produits\\\/\"},{\"@type\":\"ListItem\",\"position\":3,\"name\":\"Bionike Defence Hydratant Radiance Gel Cr\u00e8me 50ml\"}]},{\"@type\":\"WebSite\",\"@id\":\"https:\\\/\\\/vitablanca.ma\\\/#website\",\"url\":\"https:\\\/\\\/vitablanca.ma\\\/\",\"name\":\"VitaBlanca.ma | Compl\u00e9ments alimentaires, sant\u00e9 & beaut\u00e9 au Maroc\",\"description\":\"vendre vitamines et compl\u00e9ments premium des USA &amp; Canada, Nouvelle Z\u00e9lande,Maroc (NOW Foods, Solgar, Manuka). Livraison rapide partout au Maroc.\",\"publisher\":{\"@id\":\"https:\\\/\\\/vitablanca.ma\\\/#organization\"},\"alternateName\":\"VitaBlanca.ma\",\"potentialAction\":[{\"@type\":\"SearchAction\",\"target\":{\"@type\":\"EntryPoint\",\"urlTemplate\":\"https:\\\/\\\/vitablanca.ma\\\/?s={search_term_string}\"},\"query-input\":{\"@type\":\"PropertyValueSpecification\",\"valueRequired\":true,\"valueName\":\"search_term_string\"}}],\"inLanguage\":\"en-US\"},{\"@type\":\"Organization\",\"@id\":\"https:\\\/\\\/vitablanca.ma\\\/#organization\",\"name\":\"VitaBlanca\",\"url\":\"https:\\\/\\\/vitablanca.ma\\\/\",\"logo\":{\"@type\":\"ImageObject\",\"inLanguage\":\"en-US\",\"@id\":\"https:\\\/\\\/vitablanca.ma\\\/#\\\/schema\\\/logo\\\/image\\\/\",\"url\":\"https:\\\/\\\/vitablanca.ma\\\/wp-content\\\/uploads\\\/2025\\\/05\\\/cropped-vitablanca.png\",\"contentUrl\":\"https:\\\/\\\/vitablanca.ma\\\/wp-content\\\/uploads\\\/2025\\\/05\\\/cropped-vitablanca.png\",\"width\":360,\"height\":67,\"caption\":\"VitaBlanca\"},\"image\":{\"@id\":\"https:\\\/\\\/vitablanca.ma\\\/#\\\/schema\\\/logo\\\/image\\\/\"},\"sameAs\":[\"https:\\\/\\\/www.facebook.com\\\/profile.php?id=61576678196717\",\"https:\\\/\\\/www.tiktok.com\\\/@vitablanca.ma\",\"https:\\\/\\\/www.instagram.com\\\/vitablanca.ma\\\/\"]}]}<\/script>\n<!-- \/ Yoast SEO plugin. -->","yoast_head_json":{"title":"Bionike Defence Hydrating Radiance Gel Cream 50ml - Morocco Price","description":"Bionike Defence Hydrating Radiance Gel Cream 50ml","robots":{"index":"index","follow":"follow","max-snippet":"max-snippet:-1","max-image-preview":"max-image-preview:large","max-video-preview":"max-video-preview:-1"},"canonical":"https:\/\/vitablanca.ma\/en\/product\/bionike-defence-hydratant-radiance-gel-creme-50ml\/","og_locale":"en_US","og_type":"article","og_title":"Bionike Defence Hydratant Radiance Gel Cr\u00e8me 50ml - Maroc Prix","og_description":"Bionike Defence Hydratant Radiance Gel Cr\u00e8me 50ml","og_url":"https:\/\/vitablanca.ma\/en\/product\/bionike-defence-hydratant-radiance-gel-creme-50ml\/","og_site_name":"Vitablanca.ma &ndash; Sant&eacute;, vitalit&eacute; et bien-&ecirc;tre pour tous les Marocains","article_publisher":"https:\/\/www.facebook.com\/profile.php?id=61576678196717","og_image":[{"width":1000,"height":1000,"url":"https:\/\/vitablanca.ma\/wp-content\/uploads\/2025\/06\/Bionike-Defence-Hydratant-Radiance-Gel-Creme-50ml-nova-parapharmacie-maroc.jpg","type":"image\/jpeg"}],"twitter_card":"summary_large_image","twitter_misc":{"Est. reading time":"1 minute"},"schema":{"@context":"https:\/\/schema.org","@graph":[{"@type":["WebPage","ItemPage"],"@id":"https:\/\/vitablanca.ma\/produit\/bionike-defence-hydratant-radiance-gel-creme-50ml\/","url":"https:\/\/vitablanca.ma\/produit\/bionike-defence-hydratant-radiance-gel-creme-50ml\/","name":"Bionike Defence Hydrating Radiance Gel Cream 50ml - Morocco Price","isPartOf":{"@id":"https:\/\/vitablanca.ma\/#website"},"primaryImageOfPage":{"@id":"https:\/\/vitablanca.ma\/produit\/bionike-defence-hydratant-radiance-gel-creme-50ml\/#primaryimage"},"image":{"@id":"https:\/\/vitablanca.ma\/produit\/bionike-defence-hydratant-radiance-gel-creme-50ml\/#primaryimage"},"thumbnailUrl":"https:\/\/vitablanca.ma\/wp-content\/uploads\/2025\/06\/Bionike-Defence-Hydratant-Radiance-Gel-Creme-50ml-nova-parapharmacie-maroc.jpg","datePublished":"2025-06-10T16:34:01+00:00","description":"Bionike Defence Hydrating Radiance Gel Cream 50ml","breadcrumb":{"@id":"https:\/\/vitablanca.ma\/produit\/bionike-defence-hydratant-radiance-gel-creme-50ml\/#breadcrumb"},"inLanguage":"en-US","potentialAction":[{"@type":"ReadAction","target":["https:\/\/vitablanca.ma\/produit\/bionike-defence-hydratant-radiance-gel-creme-50ml\/"]}]},{"@type":"ImageObject","inLanguage":"en-US","@id":"https:\/\/vitablanca.ma\/produit\/bionike-defence-hydratant-radiance-gel-creme-50ml\/#primaryimage","url":"https:\/\/vitablanca.ma\/wp-content\/uploads\/2025\/06\/Bionike-Defence-Hydratant-Radiance-Gel-Creme-50ml-nova-parapharmacie-maroc.jpg","contentUrl":"https:\/\/vitablanca.ma\/wp-content\/uploads\/2025\/06\/Bionike-Defence-Hydratant-Radiance-Gel-Creme-50ml-nova-parapharmacie-maroc.jpg","width":1000,"height":1000},{"@type":"BreadcrumbList","@id":"https:\/\/vitablanca.ma\/produit\/bionike-defence-hydratant-radiance-gel-creme-50ml\/#breadcrumb","itemListElement":[{"@type":"ListItem","position":1,"name":"Home","item":"https:\/\/vitablanca.ma\/"},{"@type":"ListItem","position":2,"name":"Tous Les Produits","item":"https:\/\/vitablanca.ma\/tous-les-produits\/"},{"@type":"ListItem","position":3,"name":"Bionike Defence Hydratant Radiance Gel Cr\u00e8me 50ml"}]},{"@type":"WebSite","@id":"https:\/\/vitablanca.ma\/#website","url":"https:\/\/vitablanca.ma\/","name":"VitaBlanca.ma | Food supplements, health &amp; beauty in Morocco","description":"sell premium vitamins and supplements from USA &amp; Canada, New Zealand, Morocco (NOW Foods, Solgar, Manuka). Fast delivery anywhere in Morocco.","publisher":{"@id":"https:\/\/vitablanca.ma\/#organization"},"alternateName":"VitaBlanca.ma","potentialAction":[{"@type":"SearchAction","target":{"@type":"EntryPoint","urlTemplate":"https:\/\/vitablanca.ma\/?s={search_term_string}"},"query-input":{"@type":"PropertyValueSpecification","valueRequired":true,"valueName":"search_term_string"}}],"inLanguage":"en-US"},{"@type":"Organization","@id":"https:\/\/vitablanca.ma\/#organization","name":"VitaBlanca","url":"https:\/\/vitablanca.ma\/","logo":{"@type":"ImageObject","inLanguage":"en-US","@id":"https:\/\/vitablanca.ma\/#\/schema\/logo\/image\/","url":"https:\/\/vitablanca.ma\/wp-content\/uploads\/2025\/05\/cropped-vitablanca.png","contentUrl":"https:\/\/vitablanca.ma\/wp-content\/uploads\/2025\/05\/cropped-vitablanca.png","width":360,"height":67,"caption":"VitaBlanca"},"image":{"@id":"https:\/\/vitablanca.ma\/#\/schema\/logo\/image\/"},"sameAs":["https:\/\/www.facebook.com\/profile.php?id=61576678196717","https:\/\/www.tiktok.com\/@vitablanca.ma","https:\/\/www.instagram.com\/vitablanca.ma\/"]}]}},"jetpack_sharing_enabled":true,"_links":{"self":[{"href":"https:\/\/vitablanca.ma\/en\/wp-json\/wp\/v2\/product\/15837","targetHints":{"allow":["GET"]}}],"collection":[{"href":"https:\/\/vitablanca.ma\/en\/wp-json\/wp\/v2\/product"}],"about":[{"href":"https:\/\/vitablanca.ma\/en\/wp-json\/wp\/v2\/types\/product"}],"wp:featuredmedia":[{"embeddable":true,"href":"https:\/\/vitablanca.ma\/en\/wp-json\/wp\/v2\/media\/15836"}],"wp:attachment":[{"href":"https:\/\/vitablanca.ma\/en\/wp-json\/wp\/v2\/media?parent=15837"}],"wp:term":[{"taxonomy":"product_brand","embeddable":true,"href":"https:\/\/vitablanca.ma\/en\/wp-json\/wp\/v2\/product_brand?post=15837"},{"taxonomy":"product_cat","embeddable":true,"href":"https:\/\/vitablanca.ma\/en\/wp-json\/wp\/v2\/product_cat?post=15837"},{"taxonomy":"product_tag","embeddable":true,"href":"https:\/\/vitablanca.ma\/en\/wp-json\/wp\/v2\/product_tag?post=15837"}],"curies":[{"name":"wp","href":"https:\/\/api.w.org\/{rel}","templated":true}]}}