{"id":15816,"date":"2025-06-10T16:33:30","date_gmt":"2025-06-10T16:33:30","guid":{"rendered":"https:\/\/vitablanca.ma\/product\/bionike-shine-on-apres-shampooing-restructurant-200ml\/"},"modified":"2025-06-10T16:33:30","modified_gmt":"2025-06-10T16:33:30","slug":"bionike-shine-on-apres-shampooing-restructurant-200ml","status":"publish","type":"product","link":"https:\/\/vitablanca.ma\/en\/product\/bionike-shine-on-apres-shampooing-restructurant-200ml\/","title":{"rendered":"Bionike Shine On Restructuring Conditioner 200ml"},"content":{"rendered":"<h2>Bionike Shine On Restructuring Conditioner\u00a0<span data-mce-fragment=\"1\">Detangles hair, prolongs the duration and intensity of color.<\/span><br \/>\n<\/h2>\n<p>200ml<\/p>\n<p>A creamy, rinse-out formula ideal for repairing dry or damaged hair. Enriched with pomegranate oil, fruit extracts, and special ultra-light silicones, it moisturizes and nourishes the hair shaft, coating it from root to tip with an invisible film that firms the cuticle scales.\u00a0<\/p>\n<div class=\"node-product_short-desc\">\n<p>It detangles hair and makes styling easier, for supple, shiny and light hair.<\/p>\n<h3>Recommended for:<\/h3>\n<p>Repairs damage to dry, tired hair. Leaves hair soft and manageable. Ideal for dyed hair, to preserve color intensity and vibrancy for longer.<\/p>\n<h3>Instructions for use:<\/h3>\n<p>After shampooing, distribute a small amount of product evenly through damp hair, leave on for one minute, then rinse thoroughly.<\/p>\n<h3>Composition:<\/h3>\n<ul role=\"tablist\" data-allow-all-closed=\"true\" data-accordion=\"ujjf0v-accordion\" class=\"accordion\">\n<li>\n<strong>Pomegranate Oil:<span>\u00a0<\/span><\/strong>rich in punicic acid (OMEGA 5 fatty acid) with revitalizing and nourishing properties for the hair.<\/li>\n<li class=\"accordion-item is-active\">\n<div aria-hidden=\"false\" aria-labelledby=\"accordion-item-2011-label\" data-tab-content=\"\" role=\"tabpanel\" class=\"accordion-content\" id=\"accordion-item-2011\">\n<p><strong>Fruit extracts:<\/strong><span>\u00a0<\/span>They contribute to supple, soft and shiny hair.<br \/>apple, kiwi, orange, grapefruit \u2013 natural sources of organic acids with a pH-balancing action on the hair.\u00a0<br \/>almond \u2013 source of nutritious hair protein.<br \/><strong>Conditioning silicone:<\/strong><span>\u00a0<\/span>It cancels the electrostatic charge, for hair that can be styled immediately, is soft to the touch and protected from heat sources, such as hair dryers or curling\/straightening irons.\u00a0<br \/><strong>Shiny and color-protecting silicone:<\/strong><span>\u00a0<\/span>It forms a very thin film that firms the hair cuticle without weighing it down. It gives volume and shine, and prolongs the duration of the color.<\/p>\n<\/div>\n<\/li>\n<\/ul>\n<\/div>","protected":false},"excerpt":{"rendered":"<p>Bionike Shine On Apr\u00e8s-shampooing Restructurant\u00a0D\u00e9m\u00eale les cheveux, prolunge la dur\u00e9e et l&rsquo;intensit\u00e9 de la couleur. 200ml Formule \u00e0 rincer, onctueuse, id\u00e9ale pour r\u00e9parer les cheveux secs ou fatigu\u00e9s. Enrichie d&rsquo;huile de grenade, d&rsquo;extraits de fruits et de silicones ultral\u00e9g\u00e8res sp\u00e9ciales, elle hydrate et nourrit la tige pilaire en la recouvrant, de la racine \u00e0 la [&hellip;]<\/p>\n","protected":false},"featured_media":15815,"template":"","meta":{"om_disable_all_campaigns":false},"product_brand":[],"product_cat":[15],"product_tag":[],"class_list":{"0":"post-15816","1":"product","2":"type-product","3":"status-publish","4":"has-post-thumbnail","6":"product_cat-beaute-sante-complements-alimentaires-soins-et-bien-etre-au-meilleur-prix","8":"first","9":"instock","10":"sale","11":"taxable","12":"shipping-taxable","13":"purchasable","14":"product-type-simple"},"yoast_head":"<!-- This site is optimized with the Yoast SEO plugin v27.4 - https:\/\/yoast.com\/product\/yoast-seo-wordpress\/ -->\n<title>Bionike Shine On Apr\u00e8s-shampooing Restructurant 200ml - Maroc Prix<\/title>\n<meta name=\"description\" content=\"Bionike Shine On Apr\u00e8s-shampooing Restructurant 200ml\" \/>\n<meta name=\"robots\" content=\"index, follow, max-snippet:-1, max-image-preview:large, max-video-preview:-1\" \/>\n<link rel=\"canonical\" href=\"https:\/\/vitablanca.ma\/en\/product\/bionike-shine-on-apres-shampooing-restructurant-200ml\/\" \/>\n<meta property=\"og:locale\" content=\"en_US\" \/>\n<meta property=\"og:type\" content=\"article\" \/>\n<meta property=\"og:title\" content=\"Bionike Shine On Apr\u00e8s-shampooing Restructurant 200ml - Maroc Prix\" \/>\n<meta property=\"og:description\" content=\"Bionike Shine On Apr\u00e8s-shampooing Restructurant 200ml\" \/>\n<meta property=\"og:url\" content=\"https:\/\/vitablanca.ma\/en\/product\/bionike-shine-on-apres-shampooing-restructurant-200ml\/\" \/>\n<meta property=\"og:site_name\" content=\"Vitablanca.ma &ndash; Sant&eacute;, vitalit&eacute; et bien-&ecirc;tre pour tous les Marocains\" \/>\n<meta property=\"article:publisher\" content=\"https:\/\/www.facebook.com\/profile.php?id=61576678196717\" \/>\n<meta property=\"og:image\" content=\"https:\/\/vitablanca.ma\/wp-content\/uploads\/2025\/06\/Bionike-Shine-On-7-Blond-Soin-Colorant-Capillaire-prix-maroc-parapharmacie-casablanca_4c0e66f3-c1a4-4a94-9184-2ddc3781c1f2.jpg\" \/>\n\t<meta property=\"og:image:width\" content=\"1000\" \/>\n\t<meta property=\"og:image:height\" content=\"1000\" \/>\n\t<meta property=\"og:image:type\" content=\"image\/jpeg\" \/>\n<meta name=\"twitter:card\" content=\"summary_large_image\" \/>\n<meta name=\"twitter:label1\" content=\"Est. reading time\" \/>\n\t<meta name=\"twitter:data1\" content=\"1 minute\" \/>\n<script type=\"application\/ld+json\" class=\"yoast-schema-graph\">{\"@context\":\"https:\\\/\\\/schema.org\",\"@graph\":[{\"@type\":[\"WebPage\",\"ItemPage\"],\"@id\":\"https:\\\/\\\/vitablanca.ma\\\/produit\\\/bionike-shine-on-apres-shampooing-restructurant-200ml\\\/\",\"url\":\"https:\\\/\\\/vitablanca.ma\\\/produit\\\/bionike-shine-on-apres-shampooing-restructurant-200ml\\\/\",\"name\":\"Bionike Shine On Apr\u00e8s-shampooing Restructurant 200ml - Maroc Prix\",\"isPartOf\":{\"@id\":\"https:\\\/\\\/vitablanca.ma\\\/#website\"},\"primaryImageOfPage\":{\"@id\":\"https:\\\/\\\/vitablanca.ma\\\/produit\\\/bionike-shine-on-apres-shampooing-restructurant-200ml\\\/#primaryimage\"},\"image\":{\"@id\":\"https:\\\/\\\/vitablanca.ma\\\/produit\\\/bionike-shine-on-apres-shampooing-restructurant-200ml\\\/#primaryimage\"},\"thumbnailUrl\":\"https:\\\/\\\/vitablanca.ma\\\/wp-content\\\/uploads\\\/2025\\\/06\\\/Bionike-Shine-On-7-Blond-Soin-Colorant-Capillaire-prix-maroc-parapharmacie-casablanca_4c0e66f3-c1a4-4a94-9184-2ddc3781c1f2.jpg\",\"datePublished\":\"2025-06-10T16:33:30+00:00\",\"description\":\"Bionike Shine On Apr\u00e8s-shampooing Restructurant 200ml\",\"breadcrumb\":{\"@id\":\"https:\\\/\\\/vitablanca.ma\\\/produit\\\/bionike-shine-on-apres-shampooing-restructurant-200ml\\\/#breadcrumb\"},\"inLanguage\":\"en-US\",\"potentialAction\":[{\"@type\":\"ReadAction\",\"target\":[\"https:\\\/\\\/vitablanca.ma\\\/produit\\\/bionike-shine-on-apres-shampooing-restructurant-200ml\\\/\"]}]},{\"@type\":\"ImageObject\",\"inLanguage\":\"en-US\",\"@id\":\"https:\\\/\\\/vitablanca.ma\\\/produit\\\/bionike-shine-on-apres-shampooing-restructurant-200ml\\\/#primaryimage\",\"url\":\"https:\\\/\\\/vitablanca.ma\\\/wp-content\\\/uploads\\\/2025\\\/06\\\/Bionike-Shine-On-7-Blond-Soin-Colorant-Capillaire-prix-maroc-parapharmacie-casablanca_4c0e66f3-c1a4-4a94-9184-2ddc3781c1f2.jpg\",\"contentUrl\":\"https:\\\/\\\/vitablanca.ma\\\/wp-content\\\/uploads\\\/2025\\\/06\\\/Bionike-Shine-On-7-Blond-Soin-Colorant-Capillaire-prix-maroc-parapharmacie-casablanca_4c0e66f3-c1a4-4a94-9184-2ddc3781c1f2.jpg\",\"width\":1000,\"height\":1000},{\"@type\":\"BreadcrumbList\",\"@id\":\"https:\\\/\\\/vitablanca.ma\\\/produit\\\/bionike-shine-on-apres-shampooing-restructurant-200ml\\\/#breadcrumb\",\"itemListElement\":[{\"@type\":\"ListItem\",\"position\":1,\"name\":\"Home\",\"item\":\"https:\\\/\\\/vitablanca.ma\\\/\"},{\"@type\":\"ListItem\",\"position\":2,\"name\":\"Tous Les Produits\",\"item\":\"https:\\\/\\\/vitablanca.ma\\\/tous-les-produits\\\/\"},{\"@type\":\"ListItem\",\"position\":3,\"name\":\"Bionike Shine On Apr\u00e8s-shampooing Restructurant 200ml\"}]},{\"@type\":\"WebSite\",\"@id\":\"https:\\\/\\\/vitablanca.ma\\\/#website\",\"url\":\"https:\\\/\\\/vitablanca.ma\\\/\",\"name\":\"VitaBlanca.ma | Compl\u00e9ments alimentaires, sant\u00e9 & beaut\u00e9 au Maroc\",\"description\":\"vendre vitamines et compl\u00e9ments premium des USA &amp; Canada, Nouvelle Z\u00e9lande,Maroc (NOW Foods, Solgar, Manuka). Livraison rapide partout au Maroc.\",\"publisher\":{\"@id\":\"https:\\\/\\\/vitablanca.ma\\\/#organization\"},\"alternateName\":\"VitaBlanca.ma\",\"potentialAction\":[{\"@type\":\"SearchAction\",\"target\":{\"@type\":\"EntryPoint\",\"urlTemplate\":\"https:\\\/\\\/vitablanca.ma\\\/?s={search_term_string}\"},\"query-input\":{\"@type\":\"PropertyValueSpecification\",\"valueRequired\":true,\"valueName\":\"search_term_string\"}}],\"inLanguage\":\"en-US\"},{\"@type\":\"Organization\",\"@id\":\"https:\\\/\\\/vitablanca.ma\\\/#organization\",\"name\":\"VitaBlanca\",\"url\":\"https:\\\/\\\/vitablanca.ma\\\/\",\"logo\":{\"@type\":\"ImageObject\",\"inLanguage\":\"en-US\",\"@id\":\"https:\\\/\\\/vitablanca.ma\\\/#\\\/schema\\\/logo\\\/image\\\/\",\"url\":\"https:\\\/\\\/vitablanca.ma\\\/wp-content\\\/uploads\\\/2025\\\/05\\\/cropped-vitablanca.png\",\"contentUrl\":\"https:\\\/\\\/vitablanca.ma\\\/wp-content\\\/uploads\\\/2025\\\/05\\\/cropped-vitablanca.png\",\"width\":360,\"height\":67,\"caption\":\"VitaBlanca\"},\"image\":{\"@id\":\"https:\\\/\\\/vitablanca.ma\\\/#\\\/schema\\\/logo\\\/image\\\/\"},\"sameAs\":[\"https:\\\/\\\/www.facebook.com\\\/profile.php?id=61576678196717\",\"https:\\\/\\\/www.tiktok.com\\\/@vitablanca.ma\",\"https:\\\/\\\/www.instagram.com\\\/vitablanca.ma\\\/\"]}]}<\/script>\n<!-- \/ Yoast SEO plugin. -->","yoast_head_json":{"title":"Bionike Shine On Restructuring Conditioner 200ml - Morocco Price","description":"Bionike Shine On Restructuring Conditioner 200ml","robots":{"index":"index","follow":"follow","max-snippet":"max-snippet:-1","max-image-preview":"max-image-preview:large","max-video-preview":"max-video-preview:-1"},"canonical":"https:\/\/vitablanca.ma\/en\/product\/bionike-shine-on-apres-shampooing-restructurant-200ml\/","og_locale":"en_US","og_type":"article","og_title":"Bionike Shine On Apr\u00e8s-shampooing Restructurant 200ml - Maroc Prix","og_description":"Bionike Shine On Apr\u00e8s-shampooing Restructurant 200ml","og_url":"https:\/\/vitablanca.ma\/en\/product\/bionike-shine-on-apres-shampooing-restructurant-200ml\/","og_site_name":"Vitablanca.ma &ndash; Sant&eacute;, vitalit&eacute; et bien-&ecirc;tre pour tous les Marocains","article_publisher":"https:\/\/www.facebook.com\/profile.php?id=61576678196717","og_image":[{"width":1000,"height":1000,"url":"https:\/\/vitablanca.ma\/wp-content\/uploads\/2025\/06\/Bionike-Shine-On-7-Blond-Soin-Colorant-Capillaire-prix-maroc-parapharmacie-casablanca_4c0e66f3-c1a4-4a94-9184-2ddc3781c1f2.jpg","type":"image\/jpeg"}],"twitter_card":"summary_large_image","twitter_misc":{"Est. reading time":"1 minute"},"schema":{"@context":"https:\/\/schema.org","@graph":[{"@type":["WebPage","ItemPage"],"@id":"https:\/\/vitablanca.ma\/produit\/bionike-shine-on-apres-shampooing-restructurant-200ml\/","url":"https:\/\/vitablanca.ma\/produit\/bionike-shine-on-apres-shampooing-restructurant-200ml\/","name":"Bionike Shine On Restructuring Conditioner 200ml - Morocco Price","isPartOf":{"@id":"https:\/\/vitablanca.ma\/#website"},"primaryImageOfPage":{"@id":"https:\/\/vitablanca.ma\/produit\/bionike-shine-on-apres-shampooing-restructurant-200ml\/#primaryimage"},"image":{"@id":"https:\/\/vitablanca.ma\/produit\/bionike-shine-on-apres-shampooing-restructurant-200ml\/#primaryimage"},"thumbnailUrl":"https:\/\/vitablanca.ma\/wp-content\/uploads\/2025\/06\/Bionike-Shine-On-7-Blond-Soin-Colorant-Capillaire-prix-maroc-parapharmacie-casablanca_4c0e66f3-c1a4-4a94-9184-2ddc3781c1f2.jpg","datePublished":"2025-06-10T16:33:30+00:00","description":"Bionike Shine On Restructuring Conditioner 200ml","breadcrumb":{"@id":"https:\/\/vitablanca.ma\/produit\/bionike-shine-on-apres-shampooing-restructurant-200ml\/#breadcrumb"},"inLanguage":"en-US","potentialAction":[{"@type":"ReadAction","target":["https:\/\/vitablanca.ma\/produit\/bionike-shine-on-apres-shampooing-restructurant-200ml\/"]}]},{"@type":"ImageObject","inLanguage":"en-US","@id":"https:\/\/vitablanca.ma\/produit\/bionike-shine-on-apres-shampooing-restructurant-200ml\/#primaryimage","url":"https:\/\/vitablanca.ma\/wp-content\/uploads\/2025\/06\/Bionike-Shine-On-7-Blond-Soin-Colorant-Capillaire-prix-maroc-parapharmacie-casablanca_4c0e66f3-c1a4-4a94-9184-2ddc3781c1f2.jpg","contentUrl":"https:\/\/vitablanca.ma\/wp-content\/uploads\/2025\/06\/Bionike-Shine-On-7-Blond-Soin-Colorant-Capillaire-prix-maroc-parapharmacie-casablanca_4c0e66f3-c1a4-4a94-9184-2ddc3781c1f2.jpg","width":1000,"height":1000},{"@type":"BreadcrumbList","@id":"https:\/\/vitablanca.ma\/produit\/bionike-shine-on-apres-shampooing-restructurant-200ml\/#breadcrumb","itemListElement":[{"@type":"ListItem","position":1,"name":"Home","item":"https:\/\/vitablanca.ma\/"},{"@type":"ListItem","position":2,"name":"Tous Les Produits","item":"https:\/\/vitablanca.ma\/tous-les-produits\/"},{"@type":"ListItem","position":3,"name":"Bionike Shine On Apr\u00e8s-shampooing Restructurant 200ml"}]},{"@type":"WebSite","@id":"https:\/\/vitablanca.ma\/#website","url":"https:\/\/vitablanca.ma\/","name":"VitaBlanca.ma | Food supplements, health &amp; beauty in Morocco","description":"sell premium vitamins and supplements from USA &amp; Canada, New Zealand, Morocco (NOW Foods, Solgar, Manuka). Fast delivery anywhere in Morocco.","publisher":{"@id":"https:\/\/vitablanca.ma\/#organization"},"alternateName":"VitaBlanca.ma","potentialAction":[{"@type":"SearchAction","target":{"@type":"EntryPoint","urlTemplate":"https:\/\/vitablanca.ma\/?s={search_term_string}"},"query-input":{"@type":"PropertyValueSpecification","valueRequired":true,"valueName":"search_term_string"}}],"inLanguage":"en-US"},{"@type":"Organization","@id":"https:\/\/vitablanca.ma\/#organization","name":"VitaBlanca","url":"https:\/\/vitablanca.ma\/","logo":{"@type":"ImageObject","inLanguage":"en-US","@id":"https:\/\/vitablanca.ma\/#\/schema\/logo\/image\/","url":"https:\/\/vitablanca.ma\/wp-content\/uploads\/2025\/05\/cropped-vitablanca.png","contentUrl":"https:\/\/vitablanca.ma\/wp-content\/uploads\/2025\/05\/cropped-vitablanca.png","width":360,"height":67,"caption":"VitaBlanca"},"image":{"@id":"https:\/\/vitablanca.ma\/#\/schema\/logo\/image\/"},"sameAs":["https:\/\/www.facebook.com\/profile.php?id=61576678196717","https:\/\/www.tiktok.com\/@vitablanca.ma","https:\/\/www.instagram.com\/vitablanca.ma\/"]}]}},"jetpack_sharing_enabled":true,"_links":{"self":[{"href":"https:\/\/vitablanca.ma\/en\/wp-json\/wp\/v2\/product\/15816","targetHints":{"allow":["GET"]}}],"collection":[{"href":"https:\/\/vitablanca.ma\/en\/wp-json\/wp\/v2\/product"}],"about":[{"href":"https:\/\/vitablanca.ma\/en\/wp-json\/wp\/v2\/types\/product"}],"wp:featuredmedia":[{"embeddable":true,"href":"https:\/\/vitablanca.ma\/en\/wp-json\/wp\/v2\/media\/15815"}],"wp:attachment":[{"href":"https:\/\/vitablanca.ma\/en\/wp-json\/wp\/v2\/media?parent=15816"}],"wp:term":[{"taxonomy":"product_brand","embeddable":true,"href":"https:\/\/vitablanca.ma\/en\/wp-json\/wp\/v2\/product_brand?post=15816"},{"taxonomy":"product_cat","embeddable":true,"href":"https:\/\/vitablanca.ma\/en\/wp-json\/wp\/v2\/product_cat?post=15816"},{"taxonomy":"product_tag","embeddable":true,"href":"https:\/\/vitablanca.ma\/en\/wp-json\/wp\/v2\/product_tag?post=15816"}],"curies":[{"name":"wp","href":"https:\/\/api.w.org\/{rel}","templated":true}]}}