{"id":15814,"date":"2025-06-10T16:33:25","date_gmt":"2025-06-10T16:33:25","guid":{"rendered":"https:\/\/vitablanca.ma\/product\/bionike-defence-rosys-creme-legere-50ml\/"},"modified":"2025-06-10T16:33:25","modified_gmt":"2025-06-10T16:33:25","slug":"bionike-defence-rosys-creme-legere-50ml","status":"publish","type":"product","link":"https:\/\/vitablanca.ma\/en\/product\/bionike-defence-rosys-creme-legere-50ml\/","title":{"rendered":"Bionike Defence Rosys Light Cream 50ml"},"content":{"rendered":"<h2>Bionike Defence Rosys Light Cream <span data-mce-fragment=\"1\">Suitable for normal and combination skin.<\/span><br \/>\n<\/h2>\n<div class=\"box-collateral collateral-container\">\n<div class=\"collateral-block collateral-block--product_description_wrapper\">\n<div class=\"box-collateral box-description\">\n<div class=\"std\">\n<p><span><span>Bionike Defence Rosys Cosmetic Treatment Light Cream 50ml Pack<\/span><br \/><\/span><\/p>\n<p><span><span>Light emulsion to prevent and reduce generalized or localized redness typical of skin prone to rosacea. It helps reduce capillary fragility, reduces redness, moisturizes and protects the skin, improving its elasticity.<\/span><br \/><span>Suitable for normal and combination skin.<\/span><br \/><\/span><\/p>\n<\/div>\n<\/div>\n<\/div>\n<\/div>\n<h3>Recommended for<\/h3>\n<p><span>This cream was recommended to me by my dermatologist to counteract the redness I often have on my cheeks due to my very sensitive skin prone to rosacea.<\/span><br \/><span>I must say that I bought it with pleasure because I really appreciate Bionike products, always excellent and free from allergens and other harmful components.<\/span><br \/><span>I&#039;ve only been using it for a few weeks but I&#039;ve actually noticed that my skin is less fragile, more elastic and less sensitive.<span>\u00a0<\/span>The texture is very pleasant because it is not too strong and light, it penetrates quickly and leaves no greasy feeling.<span>\u00a0<\/span>Additionally, like all Bionike products, it is fragrance-free.<\/span><\/p>","protected":false},"excerpt":{"rendered":"<p>Bionike Defence Rosys Cr\u00e8me L\u00e9g\u00e8re Convient aux peaux normales et mixtes. Bionike Defence Rosys Cosmetic Treatment Cr\u00e8me L\u00e9g\u00e8re Pack de 50 ml \u00c9mulsion l\u00e9g\u00e8re pour pr\u00e9venir et r\u00e9duire les rougeurs g\u00e9n\u00e9ralis\u00e9es ou localis\u00e9es typiques des peaux sujettes \u00e0 la couperose.\u00a0Il aide \u00e0 r\u00e9duire la fragilit\u00e9 capillaire, r\u00e9duit les rougeurs, hydrate et prot\u00e8ge la peau, am\u00e9liorant [&hellip;]<\/p>\n","protected":false},"featured_media":15813,"template":"","meta":{"om_disable_all_campaigns":false},"product_brand":[],"product_cat":[15],"product_tag":[],"class_list":{"0":"post-15814","1":"product","2":"type-product","3":"status-publish","4":"has-post-thumbnail","6":"product_cat-beaute-sante-complements-alimentaires-soins-et-bien-etre-au-meilleur-prix","8":"first","9":"instock","10":"sale","11":"taxable","12":"shipping-taxable","13":"purchasable","14":"product-type-simple"},"yoast_head":"<!-- This site is optimized with the Yoast SEO plugin v27.4 - https:\/\/yoast.com\/product\/yoast-seo-wordpress\/ -->\n<title>Bionike Defence Rosys Cr\u00e8me L\u00e9g\u00e8re 50ml - Maroc Prix<\/title>\n<meta name=\"description\" content=\"Bionike Defence Rosys Cr\u00e8me L\u00e9g\u00e8re 50ml\" \/>\n<meta name=\"robots\" content=\"index, follow, max-snippet:-1, max-image-preview:large, max-video-preview:-1\" \/>\n<link rel=\"canonical\" href=\"https:\/\/vitablanca.ma\/en\/product\/bionike-defence-rosys-creme-legere-50ml\/\" \/>\n<meta property=\"og:locale\" content=\"en_US\" \/>\n<meta property=\"og:type\" content=\"article\" \/>\n<meta property=\"og:title\" content=\"Bionike Defence Rosys Cr\u00e8me L\u00e9g\u00e8re 50ml - Maroc Prix\" \/>\n<meta property=\"og:description\" content=\"Bionike Defence Rosys Cr\u00e8me L\u00e9g\u00e8re 50ml\" \/>\n<meta property=\"og:url\" content=\"https:\/\/vitablanca.ma\/en\/product\/bionike-defence-rosys-creme-legere-50ml\/\" \/>\n<meta property=\"og:site_name\" content=\"Vitablanca.ma &ndash; Sant&eacute;, vitalit&eacute; et bien-&ecirc;tre pour tous les Marocains\" \/>\n<meta property=\"article:publisher\" content=\"https:\/\/www.facebook.com\/profile.php?id=61576678196717\" \/>\n<meta property=\"og:image\" content=\"https:\/\/vitablanca.ma\/wp-content\/uploads\/2025\/06\/Bionike-Defence-Rosys-Creme-Legere-50ml-nova-parapharmacie-casablanca.jpg\" \/>\n\t<meta property=\"og:image:width\" content=\"1000\" \/>\n\t<meta property=\"og:image:height\" content=\"1000\" \/>\n\t<meta property=\"og:image:type\" content=\"image\/jpeg\" \/>\n<meta name=\"twitter:card\" content=\"summary_large_image\" \/>\n<meta name=\"twitter:label1\" content=\"Est. reading time\" \/>\n\t<meta name=\"twitter:data1\" content=\"1 minute\" \/>\n<script type=\"application\/ld+json\" class=\"yoast-schema-graph\">{\"@context\":\"https:\\\/\\\/schema.org\",\"@graph\":[{\"@type\":[\"WebPage\",\"ItemPage\"],\"@id\":\"https:\\\/\\\/vitablanca.ma\\\/produit\\\/bionike-defence-rosys-creme-legere-50ml\\\/\",\"url\":\"https:\\\/\\\/vitablanca.ma\\\/produit\\\/bionike-defence-rosys-creme-legere-50ml\\\/\",\"name\":\"Bionike Defence Rosys Cr\u00e8me L\u00e9g\u00e8re 50ml - Maroc Prix\",\"isPartOf\":{\"@id\":\"https:\\\/\\\/vitablanca.ma\\\/#website\"},\"primaryImageOfPage\":{\"@id\":\"https:\\\/\\\/vitablanca.ma\\\/produit\\\/bionike-defence-rosys-creme-legere-50ml\\\/#primaryimage\"},\"image\":{\"@id\":\"https:\\\/\\\/vitablanca.ma\\\/produit\\\/bionike-defence-rosys-creme-legere-50ml\\\/#primaryimage\"},\"thumbnailUrl\":\"https:\\\/\\\/vitablanca.ma\\\/wp-content\\\/uploads\\\/2025\\\/06\\\/Bionike-Defence-Rosys-Creme-Legere-50ml-nova-parapharmacie-casablanca.jpg\",\"datePublished\":\"2025-06-10T16:33:25+00:00\",\"description\":\"Bionike Defence Rosys Cr\u00e8me L\u00e9g\u00e8re 50ml\",\"breadcrumb\":{\"@id\":\"https:\\\/\\\/vitablanca.ma\\\/produit\\\/bionike-defence-rosys-creme-legere-50ml\\\/#breadcrumb\"},\"inLanguage\":\"en-US\",\"potentialAction\":[{\"@type\":\"ReadAction\",\"target\":[\"https:\\\/\\\/vitablanca.ma\\\/produit\\\/bionike-defence-rosys-creme-legere-50ml\\\/\"]}]},{\"@type\":\"ImageObject\",\"inLanguage\":\"en-US\",\"@id\":\"https:\\\/\\\/vitablanca.ma\\\/produit\\\/bionike-defence-rosys-creme-legere-50ml\\\/#primaryimage\",\"url\":\"https:\\\/\\\/vitablanca.ma\\\/wp-content\\\/uploads\\\/2025\\\/06\\\/Bionike-Defence-Rosys-Creme-Legere-50ml-nova-parapharmacie-casablanca.jpg\",\"contentUrl\":\"https:\\\/\\\/vitablanca.ma\\\/wp-content\\\/uploads\\\/2025\\\/06\\\/Bionike-Defence-Rosys-Creme-Legere-50ml-nova-parapharmacie-casablanca.jpg\",\"width\":1000,\"height\":1000},{\"@type\":\"BreadcrumbList\",\"@id\":\"https:\\\/\\\/vitablanca.ma\\\/produit\\\/bionike-defence-rosys-creme-legere-50ml\\\/#breadcrumb\",\"itemListElement\":[{\"@type\":\"ListItem\",\"position\":1,\"name\":\"Home\",\"item\":\"https:\\\/\\\/vitablanca.ma\\\/\"},{\"@type\":\"ListItem\",\"position\":2,\"name\":\"Tous Les Produits\",\"item\":\"https:\\\/\\\/vitablanca.ma\\\/tous-les-produits\\\/\"},{\"@type\":\"ListItem\",\"position\":3,\"name\":\"Bionike Defence Rosys Cr\u00e8me L\u00e9g\u00e8re 50ml\"}]},{\"@type\":\"WebSite\",\"@id\":\"https:\\\/\\\/vitablanca.ma\\\/#website\",\"url\":\"https:\\\/\\\/vitablanca.ma\\\/\",\"name\":\"VitaBlanca.ma | Compl\u00e9ments alimentaires, sant\u00e9 & beaut\u00e9 au Maroc\",\"description\":\"vendre vitamines et compl\u00e9ments premium des USA &amp; Canada, Nouvelle Z\u00e9lande,Maroc (NOW Foods, Solgar, Manuka). Livraison rapide partout au Maroc.\",\"publisher\":{\"@id\":\"https:\\\/\\\/vitablanca.ma\\\/#organization\"},\"alternateName\":\"VitaBlanca.ma\",\"potentialAction\":[{\"@type\":\"SearchAction\",\"target\":{\"@type\":\"EntryPoint\",\"urlTemplate\":\"https:\\\/\\\/vitablanca.ma\\\/?s={search_term_string}\"},\"query-input\":{\"@type\":\"PropertyValueSpecification\",\"valueRequired\":true,\"valueName\":\"search_term_string\"}}],\"inLanguage\":\"en-US\"},{\"@type\":\"Organization\",\"@id\":\"https:\\\/\\\/vitablanca.ma\\\/#organization\",\"name\":\"VitaBlanca\",\"url\":\"https:\\\/\\\/vitablanca.ma\\\/\",\"logo\":{\"@type\":\"ImageObject\",\"inLanguage\":\"en-US\",\"@id\":\"https:\\\/\\\/vitablanca.ma\\\/#\\\/schema\\\/logo\\\/image\\\/\",\"url\":\"https:\\\/\\\/vitablanca.ma\\\/wp-content\\\/uploads\\\/2025\\\/05\\\/cropped-vitablanca.png\",\"contentUrl\":\"https:\\\/\\\/vitablanca.ma\\\/wp-content\\\/uploads\\\/2025\\\/05\\\/cropped-vitablanca.png\",\"width\":360,\"height\":67,\"caption\":\"VitaBlanca\"},\"image\":{\"@id\":\"https:\\\/\\\/vitablanca.ma\\\/#\\\/schema\\\/logo\\\/image\\\/\"},\"sameAs\":[\"https:\\\/\\\/www.facebook.com\\\/profile.php?id=61576678196717\",\"https:\\\/\\\/www.tiktok.com\\\/@vitablanca.ma\",\"https:\\\/\\\/www.instagram.com\\\/vitablanca.ma\\\/\"]}]}<\/script>\n<!-- \/ Yoast SEO plugin. -->","yoast_head_json":{"title":"Bionike Defence Rosys Light Cream 50ml - Morocco Price","description":"Bionike Defence Rosys Light Cream 50ml","robots":{"index":"index","follow":"follow","max-snippet":"max-snippet:-1","max-image-preview":"max-image-preview:large","max-video-preview":"max-video-preview:-1"},"canonical":"https:\/\/vitablanca.ma\/en\/product\/bionike-defence-rosys-creme-legere-50ml\/","og_locale":"en_US","og_type":"article","og_title":"Bionike Defence Rosys Cr\u00e8me L\u00e9g\u00e8re 50ml - Maroc Prix","og_description":"Bionike Defence Rosys Cr\u00e8me L\u00e9g\u00e8re 50ml","og_url":"https:\/\/vitablanca.ma\/en\/product\/bionike-defence-rosys-creme-legere-50ml\/","og_site_name":"Vitablanca.ma &ndash; Sant&eacute;, vitalit&eacute; et bien-&ecirc;tre pour tous les Marocains","article_publisher":"https:\/\/www.facebook.com\/profile.php?id=61576678196717","og_image":[{"width":1000,"height":1000,"url":"https:\/\/vitablanca.ma\/wp-content\/uploads\/2025\/06\/Bionike-Defence-Rosys-Creme-Legere-50ml-nova-parapharmacie-casablanca.jpg","type":"image\/jpeg"}],"twitter_card":"summary_large_image","twitter_misc":{"Est. reading time":"1 minute"},"schema":{"@context":"https:\/\/schema.org","@graph":[{"@type":["WebPage","ItemPage"],"@id":"https:\/\/vitablanca.ma\/produit\/bionike-defence-rosys-creme-legere-50ml\/","url":"https:\/\/vitablanca.ma\/produit\/bionike-defence-rosys-creme-legere-50ml\/","name":"Bionike Defence Rosys Light Cream 50ml - Morocco Price","isPartOf":{"@id":"https:\/\/vitablanca.ma\/#website"},"primaryImageOfPage":{"@id":"https:\/\/vitablanca.ma\/produit\/bionike-defence-rosys-creme-legere-50ml\/#primaryimage"},"image":{"@id":"https:\/\/vitablanca.ma\/produit\/bionike-defence-rosys-creme-legere-50ml\/#primaryimage"},"thumbnailUrl":"https:\/\/vitablanca.ma\/wp-content\/uploads\/2025\/06\/Bionike-Defence-Rosys-Creme-Legere-50ml-nova-parapharmacie-casablanca.jpg","datePublished":"2025-06-10T16:33:25+00:00","description":"Bionike Defence Rosys Light Cream 50ml","breadcrumb":{"@id":"https:\/\/vitablanca.ma\/produit\/bionike-defence-rosys-creme-legere-50ml\/#breadcrumb"},"inLanguage":"en-US","potentialAction":[{"@type":"ReadAction","target":["https:\/\/vitablanca.ma\/produit\/bionike-defence-rosys-creme-legere-50ml\/"]}]},{"@type":"ImageObject","inLanguage":"en-US","@id":"https:\/\/vitablanca.ma\/produit\/bionike-defence-rosys-creme-legere-50ml\/#primaryimage","url":"https:\/\/vitablanca.ma\/wp-content\/uploads\/2025\/06\/Bionike-Defence-Rosys-Creme-Legere-50ml-nova-parapharmacie-casablanca.jpg","contentUrl":"https:\/\/vitablanca.ma\/wp-content\/uploads\/2025\/06\/Bionike-Defence-Rosys-Creme-Legere-50ml-nova-parapharmacie-casablanca.jpg","width":1000,"height":1000},{"@type":"BreadcrumbList","@id":"https:\/\/vitablanca.ma\/produit\/bionike-defence-rosys-creme-legere-50ml\/#breadcrumb","itemListElement":[{"@type":"ListItem","position":1,"name":"Home","item":"https:\/\/vitablanca.ma\/"},{"@type":"ListItem","position":2,"name":"Tous Les Produits","item":"https:\/\/vitablanca.ma\/tous-les-produits\/"},{"@type":"ListItem","position":3,"name":"Bionike Defence Rosys Cr\u00e8me L\u00e9g\u00e8re 50ml"}]},{"@type":"WebSite","@id":"https:\/\/vitablanca.ma\/#website","url":"https:\/\/vitablanca.ma\/","name":"VitaBlanca.ma | Food supplements, health &amp; beauty in Morocco","description":"sell premium vitamins and supplements from USA &amp; Canada, New Zealand, Morocco (NOW Foods, Solgar, Manuka). Fast delivery anywhere in Morocco.","publisher":{"@id":"https:\/\/vitablanca.ma\/#organization"},"alternateName":"VitaBlanca.ma","potentialAction":[{"@type":"SearchAction","target":{"@type":"EntryPoint","urlTemplate":"https:\/\/vitablanca.ma\/?s={search_term_string}"},"query-input":{"@type":"PropertyValueSpecification","valueRequired":true,"valueName":"search_term_string"}}],"inLanguage":"en-US"},{"@type":"Organization","@id":"https:\/\/vitablanca.ma\/#organization","name":"VitaBlanca","url":"https:\/\/vitablanca.ma\/","logo":{"@type":"ImageObject","inLanguage":"en-US","@id":"https:\/\/vitablanca.ma\/#\/schema\/logo\/image\/","url":"https:\/\/vitablanca.ma\/wp-content\/uploads\/2025\/05\/cropped-vitablanca.png","contentUrl":"https:\/\/vitablanca.ma\/wp-content\/uploads\/2025\/05\/cropped-vitablanca.png","width":360,"height":67,"caption":"VitaBlanca"},"image":{"@id":"https:\/\/vitablanca.ma\/#\/schema\/logo\/image\/"},"sameAs":["https:\/\/www.facebook.com\/profile.php?id=61576678196717","https:\/\/www.tiktok.com\/@vitablanca.ma","https:\/\/www.instagram.com\/vitablanca.ma\/"]}]}},"jetpack_sharing_enabled":true,"_links":{"self":[{"href":"https:\/\/vitablanca.ma\/en\/wp-json\/wp\/v2\/product\/15814","targetHints":{"allow":["GET"]}}],"collection":[{"href":"https:\/\/vitablanca.ma\/en\/wp-json\/wp\/v2\/product"}],"about":[{"href":"https:\/\/vitablanca.ma\/en\/wp-json\/wp\/v2\/types\/product"}],"wp:featuredmedia":[{"embeddable":true,"href":"https:\/\/vitablanca.ma\/en\/wp-json\/wp\/v2\/media\/15813"}],"wp:attachment":[{"href":"https:\/\/vitablanca.ma\/en\/wp-json\/wp\/v2\/media?parent=15814"}],"wp:term":[{"taxonomy":"product_brand","embeddable":true,"href":"https:\/\/vitablanca.ma\/en\/wp-json\/wp\/v2\/product_brand?post=15814"},{"taxonomy":"product_cat","embeddable":true,"href":"https:\/\/vitablanca.ma\/en\/wp-json\/wp\/v2\/product_cat?post=15814"},{"taxonomy":"product_tag","embeddable":true,"href":"https:\/\/vitablanca.ma\/en\/wp-json\/wp\/v2\/product_tag?post=15814"}],"curies":[{"name":"wp","href":"https:\/\/api.w.org\/{rel}","templated":true}]}}