{"id":15799,"date":"2025-06-10T16:33:12","date_gmt":"2025-06-10T16:33:12","guid":{"rendered":"https:\/\/vitablanca.ma\/product\/bionike-defence-b-lucent-drop-on-focus-15ml\/"},"modified":"2025-06-10T16:33:12","modified_gmt":"2025-06-10T16:33:12","slug":"bionike-defence-b-lucent-drop-on-focus-15ml","status":"publish","type":"product","link":"https:\/\/vitablanca.ma\/en\/product\/bionike-defence-b-lucent-drop-on-focus-15ml\/","title":{"rendered":"Bionike Defense B-Lucent Drop-On Focus 15ml"},"content":{"rendered":"<h2>Bionike Defense B-Lucent Drop-On Focus\u00a0<span data-mce-fragment=\"1\">Treatment that targets localized brown spots.<\/span><br \/>\n<\/h2>\n<div class=\"node-product_short-desc\">\n<p>This specific treatment treats localized brown spots (sun spots, age spots, or post-blemish spots). Its practical dropper bottle allows for precise and targeted dosing of the product on each brown spot. Its gel texture dries quickly.<\/p>\n<h3>Recommended for<\/h3>\n<p>Treat localized brown spots.<\/p>\n<h3>Instructions for use<\/h3>\n<div id=\"accordion-item-1525\" class=\"accordion-content\" role=\"tabpanel\" data-tab-content=\"\" aria-labelledby=\"accordion-item-1525-label\" aria-hidden=\"false\">\n<p>Use in the evening, after cleansing. Take a drop of product with your fingertip or a cotton swab. Apply to the spots by gently patting. Avoid applying it to the skin around the spot, as it may lighten it.<br \/>The product contains exfoliating agents that make the skin more sensitive. After application, it is recommended to use a moisturizing and emollient cream such as Defence Hydra5 Opthydra Multi-Active Moisturizing Cream.<br \/>Do not apply to the eye area or lips.<\/p>\n<h3>Composition<\/h3>\n<ul class=\"accordion\" data-accordion=\"9xeqk6-accordion\" data-allow-all-closed=\"true\" role=\"tablist\">\n<li class=\"accordion-item is-active\">\n<div id=\"accordion-item-1526\" class=\"accordion-content\" role=\"tabpanel\" data-tab-content=\"\" aria-labelledby=\"accordion-item-1526-label\" aria-hidden=\"false\">\n<p><strong>AHA (alpha-hydroxy acids) \u2013 PHA (poly-hydroxy acids):<\/strong><span>\u00a0<\/span>Together, they provide an effective exfoliating effect and promote cell renewal. PHAs also provide long-lasting moisturizing action and have antioxidant properties.<br \/><strong>Methyl gentisate<\/strong>\u00a0<strong>:<\/strong><span>\u00a0<\/span>Derived from an extract of gentian root, it works by combating the activity of the main enzyme (tyrosine) involved in the production of melanin.<br \/><strong>Biomimetic peptide:<\/strong><span>\u00a0<\/span>This active ingredient acts by combating on the one hand the signal stimulating the production of melanin (melanogenesis) and on the other hand the enzymes involved in the entire process of melanin synthesis.<\/p>\n<\/div>\n<\/li>\n<\/ul>\n<\/div>\n<\/div>","protected":false},"excerpt":{"rendered":"<p>Bionike Defence B-Lucent Drop-On Focus\u00a0Traitement qui cible les taches brunes localis\u00e9es. Ce soin sp\u00e9cifique traite les taches brunes localis\u00e9es (taches de soleil, de vieillesse ou post imperfections). Pratique, son flacon compte-gouttes permet un dosage pr\u00e9cis et cibl\u00e9 du produit sur chaque tache brune. Sa texture en gel s\u00e8che rapidement. Conseill\u00e9 pour Traiter les taches brunes [&hellip;]<\/p>\n","protected":false},"featured_media":15794,"template":"","meta":{"om_disable_all_campaigns":false},"product_brand":[],"product_cat":[15],"product_tag":[],"class_list":{"0":"post-15799","1":"product","2":"type-product","3":"status-publish","4":"has-post-thumbnail","6":"product_cat-beaute-sante-complements-alimentaires-soins-et-bien-etre-au-meilleur-prix","8":"first","9":"instock","10":"sale","11":"taxable","12":"shipping-taxable","13":"purchasable","14":"product-type-simple"},"yoast_head":"<!-- This site is optimized with the Yoast SEO plugin v27.4 - https:\/\/yoast.com\/product\/yoast-seo-wordpress\/ -->\n<title>Bionike Defence B-Lucent Drop-On Focus 15ml - Maroc Prix<\/title>\n<meta name=\"description\" content=\"Bionike Defence B-Lucent Drop-On Focus 15ml\" \/>\n<meta name=\"robots\" content=\"index, follow, max-snippet:-1, max-image-preview:large, max-video-preview:-1\" \/>\n<link rel=\"canonical\" href=\"https:\/\/vitablanca.ma\/en\/product\/bionike-defence-b-lucent-drop-on-focus-15ml\/\" \/>\n<meta property=\"og:locale\" content=\"en_US\" \/>\n<meta property=\"og:type\" content=\"article\" \/>\n<meta property=\"og:title\" content=\"Bionike Defence B-Lucent Drop-On Focus 15ml - Maroc Prix\" \/>\n<meta property=\"og:description\" content=\"Bionike Defence B-Lucent Drop-On Focus 15ml\" \/>\n<meta property=\"og:url\" content=\"https:\/\/vitablanca.ma\/en\/product\/bionike-defence-b-lucent-drop-on-focus-15ml\/\" \/>\n<meta property=\"og:site_name\" content=\"Vitablanca.ma &ndash; Sant&eacute;, vitalit&eacute; et bien-&ecirc;tre pour tous les Marocains\" \/>\n<meta property=\"article:publisher\" content=\"https:\/\/www.facebook.com\/profile.php?id=61576678196717\" \/>\n<meta property=\"og:image\" content=\"https:\/\/vitablanca.ma\/wp-content\/uploads\/2025\/06\/Bionike-Defence-B-Lucent-Drop-On-Focus-15ml-nova-parapharmacie-maroc.jpg\" \/>\n\t<meta property=\"og:image:width\" content=\"1000\" \/>\n\t<meta property=\"og:image:height\" content=\"1000\" \/>\n\t<meta property=\"og:image:type\" content=\"image\/jpeg\" \/>\n<meta name=\"twitter:card\" content=\"summary_large_image\" \/>\n<meta name=\"twitter:label1\" content=\"Est. reading time\" \/>\n\t<meta name=\"twitter:data1\" content=\"1 minute\" \/>\n<script type=\"application\/ld+json\" class=\"yoast-schema-graph\">{\"@context\":\"https:\\\/\\\/schema.org\",\"@graph\":[{\"@type\":[\"WebPage\",\"ItemPage\"],\"@id\":\"https:\\\/\\\/vitablanca.ma\\\/produit\\\/bionike-defence-b-lucent-drop-on-focus-15ml\\\/\",\"url\":\"https:\\\/\\\/vitablanca.ma\\\/produit\\\/bionike-defence-b-lucent-drop-on-focus-15ml\\\/\",\"name\":\"Bionike Defence B-Lucent Drop-On Focus 15ml - Maroc Prix\",\"isPartOf\":{\"@id\":\"https:\\\/\\\/vitablanca.ma\\\/#website\"},\"primaryImageOfPage\":{\"@id\":\"https:\\\/\\\/vitablanca.ma\\\/produit\\\/bionike-defence-b-lucent-drop-on-focus-15ml\\\/#primaryimage\"},\"image\":{\"@id\":\"https:\\\/\\\/vitablanca.ma\\\/produit\\\/bionike-defence-b-lucent-drop-on-focus-15ml\\\/#primaryimage\"},\"thumbnailUrl\":\"https:\\\/\\\/vitablanca.ma\\\/wp-content\\\/uploads\\\/2025\\\/06\\\/Bionike-Defence-B-Lucent-Drop-On-Focus-15ml-nova-parapharmacie-maroc.jpg\",\"datePublished\":\"2025-06-10T16:33:12+00:00\",\"description\":\"Bionike Defence B-Lucent Drop-On Focus 15ml\",\"breadcrumb\":{\"@id\":\"https:\\\/\\\/vitablanca.ma\\\/produit\\\/bionike-defence-b-lucent-drop-on-focus-15ml\\\/#breadcrumb\"},\"inLanguage\":\"en-US\",\"potentialAction\":[{\"@type\":\"ReadAction\",\"target\":[\"https:\\\/\\\/vitablanca.ma\\\/produit\\\/bionike-defence-b-lucent-drop-on-focus-15ml\\\/\"]}]},{\"@type\":\"ImageObject\",\"inLanguage\":\"en-US\",\"@id\":\"https:\\\/\\\/vitablanca.ma\\\/produit\\\/bionike-defence-b-lucent-drop-on-focus-15ml\\\/#primaryimage\",\"url\":\"https:\\\/\\\/vitablanca.ma\\\/wp-content\\\/uploads\\\/2025\\\/06\\\/Bionike-Defence-B-Lucent-Drop-On-Focus-15ml-nova-parapharmacie-maroc.jpg\",\"contentUrl\":\"https:\\\/\\\/vitablanca.ma\\\/wp-content\\\/uploads\\\/2025\\\/06\\\/Bionike-Defence-B-Lucent-Drop-On-Focus-15ml-nova-parapharmacie-maroc.jpg\",\"width\":1000,\"height\":1000},{\"@type\":\"BreadcrumbList\",\"@id\":\"https:\\\/\\\/vitablanca.ma\\\/produit\\\/bionike-defence-b-lucent-drop-on-focus-15ml\\\/#breadcrumb\",\"itemListElement\":[{\"@type\":\"ListItem\",\"position\":1,\"name\":\"Home\",\"item\":\"https:\\\/\\\/vitablanca.ma\\\/\"},{\"@type\":\"ListItem\",\"position\":2,\"name\":\"Tous Les Produits\",\"item\":\"https:\\\/\\\/vitablanca.ma\\\/tous-les-produits\\\/\"},{\"@type\":\"ListItem\",\"position\":3,\"name\":\"Bionike Defence B-Lucent Drop-On Focus 15ml\"}]},{\"@type\":\"WebSite\",\"@id\":\"https:\\\/\\\/vitablanca.ma\\\/#website\",\"url\":\"https:\\\/\\\/vitablanca.ma\\\/\",\"name\":\"VitaBlanca.ma | Compl\u00e9ments alimentaires, sant\u00e9 & beaut\u00e9 au Maroc\",\"description\":\"vendre vitamines et compl\u00e9ments premium des USA &amp; Canada, Nouvelle Z\u00e9lande,Maroc (NOW Foods, Solgar, Manuka). Livraison rapide partout au Maroc.\",\"publisher\":{\"@id\":\"https:\\\/\\\/vitablanca.ma\\\/#organization\"},\"alternateName\":\"VitaBlanca.ma\",\"potentialAction\":[{\"@type\":\"SearchAction\",\"target\":{\"@type\":\"EntryPoint\",\"urlTemplate\":\"https:\\\/\\\/vitablanca.ma\\\/?s={search_term_string}\"},\"query-input\":{\"@type\":\"PropertyValueSpecification\",\"valueRequired\":true,\"valueName\":\"search_term_string\"}}],\"inLanguage\":\"en-US\"},{\"@type\":\"Organization\",\"@id\":\"https:\\\/\\\/vitablanca.ma\\\/#organization\",\"name\":\"VitaBlanca\",\"url\":\"https:\\\/\\\/vitablanca.ma\\\/\",\"logo\":{\"@type\":\"ImageObject\",\"inLanguage\":\"en-US\",\"@id\":\"https:\\\/\\\/vitablanca.ma\\\/#\\\/schema\\\/logo\\\/image\\\/\",\"url\":\"https:\\\/\\\/vitablanca.ma\\\/wp-content\\\/uploads\\\/2025\\\/05\\\/cropped-vitablanca.png\",\"contentUrl\":\"https:\\\/\\\/vitablanca.ma\\\/wp-content\\\/uploads\\\/2025\\\/05\\\/cropped-vitablanca.png\",\"width\":360,\"height\":67,\"caption\":\"VitaBlanca\"},\"image\":{\"@id\":\"https:\\\/\\\/vitablanca.ma\\\/#\\\/schema\\\/logo\\\/image\\\/\"},\"sameAs\":[\"https:\\\/\\\/www.facebook.com\\\/profile.php?id=61576678196717\",\"https:\\\/\\\/www.tiktok.com\\\/@vitablanca.ma\",\"https:\\\/\\\/www.instagram.com\\\/vitablanca.ma\\\/\"]}]}<\/script>\n<!-- \/ Yoast SEO plugin. -->","yoast_head_json":{"title":"Bionike Defense B-Lucent Drop-On Focus 15ml - Morocco Price","description":"Bionike Defense B-Lucent Drop-On Focus 15ml","robots":{"index":"index","follow":"follow","max-snippet":"max-snippet:-1","max-image-preview":"max-image-preview:large","max-video-preview":"max-video-preview:-1"},"canonical":"https:\/\/vitablanca.ma\/en\/product\/bionike-defence-b-lucent-drop-on-focus-15ml\/","og_locale":"en_US","og_type":"article","og_title":"Bionike Defence B-Lucent Drop-On Focus 15ml - Maroc Prix","og_description":"Bionike Defence B-Lucent Drop-On Focus 15ml","og_url":"https:\/\/vitablanca.ma\/en\/product\/bionike-defence-b-lucent-drop-on-focus-15ml\/","og_site_name":"Vitablanca.ma &ndash; Sant&eacute;, vitalit&eacute; et bien-&ecirc;tre pour tous les Marocains","article_publisher":"https:\/\/www.facebook.com\/profile.php?id=61576678196717","og_image":[{"width":1000,"height":1000,"url":"https:\/\/vitablanca.ma\/wp-content\/uploads\/2025\/06\/Bionike-Defence-B-Lucent-Drop-On-Focus-15ml-nova-parapharmacie-maroc.jpg","type":"image\/jpeg"}],"twitter_card":"summary_large_image","twitter_misc":{"Est. reading time":"1 minute"},"schema":{"@context":"https:\/\/schema.org","@graph":[{"@type":["WebPage","ItemPage"],"@id":"https:\/\/vitablanca.ma\/produit\/bionike-defence-b-lucent-drop-on-focus-15ml\/","url":"https:\/\/vitablanca.ma\/produit\/bionike-defence-b-lucent-drop-on-focus-15ml\/","name":"Bionike Defense B-Lucent Drop-On Focus 15ml - Morocco Price","isPartOf":{"@id":"https:\/\/vitablanca.ma\/#website"},"primaryImageOfPage":{"@id":"https:\/\/vitablanca.ma\/produit\/bionike-defence-b-lucent-drop-on-focus-15ml\/#primaryimage"},"image":{"@id":"https:\/\/vitablanca.ma\/produit\/bionike-defence-b-lucent-drop-on-focus-15ml\/#primaryimage"},"thumbnailUrl":"https:\/\/vitablanca.ma\/wp-content\/uploads\/2025\/06\/Bionike-Defence-B-Lucent-Drop-On-Focus-15ml-nova-parapharmacie-maroc.jpg","datePublished":"2025-06-10T16:33:12+00:00","description":"Bionike Defense B-Lucent Drop-On Focus 15ml","breadcrumb":{"@id":"https:\/\/vitablanca.ma\/produit\/bionike-defence-b-lucent-drop-on-focus-15ml\/#breadcrumb"},"inLanguage":"en-US","potentialAction":[{"@type":"ReadAction","target":["https:\/\/vitablanca.ma\/produit\/bionike-defence-b-lucent-drop-on-focus-15ml\/"]}]},{"@type":"ImageObject","inLanguage":"en-US","@id":"https:\/\/vitablanca.ma\/produit\/bionike-defence-b-lucent-drop-on-focus-15ml\/#primaryimage","url":"https:\/\/vitablanca.ma\/wp-content\/uploads\/2025\/06\/Bionike-Defence-B-Lucent-Drop-On-Focus-15ml-nova-parapharmacie-maroc.jpg","contentUrl":"https:\/\/vitablanca.ma\/wp-content\/uploads\/2025\/06\/Bionike-Defence-B-Lucent-Drop-On-Focus-15ml-nova-parapharmacie-maroc.jpg","width":1000,"height":1000},{"@type":"BreadcrumbList","@id":"https:\/\/vitablanca.ma\/produit\/bionike-defence-b-lucent-drop-on-focus-15ml\/#breadcrumb","itemListElement":[{"@type":"ListItem","position":1,"name":"Home","item":"https:\/\/vitablanca.ma\/"},{"@type":"ListItem","position":2,"name":"Tous Les Produits","item":"https:\/\/vitablanca.ma\/tous-les-produits\/"},{"@type":"ListItem","position":3,"name":"Bionike Defence B-Lucent Drop-On Focus 15ml"}]},{"@type":"WebSite","@id":"https:\/\/vitablanca.ma\/#website","url":"https:\/\/vitablanca.ma\/","name":"VitaBlanca.ma | Food supplements, health &amp; beauty in Morocco","description":"sell premium vitamins and supplements from USA &amp; Canada, New Zealand, Morocco (NOW Foods, Solgar, Manuka). Fast delivery anywhere in Morocco.","publisher":{"@id":"https:\/\/vitablanca.ma\/#organization"},"alternateName":"VitaBlanca.ma","potentialAction":[{"@type":"SearchAction","target":{"@type":"EntryPoint","urlTemplate":"https:\/\/vitablanca.ma\/?s={search_term_string}"},"query-input":{"@type":"PropertyValueSpecification","valueRequired":true,"valueName":"search_term_string"}}],"inLanguage":"en-US"},{"@type":"Organization","@id":"https:\/\/vitablanca.ma\/#organization","name":"VitaBlanca","url":"https:\/\/vitablanca.ma\/","logo":{"@type":"ImageObject","inLanguage":"en-US","@id":"https:\/\/vitablanca.ma\/#\/schema\/logo\/image\/","url":"https:\/\/vitablanca.ma\/wp-content\/uploads\/2025\/05\/cropped-vitablanca.png","contentUrl":"https:\/\/vitablanca.ma\/wp-content\/uploads\/2025\/05\/cropped-vitablanca.png","width":360,"height":67,"caption":"VitaBlanca"},"image":{"@id":"https:\/\/vitablanca.ma\/#\/schema\/logo\/image\/"},"sameAs":["https:\/\/www.facebook.com\/profile.php?id=61576678196717","https:\/\/www.tiktok.com\/@vitablanca.ma","https:\/\/www.instagram.com\/vitablanca.ma\/"]}]}},"jetpack_sharing_enabled":true,"_links":{"self":[{"href":"https:\/\/vitablanca.ma\/en\/wp-json\/wp\/v2\/product\/15799","targetHints":{"allow":["GET"]}}],"collection":[{"href":"https:\/\/vitablanca.ma\/en\/wp-json\/wp\/v2\/product"}],"about":[{"href":"https:\/\/vitablanca.ma\/en\/wp-json\/wp\/v2\/types\/product"}],"wp:featuredmedia":[{"embeddable":true,"href":"https:\/\/vitablanca.ma\/en\/wp-json\/wp\/v2\/media\/15794"}],"wp:attachment":[{"href":"https:\/\/vitablanca.ma\/en\/wp-json\/wp\/v2\/media?parent=15799"}],"wp:term":[{"taxonomy":"product_brand","embeddable":true,"href":"https:\/\/vitablanca.ma\/en\/wp-json\/wp\/v2\/product_brand?post=15799"},{"taxonomy":"product_cat","embeddable":true,"href":"https:\/\/vitablanca.ma\/en\/wp-json\/wp\/v2\/product_cat?post=15799"},{"taxonomy":"product_tag","embeddable":true,"href":"https:\/\/vitablanca.ma\/en\/wp-json\/wp\/v2\/product_tag?post=15799"}],"curies":[{"name":"wp","href":"https:\/\/api.w.org\/{rel}","templated":true}]}}